{"id":2091,"date":"2024-06-19T09:29:04","date_gmt":"2024-06-19T09:29:04","guid":{"rendered":"https:\/\/twind.io\/it\/?page_id=2091"},"modified":"2025-11-12T08:27:48","modified_gmt":"2025-11-12T08:27:48","slug":"webinar-episodio-2-gestione-delle-interferenze","status":"publish","type":"page","link":"https:\/\/twind.io\/it\/webinar-episodio-2-gestione-delle-interferenze\/","title":{"rendered":"Webinar Episodio 2 Francesco &#8211; Andrea Ariani"},"content":{"rendered":"<p><span style=\"\"><img decoding=\"async\" alt=\"Logo twind by ctaima\" data-id=\"1293\" width=\"180\" data-init-width=\"697\" height=\"54\" data-init-height=\"209\" title=\"Logo twind by ctaima\" src=\"https:\/\/twind.io\/it\/wp-content\/uploads\/2024\/03\/logo-twind-by-ctaima.png\" data-width=\"180\" data-height=\"54\" style=\"aspect-ratio: auto 697 \/ 209;\" mt-d=\"-0.5469000000000008\" ml-d=\"0\" center-v-d=\"false\" loading=\"lazy\"><\/span><\/p>\n<p style=\"text-align: center;\">Webinar Gratuito<span style=\"font-weight: normal;\">&nbsp;| Episodio 2<\/span><\/p>\n<h2 style=\"text-align: center;\"><strong><span dir=\"ltr\" style=\"\">Gestione delle interferenze: <span style=\"\">come destreggiarsi tra permessi di lavoro, DUVRI e documentazione in genere<\/span><\/span><\/strong><\/h2>\n<p \"=\"\" =\"\"=\"\" tve-droppable\"=\"\"><strong>Presentiamo il nostro secondo episodio. In questo appuntamento avremo il piacere di ospitare Andrea Ariani, HSE Manager di un&#8217;azienda chimica soggetta alla Direttiva Seveso.<\/strong>Esploreremo come <strong>garantire l&#8217;informazione e la formazione dei lavoratori<\/strong> e come gestire e documentare queste attivit\u00e0 in modo efficace. Discuteremo l&#8217;importanza dell&#8217;abilitazione della documentazione presentata dalle imprese e analizzeremo le migliori pratiche per la gestione del lavoro, con particolare attenzione ai permessi di lavoro e al <strong>DUVRI.<\/strong> Un&#8217;occasione unica per approfondire temi cruciali per la sicurezza e la conformit\u00e0 nel <strong>settore chimico.<\/strong><strong>Durante questo evento, esploreremo:&nbsp;<\/strong><\/p>\n<ol>\n<li \"=\"\" =\"\"=\"\" tve-droppable\"=\"\"><strong>Informazione e formazione dei lavoratori e relativa documentazione <\/strong><\/li>\n<li \"=\"\" =\"\"=\"\" tve-droppable\"=\"\"><strong>Abilitazione della documentazione presentata dalle imprese <\/strong><\/li>\n<li \"=\"\" =\"\"=\"\" tve-droppable\"=\"\"><strong>Gestione del lavoro: permessi di lavoro o DUVRI?<\/strong><\/li>\n<\/ol>\n<p \"=\"\" =\"\"=\"\" tve-droppable\"=\"\">Il nostro obiettivo \u00e8 fornirti strumenti pratici e conoscenze approfondite per prevenire rischi e migliorare la tua competenza nella gestione della sicurezza sul lavoro.&nbsp;<\/p>\n<p style=\"\"><strong>Cosa imparerai?<\/strong><\/p>\n<p><img decoding=\"async\" role=\"img\" alt=\"\ud83c\udfaf\" src=\"https:\/\/s.w.org\/images\/core\/emoji\/15.0.3\/svg\/1f3af.svg\"> &nbsp;Strategie efficaci per informare e formare i lavoratori.<\/p>\n<p><img decoding=\"async\" role=\"img\" alt=\"\ud83c\udfaf\" src=\"https:\/\/s.w.org\/images\/core\/emoji\/15.0.3\/svg\/1f3af.svg\"> &nbsp;Come abilitare correttamente la documentazione aziendale.<\/p>\n<p><img decoding=\"async\" role=\"img\" alt=\"\ud83c\udfaf\" src=\"https:\/\/s.w.org\/images\/core\/emoji\/15.0.3\/svg\/1f3af.svg\"> &nbsp;Differenze e utilizzi tra permessi di lavoro e DUVRI.<\/p>\n<p><img decoding=\"async\" role=\"img\" alt=\"\ud83c\udfaf\" src=\"https:\/\/s.w.org\/images\/core\/emoji\/15.0.3\/svg\/1f3af.svg\"> &nbsp;Best practices per la gestione delle interferenze.<\/p>\n<p><img decoding=\"async\" role=\"img\" alt=\"\ud83c\udfaf\" src=\"https:\/\/s.w.org\/images\/core\/emoji\/15.0.3\/svg\/1f3af.svg\"> &nbsp;Metodi per garantire la conformit\u00e0 alla Direttiva Seveso.<\/p>\n<p>Questo webinar \u00e8 un&#8217;opportunit\u00e0 imperdibile per&nbsp;<strong>chiunque voglia assicurarsi che le pratiche aziendali siano allineate con le pi\u00f9 recenti direttive e standard di sicurezza.<\/strong><\/p>\n<h3 style=\"text-align: center;\">Compila il form<\/h3>\n<p style=\"text-align: center;\">Ti invieremo l&#8217;accesso via e-mail<\/p>\n\n\t\t\t\t\t\t<script>\n\t\t\t\t\t\t\twindow.hsFormsOnReady = window.hsFormsOnReady || [];\n\t\t\t\t\t\t\twindow.hsFormsOnReady.push(()=>{\n\t\t\t\t\t\t\t\thbspt.forms.create({\n\t\t\t\t\t\t\t\t\tportalId: 146424663,\n\t\t\t\t\t\t\t\t\tformId: \"06ad623b-d3fe-41b0-a1d8-0a4488382951\",\n\t\t\t\t\t\t\t\t\ttarget: \"#hbspt-form-1776425712000-8295138684\",\n\t\t\t\t\t\t\t\t\tregion: \"eu1\",\n\t\t\t\t\t\t\t\t\t\n\t\t\t\t\t\t\t})});\n\t\t\t\t\t\t<\/script>\n\t\t\t\t\t\t<div class=\"hbspt-form\" id=\"hbspt-form-1776425712000-8295138684\"><\/div>\n<h3 style=\"text-align: center;\"><\/h3>\n<p style=\"text-align: center;\"><span data-ccp-props=\"{&quot;201341983&quot;:0,&quot;335559739&quot;:160,&quot;335559740&quot;:259}\" style=\"\"><strong><strong>Presentato da:<\/strong><\/strong><\/span><\/p>\n<p><span style=\"\"><img decoding=\"async\" alt=\"\" data-id=\"2004\" width=\"177\" data-init-width=\"406\" height=\"147\" data-init-height=\"336\" title=\"Francesco ok1\" src=\"https:\/\/twind.io\/it\/wp-content\/uploads\/2024\/05\/Francesco-ok1.png\" data-width=\"177\" data-height=\"147\" style=\"aspect-ratio: auto 406 \/ 336;\" mt-d=\"0\" ml-d=\"-8\" center-v-d=\"false\" mt-t=\"-7.391000000000005\" ml-t=\"0\" loading=\"lazy\" center-h-d=\"false\" ml-m=\"-3.203000000000003\" mt-m=\"0\"><\/span><\/p>\n<p style=\"text-align: left;\"><span data-ccp-props=\"{&quot;201341983&quot;:0,&quot;335559739&quot;:160,&quot;335559740&quot;:259}\"><strong><span style=\"font-size: 16px !important; --tcb-applied-color: var$(--tcb-skin-color-0) !important; color: var(--tcb-skin-color-0) !important;\">Francesco Sgaramella<\/span><\/strong><\/span><\/p>\n<p style=\"text-align: left;\"><span data-ccp-props=\"{&quot;201341983&quot;:0,&quot;335559739&quot;:160,&quot;335559740&quot;:259}\" style=\"font-size: 14px !important;\">Safety U-nfluencer<strong>Libero professionista<\/strong><\/span><\/p>\n<p><span style=\"\"><img decoding=\"async\" alt=\"\" data-id=\"2094\" width=\"152\" data-init-width=\"366\" height=\"148\" data-init-height=\"358\" title=\"Andrea Ariani\" src=\"https:\/\/twind.io\/it\/wp-content\/uploads\/2024\/06\/Andrea-Ariani.png\" data-width=\"152\" data-height=\"148\" style=\"aspect-ratio: auto 366 \/ 358;\" loading=\"lazy\" mt-d=\"0\" ml-d=\"-1\" center-v-d=\"true\" center-h-d=\"false\"><\/span><\/p>\n<p style=\"text-align: left;\"><span data-ccp-props=\"{&quot;201341983&quot;:0,&quot;335559739&quot;:160,&quot;335559740&quot;:259}\"><strong><span style=\"font-size: 16px !important; --tcb-applied-color: var$(--tcb-skin-color-0) !important; color: var(--tcb-skin-color-0) !important;\">Andrea Ariani<\/span><\/strong><\/span><span data-ccp-props=\"{&quot;201341983&quot;:0,&quot;335559739&quot;:160,&quot;335559740&quot;:259}\" style=\"font-size: 14px !important;\">EHS Manager<\/span><\/p>\n<p style=\"text-align: left;\"><strong><span data-ccp-props=\"{&quot;201341983&quot;:0,&quot;335559739&quot;:160,&quot;335559740&quot;:259}\" style=\"font-size: 14px !important;\">Azienda Settore Chimico<\/span><\/strong><\/p>\n","protected":false},"excerpt":{"rendered":"<p>Webinar Gratuito&nbsp;| Episodio 2 Gestione delle interferenze: come destreggiarsi tra permessi di lavoro, DUVRI e documentazione in genere Presentiamo il nostro secondo episodio. In questo appuntamento avremo il piacere di ospitare Andrea Ariani, HSE Manager di un&#8217;azienda chimica soggetta alla Direttiva Seveso.Esploreremo come garantire l&#8217;informazione e la formazione dei lavoratori e come gestire e documentare [&hellip;]<\/p>\n","protected":false},"author":1,"featured_media":0,"parent":0,"menu_order":0,"comment_status":"closed","ping_status":"closed","template":"","meta":{"content-type":"","footnotes":""},"class_list":["post-2091","page","type-page","status-publish","hentry","post-wrapper","thrv_wrapper"],"yoast_head":"<!-- This site is optimized with the Yoast SEO plugin v27.2 - https:\/\/yoast.com\/product\/yoast-seo-wordpress\/ -->\n<title>Gestione delle interferenze: Permessi di lavoro e DUVRI<\/title>\n<meta name=\"description\" content=\"Gestione delle interferenze: come destreggiarsi tra permessi di lavoro, DUVRI e documentazione in genere\" \/>\n<meta name=\"robots\" content=\"noindex, nofollow\" \/>\n<meta property=\"og:locale\" content=\"it_IT\" \/>\n<meta property=\"og:type\" content=\"article\" \/>\n<meta property=\"og:title\" content=\"Gestione delle interferenze: Permessi di lavoro e DUVRI\" \/>\n<meta property=\"og:description\" content=\"Gestione delle interferenze: come destreggiarsi tra permessi di lavoro, DUVRI e documentazione in genere\" \/>\n<meta property=\"og:url\" content=\"https:\/\/twind.io\/it\/webinar-episodio-2-gestione-delle-interferenze\/\" \/>\n<meta property=\"og:site_name\" content=\"Twind \u2013 Piattaforma per la Gestione di Appaltatori e Fornitori\" \/>\n<meta property=\"article:modified_time\" content=\"2025-11-12T08:27:48+00:00\" \/>\n<meta property=\"og:image\" content=\"https:\/\/twind.io\/it\/wp-content\/uploads\/2024\/03\/logo-twind-by-ctaima.png\" \/>\n<meta name=\"twitter:card\" content=\"summary_large_image\" \/>\n<meta name=\"twitter:label1\" content=\"Tempo di lettura stimato\" \/>\n\t<meta name=\"twitter:data1\" content=\"4 minuti\" \/>\n<script type=\"application\/ld+json\" class=\"yoast-schema-graph\">{\"@context\":\"https:\/\/schema.org\",\"@graph\":[{\"@type\":\"WebPage\",\"@id\":\"https:\/\/twind.io\/it\/webinar-episodio-2-gestione-delle-interferenze\/\",\"url\":\"https:\/\/twind.io\/it\/webinar-episodio-2-gestione-delle-interferenze\/\",\"name\":\"Gestione delle interferenze: Permessi di lavoro e DUVRI\",\"isPartOf\":{\"@id\":\"https:\/\/twind.io\/it\/#website\"},\"primaryImageOfPage\":{\"@id\":\"https:\/\/twind.io\/it\/webinar-episodio-2-gestione-delle-interferenze\/#primaryimage\"},\"image\":{\"@id\":\"https:\/\/twind.io\/it\/webinar-episodio-2-gestione-delle-interferenze\/#primaryimage\"},\"thumbnailUrl\":\"https:\/\/twind.io\/it\/wp-content\/uploads\/2024\/03\/logo-twind-by-ctaima.png\",\"datePublished\":\"2024-06-19T09:29:04+00:00\",\"dateModified\":\"2025-11-12T08:27:48+00:00\",\"description\":\"Gestione delle interferenze: come destreggiarsi tra permessi di lavoro, DUVRI e documentazione in genere\",\"breadcrumb\":{\"@id\":\"https:\/\/twind.io\/it\/webinar-episodio-2-gestione-delle-interferenze\/#breadcrumb\"},\"inLanguage\":\"it-IT\",\"potentialAction\":[{\"@type\":\"ReadAction\",\"target\":[\"https:\/\/twind.io\/it\/webinar-episodio-2-gestione-delle-interferenze\/\"]}]},{\"@type\":\"ImageObject\",\"inLanguage\":\"it-IT\",\"@id\":\"https:\/\/twind.io\/it\/webinar-episodio-2-gestione-delle-interferenze\/#primaryimage\",\"url\":\"https:\/\/twind.io\/it\/wp-content\/uploads\/2024\/03\/logo-twind-by-ctaima.png\",\"contentUrl\":\"https:\/\/twind.io\/it\/wp-content\/uploads\/2024\/03\/logo-twind-by-ctaima.png\",\"width\":697,\"height\":209},{\"@type\":\"BreadcrumbList\",\"@id\":\"https:\/\/twind.io\/it\/webinar-episodio-2-gestione-delle-interferenze\/#breadcrumb\",\"itemListElement\":[{\"@type\":\"ListItem\",\"position\":1,\"name\":\"Portada\",\"item\":\"https:\/\/twind.io\/it\/\"},{\"@type\":\"ListItem\",\"position\":2,\"name\":\"Webinar Episodio 2 Francesco &#8211; Andrea Ariani\"}]},{\"@type\":\"WebSite\",\"@id\":\"https:\/\/twind.io\/it\/#website\",\"url\":\"https:\/\/twind.io\/it\/\",\"name\":\"Twind \u2013 Piattaforma per la Gestione di Appaltatori e Fornitori\",\"description\":\"Automatizza la gestione di appaltatori e fornitori con Twind. Semplifica tutta la documentazione con AI. Monitora accessi e conformit\u00e0 in tempo reale.\",\"publisher\":{\"@id\":\"https:\/\/twind.io\/it\/#organization\"},\"potentialAction\":[{\"@type\":\"SearchAction\",\"target\":{\"@type\":\"EntryPoint\",\"urlTemplate\":\"https:\/\/twind.io\/it\/?s={search_term_string}\"},\"query-input\":{\"@type\":\"PropertyValueSpecification\",\"valueRequired\":true,\"valueName\":\"search_term_string\"}}],\"inLanguage\":\"it-IT\"},{\"@type\":\"Organization\",\"@id\":\"https:\/\/twind.io\/it\/#organization\",\"name\":\"Twind \u2013 Piattaforma per la Gestione di Appaltatori e Fornitori\",\"url\":\"https:\/\/twind.io\/it\/\",\"logo\":{\"@type\":\"ImageObject\",\"inLanguage\":\"it-IT\",\"@id\":\"https:\/\/twind.io\/it\/#\/schema\/logo\/image\/\",\"url\":\"https:\/\/twind.io\/it\/wp-content\/uploads\/2023\/04\/Logo-Twind.svg\",\"contentUrl\":\"https:\/\/twind.io\/it\/wp-content\/uploads\/2023\/04\/Logo-Twind.svg\",\"width\":1,\"height\":1,\"caption\":\"Twind \u2013 Piattaforma per la Gestione di Appaltatori e Fornitori\"},\"image\":{\"@id\":\"https:\/\/twind.io\/it\/#\/schema\/logo\/image\/\"}}]}<\/script>\n<!-- \/ Yoast SEO plugin. -->","yoast_head_json":{"title":"Gestione delle interferenze: Permessi di lavoro e DUVRI","description":"Gestione delle interferenze: come destreggiarsi tra permessi di lavoro, DUVRI e documentazione in genere","robots":{"index":"noindex","follow":"nofollow"},"og_locale":"it_IT","og_type":"article","og_title":"Gestione delle interferenze: Permessi di lavoro e DUVRI","og_description":"Gestione delle interferenze: come destreggiarsi tra permessi di lavoro, DUVRI e documentazione in genere","og_url":"https:\/\/twind.io\/it\/webinar-episodio-2-gestione-delle-interferenze\/","og_site_name":"Twind \u2013 Piattaforma per la Gestione di Appaltatori e Fornitori","article_modified_time":"2025-11-12T08:27:48+00:00","og_image":[{"url":"https:\/\/twind.io\/it\/wp-content\/uploads\/2024\/03\/logo-twind-by-ctaima.png","type":"","width":"","height":""}],"twitter_card":"summary_large_image","twitter_misc":{"Tempo di lettura stimato":"4 minuti"},"schema":{"@context":"https:\/\/schema.org","@graph":[{"@type":"WebPage","@id":"https:\/\/twind.io\/it\/webinar-episodio-2-gestione-delle-interferenze\/","url":"https:\/\/twind.io\/it\/webinar-episodio-2-gestione-delle-interferenze\/","name":"Gestione delle interferenze: Permessi di lavoro e DUVRI","isPartOf":{"@id":"https:\/\/twind.io\/it\/#website"},"primaryImageOfPage":{"@id":"https:\/\/twind.io\/it\/webinar-episodio-2-gestione-delle-interferenze\/#primaryimage"},"image":{"@id":"https:\/\/twind.io\/it\/webinar-episodio-2-gestione-delle-interferenze\/#primaryimage"},"thumbnailUrl":"https:\/\/twind.io\/it\/wp-content\/uploads\/2024\/03\/logo-twind-by-ctaima.png","datePublished":"2024-06-19T09:29:04+00:00","dateModified":"2025-11-12T08:27:48+00:00","description":"Gestione delle interferenze: come destreggiarsi tra permessi di lavoro, DUVRI e documentazione in genere","breadcrumb":{"@id":"https:\/\/twind.io\/it\/webinar-episodio-2-gestione-delle-interferenze\/#breadcrumb"},"inLanguage":"it-IT","potentialAction":[{"@type":"ReadAction","target":["https:\/\/twind.io\/it\/webinar-episodio-2-gestione-delle-interferenze\/"]}]},{"@type":"ImageObject","inLanguage":"it-IT","@id":"https:\/\/twind.io\/it\/webinar-episodio-2-gestione-delle-interferenze\/#primaryimage","url":"https:\/\/twind.io\/it\/wp-content\/uploads\/2024\/03\/logo-twind-by-ctaima.png","contentUrl":"https:\/\/twind.io\/it\/wp-content\/uploads\/2024\/03\/logo-twind-by-ctaima.png","width":697,"height":209},{"@type":"BreadcrumbList","@id":"https:\/\/twind.io\/it\/webinar-episodio-2-gestione-delle-interferenze\/#breadcrumb","itemListElement":[{"@type":"ListItem","position":1,"name":"Portada","item":"https:\/\/twind.io\/it\/"},{"@type":"ListItem","position":2,"name":"Webinar Episodio 2 Francesco &#8211; Andrea Ariani"}]},{"@type":"WebSite","@id":"https:\/\/twind.io\/it\/#website","url":"https:\/\/twind.io\/it\/","name":"Twind \u2013 Piattaforma per la Gestione di Appaltatori e Fornitori","description":"Automatizza la gestione di appaltatori e fornitori con Twind. Semplifica tutta la documentazione con AI. Monitora accessi e conformit\u00e0 in tempo reale.","publisher":{"@id":"https:\/\/twind.io\/it\/#organization"},"potentialAction":[{"@type":"SearchAction","target":{"@type":"EntryPoint","urlTemplate":"https:\/\/twind.io\/it\/?s={search_term_string}"},"query-input":{"@type":"PropertyValueSpecification","valueRequired":true,"valueName":"search_term_string"}}],"inLanguage":"it-IT"},{"@type":"Organization","@id":"https:\/\/twind.io\/it\/#organization","name":"Twind \u2013 Piattaforma per la Gestione di Appaltatori e Fornitori","url":"https:\/\/twind.io\/it\/","logo":{"@type":"ImageObject","inLanguage":"it-IT","@id":"https:\/\/twind.io\/it\/#\/schema\/logo\/image\/","url":"https:\/\/twind.io\/it\/wp-content\/uploads\/2023\/04\/Logo-Twind.svg","contentUrl":"https:\/\/twind.io\/it\/wp-content\/uploads\/2023\/04\/Logo-Twind.svg","width":1,"height":1,"caption":"Twind \u2013 Piattaforma per la Gestione di Appaltatori e Fornitori"},"image":{"@id":"https:\/\/twind.io\/it\/#\/schema\/logo\/image\/"}}]}},"_links":{"self":[{"href":"https:\/\/twind.io\/it\/wp-json\/wp\/v2\/pages\/2091","targetHints":{"allow":["GET"]}}],"collection":[{"href":"https:\/\/twind.io\/it\/wp-json\/wp\/v2\/pages"}],"about":[{"href":"https:\/\/twind.io\/it\/wp-json\/wp\/v2\/types\/page"}],"author":[{"embeddable":true,"href":"https:\/\/twind.io\/it\/wp-json\/wp\/v2\/users\/1"}],"replies":[{"embeddable":true,"href":"https:\/\/twind.io\/it\/wp-json\/wp\/v2\/comments?post=2091"}],"version-history":[{"count":25,"href":"https:\/\/twind.io\/it\/wp-json\/wp\/v2\/pages\/2091\/revisions"}],"predecessor-version":[{"id":4187,"href":"https:\/\/twind.io\/it\/wp-json\/wp\/v2\/pages\/2091\/revisions\/4187"}],"wp:attachment":[{"href":"https:\/\/twind.io\/it\/wp-json\/wp\/v2\/media?parent=2091"}],"curies":[{"name":"wp","href":"https:\/\/api.w.org\/{rel}","templated":true}]}}