{"id":2371,"date":"2024-09-18T13:59:23","date_gmt":"2024-09-18T13:59:23","guid":{"rendered":"https:\/\/twind.io\/it\/?page_id=2371"},"modified":"2025-11-12T11:04:49","modified_gmt":"2025-11-12T11:04:49","slug":"webinar-episodio-4-francesco-hamza-merfouk","status":"publish","type":"page","link":"https:\/\/twind.io\/it\/webinar-episodio-4-francesco-hamza-merfouk\/","title":{"rendered":"Webinar Episodio 4 Francesco &#8211; Hamza"},"content":{"rendered":"<p><span style=\"\"><img decoding=\"async\" alt=\"Logo twind by ctaima\" data-id=\"1293\" width=\"180\" data-init-width=\"697\" height=\"54\" data-init-height=\"209\" title=\"Logo twind by ctaima\" src=\"https:\/\/twind.io\/it\/wp-content\/uploads\/2024\/03\/logo-twind-by-ctaima.png\" data-width=\"180\" data-height=\"54\" style=\"aspect-ratio: auto 697 \/ 209;\" mt-d=\"-0.5469000000000008\" ml-d=\"0\" center-v-d=\"false\" loading=\"lazy\"><\/span><\/p>\n<p style=\"text-align: center;\">Webinar Gratuito<span style=\"font-weight: normal;\">&nbsp;| Episodio 4<\/span><\/p>\n<h2 style=\"text-align: center;\"><strong><span dir=\"ltr\"><span>Soft Skills:<\/span><span>Qual \u00e9 la tua pi\u00fa importante? Quali dovrebbe avere un responsabile della sicurezza aziendale?<\/span><\/span><\/strong><\/h2>\n<p dir=\"ltr\" style=\"\">Unisciti a noi per un webinar imperdibile dove <strong>Francesco Sgaramella intervista Hamza Merfouk, EHS Manager &#8211; RSPP<\/strong> di un\u2019importante azienda farmaceutica. Scopri l\u2019importanza delle Soft Skills nella gestione della sicurezza aziendale e nella formazione dei lavoratori.Durante il webinar, discuteremo come le competenze trasversali siano fondamentali per garantire un ambiente di lavoro sicuro e come possano facilitare la gestione dei rapporti tra azienda, dipendenti e fornitori. Approfondiremo le migliori strategie di prevenzione aziendale, enfatizzando l\u2019uso delle competenze interpersonali.<\/p>\n<p><strong><span style=\"font-size: 18px !important;\">Cosa imparerai?<\/span><\/strong><\/p>\n<p><img decoding=\"async\" role=\"img\" alt=\"\ud83e\udde0\" src=\"https:\/\/s.w.org\/images\/core\/emoji\/15.0.3\/svg\/1f9e0.svg\"> L\u2019importanza delle Soft Skills per la sicurezza: Come le competenze interpersonali influenzano la sicurezza sul lavoro.<\/p>\n<p><img decoding=\"async\" role=\"img\" alt=\"\ud83e\udde0\" src=\"https:\/\/s.w.org\/images\/core\/emoji\/15.0.3\/svg\/1f9e0.svg\"> Migliorare il controllo delle imprese esterne: Tecniche per un controllo pi\u00f9 efficace delle aziende esterne.<\/p>\n<p><img decoding=\"async\" role=\"img\" alt=\"\ud83e\udde0\" src=\"https:\/\/s.w.org\/images\/core\/emoji\/15.0.3\/svg\/1f9e0.svg\"> Strategie per una comunicazione efficace nella formazione: Come comunicare in modo chiaro ed efficiente durante la formazione.<\/p>\n<p><img decoding=\"async\" role=\"img\" alt=\"\ud83e\udde0\" src=\"https:\/\/s.w.org\/images\/core\/emoji\/15.0.3\/svg\/1f9e0.svg\"> Best practices nella gestione dei rapporti con i fornitori: Approcci ottimali per gestire i fornitori e garantire la conformit\u00e0.<\/p>\n<p><img decoding=\"async\" role=\"img\" alt=\"\ud83e\udde0\" src=\"https:\/\/s.w.org\/images\/core\/emoji\/15.0.3\/svg\/1f9e0.svg\"> Prevenire rischi e incidenti con le Soft Skills: Utilizzare le competenze trasversali per ridurre i rischi e gli incidenti.<\/p>\n<\/p>\n<p><strong>Con: <\/strong><\/p>\n<p dir=\"ltr\" style=\"\"><strong>Hamza Melfouk<\/strong><\/p>\n<p dir=\"ltr\"><strong>&nbsp;<\/strong><\/p>\n<p dir=\"ltr\"><strong>EHS Manager e Formatore Sicurezza sul Lavoro <\/strong>con oltre 9 anni di esperienza nella gestione della sicurezza e della salute in ambienti complessi. Specializzato nell&#8217;implementazione di sistemi di gestione della sicurezza, Hamza Merfouk ha un approccio innovativo che combina la rigorosa conformit\u00e0 normativa con l&#8217;attenzione alle soft skill. La sua capacit\u00e0 di comunicare in modo efficace e di guidare i team \u00e8 alla base del suo successo nel promuovere una cultura della sicurezza proattiva e nel migliorare l&#8217;efficienza operativa. Un punto di riferimento nel settore, Hamza si distingue per il suo impegno nel trasformare la sicurezza sul lavoro in un valore condiviso all&#8217;interno dell&#8217;azienda.<\/p>\n<p dir=\"ltr\"><strong><\/strong><\/p>\n<p dir=\"ltr\" style=\"\"><strong>Non perdere questa opportunit\u00e0! Iscriviti ora e prepara le tue domande per Hamza Merfouk! Scopri come le Soft Skills possono trasformare la tua gestione della sicurezza aziendale.<\/strong><\/p>\n<p dir=\"ltr\">\n<h3 style=\"text-align: center;\">Compila il form<\/h3>\n<p style=\"text-align: center;\">Ti invieremo l&#8217;accesso via e-mail<\/p>\n\n\t\t\t\t\t\t<script>\n\t\t\t\t\t\t\twindow.hsFormsOnReady = window.hsFormsOnReady || [];\n\t\t\t\t\t\t\twindow.hsFormsOnReady.push(()=>{\n\t\t\t\t\t\t\t\thbspt.forms.create({\n\t\t\t\t\t\t\t\t\tportalId: 146424663,\n\t\t\t\t\t\t\t\t\tformId: \"70ae97a9-5cf6-408c-8fa9-cc2f6a41d82c\",\n\t\t\t\t\t\t\t\t\ttarget: \"#hbspt-form-1776425669000-2362497645\",\n\t\t\t\t\t\t\t\t\tregion: \"eu1\",\n\t\t\t\t\t\t\t\t\t\n\t\t\t\t\t\t\t})});\n\t\t\t\t\t\t<\/script>\n\t\t\t\t\t\t<div class=\"hbspt-form\" id=\"hbspt-form-1776425669000-2362497645\"><\/div>\n<h3 style=\"text-align: center;\"><\/h3>\n<p style=\"text-align: center;\"><span data-ccp-props=\"{&quot;201341983&quot;:0,&quot;335559739&quot;:160,&quot;335559740&quot;:259}\" style=\"\"><strong><strong>Presentato da:<\/strong><\/strong><\/span><\/p>\n<p><span style=\"\"><img decoding=\"async\" alt=\"\" data-id=\"2225\" width=\"150\" data-init-width=\"179\" height=\"150\" data-init-height=\"179\" title=\"francesco\" src=\"https:\/\/twind.io\/it\/wp-content\/uploads\/2024\/07\/francesco.png\" data-width=\"150\" data-height=\"150\" style=\"aspect-ratio: auto 179 \/ 179;\" mt-d=\"0\" ml-d=\"0\" center-v-d=\"false\" mt-t=\"-7.391000000000005\" ml-t=\"0\" loading=\"lazy\" center-h-d=\"false\" ml-m=\"0\" mt-m=\"0\"><\/span><\/p>\n<p style=\"text-align: left;\"><span data-ccp-props=\"{&quot;201341983&quot;:0,&quot;335559739&quot;:160,&quot;335559740&quot;:259}\"><strong><span style=\"font-size: 16px !important; --tcb-applied-color: var$(--tcb-skin-color-0) !important; color: var(--tcb-skin-color-0) !important;\">Francesco Sgaramella<\/span><\/strong><\/span><\/p>\n<p style=\"text-align: left;\"><span data-ccp-props=\"{&quot;201341983&quot;:0,&quot;335559739&quot;:160,&quot;335559740&quot;:259}\" style=\"font-size: 14px !important;\">Safety U-nfluencer<strong>Libero professionista<\/strong><\/span><\/p>\n<p><span style=\"\"><img decoding=\"async\" alt=\"\" data-id=\"2374\" width=\"150\" data-init-width=\"1706\" height=\"225\" data-init-height=\"2560\" title=\"Hamza Merfouk\" src=\"https:\/\/twind.io\/it\/wp-content\/uploads\/2024\/09\/Hamza-Merfouk-scaled.jpeg\" data-width=\"150\" data-height=\"225\" style=\"aspect-ratio: auto 1706 \/ 2560;\" loading=\"lazy\" mt-d=\"-1\" ml-d=\"0\" center-v-d=\"false\" center-h-d=\"false\" mt-m=\"-1.656000000000006\" ml-m=\"0\"><\/span><\/p>\n<p style=\"text-align: left;\"><span data-ccp-props=\"{&quot;201341983&quot;:0,&quot;335559739&quot;:160,&quot;335559740&quot;:259}\"><strong><span style=\"font-size: 16px !important; --tcb-applied-color: var$(--tcb-skin-color-0) !important; color: var(--tcb-skin-color-0) !important;\">Hamza Melfouk<\/span><\/strong><\/span><\/p>\n<p style=\"text-align: left;\"><span data-ccp-props=\"{&quot;201341983&quot;:0,&quot;335559739&quot;:160,&quot;335559740&quot;:259}\" style=\"font-size: 14px !important;\">EHS Manager e Formatore<\/span><\/p>\n","protected":false},"excerpt":{"rendered":"<p>Webinar Gratuito&nbsp;| Episodio 4 Soft Skills:Qual \u00e9 la tua pi\u00fa importante? Quali dovrebbe avere un responsabile della sicurezza aziendale? Unisciti a noi per un webinar imperdibile dove Francesco Sgaramella intervista Hamza Merfouk, EHS Manager &#8211; RSPP di un\u2019importante azienda farmaceutica. Scopri l\u2019importanza delle Soft Skills nella gestione della sicurezza aziendale e nella formazione dei lavoratori.Durante [&hellip;]<\/p>\n","protected":false},"author":1,"featured_media":0,"parent":0,"menu_order":0,"comment_status":"closed","ping_status":"closed","template":"","meta":{"content-type":"","footnotes":""},"class_list":["post-2371","page","type-page","status-publish","hentry","post-wrapper","thrv_wrapper"],"yoast_head":"<!-- This site is optimized with the Yoast SEO plugin v27.2 - https:\/\/yoast.com\/product\/yoast-seo-wordpress\/ -->\n<title>Qual \u00e9 la tua pi\u00fa importante? Quali dovrebbe avere un responsabile della sicurezza aziendale?<\/title>\n<meta name=\"description\" content=\"Qual \u00e9 la tua pi\u00fa importante? Quali dovrebbe avere un responsabile della sicurezza aziendale?\" \/>\n<meta name=\"robots\" content=\"noindex, nofollow\" \/>\n<meta property=\"og:locale\" content=\"it_IT\" \/>\n<meta property=\"og:type\" content=\"article\" \/>\n<meta property=\"og:title\" content=\"Qual \u00e9 la tua pi\u00fa importante? Quali dovrebbe avere un responsabile della sicurezza aziendale?\" \/>\n<meta property=\"og:description\" content=\"Qual \u00e9 la tua pi\u00fa importante? Quali dovrebbe avere un responsabile della sicurezza aziendale?\" \/>\n<meta property=\"og:url\" content=\"https:\/\/twind.io\/it\/webinar-episodio-4-francesco-hamza-merfouk\/\" \/>\n<meta property=\"og:site_name\" content=\"Twind \u2013 Piattaforma per la Gestione di Appaltatori e Fornitori\" \/>\n<meta property=\"article:modified_time\" content=\"2025-11-12T11:04:49+00:00\" \/>\n<meta property=\"og:image\" content=\"https:\/\/twind.io\/it\/wp-content\/uploads\/2024\/03\/logo-twind-by-ctaima.png\" \/>\n<meta name=\"twitter:card\" content=\"summary_large_image\" \/>\n<meta name=\"twitter:label1\" content=\"Tempo di lettura stimato\" \/>\n\t<meta name=\"twitter:data1\" content=\"4 minuti\" \/>\n<script type=\"application\/ld+json\" class=\"yoast-schema-graph\">{\"@context\":\"https:\/\/schema.org\",\"@graph\":[{\"@type\":\"WebPage\",\"@id\":\"https:\/\/twind.io\/it\/webinar-episodio-4-francesco-hamza-merfouk\/\",\"url\":\"https:\/\/twind.io\/it\/webinar-episodio-4-francesco-hamza-merfouk\/\",\"name\":\"Qual \u00e9 la tua pi\u00fa importante? Quali dovrebbe avere un responsabile della sicurezza aziendale?\",\"isPartOf\":{\"@id\":\"https:\/\/twind.io\/it\/#website\"},\"primaryImageOfPage\":{\"@id\":\"https:\/\/twind.io\/it\/webinar-episodio-4-francesco-hamza-merfouk\/#primaryimage\"},\"image\":{\"@id\":\"https:\/\/twind.io\/it\/webinar-episodio-4-francesco-hamza-merfouk\/#primaryimage\"},\"thumbnailUrl\":\"https:\/\/twind.io\/it\/wp-content\/uploads\/2024\/03\/logo-twind-by-ctaima.png\",\"datePublished\":\"2024-09-18T13:59:23+00:00\",\"dateModified\":\"2025-11-12T11:04:49+00:00\",\"description\":\"Qual \u00e9 la tua pi\u00fa importante? Quali dovrebbe avere un responsabile della sicurezza aziendale?\",\"breadcrumb\":{\"@id\":\"https:\/\/twind.io\/it\/webinar-episodio-4-francesco-hamza-merfouk\/#breadcrumb\"},\"inLanguage\":\"it-IT\",\"potentialAction\":[{\"@type\":\"ReadAction\",\"target\":[\"https:\/\/twind.io\/it\/webinar-episodio-4-francesco-hamza-merfouk\/\"]}]},{\"@type\":\"ImageObject\",\"inLanguage\":\"it-IT\",\"@id\":\"https:\/\/twind.io\/it\/webinar-episodio-4-francesco-hamza-merfouk\/#primaryimage\",\"url\":\"https:\/\/twind.io\/it\/wp-content\/uploads\/2024\/03\/logo-twind-by-ctaima.png\",\"contentUrl\":\"https:\/\/twind.io\/it\/wp-content\/uploads\/2024\/03\/logo-twind-by-ctaima.png\",\"width\":697,\"height\":209},{\"@type\":\"BreadcrumbList\",\"@id\":\"https:\/\/twind.io\/it\/webinar-episodio-4-francesco-hamza-merfouk\/#breadcrumb\",\"itemListElement\":[{\"@type\":\"ListItem\",\"position\":1,\"name\":\"Portada\",\"item\":\"https:\/\/twind.io\/it\/\"},{\"@type\":\"ListItem\",\"position\":2,\"name\":\"Webinar Episodio 4 Francesco &#8211; Hamza\"}]},{\"@type\":\"WebSite\",\"@id\":\"https:\/\/twind.io\/it\/#website\",\"url\":\"https:\/\/twind.io\/it\/\",\"name\":\"Twind \u2013 Piattaforma per la Gestione di Appaltatori e Fornitori\",\"description\":\"Automatizza la gestione di appaltatori e fornitori con Twind. Semplifica tutta la documentazione con AI. Monitora accessi e conformit\u00e0 in tempo reale.\",\"publisher\":{\"@id\":\"https:\/\/twind.io\/it\/#organization\"},\"potentialAction\":[{\"@type\":\"SearchAction\",\"target\":{\"@type\":\"EntryPoint\",\"urlTemplate\":\"https:\/\/twind.io\/it\/?s={search_term_string}\"},\"query-input\":{\"@type\":\"PropertyValueSpecification\",\"valueRequired\":true,\"valueName\":\"search_term_string\"}}],\"inLanguage\":\"it-IT\"},{\"@type\":\"Organization\",\"@id\":\"https:\/\/twind.io\/it\/#organization\",\"name\":\"Twind \u2013 Piattaforma per la Gestione di Appaltatori e Fornitori\",\"url\":\"https:\/\/twind.io\/it\/\",\"logo\":{\"@type\":\"ImageObject\",\"inLanguage\":\"it-IT\",\"@id\":\"https:\/\/twind.io\/it\/#\/schema\/logo\/image\/\",\"url\":\"https:\/\/twind.io\/it\/wp-content\/uploads\/2023\/04\/Logo-Twind.svg\",\"contentUrl\":\"https:\/\/twind.io\/it\/wp-content\/uploads\/2023\/04\/Logo-Twind.svg\",\"width\":1,\"height\":1,\"caption\":\"Twind \u2013 Piattaforma per la Gestione di Appaltatori e Fornitori\"},\"image\":{\"@id\":\"https:\/\/twind.io\/it\/#\/schema\/logo\/image\/\"}}]}<\/script>\n<!-- \/ Yoast SEO plugin. -->","yoast_head_json":{"title":"Qual \u00e9 la tua pi\u00fa importante? Quali dovrebbe avere un responsabile della sicurezza aziendale?","description":"Qual \u00e9 la tua pi\u00fa importante? Quali dovrebbe avere un responsabile della sicurezza aziendale?","robots":{"index":"noindex","follow":"nofollow"},"og_locale":"it_IT","og_type":"article","og_title":"Qual \u00e9 la tua pi\u00fa importante? Quali dovrebbe avere un responsabile della sicurezza aziendale?","og_description":"Qual \u00e9 la tua pi\u00fa importante? Quali dovrebbe avere un responsabile della sicurezza aziendale?","og_url":"https:\/\/twind.io\/it\/webinar-episodio-4-francesco-hamza-merfouk\/","og_site_name":"Twind \u2013 Piattaforma per la Gestione di Appaltatori e Fornitori","article_modified_time":"2025-11-12T11:04:49+00:00","og_image":[{"url":"https:\/\/twind.io\/it\/wp-content\/uploads\/2024\/03\/logo-twind-by-ctaima.png","type":"","width":"","height":""}],"twitter_card":"summary_large_image","twitter_misc":{"Tempo di lettura stimato":"4 minuti"},"schema":{"@context":"https:\/\/schema.org","@graph":[{"@type":"WebPage","@id":"https:\/\/twind.io\/it\/webinar-episodio-4-francesco-hamza-merfouk\/","url":"https:\/\/twind.io\/it\/webinar-episodio-4-francesco-hamza-merfouk\/","name":"Qual \u00e9 la tua pi\u00fa importante? Quali dovrebbe avere un responsabile della sicurezza aziendale?","isPartOf":{"@id":"https:\/\/twind.io\/it\/#website"},"primaryImageOfPage":{"@id":"https:\/\/twind.io\/it\/webinar-episodio-4-francesco-hamza-merfouk\/#primaryimage"},"image":{"@id":"https:\/\/twind.io\/it\/webinar-episodio-4-francesco-hamza-merfouk\/#primaryimage"},"thumbnailUrl":"https:\/\/twind.io\/it\/wp-content\/uploads\/2024\/03\/logo-twind-by-ctaima.png","datePublished":"2024-09-18T13:59:23+00:00","dateModified":"2025-11-12T11:04:49+00:00","description":"Qual \u00e9 la tua pi\u00fa importante? Quali dovrebbe avere un responsabile della sicurezza aziendale?","breadcrumb":{"@id":"https:\/\/twind.io\/it\/webinar-episodio-4-francesco-hamza-merfouk\/#breadcrumb"},"inLanguage":"it-IT","potentialAction":[{"@type":"ReadAction","target":["https:\/\/twind.io\/it\/webinar-episodio-4-francesco-hamza-merfouk\/"]}]},{"@type":"ImageObject","inLanguage":"it-IT","@id":"https:\/\/twind.io\/it\/webinar-episodio-4-francesco-hamza-merfouk\/#primaryimage","url":"https:\/\/twind.io\/it\/wp-content\/uploads\/2024\/03\/logo-twind-by-ctaima.png","contentUrl":"https:\/\/twind.io\/it\/wp-content\/uploads\/2024\/03\/logo-twind-by-ctaima.png","width":697,"height":209},{"@type":"BreadcrumbList","@id":"https:\/\/twind.io\/it\/webinar-episodio-4-francesco-hamza-merfouk\/#breadcrumb","itemListElement":[{"@type":"ListItem","position":1,"name":"Portada","item":"https:\/\/twind.io\/it\/"},{"@type":"ListItem","position":2,"name":"Webinar Episodio 4 Francesco &#8211; Hamza"}]},{"@type":"WebSite","@id":"https:\/\/twind.io\/it\/#website","url":"https:\/\/twind.io\/it\/","name":"Twind \u2013 Piattaforma per la Gestione di Appaltatori e Fornitori","description":"Automatizza la gestione di appaltatori e fornitori con Twind. Semplifica tutta la documentazione con AI. Monitora accessi e conformit\u00e0 in tempo reale.","publisher":{"@id":"https:\/\/twind.io\/it\/#organization"},"potentialAction":[{"@type":"SearchAction","target":{"@type":"EntryPoint","urlTemplate":"https:\/\/twind.io\/it\/?s={search_term_string}"},"query-input":{"@type":"PropertyValueSpecification","valueRequired":true,"valueName":"search_term_string"}}],"inLanguage":"it-IT"},{"@type":"Organization","@id":"https:\/\/twind.io\/it\/#organization","name":"Twind \u2013 Piattaforma per la Gestione di Appaltatori e Fornitori","url":"https:\/\/twind.io\/it\/","logo":{"@type":"ImageObject","inLanguage":"it-IT","@id":"https:\/\/twind.io\/it\/#\/schema\/logo\/image\/","url":"https:\/\/twind.io\/it\/wp-content\/uploads\/2023\/04\/Logo-Twind.svg","contentUrl":"https:\/\/twind.io\/it\/wp-content\/uploads\/2023\/04\/Logo-Twind.svg","width":1,"height":1,"caption":"Twind \u2013 Piattaforma per la Gestione di Appaltatori e Fornitori"},"image":{"@id":"https:\/\/twind.io\/it\/#\/schema\/logo\/image\/"}}]}},"_links":{"self":[{"href":"https:\/\/twind.io\/it\/wp-json\/wp\/v2\/pages\/2371","targetHints":{"allow":["GET"]}}],"collection":[{"href":"https:\/\/twind.io\/it\/wp-json\/wp\/v2\/pages"}],"about":[{"href":"https:\/\/twind.io\/it\/wp-json\/wp\/v2\/types\/page"}],"author":[{"embeddable":true,"href":"https:\/\/twind.io\/it\/wp-json\/wp\/v2\/users\/1"}],"replies":[{"embeddable":true,"href":"https:\/\/twind.io\/it\/wp-json\/wp\/v2\/comments?post=2371"}],"version-history":[{"count":16,"href":"https:\/\/twind.io\/it\/wp-json\/wp\/v2\/pages\/2371\/revisions"}],"predecessor-version":[{"id":4238,"href":"https:\/\/twind.io\/it\/wp-json\/wp\/v2\/pages\/2371\/revisions\/4238"}],"wp:attachment":[{"href":"https:\/\/twind.io\/it\/wp-json\/wp\/v2\/media?parent=2371"}],"curies":[{"name":"wp","href":"https:\/\/api.w.org\/{rel}","templated":true}]}}