{"id":2427,"date":"2024-10-31T11:53:01","date_gmt":"2024-10-31T11:53:01","guid":{"rendered":"https:\/\/twind.io\/it\/?page_id=2427"},"modified":"2025-11-12T08:04:31","modified_gmt":"2025-11-12T08:04:31","slug":"webinar-come-la-psicologia-ingegneristica-puo-cambiare-la-ssl","status":"publish","type":"page","link":"https:\/\/twind.io\/it\/webinar-come-la-psicologia-ingegneristica-puo-cambiare-la-ssl\/","title":{"rendered":"Webinar Come la Psicologia Ingegneristica pu\u00f2 cambiare la SSL?"},"content":{"rendered":"<p><span style=\"\"><img decoding=\"async\" alt=\"Logo twind by ctaima\" data-id=\"1293\" width=\"180\" data-init-width=\"697\" height=\"54\" data-init-height=\"209\" title=\"Logo twind by ctaima\" src=\"https:\/\/twind.io\/it\/wp-content\/uploads\/2024\/03\/logo-twind-by-ctaima.png\" data-width=\"180\" data-height=\"54\" style=\"aspect-ratio: auto 697 \/ 209;\" mt-d=\"-0.5469000000000008\" ml-d=\"0\" center-v-d=\"false\" loading=\"lazy\"><\/span><\/p>\n<p style=\"text-align: center;\">Webinar Gratuito<span style=\"font-weight: normal;\"><\/span><\/p>\n<h2 style=\"text-align: center;\"><strong><span dir=\"ltr\"><span style=\"--tcb-applied-color: var$(--tcb-color-4) !important; color: var(--tcb-color-4) !important;\"><\/span><span><span data-olk-copy-source=\"MessageBody\" style=\"--tcb-applied-color: var$(--tcb-color-4) !important; color: var(--tcb-color-4) !important;\">Come la Psicologia Ingegneristica pu\u00f2 cambiare la SSL?<\/span><\/span><\/span><\/strong><strong><span dir=\"ltr\"><span><span data-olk-copy-source=\"MessageBody\" style=\"font-size: 22px !important;\">Percezioni, Bias, Relazioni e Comunicazioni\u2026 La sicurezza \u00e8 nella tua mente!<\/span><\/span><\/span><\/strong><\/h2>\n<p dir=\"ltr\" style=\"\">Oggi pi\u00f9 che mai, comprendere il ruolo della psicologia nella salute e sicurezza sul lavoro (SSL) \u00e8 essenziale per affrontare i rischi e migliorare il benessere in ambito lavorativo.<\/p>\n<p dir=\"ltr\" style=\"\">\n<p dir=\"ltr\" style=\"\">Questo webinar ti offre l\u2019opportunit\u00e0 di esplorare il mondo della psicologia ingegneristica e capire come il modo in cui percepiamo i rischi, le nostre convinzioni e i nostri modelli comunicativi influiscono sui comportamenti e sulle decisioni in azienda.Attraverso esempi concreti ed esercizi pratici tratti dal libro \u201cLa Sicurezza in Mente\u201d dell\u2019esperta Sara, scopriremo come affrontare temi chiave per creare un ambiente di lavoro pi\u00f9 consapevole e protetto.&nbsp;<\/p>\n<p><strong><span style=\"font-size: 18px !important;\">Insieme esploreremo:<\/span><\/strong><\/p>\n<p><strong><img decoding=\"async\" role=\"img\" alt=\"\ud83e\udde0\" src=\"https:\/\/s.w.org\/images\/core\/emoji\/15.0.3\/svg\/1f9e0.svg\"> Percezione dei Rischi:<\/strong> Esamineremo come le esperienze personali, la cultura e la qualit\u00e0 delle informazioni ricevute possano influenzare la valutazione dei pericoli, e come gestire questa variabile per aumentare la sicurezza sul lavoro.<strong>&nbsp;<img decoding=\"async\" role=\"img\" alt=\"\ud83e\udde0\" src=\"https:\/\/s.w.org\/images\/core\/emoji\/15.0.3\/svg\/1f9e0.svg\"> Bias Cognitivi:<\/strong> Approfondiremo i bias che influenzano le decisioni, come il bias di conferma e l\u2019effetto ancoraggio, per migliorare la capacit\u00e0 decisionale sia individuale che organizzativa.<img decoding=\"async\" role=\"img\" alt=\"\ud83e\udde0\" src=\"https:\/\/s.w.org\/images\/core\/emoji\/15.0.3\/svg\/1f9e0.svg\"><strong>Relazioni e Comunicazione per la Sicurezza:<\/strong> Analizzeremo le migliori pratiche per costruire relazioni di fiducia e favorire comunicazioni aperte, fondamentali per un ambiente sicuro e collaborativo.<img decoding=\"async\" role=\"img\" alt=\"\ud83e\udde0\" src=\"https:\/\/s.w.org\/images\/core\/emoji\/15.0.3\/svg\/1f9e0.svg\"><strong> Esercizi Pratici e Applicazioni Quotidiane:<\/strong> Sara ci guider\u00e0 attraverso esercizi concreti per applicare quanto appreso alla vita quotidiana e professionale, migliorando consapevolezza e comportamenti nel campo della prevenzione, sicurezza e salute sul lavoro.<\/p>\n<\/p>\n<p><strong><span style=\"--tcb-applied-color: var$(--tcb-skin-color-0) !important; color: var(--tcb-skin-color-0) !important;\">Cosa ti aspetta?<\/span><\/strong><\/p>\n<p>Questo webinar \u00e8 dedicato a professionisti della salute e sicurezza, manager e chiunque voglia migliorare le proprie competenze comunicative e di gestione del rischio, adottando nuove prospettive e strumenti psicologici utili nella vita quotidiana e professionale.Non perdere questa occasione per arricchire il tuo bagaglio personale e professionale con le tecniche della psicologia applicata alla sicurezza!<\/p>\n<p><strong>Con: Sara Zanette&nbsp;<\/strong><\/p>\n<p><strong><\/strong>Sara \u00e8 Ingegnera e Psicologa in specializzazione alla scuola di Psicoterapia, Intervento sul Disagio in Ambito Organizzativo e Valorizzazione della Persona. Ha iniziato la sua attivit\u00e0 lavorativa nell\u2019ambito della salute e sicurezza sul lavoro offrendo consulenza, formazione e servizi per le aziende. Nel 2010 ha dato vita al progetto Refero con lo scopo di diffondere e proporre strumenti di crescita del benessere professionale e personale, attraverso la formazione e la consulenza alle organizzazioni e alla persona.<\/p>\n<p dir=\"ltr\">\n<p dir=\"ltr\"><strong>Iscriviti ora!<\/strong><\/p>\n<h3 style=\"text-align: center;\">Compila il form<\/h3>\n<p style=\"text-align: center;\">Ti invieremo l&#8217;accesso via e-mail<\/p>\n\n\t\t\t\t\t\t<script>\n\t\t\t\t\t\t\twindow.hsFormsOnReady = window.hsFormsOnReady || [];\n\t\t\t\t\t\t\twindow.hsFormsOnReady.push(()=>{\n\t\t\t\t\t\t\t\thbspt.forms.create({\n\t\t\t\t\t\t\t\t\tportalId: 146424663,\n\t\t\t\t\t\t\t\t\tformId: \"6f31212f-41af-4e7a-be0b-b679e7e641bb\",\n\t\t\t\t\t\t\t\t\ttarget: \"#hbspt-form-1776766934000-8358540328\",\n\t\t\t\t\t\t\t\t\tregion: \"eu1\",\n\t\t\t\t\t\t\t\t\t\n\t\t\t\t\t\t\t})});\n\t\t\t\t\t\t<\/script>\n\t\t\t\t\t\t<div class=\"hbspt-form\" id=\"hbspt-form-1776766934000-8358540328\"><\/div>\n<h3 style=\"text-align: center;\"><\/h3>\n<p style=\"text-align: center;\"><span data-ccp-props=\"{&quot;201341983&quot;:0,&quot;335559739&quot;:160,&quot;335559740&quot;:259}\" style=\"\"><strong><strong>Presentato da:<\/strong><\/strong><\/span><\/p>\n<p><span style=\"\"><img decoding=\"async\" alt=\"\" data-id=\"2430\" width=\"251\" data-init-width=\"2560\" height=\"168\" data-init-height=\"1709\" title=\"Sara Zanette Webinar Italia Picture\" src=\"https:\/\/twind.io\/it\/wp-content\/uploads\/2024\/10\/Sara-Zanette-Webinar-Italia-Picture-scaled.jpg\" data-width=\"251\" data-height=\"168\" style=\"aspect-ratio: auto 2560 \/ 1709;\" loading=\"lazy\" mt-d=\"0\" ml-d=\"-43\" center-v-d=\"true\" center-h-d=\"false\" mt-m=\"0\" ml-m=\"0\"><\/span><\/p>\n<p style=\"text-align: left;\"><span data-ccp-props=\"{&quot;201341983&quot;:0,&quot;335559739&quot;:160,&quot;335559740&quot;:259}\"><strong><span style=\"font-size: 16px !important; --tcb-applied-color: var$(--tcb-skin-color-0) !important; color: var(--tcb-skin-color-0) !important;\">Sara Zanette<\/span><\/strong><\/span><\/p>\n<p style=\"text-align: left;\"><span data-ccp-props=\"{&quot;201341983&quot;:0,&quot;335559739&quot;:160,&quot;335559740&quot;:259}\" style=\"font-size: 14px !important;\">Ingegnera e Psicologa<\/span><\/p>\n","protected":false},"excerpt":{"rendered":"<p>Webinar Gratuito Come la Psicologia Ingegneristica pu\u00f2 cambiare la SSL?Percezioni, Bias, Relazioni e Comunicazioni\u2026 La sicurezza \u00e8 nella tua mente! Oggi pi\u00f9 che mai, comprendere il ruolo della psicologia nella salute e sicurezza sul lavoro (SSL) \u00e8 essenziale per affrontare i rischi e migliorare il benessere in ambito lavorativo. Questo webinar ti offre l\u2019opportunit\u00e0 di [&hellip;]<\/p>\n","protected":false},"author":1,"featured_media":0,"parent":0,"menu_order":0,"comment_status":"closed","ping_status":"closed","template":"","meta":{"content-type":"","footnotes":""},"class_list":["post-2427","page","type-page","status-publish","hentry","post-wrapper","thrv_wrapper"],"yoast_head":"<!-- This site is optimized with the Yoast SEO plugin v27.2 - https:\/\/yoast.com\/product\/yoast-seo-wordpress\/ -->\n<title>Webinar Come la Psicologia Ingegneristica pu\u00f2 cambiare la SSL?<\/title>\n<meta name=\"description\" content=\"Webinar Come la Psicologia Ingegneristica pu\u00f2 cambiare la SSL?\" \/>\n<meta name=\"robots\" content=\"index, follow, max-snippet:-1, max-image-preview:large, max-video-preview:-1\" \/>\n<link rel=\"canonical\" href=\"https:\/\/twind.io\/it\/webinar-come-la-psicologia-ingegneristica-puo-cambiare-la-ssl\/\" \/>\n<meta property=\"og:locale\" content=\"it_IT\" \/>\n<meta property=\"og:type\" content=\"article\" \/>\n<meta property=\"og:title\" content=\"Webinar Come la Psicologia Ingegneristica pu\u00f2 cambiare la SSL?\" \/>\n<meta property=\"og:description\" content=\"Webinar Come la Psicologia Ingegneristica pu\u00f2 cambiare la SSL?\" \/>\n<meta property=\"og:url\" content=\"https:\/\/twind.io\/it\/webinar-come-la-psicologia-ingegneristica-puo-cambiare-la-ssl\/\" \/>\n<meta property=\"og:site_name\" content=\"Twind \u2013 Piattaforma per la Gestione di Appaltatori e Fornitori\" \/>\n<meta property=\"article:modified_time\" content=\"2025-11-12T08:04:31+00:00\" \/>\n<meta property=\"og:image\" content=\"https:\/\/twind.io\/it\/wp-content\/uploads\/2024\/03\/logo-twind-by-ctaima.png\" \/>\n<meta name=\"twitter:card\" content=\"summary_large_image\" \/>\n<meta name=\"twitter:label1\" content=\"Tempo di lettura stimato\" \/>\n\t<meta name=\"twitter:data1\" content=\"4 minuti\" \/>\n<script type=\"application\/ld+json\" class=\"yoast-schema-graph\">{\"@context\":\"https:\/\/schema.org\",\"@graph\":[{\"@type\":\"WebPage\",\"@id\":\"https:\/\/twind.io\/it\/webinar-come-la-psicologia-ingegneristica-puo-cambiare-la-ssl\/\",\"url\":\"https:\/\/twind.io\/it\/webinar-come-la-psicologia-ingegneristica-puo-cambiare-la-ssl\/\",\"name\":\"Webinar Come la Psicologia Ingegneristica pu\u00f2 cambiare la SSL?\",\"isPartOf\":{\"@id\":\"https:\/\/twind.io\/it\/#website\"},\"primaryImageOfPage\":{\"@id\":\"https:\/\/twind.io\/it\/webinar-come-la-psicologia-ingegneristica-puo-cambiare-la-ssl\/#primaryimage\"},\"image\":{\"@id\":\"https:\/\/twind.io\/it\/webinar-come-la-psicologia-ingegneristica-puo-cambiare-la-ssl\/#primaryimage\"},\"thumbnailUrl\":\"https:\/\/twind.io\/it\/wp-content\/uploads\/2024\/03\/logo-twind-by-ctaima.png\",\"datePublished\":\"2024-10-31T11:53:01+00:00\",\"dateModified\":\"2025-11-12T08:04:31+00:00\",\"description\":\"Webinar Come la Psicologia Ingegneristica pu\u00f2 cambiare la SSL?\",\"breadcrumb\":{\"@id\":\"https:\/\/twind.io\/it\/webinar-come-la-psicologia-ingegneristica-puo-cambiare-la-ssl\/#breadcrumb\"},\"inLanguage\":\"it-IT\",\"potentialAction\":[{\"@type\":\"ReadAction\",\"target\":[\"https:\/\/twind.io\/it\/webinar-come-la-psicologia-ingegneristica-puo-cambiare-la-ssl\/\"]}]},{\"@type\":\"ImageObject\",\"inLanguage\":\"it-IT\",\"@id\":\"https:\/\/twind.io\/it\/webinar-come-la-psicologia-ingegneristica-puo-cambiare-la-ssl\/#primaryimage\",\"url\":\"https:\/\/twind.io\/it\/wp-content\/uploads\/2024\/03\/logo-twind-by-ctaima.png\",\"contentUrl\":\"https:\/\/twind.io\/it\/wp-content\/uploads\/2024\/03\/logo-twind-by-ctaima.png\",\"width\":697,\"height\":209},{\"@type\":\"BreadcrumbList\",\"@id\":\"https:\/\/twind.io\/it\/webinar-come-la-psicologia-ingegneristica-puo-cambiare-la-ssl\/#breadcrumb\",\"itemListElement\":[{\"@type\":\"ListItem\",\"position\":1,\"name\":\"Portada\",\"item\":\"https:\/\/twind.io\/it\/\"},{\"@type\":\"ListItem\",\"position\":2,\"name\":\"Webinar Come la Psicologia Ingegneristica pu\u00f2 cambiare la SSL?\"}]},{\"@type\":\"WebSite\",\"@id\":\"https:\/\/twind.io\/it\/#website\",\"url\":\"https:\/\/twind.io\/it\/\",\"name\":\"Twind \u2013 Piattaforma per la Gestione di Appaltatori e Fornitori\",\"description\":\"Automatizza la gestione di appaltatori e fornitori con Twind. Semplifica tutta la documentazione con AI. Monitora accessi e conformit\u00e0 in tempo reale.\",\"publisher\":{\"@id\":\"https:\/\/twind.io\/it\/#organization\"},\"potentialAction\":[{\"@type\":\"SearchAction\",\"target\":{\"@type\":\"EntryPoint\",\"urlTemplate\":\"https:\/\/twind.io\/it\/?s={search_term_string}\"},\"query-input\":{\"@type\":\"PropertyValueSpecification\",\"valueRequired\":true,\"valueName\":\"search_term_string\"}}],\"inLanguage\":\"it-IT\"},{\"@type\":\"Organization\",\"@id\":\"https:\/\/twind.io\/it\/#organization\",\"name\":\"Twind \u2013 Piattaforma per la Gestione di Appaltatori e Fornitori\",\"url\":\"https:\/\/twind.io\/it\/\",\"logo\":{\"@type\":\"ImageObject\",\"inLanguage\":\"it-IT\",\"@id\":\"https:\/\/twind.io\/it\/#\/schema\/logo\/image\/\",\"url\":\"https:\/\/twind.io\/it\/wp-content\/uploads\/2023\/04\/Logo-Twind.svg\",\"contentUrl\":\"https:\/\/twind.io\/it\/wp-content\/uploads\/2023\/04\/Logo-Twind.svg\",\"width\":1,\"height\":1,\"caption\":\"Twind \u2013 Piattaforma per la Gestione di Appaltatori e Fornitori\"},\"image\":{\"@id\":\"https:\/\/twind.io\/it\/#\/schema\/logo\/image\/\"}}]}<\/script>\n<!-- \/ Yoast SEO plugin. -->","yoast_head_json":{"title":"Webinar Come la Psicologia Ingegneristica pu\u00f2 cambiare la SSL?","description":"Webinar Come la Psicologia Ingegneristica pu\u00f2 cambiare la SSL?","robots":{"index":"index","follow":"follow","max-snippet":"max-snippet:-1","max-image-preview":"max-image-preview:large","max-video-preview":"max-video-preview:-1"},"canonical":"https:\/\/twind.io\/it\/webinar-come-la-psicologia-ingegneristica-puo-cambiare-la-ssl\/","og_locale":"it_IT","og_type":"article","og_title":"Webinar Come la Psicologia Ingegneristica pu\u00f2 cambiare la SSL?","og_description":"Webinar Come la Psicologia Ingegneristica pu\u00f2 cambiare la SSL?","og_url":"https:\/\/twind.io\/it\/webinar-come-la-psicologia-ingegneristica-puo-cambiare-la-ssl\/","og_site_name":"Twind \u2013 Piattaforma per la Gestione di Appaltatori e Fornitori","article_modified_time":"2025-11-12T08:04:31+00:00","og_image":[{"url":"https:\/\/twind.io\/it\/wp-content\/uploads\/2024\/03\/logo-twind-by-ctaima.png","type":"","width":"","height":""}],"twitter_card":"summary_large_image","twitter_misc":{"Tempo di lettura stimato":"4 minuti"},"schema":{"@context":"https:\/\/schema.org","@graph":[{"@type":"WebPage","@id":"https:\/\/twind.io\/it\/webinar-come-la-psicologia-ingegneristica-puo-cambiare-la-ssl\/","url":"https:\/\/twind.io\/it\/webinar-come-la-psicologia-ingegneristica-puo-cambiare-la-ssl\/","name":"Webinar Come la Psicologia Ingegneristica pu\u00f2 cambiare la SSL?","isPartOf":{"@id":"https:\/\/twind.io\/it\/#website"},"primaryImageOfPage":{"@id":"https:\/\/twind.io\/it\/webinar-come-la-psicologia-ingegneristica-puo-cambiare-la-ssl\/#primaryimage"},"image":{"@id":"https:\/\/twind.io\/it\/webinar-come-la-psicologia-ingegneristica-puo-cambiare-la-ssl\/#primaryimage"},"thumbnailUrl":"https:\/\/twind.io\/it\/wp-content\/uploads\/2024\/03\/logo-twind-by-ctaima.png","datePublished":"2024-10-31T11:53:01+00:00","dateModified":"2025-11-12T08:04:31+00:00","description":"Webinar Come la Psicologia Ingegneristica pu\u00f2 cambiare la SSL?","breadcrumb":{"@id":"https:\/\/twind.io\/it\/webinar-come-la-psicologia-ingegneristica-puo-cambiare-la-ssl\/#breadcrumb"},"inLanguage":"it-IT","potentialAction":[{"@type":"ReadAction","target":["https:\/\/twind.io\/it\/webinar-come-la-psicologia-ingegneristica-puo-cambiare-la-ssl\/"]}]},{"@type":"ImageObject","inLanguage":"it-IT","@id":"https:\/\/twind.io\/it\/webinar-come-la-psicologia-ingegneristica-puo-cambiare-la-ssl\/#primaryimage","url":"https:\/\/twind.io\/it\/wp-content\/uploads\/2024\/03\/logo-twind-by-ctaima.png","contentUrl":"https:\/\/twind.io\/it\/wp-content\/uploads\/2024\/03\/logo-twind-by-ctaima.png","width":697,"height":209},{"@type":"BreadcrumbList","@id":"https:\/\/twind.io\/it\/webinar-come-la-psicologia-ingegneristica-puo-cambiare-la-ssl\/#breadcrumb","itemListElement":[{"@type":"ListItem","position":1,"name":"Portada","item":"https:\/\/twind.io\/it\/"},{"@type":"ListItem","position":2,"name":"Webinar Come la Psicologia Ingegneristica pu\u00f2 cambiare la SSL?"}]},{"@type":"WebSite","@id":"https:\/\/twind.io\/it\/#website","url":"https:\/\/twind.io\/it\/","name":"Twind \u2013 Piattaforma per la Gestione di Appaltatori e Fornitori","description":"Automatizza la gestione di appaltatori e fornitori con Twind. Semplifica tutta la documentazione con AI. Monitora accessi e conformit\u00e0 in tempo reale.","publisher":{"@id":"https:\/\/twind.io\/it\/#organization"},"potentialAction":[{"@type":"SearchAction","target":{"@type":"EntryPoint","urlTemplate":"https:\/\/twind.io\/it\/?s={search_term_string}"},"query-input":{"@type":"PropertyValueSpecification","valueRequired":true,"valueName":"search_term_string"}}],"inLanguage":"it-IT"},{"@type":"Organization","@id":"https:\/\/twind.io\/it\/#organization","name":"Twind \u2013 Piattaforma per la Gestione di Appaltatori e Fornitori","url":"https:\/\/twind.io\/it\/","logo":{"@type":"ImageObject","inLanguage":"it-IT","@id":"https:\/\/twind.io\/it\/#\/schema\/logo\/image\/","url":"https:\/\/twind.io\/it\/wp-content\/uploads\/2023\/04\/Logo-Twind.svg","contentUrl":"https:\/\/twind.io\/it\/wp-content\/uploads\/2023\/04\/Logo-Twind.svg","width":1,"height":1,"caption":"Twind \u2013 Piattaforma per la Gestione di Appaltatori e Fornitori"},"image":{"@id":"https:\/\/twind.io\/it\/#\/schema\/logo\/image\/"}}]}},"_links":{"self":[{"href":"https:\/\/twind.io\/it\/wp-json\/wp\/v2\/pages\/2427","targetHints":{"allow":["GET"]}}],"collection":[{"href":"https:\/\/twind.io\/it\/wp-json\/wp\/v2\/pages"}],"about":[{"href":"https:\/\/twind.io\/it\/wp-json\/wp\/v2\/types\/page"}],"author":[{"embeddable":true,"href":"https:\/\/twind.io\/it\/wp-json\/wp\/v2\/users\/1"}],"replies":[{"embeddable":true,"href":"https:\/\/twind.io\/it\/wp-json\/wp\/v2\/comments?post=2427"}],"version-history":[{"count":26,"href":"https:\/\/twind.io\/it\/wp-json\/wp\/v2\/pages\/2427\/revisions"}],"predecessor-version":[{"id":4185,"href":"https:\/\/twind.io\/it\/wp-json\/wp\/v2\/pages\/2427\/revisions\/4185"}],"wp:attachment":[{"href":"https:\/\/twind.io\/it\/wp-json\/wp\/v2\/media?parent=2427"}],"curies":[{"name":"wp","href":"https:\/\/api.w.org\/{rel}","templated":true}]}}