{"id":3105,"date":"2025-06-20T10:28:21","date_gmt":"2025-06-20T10:28:21","guid":{"rendered":"https:\/\/twind.io\/it\/?page_id=3105"},"modified":"2026-03-30T11:20:58","modified_gmt":"2026-03-30T11:20:58","slug":"webinar-spazi-confinati-dalla-formazione-alla-digitalizzazione-dei-permessi-di-lavoro","status":"publish","type":"page","link":"https:\/\/twind.io\/it\/webinar-spazi-confinati-dalla-formazione-alla-digitalizzazione-dei-permessi-di-lavoro\/","title":{"rendered":"Webinar Spazi confinati: dalla formazione alla digitalizzazione dei permessi di lavoro"},"content":{"rendered":"<p><span style=\"\"><img decoding=\"async\" alt=\"\" data-id=\"309\" width=\"180\" data-init-width=\"697\" height=\"47\" data-init-height=\"209\" title=\"Logo Twind\" src=\"https:\/\/twind.io\/it\/wp-content\/uploads\/2023\/04\/Logo-Twind.svg\" data-width=\"180\" data-height=\"47\" style=\"aspect-ratio: auto 697 \/ 209;\" mt-d=\"-0.5469000000000008\" ml-d=\"0\" center-v-d=\"false\" loading=\"lazy\"><\/span><\/p>\n<p style=\"text-align: center;\"><span style=\"font-weight: normal;\">Webinar Gratuito | Twind Talks<\/span><\/p>\n<h2 style=\"text-align: center;\"><strong><span dir=\"ltr\"><span>Spazi Confinati:<\/span><\/span><\/strong><span><br \/><\/span><strong><span dir=\"ltr\"><span><span data-teams=\"true\"><strong><span>dalla formazione alla digitalizzazione dei permessi di lavoro<\/span><\/strong><\/span><\/span><\/span><\/strong><\/h2>\n<p dir=\"ltr\"><strong><span style=\"font-size: 19px !important;\">Operare in ambienti confinati: dalla normativa alla cultura della sicurezza<\/span><\/strong><\/p>\n<p>Lavorare in spazi confinati significa affrontare rischi elevati. Serve formazione mirata, procedure efficaci e consapevolezza diffusa. La normativa evolve, ma la sfida resta: trasformare regole e formazione in prassi quotidiana.<\/p>\n<p>In questo webinar <strong>vedremo come identificare correttamente gli spazi confin<\/strong><strong>ati e gestirli in sicurezza, con focus sul Permesso di Lavoro<\/strong>: non solo un documento, ma un processo che coinvolge persone, ruoli e tecnologie.<\/p>\n<p>Parleremo anche di digitalizzazione: come semplifica il PdL, riduce errori e velocizza la reazione in caso di emergenza.<\/p>\n<p><\/p>\n<p><strong><span style=\"font-size: 18px !important;\">Cosa impareremo?<\/span><\/strong><\/p>\n<p><strong><img decoding=\"async\" role=\"img\" alt=\"\u26a1\" src=\"https:\/\/s.w.org\/images\/core\/emoji\/16.0.1\/svg\/26a1.svg\" loading=\"lazy\">&nbsp;Normativa aggiornata: <\/strong>cosa prevede il nuovo Accordo Stato-Regioni 2025 sulla formazione (12 ore, tutta in presenza).<br \/><strong><br \/><img decoding=\"async\" role=\"img\" alt=\"\u26a1\" src=\"https:\/\/s.w.org\/images\/core\/emoji\/16.0.1\/svg\/26a1.svg\" loading=\"lazy\">&nbsp;Identificazione spazi confinati:<\/strong> criteri secondo la UNI 10449 ed esempi concreti (silos, serbatoi, fognature&#8230;).<br \/><strong><br \/><img decoding=\"async\" role=\"img\" alt=\"\u26a1\" src=\"https:\/\/s.w.org\/images\/core\/emoji\/16.0.1\/svg\/26a1.svg\" loading=\"lazy\">&nbsp;Permesso di Lavoro:<\/strong> cosa deve contenere e perch\u00e9 \u00e8 cruciale per sicurezza e tracciabilit\u00e0.<br \/><strong><br \/><img decoding=\"async\" role=\"img\" alt=\"\u26a1\" src=\"https:\/\/s.w.org\/images\/core\/emoji\/16.0.1\/svg\/26a1.svg\" loading=\"lazy\">&nbsp;Digitalizzare il PdL:<\/strong> vantaggi pratici in termini di tempo, controllo, archiviazione e conformit\u00e0.<\/p>\n<p dir=\"ltr\"><strong><a href=\"https:\/\/twind.io\/it\/webinar-spazi-confinati-dalla-formazione-alla-digitalizzazione-dei-permessi-di-lavoro\/?tve=true&amp;tcbf=7d3bc0e0ba#tve-jump-19832363076\" style=\"outline: none;\">Registrati per vedere la registrazione del webinar &nbsp;<\/a><\/strong><\/p>\n<p dir=\"ltr\"><em>Rivivi l\u2019evento con noi!<\/em><\/p>\n<p dir=\"ltr\"><\/p>\n\n\t\t\t\t\t\t<script>\n\t\t\t\t\t\t\twindow.hsFormsOnReady = window.hsFormsOnReady || [];\n\t\t\t\t\t\t\twindow.hsFormsOnReady.push(()=>{\n\t\t\t\t\t\t\t\thbspt.forms.create({\n\t\t\t\t\t\t\t\t\tportalId: 146424663,\n\t\t\t\t\t\t\t\t\tformId: \"f5a90ece-6ba6-49ff-847a-c75a0ef7b691\",\n\t\t\t\t\t\t\t\t\ttarget: \"#hbspt-form-1776425630000-4961635638\",\n\t\t\t\t\t\t\t\t\tregion: \"eu1\",\n\t\t\t\t\t\t\t\t\t\n\t\t\t\t\t\t\t})});\n\t\t\t\t\t\t<\/script>\n\t\t\t\t\t\t<div class=\"hbspt-form\" id=\"hbspt-form-1776425630000-4961635638\"><\/div>\n<p style=\"text-align: center;\"><span data-ccp-props=\"{&quot;201341983&quot;:0,&quot;335559739&quot;:160,&quot;335559740&quot;:259}\" style=\"\"><strong><strong>Presentato da:<\/strong><\/strong><\/span><\/p>\n<p><span style=\"\"><img decoding=\"async\" alt=\"\" data-id=\"3112\" width=\"195\" data-init-width=\"537\" height=\"211\" data-init-height=\"582\" title=\"speaker antonio\" src=\"https:\/\/twind.io\/it\/wp-content\/uploads\/2025\/06\/speaker-antonio.jpg\" data-width=\"195\" data-height=\"211\" style=\"aspect-ratio: auto 537 \/ 582;\" mt-d=\"-13\" ml-d=\"0\" center-v-d=\"false\" center-h-d=\"false\" mt-m=\"-2.218999999999994\" ml-m=\"0\" loading=\"lazy\"><\/span><\/p>\n<p style=\"text-align: left;\"><span data-ccp-props=\"{&quot;201341983&quot;:0,&quot;335559739&quot;:160,&quot;335559740&quot;:259}\"><strong><span style=\"font-size: 16px !important; --tcb-applied-color: var$(--tcb-skin-color-0) !important; color: var(--tcb-skin-color-0) !important;\">Antonio Ianniello&nbsp;<\/span><\/strong><\/span><\/p>\n<p><span data-ccp-props=\"{&quot;201341983&quot;:0,&quot;335559739&quot;:160,&quot;335559740&quot;:259}\">Consulente RSPP \u2013 Esperto Spazi confinati e lavori in quota \u2013 Formatore e Trainer<\/span><br \/><strong><span data-ccp-props=\"{&quot;201341983&quot;:0,&quot;335559739&quot;:160,&quot;335559740&quot;:259}\">SCAIT<\/span><\/strong><\/p>\n<h1 style=\"text-align: center;\"><strong><span><span style=\"--tcb-applied-color: rgb(26, 48, 55) !important; color: rgb(26, 48, 55) !important;\">Scopri <\/span>Twind<\/span><\/strong><\/h1>\n<h2 style=\"text-align: center;\"><span style=\"--tcb-applied-color: var$(--tcb-color-2) !important; color: var(--tcb-color-2) !important;\">Pianifica una demo 1:1 con qualcuno del nostro team di vendita e scopri come Twind pu\u00f2 aiutarti a far crescere la tua attivit\u00e0.<\/span><\/h2>\n<p><\/p>\n<p><\/p>\n","protected":false},"excerpt":{"rendered":"<p>Webinar Gratuito | Twind Talks Spazi Confinati:dalla formazione alla digitalizzazione dei permessi di lavoro Operare in ambienti confinati: dalla normativa alla cultura della sicurezza Lavorare in spazi confinati significa affrontare rischi elevati. Serve formazione mirata, procedure efficaci e consapevolezza diffusa. La normativa evolve, ma la sfida resta: trasformare regole e formazione in prassi quotidiana. In [&hellip;]<\/p>\n","protected":false},"author":1,"featured_media":0,"parent":0,"menu_order":0,"comment_status":"closed","ping_status":"closed","template":"","meta":{"content-type":"","footnotes":""},"class_list":["post-3105","page","type-page","status-publish","hentry","post-wrapper","thrv_wrapper"],"yoast_head":"<!-- This site is optimized with the Yoast SEO plugin v27.2 - https:\/\/yoast.com\/product\/yoast-seo-wordpress\/ -->\n<title>Webinar Spazi confinati: dalla formazione alla digitalizzazione dei permessi di lavoro<\/title>\n<meta name=\"description\" content=\"Webinar Spazi confinati: dalla formazione alla digitalizzazione dei permessi di lavoro\" \/>\n<meta name=\"robots\" content=\"index, follow, max-snippet:-1, max-image-preview:large, max-video-preview:-1\" \/>\n<link rel=\"canonical\" href=\"https:\/\/twind.io\/it\/webinar-spazi-confinati-dalla-formazione-alla-digitalizzazione-dei-permessi-di-lavoro\/\" \/>\n<meta property=\"og:locale\" content=\"it_IT\" \/>\n<meta property=\"og:type\" content=\"article\" \/>\n<meta property=\"og:title\" content=\"Webinar Spazi confinati: dalla formazione alla digitalizzazione dei permessi di lavoro\" \/>\n<meta property=\"og:description\" content=\"Webinar Spazi confinati: dalla formazione alla digitalizzazione dei permessi di lavoro\" \/>\n<meta property=\"og:url\" content=\"https:\/\/twind.io\/it\/webinar-spazi-confinati-dalla-formazione-alla-digitalizzazione-dei-permessi-di-lavoro\/\" \/>\n<meta property=\"og:site_name\" content=\"Twind \u2013 Piattaforma per la Gestione di Appaltatori e Fornitori\" \/>\n<meta property=\"article:modified_time\" content=\"2026-03-30T11:20:58+00:00\" \/>\n<meta property=\"og:image\" content=\"https:\/\/twind.io\/it\/wp-content\/uploads\/2023\/04\/Logo-Twind.svg\" \/>\n<meta name=\"twitter:card\" content=\"summary_large_image\" \/>\n<meta name=\"twitter:label1\" content=\"Tempo di lettura stimato\" \/>\n\t<meta name=\"twitter:data1\" content=\"4 minuti\" \/>\n<script type=\"application\/ld+json\" class=\"yoast-schema-graph\">{\"@context\":\"https:\/\/schema.org\",\"@graph\":[{\"@type\":\"WebPage\",\"@id\":\"https:\/\/twind.io\/it\/webinar-spazi-confinati-dalla-formazione-alla-digitalizzazione-dei-permessi-di-lavoro\/\",\"url\":\"https:\/\/twind.io\/it\/webinar-spazi-confinati-dalla-formazione-alla-digitalizzazione-dei-permessi-di-lavoro\/\",\"name\":\"Webinar Spazi confinati: dalla formazione alla digitalizzazione dei permessi di lavoro\",\"isPartOf\":{\"@id\":\"https:\/\/twind.io\/it\/#website\"},\"primaryImageOfPage\":{\"@id\":\"https:\/\/twind.io\/it\/webinar-spazi-confinati-dalla-formazione-alla-digitalizzazione-dei-permessi-di-lavoro\/#primaryimage\"},\"image\":{\"@id\":\"https:\/\/twind.io\/it\/webinar-spazi-confinati-dalla-formazione-alla-digitalizzazione-dei-permessi-di-lavoro\/#primaryimage\"},\"thumbnailUrl\":\"https:\/\/twind.io\/it\/wp-content\/uploads\/2023\/04\/Logo-Twind.svg\",\"datePublished\":\"2025-06-20T10:28:21+00:00\",\"dateModified\":\"2026-03-30T11:20:58+00:00\",\"description\":\"Webinar Spazi confinati: dalla formazione alla digitalizzazione dei permessi di lavoro\",\"breadcrumb\":{\"@id\":\"https:\/\/twind.io\/it\/webinar-spazi-confinati-dalla-formazione-alla-digitalizzazione-dei-permessi-di-lavoro\/#breadcrumb\"},\"inLanguage\":\"it-IT\",\"potentialAction\":[{\"@type\":\"ReadAction\",\"target\":[\"https:\/\/twind.io\/it\/webinar-spazi-confinati-dalla-formazione-alla-digitalizzazione-dei-permessi-di-lavoro\/\"]}]},{\"@type\":\"ImageObject\",\"inLanguage\":\"it-IT\",\"@id\":\"https:\/\/twind.io\/it\/webinar-spazi-confinati-dalla-formazione-alla-digitalizzazione-dei-permessi-di-lavoro\/#primaryimage\",\"url\":\"https:\/\/twind.io\/it\/wp-content\/uploads\/2023\/04\/Logo-Twind.svg\",\"contentUrl\":\"https:\/\/twind.io\/it\/wp-content\/uploads\/2023\/04\/Logo-Twind.svg\"},{\"@type\":\"BreadcrumbList\",\"@id\":\"https:\/\/twind.io\/it\/webinar-spazi-confinati-dalla-formazione-alla-digitalizzazione-dei-permessi-di-lavoro\/#breadcrumb\",\"itemListElement\":[{\"@type\":\"ListItem\",\"position\":1,\"name\":\"Portada\",\"item\":\"https:\/\/twind.io\/it\/\"},{\"@type\":\"ListItem\",\"position\":2,\"name\":\"Webinar Spazi confinati: dalla formazione alla digitalizzazione dei permessi di lavoro\"}]},{\"@type\":\"WebSite\",\"@id\":\"https:\/\/twind.io\/it\/#website\",\"url\":\"https:\/\/twind.io\/it\/\",\"name\":\"Twind \u2013 Piattaforma per la Gestione di Appaltatori e Fornitori\",\"description\":\"Automatizza la gestione di appaltatori e fornitori con Twind. Semplifica tutta la documentazione con AI. Monitora accessi e conformit\u00e0 in tempo reale.\",\"publisher\":{\"@id\":\"https:\/\/twind.io\/it\/#organization\"},\"potentialAction\":[{\"@type\":\"SearchAction\",\"target\":{\"@type\":\"EntryPoint\",\"urlTemplate\":\"https:\/\/twind.io\/it\/?s={search_term_string}\"},\"query-input\":{\"@type\":\"PropertyValueSpecification\",\"valueRequired\":true,\"valueName\":\"search_term_string\"}}],\"inLanguage\":\"it-IT\"},{\"@type\":\"Organization\",\"@id\":\"https:\/\/twind.io\/it\/#organization\",\"name\":\"Twind \u2013 Piattaforma per la Gestione di Appaltatori e Fornitori\",\"url\":\"https:\/\/twind.io\/it\/\",\"logo\":{\"@type\":\"ImageObject\",\"inLanguage\":\"it-IT\",\"@id\":\"https:\/\/twind.io\/it\/#\/schema\/logo\/image\/\",\"url\":\"https:\/\/twind.io\/it\/wp-content\/uploads\/2023\/04\/Logo-Twind.svg\",\"contentUrl\":\"https:\/\/twind.io\/it\/wp-content\/uploads\/2023\/04\/Logo-Twind.svg\",\"width\":1,\"height\":1,\"caption\":\"Twind \u2013 Piattaforma per la Gestione di Appaltatori e Fornitori\"},\"image\":{\"@id\":\"https:\/\/twind.io\/it\/#\/schema\/logo\/image\/\"}}]}<\/script>\n<!-- \/ Yoast SEO plugin. -->","yoast_head_json":{"title":"Webinar Spazi confinati: dalla formazione alla digitalizzazione dei permessi di lavoro","description":"Webinar Spazi confinati: dalla formazione alla digitalizzazione dei permessi di lavoro","robots":{"index":"index","follow":"follow","max-snippet":"max-snippet:-1","max-image-preview":"max-image-preview:large","max-video-preview":"max-video-preview:-1"},"canonical":"https:\/\/twind.io\/it\/webinar-spazi-confinati-dalla-formazione-alla-digitalizzazione-dei-permessi-di-lavoro\/","og_locale":"it_IT","og_type":"article","og_title":"Webinar Spazi confinati: dalla formazione alla digitalizzazione dei permessi di lavoro","og_description":"Webinar Spazi confinati: dalla formazione alla digitalizzazione dei permessi di lavoro","og_url":"https:\/\/twind.io\/it\/webinar-spazi-confinati-dalla-formazione-alla-digitalizzazione-dei-permessi-di-lavoro\/","og_site_name":"Twind \u2013 Piattaforma per la Gestione di Appaltatori e Fornitori","article_modified_time":"2026-03-30T11:20:58+00:00","og_image":[{"url":"https:\/\/twind.io\/it\/wp-content\/uploads\/2023\/04\/Logo-Twind.svg","type":"","width":"","height":""}],"twitter_card":"summary_large_image","twitter_misc":{"Tempo di lettura stimato":"4 minuti"},"schema":{"@context":"https:\/\/schema.org","@graph":[{"@type":"WebPage","@id":"https:\/\/twind.io\/it\/webinar-spazi-confinati-dalla-formazione-alla-digitalizzazione-dei-permessi-di-lavoro\/","url":"https:\/\/twind.io\/it\/webinar-spazi-confinati-dalla-formazione-alla-digitalizzazione-dei-permessi-di-lavoro\/","name":"Webinar Spazi confinati: dalla formazione alla digitalizzazione dei permessi di lavoro","isPartOf":{"@id":"https:\/\/twind.io\/it\/#website"},"primaryImageOfPage":{"@id":"https:\/\/twind.io\/it\/webinar-spazi-confinati-dalla-formazione-alla-digitalizzazione-dei-permessi-di-lavoro\/#primaryimage"},"image":{"@id":"https:\/\/twind.io\/it\/webinar-spazi-confinati-dalla-formazione-alla-digitalizzazione-dei-permessi-di-lavoro\/#primaryimage"},"thumbnailUrl":"https:\/\/twind.io\/it\/wp-content\/uploads\/2023\/04\/Logo-Twind.svg","datePublished":"2025-06-20T10:28:21+00:00","dateModified":"2026-03-30T11:20:58+00:00","description":"Webinar Spazi confinati: dalla formazione alla digitalizzazione dei permessi di lavoro","breadcrumb":{"@id":"https:\/\/twind.io\/it\/webinar-spazi-confinati-dalla-formazione-alla-digitalizzazione-dei-permessi-di-lavoro\/#breadcrumb"},"inLanguage":"it-IT","potentialAction":[{"@type":"ReadAction","target":["https:\/\/twind.io\/it\/webinar-spazi-confinati-dalla-formazione-alla-digitalizzazione-dei-permessi-di-lavoro\/"]}]},{"@type":"ImageObject","inLanguage":"it-IT","@id":"https:\/\/twind.io\/it\/webinar-spazi-confinati-dalla-formazione-alla-digitalizzazione-dei-permessi-di-lavoro\/#primaryimage","url":"https:\/\/twind.io\/it\/wp-content\/uploads\/2023\/04\/Logo-Twind.svg","contentUrl":"https:\/\/twind.io\/it\/wp-content\/uploads\/2023\/04\/Logo-Twind.svg"},{"@type":"BreadcrumbList","@id":"https:\/\/twind.io\/it\/webinar-spazi-confinati-dalla-formazione-alla-digitalizzazione-dei-permessi-di-lavoro\/#breadcrumb","itemListElement":[{"@type":"ListItem","position":1,"name":"Portada","item":"https:\/\/twind.io\/it\/"},{"@type":"ListItem","position":2,"name":"Webinar Spazi confinati: dalla formazione alla digitalizzazione dei permessi di lavoro"}]},{"@type":"WebSite","@id":"https:\/\/twind.io\/it\/#website","url":"https:\/\/twind.io\/it\/","name":"Twind \u2013 Piattaforma per la Gestione di Appaltatori e Fornitori","description":"Automatizza la gestione di appaltatori e fornitori con Twind. Semplifica tutta la documentazione con AI. Monitora accessi e conformit\u00e0 in tempo reale.","publisher":{"@id":"https:\/\/twind.io\/it\/#organization"},"potentialAction":[{"@type":"SearchAction","target":{"@type":"EntryPoint","urlTemplate":"https:\/\/twind.io\/it\/?s={search_term_string}"},"query-input":{"@type":"PropertyValueSpecification","valueRequired":true,"valueName":"search_term_string"}}],"inLanguage":"it-IT"},{"@type":"Organization","@id":"https:\/\/twind.io\/it\/#organization","name":"Twind \u2013 Piattaforma per la Gestione di Appaltatori e Fornitori","url":"https:\/\/twind.io\/it\/","logo":{"@type":"ImageObject","inLanguage":"it-IT","@id":"https:\/\/twind.io\/it\/#\/schema\/logo\/image\/","url":"https:\/\/twind.io\/it\/wp-content\/uploads\/2023\/04\/Logo-Twind.svg","contentUrl":"https:\/\/twind.io\/it\/wp-content\/uploads\/2023\/04\/Logo-Twind.svg","width":1,"height":1,"caption":"Twind \u2013 Piattaforma per la Gestione di Appaltatori e Fornitori"},"image":{"@id":"https:\/\/twind.io\/it\/#\/schema\/logo\/image\/"}}]}},"_links":{"self":[{"href":"https:\/\/twind.io\/it\/wp-json\/wp\/v2\/pages\/3105","targetHints":{"allow":["GET"]}}],"collection":[{"href":"https:\/\/twind.io\/it\/wp-json\/wp\/v2\/pages"}],"about":[{"href":"https:\/\/twind.io\/it\/wp-json\/wp\/v2\/types\/page"}],"author":[{"embeddable":true,"href":"https:\/\/twind.io\/it\/wp-json\/wp\/v2\/users\/1"}],"replies":[{"embeddable":true,"href":"https:\/\/twind.io\/it\/wp-json\/wp\/v2\/comments?post=3105"}],"version-history":[{"count":44,"href":"https:\/\/twind.io\/it\/wp-json\/wp\/v2\/pages\/3105\/revisions"}],"predecessor-version":[{"id":5372,"href":"https:\/\/twind.io\/it\/wp-json\/wp\/v2\/pages\/3105\/revisions\/5372"}],"wp:attachment":[{"href":"https:\/\/twind.io\/it\/wp-json\/wp\/v2\/media?parent=3105"}],"curies":[{"name":"wp","href":"https:\/\/api.w.org\/{rel}","templated":true}]}}