{"id":3565,"date":"2025-08-12T11:37:02","date_gmt":"2025-08-12T11:37:02","guid":{"rendered":"https:\/\/twind.io\/it\/?page_id=3565"},"modified":"2025-10-17T08:05:38","modified_gmt":"2025-10-17T08:05:38","slug":"webinar-iso-45001-e-gestione-degli-appaltatori","status":"publish","type":"page","link":"https:\/\/twind.io\/it\/webinar-iso-45001-e-gestione-degli-appaltatori\/","title":{"rendered":"Webinar Da obbligo normativo a leva strategica: ISO 45001 e\u00a0gestione degli appaltatori"},"content":{"rendered":"<p><span style=\"\"><img decoding=\"async\" alt=\"\" data-id=\"309\" width=\"180\" data-init-width=\"697\" height=\"47\" data-init-height=\"209\" title=\"Logo Twind\" src=\"https:\/\/twind.io\/it\/wp-content\/uploads\/2023\/04\/Logo-Twind.svg\" data-width=\"180\" data-height=\"47\" style=\"aspect-ratio: auto 697 \/ 209;\" mt-d=\"-0.5469000000000008\" ml-d=\"0\" center-v-d=\"false\" loading=\"lazy\"><\/span><span><img decoding=\"async\" alt=\"\" data-id=\"3693\" width=\"276\" data-init-width=\"885\" height=\"78\" data-init-height=\"251\" title=\"Logo Twind Talks - H\" src=\"https:\/\/twind.io\/it\/wp-content\/uploads\/2025\/09\/Logo-Twind-Talks-H.png\" data-width=\"276\" data-height=\"78\" style=\"aspect-ratio: auto 885 \/ 251;\" loading=\"lazy\"><\/span><\/p>\n<p style=\"text-align: left;\">ISO 45001 e gestione degli appaltatori:Da obbligo normativo a leva strategica<\/p>\n\n\t\t\t\t\t\t<script>\n\t\t\t\t\t\t\twindow.hsFormsOnReady = window.hsFormsOnReady || [];\n\t\t\t\t\t\t\twindow.hsFormsOnReady.push(()=>{\n\t\t\t\t\t\t\t\thbspt.forms.create({\n\t\t\t\t\t\t\t\t\tportalId: 146424663,\n\t\t\t\t\t\t\t\t\tformId: \"a878c0dd-5f8c-4256-8878-8216f1b39f92\",\n\t\t\t\t\t\t\t\t\ttarget: \"#hbspt-form-1776940574000-8725011323\",\n\t\t\t\t\t\t\t\t\tregion: \"eu1\",\n\t\t\t\t\t\t\t\t\t\n\t\t\t\t\t\t\t})});\n\t\t\t\t\t\t<\/script>\n\t\t\t\t\t\t<div class=\"hbspt-form\" id=\"hbspt-form-1776940574000-8725011323\"><\/div>\n<p dir=\"ltr\"><strong><span style=\"font-size: 17px !important;\">Come applicare le migliori pratiche della ISO 45001 alla gestione di appaltatori e fornitori<\/span><\/strong><span style=\"font-size: 14px !important;\">La salute e sicurezza sul lavoro non \u00e8 solo una responsabilit\u00e0 legale: \u00e8 una leva strategica per la crescita, la sostenibilit\u00e0 e la reputazione aziendale.<\/span><\/p>\n<p dir=\"ltr\"><span style=\"font-size: 14px !important;\"><\/span><\/p>\n<p dir=\"ltr\" style=\"\"><span style=\"font-size: 14px !important;\">In questo webinar, ti guideremo in un percorso che unisce normativa, dati e tecnologia, per aiutarti a comprendere come \u00e8 nata la ISO 45001, perch\u00e9 \u00e8 oggi indispensabile, come ottenerla e su come applicare concretamente la ISO 45001 alla gestione di appaltatori e fornitori. Scoprirai anche quali strumenti digitali possono supportarti nell\u2019implementazione e nel miglioramento continuo del sistema.<\/span><\/p>\n<p><strong><span style=\"font-size: 18px !important;\">Cosa impareremo?<\/span><\/strong><\/p>\n<p><strong><span style=\"font-size: 14px !important;\"><img decoding=\"async\" role=\"img\" alt=\"\u26a1\" src=\"https:\/\/s.w.org\/images\/core\/emoji\/16.0.1\/svg\/26a1.svg\" loading=\"lazy\">&nbsp;Introduzione e contesto normativo<\/span><\/strong><span style=\"font-size: 14px !important;\">Origini della ISO 45001: dalla OHSAS 18001 all\u2019adozione globale. Perch\u00e9 oggi \u00e8 uno standard essenziale per le imprese.<strong><img decoding=\"async\" role=\"img\" alt=\"\u26a1\" src=\"https:\/\/s.w.org\/images\/core\/emoji\/16.0.1\/svg\/26a1.svg\" loading=\"lazy\">&nbsp;Dati ufficiali e impatto reale<\/strong>Numeri chiave su infortuni, costi e diffusione della norma. Il valore concreto di un sistema strutturato per la sicurezza.<strong><img decoding=\"async\" role=\"img\" alt=\"\u26a1\" src=\"https:\/\/s.w.org\/images\/core\/emoji\/16.0.1\/svg\/26a1.svg\" loading=\"lazy\">&nbsp;Come ottenere la certificazione<\/strong>Fasi principali del processo: contatto con il consulente, gap analysis, implementazione, audit, mantenimento e miglioramento.<strong><\/strong><\/span><\/p>\n<p><span style=\"font-size: 14px !important;\"><strong><strong data-end=\"1050\" data-start=\"1011\"><img decoding=\"async\" role=\"img\" alt=\"\u26a1\" src=\"https:\/\/s.w.org\/images\/core\/emoji\/16.0.1\/svg\/26a1.svg\" loading=\"lazy\">&nbsp;<\/strong>Soluzioni digitali<\/strong>Gestione digitale di appaltatori e subappaltatori: documenti, autorizzazioni, accessi, ispezioni e qualifica fornitori.<\/span><\/p>\n<p><span style=\"font-size: 14px !important;\"><strong data-end=\"1050\" data-start=\"1011\"><strong data-end=\"1050\" data-start=\"1011\"><img decoding=\"async\" role=\"img\" alt=\"\u26a1\" src=\"https:\/\/s.w.org\/images\/core\/emoji\/16.0.1\/svg\/26a1.svg\" loading=\"lazy\">&nbsp;<\/strong>A chi si rivolge e perch\u00e9 adottarla<\/strong>Per imprenditori, RSPP, HSE manager e aziende in appalti pubblici. Benefici: meno infortuni, pi\u00f9 controllo, incentivi e reputazione.<\/span><\/p>\n<p style=\"\"><strong><a href=\"#lg-mfapuhvq\" style=\"outline: none;\" jump-animation=\"smooth\" data-lt-tmp-id=\"lt-15482\" spellcheck=\"false\">Iscriviti qui per partecipare al webinar &nbsp;<\/a><strong><a href=\"https:\/\/twind.io\/it\/webinar-iso-45001-e-gestione-degli-appaltatori\/?tve=true&amp;tcbf=fe90dcba36#tve-jump-19832363076\"><\/a><\/strong><\/strong><\/p>\n<p style=\"text-align: left;\"><span data-ccp-props=\"{&quot;201341983&quot;:0,&quot;335559739&quot;:160,&quot;335559740&quot;:259}\" style=\"\"><strong><strong>Presentato da:<\/strong><\/strong><\/span><\/p>\n<p style=\"text-align: left;\"><span data-ccp-props=\"{&quot;201341983&quot;:0,&quot;335559739&quot;:160,&quot;335559740&quot;:259}\"><strong><span style=\"font-size: 16px !important; --tcb-applied-color: var$(--tcb-skin-color-0) !important; color: var(--tcb-skin-color-0) !important;\">Dott. Pietro Mauro Greco<\/span><\/strong><\/span><\/p>\n<p color=\"dark\"><span style=\"font-size: 14px !important;\">Quality Manager Certificato IWZ FZCO<\/span><\/p>\n<p style=\"\"><a href=\"https:\/\/www.linkedin.com\/in\/pietro-greco-0785a546\/\" target=\"_blank\" style=\"outline: none;\" data-lt-tmp-id=\"lt-644988\" spellcheck=\"false\"><span data-ccp-props=\"{&quot;201341983&quot;:0,&quot;335559739&quot;:160,&quot;335559740&quot;:259}\">Contattami su LinkedIn<\/span><\/a><\/p>\n<p style=\"text-align: left;\"><span data-ccp-props=\"{&quot;201341983&quot;:0,&quot;335559739&quot;:160,&quot;335559740&quot;:259}\"><strong><span style=\"font-size: 16px !important; --tcb-applied-color: var$(--tcb-skin-color-0) !important; color: var(--tcb-skin-color-0) !important;\"><strong>Francesco Izzo<\/strong>&nbsp;<\/span><\/strong><\/span><\/p>\n<p style=\"\"><span data-ccp-props=\"{&quot;201341983&quot;:0,&quot;335559739&quot;:160,&quot;335559740&quot;:259}\">RSPP, Formatore D.Lgs. 81\/08 e Lead Auditor ISO 45001:2018<\/span><a href=\"https:\/\/www.linkedin.com\/in\/francesco-izzo-153965186\/\" target=\"_blank\" style=\"outline: none;\" data-lt-tmp-id=\"lt-493376\" spellcheck=\"false\"><span data-ccp-props=\"{&quot;201341983&quot;:0,&quot;335559739&quot;:160,&quot;335559740&quot;:259}\">Contattami su LinkedIn<\/span><\/a><\/p>\n","protected":false},"excerpt":{"rendered":"<p>ISO 45001 e gestione degli appaltatori:Da obbligo normativo a leva strategica Come applicare le migliori pratiche della ISO 45001 alla gestione di appaltatori e fornitoriLa salute e sicurezza sul lavoro non \u00e8 solo una responsabilit\u00e0 legale: \u00e8 una leva strategica per la crescita, la sostenibilit\u00e0 e la reputazione aziendale. In questo webinar, ti guideremo in [&hellip;]<\/p>\n","protected":false},"author":1,"featured_media":0,"parent":0,"menu_order":0,"comment_status":"closed","ping_status":"closed","template":"","meta":{"content-type":"","footnotes":""},"class_list":["post-3565","page","type-page","status-publish","hentry","post-wrapper","thrv_wrapper"],"yoast_head":"<!-- This site is optimized with the Yoast SEO plugin v27.2 - https:\/\/yoast.com\/product\/yoast-seo-wordpress\/ -->\n<title>Webinar Da obbligo normativo a leva strategica: ISO 45001 e\u00a0gestione degli appaltatori<\/title>\n<meta name=\"description\" content=\"ISO 45001 e\u00a0gestione degli appaltatori\" \/>\n<meta name=\"robots\" content=\"index, follow, max-snippet:-1, max-image-preview:large, max-video-preview:-1\" \/>\n<link rel=\"canonical\" href=\"https:\/\/twind.io\/it\/webinar-iso-45001-e-gestione-degli-appaltatori\/\" \/>\n<meta property=\"og:locale\" content=\"it_IT\" \/>\n<meta property=\"og:type\" content=\"article\" \/>\n<meta property=\"og:title\" content=\"Webinar Da obbligo normativo a leva strategica: ISO 45001 e\u00a0gestione degli appaltatori\" \/>\n<meta property=\"og:description\" content=\"ISO 45001 e\u00a0gestione degli appaltatori\" \/>\n<meta property=\"og:url\" content=\"https:\/\/twind.io\/it\/webinar-iso-45001-e-gestione-degli-appaltatori\/\" \/>\n<meta property=\"og:site_name\" content=\"Twind \u2013 Piattaforma per la Gestione di Appaltatori e Fornitori\" \/>\n<meta property=\"article:modified_time\" content=\"2025-10-17T08:05:38+00:00\" \/>\n<meta property=\"og:image\" content=\"https:\/\/twind.io\/it\/wp-content\/uploads\/2023\/04\/Logo-Twind.svg\" \/>\n<meta name=\"twitter:card\" content=\"summary_large_image\" \/>\n<meta name=\"twitter:label1\" content=\"Tempo di lettura stimato\" \/>\n\t<meta name=\"twitter:data1\" content=\"4 minuti\" \/>\n<script type=\"application\/ld+json\" class=\"yoast-schema-graph\">{\"@context\":\"https:\/\/schema.org\",\"@graph\":[{\"@type\":\"WebPage\",\"@id\":\"https:\/\/twind.io\/it\/webinar-iso-45001-e-gestione-degli-appaltatori\/\",\"url\":\"https:\/\/twind.io\/it\/webinar-iso-45001-e-gestione-degli-appaltatori\/\",\"name\":\"Webinar Da obbligo normativo a leva strategica: ISO 45001 e\u00a0gestione degli appaltatori\",\"isPartOf\":{\"@id\":\"https:\/\/twind.io\/it\/#website\"},\"primaryImageOfPage\":{\"@id\":\"https:\/\/twind.io\/it\/webinar-iso-45001-e-gestione-degli-appaltatori\/#primaryimage\"},\"image\":{\"@id\":\"https:\/\/twind.io\/it\/webinar-iso-45001-e-gestione-degli-appaltatori\/#primaryimage\"},\"thumbnailUrl\":\"https:\/\/twind.io\/it\/wp-content\/uploads\/2023\/04\/Logo-Twind.svg\",\"datePublished\":\"2025-08-12T11:37:02+00:00\",\"dateModified\":\"2025-10-17T08:05:38+00:00\",\"description\":\"ISO 45001 e\u00a0gestione degli appaltatori\",\"breadcrumb\":{\"@id\":\"https:\/\/twind.io\/it\/webinar-iso-45001-e-gestione-degli-appaltatori\/#breadcrumb\"},\"inLanguage\":\"it-IT\",\"potentialAction\":[{\"@type\":\"ReadAction\",\"target\":[\"https:\/\/twind.io\/it\/webinar-iso-45001-e-gestione-degli-appaltatori\/\"]}]},{\"@type\":\"ImageObject\",\"inLanguage\":\"it-IT\",\"@id\":\"https:\/\/twind.io\/it\/webinar-iso-45001-e-gestione-degli-appaltatori\/#primaryimage\",\"url\":\"https:\/\/twind.io\/it\/wp-content\/uploads\/2023\/04\/Logo-Twind.svg\",\"contentUrl\":\"https:\/\/twind.io\/it\/wp-content\/uploads\/2023\/04\/Logo-Twind.svg\"},{\"@type\":\"BreadcrumbList\",\"@id\":\"https:\/\/twind.io\/it\/webinar-iso-45001-e-gestione-degli-appaltatori\/#breadcrumb\",\"itemListElement\":[{\"@type\":\"ListItem\",\"position\":1,\"name\":\"Portada\",\"item\":\"https:\/\/twind.io\/it\/\"},{\"@type\":\"ListItem\",\"position\":2,\"name\":\"Webinar Da obbligo normativo a leva strategica: ISO 45001 e\u00a0gestione degli appaltatori\"}]},{\"@type\":\"WebSite\",\"@id\":\"https:\/\/twind.io\/it\/#website\",\"url\":\"https:\/\/twind.io\/it\/\",\"name\":\"Twind \u2013 Piattaforma per la Gestione di Appaltatori e Fornitori\",\"description\":\"Automatizza la gestione di appaltatori e fornitori con Twind. Semplifica tutta la documentazione con AI. Monitora accessi e conformit\u00e0 in tempo reale.\",\"publisher\":{\"@id\":\"https:\/\/twind.io\/it\/#organization\"},\"potentialAction\":[{\"@type\":\"SearchAction\",\"target\":{\"@type\":\"EntryPoint\",\"urlTemplate\":\"https:\/\/twind.io\/it\/?s={search_term_string}\"},\"query-input\":{\"@type\":\"PropertyValueSpecification\",\"valueRequired\":true,\"valueName\":\"search_term_string\"}}],\"inLanguage\":\"it-IT\"},{\"@type\":\"Organization\",\"@id\":\"https:\/\/twind.io\/it\/#organization\",\"name\":\"Twind \u2013 Piattaforma per la Gestione di Appaltatori e Fornitori\",\"url\":\"https:\/\/twind.io\/it\/\",\"logo\":{\"@type\":\"ImageObject\",\"inLanguage\":\"it-IT\",\"@id\":\"https:\/\/twind.io\/it\/#\/schema\/logo\/image\/\",\"url\":\"https:\/\/twind.io\/it\/wp-content\/uploads\/2023\/04\/Logo-Twind.svg\",\"contentUrl\":\"https:\/\/twind.io\/it\/wp-content\/uploads\/2023\/04\/Logo-Twind.svg\",\"width\":1,\"height\":1,\"caption\":\"Twind \u2013 Piattaforma per la Gestione di Appaltatori e Fornitori\"},\"image\":{\"@id\":\"https:\/\/twind.io\/it\/#\/schema\/logo\/image\/\"}}]}<\/script>\n<!-- \/ Yoast SEO plugin. -->","yoast_head_json":{"title":"Webinar Da obbligo normativo a leva strategica: ISO 45001 e\u00a0gestione degli appaltatori","description":"ISO 45001 e\u00a0gestione degli appaltatori","robots":{"index":"index","follow":"follow","max-snippet":"max-snippet:-1","max-image-preview":"max-image-preview:large","max-video-preview":"max-video-preview:-1"},"canonical":"https:\/\/twind.io\/it\/webinar-iso-45001-e-gestione-degli-appaltatori\/","og_locale":"it_IT","og_type":"article","og_title":"Webinar Da obbligo normativo a leva strategica: ISO 45001 e\u00a0gestione degli appaltatori","og_description":"ISO 45001 e\u00a0gestione degli appaltatori","og_url":"https:\/\/twind.io\/it\/webinar-iso-45001-e-gestione-degli-appaltatori\/","og_site_name":"Twind \u2013 Piattaforma per la Gestione di Appaltatori e Fornitori","article_modified_time":"2025-10-17T08:05:38+00:00","og_image":[{"url":"https:\/\/twind.io\/it\/wp-content\/uploads\/2023\/04\/Logo-Twind.svg","type":"","width":"","height":""}],"twitter_card":"summary_large_image","twitter_misc":{"Tempo di lettura stimato":"4 minuti"},"schema":{"@context":"https:\/\/schema.org","@graph":[{"@type":"WebPage","@id":"https:\/\/twind.io\/it\/webinar-iso-45001-e-gestione-degli-appaltatori\/","url":"https:\/\/twind.io\/it\/webinar-iso-45001-e-gestione-degli-appaltatori\/","name":"Webinar Da obbligo normativo a leva strategica: ISO 45001 e\u00a0gestione degli appaltatori","isPartOf":{"@id":"https:\/\/twind.io\/it\/#website"},"primaryImageOfPage":{"@id":"https:\/\/twind.io\/it\/webinar-iso-45001-e-gestione-degli-appaltatori\/#primaryimage"},"image":{"@id":"https:\/\/twind.io\/it\/webinar-iso-45001-e-gestione-degli-appaltatori\/#primaryimage"},"thumbnailUrl":"https:\/\/twind.io\/it\/wp-content\/uploads\/2023\/04\/Logo-Twind.svg","datePublished":"2025-08-12T11:37:02+00:00","dateModified":"2025-10-17T08:05:38+00:00","description":"ISO 45001 e\u00a0gestione degli appaltatori","breadcrumb":{"@id":"https:\/\/twind.io\/it\/webinar-iso-45001-e-gestione-degli-appaltatori\/#breadcrumb"},"inLanguage":"it-IT","potentialAction":[{"@type":"ReadAction","target":["https:\/\/twind.io\/it\/webinar-iso-45001-e-gestione-degli-appaltatori\/"]}]},{"@type":"ImageObject","inLanguage":"it-IT","@id":"https:\/\/twind.io\/it\/webinar-iso-45001-e-gestione-degli-appaltatori\/#primaryimage","url":"https:\/\/twind.io\/it\/wp-content\/uploads\/2023\/04\/Logo-Twind.svg","contentUrl":"https:\/\/twind.io\/it\/wp-content\/uploads\/2023\/04\/Logo-Twind.svg"},{"@type":"BreadcrumbList","@id":"https:\/\/twind.io\/it\/webinar-iso-45001-e-gestione-degli-appaltatori\/#breadcrumb","itemListElement":[{"@type":"ListItem","position":1,"name":"Portada","item":"https:\/\/twind.io\/it\/"},{"@type":"ListItem","position":2,"name":"Webinar Da obbligo normativo a leva strategica: ISO 45001 e\u00a0gestione degli appaltatori"}]},{"@type":"WebSite","@id":"https:\/\/twind.io\/it\/#website","url":"https:\/\/twind.io\/it\/","name":"Twind \u2013 Piattaforma per la Gestione di Appaltatori e Fornitori","description":"Automatizza la gestione di appaltatori e fornitori con Twind. Semplifica tutta la documentazione con AI. Monitora accessi e conformit\u00e0 in tempo reale.","publisher":{"@id":"https:\/\/twind.io\/it\/#organization"},"potentialAction":[{"@type":"SearchAction","target":{"@type":"EntryPoint","urlTemplate":"https:\/\/twind.io\/it\/?s={search_term_string}"},"query-input":{"@type":"PropertyValueSpecification","valueRequired":true,"valueName":"search_term_string"}}],"inLanguage":"it-IT"},{"@type":"Organization","@id":"https:\/\/twind.io\/it\/#organization","name":"Twind \u2013 Piattaforma per la Gestione di Appaltatori e Fornitori","url":"https:\/\/twind.io\/it\/","logo":{"@type":"ImageObject","inLanguage":"it-IT","@id":"https:\/\/twind.io\/it\/#\/schema\/logo\/image\/","url":"https:\/\/twind.io\/it\/wp-content\/uploads\/2023\/04\/Logo-Twind.svg","contentUrl":"https:\/\/twind.io\/it\/wp-content\/uploads\/2023\/04\/Logo-Twind.svg","width":1,"height":1,"caption":"Twind \u2013 Piattaforma per la Gestione di Appaltatori e Fornitori"},"image":{"@id":"https:\/\/twind.io\/it\/#\/schema\/logo\/image\/"}}]}},"_links":{"self":[{"href":"https:\/\/twind.io\/it\/wp-json\/wp\/v2\/pages\/3565","targetHints":{"allow":["GET"]}}],"collection":[{"href":"https:\/\/twind.io\/it\/wp-json\/wp\/v2\/pages"}],"about":[{"href":"https:\/\/twind.io\/it\/wp-json\/wp\/v2\/types\/page"}],"author":[{"embeddable":true,"href":"https:\/\/twind.io\/it\/wp-json\/wp\/v2\/users\/1"}],"replies":[{"embeddable":true,"href":"https:\/\/twind.io\/it\/wp-json\/wp\/v2\/comments?post=3565"}],"version-history":[{"count":67,"href":"https:\/\/twind.io\/it\/wp-json\/wp\/v2\/pages\/3565\/revisions"}],"predecessor-version":[{"id":3888,"href":"https:\/\/twind.io\/it\/wp-json\/wp\/v2\/pages\/3565\/revisions\/3888"}],"wp:attachment":[{"href":"https:\/\/twind.io\/it\/wp-json\/wp\/v2\/media?parent=3565"}],"curies":[{"name":"wp","href":"https:\/\/api.w.org\/{rel}","templated":true}]}}