{"id":3949,"date":"2025-11-03T08:30:13","date_gmt":"2025-11-03T08:30:13","guid":{"rendered":"https:\/\/twind.io\/it\/?page_id=3949"},"modified":"2026-03-24T07:58:46","modified_gmt":"2026-03-24T07:58:46","slug":"webinar-come-applicare-lart-26","status":"publish","type":"page","link":"https:\/\/twind.io\/it\/webinar-come-applicare-lart-26\/","title":{"rendered":"Webinar Appalti senza errori: come applicare l\u2019Art. 26 e verificare l\u2019idoneit\u00e0\u00a0"},"content":{"rendered":"<p><span style=\"\"><img decoding=\"async\" alt=\"\" data-id=\"309\" width=\"180\" data-init-width=\"697\" height=\"47\" data-init-height=\"209\" title=\"Logo Twind\" src=\"https:\/\/twind.io\/it\/wp-content\/uploads\/2023\/04\/Logo-Twind.svg\" data-width=\"180\" data-height=\"47\" style=\"aspect-ratio: auto 697 \/ 209;\" mt-d=\"-0.5469000000000008\" ml-d=\"0\" center-v-d=\"false\" loading=\"lazy\"><\/span><span><img decoding=\"async\" alt=\"\" data-id=\"3693\" width=\"242\" data-init-width=\"885\" height=\"69\" data-init-height=\"251\" title=\"Logo Twind Talks - H\" src=\"https:\/\/twind.io\/it\/wp-content\/uploads\/2025\/09\/Logo-Twind-Talks-H.png\" data-width=\"242\" data-height=\"69\" style=\"aspect-ratio: auto 885 \/ 251;\" loading=\"lazy\"><\/span><\/p>\n<p style=\"text-align: left;\">Appalti senza errori: <br \/><span style=\"\">come applicare l\u2019Art. 26 e verificare l\u2019idoneit\u00e0<\/span><\/p>\n<p style=\"text-align: left;\"><span><\/span><em><span>Disponibile on demand<\/span><\/em><\/p>\n<p><span><img decoding=\"async\" alt=\"Twind\" data-id=\"203\" title=\"Twind\" src=\"https:\/\/twind.io\/it\/wp-content\/uploads\/2023\/04\/1-built-for-multi.svg\" data-width=\"486\" data-height=\"270\" style=\"\" height=\"270\" width=\"486\" loading=\"lazy\"><\/span>[tcb-script charset=&#8221;utf-8&#8243; type=&#8221;text\/javascript&#8221; src=&#8221;\/\/js-eu1.hsforms.net\/forms\/embed\/v2.js&#8221;][\/tcb-script][tcb-script]  hbspt.forms.create({    portalId: &#8220;146424663&#8221;,    formId: &#8220;f54b8311-e618-47d0-95d1-b3bb5430a8ce&#8221;,    region: &#8220;eu1&#8221;  });[\/tcb-script]<\/p>\n<p><span style=\"--tcb-applied-color: rgb(26, 48, 55) !important; color: rgb(26, 48, 55) !important; font-size: 17px !important;\"><strong><span>Gestire gli appalti non deve essere un rischio, ma un vantaggio competitivo<\/span><\/strong><br \/><\/span><\/p>\n<p style=\"\"><span style=\"--tcb-applied-color: rgb(26, 48, 55) !important; color: rgb(26, 48, 55) !important; font-size: 17px !important;\">In questo webinar gratuito scopriremo come applicare correttamente l\u2019Art. 26 del D.Lgs. 81\/2008 passo dopo passo e come garantire la conformit\u00e0 nella verifica dell\u2019idoneit\u00e0 tecnico-professionale di imprese e lavoratori autonomi.<\/span><\/p>\n<p><span style=\"--tcb-applied-color: rgb(26, 48, 55) !important; color: rgb(26, 48, 55) !important; font-size: 17px !important;\"><strong><span>Gestire appalti sicuri: tutto parte dall\u2019Art. 26<\/span><\/strong><br \/><\/span><\/p>\n<p style=\"\"><span style=\"--tcb-applied-color: rgb(26, 48, 55) !important; color: rgb(26, 48, 55) !important; font-size: 17px !important;\">L\u2019Art. 26 del D.Lgs. 81\/2008 \u00e8 uno dei punti pi\u00f9 delicati nella gestione della sicurezza negli appalti. Molte aziende incontrano difficolt\u00e0 nel comprenderne gli obblighi, rischiando sanzioni o infortuni dovuti a valutazioni incomplete.<\/span><\/p>\n<p style=\"\"><span style=\"--tcb-applied-color: rgb(26, 48, 55) !important; color: rgb(26, 48, 55) !important; font-size: 17px !important;\">Durante il webinar approfondiremo come applicare l\u2019articolo nella pratica, distinguendo ruoli e responsabilit\u00e0, e condivideremo esempi e strumenti digitali che ci aiutano a gestire in modo tracciabile e conforme l\u2019idoneit\u00e0 tecnico-professionale.<\/span><span style=\"--tcb-applied-color: rgb(26, 48, 55) !important; color: rgb(26, 48, 55) !important; font-size: 17px !important;\"><\/span><br \/><span style=\"--tcb-applied-color: rgb(26, 48, 55) !important; color: rgb(26, 48, 55) !important; font-size: 17px !important;\"><\/span><\/p>\n<p><span style=\"--tcb-applied-color: rgb(26, 48, 55) !important; color: rgb(26, 48, 55) !important; font-size: 17px !important;\"><strong><span>Cosa impareremo?<\/span><\/strong><br \/><\/span><\/p>\n<p style=\"\"><span style=\"font-size: 17px !important;\"><strong><img decoding=\"async\" role=\"img\" alt=\"\ud83d\udd39\" src=\"https:\/\/s.w.org\/images\/core\/emoji\/17.0.2\/svg\/1f539.svg\" loading=\"lazy\"> Contesto e chiavi di lettura dell\u2019Art. 26<\/strong> <br \/>Analizzeremo l\u2019origine, le finalit\u00e0 e gli obblighi per il committente nel quadro del D.Lgs. 81\/2008. <\/p>\n<p><strong><strong><img decoding=\"async\" role=\"img\" alt=\"\ud83d\udd39\" src=\"https:\/\/s.w.org\/images\/core\/emoji\/17.0.2\/svg\/1f539.svg\" loading=\"lazy\">&nbsp;<\/strong>Idoneit\u00e0 tecnico-professionale nella pratica<\/strong> <br \/>Vedremo quali documenti richiedere, quando farlo e come distinguere tra imprese appaltatrici e lavoratori autonomi. <\/p>\n<p><strong><strong><img decoding=\"async\" role=\"img\" alt=\"\ud83d\udd39\" src=\"https:\/\/s.w.org\/images\/core\/emoji\/17.0.2\/svg\/1f539.svg\" loading=\"lazy\">&nbsp;<\/strong>Buone pratiche e strumenti digitali<\/strong> <br \/>Condivideremo esempi concreti di tracciabilit\u00e0, gestione documentale e follow-up efficiente. <\/p>\n<p><strong><strong><img decoding=\"async\" role=\"img\" alt=\"\ud83d\udd39\" src=\"https:\/\/s.w.org\/images\/core\/emoji\/17.0.2\/svg\/1f539.svg\" loading=\"lazy\">&nbsp;<\/strong>Sessione Q&amp;A<\/strong><\/span><span style=\"font-size: 17px !important;\"><strong><\/strong> <br \/>Risponderemo in diretta ai dubbi pi\u00f9 frequenti dei partecipanti.<\/span><br \/><span style=\"font-size: 17px !important;\"><\/span><\/p>\n<p><span style=\"--tcb-applied-color: rgb(26, 48, 55) !important; color: rgb(26, 48, 55) !important; font-size: 17px !important;\"><strong><span>Lo speaker<\/span><\/strong><br \/><\/span><\/p>\n<p style=\"\"><span style=\"--tcb-applied-color: rgb(26, 48, 55) !important; color: rgb(26, 48, 55) !important; font-size: 17px !important;\"><strong>Lorenzo Fantini \u00e8 consulente e docente in materia di prevenzione degli infortuni sul lavoro e delle malattie professionali.<\/strong> \u00c8 stato avvocato giuslavorista e dirigente presso il Ministero del Lavoro, dove ha rappresentato l\u2019amministrazione anche presso organismi italiani ed europei. Ha contribuito all\u2019elaborazione del D.Lgs. 81\/2008. \u00c8 autore di oltre 130 pubblicazioni e di diverse monografie.<\/span><\/p>\n<p><span style=\"--tcb-applied-color: rgb(26, 48, 55) !important; color: rgb(26, 48, 55) !important; font-size: 17px !important;\"><strong><span>A chi \u00e8 rivolto il webinar?<\/span><\/strong><br \/><\/span><\/p>\n<ul>\n<li data-aria-level=\"1\" data-aria-posinset=\"5\" data-font=\"Symbol\" data-leveltext=\"\uf0b7\" data-list-defn-props=\"{&quot;335552541&quot;:1,&quot;335559685&quot;:720,&quot;335559991&quot;:360,&quot;469769226&quot;:&quot;Symbol&quot;,&quot;469769242&quot;:[8226],&quot;469777803&quot;:&quot;left&quot;,&quot;469777804&quot;:&quot;\uf0b7&quot;,&quot;469777815&quot;:&quot;hybridMultilevel&quot;}\" data-listid=\"2\"><span data-contrast=\"none\">Responsabili HSE e RSPP<\/span><span data-ccp-props=\"{}\">&nbsp;<\/span><\/li>\n<li data-aria-level=\"1\" data-aria-posinset=\"6\" data-font=\"Symbol\" data-leveltext=\"\uf0b7\" data-list-defn-props=\"{&quot;335552541&quot;:1,&quot;335559685&quot;:720,&quot;335559991&quot;:360,&quot;469769226&quot;:&quot;Symbol&quot;,&quot;469769242&quot;:[8226],&quot;469777803&quot;:&quot;left&quot;,&quot;469777804&quot;:&quot;\uf0b7&quot;,&quot;469777815&quot;:&quot;hybridMultilevel&quot;}\" data-listid=\"2\"><span data-contrast=\"none\">Datori di lavoro e committenti<\/span><span data-ccp-props=\"{}\">&nbsp;<\/span><\/li>\n<li data-aria-level=\"1\" data-aria-posinset=\"7\" data-font=\"Symbol\" data-leveltext=\"\uf0b7\" data-list-defn-props=\"{&quot;335552541&quot;:1,&quot;335559685&quot;:720,&quot;335559991&quot;:360,&quot;469769226&quot;:&quot;Symbol&quot;,&quot;469769242&quot;:[8226],&quot;469777803&quot;:&quot;left&quot;,&quot;469777804&quot;:&quot;\uf0b7&quot;,&quot;469777815&quot;:&quot;hybridMultilevel&quot;}\" data-listid=\"2\"><span data-contrast=\"none\">Consulenti in sicurezza sul lavoro e compliance<\/span><span data-ccp-props=\"{}\">&nbsp;<\/span><\/li>\n<li data-aria-level=\"1\" data-aria-posinset=\"8\" data-font=\"Symbol\" data-leveltext=\"\uf0b7\" data-list-defn-props=\"{&quot;335552541&quot;:1,&quot;335559685&quot;:720,&quot;335559991&quot;:360,&quot;469769226&quot;:&quot;Symbol&quot;,&quot;469769242&quot;:[8226],&quot;469777803&quot;:&quot;left&quot;,&quot;469777804&quot;:&quot;\uf0b7&quot;,&quot;469777815&quot;:&quot;hybridMultilevel&quot;}\" data-listid=\"2\" style=\"\"><span data-contrast=\"none\">Responsabili HR\u202fche gestiscono imprese esterne o lavoratori autonomi<\/span><span data-ccp-props=\"{}\">&nbsp;<\/span><\/li>\n<\/ul>\n<p style=\"\"><strong><a href=\"#tve-jump-19a4e5b64b8\" style=\"outline: none;\" jump-animation=\"smooth\" spellcheck=\"false\">Iscriviti qui per partecipare al webinar &nbsp;<\/a><strong><a href=\"https:\/\/twind.io\/it\/webinar-iso-45001-e-gestione-degli-appaltatori\/?tve=true&amp;tcbf=fe90dcba36#tve-jump-19832363076\"><\/a><\/strong><\/strong><\/p>\n<p style=\"text-align: left;\"><span data-ccp-props=\"{&quot;201341983&quot;:0,&quot;335559739&quot;:160,&quot;335559740&quot;:259}\" style=\"\"><strong><strong>Presentato da:<\/strong><\/strong><\/span><\/p>\n<p><span style=\"\"><img decoding=\"async\" alt=\"\" data-id=\"3953\" width=\"165\" data-init-width=\"500\" height=\"165\" data-init-height=\"500\" title=\"Lorenzo Fantini\" src=\"https:\/\/twind.io\/it\/wp-content\/uploads\/2025\/11\/lorenzo-Fantini.png\" data-width=\"165\" data-height=\"165\" style=\"aspect-ratio: auto 500 \/ 500;\" mt-d=\"0\" ml-d=\"-1.997000000000014\" loading=\"lazy\"><\/span><\/p>\n<p style=\"text-align: left;\"><span data-ccp-props=\"{&quot;201341983&quot;:0,&quot;335559739&quot;:160,&quot;335559740&quot;:259}\"><strong><span style=\"font-size: 16px !important; --tcb-applied-color: var$(--tcb-skin-color-0) !important; color: var(--tcb-skin-color-0) !important;\">Lorenzo Fantini<\/span><\/strong><\/span><\/p>\n<p color=\"dark\" style=\"text-align: left;\"><span style=\"font-size: 14px !important;\">Giurista e consulente in prevenzione degli infortuni sul lavoro<\/span><a href=\"https:\/\/www.linkedin.com\/in\/pietro-greco-0785a546\/\" spellcheck=\"false\" style=\"outline: none;\" target=\"_blank\"><span data-ccp-props=\"{&quot;201341983&quot;:0,&quot;335559739&quot;:160,&quot;335559740&quot;:259}\"><\/span><\/a><\/p>\n","protected":false},"excerpt":{"rendered":"<p>Appalti senza errori: come applicare l\u2019Art. 26 e verificare l\u2019idoneit\u00e0 Disponibile on demand [tcb-script charset=&#8221;utf-8&#8243; type=&#8221;text\/javascript&#8221; src=&#8221;\/\/js-eu1.hsforms.net\/forms\/embed\/v2.js&#8221;][\/tcb-script][tcb-script] hbspt.forms.create({ portalId: &#8220;146424663&#8221;, formId: &#8220;f54b8311-e618-47d0-95d1-b3bb5430a8ce&#8221;, region: &#8220;eu1&#8221; });[\/tcb-script] Gestire gli appalti non deve essere un rischio, ma un vantaggio competitivo In questo webinar gratuito scopriremo come applicare correttamente l\u2019Art. 26 del D.Lgs. 81\/2008 passo dopo passo e come [&hellip;]<\/p>\n","protected":false},"author":1,"featured_media":0,"parent":0,"menu_order":0,"comment_status":"closed","ping_status":"closed","template":"","meta":{"content-type":"","footnotes":""},"class_list":["post-3949","page","type-page","status-publish","hentry","post-wrapper","thrv_wrapper"],"yoast_head":"<!-- This site is optimized with the Yoast SEO plugin v27.2 - https:\/\/yoast.com\/product\/yoast-seo-wordpress\/ -->\n<title>Webinar Appalti senza errori: come applicare l\u2019Art. 26 e verificare l\u2019idoneit\u00e0<\/title>\n<meta name=\"description\" content=\"Webinar Appalti senza errori: come applicare l\u2019Art. 26 e verificare l\u2019idoneit\u00e0\u00a0\" \/>\n<meta name=\"robots\" content=\"index, follow, max-snippet:-1, max-image-preview:large, max-video-preview:-1\" \/>\n<link rel=\"canonical\" href=\"https:\/\/twind.io\/it\/webinar-come-applicare-lart-26\/\" \/>\n<meta property=\"og:locale\" content=\"it_IT\" \/>\n<meta property=\"og:type\" content=\"article\" \/>\n<meta property=\"og:title\" content=\"Webinar Appalti senza errori: come applicare l\u2019Art. 26 e verificare l\u2019idoneit\u00e0\" \/>\n<meta property=\"og:description\" content=\"Webinar Appalti senza errori: come applicare l\u2019Art. 26 e verificare l\u2019idoneit\u00e0\u00a0\" \/>\n<meta property=\"og:url\" content=\"https:\/\/twind.io\/it\/webinar-come-applicare-lart-26\/\" \/>\n<meta property=\"og:site_name\" content=\"Twind \u2013 Piattaforma per la Gestione di Appaltatori e Fornitori\" \/>\n<meta property=\"article:modified_time\" content=\"2026-03-24T07:58:46+00:00\" \/>\n<meta property=\"og:image\" content=\"https:\/\/twind.io\/it\/wp-content\/uploads\/2023\/04\/Logo-Twind.svg\" \/>\n<meta name=\"twitter:card\" content=\"summary_large_image\" \/>\n<meta name=\"twitter:label1\" content=\"Tempo di lettura stimato\" \/>\n\t<meta name=\"twitter:data1\" content=\"3 minuti\" \/>\n<script type=\"application\/ld+json\" class=\"yoast-schema-graph\">{\"@context\":\"https:\/\/schema.org\",\"@graph\":[{\"@type\":\"WebPage\",\"@id\":\"https:\/\/twind.io\/it\/webinar-come-applicare-lart-26\/\",\"url\":\"https:\/\/twind.io\/it\/webinar-come-applicare-lart-26\/\",\"name\":\"Webinar Appalti senza errori: come applicare l\u2019Art. 26 e verificare l\u2019idoneit\u00e0\",\"isPartOf\":{\"@id\":\"https:\/\/twind.io\/it\/#website\"},\"primaryImageOfPage\":{\"@id\":\"https:\/\/twind.io\/it\/webinar-come-applicare-lart-26\/#primaryimage\"},\"image\":{\"@id\":\"https:\/\/twind.io\/it\/webinar-come-applicare-lart-26\/#primaryimage\"},\"thumbnailUrl\":\"https:\/\/twind.io\/it\/wp-content\/uploads\/2023\/04\/Logo-Twind.svg\",\"datePublished\":\"2025-11-03T08:30:13+00:00\",\"dateModified\":\"2026-03-24T07:58:46+00:00\",\"description\":\"Webinar Appalti senza errori: come applicare l\u2019Art. 26 e verificare l\u2019idoneit\u00e0\u00a0\",\"breadcrumb\":{\"@id\":\"https:\/\/twind.io\/it\/webinar-come-applicare-lart-26\/#breadcrumb\"},\"inLanguage\":\"it-IT\",\"potentialAction\":[{\"@type\":\"ReadAction\",\"target\":[\"https:\/\/twind.io\/it\/webinar-come-applicare-lart-26\/\"]}]},{\"@type\":\"ImageObject\",\"inLanguage\":\"it-IT\",\"@id\":\"https:\/\/twind.io\/it\/webinar-come-applicare-lart-26\/#primaryimage\",\"url\":\"https:\/\/twind.io\/it\/wp-content\/uploads\/2023\/04\/Logo-Twind.svg\",\"contentUrl\":\"https:\/\/twind.io\/it\/wp-content\/uploads\/2023\/04\/Logo-Twind.svg\"},{\"@type\":\"BreadcrumbList\",\"@id\":\"https:\/\/twind.io\/it\/webinar-come-applicare-lart-26\/#breadcrumb\",\"itemListElement\":[{\"@type\":\"ListItem\",\"position\":1,\"name\":\"Portada\",\"item\":\"https:\/\/twind.io\/it\/\"},{\"@type\":\"ListItem\",\"position\":2,\"name\":\"Webinar Appalti senza errori: come applicare l\u2019Art. 26 e verificare l\u2019idoneit\u00e0\u00a0\"}]},{\"@type\":\"WebSite\",\"@id\":\"https:\/\/twind.io\/it\/#website\",\"url\":\"https:\/\/twind.io\/it\/\",\"name\":\"Twind \u2013 Piattaforma per la Gestione di Appaltatori e Fornitori\",\"description\":\"Automatizza la gestione di appaltatori e fornitori con Twind. Semplifica tutta la documentazione con AI. Monitora accessi e conformit\u00e0 in tempo reale.\",\"publisher\":{\"@id\":\"https:\/\/twind.io\/it\/#organization\"},\"potentialAction\":[{\"@type\":\"SearchAction\",\"target\":{\"@type\":\"EntryPoint\",\"urlTemplate\":\"https:\/\/twind.io\/it\/?s={search_term_string}\"},\"query-input\":{\"@type\":\"PropertyValueSpecification\",\"valueRequired\":true,\"valueName\":\"search_term_string\"}}],\"inLanguage\":\"it-IT\"},{\"@type\":\"Organization\",\"@id\":\"https:\/\/twind.io\/it\/#organization\",\"name\":\"Twind \u2013 Piattaforma per la Gestione di Appaltatori e Fornitori\",\"url\":\"https:\/\/twind.io\/it\/\",\"logo\":{\"@type\":\"ImageObject\",\"inLanguage\":\"it-IT\",\"@id\":\"https:\/\/twind.io\/it\/#\/schema\/logo\/image\/\",\"url\":\"https:\/\/twind.io\/it\/wp-content\/uploads\/2023\/04\/Logo-Twind.svg\",\"contentUrl\":\"https:\/\/twind.io\/it\/wp-content\/uploads\/2023\/04\/Logo-Twind.svg\",\"width\":1,\"height\":1,\"caption\":\"Twind \u2013 Piattaforma per la Gestione di Appaltatori e Fornitori\"},\"image\":{\"@id\":\"https:\/\/twind.io\/it\/#\/schema\/logo\/image\/\"}}]}<\/script>\n<!-- \/ Yoast SEO plugin. -->","yoast_head_json":{"title":"Webinar Appalti senza errori: come applicare l\u2019Art. 26 e verificare l\u2019idoneit\u00e0","description":"Webinar Appalti senza errori: come applicare l\u2019Art. 26 e verificare l\u2019idoneit\u00e0\u00a0","robots":{"index":"index","follow":"follow","max-snippet":"max-snippet:-1","max-image-preview":"max-image-preview:large","max-video-preview":"max-video-preview:-1"},"canonical":"https:\/\/twind.io\/it\/webinar-come-applicare-lart-26\/","og_locale":"it_IT","og_type":"article","og_title":"Webinar Appalti senza errori: come applicare l\u2019Art. 26 e verificare l\u2019idoneit\u00e0","og_description":"Webinar Appalti senza errori: come applicare l\u2019Art. 26 e verificare l\u2019idoneit\u00e0\u00a0","og_url":"https:\/\/twind.io\/it\/webinar-come-applicare-lart-26\/","og_site_name":"Twind \u2013 Piattaforma per la Gestione di Appaltatori e Fornitori","article_modified_time":"2026-03-24T07:58:46+00:00","og_image":[{"url":"https:\/\/twind.io\/it\/wp-content\/uploads\/2023\/04\/Logo-Twind.svg","type":"","width":"","height":""}],"twitter_card":"summary_large_image","twitter_misc":{"Tempo di lettura stimato":"3 minuti"},"schema":{"@context":"https:\/\/schema.org","@graph":[{"@type":"WebPage","@id":"https:\/\/twind.io\/it\/webinar-come-applicare-lart-26\/","url":"https:\/\/twind.io\/it\/webinar-come-applicare-lart-26\/","name":"Webinar Appalti senza errori: come applicare l\u2019Art. 26 e verificare l\u2019idoneit\u00e0","isPartOf":{"@id":"https:\/\/twind.io\/it\/#website"},"primaryImageOfPage":{"@id":"https:\/\/twind.io\/it\/webinar-come-applicare-lart-26\/#primaryimage"},"image":{"@id":"https:\/\/twind.io\/it\/webinar-come-applicare-lart-26\/#primaryimage"},"thumbnailUrl":"https:\/\/twind.io\/it\/wp-content\/uploads\/2023\/04\/Logo-Twind.svg","datePublished":"2025-11-03T08:30:13+00:00","dateModified":"2026-03-24T07:58:46+00:00","description":"Webinar Appalti senza errori: come applicare l\u2019Art. 26 e verificare l\u2019idoneit\u00e0\u00a0","breadcrumb":{"@id":"https:\/\/twind.io\/it\/webinar-come-applicare-lart-26\/#breadcrumb"},"inLanguage":"it-IT","potentialAction":[{"@type":"ReadAction","target":["https:\/\/twind.io\/it\/webinar-come-applicare-lart-26\/"]}]},{"@type":"ImageObject","inLanguage":"it-IT","@id":"https:\/\/twind.io\/it\/webinar-come-applicare-lart-26\/#primaryimage","url":"https:\/\/twind.io\/it\/wp-content\/uploads\/2023\/04\/Logo-Twind.svg","contentUrl":"https:\/\/twind.io\/it\/wp-content\/uploads\/2023\/04\/Logo-Twind.svg"},{"@type":"BreadcrumbList","@id":"https:\/\/twind.io\/it\/webinar-come-applicare-lart-26\/#breadcrumb","itemListElement":[{"@type":"ListItem","position":1,"name":"Portada","item":"https:\/\/twind.io\/it\/"},{"@type":"ListItem","position":2,"name":"Webinar Appalti senza errori: come applicare l\u2019Art. 26 e verificare l\u2019idoneit\u00e0\u00a0"}]},{"@type":"WebSite","@id":"https:\/\/twind.io\/it\/#website","url":"https:\/\/twind.io\/it\/","name":"Twind \u2013 Piattaforma per la Gestione di Appaltatori e Fornitori","description":"Automatizza la gestione di appaltatori e fornitori con Twind. Semplifica tutta la documentazione con AI. Monitora accessi e conformit\u00e0 in tempo reale.","publisher":{"@id":"https:\/\/twind.io\/it\/#organization"},"potentialAction":[{"@type":"SearchAction","target":{"@type":"EntryPoint","urlTemplate":"https:\/\/twind.io\/it\/?s={search_term_string}"},"query-input":{"@type":"PropertyValueSpecification","valueRequired":true,"valueName":"search_term_string"}}],"inLanguage":"it-IT"},{"@type":"Organization","@id":"https:\/\/twind.io\/it\/#organization","name":"Twind \u2013 Piattaforma per la Gestione di Appaltatori e Fornitori","url":"https:\/\/twind.io\/it\/","logo":{"@type":"ImageObject","inLanguage":"it-IT","@id":"https:\/\/twind.io\/it\/#\/schema\/logo\/image\/","url":"https:\/\/twind.io\/it\/wp-content\/uploads\/2023\/04\/Logo-Twind.svg","contentUrl":"https:\/\/twind.io\/it\/wp-content\/uploads\/2023\/04\/Logo-Twind.svg","width":1,"height":1,"caption":"Twind \u2013 Piattaforma per la Gestione di Appaltatori e Fornitori"},"image":{"@id":"https:\/\/twind.io\/it\/#\/schema\/logo\/image\/"}}]}},"_links":{"self":[{"href":"https:\/\/twind.io\/it\/wp-json\/wp\/v2\/pages\/3949","targetHints":{"allow":["GET"]}}],"collection":[{"href":"https:\/\/twind.io\/it\/wp-json\/wp\/v2\/pages"}],"about":[{"href":"https:\/\/twind.io\/it\/wp-json\/wp\/v2\/types\/page"}],"author":[{"embeddable":true,"href":"https:\/\/twind.io\/it\/wp-json\/wp\/v2\/users\/1"}],"replies":[{"embeddable":true,"href":"https:\/\/twind.io\/it\/wp-json\/wp\/v2\/comments?post=3949"}],"version-history":[{"count":23,"href":"https:\/\/twind.io\/it\/wp-json\/wp\/v2\/pages\/3949\/revisions"}],"predecessor-version":[{"id":5340,"href":"https:\/\/twind.io\/it\/wp-json\/wp\/v2\/pages\/3949\/revisions\/5340"}],"wp:attachment":[{"href":"https:\/\/twind.io\/it\/wp-json\/wp\/v2\/media?parent=3949"}],"curies":[{"name":"wp","href":"https:\/\/api.w.org\/{rel}","templated":true}]}}