{"id":4156,"date":"2025-11-11T08:27:17","date_gmt":"2025-11-11T08:27:17","guid":{"rendered":"https:\/\/twind.io\/it\/?page_id=4156"},"modified":"2026-03-12T10:18:45","modified_gmt":"2026-03-12T10:18:45","slug":"calcolatore-roi-twind","status":"publish","type":"page","link":"https:\/\/twind.io\/it\/calcolatore-roi-twind\/","title":{"rendered":"Calcolatore ROI Twind"},"content":{"rendered":"<p>    Calcolatore di ROI &#8211; Twind  <!-- Poppins para UI -->                  <\/p>\n<h1 style=\"color: #7346ff; font-size:1.2em;\">Calcolatore del Ritorno sull&#8217;Investimento (ROI) di Twind<\/h1>\n<h2 style=\"color: #000; font-size:0.9em;\">Scopri come ridurre i costi nella gestione di appaltatori e fornitori. I tuoi competitor stanno gi\u00e0 risparmiando migliaia di euro. E tu, che aspetti?<\/h2>\n<p style=\"font-size:0.85em;\">Ricevi la tua analisi personalizzata in 2 minuti e scopri quanto tempo e denaro puoi risparmiare con Twind. Oltre 3.000 aziende stanno gi\u00e0 ottimizzando costi e tempi con noi.<\/p>\n<p>                  N\u00b0 centri di lavoro (sedi, impianti, etc):                              N\u00b0 aziende esterne (appaltatori,  fornitori, inclusi autonomi):                             Ore settimanali impiegate nella gestione di appaltatori e fornitori:                    <!-- Cuadro de diagn\u00f3stico CAE -->                                  La tua valutazione HSE                                    Ottieni il mio report ROI personalizzato gratuitamente        [tcb-script]    \/\/ Tablas de precios (id\u00e9nticas al Excel)    const pricingByContractors = [      { min: 0, max: 20, price: 0 },      { min: 20, max: 40, price: 400 },      { min: 40, max: 60, price: 680 },      { min: 60, max: 80, price: 920 },      { min: 80, max: 100, price: 1160 },      { min: 100, max: 120, price: 1360 },      { min: 120, max: 140, price: 1540 },      { min: 140, max: 160, price: 1690 },      { min: 160, max: 180, price: 1840 },      { min: 180, max: 200, price: 1950 },      { min: 200, max: 250, price: 2150 },      { min: 250, max: 300, price: 2350 },      { min: 300, max: 350, price: 2520 },      { min: 350, max: 400, price: 2690 },      { min: 400, max: 450, price: 2825 },      { min: 450, max: 500, price: 2960 },      { min: 500, max: Infinity, price: 2960 }    ];    const pricingByWorkCenters = {      1: 0, 2: 53.75, 3: 107.50, 4: 161.25, 5: 215.00,      6: 268.75, 7: 322.50, 8: 376.25, 9: 430.00, 10: 1034.69,      11: 1088.44, 12: 1142.19, 13: 1195.94, 14: 1249.69, 15: 1303.44,      16: 1357.19, 17: 1410.94, 18: 1464.69, 19: 1518.44, 20: 1572.19,      21: 1602.90, 22: 1633.61, 23: 1664.33, 24: 1695.04, 25: 1725.75,      26: 1756.46, 27: 1787.18, 28: 1817.89, 29: 1848.60, 30: 1879.32,      31: 1910.03, 32: 1940.74, 33: 1971.45, 34: 2002.17, 35: 2032.88,      36: 2063.59, 37: 2094.30, 38: 2125.02, 39: 2155.73, 40: 2186.44,      41: 2217.16, 42: 2247.87, 43: 2278.58, 44: 2309.29, 45: 2340.01,      46: 2370.72, 47: 2401.43, 48: 2432.14, 49: 2462.86, 50: 2493.57    };    \/\/ Objeto para almacenar todos los c\u00e1lculos de ROI    const roiData = {};    function getPlatformCost(contractors, workCenters) {      \/\/ Encontrar precio por n\u00famero de contratistas      let contractorsCost = pricingByContractors[0].price; \/\/ Default      for (let tier of pricingByContractors) {        if (contractors &gt;= tier.min &amp;&amp; contractors &lt; tier.max) {          contractorsCost = tier.price;          break;        }      }      \/\/ Encontrar precio por centros de trabajo      let centersCost = pricingByWorkCenters[workCenters] || 0;      if (workCenters &gt; 50) {        \/\/ Extrapolar para m\u00e1s de 50 centros        centersCost = 2493.57 + ((workCenters &#8211; 50) * 30.71);      }      return contractorsCost + centersCost;    }    function calculateROI() {      \/\/ Obtener valores de los inputs      const workCenters = parseFloat(document.getElementById(&#8216;workCenters&#8217;).value);      const contractors = parseFloat(document.getElementById(&#8216;contractors&#8217;).value);      const adminHoursPerWeek = parseFloat(document.getElementById(&#8216;adminHours&#8217;).value);            const downloadButton = document.getElementById(&#8216;downloadButton&#8217;);      const diagnosisBox = document.getElementById(&#8216;diagnosisBox&#8217;);      const diagnosisLevel = document.getElementById(&#8216;diagnosisLevel&#8217;);      const diagnosisDescription = document.getElementById(&#8216;diagnosisDescription&#8217;);      \/\/ Verificar que todos los campos est\u00e9n completos y sean v\u00e1lidos      const allFieldsValid = [workCenters, contractors, adminHoursPerWeek]        .every(value =&gt; !isNaN(value) &amp;&amp; value &gt; 0);            \/\/ Mostrar\/ocultar elementos seg\u00fan validez de los datos      downloadButton.style.display = allFieldsValid ? &#8216;block&#8217; : &#8216;none&#8217;;      diagnosisBox.style.display = allFieldsValid ? &#8216;block&#8217; : &#8216;none&#8217;;      if (!allFieldsValid) return;      \/\/ Constantes      const HOURLY_COST = 30; \/\/ \u20ac\/hora (coste tiempo TPRL)      const TIME_REDUCTION = 0.75; \/\/ 75% de reducci\u00f3n      const WEEKS_PER_YEAR = 52;      \/\/ 1. Calcular Tiempo Standard CAE (f\u00f3rmula del Excel)      const standardCAETime = (((contractors * 10) \/ 60) * (1 + (workCenters &#8211; 1) * 0.2));      \/\/ 2. Tiempo total SIN plataforma (tomar el mayor entre lo indicado y el standard)      const timeWithoutPlatform = Math.max(adminHoursPerWeek, standardCAETime);      const annualTimeWithoutPlatform = Math.round(timeWithoutPlatform * WEEKS_PER_YEAR);      \/\/ 3. Coste anual SIN plataforma      const annualCostWithoutPlatform = annualTimeWithoutPlatform * HOURLY_COST;      \/\/ 4. Tiempo CON plataforma (reducci\u00f3n del 75%)      const annualTimeWithPlatform = annualTimeWithoutPlatform * (1 &#8211; TIME_REDUCTION);      \/\/ 5. Coste de la plataforma (lookup din\u00e1mico)      const platformAnnualCost = getPlatformCost(contractors, workCenters);      \/\/ 6. Coste total CON plataforma      const annualCostWithPlatform = platformAnnualCost + (annualTimeWithPlatform * HOURLY_COST);      \/\/ 7. Ahorro en tiempo (horas)      const timeSavings = annualTimeWithoutPlatform &#8211; annualTimeWithPlatform;      \/\/ 8. Beneficio neto      const netBenefit = annualCostWithoutPlatform &#8211; annualCostWithPlatform;      \/\/ 9. ROI      const roiPercentage = (netBenefit \/ annualCostWithPlatform) * 100;      \/\/ 10. Diagn\u00f3stico CAE (celda B42)      const timeDifference = Math.round(adminHoursPerWeek &#8211; standardCAETime);      let caeAssessment = &#8220;Nella media&#8221;;      if (timeDifference === 0) caeAssessment = &#8220;Nella media&#8221;;      else if (timeDifference === 1) caeAssessment = &#8220;Top 35%&#8221;;      else if (timeDifference === 2) caeAssessment = &#8220;Top 15%&#8221;;      else if (timeDifference &gt;= 3) caeAssessment = &#8220;Top 3%&#8221;;      else if (timeDifference === -1) caeAssessment = &#8220;35% pi\u00f9 basso&#8221;;      else if (timeDifference === -2) caeAssessment = &#8220;15% pi\u00f9 basso&#8221;;      else if (timeDifference &lt;= -3) caeAssessment = &#8220;3% pi\u00f9 basso&#8221;;      \/\/ 11. Descripci\u00f3n del diagn\u00f3stico (celda C42)      const adminRounded = Math.round(adminHoursPerWeek);      const standardRounded = Math.round(standardCAETime);      let caeDescription = &#8220;&#8221;;        if (adminRounded === standardRounded) {        caeDescription = &#8220;\u00c8 probabile che tu stia rispettando la normativa HSE, ma c&#8217;\u00e8 un grande potenziale di risparmio che puoi sfruttare digitalizzando il processo.&#8221;;      } else if (adminRounded &#8211; standardRounded &gt;= 1) {        caeDescription = &#8220;\u00c8 probabile che tu stia rispettando la normativa HSE, ma c&#8217;\u00e8 un grande potenziale di risparmio che puoi sfruttare digitalizzando il processo.&#8221;;      } else if (standardRounded &#8211; adminRounded &gt;= 3) {        caeDescription = &#8220;Probabilmente stai gestendo appaltatori e fornitori in modo inefficace, esponendo la tua azienda a rischi evitabili. Inoltre, \u00e8 molto probabile che tu non stia documentando correttamente l\u2019impegno del tuo team per la HSE, con il risultato di costi nascosti.&#8221;;      } else if (standardRounded &#8211; adminRounded &gt;= 2) {        caeDescription = &#8220;Probabilmente stai gestendo appaltatori e fornitori in modo inefficace, esponendo la tua azienda a rischi evitabili. Inoltre, \u00e8 molto probabile che tu non stia documentando correttamente l\u2019impegno del tuo team per la HSE, con il risultato di costi nascosti.&#8221;;      } else if (standardRounded &#8211; adminRounded &gt;= 1) {        caeDescription = &#8220;Probabilmente stai gestendo appaltatori e fornitori in modo inefficace, esponendo la tua azienda a rischi evitabili. Inoltre, \u00e8 molto probabile che tu non stia documentando correttamente l\u2019impegno del tuo team per la HSE, con il risultato di costi nascosti.&#8221;;      }      \/\/ Actualizar los elementos del DOM con el diagn\u00f3stico      diagnosisLevel.textContent = caeAssessment;      diagnosisDescription.textContent = caeDescription;      \/\/ Guardar todos los c\u00e1lculos en el objeto roiData      roiData.workCenters = workCenters;      roiData.contractors = contractors;      roiData.adminHoursPerWeek = adminHoursPerWeek;      roiData.hourlyRate = HOURLY_COST;            \/\/ C\u00e1lculos intermedios      roiData.standardCAETime = standardCAETime.toFixed(2);      roiData.timeWithoutPlatform = timeWithoutPlatform.toFixed(2);      roiData.annualTimeWithoutPlatform = annualTimeWithoutPlatform;      roiData.annualCostWithoutPlatform = annualCostWithoutPlatform.toFixed(2);            \/\/ Con plataforma      roiData.annualTimeWithPlatform = annualTimeWithPlatform.toFixed(2);      roiData.platformAnnualCost = platformAnnualCost.toFixed(2);      roiData.annualCostWithPlatform = annualCostWithPlatform.toFixed(2);            \/\/ Resultados finales      roiData.timeSavings = timeSavings.toFixed(2);      roiData.netBenefit = netBenefit.toFixed(2);      roiData.roiPercentage = roiPercentage.toFixed(2);      roiData.caeAssessment = caeAssessment;      roiData.caeDescription = caeDescription;      \/\/ VALORES ESPEC\u00cdFICOS PARA EL PDF (nombres de celdas del Excel)      roiData.B15 = annualTimeWithoutPlatform; \/\/ Tiempo anual SIN plataforma (horas)      roiData.B19 = annualCostWithoutPlatform.toFixed(2); \/\/ Coste anual SIN plataforma (\u20ac)      roiData.B24 = annualTimeWithPlatform.toFixed(2); \/\/ Tiempo anual CON plataforma (horas)      roiData.B26 = annualCostWithPlatform.toFixed(2); \/\/ Coste anual CON plataforma (\u20ac)      roiData.B31 = timeSavings.toFixed(2); \/\/ Ahorro en tiempo (horas)      roiData.B33 = netBenefit.toFixed(2); \/\/ Beneficio neto (\u20ac)      roiData.B37 = roiPercentage.toFixed(2); \/\/ ROI %      console.log(&#8216;Datos de ROI calculados:&#8217;, roiData);    }    \/\/ Funci\u00f3n para manejar el clic del bot\u00f3n    function handleDownloadClick() {      \/\/ Almacenar los datos de ROI para uso posterior      if (typeof(Storage) !== &#8220;undefined&#8221;) {        sessionStorage.setItem(&#8216;roiCalculatorData&#8217;, JSON.stringify(roiData));      }            \/\/ Buscar el bot\u00f3n &#8220;Click Here Now&#8221; en la p\u00e1gina y hacer clic en \u00e9l      try {        \/\/ Buscar por el texto del bot\u00f3n        const clickHereButtons = Array.from(document.querySelectorAll(&#8216;a, button&#8217;)).filter(el =&gt;           el.textContent.trim().toLowerCase().includes(&#8216;click here now&#8217;)        );                if (clickHereButtons.length &gt; 0) {          console.log(&#8216;Encontrado bot\u00f3n &#8220;Click Here Now&#8221;, haciendo clic&#8230;&#8217;);          clickHereButtons[0].click();          return;        }                \/\/ Buscar por atributos de Thrive        const thriveButton = document.querySelector(&#8216;[data-tcb-events*=&#8221;thrive_lightbox&#8221;]&#8217;);        if (thriveButton) {          console.log(&#8216;Encontrado bot\u00f3n Thrive, haciendo clic&#8230;&#8217;);          thriveButton.click();          return;        }                \/\/ Buscar por clase espec\u00edfica de Thrive        const thriveButtonByClass = document.querySelector(&#8216;.tve_evt_manager_listen.tve_et_click&#8217;);        if (thriveButtonByClass) {          console.log(&#8216;Encontrado bot\u00f3n por clase Thrive, haciendo clic&#8230;&#8217;);          thriveButtonByClass.click();          return;        }                \/\/ Si no encuentra ning\u00fan bot\u00f3n        console.log(&#8216;No se encontr\u00f3 el bot\u00f3n &#8220;Click Here Now&#8221;&#8216;);        alert(&#8216;Per favore, clicca sul pulsante &#8220;Click Here Now&#8221; che appare nella pagina per scaricare il report ROI.&#8217;);              } catch (error) {        console.error(&#8216;Error al buscar bot\u00f3n:&#8217;, error);        alert(&#8216;Per favore, clicca sul pulsante &#8220;Click Here Now&#8221; che appare nella pagina per scaricare il report ROI.&#8217;);      }            console.log(&#8216;Datos de ROI guardados:&#8217;, roiData);    }    \/\/ Event listener para el bot\u00f3n de descarga    document.getElementById(&#8216;downloadButton&#8217;).addEventListener(&#8216;click&#8217;, handleDownloadClick);  [\/tcb-script]<\/p>\n","protected":false},"excerpt":{"rendered":"<p>Calcolatore di ROI &#8211; Twind Calcolatore del Ritorno sull&#8217;Investimento (ROI) di Twind Scopri come ridurre i costi nella gestione di appaltatori e fornitori. I tuoi competitor stanno gi\u00e0 risparmiando migliaia di euro. E tu, che aspetti? Ricevi la tua analisi personalizzata in 2 minuti e scopri quanto tempo e denaro puoi risparmiare con Twind. Oltre [&hellip;]<\/p>\n","protected":false},"author":1,"featured_media":0,"parent":0,"menu_order":0,"comment_status":"closed","ping_status":"closed","template":"","meta":{"content-type":"","footnotes":""},"class_list":["post-4156","page","type-page","status-publish","hentry","post-wrapper","thrv_wrapper"],"yoast_head":"<!-- This site is optimized with the Yoast SEO plugin v27.2 - https:\/\/yoast.com\/product\/yoast-seo-wordpress\/ -->\n<title>Calcolatore ROI di Twind - Ritorno sull&#039;Investimento HSE<\/title>\n<meta name=\"description\" content=\"Valuta il Ritorno sull&#039;Investimento della tua gestione HSE. Scopri il calcolatore ROI di Twind: ottimizza la gestione degli appaltatori, riduci costi e rischi.\" \/>\n<meta name=\"robots\" content=\"index, follow, max-snippet:-1, max-image-preview:large, max-video-preview:-1\" \/>\n<link rel=\"canonical\" href=\"https:\/\/twind.io\/it\/calcolatore-roi-twind\/\" \/>\n<meta property=\"og:locale\" content=\"it_IT\" \/>\n<meta property=\"og:type\" content=\"article\" \/>\n<meta property=\"og:title\" content=\"Calcolatore ROI di Twind - Ritorno sull&#039;Investimento HSE\" \/>\n<meta property=\"og:description\" content=\"Valuta il Ritorno sull&#039;Investimento della tua gestione HSE. Scopri il calcolatore ROI di Twind: ottimizza la gestione degli appaltatori, riduci costi e rischi.\" \/>\n<meta property=\"og:url\" content=\"https:\/\/twind.io\/it\/calcolatore-roi-twind\/\" \/>\n<meta property=\"og:site_name\" content=\"Twind \u2013 Piattaforma per la Gestione di Appaltatori e Fornitori\" \/>\n<meta property=\"article:modified_time\" content=\"2026-03-12T10:18:45+00:00\" \/>\n<meta name=\"twitter:card\" content=\"summary_large_image\" \/>\n<meta name=\"twitter:label1\" content=\"Tempo di lettura stimato\" \/>\n\t<meta name=\"twitter:data1\" content=\"2 minuti\" \/>\n<script type=\"application\/ld+json\" class=\"yoast-schema-graph\">{\"@context\":\"https:\/\/schema.org\",\"@graph\":[{\"@type\":\"WebPage\",\"@id\":\"https:\/\/twind.io\/it\/calcolatore-roi-twind\/\",\"url\":\"https:\/\/twind.io\/it\/calcolatore-roi-twind\/\",\"name\":\"Calcolatore ROI di Twind - Ritorno sull'Investimento HSE\",\"isPartOf\":{\"@id\":\"https:\/\/twind.io\/it\/#website\"},\"datePublished\":\"2025-11-11T08:27:17+00:00\",\"dateModified\":\"2026-03-12T10:18:45+00:00\",\"description\":\"Valuta il Ritorno sull'Investimento della tua gestione HSE. Scopri il calcolatore ROI di Twind: ottimizza la gestione degli appaltatori, riduci costi e rischi.\",\"breadcrumb\":{\"@id\":\"https:\/\/twind.io\/it\/calcolatore-roi-twind\/#breadcrumb\"},\"inLanguage\":\"it-IT\",\"potentialAction\":[{\"@type\":\"ReadAction\",\"target\":[\"https:\/\/twind.io\/it\/calcolatore-roi-twind\/\"]}]},{\"@type\":\"BreadcrumbList\",\"@id\":\"https:\/\/twind.io\/it\/calcolatore-roi-twind\/#breadcrumb\",\"itemListElement\":[{\"@type\":\"ListItem\",\"position\":1,\"name\":\"Portada\",\"item\":\"https:\/\/twind.io\/it\/\"},{\"@type\":\"ListItem\",\"position\":2,\"name\":\"Calcolatore ROI Twind\"}]},{\"@type\":\"WebSite\",\"@id\":\"https:\/\/twind.io\/it\/#website\",\"url\":\"https:\/\/twind.io\/it\/\",\"name\":\"Twind \u2013 Piattaforma per la Gestione di Appaltatori e Fornitori\",\"description\":\"Automatizza la gestione di appaltatori e fornitori con Twind. Semplifica tutta la documentazione con AI. Monitora accessi e conformit\u00e0 in tempo reale.\",\"publisher\":{\"@id\":\"https:\/\/twind.io\/it\/#organization\"},\"potentialAction\":[{\"@type\":\"SearchAction\",\"target\":{\"@type\":\"EntryPoint\",\"urlTemplate\":\"https:\/\/twind.io\/it\/?s={search_term_string}\"},\"query-input\":{\"@type\":\"PropertyValueSpecification\",\"valueRequired\":true,\"valueName\":\"search_term_string\"}}],\"inLanguage\":\"it-IT\"},{\"@type\":\"Organization\",\"@id\":\"https:\/\/twind.io\/it\/#organization\",\"name\":\"Twind \u2013 Piattaforma per la Gestione di Appaltatori e Fornitori\",\"url\":\"https:\/\/twind.io\/it\/\",\"logo\":{\"@type\":\"ImageObject\",\"inLanguage\":\"it-IT\",\"@id\":\"https:\/\/twind.io\/it\/#\/schema\/logo\/image\/\",\"url\":\"https:\/\/twind.io\/it\/wp-content\/uploads\/2023\/04\/Logo-Twind.svg\",\"contentUrl\":\"https:\/\/twind.io\/it\/wp-content\/uploads\/2023\/04\/Logo-Twind.svg\",\"width\":1,\"height\":1,\"caption\":\"Twind \u2013 Piattaforma per la Gestione di Appaltatori e Fornitori\"},\"image\":{\"@id\":\"https:\/\/twind.io\/it\/#\/schema\/logo\/image\/\"}}]}<\/script>\n<!-- \/ Yoast SEO plugin. -->","yoast_head_json":{"title":"Calcolatore ROI di Twind - Ritorno sull'Investimento HSE","description":"Valuta il Ritorno sull'Investimento della tua gestione HSE. Scopri il calcolatore ROI di Twind: ottimizza la gestione degli appaltatori, riduci costi e rischi.","robots":{"index":"index","follow":"follow","max-snippet":"max-snippet:-1","max-image-preview":"max-image-preview:large","max-video-preview":"max-video-preview:-1"},"canonical":"https:\/\/twind.io\/it\/calcolatore-roi-twind\/","og_locale":"it_IT","og_type":"article","og_title":"Calcolatore ROI di Twind - Ritorno sull'Investimento HSE","og_description":"Valuta il Ritorno sull'Investimento della tua gestione HSE. Scopri il calcolatore ROI di Twind: ottimizza la gestione degli appaltatori, riduci costi e rischi.","og_url":"https:\/\/twind.io\/it\/calcolatore-roi-twind\/","og_site_name":"Twind \u2013 Piattaforma per la Gestione di Appaltatori e Fornitori","article_modified_time":"2026-03-12T10:18:45+00:00","twitter_card":"summary_large_image","twitter_misc":{"Tempo di lettura stimato":"2 minuti"},"schema":{"@context":"https:\/\/schema.org","@graph":[{"@type":"WebPage","@id":"https:\/\/twind.io\/it\/calcolatore-roi-twind\/","url":"https:\/\/twind.io\/it\/calcolatore-roi-twind\/","name":"Calcolatore ROI di Twind - Ritorno sull'Investimento HSE","isPartOf":{"@id":"https:\/\/twind.io\/it\/#website"},"datePublished":"2025-11-11T08:27:17+00:00","dateModified":"2026-03-12T10:18:45+00:00","description":"Valuta il Ritorno sull'Investimento della tua gestione HSE. Scopri il calcolatore ROI di Twind: ottimizza la gestione degli appaltatori, riduci costi e rischi.","breadcrumb":{"@id":"https:\/\/twind.io\/it\/calcolatore-roi-twind\/#breadcrumb"},"inLanguage":"it-IT","potentialAction":[{"@type":"ReadAction","target":["https:\/\/twind.io\/it\/calcolatore-roi-twind\/"]}]},{"@type":"BreadcrumbList","@id":"https:\/\/twind.io\/it\/calcolatore-roi-twind\/#breadcrumb","itemListElement":[{"@type":"ListItem","position":1,"name":"Portada","item":"https:\/\/twind.io\/it\/"},{"@type":"ListItem","position":2,"name":"Calcolatore ROI Twind"}]},{"@type":"WebSite","@id":"https:\/\/twind.io\/it\/#website","url":"https:\/\/twind.io\/it\/","name":"Twind \u2013 Piattaforma per la Gestione di Appaltatori e Fornitori","description":"Automatizza la gestione di appaltatori e fornitori con Twind. Semplifica tutta la documentazione con AI. Monitora accessi e conformit\u00e0 in tempo reale.","publisher":{"@id":"https:\/\/twind.io\/it\/#organization"},"potentialAction":[{"@type":"SearchAction","target":{"@type":"EntryPoint","urlTemplate":"https:\/\/twind.io\/it\/?s={search_term_string}"},"query-input":{"@type":"PropertyValueSpecification","valueRequired":true,"valueName":"search_term_string"}}],"inLanguage":"it-IT"},{"@type":"Organization","@id":"https:\/\/twind.io\/it\/#organization","name":"Twind \u2013 Piattaforma per la Gestione di Appaltatori e Fornitori","url":"https:\/\/twind.io\/it\/","logo":{"@type":"ImageObject","inLanguage":"it-IT","@id":"https:\/\/twind.io\/it\/#\/schema\/logo\/image\/","url":"https:\/\/twind.io\/it\/wp-content\/uploads\/2023\/04\/Logo-Twind.svg","contentUrl":"https:\/\/twind.io\/it\/wp-content\/uploads\/2023\/04\/Logo-Twind.svg","width":1,"height":1,"caption":"Twind \u2013 Piattaforma per la Gestione di Appaltatori e Fornitori"},"image":{"@id":"https:\/\/twind.io\/it\/#\/schema\/logo\/image\/"}}]}},"_links":{"self":[{"href":"https:\/\/twind.io\/it\/wp-json\/wp\/v2\/pages\/4156","targetHints":{"allow":["GET"]}}],"collection":[{"href":"https:\/\/twind.io\/it\/wp-json\/wp\/v2\/pages"}],"about":[{"href":"https:\/\/twind.io\/it\/wp-json\/wp\/v2\/types\/page"}],"author":[{"embeddable":true,"href":"https:\/\/twind.io\/it\/wp-json\/wp\/v2\/users\/1"}],"replies":[{"embeddable":true,"href":"https:\/\/twind.io\/it\/wp-json\/wp\/v2\/comments?post=4156"}],"version-history":[{"count":11,"href":"https:\/\/twind.io\/it\/wp-json\/wp\/v2\/pages\/4156\/revisions"}],"predecessor-version":[{"id":5276,"href":"https:\/\/twind.io\/it\/wp-json\/wp\/v2\/pages\/4156\/revisions\/5276"}],"wp:attachment":[{"href":"https:\/\/twind.io\/it\/wp-json\/wp\/v2\/media?parent=4156"}],"curies":[{"name":"wp","href":"https:\/\/api.w.org\/{rel}","templated":true}]}}