{"id":424,"date":"2023-04-13T07:46:10","date_gmt":"2023-04-13T07:46:10","guid":{"rendered":"https:\/\/twind.io\/?page_id=424"},"modified":"2025-12-01T15:45:32","modified_gmt":"2025-12-01T15:45:32","slug":"faq","status":"publish","type":"page","link":"https:\/\/twind.io\/it\/faq\/","title":{"rendered":"FAQ"},"content":{"rendered":"<h1 style=\"text-align: center;\">FAQ. <strong><span>Hai qualche domanda?<\/span><\/strong><\/h1>\n","protected":false},"excerpt":{"rendered":"<p>FAQ. Hai qualche domanda?<\/p>\n","protected":false},"author":1,"featured_media":295,"parent":0,"menu_order":0,"comment_status":"closed","ping_status":"closed","template":"","meta":{"content-type":"","footnotes":""},"class_list":["post-424","page","type-page","status-publish","has-post-thumbnail","hentry","post-wrapper","thrv_wrapper"],"yoast_head":"<!-- This site is optimized with the Yoast SEO plugin v27.2 - https:\/\/yoast.com\/product\/yoast-seo-wordpress\/ -->\n<title>FAQ Twind \u2013 Tutto ci\u00f2 che devi sapere sulla Piattaforma<\/title>\n<meta name=\"description\" content=\"Scopri domande e risposte pi\u00f9 frequenti su Twind: funzionalit\u00e0, sicurezza, implementazione e supporto. Hai bisogno di pi\u00f9 info? Contatta il nostro team.\" \/>\n<meta name=\"robots\" content=\"index, follow, max-snippet:-1, max-image-preview:large, max-video-preview:-1\" \/>\n<link rel=\"canonical\" href=\"https:\/\/twind.io\/it\/faq\/\" \/>\n<meta property=\"og:locale\" content=\"it_IT\" \/>\n<meta property=\"og:type\" content=\"article\" \/>\n<meta property=\"og:title\" content=\"FAQ Twind \u2013 Tutto ci\u00f2 che devi sapere sulla Piattaforma\" \/>\n<meta property=\"og:description\" content=\"Scopri domande e risposte pi\u00f9 frequenti su Twind: funzionalit\u00e0, sicurezza, implementazione e supporto. Hai bisogno di pi\u00f9 info? Contatta il nostro team.\" \/>\n<meta property=\"og:url\" content=\"https:\/\/twind.io\/it\/faq\/\" \/>\n<meta property=\"og:site_name\" content=\"Twind \u2013 Piattaforma per la Gestione di Appaltatori e Fornitori\" \/>\n<meta property=\"article:modified_time\" content=\"2025-12-01T15:45:32+00:00\" \/>\n<meta name=\"twitter:card\" content=\"summary_large_image\" \/>\n<meta name=\"twitter:label1\" content=\"Tempo di lettura stimato\" \/>\n\t<meta name=\"twitter:data1\" content=\"8 minuti\" \/>\n<script type=\"application\/ld+json\" class=\"yoast-schema-graph\">{\"@context\":\"https:\/\/schema.org\",\"@graph\":[{\"@type\":\"WebPage\",\"@id\":\"https:\/\/twind.io\/it\/faq\/\",\"url\":\"https:\/\/twind.io\/it\/faq\/\",\"name\":\"FAQ Twind \u2013 Tutto ci\u00f2 che devi sapere sulla Piattaforma\",\"isPartOf\":{\"@id\":\"https:\/\/twind.io\/it\/#website\"},\"primaryImageOfPage\":{\"@id\":\"https:\/\/twind.io\/it\/faq\/#primaryimage\"},\"image\":{\"@id\":\"https:\/\/twind.io\/it\/faq\/#primaryimage\"},\"thumbnailUrl\":\"https:\/\/twind.io\/it\/wp-content\/uploads\/2023\/04\/7-faqs.svg\",\"datePublished\":\"2023-04-13T07:46:10+00:00\",\"dateModified\":\"2025-12-01T15:45:32+00:00\",\"description\":\"Scopri domande e risposte pi\u00f9 frequenti su Twind: funzionalit\u00e0, sicurezza, implementazione e supporto. Hai bisogno di pi\u00f9 info? Contatta il nostro team.\",\"breadcrumb\":{\"@id\":\"https:\/\/twind.io\/it\/faq\/#breadcrumb\"},\"inLanguage\":\"it-IT\",\"potentialAction\":[{\"@type\":\"ReadAction\",\"target\":[\"https:\/\/twind.io\/it\/faq\/\"]}]},{\"@type\":\"ImageObject\",\"inLanguage\":\"it-IT\",\"@id\":\"https:\/\/twind.io\/it\/faq\/#primaryimage\",\"url\":\"https:\/\/twind.io\/it\/wp-content\/uploads\/2023\/04\/7-faqs.svg\",\"contentUrl\":\"https:\/\/twind.io\/it\/wp-content\/uploads\/2023\/04\/7-faqs.svg\",\"caption\":\"FAQs\"},{\"@type\":\"BreadcrumbList\",\"@id\":\"https:\/\/twind.io\/it\/faq\/#breadcrumb\",\"itemListElement\":[{\"@type\":\"ListItem\",\"position\":1,\"name\":\"Portada\",\"item\":\"https:\/\/twind.io\/it\/\"},{\"@type\":\"ListItem\",\"position\":2,\"name\":\"FAQ\"}]},{\"@type\":\"WebSite\",\"@id\":\"https:\/\/twind.io\/it\/#website\",\"url\":\"https:\/\/twind.io\/it\/\",\"name\":\"Twind \u2013 Piattaforma per la Gestione di Appaltatori e Fornitori\",\"description\":\"Automatizza la gestione di appaltatori e fornitori con Twind. Semplifica tutta la documentazione con AI. Monitora accessi e conformit\u00e0 in tempo reale.\",\"publisher\":{\"@id\":\"https:\/\/twind.io\/it\/#organization\"},\"potentialAction\":[{\"@type\":\"SearchAction\",\"target\":{\"@type\":\"EntryPoint\",\"urlTemplate\":\"https:\/\/twind.io\/it\/?s={search_term_string}\"},\"query-input\":{\"@type\":\"PropertyValueSpecification\",\"valueRequired\":true,\"valueName\":\"search_term_string\"}}],\"inLanguage\":\"it-IT\"},{\"@type\":\"Organization\",\"@id\":\"https:\/\/twind.io\/it\/#organization\",\"name\":\"Twind \u2013 Piattaforma per la Gestione di Appaltatori e Fornitori\",\"url\":\"https:\/\/twind.io\/it\/\",\"logo\":{\"@type\":\"ImageObject\",\"inLanguage\":\"it-IT\",\"@id\":\"https:\/\/twind.io\/it\/#\/schema\/logo\/image\/\",\"url\":\"https:\/\/twind.io\/it\/wp-content\/uploads\/2023\/04\/Logo-Twind.svg\",\"contentUrl\":\"https:\/\/twind.io\/it\/wp-content\/uploads\/2023\/04\/Logo-Twind.svg\",\"width\":1,\"height\":1,\"caption\":\"Twind \u2013 Piattaforma per la Gestione di Appaltatori e Fornitori\"},\"image\":{\"@id\":\"https:\/\/twind.io\/it\/#\/schema\/logo\/image\/\"}}]}<\/script>\n<!-- \/ Yoast SEO plugin. -->","yoast_head_json":{"title":"FAQ Twind \u2013 Tutto ci\u00f2 che devi sapere sulla Piattaforma","description":"Scopri domande e risposte pi\u00f9 frequenti su Twind: funzionalit\u00e0, sicurezza, implementazione e supporto. Hai bisogno di pi\u00f9 info? Contatta il nostro team.","robots":{"index":"index","follow":"follow","max-snippet":"max-snippet:-1","max-image-preview":"max-image-preview:large","max-video-preview":"max-video-preview:-1"},"canonical":"https:\/\/twind.io\/it\/faq\/","og_locale":"it_IT","og_type":"article","og_title":"FAQ Twind \u2013 Tutto ci\u00f2 che devi sapere sulla Piattaforma","og_description":"Scopri domande e risposte pi\u00f9 frequenti su Twind: funzionalit\u00e0, sicurezza, implementazione e supporto. Hai bisogno di pi\u00f9 info? Contatta il nostro team.","og_url":"https:\/\/twind.io\/it\/faq\/","og_site_name":"Twind \u2013 Piattaforma per la Gestione di Appaltatori e Fornitori","article_modified_time":"2025-12-01T15:45:32+00:00","twitter_card":"summary_large_image","twitter_misc":{"Tempo di lettura stimato":"8 minuti"},"schema":{"@context":"https:\/\/schema.org","@graph":[{"@type":"WebPage","@id":"https:\/\/twind.io\/it\/faq\/","url":"https:\/\/twind.io\/it\/faq\/","name":"FAQ Twind \u2013 Tutto ci\u00f2 che devi sapere sulla Piattaforma","isPartOf":{"@id":"https:\/\/twind.io\/it\/#website"},"primaryImageOfPage":{"@id":"https:\/\/twind.io\/it\/faq\/#primaryimage"},"image":{"@id":"https:\/\/twind.io\/it\/faq\/#primaryimage"},"thumbnailUrl":"https:\/\/twind.io\/it\/wp-content\/uploads\/2023\/04\/7-faqs.svg","datePublished":"2023-04-13T07:46:10+00:00","dateModified":"2025-12-01T15:45:32+00:00","description":"Scopri domande e risposte pi\u00f9 frequenti su Twind: funzionalit\u00e0, sicurezza, implementazione e supporto. Hai bisogno di pi\u00f9 info? Contatta il nostro team.","breadcrumb":{"@id":"https:\/\/twind.io\/it\/faq\/#breadcrumb"},"inLanguage":"it-IT","potentialAction":[{"@type":"ReadAction","target":["https:\/\/twind.io\/it\/faq\/"]}]},{"@type":"ImageObject","inLanguage":"it-IT","@id":"https:\/\/twind.io\/it\/faq\/#primaryimage","url":"https:\/\/twind.io\/it\/wp-content\/uploads\/2023\/04\/7-faqs.svg","contentUrl":"https:\/\/twind.io\/it\/wp-content\/uploads\/2023\/04\/7-faqs.svg","caption":"FAQs"},{"@type":"BreadcrumbList","@id":"https:\/\/twind.io\/it\/faq\/#breadcrumb","itemListElement":[{"@type":"ListItem","position":1,"name":"Portada","item":"https:\/\/twind.io\/it\/"},{"@type":"ListItem","position":2,"name":"FAQ"}]},{"@type":"WebSite","@id":"https:\/\/twind.io\/it\/#website","url":"https:\/\/twind.io\/it\/","name":"Twind \u2013 Piattaforma per la Gestione di Appaltatori e Fornitori","description":"Automatizza la gestione di appaltatori e fornitori con Twind. Semplifica tutta la documentazione con AI. Monitora accessi e conformit\u00e0 in tempo reale.","publisher":{"@id":"https:\/\/twind.io\/it\/#organization"},"potentialAction":[{"@type":"SearchAction","target":{"@type":"EntryPoint","urlTemplate":"https:\/\/twind.io\/it\/?s={search_term_string}"},"query-input":{"@type":"PropertyValueSpecification","valueRequired":true,"valueName":"search_term_string"}}],"inLanguage":"it-IT"},{"@type":"Organization","@id":"https:\/\/twind.io\/it\/#organization","name":"Twind \u2013 Piattaforma per la Gestione di Appaltatori e Fornitori","url":"https:\/\/twind.io\/it\/","logo":{"@type":"ImageObject","inLanguage":"it-IT","@id":"https:\/\/twind.io\/it\/#\/schema\/logo\/image\/","url":"https:\/\/twind.io\/it\/wp-content\/uploads\/2023\/04\/Logo-Twind.svg","contentUrl":"https:\/\/twind.io\/it\/wp-content\/uploads\/2023\/04\/Logo-Twind.svg","width":1,"height":1,"caption":"Twind \u2013 Piattaforma per la Gestione di Appaltatori e Fornitori"},"image":{"@id":"https:\/\/twind.io\/it\/#\/schema\/logo\/image\/"}}]}},"_links":{"self":[{"href":"https:\/\/twind.io\/it\/wp-json\/wp\/v2\/pages\/424","targetHints":{"allow":["GET"]}}],"collection":[{"href":"https:\/\/twind.io\/it\/wp-json\/wp\/v2\/pages"}],"about":[{"href":"https:\/\/twind.io\/it\/wp-json\/wp\/v2\/types\/page"}],"author":[{"embeddable":true,"href":"https:\/\/twind.io\/it\/wp-json\/wp\/v2\/users\/1"}],"replies":[{"embeddable":true,"href":"https:\/\/twind.io\/it\/wp-json\/wp\/v2\/comments?post=424"}],"version-history":[{"count":29,"href":"https:\/\/twind.io\/it\/wp-json\/wp\/v2\/pages\/424\/revisions"}],"predecessor-version":[{"id":4462,"href":"https:\/\/twind.io\/it\/wp-json\/wp\/v2\/pages\/424\/revisions\/4462"}],"wp:featuredmedia":[{"embeddable":true,"href":"https:\/\/twind.io\/it\/wp-json\/wp\/v2\/media\/295"}],"wp:attachment":[{"href":"https:\/\/twind.io\/it\/wp-json\/wp\/v2\/media?parent=424"}],"curies":[{"name":"wp","href":"https:\/\/api.w.org\/{rel}","templated":true}]}}