{"id":4321,"date":"2025-11-24T11:28:57","date_gmt":"2025-11-24T11:28:57","guid":{"rendered":"https:\/\/twind.io\/it\/?page_id=4321"},"modified":"2025-12-01T15:55:14","modified_gmt":"2025-12-01T15:55:14","slug":"gestione-documentale-flat","status":"publish","type":"page","link":"https:\/\/twind.io\/it\/gestione-documentale-flat\/","title":{"rendered":"Servizio di Gestione Documentale Appaltatori a Tariffa Flat"},"content":{"rendered":"<h1 style=\"text-align: center;\"><span style=\"--tcb-applied-color: rgb(26, 48, 55) !important; color: rgb(26, 48, 55) !important;\">Gestione Documentale HSE senza complicazioni:<\/span><\/h1>\n<h1 style=\"text-align: center;\"><span>una tariffa flat che semplifica tutto.<\/span><\/h1>\n<h2 style=\"text-align: center;\"><span><span><span>Verifichiamo tutta la documentazione HSE dei tuoi appaltatori con un canone fisso, trasparente e senza sorprese in fattura. Un servizio ideale per aziende di qualsiasi dimensione.<\/span><\/span><\/span><\/h2>\n<p><span style=\"\"><\/span><span><img decoding=\"async\" alt=\"\" data-id=\"243\" title=\"5\" src=\"https:\/\/twind.io\/it\/wp-content\/uploads\/2025\/11\/5-3.svg\" data-width=\"40\" data-height=\"40\" style=\"aspect-ratio: auto 371 \/ 371;\" height=\"40\" width=\"40\" data-init-width=\"371\" data-init-height=\"371\" loading=\"lazy\"><\/span><\/p>\n<p style=\"text-align: center;\"><strong><span style=\"font-size: 50px !important; --tcb-applied-color: var$(--tcb-color-4) !important; color: var(--tcb-color-4) !important;\">24h<\/span><\/strong><\/p>\n<h3 style=\"text-align: center;\"><span>Revisione documentale rapida<\/span><\/h3>\n<h3 style=\"text-align: center;\"><span style=\"font-weight: normal;\"><span>Elaboriamo la documentazione HSE in tempi record per le attivit\u00e0 pi\u00f9 urgenti.<\/span><\/span><\/h3>\n<p><span><img decoding=\"async\" alt=\"\" data-id=\"245\" title=\"7\" src=\"https:\/\/twind.io\/it\/wp-content\/uploads\/2025\/11\/7.svg\" data-width=\"40\" data-height=\"40\" style=\"aspect-ratio: auto 371 \/ 371;\" height=\"40\" width=\"40\" data-init-width=\"371\" data-init-height=\"371\" loading=\"lazy\"><\/span><\/p>\n<p style=\"text-align: center;\"><strong><span style=\"font-size: 50px !important; --tcb-applied-color: var$(--tcb-color-4) !important; color: var(--tcb-color-4) !important;\">500+<\/span><\/strong><\/p>\n<h3 style=\"text-align: center;\"><span style=\"\">Aziende che si fidano di noi<\/span><\/h3>\n<h3 style=\"text-align: center;\"><span style=\"font-weight: normal;\"><span>Molti leader di settore hanno gi\u00e0 scelto la nostra gestione documentale HSE.<\/span><\/span><\/h3>\n<p><span><img decoding=\"async\" alt=\"\" data-id=\"244\" title=\"6\" src=\"https:\/\/twind.io\/it\/wp-content\/uploads\/2025\/11\/6.svg\" data-width=\"40\" data-height=\"40\" style=\"aspect-ratio: auto 371 \/ 371;\" height=\"40\" width=\"40\" data-init-width=\"371\" data-init-height=\"371\" loading=\"lazy\"><\/span><\/p>\n<p style=\"text-align: center;\"><strong><span style=\"font-size: 50px !important; --tcb-applied-color: var$(--tcb-color-4) !important; color: var(--tcb-color-4) !important;\">100%<\/span><\/strong><\/p>\n<h3 style=\"text-align: center;\"><span style=\"\">Tutti i documenti inclusi.<\/span><\/h3>\n<h3 style=\"text-align: center;\"><span style=\"font-weight: normal;\"><span>Copriamo tutta la documentazione di sicurezza dei tuoi appaltatori, secondo normativa.<\/span><\/span><\/h3>\n<p style=\"text-align: center;\"><strong>Gestiamo oltre 180 mila appaltatori e fornitori per pi\u00f9 di 3.500 aziende committenti in tutto il mondo<\/strong><\/p>\n<p><span><img decoding=\"async\" alt=\"\" data-id=\"4332\" width=\"\" height=\"undefined\" title=\"3-nestle\" src=\"https:\/\/twind.io\/it\/wp-content\/uploads\/2025\/11\/3-nestle.svg\" data-src=\"https:\/\/twind.io\/it\/wp-content\/uploads\/2025\/11\/3-nestle.svg\" loading=\"lazy\" data-sizes=\"{&quot;full&quot;:{&quot;url&quot;:&quot;https:\/\/twind.io\/it\/wp-content\/uploads\/2025\/11\/3-nestle.svg&quot;}}\" style=\"\"><\/span><span><img decoding=\"async\" alt=\"\" data-id=\"4331\" width=\"\" height=\"undefined\" title=\"5-sodexo\" src=\"https:\/\/twind.io\/it\/wp-content\/uploads\/2025\/11\/5-sodexo.svg\" data-src=\"https:\/\/twind.io\/it\/wp-content\/uploads\/2025\/11\/5-sodexo.svg\" loading=\"lazy\" data-sizes=\"{&quot;full&quot;:{&quot;url&quot;:&quot;https:\/\/twind.io\/it\/wp-content\/uploads\/2025\/11\/5-sodexo.svg&quot;}}\" style=\"\"><\/span><span><img decoding=\"async\" alt=\"\" data-id=\"4330\" width=\"\" height=\"undefined\" title=\"4-mercedes-benz\" src=\"https:\/\/twind.io\/it\/wp-content\/uploads\/2025\/11\/4-mercedes-benz.svg\" data-src=\"https:\/\/twind.io\/it\/wp-content\/uploads\/2025\/11\/4-mercedes-benz.svg\" loading=\"lazy\" data-sizes=\"{&quot;full&quot;:{&quot;url&quot;:&quot;https:\/\/twind.io\/it\/wp-content\/uploads\/2025\/11\/4-mercedes-benz.svg&quot;}}\" style=\"\"><\/span><span><img decoding=\"async\" alt=\"\" data-id=\"4329\" width=\"\" height=\"undefined\" title=\"6-bayer\" src=\"https:\/\/twind.io\/it\/wp-content\/uploads\/2025\/11\/6-bayer.svg\" data-src=\"https:\/\/twind.io\/it\/wp-content\/uploads\/2025\/11\/6-bayer.svg\" loading=\"lazy\" data-sizes=\"{&quot;full&quot;:{&quot;url&quot;:&quot;https:\/\/twind.io\/it\/wp-content\/uploads\/2025\/11\/6-bayer.svg&quot;}}\" style=\"\"><\/span><span><img decoding=\"async\" alt=\"\" data-id=\"4335\" width=\"\" height=\"undefined\" title=\"7-mango\" src=\"https:\/\/twind.io\/it\/wp-content\/uploads\/2025\/11\/7-mango.svg\" data-src=\"https:\/\/twind.io\/it\/wp-content\/uploads\/2025\/11\/7-mango.svg\" loading=\"lazy\" data-sizes=\"{&quot;full&quot;:{&quot;url&quot;:&quot;https:\/\/twind.io\/it\/wp-content\/uploads\/2025\/11\/7-mango.svg&quot;}}\" style=\"\"><\/span><span><img decoding=\"async\" alt=\"\" data-id=\"4334\" width=\"\" height=\"undefined\" title=\"8-nippon-gases\" src=\"https:\/\/twind.io\/it\/wp-content\/uploads\/2025\/11\/8-nippon-gases.svg\" data-src=\"https:\/\/twind.io\/it\/wp-content\/uploads\/2025\/11\/8-nippon-gases.svg\" loading=\"lazy\" data-sizes=\"{&quot;full&quot;:{&quot;url&quot;:&quot;https:\/\/twind.io\/it\/wp-content\/uploads\/2025\/11\/8-nippon-gases.svg&quot;}}\" style=\"\"><\/span><span><img decoding=\"async\" alt=\"\" data-id=\"4333\" width=\"\" height=\"undefined\" title=\"1-adidas\" src=\"https:\/\/twind.io\/it\/wp-content\/uploads\/2025\/11\/1-adidas.svg\" data-src=\"https:\/\/twind.io\/it\/wp-content\/uploads\/2025\/11\/1-adidas.svg\" loading=\"lazy\" data-sizes=\"{&quot;full&quot;:{&quot;url&quot;:&quot;https:\/\/twind.io\/it\/wp-content\/uploads\/2025\/11\/1-adidas.svg&quot;}}\" style=\"\"><\/span><\/p>\n<h2 style=\"\"><span>Che cos\u2019\u00e8 la <span style=\"--tcb-applied-color: var$(--tcb-color-4) !important; color: var(--tcb-color-4) !important;\">Gestione Documentale<\/span>?<\/span><\/h2>\n<h2 style=\"text-align: left;\"><span><span><span><span style=\"font-weight: normal;\">\u00c8 il nostro servizio di <\/span><strong>revisione documentale per appaltatori e subappaltatori<\/strong><span style=\"font-weight: normal;\">: controlliamo e validiamo tutta la documentazione HSE richiesta, in conformit\u00e0 con il D.Lgs. 81\/08.<\/span><strong>Gestiamo qualsiasi documento in ambito sicurezza<\/strong><span style=\"font-weight: normal;\">: DURC, DVR\/DUVRI, POS, idoneit\u00e0 tecnico-professionale, iscrizione alla CCIAA, polizze assicurative, attestati di formazionie, idoneit\u00e0 sanitaria, e molti altri.Se qualcosa non \u00e8 conforme, <\/span><strong>avvisiamo l\u2019appaltatore tramite piattaforma<\/strong><span style=\"font-weight: normal;\">, cos\u00ec loro arrivano gi\u00e0 in regola, e tu riduci il rischio di sanzioni e garantisci il rispetto degli standard di sicurezza.<\/span><\/span><\/span><\/span><\/h2>\n<h2 style=\"text-align: center;\"><strong><span style=\"--tcb-applied-color: var$(--tcb-color-4) !important; color: var(--tcb-color-4) !important;\">Tutta la tua documentazione.<\/span> Una sola tariffa flat per appaltatore.<\/strong><\/h2>\n<h2 style=\"text-align: center;\"><span><span><span>Per anni, la gestione documentale \u00e8 stata basata su modelli di prezzo per documento, pacchetti di documenti o consumi variabili.<\/span><\/span><\/span><\/h2>\n<h2 style=\"text-align: center;\"><span><span><span>Ora semplifichiamo tutto con un sistema molto pi\u00f9 chiaro ed efficiente.<\/span><\/span><\/span><\/h2>\n<p><!--! Font Awesome Free 6.7.1 by @fontawesome - https:\/\/fontawesome.com License - https:\/\/fontawesome.com\/license\/free (Icons: CC BY 4.0, Fonts: SIL OFL 1.1, Code: MIT License) Copyright 2024 Fonticons, Inc. --><\/p>\n<h3 style=\"\">Documenti illimitati<\/h3>\n<p><strong> <\/strong><\/p>\n<p style=\"\">Revisioniamo tutti i tuoi documenti senza alcun limite.<\/p>\n<p><strong> <\/strong><\/p>\n<p><!--! Font Awesome Free 6.7.1 by @fontawesome - https:\/\/fontawesome.com License - https:\/\/fontawesome.com\/license\/free (Icons: CC BY 4.0, Fonts: SIL OFL 1.1, Code: MIT License) Copyright 2024 Fonticons, Inc. --><\/p>\n<h3 style=\"\">Costo prevedibile<\/h3>\n<p style=\"\">Nessun consumo variabile e nessun sovraccosto per i documenti non validi.<\/p>\n<p><strong> <\/strong><\/p>\n<p><!--! Font Awesome Free 6.7.1 by @fontawesome - https:\/\/fontawesome.com License - https:\/\/fontawesome.com\/license\/free (Icons: CC BY 4.0, Fonts: SIL OFL 1.1, Code: MIT License) Copyright 2024 Fonticons, Inc. --><\/p>\n<h3 style=\"\">Copertura globale<\/h3>\n<p><strong> <\/strong><\/p>\n<p style=\"\">Gestione di documenti in pi\u00f9 lingue inclusa, senza costi aggiuntivi.<\/p>\n<p><strong> <\/strong><\/p>\n<p><!--! Font Awesome Free 6.7.1 by @fontawesome - https:\/\/fontawesome.com License - https:\/\/fontawesome.com\/license\/free (Icons: CC BY 4.0, Fonts: SIL OFL 1.1, Code: MIT License) Copyright 2024 Fonticons, Inc. --><\/p>\n<h3 style=\"\"><strong>Team esperto<\/strong><\/h3>\n<p style=\"\">Revisione centralizzata gestita da un Team di oltre 300 esperti HSE.<\/p>\n<p><strong> <\/strong><\/p>\n<p><strong> <\/strong><\/p>\n<h2 style=\"text-align: center;\">La nostra <span style=\"--tcb-applied-color: var$(--tcb-color-4) !important; color: var(--tcb-color-4) !important;\">gestione documentale<\/span>, in 4 semplici passi.<\/h2>\n<p style=\"\">Scegli quanti appaltatori o fornitori gestire.<\/p>\n<p><strong> <\/strong><\/p>\n<p style=\"\">Paghi una tariffa fissa per appaltatore, con validazioni documentali illimitate.<\/p>\n<p><strong> <\/strong><\/p>\n<p style=\"\">Il nostro team verifica e valida la documentazione in 24 o 48h, a seconda del contratto.<\/p>\n<p><strong> <\/strong><\/p>\n<p style=\"\">Consulta in tempo reale lo stato di ogni documento.<\/p>\n<p><strong> <\/strong><\/p>\n<h2 style=\"text-align: left;\"><span style=\"\">Vuoi scoprire come pu\u00f2 aiutare la tua azienda?<\/span><\/h2>\n<p style=\"\"><span style=\"--tcb-applied-color: rgb(26, 48, 55) !important; color: rgb(26, 48, 55) !important;\"><strong>La gestione documentale della sicurezza non \u00e8 solo un obbligo di legge (D.Lgs. 81\/08):&nbsp;<\/strong>\u00e8 un pilastro fondamentale per garantire efficienza, tracciabilit\u00e0 e piena conformit\u00e0 normativa.<strong>Compila il form per parlare con il nostro Team.<\/strong><\/span><\/p>\n\n\t\t\t\t\t\t<script>\n\t\t\t\t\t\t\twindow.hsFormsOnReady = window.hsFormsOnReady || [];\n\t\t\t\t\t\t\twindow.hsFormsOnReady.push(()=>{\n\t\t\t\t\t\t\t\thbspt.forms.create({\n\t\t\t\t\t\t\t\t\tportalId: 146424663,\n\t\t\t\t\t\t\t\t\tformId: \"b365e917-fb1b-436f-a001-6b5b9be6778c\",\n\t\t\t\t\t\t\t\t\ttarget: \"#hbspt-form-1776421001000-1759597593\",\n\t\t\t\t\t\t\t\t\tregion: \"eu1\",\n\t\t\t\t\t\t\t\t\t\n\t\t\t\t\t\t\t})});\n\t\t\t\t\t\t<\/script>\n\t\t\t\t\t\t<div class=\"hbspt-form\" id=\"hbspt-form-1776421001000-1759597593\"><\/div>\n","protected":false},"excerpt":{"rendered":"<p>Gestione Documentale HSE senza complicazioni: una tariffa flat che semplifica tutto. Verifichiamo tutta la documentazione HSE dei tuoi appaltatori con un canone fisso, trasparente e senza sorprese in fattura. Un servizio ideale per aziende di qualsiasi dimensione. 24h Revisione documentale rapida Elaboriamo la documentazione HSE in tempi record per le attivit\u00e0 pi\u00f9 urgenti. 500+ Aziende [&hellip;]<\/p>\n","protected":false},"author":1,"featured_media":1386,"parent":0,"menu_order":0,"comment_status":"closed","ping_status":"closed","template":"","meta":{"content-type":"","footnotes":""},"class_list":["post-4321","page","type-page","status-publish","has-post-thumbnail","hentry","post-wrapper","thrv_wrapper"],"yoast_head":"<!-- This site is optimized with the Yoast SEO plugin v27.2 - https:\/\/yoast.com\/product\/yoast-seo-wordpress\/ -->\n<title>Servizio di Gestione Documentale Appaltatori a Tariffa Flat - Twind<\/title>\n<meta name=\"description\" content=\"Affida a noi la gestione documentale HSE dei tuoi appaltatori: controlliamo e validiamo tutta la documentazione di sicurezza in conformit\u00e0 al D.Lgs. 81\/08.\" \/>\n<meta name=\"robots\" content=\"index, follow, max-snippet:-1, max-image-preview:large, max-video-preview:-1\" \/>\n<link rel=\"canonical\" href=\"https:\/\/twind.io\/it\/gestione-documentale-flat\/\" \/>\n<meta property=\"og:locale\" content=\"it_IT\" \/>\n<meta property=\"og:type\" content=\"article\" \/>\n<meta property=\"og:title\" content=\"Servizio di Gestione Documentale Appaltatori a Tariffa Flat - Twind\" \/>\n<meta property=\"og:description\" content=\"Affida a noi la gestione documentale HSE dei tuoi appaltatori: controlliamo e validiamo tutta la documentazione di sicurezza in conformit\u00e0 al D.Lgs. 81\/08.\" \/>\n<meta property=\"og:url\" content=\"https:\/\/twind.io\/it\/gestione-documentale-flat\/\" \/>\n<meta property=\"og:site_name\" content=\"Twind \u2013 Piattaforma per la Gestione di Appaltatori e Fornitori\" \/>\n<meta property=\"article:modified_time\" content=\"2025-12-01T15:55:14+00:00\" \/>\n<meta property=\"og:image\" content=\"https:\/\/twind.io\/it\/wp-content\/uploads\/2023\/11\/Banner-home-web_ITALIANO-scaled.webp\" \/>\n\t<meta property=\"og:image:width\" content=\"2560\" \/>\n\t<meta property=\"og:image:height\" content=\"1226\" \/>\n\t<meta property=\"og:image:type\" content=\"image\/webp\" \/>\n<meta name=\"twitter:card\" content=\"summary_large_image\" \/>\n<meta name=\"twitter:label1\" content=\"Tempo di lettura stimato\" \/>\n\t<meta name=\"twitter:data1\" content=\"6 minuti\" \/>\n<script type=\"application\/ld+json\" class=\"yoast-schema-graph\">{\"@context\":\"https:\/\/schema.org\",\"@graph\":[{\"@type\":\"WebPage\",\"@id\":\"https:\/\/twind.io\/it\/gestione-documentale-flat\/\",\"url\":\"https:\/\/twind.io\/it\/gestione-documentale-flat\/\",\"name\":\"Servizio di Gestione Documentale Appaltatori a Tariffa Flat - Twind\",\"isPartOf\":{\"@id\":\"https:\/\/twind.io\/it\/#website\"},\"primaryImageOfPage\":{\"@id\":\"https:\/\/twind.io\/it\/gestione-documentale-flat\/#primaryimage\"},\"image\":{\"@id\":\"https:\/\/twind.io\/it\/gestione-documentale-flat\/#primaryimage\"},\"thumbnailUrl\":\"https:\/\/twind.io\/it\/wp-content\/uploads\/2023\/11\/Banner-home-web_ITALIANO-scaled.webp\",\"datePublished\":\"2025-11-24T11:28:57+00:00\",\"dateModified\":\"2025-12-01T15:55:14+00:00\",\"description\":\"Affida a noi la gestione documentale HSE dei tuoi appaltatori: controlliamo e validiamo tutta la documentazione di sicurezza in conformit\u00e0 al D.Lgs. 81\/08.\",\"breadcrumb\":{\"@id\":\"https:\/\/twind.io\/it\/gestione-documentale-flat\/#breadcrumb\"},\"inLanguage\":\"it-IT\",\"potentialAction\":[{\"@type\":\"ReadAction\",\"target\":[\"https:\/\/twind.io\/it\/gestione-documentale-flat\/\"]}]},{\"@type\":\"ImageObject\",\"inLanguage\":\"it-IT\",\"@id\":\"https:\/\/twind.io\/it\/gestione-documentale-flat\/#primaryimage\",\"url\":\"https:\/\/twind.io\/it\/wp-content\/uploads\/2023\/11\/Banner-home-web_ITALIANO-scaled.webp\",\"contentUrl\":\"https:\/\/twind.io\/it\/wp-content\/uploads\/2023\/11\/Banner-home-web_ITALIANO-scaled.webp\",\"width\":2560,\"height\":1226,\"caption\":\"Software di controllo dei fornitori e appaltatori\"},{\"@type\":\"BreadcrumbList\",\"@id\":\"https:\/\/twind.io\/it\/gestione-documentale-flat\/#breadcrumb\",\"itemListElement\":[{\"@type\":\"ListItem\",\"position\":1,\"name\":\"Portada\",\"item\":\"https:\/\/twind.io\/it\/\"},{\"@type\":\"ListItem\",\"position\":2,\"name\":\"Servizio di Gestione Documentale Appaltatori a Tariffa Flat\"}]},{\"@type\":\"WebSite\",\"@id\":\"https:\/\/twind.io\/it\/#website\",\"url\":\"https:\/\/twind.io\/it\/\",\"name\":\"Twind \u2013 Piattaforma per la Gestione di Appaltatori e Fornitori\",\"description\":\"Automatizza la gestione di appaltatori e fornitori con Twind. Semplifica tutta la documentazione con AI. Monitora accessi e conformit\u00e0 in tempo reale.\",\"publisher\":{\"@id\":\"https:\/\/twind.io\/it\/#organization\"},\"potentialAction\":[{\"@type\":\"SearchAction\",\"target\":{\"@type\":\"EntryPoint\",\"urlTemplate\":\"https:\/\/twind.io\/it\/?s={search_term_string}\"},\"query-input\":{\"@type\":\"PropertyValueSpecification\",\"valueRequired\":true,\"valueName\":\"search_term_string\"}}],\"inLanguage\":\"it-IT\"},{\"@type\":\"Organization\",\"@id\":\"https:\/\/twind.io\/it\/#organization\",\"name\":\"Twind \u2013 Piattaforma per la Gestione di Appaltatori e Fornitori\",\"url\":\"https:\/\/twind.io\/it\/\",\"logo\":{\"@type\":\"ImageObject\",\"inLanguage\":\"it-IT\",\"@id\":\"https:\/\/twind.io\/it\/#\/schema\/logo\/image\/\",\"url\":\"https:\/\/twind.io\/it\/wp-content\/uploads\/2023\/04\/Logo-Twind.svg\",\"contentUrl\":\"https:\/\/twind.io\/it\/wp-content\/uploads\/2023\/04\/Logo-Twind.svg\",\"width\":1,\"height\":1,\"caption\":\"Twind \u2013 Piattaforma per la Gestione di Appaltatori e Fornitori\"},\"image\":{\"@id\":\"https:\/\/twind.io\/it\/#\/schema\/logo\/image\/\"}}]}<\/script>\n<!-- \/ Yoast SEO plugin. -->","yoast_head_json":{"title":"Servizio di Gestione Documentale Appaltatori a Tariffa Flat - Twind","description":"Affida a noi la gestione documentale HSE dei tuoi appaltatori: controlliamo e validiamo tutta la documentazione di sicurezza in conformit\u00e0 al D.Lgs. 81\/08.","robots":{"index":"index","follow":"follow","max-snippet":"max-snippet:-1","max-image-preview":"max-image-preview:large","max-video-preview":"max-video-preview:-1"},"canonical":"https:\/\/twind.io\/it\/gestione-documentale-flat\/","og_locale":"it_IT","og_type":"article","og_title":"Servizio di Gestione Documentale Appaltatori a Tariffa Flat - Twind","og_description":"Affida a noi la gestione documentale HSE dei tuoi appaltatori: controlliamo e validiamo tutta la documentazione di sicurezza in conformit\u00e0 al D.Lgs. 81\/08.","og_url":"https:\/\/twind.io\/it\/gestione-documentale-flat\/","og_site_name":"Twind \u2013 Piattaforma per la Gestione di Appaltatori e Fornitori","article_modified_time":"2025-12-01T15:55:14+00:00","og_image":[{"width":2560,"height":1226,"url":"https:\/\/twind.io\/it\/wp-content\/uploads\/2023\/11\/Banner-home-web_ITALIANO-scaled.webp","type":"image\/webp"}],"twitter_card":"summary_large_image","twitter_misc":{"Tempo di lettura stimato":"6 minuti"},"schema":{"@context":"https:\/\/schema.org","@graph":[{"@type":"WebPage","@id":"https:\/\/twind.io\/it\/gestione-documentale-flat\/","url":"https:\/\/twind.io\/it\/gestione-documentale-flat\/","name":"Servizio di Gestione Documentale Appaltatori a Tariffa Flat - Twind","isPartOf":{"@id":"https:\/\/twind.io\/it\/#website"},"primaryImageOfPage":{"@id":"https:\/\/twind.io\/it\/gestione-documentale-flat\/#primaryimage"},"image":{"@id":"https:\/\/twind.io\/it\/gestione-documentale-flat\/#primaryimage"},"thumbnailUrl":"https:\/\/twind.io\/it\/wp-content\/uploads\/2023\/11\/Banner-home-web_ITALIANO-scaled.webp","datePublished":"2025-11-24T11:28:57+00:00","dateModified":"2025-12-01T15:55:14+00:00","description":"Affida a noi la gestione documentale HSE dei tuoi appaltatori: controlliamo e validiamo tutta la documentazione di sicurezza in conformit\u00e0 al D.Lgs. 81\/08.","breadcrumb":{"@id":"https:\/\/twind.io\/it\/gestione-documentale-flat\/#breadcrumb"},"inLanguage":"it-IT","potentialAction":[{"@type":"ReadAction","target":["https:\/\/twind.io\/it\/gestione-documentale-flat\/"]}]},{"@type":"ImageObject","inLanguage":"it-IT","@id":"https:\/\/twind.io\/it\/gestione-documentale-flat\/#primaryimage","url":"https:\/\/twind.io\/it\/wp-content\/uploads\/2023\/11\/Banner-home-web_ITALIANO-scaled.webp","contentUrl":"https:\/\/twind.io\/it\/wp-content\/uploads\/2023\/11\/Banner-home-web_ITALIANO-scaled.webp","width":2560,"height":1226,"caption":"Software di controllo dei fornitori e appaltatori"},{"@type":"BreadcrumbList","@id":"https:\/\/twind.io\/it\/gestione-documentale-flat\/#breadcrumb","itemListElement":[{"@type":"ListItem","position":1,"name":"Portada","item":"https:\/\/twind.io\/it\/"},{"@type":"ListItem","position":2,"name":"Servizio di Gestione Documentale Appaltatori a Tariffa Flat"}]},{"@type":"WebSite","@id":"https:\/\/twind.io\/it\/#website","url":"https:\/\/twind.io\/it\/","name":"Twind \u2013 Piattaforma per la Gestione di Appaltatori e Fornitori","description":"Automatizza la gestione di appaltatori e fornitori con Twind. Semplifica tutta la documentazione con AI. Monitora accessi e conformit\u00e0 in tempo reale.","publisher":{"@id":"https:\/\/twind.io\/it\/#organization"},"potentialAction":[{"@type":"SearchAction","target":{"@type":"EntryPoint","urlTemplate":"https:\/\/twind.io\/it\/?s={search_term_string}"},"query-input":{"@type":"PropertyValueSpecification","valueRequired":true,"valueName":"search_term_string"}}],"inLanguage":"it-IT"},{"@type":"Organization","@id":"https:\/\/twind.io\/it\/#organization","name":"Twind \u2013 Piattaforma per la Gestione di Appaltatori e Fornitori","url":"https:\/\/twind.io\/it\/","logo":{"@type":"ImageObject","inLanguage":"it-IT","@id":"https:\/\/twind.io\/it\/#\/schema\/logo\/image\/","url":"https:\/\/twind.io\/it\/wp-content\/uploads\/2023\/04\/Logo-Twind.svg","contentUrl":"https:\/\/twind.io\/it\/wp-content\/uploads\/2023\/04\/Logo-Twind.svg","width":1,"height":1,"caption":"Twind \u2013 Piattaforma per la Gestione di Appaltatori e Fornitori"},"image":{"@id":"https:\/\/twind.io\/it\/#\/schema\/logo\/image\/"}}]}},"_links":{"self":[{"href":"https:\/\/twind.io\/it\/wp-json\/wp\/v2\/pages\/4321","targetHints":{"allow":["GET"]}}],"collection":[{"href":"https:\/\/twind.io\/it\/wp-json\/wp\/v2\/pages"}],"about":[{"href":"https:\/\/twind.io\/it\/wp-json\/wp\/v2\/types\/page"}],"author":[{"embeddable":true,"href":"https:\/\/twind.io\/it\/wp-json\/wp\/v2\/users\/1"}],"replies":[{"embeddable":true,"href":"https:\/\/twind.io\/it\/wp-json\/wp\/v2\/comments?post=4321"}],"version-history":[{"count":11,"href":"https:\/\/twind.io\/it\/wp-json\/wp\/v2\/pages\/4321\/revisions"}],"predecessor-version":[{"id":4469,"href":"https:\/\/twind.io\/it\/wp-json\/wp\/v2\/pages\/4321\/revisions\/4469"}],"wp:featuredmedia":[{"embeddable":true,"href":"https:\/\/twind.io\/it\/wp-json\/wp\/v2\/media\/1386"}],"wp:attachment":[{"href":"https:\/\/twind.io\/it\/wp-json\/wp\/v2\/media?parent=4321"}],"curies":[{"name":"wp","href":"https:\/\/api.w.org\/{rel}","templated":true}]}}