{"id":4353,"date":"2025-11-26T14:36:32","date_gmt":"2025-11-26T14:36:32","guid":{"rendered":"https:\/\/twind.io\/it\/?page_id=4353"},"modified":"2026-03-26T11:04:00","modified_gmt":"2026-03-26T11:04:00","slug":"piattaforma-hse","status":"publish","type":"page","link":"https:\/\/twind.io\/it\/piattaforma-hse\/","title":{"rendered":"Piattaforma HSE"},"content":{"rendered":"<h1 style=\"text-align: center;\"><span>Gestione di Appaltatori e Fornitori:<br \/><span style=\"--tcb-applied-color: var$(--tcb-color-4) !important; color: var(--tcb-color-4) !important;\">7 volte<\/span> pi\u00f9 veloce con Twind<\/span><\/h1>\n<h2 style=\"text-align: center;\"><span style=\"font-weight: normal;\">Automatizza la gestione di appaltatori e fornitori, riduci i rischi e velocizza l&#8217;accesso ai tuoi centri di lavoro. Visibilit\u00e0 totale, conformit\u00e0 al 100% e zero carico amministrativo.<\/span><\/h2>\n<h3 style=\"text-align: center;\"><span style=\"font-size: 50px !important; --tcb-applied-color: var$(--tcb-color-4) !important; color: var(--tcb-color-4) !important;\">7x<\/span><\/h3>\n<h3 style=\"text-align: center;\"><span style=\"\">pi\u00f9 veloce<\/span><\/h3>\n<h3 style=\"text-align: center;\"><span style=\"font-size: 50px !important; --tcb-applied-color: var$(--tcb-color-4) !important; color: var(--tcb-color-4) !important;\">75%<\/span><\/h3>\n<h3 style=\"text-align: center;\">tempo risparmiato<\/h3>\n<h3 style=\"text-align: center;\"><span style=\"font-size: 50px !important; --tcb-applied-color: var$(--tcb-color-4) !important; color: var(--tcb-color-4) !important;\">100%<\/span><\/h3>\n<h3 style=\"text-align: center;\"><span style=\"\">conformit\u00e0<\/span><\/h3>\n<h3 style=\"text-align: center;\"><span style=\"font-size: 50px !important; --tcb-applied-color: var$(--tcb-color-4) !important; color: var(--tcb-color-4) !important;\">5\u00aa<\/span><\/h3>\n<h3 style=\"text-align: center;\"><span style=\"\">volta leader Verdantix<\/span><\/h3>\n<p style=\"text-align: center;\"><strong>Twind \u00e8 gi\u00e0 la scelta di fiducia per molte aziende<\/strong><\/p>\n<p><span><img decoding=\"async\" alt=\"smurfit\" data-id=\"3669\" width=\"265\" height=\"150\" title=\"smurfit\" src=\"https:\/\/twind.io\/it\/wp-content\/uploads\/2025\/09\/smurfit.png\" data-src=\"https:\/\/twind.io\/it\/wp-content\/uploads\/2025\/09\/smurfit.png\" loading=\"lazy\" data-sizes=\"{&quot;thumbnail&quot;:{&quot;height&quot;:150,&quot;width&quot;:150,&quot;url&quot;:&quot;https:\/\/twind.io\/it\/wp-content\/uploads\/2025\/09\/smurfit-150x150.png&quot;,&quot;orientation&quot;:&quot;landscape&quot;},&quot;full&quot;:{&quot;url&quot;:&quot;https:\/\/twind.io\/it\/wp-content\/uploads\/2025\/09\/smurfit.png&quot;,&quot;height&quot;:150,&quot;width&quot;:265,&quot;orientation&quot;:&quot;landscape&quot;}}\" style=\"\"><\/span><span><img decoding=\"async\" alt=\"cimsa\" data-id=\"3667\" width=\"265\" height=\"150\" title=\"cimsa\" src=\"https:\/\/twind.io\/it\/wp-content\/uploads\/2025\/09\/cimsa-v2.png\" data-src=\"https:\/\/twind.io\/it\/wp-content\/uploads\/2025\/09\/cimsa-v2.png\" loading=\"lazy\" data-sizes=\"{&quot;thumbnail&quot;:{&quot;height&quot;:150,&quot;width&quot;:150,&quot;url&quot;:&quot;https:\/\/twind.io\/it\/wp-content\/uploads\/2025\/09\/cimsa-v2-150x150.png&quot;,&quot;orientation&quot;:&quot;landscape&quot;},&quot;full&quot;:{&quot;url&quot;:&quot;https:\/\/twind.io\/it\/wp-content\/uploads\/2025\/09\/cimsa-v2.png&quot;,&quot;height&quot;:150,&quot;width&quot;:265,&quot;orientation&quot;:&quot;landscape&quot;}}\" style=\"\"><\/span><span><img decoding=\"async\" alt=\"Curtiriso - Twind\" data-id=\"3668\" width=\"265\" height=\"150\" title=\"Curtiriso - Twind\" src=\"https:\/\/twind.io\/it\/wp-content\/uploads\/2025\/09\/Curtiriso-Twind.png\" data-src=\"https:\/\/twind.io\/it\/wp-content\/uploads\/2025\/09\/Curtiriso-Twind.png\" loading=\"lazy\" data-sizes=\"{&quot;thumbnail&quot;:{&quot;height&quot;:150,&quot;width&quot;:150,&quot;url&quot;:&quot;https:\/\/twind.io\/it\/wp-content\/uploads\/2025\/09\/Curtiriso-Twind-150x150.png&quot;,&quot;orientation&quot;:&quot;landscape&quot;},&quot;full&quot;:{&quot;url&quot;:&quot;https:\/\/twind.io\/it\/wp-content\/uploads\/2025\/09\/Curtiriso-Twind.png&quot;,&quot;height&quot;:150,&quot;width&quot;:265,&quot;orientation&quot;:&quot;landscape&quot;}}\" style=\"\"><\/span><span><img decoding=\"async\" alt=\"cassioli\" data-id=\"3665\" width=\"265\" height=\"150\" title=\"cassioli\" src=\"https:\/\/twind.io\/it\/wp-content\/uploads\/2025\/09\/cassioli.png\" data-src=\"https:\/\/twind.io\/it\/wp-content\/uploads\/2025\/09\/cassioli.png\" loading=\"lazy\" data-sizes=\"{&quot;thumbnail&quot;:{&quot;height&quot;:150,&quot;width&quot;:150,&quot;url&quot;:&quot;https:\/\/twind.io\/it\/wp-content\/uploads\/2025\/09\/cassioli-150x150.png&quot;,&quot;orientation&quot;:&quot;landscape&quot;},&quot;full&quot;:{&quot;url&quot;:&quot;https:\/\/twind.io\/it\/wp-content\/uploads\/2025\/09\/cassioli.png&quot;,&quot;height&quot;:150,&quot;width&quot;:265,&quot;orientation&quot;:&quot;landscape&quot;}}\" style=\"\"><\/span><span><img decoding=\"async\" alt=\"\" data-id=\"4335\" width=\"\" height=\"undefined\" title=\"7-mango\" src=\"https:\/\/twind.io\/it\/wp-content\/uploads\/2025\/11\/7-mango.svg\" data-src=\"https:\/\/twind.io\/it\/wp-content\/uploads\/2025\/11\/7-mango.svg\" loading=\"lazy\" data-sizes=\"{&quot;full&quot;:{&quot;url&quot;:&quot;https:\/\/twind.io\/it\/wp-content\/uploads\/2025\/11\/7-mango.svg&quot;}}\" style=\"\"><\/span><span><img decoding=\"async\" alt=\"\" data-id=\"4334\" width=\"\" height=\"undefined\" title=\"8-nippon-gases\" src=\"https:\/\/twind.io\/it\/wp-content\/uploads\/2025\/11\/8-nippon-gases.svg\" data-src=\"https:\/\/twind.io\/it\/wp-content\/uploads\/2025\/11\/8-nippon-gases.svg\" loading=\"lazy\" data-sizes=\"{&quot;full&quot;:{&quot;url&quot;:&quot;https:\/\/twind.io\/it\/wp-content\/uploads\/2025\/11\/8-nippon-gases.svg&quot;}}\" style=\"\"><\/span><span><img decoding=\"async\" alt=\"\" data-id=\"4332\" width=\"\" height=\"undefined\" title=\"3-nestle\" src=\"https:\/\/twind.io\/it\/wp-content\/uploads\/2025\/11\/3-nestle.svg\" data-src=\"https:\/\/twind.io\/it\/wp-content\/uploads\/2025\/11\/3-nestle.svg\" loading=\"lazy\" data-sizes=\"{&quot;full&quot;:{&quot;url&quot;:&quot;https:\/\/twind.io\/it\/wp-content\/uploads\/2025\/11\/3-nestle.svg&quot;}}\" style=\"\"><\/span><span><img decoding=\"async\" alt=\"\" data-id=\"4333\" width=\"\" height=\"undefined\" title=\"1-adidas\" src=\"https:\/\/twind.io\/it\/wp-content\/uploads\/2025\/11\/1-adidas.svg\" data-src=\"https:\/\/twind.io\/it\/wp-content\/uploads\/2025\/11\/1-adidas.svg\" loading=\"lazy\" data-sizes=\"{&quot;full&quot;:{&quot;url&quot;:&quot;https:\/\/twind.io\/it\/wp-content\/uploads\/2025\/11\/1-adidas.svg&quot;}}\" style=\"\"><\/span><span><img decoding=\"async\" alt=\"\" data-id=\"4330\" width=\"\" height=\"undefined\" title=\"4-mercedes-benz\" src=\"https:\/\/twind.io\/it\/wp-content\/uploads\/2025\/11\/4-mercedes-benz.svg\" data-src=\"https:\/\/twind.io\/it\/wp-content\/uploads\/2025\/11\/4-mercedes-benz.svg\" loading=\"lazy\" data-sizes=\"{&quot;full&quot;:{&quot;url&quot;:&quot;https:\/\/twind.io\/it\/wp-content\/uploads\/2025\/11\/4-mercedes-benz.svg&quot;}}\" style=\"\"><\/span><span><img decoding=\"async\" alt=\"\" data-id=\"4331\" width=\"\" height=\"undefined\" title=\"5-sodexo\" src=\"https:\/\/twind.io\/it\/wp-content\/uploads\/2025\/11\/5-sodexo.svg\" data-src=\"https:\/\/twind.io\/it\/wp-content\/uploads\/2025\/11\/5-sodexo.svg\" loading=\"lazy\" data-sizes=\"{&quot;full&quot;:{&quot;url&quot;:&quot;https:\/\/twind.io\/it\/wp-content\/uploads\/2025\/11\/5-sodexo.svg&quot;}}\" style=\"\"><\/span><span><img decoding=\"async\" alt=\"\" data-id=\"4329\" width=\"\" height=\"undefined\" title=\"6-bayer\" src=\"https:\/\/twind.io\/it\/wp-content\/uploads\/2025\/11\/6-bayer.svg\" data-src=\"https:\/\/twind.io\/it\/wp-content\/uploads\/2025\/11\/6-bayer.svg\" loading=\"lazy\" data-sizes=\"{&quot;full&quot;:{&quot;url&quot;:&quot;https:\/\/twind.io\/it\/wp-content\/uploads\/2025\/11\/6-bayer.svg&quot;}}\" style=\"\"><\/span><\/p>\n<h2 style=\"text-align: center; color: rgb(26, 48, 55) !important; --tcb-applied-color: rgb(26, 48, 55) !important;\">La Piattaforma HSE <span style=\"--tcb-applied-color: var$(--tcb-color-4) !important; color: var(--tcb-color-4) !important;\">All-in-One<\/span><\/h2>\n<h2 style=\"text-align: center;\"><span style=\"font-weight: normal; --tcb-applied-color: rgb(26, 48, 55) !important; color: rgb(26, 48, 55) !important;\">Sviluppata da esperti HSE che comprendono le esigenze della tua azienda.<\/span><\/h2>\n<h3 style=\"text-align: left;\"><span style=\"font-size: 35px !important;\">Gestione Documentale HSE<\/span><\/h3>\n<h3 style=\"text-align: left;\"><span style=\"font-weight: normal;\">Dimentica la gestione complessa di pi\u00f9 sistemi: email, fogli Excel, cartelle condivise. Un solo login, una fonte unica di verit\u00e0, zero confusione.<\/span><\/h3>\n<p><!--! Font Awesome Free 6.7.1 by @fontawesome - https:\/\/fontawesome.com License - https:\/\/fontawesome.com\/license\/free (Icons: CC BY 4.0, Fonts: SIL OFL 1.1, Code: MIT License) Copyright 2024 Fonticons, Inc. --><\/p>\n<p text-align:=\"\" left;\"\"=\"\" style=\"\"><span style=\"color: rgb(26, 48, 55) !important;\"><span style=\"--tcb-applied-color: rgb(26, 48, 55) !important;\">Gestione appaltatori centralizzata<br \/><\/span><\/span><\/p>\n<p><!--! Font Awesome Free 6.7.1 by @fontawesome - https:\/\/fontawesome.com License - https:\/\/fontawesome.com\/license\/free (Icons: CC BY 4.0, Fonts: SIL OFL 1.1, Code: MIT License) Copyright 2024 Fonticons, Inc. --><\/p>\n<p text-align:=\"\" left;\"\"=\"\" style=\"\"><span style=\"color: rgb(26, 48, 55) !important;\"><span style=\"--tcb-applied-color: rgb(26, 48, 55) !important;\">Controllo degli accessi intelligente<br \/><\/span><\/span><\/p>\n<p><!--! Font Awesome Free 6.7.1 by @fontawesome - https:\/\/fontawesome.com License - https:\/\/fontawesome.com\/license\/free (Icons: CC BY 4.0, Fonts: SIL OFL 1.1, Code: MIT License) Copyright 2024 Fonticons, Inc. --><\/p>\n<p text-align:=\"\" left;\"\"=\"\" style=\"\"><span style=\"color: rgb(26, 48, 55) !important;\"><span style=\"--tcb-applied-color: rgb(26, 48, 55) !important;\">Permessi di lavoro digitali<br \/><\/span><\/span><\/p>\n<p><!--! Font Awesome Free 6.7.1 by @fontawesome - https:\/\/fontawesome.com License - https:\/\/fontawesome.com\/license\/free (Icons: CC BY 4.0, Fonts: SIL OFL 1.1, Code: MIT License) Copyright 2024 Fonticons, Inc. --><\/p>\n<p text-align:=\"\" left;\"\"=\"\" style=\"\"><span style=\"color: rgb(26, 48, 55) !important;\"><span style=\"--tcb-applied-color: rgb(26, 48, 55) !important;\">Maggiore efficienza nella subcontrattazione<\/span><\/span><\/p>\n<h3 style=\"text-align: left;\"><span style=\"font-size: 35px !important;\">Permessi di Lavoro<\/span><\/h3>\n<h3 style=\"text-align: left;\"><span style=\"font-weight: normal;\">Richiesta da mobile, validazione automatica dei requisiti, approvazioni con flussi configurabili e tracciabilit\u00e0 completa.<\/span><\/h3>\n<p><!--! Font Awesome Free 6.7.1 by @fontawesome - https:\/\/fontawesome.com License - https:\/\/fontawesome.com\/license\/free (Icons: CC BY 4.0, Fonts: SIL OFL 1.1, Code: MIT License) Copyright 2024 Fonticons, Inc. --><\/p>\n<p text-align:=\"\" left;\"\"=\"\" style=\"color: var(--tcb-color-2) !important; --tcb-applied-color: var$(--tcb-color-2) !important;\"><span style=\"--tcb-applied-color: var$(--tcb-color-2) !important;\"><span style=\"--tcb-applied-color: var$(--tcb-color-2) !important;\">Template di moduli editabili e personalizzabili<br \/><\/span><\/span><\/p>\n<p><!--! Font Awesome Free 6.7.1 by @fontawesome - https:\/\/fontawesome.com License - https:\/\/fontawesome.com\/license\/free (Icons: CC BY 4.0, Fonts: SIL OFL 1.1, Code: MIT License) Copyright 2024 Fonticons, Inc. --><\/p>\n<p text-align:=\"\" left;\"\"=\"\" style=\"\"><span style=\"color: rgb(26, 48, 55) !important;\"><span style=\"--tcb-applied-color: rgb(26, 48, 55) !important;\">Firma digitale integrata<br \/><\/span><\/span><\/p>\n<p><!--! Font Awesome Free 6.7.1 by @fontawesome - https:\/\/fontawesome.com License - https:\/\/fontawesome.com\/license\/free (Icons: CC BY 4.0, Fonts: SIL OFL 1.1, Code: MIT License) Copyright 2024 Fonticons, Inc. --><\/p>\n<p text-align:=\"\" left;\"\"=\"\"><span style=\"color: rgb(26, 48, 55) !important;\"><span style=\"--tcb-applied-color: rgb(26, 48, 55) !important;\">Tracciabilit\u00e0 totale<\/span><\/span><\/p>\n<h3 style=\"text-align: left;\"><span style=\"font-size: 35px !important;\">Controllo degli accessi<\/span><\/h3>\n<h3 style=\"text-align: left;\"><span style=\"font-weight: normal;\">Verifica che ogni lavoratore esterno soddisfi i requisiti del luogo di lavoro, con formazione e qualifiche sempre aggiornate prima di operare.<br \/><\/span><\/h3>\n<p><!--! Font Awesome Free 6.7.1 by @fontawesome - https:\/\/fontawesome.com License - https:\/\/fontawesome.com\/license\/free (Icons: CC BY 4.0, Fonts: SIL OFL 1.1, Code: MIT License) Copyright 2024 Fonticons, Inc. --><\/p>\n<p text-align:=\"\" left;\"\"=\"\"><span style=\"color: rgb(26, 48, 55) !important;\"><span style=\"--tcb-applied-color: rgb(26, 48, 55) !important;\">Sistema a semaforo visivo<br \/><\/span><\/span><\/p>\n<p><!--! Font Awesome Free 6.7.1 by @fontawesome - https:\/\/fontawesome.com License - https:\/\/fontawesome.com\/license\/free (Icons: CC BY 4.0, Fonts: SIL OFL 1.1, Code: MIT License) Copyright 2024 Fonticons, Inc. --><\/p>\n<p text-align:=\"\" left;\"\"=\"\" style=\"\"><span style=\"color: rgb(26, 48, 55) !important;\"><span style=\"--tcb-applied-color: rgb(26, 48, 55) !important;\">Identificazione digitale in tempo reale<br \/><\/span><\/span><\/p>\n<p><!--! Font Awesome Free 6.7.1 by @fontawesome - https:\/\/fontawesome.com License - https:\/\/fontawesome.com\/license\/free (Icons: CC BY 4.0, Fonts: SIL OFL 1.1, Code: MIT License) Copyright 2024 Fonticons, Inc. --><\/p>\n<p text-align:=\"\" left;\"\"=\"\" style=\"\"><span style=\"color: rgb(26, 48, 55) !important;\"><span style=\"--tcb-applied-color: rgb(26, 48, 55) !important;\">Tracciabilit\u00e0 automatica di ingressi e uscite di appaltatori e fornitori<br \/><\/span><\/span><\/p>\n<h2 style=\"text-align: center; color: rgb(26, 48, 55) !important; --tcb-applied-color: rgb(26, 48, 55) !important;\">La piattaforma di gestione di appaltatori e fornitori <br \/><span style=\"--tcb-applied-color: var$(--tcb-color-4) !important; color: var(--tcb-color-4) !important;\">progettata per i team HSE che puntano ai risultati<\/span><\/h2>\n<h2 style=\"text-align: center;\"><span style=\"font-weight: normal; --tcb-applied-color: rgb(26, 48, 55) !important; color: rgb(26, 48, 55) !important;\">La piattaforma intuitiva e agile che consente ai team di sicurezza di concentrarsi su ci\u00f2 che conta: <\/span><br \/><span style=\"font-weight: normal; --tcb-applied-color: rgb(26, 48, 55) !important; color: rgb(26, 48, 55) !important;\">prevenire i rischi, non inseguire i documenti.<\/span><\/h2>\n<h3 style=\"text-align: left;\"><span style=\"\">Facile fin dal primo minuto<\/span><\/h3>\n<h3 style=\"text-align: left;\"><span style=\"font-weight: normal;\">Interfaccia intuitiva, senza curve di apprendimento. Accedi da mobile o web e collabora senza difficolt\u00e0 con il tuo team.<\/span><\/h3>\n<h3 style=\"text-align: left;\"><span style=\"\">Garantisci il 100% di conformit\u00e0<\/span><\/h3>\n<h3 style=\"text-align: left;\"><span style=\"font-weight: normal;\">Aggiungi e gestisci facilmente tutti i requisiti normativi, aziendali e le qualifiche necessarie per l&#8217;accesso alle tue strutture.<\/span><\/h3>\n<h3 style=\"text-align: left;\"><span>Gestione e visibilit\u00e0 a 360\u00ba<\/span><\/h3>\n<h3 style=\"text-align: left;\"><span style=\"font-weight: normal;\">Automatizza la gestione HSE, elimina email e fogli Excel, e monitora in tempo reale lo stato dei tuoi appaltatori e fornitori.<\/span><\/h3>\n<h3 style=\"text-align: left;\"><span style=\"\">Dati in tempo reale e connettivit\u00e0<\/span><\/h3>\n<h3 style=\"text-align: left;\"><span style=\"font-weight: normal;\">Prendi decisioni con informazioni aggiornate e una tracciabilit\u00e0 completa di appaltatori e visitatori.<\/span><\/h3>\n<h2 style=\"text-align: left;\"><span style=\"\">Inizia adesso<\/span><\/h2>\n","protected":false},"excerpt":{"rendered":"<p>Gestione di Appaltatori e Fornitori:7 volte pi\u00f9 veloce con Twind Automatizza la gestione di appaltatori e fornitori, riduci i rischi e velocizza l&#8217;accesso ai tuoi centri di lavoro. Visibilit\u00e0 totale, conformit\u00e0 al 100% e zero carico amministrativo. 7x pi\u00f9 veloce 75% tempo risparmiato 100% conformit\u00e0 5\u00aa volta leader Verdantix Twind \u00e8 gi\u00e0 la scelta di [&hellip;]<\/p>\n","protected":false},"author":1,"featured_media":0,"parent":0,"menu_order":0,"comment_status":"closed","ping_status":"closed","template":"","meta":{"content-type":"","footnotes":""},"class_list":["post-4353","page","type-page","status-publish","hentry","post-wrapper","thrv_wrapper"],"yoast_head":"<!-- This site is optimized with the Yoast SEO plugin v27.2 - https:\/\/yoast.com\/product\/yoast-seo-wordpress\/ -->\n<title>Gestione di Appaltatori e Fornitori: 7 volte pi\u00f9 veloce con Twind<\/title>\n<meta name=\"description\" content=\"Digitalizza la gestione HSE di appaltatori e fornitori con Twind: una piattaforma per documenti, accessi e permessi di lavoro. Pi\u00f9 controllo, meno rischi.\" \/>\n<meta name=\"robots\" content=\"index, follow, max-snippet:-1, max-image-preview:large, max-video-preview:-1\" \/>\n<link rel=\"canonical\" href=\"https:\/\/twind.io\/it\/piattaforma-hse\/\" \/>\n<meta property=\"og:locale\" content=\"it_IT\" \/>\n<meta property=\"og:type\" content=\"article\" \/>\n<meta property=\"og:title\" content=\"Gestione di Appaltatori e Fornitori: 7 volte pi\u00f9 veloce con Twind\" \/>\n<meta property=\"og:description\" content=\"Digitalizza la gestione HSE di appaltatori e fornitori con Twind: una piattaforma per documenti, accessi e permessi di lavoro. Pi\u00f9 controllo, meno rischi.\" \/>\n<meta property=\"og:url\" content=\"https:\/\/twind.io\/it\/piattaforma-hse\/\" \/>\n<meta property=\"og:site_name\" content=\"Twind \u2013 Piattaforma per la Gestione di Appaltatori e Fornitori\" \/>\n<meta property=\"article:modified_time\" content=\"2026-03-26T11:04:00+00:00\" \/>\n<meta property=\"og:image\" content=\"https:\/\/twind.io\/it\/wp-content\/uploads\/2025\/09\/smurfit.png\" \/>\n<meta name=\"twitter:card\" content=\"summary_large_image\" \/>\n<meta name=\"twitter:label1\" content=\"Tempo di lettura stimato\" \/>\n\t<meta name=\"twitter:data1\" content=\"9 minuti\" \/>\n<script type=\"application\/ld+json\" class=\"yoast-schema-graph\">{\"@context\":\"https:\/\/schema.org\",\"@graph\":[{\"@type\":\"WebPage\",\"@id\":\"https:\/\/twind.io\/it\/piattaforma-hse\/\",\"url\":\"https:\/\/twind.io\/it\/piattaforma-hse\/\",\"name\":\"Gestione di Appaltatori e Fornitori: 7 volte pi\u00f9 veloce con Twind\",\"isPartOf\":{\"@id\":\"https:\/\/twind.io\/it\/#website\"},\"primaryImageOfPage\":{\"@id\":\"https:\/\/twind.io\/it\/piattaforma-hse\/#primaryimage\"},\"image\":{\"@id\":\"https:\/\/twind.io\/it\/piattaforma-hse\/#primaryimage\"},\"thumbnailUrl\":\"https:\/\/twind.io\/it\/wp-content\/uploads\/2025\/09\/smurfit.png\",\"datePublished\":\"2025-11-26T14:36:32+00:00\",\"dateModified\":\"2026-03-26T11:04:00+00:00\",\"description\":\"Digitalizza la gestione HSE di appaltatori e fornitori con Twind: una piattaforma per documenti, accessi e permessi di lavoro. Pi\u00f9 controllo, meno rischi.\",\"breadcrumb\":{\"@id\":\"https:\/\/twind.io\/it\/piattaforma-hse\/#breadcrumb\"},\"inLanguage\":\"it-IT\",\"potentialAction\":[{\"@type\":\"ReadAction\",\"target\":[\"https:\/\/twind.io\/it\/piattaforma-hse\/\"]}]},{\"@type\":\"ImageObject\",\"inLanguage\":\"it-IT\",\"@id\":\"https:\/\/twind.io\/it\/piattaforma-hse\/#primaryimage\",\"url\":\"https:\/\/twind.io\/it\/wp-content\/uploads\/2025\/09\/smurfit.png\",\"contentUrl\":\"https:\/\/twind.io\/it\/wp-content\/uploads\/2025\/09\/smurfit.png\",\"width\":265,\"height\":150,\"caption\":\"smurfit\"},{\"@type\":\"BreadcrumbList\",\"@id\":\"https:\/\/twind.io\/it\/piattaforma-hse\/#breadcrumb\",\"itemListElement\":[{\"@type\":\"ListItem\",\"position\":1,\"name\":\"Portada\",\"item\":\"https:\/\/twind.io\/it\/\"},{\"@type\":\"ListItem\",\"position\":2,\"name\":\"Piattaforma HSE\"}]},{\"@type\":\"WebSite\",\"@id\":\"https:\/\/twind.io\/it\/#website\",\"url\":\"https:\/\/twind.io\/it\/\",\"name\":\"Twind \u2013 Piattaforma per la Gestione di Appaltatori e Fornitori\",\"description\":\"Automatizza la gestione di appaltatori e fornitori con Twind. Semplifica tutta la documentazione con AI. Monitora accessi e conformit\u00e0 in tempo reale.\",\"publisher\":{\"@id\":\"https:\/\/twind.io\/it\/#organization\"},\"potentialAction\":[{\"@type\":\"SearchAction\",\"target\":{\"@type\":\"EntryPoint\",\"urlTemplate\":\"https:\/\/twind.io\/it\/?s={search_term_string}\"},\"query-input\":{\"@type\":\"PropertyValueSpecification\",\"valueRequired\":true,\"valueName\":\"search_term_string\"}}],\"inLanguage\":\"it-IT\"},{\"@type\":\"Organization\",\"@id\":\"https:\/\/twind.io\/it\/#organization\",\"name\":\"Twind \u2013 Piattaforma per la Gestione di Appaltatori e Fornitori\",\"url\":\"https:\/\/twind.io\/it\/\",\"logo\":{\"@type\":\"ImageObject\",\"inLanguage\":\"it-IT\",\"@id\":\"https:\/\/twind.io\/it\/#\/schema\/logo\/image\/\",\"url\":\"https:\/\/twind.io\/it\/wp-content\/uploads\/2023\/04\/Logo-Twind.svg\",\"contentUrl\":\"https:\/\/twind.io\/it\/wp-content\/uploads\/2023\/04\/Logo-Twind.svg\",\"width\":1,\"height\":1,\"caption\":\"Twind \u2013 Piattaforma per la Gestione di Appaltatori e Fornitori\"},\"image\":{\"@id\":\"https:\/\/twind.io\/it\/#\/schema\/logo\/image\/\"}}]}<\/script>\n<!-- \/ Yoast SEO plugin. -->","yoast_head_json":{"title":"Gestione di Appaltatori e Fornitori: 7 volte pi\u00f9 veloce con Twind","description":"Digitalizza la gestione HSE di appaltatori e fornitori con Twind: una piattaforma per documenti, accessi e permessi di lavoro. Pi\u00f9 controllo, meno rischi.","robots":{"index":"index","follow":"follow","max-snippet":"max-snippet:-1","max-image-preview":"max-image-preview:large","max-video-preview":"max-video-preview:-1"},"canonical":"https:\/\/twind.io\/it\/piattaforma-hse\/","og_locale":"it_IT","og_type":"article","og_title":"Gestione di Appaltatori e Fornitori: 7 volte pi\u00f9 veloce con Twind","og_description":"Digitalizza la gestione HSE di appaltatori e fornitori con Twind: una piattaforma per documenti, accessi e permessi di lavoro. Pi\u00f9 controllo, meno rischi.","og_url":"https:\/\/twind.io\/it\/piattaforma-hse\/","og_site_name":"Twind \u2013 Piattaforma per la Gestione di Appaltatori e Fornitori","article_modified_time":"2026-03-26T11:04:00+00:00","og_image":[{"url":"https:\/\/twind.io\/it\/wp-content\/uploads\/2025\/09\/smurfit.png","type":"","width":"","height":""}],"twitter_card":"summary_large_image","twitter_misc":{"Tempo di lettura stimato":"9 minuti"},"schema":{"@context":"https:\/\/schema.org","@graph":[{"@type":"WebPage","@id":"https:\/\/twind.io\/it\/piattaforma-hse\/","url":"https:\/\/twind.io\/it\/piattaforma-hse\/","name":"Gestione di Appaltatori e Fornitori: 7 volte pi\u00f9 veloce con Twind","isPartOf":{"@id":"https:\/\/twind.io\/it\/#website"},"primaryImageOfPage":{"@id":"https:\/\/twind.io\/it\/piattaforma-hse\/#primaryimage"},"image":{"@id":"https:\/\/twind.io\/it\/piattaforma-hse\/#primaryimage"},"thumbnailUrl":"https:\/\/twind.io\/it\/wp-content\/uploads\/2025\/09\/smurfit.png","datePublished":"2025-11-26T14:36:32+00:00","dateModified":"2026-03-26T11:04:00+00:00","description":"Digitalizza la gestione HSE di appaltatori e fornitori con Twind: una piattaforma per documenti, accessi e permessi di lavoro. Pi\u00f9 controllo, meno rischi.","breadcrumb":{"@id":"https:\/\/twind.io\/it\/piattaforma-hse\/#breadcrumb"},"inLanguage":"it-IT","potentialAction":[{"@type":"ReadAction","target":["https:\/\/twind.io\/it\/piattaforma-hse\/"]}]},{"@type":"ImageObject","inLanguage":"it-IT","@id":"https:\/\/twind.io\/it\/piattaforma-hse\/#primaryimage","url":"https:\/\/twind.io\/it\/wp-content\/uploads\/2025\/09\/smurfit.png","contentUrl":"https:\/\/twind.io\/it\/wp-content\/uploads\/2025\/09\/smurfit.png","width":265,"height":150,"caption":"smurfit"},{"@type":"BreadcrumbList","@id":"https:\/\/twind.io\/it\/piattaforma-hse\/#breadcrumb","itemListElement":[{"@type":"ListItem","position":1,"name":"Portada","item":"https:\/\/twind.io\/it\/"},{"@type":"ListItem","position":2,"name":"Piattaforma HSE"}]},{"@type":"WebSite","@id":"https:\/\/twind.io\/it\/#website","url":"https:\/\/twind.io\/it\/","name":"Twind \u2013 Piattaforma per la Gestione di Appaltatori e Fornitori","description":"Automatizza la gestione di appaltatori e fornitori con Twind. Semplifica tutta la documentazione con AI. Monitora accessi e conformit\u00e0 in tempo reale.","publisher":{"@id":"https:\/\/twind.io\/it\/#organization"},"potentialAction":[{"@type":"SearchAction","target":{"@type":"EntryPoint","urlTemplate":"https:\/\/twind.io\/it\/?s={search_term_string}"},"query-input":{"@type":"PropertyValueSpecification","valueRequired":true,"valueName":"search_term_string"}}],"inLanguage":"it-IT"},{"@type":"Organization","@id":"https:\/\/twind.io\/it\/#organization","name":"Twind \u2013 Piattaforma per la Gestione di Appaltatori e Fornitori","url":"https:\/\/twind.io\/it\/","logo":{"@type":"ImageObject","inLanguage":"it-IT","@id":"https:\/\/twind.io\/it\/#\/schema\/logo\/image\/","url":"https:\/\/twind.io\/it\/wp-content\/uploads\/2023\/04\/Logo-Twind.svg","contentUrl":"https:\/\/twind.io\/it\/wp-content\/uploads\/2023\/04\/Logo-Twind.svg","width":1,"height":1,"caption":"Twind \u2013 Piattaforma per la Gestione di Appaltatori e Fornitori"},"image":{"@id":"https:\/\/twind.io\/it\/#\/schema\/logo\/image\/"}}]}},"_links":{"self":[{"href":"https:\/\/twind.io\/it\/wp-json\/wp\/v2\/pages\/4353","targetHints":{"allow":["GET"]}}],"collection":[{"href":"https:\/\/twind.io\/it\/wp-json\/wp\/v2\/pages"}],"about":[{"href":"https:\/\/twind.io\/it\/wp-json\/wp\/v2\/types\/page"}],"author":[{"embeddable":true,"href":"https:\/\/twind.io\/it\/wp-json\/wp\/v2\/users\/1"}],"replies":[{"embeddable":true,"href":"https:\/\/twind.io\/it\/wp-json\/wp\/v2\/comments?post=4353"}],"version-history":[{"count":39,"href":"https:\/\/twind.io\/it\/wp-json\/wp\/v2\/pages\/4353\/revisions"}],"predecessor-version":[{"id":5349,"href":"https:\/\/twind.io\/it\/wp-json\/wp\/v2\/pages\/4353\/revisions\/5349"}],"wp:attachment":[{"href":"https:\/\/twind.io\/it\/wp-json\/wp\/v2\/media?parent=4353"}],"curies":[{"name":"wp","href":"https:\/\/api.w.org\/{rel}","templated":true}]}}