{"id":4805,"date":"2026-02-10T09:13:31","date_gmt":"2026-02-10T09:13:31","guid":{"rendered":"https:\/\/twind.io\/it\/?page_id=4805"},"modified":"2026-03-11T16:09:09","modified_gmt":"2026-03-11T16:09:09","slug":"webinar-trends-sicurezza-sul-lavoro-2026","status":"publish","type":"page","link":"https:\/\/twind.io\/it\/webinar-trends-sicurezza-sul-lavoro-2026\/","title":{"rendered":"Webinar Sicurezza sul Lavoro 2026:\u00a0trend, formazione, tecnologie"},"content":{"rendered":"<p><span style=\"\"><img decoding=\"async\" alt=\"\" data-id=\"3735\" width=\"191\" data-init-width=\"750\" height=\"49\" data-init-height=\"92\" title=\"Logo-Twind\" src=\"https:\/\/twind.io\/it\/wp-content\/uploads\/2025\/09\/Logo-Twind.svg\" data-width=\"191\" data-height=\"49\" style=\"aspect-ratio: auto 750 \/ 92;\" mt-d=\"0\" ml-d=\"-2\" center-v-d=\"false\" center-h-d=\"true\" loading=\"lazy\"><\/span><\/p>\n<p style=\"\">Webinar gratuito<\/p>\n<p style=\"text-align: left;\"><span><span data-contrast=\"auto\" lang=\"ES-ES\">Sicurezza sul Lavoro 2026:<\/span><\/span><span><span data-contrast=\"auto\" lang=\"ES-ES\">trend, formazione, tecnologie<\/span><\/span><\/p>\n<p><!--! Font Awesome Free 6.7.1 by @fontawesome - https:\/\/fontawesome.com License - https:\/\/fontawesome.com\/license\/free (Icons: CC BY 4.0, Fonts: SIL OFL 1.1, Code: MIT License) Copyright 2024 Fonticons, Inc. --><\/p>\n<p style=\"\"><span style=\"font-weight: normal;\"><span data-teams=\"true\">Disponibile On Demand<\/span><\/span><\/p>\n<p style=\"\"><span data-teams=\"true\">La sicurezza sul lavoro in Italia sta cambiando rapidamente. Nuovi obblighi formativi, un aumento dell\u2019attenzione ispettiva, l\u2019evoluzione delle tecnologie digitali e l\u2019ingresso dell\u2019Intelligenza Artificiale nei processi HSE stanno ridefinendo il modo in cui aziende e professionisti gestiscono la prevenzione.<\/span><\/p>\n<p style=\"\"><span style=\"\"><strong><span style=\"\">Il 2026 sar\u00e0 un anno di svolta per la Sicurezza sul Lavoro in Italia<\/span><\/strong><\/span><\/p>\n<p style=\"\"><span data-teams=\"true\">In questo webinar analizzeremo i principali trend e le tecnologie che stanno trasformando la sicurezza sul lavoro in Italia, con un approccio concreto e orientato alla pratica. Dalla digitalizzazione dei processi HSE all\u2019uso consapevole dell\u2019Intelligenza Artificiale come supporto all\u2019analisi dei dati, alla gestione documentale e al controllo della conformit\u00e0. Non solo teoria, ma indicazioni pratiche per prepararsi ai cambiamenti del 2026 in modo strutturato ed evitare rischi. Il focus spazier\u00e0 dalle novit\u00e0 dell\u2019Accordo Stato-Regioni 2025 sulla formazione del Datore di Lavoro, all\u2019importanza sempre maggiore dell\u2019addestramento specifico sulle attrezzature, fino ai primi modelli di cantieri connessi, con sistemi di controllo accessi e badge digitali.<\/span><\/p>\n<p style=\"\"><span style=\"\"><strong><span style=\"\">Agenda del webinar<\/span><\/strong><\/span><\/p>\n<ul>\n<li><strong><span data-contrast=\"auto\" lang=\"IT-IT\">Sicurezza sul lavoro 2026 in Italia: scenario e cambiamenti<\/span> <\/strong><span data-contrast=\"auto\" lang=\"IT-IT\">Panoramica&nbsp;sui principali trend&nbsp;che stanno interessando la Sicurezza sul Lavoro, tra evoluzione normativa, nuove responsabilit\u00e0 e aspettative per aziende e professionisti.<\/span>&nbsp;<\/li>\n<li><strong><span data-contrast=\"auto\" lang=\"IT-IT\">Accordo Stato-Regioni 2025: formazione del Datore di Lavoro e impatti operativi<\/span><\/strong>&nbsp;<span data-contrast=\"auto\" lang=\"IT-IT\">Focus sulle novit\u00e0 legate alla formazione del Datore di Lavoro e sul ruolo sempre pi\u00f9 centrale dell\u2019addestramento specifico sulle attrezzature, con un approccio orientato alla pratica.<\/span>&nbsp;<\/li>\n<li><strong><span data-contrast=\"auto\" lang=\"IT-IT\">Addestramento specifico e sicurezza esperienziale<\/span> <\/strong><span data-contrast=\"auto\" lang=\"IT-IT\">L\u2019addestramento sull\u2019uso di attrezzature e macchinari specifici \u00e8 sempre pi\u00f9 centrale. Nuove modalit\u00e0 di coinvolgimento dei lavoratori, formazione esperienziale e prime applicazioni di AR e VR in ambito sicurezza.<\/span>&nbsp;<\/li>\n<li><strong><span data-contrast=\"auto\" lang=\"IT-IT\">Tecnologie per la sicurezza: digitalizzazione e uso consapevole dell\u2019AI<\/span> <\/strong><span data-contrast=\"auto\" lang=\"IT-IT\">Dalla gestione documentale alla piena tracciabilit\u00e0 dei processi HSE. Opportunit\u00e0 e limiti dell\u2019Intelligenza Artificiale applicata alla Sicurezza sul Lavoro, con esempi pratici.<\/span>&nbsp;<\/li>\n<li><strong><span data-contrast=\"auto\" lang=\"IT-IT\">Cantieri connessi: badge digitali e controllo accessi<\/span> <\/strong><span data-contrast=\"auto\" lang=\"IT-IT\">Approfondimento sui cantieri e siti produttivi connessi, in cui controllo accessi e badge digitali diventano strumenti chiave per rispondere a obblighi normativi, ispezioni e responsabilit\u00e0 in caso di infortunio.<\/span>&nbsp;<\/li>\n<li><strong><span data-contrast=\"auto\" lang=\"IT-IT\">Sessione Q&amp;A<\/span> <\/strong><span data-contrast=\"auto\" lang=\"IT-IT\">Risponderemo in diretta alle domande&nbsp;pi\u00f9 frequenti dei partecipanti.<\/span><span data-ccp-props=\"{}\">&nbsp;<\/span><\/li>\n<\/ul>\n<p style=\"\"><span style=\"\"><strong><span style=\"\">Lo speaker<\/span><\/strong><\/span><\/p>\n<p><span><strong>Francesco Magnano <\/strong>\u00e8 consulente HSE e RSPP esterno, formatore in sicurezza sul lavoro con oltre 10 anni di esperienza. Ingegnere dei sistemi e dei processi edilizi, unisce operativit\u00e0 sul campo e gestione: valutazione dei rischi, piani di emergenza, formazione e governance documentale. Collabora con PMI, grandi imprese e studi di consulenza nei settori manifatturiero, cantieristica edile, nautico, automotive, scolastico e offshore. Per lui la sicurezza sul lavoro \u00e8 una vera e propria missione personale: ogni giorno cerca di contribuire a un cambiamento concreto nella cultura della sicurezza.<\/span><\/p>\n<p style=\"\"><a href=\"#tve-jump-19c47255b14\" style=\"outline: none;\" spellcheck=\"false\" jump-animation=\"smooth\">Unisciti a noi in questo Webinar esclusivo!<\/a>&nbsp;<\/p>\n<p style=\"text-align: center;\"><span data-ccp-props=\"{&quot;201341983&quot;:0,&quot;335559739&quot;:160,&quot;335559740&quot;:259}\" style=\"\"><strong><strong>Speakers:<\/strong><\/strong><\/span><\/p>\n<p><span style=\"\"><img decoding=\"async\" alt=\"\" data-id=\"4817\" width=\"128\" data-init-width=\"349\" height=\"128\" data-init-height=\"349\" title=\"Group 617\" src=\"https:\/\/twind.io\/it\/wp-content\/uploads\/2026\/02\/Group-617.png\" data-width=\"128\" data-height=\"128\" style=\"aspect-ratio: auto 349 \/ 349;\" mt-d=\"0\" ml-d=\"0\" center-v-d=\"false\" mt-t=\"-7.391000000000005\" ml-t=\"0\" center-h-d=\"false\" mt-m=\"-1.1089999999999947\" ml-m=\"0\" loading=\"lazy\"><\/span><\/p>\n<p style=\"text-align: left;\"><span data-ccp-props=\"{&quot;201341983&quot;:0,&quot;335559739&quot;:160,&quot;335559740&quot;:259}\" style=\"\"><strong><span style=\"--tcb-applied-color: var$(--tcb-skin-color-0) !important; color: var(--tcb-skin-color-0) !important;\">Francesco Magnano<\/span><\/strong><\/span><\/p>\n<p style=\"text-align: left;\"><span data-ccp-props=\"{&quot;201341983&quot;:0,&quot;335559739&quot;:160,&quot;335559740&quot;:259}\" style=\"\">Consulente e Formatore in SSL<\/span><\/p>\n<p><span style=\"\"><img decoding=\"async\" alt=\"\" data-id=\"4818\" width=\"128\" data-init-width=\"349\" height=\"128\" data-init-height=\"349\" title=\"Group 617-1\" src=\"https:\/\/twind.io\/it\/wp-content\/uploads\/2026\/02\/Group-617-1.png\" data-width=\"128\" data-height=\"128\" style=\"aspect-ratio: auto 349 \/ 349;\" mt-d=\"0\" ml-d=\"0\" center-v-d=\"false\" mt-t=\"-7.391000000000005\" ml-t=\"0\" center-h-d=\"false\" mt-m=\"0\" ml-m=\"0\" loading=\"lazy\"><\/span><\/p>\n<p style=\"text-align: left;\"><span data-ccp-props=\"{&quot;201341983&quot;:0,&quot;335559739&quot;:160,&quot;335559740&quot;:259}\" style=\"\"><strong><span style=\"--tcb-applied-color: var$(--tcb-skin-color-0) !important; color: var(--tcb-skin-color-0) !important;\">Stefano Cavazzini<\/span><\/strong><\/span><\/p>\n<p style=\"text-align: left;\"><span data-ccp-props=\"{&quot;201341983&quot;:0,&quot;335559739&quot;:160,&quot;335559740&quot;:259}\" style=\"\"><span data-contrast=\"auto\" lang=\"PT-PT\" style=\"\">Account Executive<\/span><\/span><\/p>\n<p style=\"text-align: left;\"><span data-ccp-props=\"{&quot;201341983&quot;:0,&quot;335559739&quot;:160,&quot;335559740&quot;:259}\" style=\"\">Twind<\/span><\/p>\n<p style=\"text-align: center;\"><span style=\"font-weight: normal;\"><span><span>Accesso gratuito + registrazione on-demand disponibile<\/span><em><span>&nbsp;<\/span><\/em><\/span><\/span><\/p>\n\n\t\t\t\t\t\t<script>\n\t\t\t\t\t\t\twindow.hsFormsOnReady = window.hsFormsOnReady || [];\n\t\t\t\t\t\t\twindow.hsFormsOnReady.push(()=>{\n\t\t\t\t\t\t\t\thbspt.forms.create({\n\t\t\t\t\t\t\t\t\tportalId: 146424663,\n\t\t\t\t\t\t\t\t\tformId: \"29acc60f-be38-4d09-ac6e-b6d34828512f\",\n\t\t\t\t\t\t\t\t\ttarget: \"#hbspt-form-1776433681000-2746053000\",\n\t\t\t\t\t\t\t\t\tregion: \"eu1\",\n\t\t\t\t\t\t\t\t\t\n\t\t\t\t\t\t\t})});\n\t\t\t\t\t\t<\/script>\n\t\t\t\t\t\t<div class=\"hbspt-form\" id=\"hbspt-form-1776433681000-2746053000\"><\/div>\n<h3 style=\"text-align: center;\"><\/h3>\n","protected":false},"excerpt":{"rendered":"<p>Webinar gratuito Sicurezza sul Lavoro 2026:trend, formazione, tecnologie Disponibile On Demand La sicurezza sul lavoro in Italia sta cambiando rapidamente. Nuovi obblighi formativi, un aumento dell\u2019attenzione ispettiva, l\u2019evoluzione delle tecnologie digitali e l\u2019ingresso dell\u2019Intelligenza Artificiale nei processi HSE stanno ridefinendo il modo in cui aziende e professionisti gestiscono la prevenzione. Il 2026 sar\u00e0 un anno [&hellip;]<\/p>\n","protected":false},"author":1,"featured_media":0,"parent":0,"menu_order":0,"comment_status":"closed","ping_status":"closed","template":"","meta":{"content-type":"","footnotes":""},"class_list":["post-4805","page","type-page","status-publish","hentry","post-wrapper","thrv_wrapper"],"yoast_head":"<!-- This site is optimized with the Yoast SEO plugin v27.2 - https:\/\/yoast.com\/product\/yoast-seo-wordpress\/ -->\n<title>Webinar - Sicurezza sul Lavoro 2026: trend, formazione, tecnologie<\/title>\n<meta name=\"description\" content=\"Iscriviti al webinar Twind sulla Sicurezza sul Lavoro 2026: novit\u00e0 normative, formazione datore di lavoro, badge digitale di cantiere e intelligenza artificiale.\" \/>\n<meta name=\"robots\" content=\"index, follow, max-snippet:-1, max-image-preview:large, max-video-preview:-1\" \/>\n<link rel=\"canonical\" href=\"https:\/\/twind.io\/it\/webinar-trends-sicurezza-sul-lavoro-2026\/\" \/>\n<meta property=\"og:locale\" content=\"it_IT\" \/>\n<meta property=\"og:type\" content=\"article\" \/>\n<meta property=\"og:title\" content=\"Webinar - Sicurezza sul Lavoro 2026: trend, formazione, tecnologie\" \/>\n<meta property=\"og:description\" content=\"Iscriviti al webinar Twind sulla Sicurezza sul Lavoro 2026: novit\u00e0 normative, formazione datore di lavoro, badge digitale di cantiere e intelligenza artificiale.\" \/>\n<meta property=\"og:url\" content=\"https:\/\/twind.io\/it\/webinar-trends-sicurezza-sul-lavoro-2026\/\" \/>\n<meta property=\"og:site_name\" content=\"Twind \u2013 Piattaforma per la Gestione di Appaltatori e Fornitori\" \/>\n<meta property=\"article:modified_time\" content=\"2026-03-11T16:09:09+00:00\" \/>\n<meta property=\"og:image\" content=\"https:\/\/twind.io\/it\/wp-content\/uploads\/2025\/09\/Logo-Twind.svg\" \/>\n<meta name=\"twitter:card\" content=\"summary_large_image\" \/>\n<meta name=\"twitter:label1\" content=\"Tempo di lettura stimato\" \/>\n\t<meta name=\"twitter:data1\" content=\"4 minuti\" \/>\n<script type=\"application\/ld+json\" class=\"yoast-schema-graph\">{\"@context\":\"https:\/\/schema.org\",\"@graph\":[{\"@type\":\"WebPage\",\"@id\":\"https:\/\/twind.io\/it\/webinar-trends-sicurezza-sul-lavoro-2026\/\",\"url\":\"https:\/\/twind.io\/it\/webinar-trends-sicurezza-sul-lavoro-2026\/\",\"name\":\"Webinar - Sicurezza sul Lavoro 2026: trend, formazione, tecnologie\",\"isPartOf\":{\"@id\":\"https:\/\/twind.io\/it\/#website\"},\"primaryImageOfPage\":{\"@id\":\"https:\/\/twind.io\/it\/webinar-trends-sicurezza-sul-lavoro-2026\/#primaryimage\"},\"image\":{\"@id\":\"https:\/\/twind.io\/it\/webinar-trends-sicurezza-sul-lavoro-2026\/#primaryimage\"},\"thumbnailUrl\":\"https:\/\/twind.io\/it\/wp-content\/uploads\/2025\/09\/Logo-Twind.svg\",\"datePublished\":\"2026-02-10T09:13:31+00:00\",\"dateModified\":\"2026-03-11T16:09:09+00:00\",\"description\":\"Iscriviti al webinar Twind sulla Sicurezza sul Lavoro 2026: novit\u00e0 normative, formazione datore di lavoro, badge digitale di cantiere e intelligenza artificiale.\",\"breadcrumb\":{\"@id\":\"https:\/\/twind.io\/it\/webinar-trends-sicurezza-sul-lavoro-2026\/#breadcrumb\"},\"inLanguage\":\"it-IT\",\"potentialAction\":[{\"@type\":\"ReadAction\",\"target\":[\"https:\/\/twind.io\/it\/webinar-trends-sicurezza-sul-lavoro-2026\/\"]}]},{\"@type\":\"ImageObject\",\"inLanguage\":\"it-IT\",\"@id\":\"https:\/\/twind.io\/it\/webinar-trends-sicurezza-sul-lavoro-2026\/#primaryimage\",\"url\":\"https:\/\/twind.io\/it\/wp-content\/uploads\/2025\/09\/Logo-Twind.svg\",\"contentUrl\":\"https:\/\/twind.io\/it\/wp-content\/uploads\/2025\/09\/Logo-Twind.svg\"},{\"@type\":\"BreadcrumbList\",\"@id\":\"https:\/\/twind.io\/it\/webinar-trends-sicurezza-sul-lavoro-2026\/#breadcrumb\",\"itemListElement\":[{\"@type\":\"ListItem\",\"position\":1,\"name\":\"Portada\",\"item\":\"https:\/\/twind.io\/it\/\"},{\"@type\":\"ListItem\",\"position\":2,\"name\":\"Webinar Sicurezza sul Lavoro 2026:\u00a0trend, formazione, tecnologie\"}]},{\"@type\":\"WebSite\",\"@id\":\"https:\/\/twind.io\/it\/#website\",\"url\":\"https:\/\/twind.io\/it\/\",\"name\":\"Twind \u2013 Piattaforma per la Gestione di Appaltatori e Fornitori\",\"description\":\"Automatizza la gestione di appaltatori e fornitori con Twind. Semplifica tutta la documentazione con AI. Monitora accessi e conformit\u00e0 in tempo reale.\",\"publisher\":{\"@id\":\"https:\/\/twind.io\/it\/#organization\"},\"potentialAction\":[{\"@type\":\"SearchAction\",\"target\":{\"@type\":\"EntryPoint\",\"urlTemplate\":\"https:\/\/twind.io\/it\/?s={search_term_string}\"},\"query-input\":{\"@type\":\"PropertyValueSpecification\",\"valueRequired\":true,\"valueName\":\"search_term_string\"}}],\"inLanguage\":\"it-IT\"},{\"@type\":\"Organization\",\"@id\":\"https:\/\/twind.io\/it\/#organization\",\"name\":\"Twind \u2013 Piattaforma per la Gestione di Appaltatori e Fornitori\",\"url\":\"https:\/\/twind.io\/it\/\",\"logo\":{\"@type\":\"ImageObject\",\"inLanguage\":\"it-IT\",\"@id\":\"https:\/\/twind.io\/it\/#\/schema\/logo\/image\/\",\"url\":\"https:\/\/twind.io\/it\/wp-content\/uploads\/2023\/04\/Logo-Twind.svg\",\"contentUrl\":\"https:\/\/twind.io\/it\/wp-content\/uploads\/2023\/04\/Logo-Twind.svg\",\"width\":1,\"height\":1,\"caption\":\"Twind \u2013 Piattaforma per la Gestione di Appaltatori e Fornitori\"},\"image\":{\"@id\":\"https:\/\/twind.io\/it\/#\/schema\/logo\/image\/\"}}]}<\/script>\n<!-- \/ Yoast SEO plugin. -->","yoast_head_json":{"title":"Webinar - Sicurezza sul Lavoro 2026: trend, formazione, tecnologie","description":"Iscriviti al webinar Twind sulla Sicurezza sul Lavoro 2026: novit\u00e0 normative, formazione datore di lavoro, badge digitale di cantiere e intelligenza artificiale.","robots":{"index":"index","follow":"follow","max-snippet":"max-snippet:-1","max-image-preview":"max-image-preview:large","max-video-preview":"max-video-preview:-1"},"canonical":"https:\/\/twind.io\/it\/webinar-trends-sicurezza-sul-lavoro-2026\/","og_locale":"it_IT","og_type":"article","og_title":"Webinar - Sicurezza sul Lavoro 2026: trend, formazione, tecnologie","og_description":"Iscriviti al webinar Twind sulla Sicurezza sul Lavoro 2026: novit\u00e0 normative, formazione datore di lavoro, badge digitale di cantiere e intelligenza artificiale.","og_url":"https:\/\/twind.io\/it\/webinar-trends-sicurezza-sul-lavoro-2026\/","og_site_name":"Twind \u2013 Piattaforma per la Gestione di Appaltatori e Fornitori","article_modified_time":"2026-03-11T16:09:09+00:00","og_image":[{"url":"https:\/\/twind.io\/it\/wp-content\/uploads\/2025\/09\/Logo-Twind.svg","type":"","width":"","height":""}],"twitter_card":"summary_large_image","twitter_misc":{"Tempo di lettura stimato":"4 minuti"},"schema":{"@context":"https:\/\/schema.org","@graph":[{"@type":"WebPage","@id":"https:\/\/twind.io\/it\/webinar-trends-sicurezza-sul-lavoro-2026\/","url":"https:\/\/twind.io\/it\/webinar-trends-sicurezza-sul-lavoro-2026\/","name":"Webinar - Sicurezza sul Lavoro 2026: trend, formazione, tecnologie","isPartOf":{"@id":"https:\/\/twind.io\/it\/#website"},"primaryImageOfPage":{"@id":"https:\/\/twind.io\/it\/webinar-trends-sicurezza-sul-lavoro-2026\/#primaryimage"},"image":{"@id":"https:\/\/twind.io\/it\/webinar-trends-sicurezza-sul-lavoro-2026\/#primaryimage"},"thumbnailUrl":"https:\/\/twind.io\/it\/wp-content\/uploads\/2025\/09\/Logo-Twind.svg","datePublished":"2026-02-10T09:13:31+00:00","dateModified":"2026-03-11T16:09:09+00:00","description":"Iscriviti al webinar Twind sulla Sicurezza sul Lavoro 2026: novit\u00e0 normative, formazione datore di lavoro, badge digitale di cantiere e intelligenza artificiale.","breadcrumb":{"@id":"https:\/\/twind.io\/it\/webinar-trends-sicurezza-sul-lavoro-2026\/#breadcrumb"},"inLanguage":"it-IT","potentialAction":[{"@type":"ReadAction","target":["https:\/\/twind.io\/it\/webinar-trends-sicurezza-sul-lavoro-2026\/"]}]},{"@type":"ImageObject","inLanguage":"it-IT","@id":"https:\/\/twind.io\/it\/webinar-trends-sicurezza-sul-lavoro-2026\/#primaryimage","url":"https:\/\/twind.io\/it\/wp-content\/uploads\/2025\/09\/Logo-Twind.svg","contentUrl":"https:\/\/twind.io\/it\/wp-content\/uploads\/2025\/09\/Logo-Twind.svg"},{"@type":"BreadcrumbList","@id":"https:\/\/twind.io\/it\/webinar-trends-sicurezza-sul-lavoro-2026\/#breadcrumb","itemListElement":[{"@type":"ListItem","position":1,"name":"Portada","item":"https:\/\/twind.io\/it\/"},{"@type":"ListItem","position":2,"name":"Webinar Sicurezza sul Lavoro 2026:\u00a0trend, formazione, tecnologie"}]},{"@type":"WebSite","@id":"https:\/\/twind.io\/it\/#website","url":"https:\/\/twind.io\/it\/","name":"Twind \u2013 Piattaforma per la Gestione di Appaltatori e Fornitori","description":"Automatizza la gestione di appaltatori e fornitori con Twind. Semplifica tutta la documentazione con AI. Monitora accessi e conformit\u00e0 in tempo reale.","publisher":{"@id":"https:\/\/twind.io\/it\/#organization"},"potentialAction":[{"@type":"SearchAction","target":{"@type":"EntryPoint","urlTemplate":"https:\/\/twind.io\/it\/?s={search_term_string}"},"query-input":{"@type":"PropertyValueSpecification","valueRequired":true,"valueName":"search_term_string"}}],"inLanguage":"it-IT"},{"@type":"Organization","@id":"https:\/\/twind.io\/it\/#organization","name":"Twind \u2013 Piattaforma per la Gestione di Appaltatori e Fornitori","url":"https:\/\/twind.io\/it\/","logo":{"@type":"ImageObject","inLanguage":"it-IT","@id":"https:\/\/twind.io\/it\/#\/schema\/logo\/image\/","url":"https:\/\/twind.io\/it\/wp-content\/uploads\/2023\/04\/Logo-Twind.svg","contentUrl":"https:\/\/twind.io\/it\/wp-content\/uploads\/2023\/04\/Logo-Twind.svg","width":1,"height":1,"caption":"Twind \u2013 Piattaforma per la Gestione di Appaltatori e Fornitori"},"image":{"@id":"https:\/\/twind.io\/it\/#\/schema\/logo\/image\/"}}]}},"_links":{"self":[{"href":"https:\/\/twind.io\/it\/wp-json\/wp\/v2\/pages\/4805","targetHints":{"allow":["GET"]}}],"collection":[{"href":"https:\/\/twind.io\/it\/wp-json\/wp\/v2\/pages"}],"about":[{"href":"https:\/\/twind.io\/it\/wp-json\/wp\/v2\/types\/page"}],"author":[{"embeddable":true,"href":"https:\/\/twind.io\/it\/wp-json\/wp\/v2\/users\/1"}],"replies":[{"embeddable":true,"href":"https:\/\/twind.io\/it\/wp-json\/wp\/v2\/comments?post=4805"}],"version-history":[{"count":17,"href":"https:\/\/twind.io\/it\/wp-json\/wp\/v2\/pages\/4805\/revisions"}],"predecessor-version":[{"id":5274,"href":"https:\/\/twind.io\/it\/wp-json\/wp\/v2\/pages\/4805\/revisions\/5274"}],"wp:attachment":[{"href":"https:\/\/twind.io\/it\/wp-json\/wp\/v2\/media?parent=4805"}],"curies":[{"name":"wp","href":"https:\/\/api.w.org\/{rel}","templated":true}]}}