{"id":4843,"date":"2026-02-12T07:24:12","date_gmt":"2026-02-12T07:24:12","guid":{"rendered":"https:\/\/twind.io\/it\/?page_id=4843"},"modified":"2026-02-12T07:28:22","modified_gmt":"2026-02-12T07:28:22","slug":"contatto-appaltatori","status":"publish","type":"page","link":"https:\/\/twind.io\/it\/contatto-appaltatori\/","title":{"rendered":"Contatto Appaltatori"},"content":{"rendered":"<h1 style=\"text-align: center;\">Parla con il Team di <span style=\"--tcb-applied-color: var$(--tcb-skin-color-0)  !important; color: var(--tcb-skin-color-0);\">Twind<\/span><\/h1>\n<h1 style=\"text-align: left;\">Parla con il <\/h1>\n<h1 style=\"text-align: left;\">Team di <span>Twind<\/span><\/h1>\n<p style=\"text-align: center;\">Il nostro team di esperti ti aiuter\u00e0 a capire come il Piano Core pu\u00f2 adattarsi alla tua organizzazione.<\/p>\n<p style=\"text-align: center;\">&nbsp;<\/p>\n<p style=\"text-align: center;\">Devi solo compilare il modulo e ti contatteremo.<\/p>\n<p style=\"text-align: left;\">Una demo di 30 minuti pu\u00f2 trasformare il modo in cui gestisci i tuoi fornitori. Senza impegno.<\/p>\n<h2 style=\"text-align: left;\"><strong>Facile dal primo click<\/strong><\/h2>\n<h3 style=\"text-align: left;\"><span>Piattaforma rapida e intuitiva. Un team di esperti dedicato a te.<\/span><\/h3>\n<h2 style=\"text-align: left; color: rgb(26, 48, 55) !important; --tcb-applied-color: rgb(26, 48, 55) !important;\"><strong><\/strong><strong><span style=\"--tcb-applied-color: rgb(26, 48, 55) !important;\">Gestione a 360\u00ba<\/span><\/strong><\/h2>\n<h3 style=\"text-align: left;\"><span><\/span><span>Automatizza la gestione HSE.\u2028Dimentica email e fogli Excel.<\/span><\/h3>\n<h2 style=\"text-align: left;\"><strong><\/strong><strong><span>Conformit\u00e0 al 100%<\/span><\/strong><\/h2>\n<h3 style=\"text-align: left;\"><span><\/span><span>Definisci i tuoi requisiti normativi.\u2028Dashboard e alert automatici.<\/span><\/h3>\n\n\t\t\t\t\t\t<script>\n\t\t\t\t\t\t\twindow.hsFormsOnReady = window.hsFormsOnReady || [];\n\t\t\t\t\t\t\twindow.hsFormsOnReady.push(()=>{\n\t\t\t\t\t\t\t\thbspt.forms.create({\n\t\t\t\t\t\t\t\t\tportalId: 146424663,\n\t\t\t\t\t\t\t\t\tformId: \"e3049a41-d62c-4105-b166-65a5dd622111\",\n\t\t\t\t\t\t\t\t\ttarget: \"#hbspt-form-1775888266000-2992664810\",\n\t\t\t\t\t\t\t\t\tregion: \"eu1\",\n\t\t\t\t\t\t\t\t\t\n\t\t\t\t\t\t\t})});\n\t\t\t\t\t\t<\/script>\n\t\t\t\t\t\t<div class=\"hbspt-form\" id=\"hbspt-form-1775888266000-2992664810\"><\/div>\n","protected":false},"excerpt":{"rendered":"<p>Parla con il Team di Twind Parla con il Team di Twind Il nostro team di esperti ti aiuter\u00e0 a capire come il Piano Core pu\u00f2 adattarsi alla tua organizzazione. &nbsp; Devi solo compilare il modulo e ti contatteremo. Una demo di 30 minuti pu\u00f2 trasformare il modo in cui gestisci i tuoi fornitori. Senza [&hellip;]<\/p>\n","protected":false},"author":1,"featured_media":0,"parent":0,"menu_order":0,"comment_status":"closed","ping_status":"closed","template":"","meta":{"content-type":"","footnotes":""},"class_list":["post-4843","page","type-page","status-publish","hentry","post-wrapper","thrv_wrapper"],"yoast_head":"<!-- This site is optimized with the Yoast SEO plugin v27.2 - https:\/\/yoast.com\/product\/yoast-seo-wordpress\/ -->\n<title>Twind \u2013 Contattaci Appaltatori<\/title>\n<meta name=\"description\" content=\"Contattaci e scopri Twind, la piattaforma per la gestione documentale, degli appaltatori e dei fornitori. Parla con il nostro team per una demo in italiano.\" \/>\n<meta name=\"robots\" content=\"noindex, nofollow\" \/>\n<meta property=\"og:locale\" content=\"it_IT\" \/>\n<meta property=\"og:type\" content=\"article\" \/>\n<meta property=\"og:title\" content=\"Twind \u2013 Contattaci Appaltatori\" \/>\n<meta property=\"og:description\" content=\"Contattaci e scopri Twind, la piattaforma per la gestione documentale, degli appaltatori e dei fornitori. Parla con il nostro team per una demo in italiano.\" \/>\n<meta property=\"og:url\" content=\"https:\/\/twind.io\/it\/contatto-appaltatori\/\" \/>\n<meta property=\"og:site_name\" content=\"Twind \u2013 Piattaforma per la Gestione di Appaltatori e Fornitori\" \/>\n<meta property=\"article:modified_time\" content=\"2026-02-12T07:28:22+00:00\" \/>\n<meta name=\"twitter:card\" content=\"summary_large_image\" \/>\n<meta name=\"twitter:label1\" content=\"Tempo di lettura stimato\" \/>\n\t<meta name=\"twitter:data1\" content=\"4 minuti\" \/>\n<script type=\"application\/ld+json\" class=\"yoast-schema-graph\">{\"@context\":\"https:\/\/schema.org\",\"@graph\":[{\"@type\":\"WebPage\",\"@id\":\"https:\/\/twind.io\/it\/contatto-appaltatori\/\",\"url\":\"https:\/\/twind.io\/it\/contatto-appaltatori\/\",\"name\":\"Twind \u2013 Contattaci Appaltatori\",\"isPartOf\":{\"@id\":\"https:\/\/twind.io\/it\/#website\"},\"datePublished\":\"2026-02-12T07:24:12+00:00\",\"dateModified\":\"2026-02-12T07:28:22+00:00\",\"description\":\"Contattaci e scopri Twind, la piattaforma per la gestione documentale, degli appaltatori e dei fornitori. Parla con il nostro team per una demo in italiano.\",\"breadcrumb\":{\"@id\":\"https:\/\/twind.io\/it\/contatto-appaltatori\/#breadcrumb\"},\"inLanguage\":\"it-IT\",\"potentialAction\":[{\"@type\":\"ReadAction\",\"target\":[\"https:\/\/twind.io\/it\/contatto-appaltatori\/\"]}]},{\"@type\":\"BreadcrumbList\",\"@id\":\"https:\/\/twind.io\/it\/contatto-appaltatori\/#breadcrumb\",\"itemListElement\":[{\"@type\":\"ListItem\",\"position\":1,\"name\":\"Portada\",\"item\":\"https:\/\/twind.io\/it\/\"},{\"@type\":\"ListItem\",\"position\":2,\"name\":\"Contatto Appaltatori\"}]},{\"@type\":\"WebSite\",\"@id\":\"https:\/\/twind.io\/it\/#website\",\"url\":\"https:\/\/twind.io\/it\/\",\"name\":\"Twind \u2013 Piattaforma per la Gestione di Appaltatori e Fornitori\",\"description\":\"Automatizza la gestione di appaltatori e fornitori con Twind. Semplifica tutta la documentazione con AI. Monitora accessi e conformit\u00e0 in tempo reale.\",\"publisher\":{\"@id\":\"https:\/\/twind.io\/it\/#organization\"},\"potentialAction\":[{\"@type\":\"SearchAction\",\"target\":{\"@type\":\"EntryPoint\",\"urlTemplate\":\"https:\/\/twind.io\/it\/?s={search_term_string}\"},\"query-input\":{\"@type\":\"PropertyValueSpecification\",\"valueRequired\":true,\"valueName\":\"search_term_string\"}}],\"inLanguage\":\"it-IT\"},{\"@type\":\"Organization\",\"@id\":\"https:\/\/twind.io\/it\/#organization\",\"name\":\"Twind \u2013 Piattaforma per la Gestione di Appaltatori e Fornitori\",\"url\":\"https:\/\/twind.io\/it\/\",\"logo\":{\"@type\":\"ImageObject\",\"inLanguage\":\"it-IT\",\"@id\":\"https:\/\/twind.io\/it\/#\/schema\/logo\/image\/\",\"url\":\"https:\/\/twind.io\/it\/wp-content\/uploads\/2023\/04\/Logo-Twind.svg\",\"contentUrl\":\"https:\/\/twind.io\/it\/wp-content\/uploads\/2023\/04\/Logo-Twind.svg\",\"width\":1,\"height\":1,\"caption\":\"Twind \u2013 Piattaforma per la Gestione di Appaltatori e Fornitori\"},\"image\":{\"@id\":\"https:\/\/twind.io\/it\/#\/schema\/logo\/image\/\"}}]}<\/script>\n<!-- \/ Yoast SEO plugin. -->","yoast_head_json":{"title":"Twind \u2013 Contattaci Appaltatori","description":"Contattaci e scopri Twind, la piattaforma per la gestione documentale, degli appaltatori e dei fornitori. Parla con il nostro team per una demo in italiano.","robots":{"index":"noindex","follow":"nofollow"},"og_locale":"it_IT","og_type":"article","og_title":"Twind \u2013 Contattaci Appaltatori","og_description":"Contattaci e scopri Twind, la piattaforma per la gestione documentale, degli appaltatori e dei fornitori. Parla con il nostro team per una demo in italiano.","og_url":"https:\/\/twind.io\/it\/contatto-appaltatori\/","og_site_name":"Twind \u2013 Piattaforma per la Gestione di Appaltatori e Fornitori","article_modified_time":"2026-02-12T07:28:22+00:00","twitter_card":"summary_large_image","twitter_misc":{"Tempo di lettura stimato":"4 minuti"},"schema":{"@context":"https:\/\/schema.org","@graph":[{"@type":"WebPage","@id":"https:\/\/twind.io\/it\/contatto-appaltatori\/","url":"https:\/\/twind.io\/it\/contatto-appaltatori\/","name":"Twind \u2013 Contattaci Appaltatori","isPartOf":{"@id":"https:\/\/twind.io\/it\/#website"},"datePublished":"2026-02-12T07:24:12+00:00","dateModified":"2026-02-12T07:28:22+00:00","description":"Contattaci e scopri Twind, la piattaforma per la gestione documentale, degli appaltatori e dei fornitori. Parla con il nostro team per una demo in italiano.","breadcrumb":{"@id":"https:\/\/twind.io\/it\/contatto-appaltatori\/#breadcrumb"},"inLanguage":"it-IT","potentialAction":[{"@type":"ReadAction","target":["https:\/\/twind.io\/it\/contatto-appaltatori\/"]}]},{"@type":"BreadcrumbList","@id":"https:\/\/twind.io\/it\/contatto-appaltatori\/#breadcrumb","itemListElement":[{"@type":"ListItem","position":1,"name":"Portada","item":"https:\/\/twind.io\/it\/"},{"@type":"ListItem","position":2,"name":"Contatto Appaltatori"}]},{"@type":"WebSite","@id":"https:\/\/twind.io\/it\/#website","url":"https:\/\/twind.io\/it\/","name":"Twind \u2013 Piattaforma per la Gestione di Appaltatori e Fornitori","description":"Automatizza la gestione di appaltatori e fornitori con Twind. Semplifica tutta la documentazione con AI. Monitora accessi e conformit\u00e0 in tempo reale.","publisher":{"@id":"https:\/\/twind.io\/it\/#organization"},"potentialAction":[{"@type":"SearchAction","target":{"@type":"EntryPoint","urlTemplate":"https:\/\/twind.io\/it\/?s={search_term_string}"},"query-input":{"@type":"PropertyValueSpecification","valueRequired":true,"valueName":"search_term_string"}}],"inLanguage":"it-IT"},{"@type":"Organization","@id":"https:\/\/twind.io\/it\/#organization","name":"Twind \u2013 Piattaforma per la Gestione di Appaltatori e Fornitori","url":"https:\/\/twind.io\/it\/","logo":{"@type":"ImageObject","inLanguage":"it-IT","@id":"https:\/\/twind.io\/it\/#\/schema\/logo\/image\/","url":"https:\/\/twind.io\/it\/wp-content\/uploads\/2023\/04\/Logo-Twind.svg","contentUrl":"https:\/\/twind.io\/it\/wp-content\/uploads\/2023\/04\/Logo-Twind.svg","width":1,"height":1,"caption":"Twind \u2013 Piattaforma per la Gestione di Appaltatori e Fornitori"},"image":{"@id":"https:\/\/twind.io\/it\/#\/schema\/logo\/image\/"}}]}},"_links":{"self":[{"href":"https:\/\/twind.io\/it\/wp-json\/wp\/v2\/pages\/4843","targetHints":{"allow":["GET"]}}],"collection":[{"href":"https:\/\/twind.io\/it\/wp-json\/wp\/v2\/pages"}],"about":[{"href":"https:\/\/twind.io\/it\/wp-json\/wp\/v2\/types\/page"}],"author":[{"embeddable":true,"href":"https:\/\/twind.io\/it\/wp-json\/wp\/v2\/users\/1"}],"replies":[{"embeddable":true,"href":"https:\/\/twind.io\/it\/wp-json\/wp\/v2\/comments?post=4843"}],"version-history":[{"count":2,"href":"https:\/\/twind.io\/it\/wp-json\/wp\/v2\/pages\/4843\/revisions"}],"predecessor-version":[{"id":4845,"href":"https:\/\/twind.io\/it\/wp-json\/wp\/v2\/pages\/4843\/revisions\/4845"}],"wp:attachment":[{"href":"https:\/\/twind.io\/it\/wp-json\/wp\/v2\/media?parent=4843"}],"curies":[{"name":"wp","href":"https:\/\/api.w.org\/{rel}","templated":true}]}}