{"id":5244,"date":"2026-03-07T18:25:38","date_gmt":"2026-03-07T18:25:38","guid":{"rendered":"https:\/\/twind.io\/it\/?page_id=5244"},"modified":"2026-04-10T12:43:03","modified_gmt":"2026-04-10T12:43:03","slug":"webinar-dal-rischio-alla-conformita-totale-gestione-degli-appaltatori-con-twind","status":"publish","type":"page","link":"https:\/\/twind.io\/it\/webinar-dal-rischio-alla-conformita-totale-gestione-degli-appaltatori-con-twind\/","title":{"rendered":"Webinar | Dal rischio alla conformit\u00e0 totale: gestione degli appaltatori con Twind"},"content":{"rendered":"<p><span style=\"\"><img decoding=\"async\" alt=\"\" data-id=\"3735\" width=\"191\" data-init-width=\"750\" height=\"49\" data-init-height=\"92\" title=\"Logo-Twind\" src=\"https:\/\/twind.io\/it\/wp-content\/uploads\/2025\/09\/Logo-Twind.svg\" data-width=\"191\" data-height=\"49\" style=\"aspect-ratio: auto 750 \/ 92;\" mt-d=\"0\" ml-d=\"-2\" center-v-d=\"false\" center-h-d=\"true\" loading=\"lazy\"><\/span><\/p>\n<p style=\"\">Webinar gratuito<\/p>\n<p style=\"text-align: left;\"><span><span data-contrast=\"auto\" lang=\"ES-ES\"><b><span style=\"--tcb-applied-color: var$(--tcb-color-4) !important; color: var(--tcb-color-4) !important;\">Dal rischio alla conformit\u00e0 totale:<\/span> gestione degli appaltatori con Twind<\/b><\/span><\/span><\/p>\n<p><span style=\"\"><a href=\"https:\/\/twind.io\/it\/wp-content\/uploads\/2026\/02\/calendar-1.svg\" target=\"_blank\" rel=\"nofollow\"><img decoding=\"async\" alt=\"\" data-id=\"38084\" title=\"calendar (1)\" src=\"https:\/\/twind.io\/it\/wp-content\/uploads\/2026\/02\/calendar-1.svg\" data-link-wrap=\"true\" data-width=\"33\" data-height=\"33\" style=\"aspect-ratio: auto 33 \/ 33;\" mt-d=\"0\" ml-d=\"0\" height=\"33\" width=\"33\" data-init-width=\"33\" data-init-height=\"33\" loading=\"lazy\"><\/a><\/span><\/p>\n<p style=\"text-align: left;\"><span style=\"font-weight: normal;\">Disponibile OnDemand<\/span><\/p>\n<p><span style=\"\"><img decoding=\"async\" alt=\"\" data-id=\"5251\" width=\"257\" data-init-width=\"677\" height=\"283\" data-init-height=\"745\" title=\"webinar-quicktwind\" src=\"https:\/\/twind.io\/it\/wp-content\/uploads\/2026\/03\/webinar-quicktwind.png\" data-width=\"257\" data-height=\"283\" style=\"aspect-ratio: auto 677 \/ 745;\" ml-m=\"-0.859375\" mt-m=\"0\" loading=\"lazy\"><\/span><\/p>\n<p><span data-teams=\"true\">Scopri come garantire la <strong>piena conformit\u00e0 alle normative <\/strong>sulla Sicurezza sul Lavoro e alla <strong>gestione degli appalti<\/strong> senza aumentare il carico di lavoro del tuo team n\u00e9 passare le giornate a rincorrere documenti, scadenze e verifiche.<\/span><\/p>\n<p style=\"\"><span><strong><span>Se domani arrivasse un\u2019ispezione, riusciresti a dimostrare la conformit\u00e0 dei tuoi appaltatori?<\/span><\/strong><\/span><\/p>\n<p style=\"\">Gestire gli appaltatori non \u00e8 solo un\u2019attivit\u00e0 operativa: \u00e8 una&nbsp;<strong>responsabilit\u00e0 diretta<\/strong>&nbsp;per la sicurezza e per la tutela legale dell\u2019azienda. Se gestita correttamente, pu\u00f2 trasformarsi anche in un&nbsp;<strong>vantaggio competitivo<\/strong>.<\/p>\n<p style=\"\"><\/p>\n<p style=\"\">In Italia, le violazioni in materia di sicurezza sul lavoro e gestione degli appalti possono comportare&nbsp;<strong>sanzioni elevate<\/strong>, sospensione delle attivit\u00e0 e, nei casi pi\u00f9 gravi, responsabilit\u00e0 dirette in caso di incidente.<\/p>\n<p style=\"\"><\/p>\n<p style=\"\">Se oggi gestisci appaltatori e fornitori con Excel, email o cartelle condivise, probabilmente non hai una&nbsp;<strong>reale tracciabilit\u00e0&nbsp;<\/strong>dei processi e della documentazione.<\/p>\n<p style=\"\"><\/p>\n<p style=\"\">Con&nbsp;<strong>Twind<\/strong>&nbsp;puoi trasformare un processo complesso e manuale in un&nbsp;<strong>sistema digitale, strutturato e automatizzato.<\/strong><\/p>\n<p style=\"\"><span style=\"\"><strong><span style=\"\">In questo webinar gratuito di 45 minuti scoprirai:<\/span><\/strong><\/span><\/p>\n<ul>\n<li>Gli <strong>errori pi\u00f9 comuni<\/strong> nella gestione degli appaltatori rilevati durante audit e ispezioni<\/li>\n<li>Come automatizzare la <strong>gestione documentale<\/strong> di appaltatori e fornitori<\/li>\n<li>Come avere visibilit\u00e0 in tempo reale sullo <strong>stato di conformit\u00e0<\/strong> di aziende e lavoratori<\/li>\n<li>Come disporre di evidenze immediate e organizzate per <strong>audit<\/strong> e <strong>controlli ispettivi<\/strong><\/li>\n<li><strong>FAQ<\/strong>: sessione di domande e risposte in diretta dei partecipanti<span style=\"font-family: Poppins; font-weight: 400; --tcb-applied-color: rgb(26, 48, 55) !important; color: rgb(26, 48, 55) !important;\"><\/span><\/li>\n<\/ul>\n<p style=\"color: rgb(26, 48, 55) !important; --tcb-applied-color: rgb(26, 48, 55) !important;\"><span style=\"--tcb-applied-color: rgb(26, 48, 55) !important;\">Inoltre, vedrai come&nbsp;<strong>aziende<\/strong>&nbsp;che gestiscono un elevato numero di imprese appaltatrici riescono a operare con&nbsp;<strong>controllo totale e piena tracciabilit\u00e0<\/strong>, riducendo il carico amministrativo e migliorando l\u2019efficienza grazie alla digitalizzazione dei processi.<\/span><\/p>\n<p style=\"color: rgb(26, 48, 55) !important; --tcb-applied-color: rgb(26, 48, 55) !important;\"><\/p>\n<p style=\"color: rgb(26, 48, 55) !important; --tcb-applied-color: rgb(26, 48, 55) !important;\"><span style=\"--tcb-applied-color: rgb(26, 48, 55) !important;\">La conformit\u00e0 non dovrebbe essere una fonte continua di stress: con la&nbsp;<strong>strategia e la tecnologia giuste<\/strong>&nbsp;pu\u00f2 trasformarsi in controllo totale e sicurezza per la tua azienda.<\/span><\/p>\n<p style=\"\"><a href=\"#tve-jump-19c47255b14\" style=\"outline: currentcolor;\" spellcheck=\"false\" jump-animation=\"smooth\">Unisciti a noi in questo Webinar esclusivo!<\/a>&nbsp;<\/p>\n<p style=\"text-align: center;\"><span data-ccp-props=\"{&quot;201341983&quot;:0,&quot;335559739&quot;:160,&quot;335559740&quot;:259}\" style=\"\"><strong><strong>Presentano<\/strong><\/strong><\/span><\/p>\n<p><span style=\"\"><img decoding=\"async\" alt=\"\" data-id=\"5269\" width=\"128\" data-init-width=\"310\" height=\"128\" data-init-height=\"310\" title=\"Rosanna Buffolino\" src=\"https:\/\/twind.io\/it\/wp-content\/uploads\/2026\/03\/Rosanna-Buffolino.png\" data-width=\"128\" data-height=\"128\" style=\"aspect-ratio: auto 310 \/ 310;\" mt-d=\"0\" ml-d=\"0\" center-v-d=\"false\" mt-t=\"-7.391000000000005\" ml-t=\"0\" center-h-d=\"false\" mt-m=\"-1.1089999999999947\" ml-m=\"0\" loading=\"lazy\"><\/span><\/p>\n<p style=\"text-align: left;\"><span data-ccp-props=\"{&quot;201341983&quot;:0,&quot;335559739&quot;:160,&quot;335559740&quot;:259}\"><strong><span style=\"--tcb-applied-color: var$(--tcb-skin-color-0) !important; color: var(--tcb-skin-color-0) !important;\">Rosanna Buffolino<\/span><\/strong><\/span><\/p>\n<p><span data-ccp-props=\"{&quot;201341983&quot;:0,&quot;335559739&quot;:160,&quot;335559740&quot;:259}\"><span data-contrast=\"auto\" lang=\"PT-PT\">Account Executive<\/span><\/span><\/p>\n<p><span data-ccp-props=\"{&quot;201341983&quot;:0,&quot;335559739&quot;:160,&quot;335559740&quot;:259}\">Twind<\/span><\/p>\n<p><span style=\"\"><img decoding=\"async\" alt=\"\" data-id=\"5270\" width=\"128\" data-init-width=\"310\" height=\"128\" data-init-height=\"310\" title=\"Stefano Cavazzini\" src=\"https:\/\/twind.io\/it\/wp-content\/uploads\/2026\/03\/Stefano-Cavazzini.png\" data-width=\"128\" data-height=\"128\" style=\"aspect-ratio: auto 310 \/ 310;\" mt-d=\"0\" ml-d=\"0\" center-v-d=\"false\" mt-t=\"-7.391000000000005\" ml-t=\"0\" center-h-d=\"false\" mt-m=\"0\" ml-m=\"-7.90625\" loading=\"lazy\"><\/span><\/p>\n<p style=\"text-align: left;\"><span data-ccp-props=\"{&quot;201341983&quot;:0,&quot;335559739&quot;:160,&quot;335559740&quot;:259}\" style=\"\"><strong><span style=\"--tcb-applied-color: var$(--tcb-skin-color-0) !important; color: var(--tcb-skin-color-0) !important;\">Stefano Cavazzini<\/span><\/strong><\/span><\/p>\n<p style=\"text-align: left;\"><span data-ccp-props=\"{&quot;201341983&quot;:0,&quot;335559739&quot;:160,&quot;335559740&quot;:259}\" style=\"\"><span data-contrast=\"auto\" lang=\"PT-PT\" style=\"\">Account Executive<\/span><\/span><\/p>\n<p style=\"text-align: left;\"><span data-ccp-props=\"{&quot;201341983&quot;:0,&quot;335559739&quot;:160,&quot;335559740&quot;:259}\" style=\"\">Twind<\/span><\/p>\n<p style=\"text-align: center;\"><span><span>Accesso gratuito e registrazione on demand<\/span><\/span><\/p>\n\n\t\t\t\t\t\t<script>\n\t\t\t\t\t\t\twindow.hsFormsOnReady = window.hsFormsOnReady || [];\n\t\t\t\t\t\t\twindow.hsFormsOnReady.push(()=>{\n\t\t\t\t\t\t\t\thbspt.forms.create({\n\t\t\t\t\t\t\t\t\tportalId: 146424663,\n\t\t\t\t\t\t\t\t\tformId: \"13197e2d-d763-4f80-8b2c-2709f976e510\",\n\t\t\t\t\t\t\t\t\ttarget: \"#hbspt-form-1776424597000-0598999630\",\n\t\t\t\t\t\t\t\t\tregion: \"eu1\",\n\t\t\t\t\t\t\t\t\t\n\t\t\t\t\t\t\t})});\n\t\t\t\t\t\t<\/script>\n\t\t\t\t\t\t<div class=\"hbspt-form\" id=\"hbspt-form-1776424597000-0598999630\"><\/div>\n<h3 style=\"text-align: center;\"><\/h3>\n","protected":false},"excerpt":{"rendered":"<p>Webinar gratuito Dal rischio alla conformit\u00e0 totale: gestione degli appaltatori con Twind Disponibile OnDemand Scopri come garantire la piena conformit\u00e0 alle normative sulla Sicurezza sul Lavoro e alla gestione degli appalti senza aumentare il carico di lavoro del tuo team n\u00e9 passare le giornate a rincorrere documenti, scadenze e verifiche. Se domani arrivasse un\u2019ispezione, riusciresti [&hellip;]<\/p>\n","protected":false},"author":1,"featured_media":0,"parent":0,"menu_order":0,"comment_status":"closed","ping_status":"closed","template":"","meta":{"content-type":"","footnotes":""},"class_list":["post-5244","page","type-page","status-publish","hentry","post-wrapper","thrv_wrapper"],"yoast_head":"<!-- This site is optimized with the Yoast SEO plugin v27.2 - https:\/\/yoast.com\/product\/yoast-seo-wordpress\/ -->\n<title>Webinar | Dal rischio alla conformit\u00e0 totale: gestione degli appaltatori con Twind<\/title>\n<meta name=\"description\" content=\"Il 9 aprile, scopri come garantire la piena conformit\u00e0 alle normative sulla Sicurezza sul Lavoro e alla gestione degli appalti con Twind. Iscriviti al webinar!\" \/>\n<meta name=\"robots\" content=\"index, follow, max-snippet:-1, max-image-preview:large, max-video-preview:-1\" \/>\n<link rel=\"canonical\" href=\"https:\/\/twind.io\/it\/webinar-dal-rischio-alla-conformita-totale-gestione-degli-appaltatori-con-twind\/\" \/>\n<meta property=\"og:locale\" content=\"it_IT\" \/>\n<meta property=\"og:type\" content=\"article\" \/>\n<meta property=\"og:title\" content=\"Webinar | Dal rischio alla conformit\u00e0 totale: gestione degli appaltatori con Twind\" \/>\n<meta property=\"og:description\" content=\"Il 9 aprile, scopri come garantire la piena conformit\u00e0 alle normative sulla Sicurezza sul Lavoro e alla gestione degli appalti con Twind. Iscriviti al webinar!\" \/>\n<meta property=\"og:url\" content=\"https:\/\/twind.io\/it\/webinar-dal-rischio-alla-conformita-totale-gestione-degli-appaltatori-con-twind\/\" \/>\n<meta property=\"og:site_name\" content=\"Twind \u2013 Piattaforma per la Gestione di Appaltatori e Fornitori\" \/>\n<meta property=\"article:modified_time\" content=\"2026-04-10T12:43:03+00:00\" \/>\n<meta property=\"og:image\" content=\"https:\/\/twind.io\/it\/wp-content\/uploads\/2025\/09\/Logo-Twind.svg\" \/>\n<meta name=\"twitter:card\" content=\"summary_large_image\" \/>\n<meta name=\"twitter:label1\" content=\"Tempo di lettura stimato\" \/>\n\t<meta name=\"twitter:data1\" content=\"4 minuti\" \/>\n<script type=\"application\/ld+json\" class=\"yoast-schema-graph\">{\"@context\":\"https:\/\/schema.org\",\"@graph\":[{\"@type\":\"WebPage\",\"@id\":\"https:\/\/twind.io\/it\/webinar-dal-rischio-alla-conformita-totale-gestione-degli-appaltatori-con-twind\/\",\"url\":\"https:\/\/twind.io\/it\/webinar-dal-rischio-alla-conformita-totale-gestione-degli-appaltatori-con-twind\/\",\"name\":\"Webinar | Dal rischio alla conformit\u00e0 totale: gestione degli appaltatori con Twind\",\"isPartOf\":{\"@id\":\"https:\/\/twind.io\/it\/#website\"},\"primaryImageOfPage\":{\"@id\":\"https:\/\/twind.io\/it\/webinar-dal-rischio-alla-conformita-totale-gestione-degli-appaltatori-con-twind\/#primaryimage\"},\"image\":{\"@id\":\"https:\/\/twind.io\/it\/webinar-dal-rischio-alla-conformita-totale-gestione-degli-appaltatori-con-twind\/#primaryimage\"},\"thumbnailUrl\":\"https:\/\/twind.io\/it\/wp-content\/uploads\/2025\/09\/Logo-Twind.svg\",\"datePublished\":\"2026-03-07T18:25:38+00:00\",\"dateModified\":\"2026-04-10T12:43:03+00:00\",\"description\":\"Il 9 aprile, scopri come garantire la piena conformit\u00e0 alle normative sulla Sicurezza sul Lavoro e alla gestione degli appalti con Twind. Iscriviti al webinar!\",\"breadcrumb\":{\"@id\":\"https:\/\/twind.io\/it\/webinar-dal-rischio-alla-conformita-totale-gestione-degli-appaltatori-con-twind\/#breadcrumb\"},\"inLanguage\":\"it-IT\",\"potentialAction\":[{\"@type\":\"ReadAction\",\"target\":[\"https:\/\/twind.io\/it\/webinar-dal-rischio-alla-conformita-totale-gestione-degli-appaltatori-con-twind\/\"]}]},{\"@type\":\"ImageObject\",\"inLanguage\":\"it-IT\",\"@id\":\"https:\/\/twind.io\/it\/webinar-dal-rischio-alla-conformita-totale-gestione-degli-appaltatori-con-twind\/#primaryimage\",\"url\":\"https:\/\/twind.io\/it\/wp-content\/uploads\/2025\/09\/Logo-Twind.svg\",\"contentUrl\":\"https:\/\/twind.io\/it\/wp-content\/uploads\/2025\/09\/Logo-Twind.svg\"},{\"@type\":\"BreadcrumbList\",\"@id\":\"https:\/\/twind.io\/it\/webinar-dal-rischio-alla-conformita-totale-gestione-degli-appaltatori-con-twind\/#breadcrumb\",\"itemListElement\":[{\"@type\":\"ListItem\",\"position\":1,\"name\":\"Portada\",\"item\":\"https:\/\/twind.io\/it\/\"},{\"@type\":\"ListItem\",\"position\":2,\"name\":\"Webinar | Dal rischio alla conformit\u00e0 totale: gestione degli appaltatori con Twind\"}]},{\"@type\":\"WebSite\",\"@id\":\"https:\/\/twind.io\/it\/#website\",\"url\":\"https:\/\/twind.io\/it\/\",\"name\":\"Twind \u2013 Piattaforma per la Gestione di Appaltatori e Fornitori\",\"description\":\"Automatizza la gestione di appaltatori e fornitori con Twind. Semplifica tutta la documentazione con AI. Monitora accessi e conformit\u00e0 in tempo reale.\",\"publisher\":{\"@id\":\"https:\/\/twind.io\/it\/#organization\"},\"potentialAction\":[{\"@type\":\"SearchAction\",\"target\":{\"@type\":\"EntryPoint\",\"urlTemplate\":\"https:\/\/twind.io\/it\/?s={search_term_string}\"},\"query-input\":{\"@type\":\"PropertyValueSpecification\",\"valueRequired\":true,\"valueName\":\"search_term_string\"}}],\"inLanguage\":\"it-IT\"},{\"@type\":\"Organization\",\"@id\":\"https:\/\/twind.io\/it\/#organization\",\"name\":\"Twind \u2013 Piattaforma per la Gestione di Appaltatori e Fornitori\",\"url\":\"https:\/\/twind.io\/it\/\",\"logo\":{\"@type\":\"ImageObject\",\"inLanguage\":\"it-IT\",\"@id\":\"https:\/\/twind.io\/it\/#\/schema\/logo\/image\/\",\"url\":\"https:\/\/twind.io\/it\/wp-content\/uploads\/2023\/04\/Logo-Twind.svg\",\"contentUrl\":\"https:\/\/twind.io\/it\/wp-content\/uploads\/2023\/04\/Logo-Twind.svg\",\"width\":1,\"height\":1,\"caption\":\"Twind \u2013 Piattaforma per la Gestione di Appaltatori e Fornitori\"},\"image\":{\"@id\":\"https:\/\/twind.io\/it\/#\/schema\/logo\/image\/\"}}]}<\/script>\n<!-- \/ Yoast SEO plugin. -->","yoast_head_json":{"title":"Webinar | Dal rischio alla conformit\u00e0 totale: gestione degli appaltatori con Twind","description":"Il 9 aprile, scopri come garantire la piena conformit\u00e0 alle normative sulla Sicurezza sul Lavoro e alla gestione degli appalti con Twind. Iscriviti al webinar!","robots":{"index":"index","follow":"follow","max-snippet":"max-snippet:-1","max-image-preview":"max-image-preview:large","max-video-preview":"max-video-preview:-1"},"canonical":"https:\/\/twind.io\/it\/webinar-dal-rischio-alla-conformita-totale-gestione-degli-appaltatori-con-twind\/","og_locale":"it_IT","og_type":"article","og_title":"Webinar | Dal rischio alla conformit\u00e0 totale: gestione degli appaltatori con Twind","og_description":"Il 9 aprile, scopri come garantire la piena conformit\u00e0 alle normative sulla Sicurezza sul Lavoro e alla gestione degli appalti con Twind. Iscriviti al webinar!","og_url":"https:\/\/twind.io\/it\/webinar-dal-rischio-alla-conformita-totale-gestione-degli-appaltatori-con-twind\/","og_site_name":"Twind \u2013 Piattaforma per la Gestione di Appaltatori e Fornitori","article_modified_time":"2026-04-10T12:43:03+00:00","og_image":[{"url":"https:\/\/twind.io\/it\/wp-content\/uploads\/2025\/09\/Logo-Twind.svg","type":"","width":"","height":""}],"twitter_card":"summary_large_image","twitter_misc":{"Tempo di lettura stimato":"4 minuti"},"schema":{"@context":"https:\/\/schema.org","@graph":[{"@type":"WebPage","@id":"https:\/\/twind.io\/it\/webinar-dal-rischio-alla-conformita-totale-gestione-degli-appaltatori-con-twind\/","url":"https:\/\/twind.io\/it\/webinar-dal-rischio-alla-conformita-totale-gestione-degli-appaltatori-con-twind\/","name":"Webinar | Dal rischio alla conformit\u00e0 totale: gestione degli appaltatori con Twind","isPartOf":{"@id":"https:\/\/twind.io\/it\/#website"},"primaryImageOfPage":{"@id":"https:\/\/twind.io\/it\/webinar-dal-rischio-alla-conformita-totale-gestione-degli-appaltatori-con-twind\/#primaryimage"},"image":{"@id":"https:\/\/twind.io\/it\/webinar-dal-rischio-alla-conformita-totale-gestione-degli-appaltatori-con-twind\/#primaryimage"},"thumbnailUrl":"https:\/\/twind.io\/it\/wp-content\/uploads\/2025\/09\/Logo-Twind.svg","datePublished":"2026-03-07T18:25:38+00:00","dateModified":"2026-04-10T12:43:03+00:00","description":"Il 9 aprile, scopri come garantire la piena conformit\u00e0 alle normative sulla Sicurezza sul Lavoro e alla gestione degli appalti con Twind. Iscriviti al webinar!","breadcrumb":{"@id":"https:\/\/twind.io\/it\/webinar-dal-rischio-alla-conformita-totale-gestione-degli-appaltatori-con-twind\/#breadcrumb"},"inLanguage":"it-IT","potentialAction":[{"@type":"ReadAction","target":["https:\/\/twind.io\/it\/webinar-dal-rischio-alla-conformita-totale-gestione-degli-appaltatori-con-twind\/"]}]},{"@type":"ImageObject","inLanguage":"it-IT","@id":"https:\/\/twind.io\/it\/webinar-dal-rischio-alla-conformita-totale-gestione-degli-appaltatori-con-twind\/#primaryimage","url":"https:\/\/twind.io\/it\/wp-content\/uploads\/2025\/09\/Logo-Twind.svg","contentUrl":"https:\/\/twind.io\/it\/wp-content\/uploads\/2025\/09\/Logo-Twind.svg"},{"@type":"BreadcrumbList","@id":"https:\/\/twind.io\/it\/webinar-dal-rischio-alla-conformita-totale-gestione-degli-appaltatori-con-twind\/#breadcrumb","itemListElement":[{"@type":"ListItem","position":1,"name":"Portada","item":"https:\/\/twind.io\/it\/"},{"@type":"ListItem","position":2,"name":"Webinar | Dal rischio alla conformit\u00e0 totale: gestione degli appaltatori con Twind"}]},{"@type":"WebSite","@id":"https:\/\/twind.io\/it\/#website","url":"https:\/\/twind.io\/it\/","name":"Twind \u2013 Piattaforma per la Gestione di Appaltatori e Fornitori","description":"Automatizza la gestione di appaltatori e fornitori con Twind. Semplifica tutta la documentazione con AI. Monitora accessi e conformit\u00e0 in tempo reale.","publisher":{"@id":"https:\/\/twind.io\/it\/#organization"},"potentialAction":[{"@type":"SearchAction","target":{"@type":"EntryPoint","urlTemplate":"https:\/\/twind.io\/it\/?s={search_term_string}"},"query-input":{"@type":"PropertyValueSpecification","valueRequired":true,"valueName":"search_term_string"}}],"inLanguage":"it-IT"},{"@type":"Organization","@id":"https:\/\/twind.io\/it\/#organization","name":"Twind \u2013 Piattaforma per la Gestione di Appaltatori e Fornitori","url":"https:\/\/twind.io\/it\/","logo":{"@type":"ImageObject","inLanguage":"it-IT","@id":"https:\/\/twind.io\/it\/#\/schema\/logo\/image\/","url":"https:\/\/twind.io\/it\/wp-content\/uploads\/2023\/04\/Logo-Twind.svg","contentUrl":"https:\/\/twind.io\/it\/wp-content\/uploads\/2023\/04\/Logo-Twind.svg","width":1,"height":1,"caption":"Twind \u2013 Piattaforma per la Gestione di Appaltatori e Fornitori"},"image":{"@id":"https:\/\/twind.io\/it\/#\/schema\/logo\/image\/"}}]}},"_links":{"self":[{"href":"https:\/\/twind.io\/it\/wp-json\/wp\/v2\/pages\/5244","targetHints":{"allow":["GET"]}}],"collection":[{"href":"https:\/\/twind.io\/it\/wp-json\/wp\/v2\/pages"}],"about":[{"href":"https:\/\/twind.io\/it\/wp-json\/wp\/v2\/types\/page"}],"author":[{"embeddable":true,"href":"https:\/\/twind.io\/it\/wp-json\/wp\/v2\/users\/1"}],"replies":[{"embeddable":true,"href":"https:\/\/twind.io\/it\/wp-json\/wp\/v2\/comments?post=5244"}],"version-history":[{"count":15,"href":"https:\/\/twind.io\/it\/wp-json\/wp\/v2\/pages\/5244\/revisions"}],"predecessor-version":[{"id":5464,"href":"https:\/\/twind.io\/it\/wp-json\/wp\/v2\/pages\/5244\/revisions\/5464"}],"wp:attachment":[{"href":"https:\/\/twind.io\/it\/wp-json\/wp\/v2\/media?parent=5244"}],"curies":[{"name":"wp","href":"https:\/\/api.w.org\/{rel}","templated":true}]}}