{"id":5320,"date":"2026-03-23T16:36:38","date_gmt":"2026-03-23T16:36:38","guid":{"rendered":"https:\/\/twind.io\/it\/?page_id=5320"},"modified":"2026-03-30T12:48:43","modified_gmt":"2026-03-30T12:48:43","slug":"permesso-di-lavoro","status":"publish","type":"page","link":"https:\/\/twind.io\/it\/permesso-di-lavoro\/","title":{"rendered":"Permessi di lavoro"},"content":{"rendered":"<h2 style=\"text-align: center;\"><span>Modulo Permessi di Lavoro (PtW)<\/span><\/h2>\n<h1 style=\"text-align: left;\"><span>Permessi di Lavoro sotto controllo. <span style=\"--tcb-applied-color: var$(--tcb-color-4) !important; color: var(--tcb-color-4) !important;\">Operazioni sicure, senza interruzioni.<\/span><\/span><\/h1>\n<h2 style=\"text-align: left;\"><span style=\"font-weight: normal;\">Con Twind, digitalizzi i Permessi di Lavoro dei tuoi appaltatori per autorizzare pi\u00f9 velocemente, supervisionare meglio e garantire tracciabilit\u00e0 completa su ogni intervento. Tieni sotto controllo i lavori speciali senza mai bloccare le operazioni.<\/span><\/h2>\n<p><span><img decoding=\"async\" alt=\"\" data-id=\"5373\" width=\"541\" data-init-width=\"734\" height=\"489\" data-init-height=\"663\" title=\"SuppMon_IT\" src=\"https:\/\/twind.io\/it\/wp-content\/uploads\/2026\/03\/SuppMon_IT.png\" data-width=\"541\" data-height=\"489\" style=\"aspect-ratio: auto 734 \/ 663;\" loading=\"lazy\"><\/span><\/p>\n<h3 style=\"text-align: center;\"><span style=\"font-size: 50px !important; --tcb-applied-color: var$(--tcb-color-4) !important; color: var(--tcb-color-4) !important;\">x3<\/span><\/h3>\n<h3 style=\"text-align: center;\"><span>Pi\u00f9 controllo durante fermi tecnici<br \/><\/span><\/h3>\n<h3 style=\"text-align: center;\"><span style=\"font-size: 50px !important; --tcb-applied-color: var$(--tcb-color-4) !important; color: var(--tcb-color-4) !important;\">-60%<\/span><\/h3>\n<h3 style=\"text-align: center;\"><span>Tempi di approvazione<br \/><\/span><\/h3>\n<h3 style=\"text-align: center;\"><span style=\"font-size: 50px !important; --tcb-applied-color: var$(--tcb-color-4) !important; color: var(--tcb-color-4) !important;\">100%<\/span><\/h3>\n<h3 style=\"text-align: center;\"><span style=\"\">Tracciabilit\u00e0 per audit e ispezioni<\/span><\/h3>\n<h3 style=\"text-align: center;\"><span style=\"font-size: 50px !important; --tcb-applied-color: var$(--tcb-color-4) !important; color: var(--tcb-color-4) !important;\">5\u00ba<\/span><\/h3>\n<h3 style=\"text-align: center;\"><span>Anno leader Verdantix<\/span><\/h3>\n<p style=\"text-align: center;\"><span data-contrast=\"none\" lang=\"EN-US\">Pi\u00f9 di <strong>3.500 aziende<\/strong> in <strong>30 paesi<\/strong> gestiscono gi\u00e0 la loro sicurezza con Twind.<\/span><\/p>\n<p><span><img decoding=\"async\" alt=\"Adidas\" data-id=\"254\" width=\"\" height=\"undefined\" title=\"Adidas\" src=\"https:\/\/twind.io\/it\/wp-content\/uploads\/2026\/03\/1-adidas-1.svg\" data-src=\"https:\/\/twind.io\/it\/wp-content\/uploads\/2026\/03\/1-adidas-1.svg\" data-sizes=\"{&quot;full&quot;:{&quot;url&quot;:&quot;https:\/\/twind.io\/it\/wp-content\/uploads\/2026\/03\/1-adidas-1.svg&quot;}}\" style=\"\" loading=\"lazy\"><\/span><span><img decoding=\"async\" alt=\"Nestle\" data-id=\"256\" width=\"\" height=\"undefined\" title=\"Nestle\" src=\"https:\/\/twind.io\/it\/wp-content\/uploads\/2026\/03\/3-nestle-1.svg\" data-src=\"https:\/\/twind.io\/it\/wp-content\/uploads\/2026\/03\/3-nestle-1.svg\" data-sizes=\"{&quot;full&quot;:{&quot;url&quot;:&quot;https:\/\/twind.io\/it\/wp-content\/uploads\/2026\/03\/3-nestle-1.svg&quot;}}\" style=\"\" loading=\"lazy\"><\/span><span><img decoding=\"async\" alt=\"Mercedes\" data-id=\"257\" width=\"\" height=\"undefined\" title=\"Mercedes\" src=\"https:\/\/twind.io\/it\/wp-content\/uploads\/2026\/03\/4-mercedes-benz-1.svg\" data-src=\"https:\/\/twind.io\/it\/wp-content\/uploads\/2026\/03\/4-mercedes-benz-1.svg\" data-sizes=\"{&quot;full&quot;:{&quot;url&quot;:&quot;https:\/\/twind.io\/it\/wp-content\/uploads\/2026\/03\/4-mercedes-benz-1.svg&quot;}}\" style=\"\" loading=\"lazy\"><\/span><span><img decoding=\"async\" alt=\"Sodexo\" data-id=\"258\" width=\"\" height=\"undefined\" title=\"Sodexo\" src=\"https:\/\/twind.io\/it\/wp-content\/uploads\/2026\/03\/5-sodexo-1.svg\" data-src=\"https:\/\/twind.io\/it\/wp-content\/uploads\/2026\/03\/5-sodexo-1.svg\" data-sizes=\"{&quot;full&quot;:{&quot;url&quot;:&quot;https:\/\/twind.io\/it\/wp-content\/uploads\/2026\/03\/5-sodexo-1.svg&quot;}}\" style=\"\" loading=\"lazy\"><\/span><span><img decoding=\"async\" alt=\"Bayer\" data-id=\"259\" width=\"\" height=\"undefined\" title=\"Bayer\" src=\"https:\/\/twind.io\/it\/wp-content\/uploads\/2026\/03\/6-bayer-1.svg\" data-src=\"https:\/\/twind.io\/it\/wp-content\/uploads\/2026\/03\/6-bayer-1.svg\" data-sizes=\"{&quot;full&quot;:{&quot;url&quot;:&quot;https:\/\/twind.io\/it\/wp-content\/uploads\/2026\/03\/6-bayer-1.svg&quot;}}\" style=\"\" loading=\"lazy\"><\/span><span><img decoding=\"async\" alt=\"Mango\" data-id=\"260\" width=\"\" height=\"undefined\" title=\"Mango\" src=\"https:\/\/twind.io\/it\/wp-content\/uploads\/2026\/03\/7-mango-1.svg\" data-src=\"https:\/\/twind.io\/it\/wp-content\/uploads\/2026\/03\/7-mango-1.svg\" data-sizes=\"{&quot;full&quot;:{&quot;url&quot;:&quot;https:\/\/twind.io\/it\/wp-content\/uploads\/2026\/03\/7-mango-1.svg&quot;}}\" style=\"\" loading=\"lazy\"><\/span><span><img decoding=\"async\" alt=\"Nippon\" data-id=\"261\" width=\"\" height=\"undefined\" title=\"Nippon\" src=\"https:\/\/twind.io\/it\/wp-content\/uploads\/2026\/03\/8-nippon-gases-1.svg\" data-src=\"https:\/\/twind.io\/it\/wp-content\/uploads\/2026\/03\/8-nippon-gases-1.svg\" data-sizes=\"{&quot;full&quot;:{&quot;url&quot;:&quot;https:\/\/twind.io\/it\/wp-content\/uploads\/2026\/03\/8-nippon-gases-1.svg&quot;}}\" style=\"\" loading=\"lazy\"><\/span><\/p>\n<h2 style=\"text-align: center; color: rgb(26, 48, 55) !important; --tcb-applied-color: rgb(26, 48, 55) !important;\"><\/h2>\n<h2 style=\"text-align: center;\"><span>IL PROBLEMA REALE<\/span><\/h2>\n<h2 style=\"text-align: center; color: rgb(26, 48, 55) !important; --tcb-applied-color: rgb(26, 48, 55) !important;\">Gestisci ancora i permessi su carta ed Excel?<br \/><span style=\"--tcb-applied-color: var$(--tcb-color-4) !important; color: var(--tcb-color-4) !important;\">Quando i permessi si bloccano, le operazioni si fermano.<\/span><\/h2>\n<h2 style=\"text-align: center;\"><span style=\"font-weight: normal; --tcb-applied-color: rgb(26, 48, 55) !important; color: rgb(26, 48, 55) !important;\">Negli ambienti industriali con pi\u00f9 appaltatori e lavori critici, gestire i Permessi di Lavoro senza un sistema strutturato non \u00e8 solo inefficiente: \u00e8 un rischio operativo e di sicurezza.<br \/><\/span><\/h2>\n<p><!--! Font Awesome Free 6.7.1 by @fontawesome - https:\/\/fontawesome.com License - https:\/\/fontawesome.com\/license\/free (Icons: CC BY 4.0, Fonts: SIL OFL 1.1, Code: MIT License) Copyright 2024 Fonticons, Inc. --><\/p>\n<h3 style=\"text-align: left;\"><span style=\"\">Telefonate urgenti all\u2019ingresso<br \/><\/span><\/h3>\n<h3 style=\"text-align: left;\"><span style=\"font-weight: normal;\">Il permesso non \u00e8 firmato e il lavoro non pu\u00f2 partire.<br \/><\/span><\/h3>\n<h3 style=\"text-align: left;\"><span style=\"\">Permessi \u201cbloccati a met\u00e0 strada\u201d<br \/><\/span><\/h3>\n<h3 style=\"text-align: left;\"><span style=\"font-weight: normal;\">Nessuno sa in che stato si trovano n\u00e9 chi li deve approvare.<br \/><\/span><\/h3>\n<h3 style=\"text-align: left;\"><span style=\"\">Rischi da interferenze non coordinati<br \/><\/span><\/h3>\n<h3 style=\"text-align: left;\"><span><span style=\"font-weight: normal;\">Senza coordinamento, i lavori simultanei diventano ancora pi\u00f9 rischiosi.<\/span><br \/><\/span><\/h3>\n<h3 style=\"text-align: left;\"><span style=\"\"><strong>Audit in arrivo. Documentazione introvabile.<\/strong><br \/><\/span><\/h3>\n<h3 style=\"text-align: left;\"><span><span style=\"font-weight: normal;\">Autorizzazioni disperse tra PDF, foto, email e fogli Excel.<\/span><br \/><\/span><\/h3>\n<h3 style=\"text-align: left;\"><span style=\"\">Impatto preventivo<br \/><\/span><\/h3>\n<h3 style=\"text-align: left;\"><span style=\"font-weight: normal;\">Maggiore probabilit\u00e0 di incidenti gravi nei lavori speciali senza controllo preventivo documentato. <br \/><\/span><\/h3>\n<h3 style=\"text-align: left;\"><span style=\"\">Impatto operativo<br \/><\/span><\/h3>\n<h3 style=\"text-align: left;\"><span style=\"font-weight: normal;\">Ritardi nelle approvazioni, fermi non pianificati e tracciabilit\u00e0 limitata quando arriva un&#8217;ispezione ASL\/ATS o INL.<br \/><\/span><\/h3>\n<h3 style=\"text-align: left; color: rgb(26, 48, 55) !important; --tcb-applied-color: rgb(26, 48, 55) !important;\"><span style=\"--tcb-applied-color: rgb(26, 48, 55) !important;\">Durante i fermi tecnici<br \/><\/span><\/h3>\n<h3 style=\"text-align: left;\"><span style=\"\">Pi\u00f9 permessi richiesti<br \/><\/span><\/h3>\n<h3 style=\"text-align: left;\"><span style=\"font-weight: normal;\">Il volume dei permessi di lavoro si moltiplica durante i fermi tecnici.<br \/><\/span><\/h3>\n<h2 style=\"text-align: center;\"><span>DAL CAOS AL CONTROLLO<\/span><\/h2>\n<h2 style=\"text-align: center; color: rgb(26, 48, 55) !important; --tcb-applied-color: rgb(26, 48, 55) !important;\">L&#8217;intera gestione dei Permessi di Lavoro in un <span style=\"--tcb-applied-color: var$(--tcb-color-4) !important; color: var(--tcb-color-4) !important;\">unico flusso digitale<\/span>.<\/h2>\n<h2 style=\"text-align: center;\"><span style=\"font-weight: normal; --tcb-applied-color: rgb(26, 48, 55) !important; color: rgb(26, 48, 55) !important;\">Progettato per ambienti industriali con alta presenza di appaltatori e lavori ad alto rischio.<\/span><\/h2>\n<h3 style=\"text-align: left;\"><span style=\"\">Autorizzazione rapida e senza attese<br \/><\/span><\/h3>\n<ul>\n<li style=\"\">Moduli personalizzabili per ogni tipo di lavoro e rischio<\/li>\n<li style=\"\">Flussi di approvazione definiti per ruolo<\/li>\n<li style=\"\">Stato in tempo reale: in attesa, approvato, sospeso, chiuso<\/li>\n<\/ul>\n<h3 style=\"text-align: left;\"><span style=\"\">Firme fisiche e digitali<\/span><\/h3>\n<ul>\n<li>Firma in persona: acquisizione da tablet, smartphone o PC<\/li>\n<li>Firma remota: approvazione via email senza presenza fisica<\/li>\n<li>Data, ora e ruolo del firmatario registrati automaticamente<\/li>\n<\/ul>\n<h3 style=\"text-align: left;\"><span style=\"\">Tracciabilit\u00e0 completa, audit-ready<br \/><\/span><\/h3>\n<ul>\n<li style=\"\">PDF scaricabile del permesso completo<\/li>\n<li style=\"\">Storico con changelog di tutte le azioni<\/li>\n<li style=\"\">Accesso centralizzato in tempo reale per ispezioni<\/li>\n<\/ul>\n<p><!--! Font Awesome Free 6.7.1 by @fontawesome - https:\/\/fontawesome.com License - https:\/\/fontawesome.com\/license\/free (Icons: CC BY 4.0, Fonts: SIL OFL 1.1, Code: MIT License) Copyright 2024 Fonticons, Inc. --><\/p>\n<h3 style=\"text-align: left;\"><span style=\"\">Visibilit\u00e0 in tempo reale dei lavori attivi<br \/><\/span><\/h3>\n<ul>\n<li style=\"\">Permessi richiesti, approvati, attivi e conclusi<\/li>\n<li style=\"\">Coordinamento tra RSPP, manutenzione e operazioni<\/li>\n<li style=\"\">Controllo interferenze: lavori simultanei identificati<\/li>\n<\/ul>\n<h2 style=\"text-align: center;\"><span>QUADRO NORMATIVO<\/span><\/h2>\n<h2 style=\"text-align: center;\"><span>Quando \u00e8 <span style=\"--tcb-applied-color: var$(--tcb-color-4) !important; color: var(--tcb-color-4) !important;\">necessario<\/span> un Permesso di Lavoro?<\/span><\/h2>\n<h2 style=\"text-align: left;\"><span style=\"font-weight: normal;\">L&#8217;Art. 26 del D.Lgs. 81\/2008 \u00e8 chiaro: il committente \u00e8 responsabile di ogni lavoro degli appaltatori sul proprio sito produttivo.&nbsp;<\/span><\/h2>\n<h3 style=\"text-align: center;\"><span style=\"\">1<\/span><\/h3>\n<h3 style=\"text-align: left;\"><span style=\"\">D.Lgs. 81\/2008 \u2014 Art. 26 Appalti<br \/><\/span><\/h3>\n<h3 style=\"text-align: left;\"><span style=\"\"><span style=\"font-weight: normal;\">Testo Unico Sicurezza sul Lavoro: obblighi connessi ai contratti d&#8217;appalto, d\u2019opera o di somministrazione.<\/span><br \/><\/span><\/h3>\n<h3 style=\"text-align: center;\"><span style=\"\">2<\/span><\/h3>\n<h3 style=\"text-align: left;\"><span style=\"\">DPR 177\/2011 \u2014 Spazi confinati<br \/><\/span><\/h3>\n<h3 style=\"text-align: left;\"><span><span style=\"font-weight: normal;\">Autorizzazione obbligatoria per lavori in spazi confinati e ambienti sospetti di inquinamento.<\/span><br \/><\/span><\/h3>\n<h3 style=\"text-align: center;\"><span style=\"\">3<\/span><\/h3>\n<h3 style=\"text-align: left;\"><span style=\"\">D.Lgs. 105\/2015 \u2014 Stabilimenti Seveso<br \/><\/span><\/h3>\n<h3 style=\"text-align: left;\"><span style=\"\"><span style=\"font-weight: normal;\">l PtW sono componente obbligatoria del SGS-PIR: impianti a rischio di incidente rilevante.<\/span><br \/><\/span><\/h3>\n<h3 style=\"text-align: left;\"><span style=\"\">Attivit\u00e0 che richiedono un Permesso<br \/><\/span><\/h3>\n<p><!--! Font Awesome Free 6.7.1 by @fontawesome - https:\/\/fontawesome.com License - https:\/\/fontawesome.com\/license\/free (Icons: CC BY 4.0, Fonts: SIL OFL 1.1, Code: MIT License) Copyright 2024 Fonticons, Inc. --><\/p>\n<h3 style=\"text-align: left;\"><span style=\"\"><span style=\"font-weight: normal;\">Lavori a caldo (saldatura, taglio, ossitaglio)<\/span><br \/><\/span><\/h3>\n<p><!--! Font Awesome Free 6.7.1 by @fontawesome - https:\/\/fontawesome.com License - https:\/\/fontawesome.com\/license\/free (Icons: CC BY 4.0, Fonts: SIL OFL 1.1, Code: MIT License) Copyright 2024 Fonticons, Inc. --><\/p>\n<h3 style=\"text-align: left;\"><span style=\"\"><span style=\"font-weight: normal;\">Lavori in spazi confinati e sospetti inquinamento<\/span><br \/><\/span><\/h3>\n<p><!--! Font Awesome Free 6.7.1 by @fontawesome - https:\/\/fontawesome.com License - https:\/\/fontawesome.com\/license\/free (Icons: CC BY 4.0, Fonts: SIL OFL 1.1, Code: MIT License) Copyright 2024 Fonticons, Inc. --><\/p>\n<h3 style=\"text-align: left;\"><span style=\"\"><span style=\"font-weight: normal;\">Lavori elettrici (sotto tensione, manovre)<\/span><br \/><\/span><\/h3>\n<h3 style=\"text-align: left;\"><span style=\"\"><span style=\"font-weight: normal;\">Lavori in quota (coperture, ponteggi)<\/span><br \/><\/span><\/h3>\n<h3 style=\"text-align: left;\"><span style=\"\"><span style=\"font-weight: normal;\">Lavori con sostanze pericolose e in zone ATEX<\/span><br \/><\/span><\/h3>\n<h3 style=\"text-align: left;\"><span style=\"\"><span style=\"font-weight: normal;\">Manutenzione critica e fermi tecnici<\/span><br \/><\/span><\/h3>\n<h2 style=\"text-align: center;\"><span style=\"\">INIZIA OGGI<\/span><\/h2>\n<h2 style=\"text-align: left;\"><span>Semplifica subito la gestione dei tuoi Permessi di Lavoro.<\/span><\/h2>\n<h2 style=\"text-align: left;\"><span style=\"font-weight: normal;\">Scopri come questo nuovo modulo di Twind trasforma la gestione dei Permessi di Lavoro nella tua organizzazione.<br \/><\/span><\/h2>\n<p><!--! Font Awesome Free 6.7.1 by @fontawesome - https:\/\/fontawesome.com License - https:\/\/fontawesome.com\/license\/free (Icons: CC BY 4.0, Fonts: SIL OFL 1.1, Code: MIT License) Copyright 2024 Fonticons, Inc. --><\/p>\n<h3 style=\"text-align: left;\"><span><span style=\"font-weight: normal;\">Gestisci richieste, approvazioni, firme e tracciabilit\u00e0 in un unico flusso<\/span><br \/><\/span><\/h3>\n<p><!--! Font Awesome Free 6.7.1 by @fontawesome - https:\/\/fontawesome.com License - https:\/\/fontawesome.com\/license\/free (Icons: CC BY 4.0, Fonts: SIL OFL 1.1, Code: MIT License) Copyright 2024 Fonticons, Inc. --><\/p>\n<h3 style=\"text-align: left;\"><span style=\"\"><span style=\"font-weight: normal;\">Scopri come ridurre i tempi di approvazione ed eliminare le attivit\u00e0 manuali<\/span><br \/><\/span><\/h3>\n<p><!--! Font Awesome Free 6.7.1 by @fontawesome - https:\/\/fontawesome.com License - https:\/\/fontawesome.com\/license\/free (Icons: CC BY 4.0, Fonts: SIL OFL 1.1, Code: MIT License) Copyright 2024 Fonticons, Inc. --><\/p>\n<h3 style=\"text-align: left;\"><span style=\"\"><span style=\"font-weight: normal;\">Demo personalizzata per il tuo tipo di azienda e volume di permessi<\/span><br \/><\/span><\/h3>\n\n\t\t\t\t\t\t<script>\n\t\t\t\t\t\t\twindow.hsFormsOnReady = window.hsFormsOnReady || [];\n\t\t\t\t\t\t\twindow.hsFormsOnReady.push(()=>{\n\t\t\t\t\t\t\t\thbspt.forms.create({\n\t\t\t\t\t\t\t\t\tportalId: 146424663,\n\t\t\t\t\t\t\t\t\tformId: \"b365e917-fb1b-436f-a001-6b5b9be6778c\",\n\t\t\t\t\t\t\t\t\ttarget: \"#hbspt-form-1776419621000-6579900116\",\n\t\t\t\t\t\t\t\t\tregion: \"eu1\",\n\t\t\t\t\t\t\t\t\t\n\t\t\t\t\t\t\t})});\n\t\t\t\t\t\t<\/script>\n\t\t\t\t\t\t<div class=\"hbspt-form\" id=\"hbspt-form-1776419621000-6579900116\"><\/div>\n","protected":false},"excerpt":{"rendered":"<p>Modulo Permessi di Lavoro (PtW) Permessi di Lavoro sotto controllo. Operazioni sicure, senza interruzioni. Con Twind, digitalizzi i Permessi di Lavoro dei tuoi appaltatori per autorizzare pi\u00f9 velocemente, supervisionare meglio e garantire tracciabilit\u00e0 completa su ogni intervento. Tieni sotto controllo i lavori speciali senza mai bloccare le operazioni. x3 Pi\u00f9 controllo durante fermi tecnici -60% [&hellip;]<\/p>\n","protected":false},"author":1,"featured_media":0,"parent":0,"menu_order":0,"comment_status":"closed","ping_status":"closed","template":"","meta":{"content-type":"","footnotes":""},"class_list":["post-5320","page","type-page","status-publish","hentry","post-wrapper","thrv_wrapper"],"yoast_head":"<!-- This site is optimized with the Yoast SEO plugin v27.2 - https:\/\/yoast.com\/product\/yoast-seo-wordpress\/ -->\n<title>Twind \u2013 Gestione Digitalizzata dei Permessi di Lavoro<\/title>\n<meta name=\"description\" content=\"Digitalizza i permessi di lavoro con Twind. Migliora sicurezza, tracciabilit\u00e0 e conformit\u00e0 nelle attivit\u00e0 ad alto rischio, riducendo tempi e gestione cartacea.\" \/>\n<meta name=\"robots\" content=\"index, follow, max-snippet:-1, max-image-preview:large, max-video-preview:-1\" \/>\n<link rel=\"canonical\" href=\"https:\/\/twind.io\/it\/permesso-di-lavoro\/\" \/>\n<meta property=\"og:locale\" content=\"it_IT\" \/>\n<meta property=\"og:type\" content=\"article\" \/>\n<meta property=\"og:title\" content=\"Twind \u2013 Gestione Digitalizzata dei Permessi di Lavoro\" \/>\n<meta property=\"og:description\" content=\"Digitalizza i permessi di lavoro con Twind. Migliora sicurezza, tracciabilit\u00e0 e conformit\u00e0 nelle attivit\u00e0 ad alto rischio, riducendo tempi e gestione cartacea.\" \/>\n<meta property=\"og:url\" content=\"https:\/\/twind.io\/it\/permesso-di-lavoro\/\" \/>\n<meta property=\"og:site_name\" content=\"Twind \u2013 Piattaforma per la Gestione di Appaltatori e Fornitori\" \/>\n<meta property=\"article:modified_time\" content=\"2026-03-30T12:48:43+00:00\" \/>\n<meta property=\"og:image\" content=\"https:\/\/twind.io\/it\/wp-content\/uploads\/2026\/03\/SuppMon_IT.png\" \/>\n<meta name=\"twitter:card\" content=\"summary_large_image\" \/>\n<meta name=\"twitter:label1\" content=\"Tempo di lettura stimato\" \/>\n\t<meta name=\"twitter:data1\" content=\"6 minuti\" \/>\n<script type=\"application\/ld+json\" class=\"yoast-schema-graph\">{\"@context\":\"https:\/\/schema.org\",\"@graph\":[{\"@type\":\"WebPage\",\"@id\":\"https:\/\/twind.io\/it\/permesso-di-lavoro\/\",\"url\":\"https:\/\/twind.io\/it\/permesso-di-lavoro\/\",\"name\":\"Twind \u2013 Gestione Digitalizzata dei Permessi di Lavoro\",\"isPartOf\":{\"@id\":\"https:\/\/twind.io\/it\/#website\"},\"primaryImageOfPage\":{\"@id\":\"https:\/\/twind.io\/it\/permesso-di-lavoro\/#primaryimage\"},\"image\":{\"@id\":\"https:\/\/twind.io\/it\/permesso-di-lavoro\/#primaryimage\"},\"thumbnailUrl\":\"https:\/\/twind.io\/it\/wp-content\/uploads\/2026\/03\/SuppMon_IT.png\",\"datePublished\":\"2026-03-23T16:36:38+00:00\",\"dateModified\":\"2026-03-30T12:48:43+00:00\",\"description\":\"Digitalizza i permessi di lavoro con Twind. Migliora sicurezza, tracciabilit\u00e0 e conformit\u00e0 nelle attivit\u00e0 ad alto rischio, riducendo tempi e gestione cartacea.\",\"breadcrumb\":{\"@id\":\"https:\/\/twind.io\/it\/permesso-di-lavoro\/#breadcrumb\"},\"inLanguage\":\"it-IT\",\"potentialAction\":[{\"@type\":\"ReadAction\",\"target\":[\"https:\/\/twind.io\/it\/permesso-di-lavoro\/\"]}]},{\"@type\":\"ImageObject\",\"inLanguage\":\"it-IT\",\"@id\":\"https:\/\/twind.io\/it\/permesso-di-lavoro\/#primaryimage\",\"url\":\"https:\/\/twind.io\/it\/wp-content\/uploads\/2026\/03\/SuppMon_IT.png\",\"contentUrl\":\"https:\/\/twind.io\/it\/wp-content\/uploads\/2026\/03\/SuppMon_IT.png\",\"width\":734,\"height\":663},{\"@type\":\"BreadcrumbList\",\"@id\":\"https:\/\/twind.io\/it\/permesso-di-lavoro\/#breadcrumb\",\"itemListElement\":[{\"@type\":\"ListItem\",\"position\":1,\"name\":\"Portada\",\"item\":\"https:\/\/twind.io\/it\/\"},{\"@type\":\"ListItem\",\"position\":2,\"name\":\"Permessi di lavoro\"}]},{\"@type\":\"WebSite\",\"@id\":\"https:\/\/twind.io\/it\/#website\",\"url\":\"https:\/\/twind.io\/it\/\",\"name\":\"Twind \u2013 Piattaforma per la Gestione di Appaltatori e Fornitori\",\"description\":\"Automatizza la gestione di appaltatori e fornitori con Twind. Semplifica tutta la documentazione con AI. Monitora accessi e conformit\u00e0 in tempo reale.\",\"publisher\":{\"@id\":\"https:\/\/twind.io\/it\/#organization\"},\"potentialAction\":[{\"@type\":\"SearchAction\",\"target\":{\"@type\":\"EntryPoint\",\"urlTemplate\":\"https:\/\/twind.io\/it\/?s={search_term_string}\"},\"query-input\":{\"@type\":\"PropertyValueSpecification\",\"valueRequired\":true,\"valueName\":\"search_term_string\"}}],\"inLanguage\":\"it-IT\"},{\"@type\":\"Organization\",\"@id\":\"https:\/\/twind.io\/it\/#organization\",\"name\":\"Twind \u2013 Piattaforma per la Gestione di Appaltatori e Fornitori\",\"url\":\"https:\/\/twind.io\/it\/\",\"logo\":{\"@type\":\"ImageObject\",\"inLanguage\":\"it-IT\",\"@id\":\"https:\/\/twind.io\/it\/#\/schema\/logo\/image\/\",\"url\":\"https:\/\/twind.io\/it\/wp-content\/uploads\/2023\/04\/Logo-Twind.svg\",\"contentUrl\":\"https:\/\/twind.io\/it\/wp-content\/uploads\/2023\/04\/Logo-Twind.svg\",\"width\":1,\"height\":1,\"caption\":\"Twind \u2013 Piattaforma per la Gestione di Appaltatori e Fornitori\"},\"image\":{\"@id\":\"https:\/\/twind.io\/it\/#\/schema\/logo\/image\/\"}}]}<\/script>\n<!-- \/ Yoast SEO plugin. -->","yoast_head_json":{"title":"Twind \u2013 Gestione Digitalizzata dei Permessi di Lavoro","description":"Digitalizza i permessi di lavoro con Twind. Migliora sicurezza, tracciabilit\u00e0 e conformit\u00e0 nelle attivit\u00e0 ad alto rischio, riducendo tempi e gestione cartacea.","robots":{"index":"index","follow":"follow","max-snippet":"max-snippet:-1","max-image-preview":"max-image-preview:large","max-video-preview":"max-video-preview:-1"},"canonical":"https:\/\/twind.io\/it\/permesso-di-lavoro\/","og_locale":"it_IT","og_type":"article","og_title":"Twind \u2013 Gestione Digitalizzata dei Permessi di Lavoro","og_description":"Digitalizza i permessi di lavoro con Twind. Migliora sicurezza, tracciabilit\u00e0 e conformit\u00e0 nelle attivit\u00e0 ad alto rischio, riducendo tempi e gestione cartacea.","og_url":"https:\/\/twind.io\/it\/permesso-di-lavoro\/","og_site_name":"Twind \u2013 Piattaforma per la Gestione di Appaltatori e Fornitori","article_modified_time":"2026-03-30T12:48:43+00:00","og_image":[{"url":"https:\/\/twind.io\/it\/wp-content\/uploads\/2026\/03\/SuppMon_IT.png","type":"","width":"","height":""}],"twitter_card":"summary_large_image","twitter_misc":{"Tempo di lettura stimato":"6 minuti"},"schema":{"@context":"https:\/\/schema.org","@graph":[{"@type":"WebPage","@id":"https:\/\/twind.io\/it\/permesso-di-lavoro\/","url":"https:\/\/twind.io\/it\/permesso-di-lavoro\/","name":"Twind \u2013 Gestione Digitalizzata dei Permessi di Lavoro","isPartOf":{"@id":"https:\/\/twind.io\/it\/#website"},"primaryImageOfPage":{"@id":"https:\/\/twind.io\/it\/permesso-di-lavoro\/#primaryimage"},"image":{"@id":"https:\/\/twind.io\/it\/permesso-di-lavoro\/#primaryimage"},"thumbnailUrl":"https:\/\/twind.io\/it\/wp-content\/uploads\/2026\/03\/SuppMon_IT.png","datePublished":"2026-03-23T16:36:38+00:00","dateModified":"2026-03-30T12:48:43+00:00","description":"Digitalizza i permessi di lavoro con Twind. Migliora sicurezza, tracciabilit\u00e0 e conformit\u00e0 nelle attivit\u00e0 ad alto rischio, riducendo tempi e gestione cartacea.","breadcrumb":{"@id":"https:\/\/twind.io\/it\/permesso-di-lavoro\/#breadcrumb"},"inLanguage":"it-IT","potentialAction":[{"@type":"ReadAction","target":["https:\/\/twind.io\/it\/permesso-di-lavoro\/"]}]},{"@type":"ImageObject","inLanguage":"it-IT","@id":"https:\/\/twind.io\/it\/permesso-di-lavoro\/#primaryimage","url":"https:\/\/twind.io\/it\/wp-content\/uploads\/2026\/03\/SuppMon_IT.png","contentUrl":"https:\/\/twind.io\/it\/wp-content\/uploads\/2026\/03\/SuppMon_IT.png","width":734,"height":663},{"@type":"BreadcrumbList","@id":"https:\/\/twind.io\/it\/permesso-di-lavoro\/#breadcrumb","itemListElement":[{"@type":"ListItem","position":1,"name":"Portada","item":"https:\/\/twind.io\/it\/"},{"@type":"ListItem","position":2,"name":"Permessi di lavoro"}]},{"@type":"WebSite","@id":"https:\/\/twind.io\/it\/#website","url":"https:\/\/twind.io\/it\/","name":"Twind \u2013 Piattaforma per la Gestione di Appaltatori e Fornitori","description":"Automatizza la gestione di appaltatori e fornitori con Twind. Semplifica tutta la documentazione con AI. Monitora accessi e conformit\u00e0 in tempo reale.","publisher":{"@id":"https:\/\/twind.io\/it\/#organization"},"potentialAction":[{"@type":"SearchAction","target":{"@type":"EntryPoint","urlTemplate":"https:\/\/twind.io\/it\/?s={search_term_string}"},"query-input":{"@type":"PropertyValueSpecification","valueRequired":true,"valueName":"search_term_string"}}],"inLanguage":"it-IT"},{"@type":"Organization","@id":"https:\/\/twind.io\/it\/#organization","name":"Twind \u2013 Piattaforma per la Gestione di Appaltatori e Fornitori","url":"https:\/\/twind.io\/it\/","logo":{"@type":"ImageObject","inLanguage":"it-IT","@id":"https:\/\/twind.io\/it\/#\/schema\/logo\/image\/","url":"https:\/\/twind.io\/it\/wp-content\/uploads\/2023\/04\/Logo-Twind.svg","contentUrl":"https:\/\/twind.io\/it\/wp-content\/uploads\/2023\/04\/Logo-Twind.svg","width":1,"height":1,"caption":"Twind \u2013 Piattaforma per la Gestione di Appaltatori e Fornitori"},"image":{"@id":"https:\/\/twind.io\/it\/#\/schema\/logo\/image\/"}}]}},"_links":{"self":[{"href":"https:\/\/twind.io\/it\/wp-json\/wp\/v2\/pages\/5320","targetHints":{"allow":["GET"]}}],"collection":[{"href":"https:\/\/twind.io\/it\/wp-json\/wp\/v2\/pages"}],"about":[{"href":"https:\/\/twind.io\/it\/wp-json\/wp\/v2\/types\/page"}],"author":[{"embeddable":true,"href":"https:\/\/twind.io\/it\/wp-json\/wp\/v2\/users\/1"}],"replies":[{"embeddable":true,"href":"https:\/\/twind.io\/it\/wp-json\/wp\/v2\/comments?post=5320"}],"version-history":[{"count":13,"href":"https:\/\/twind.io\/it\/wp-json\/wp\/v2\/pages\/5320\/revisions"}],"predecessor-version":[{"id":5375,"href":"https:\/\/twind.io\/it\/wp-json\/wp\/v2\/pages\/5320\/revisions\/5375"}],"wp:attachment":[{"href":"https:\/\/twind.io\/it\/wp-json\/wp\/v2\/media?parent=5320"}],"curies":[{"name":"wp","href":"https:\/\/api.w.org\/{rel}","templated":true}]}}