{"id":5383,"date":"2026-04-06T10:49:00","date_gmt":"2026-04-06T10:49:00","guid":{"rendered":"https:\/\/twind.io\/it\/?page_id=5383"},"modified":"2026-04-06T10:49:00","modified_gmt":"2026-04-06T10:49:00","slug":"webinar-duvri-negli-appalti-quando-e-obbligatorio-e-come-gestirlo-in-pratica","status":"publish","type":"page","link":"https:\/\/twind.io\/it\/webinar-duvri-negli-appalti-quando-e-obbligatorio-e-come-gestirlo-in-pratica\/","title":{"rendered":"Webinar | DUVRI negli appalti: quando \u00e8 obbligatorio e come gestirlo in pratica"},"content":{"rendered":"<p><span style=\"\"><img decoding=\"async\" alt=\"\" data-id=\"3735\" width=\"191\" data-init-width=\"750\" height=\"49\" data-init-height=\"92\" title=\"Logo-Twind\" src=\"https:\/\/twind.io\/it\/wp-content\/uploads\/2025\/09\/Logo-Twind.svg\" data-width=\"191\" data-height=\"49\" style=\"aspect-ratio: auto 750 \/ 92;\" mt-d=\"0\" ml-d=\"-2\" center-v-d=\"false\" center-h-d=\"true\" loading=\"lazy\"><\/span><\/p>\n<p style=\"\">Webinar gratuito<\/p>\n<p style=\"text-align: left;\"><span><span data-contrast=\"auto\" lang=\"ES-ES\"><b><span style=\"--tcb-applied-color: var$(--tcb-color-4) !important; color: var(--tcb-color-4) !important;\">DUVRI negli appalti: <\/span><span style=\"--tcb-applied-color: rgb(26, 48, 55) !important; color: rgb(26, 48, 55) !important;\">quando \u00e8 obbligatorio e come gestirlo in pratica<\/span><\/b><\/span><\/span><\/p>\n<p><span style=\"\"><a href=\"https:\/\/twind.io\/it\/wp-content\/uploads\/2026\/02\/calendar-1.svg\" target=\"_blank\" rel=\"nofollow\"><img decoding=\"async\" alt=\"\" data-id=\"38084\" title=\"calendar (1)\" src=\"https:\/\/twind.io\/it\/wp-content\/uploads\/2026\/02\/calendar-1.svg\" data-link-wrap=\"true\" data-width=\"33\" data-height=\"33\" style=\"aspect-ratio: auto 33 \/ 33;\" mt-d=\"0\" ml-d=\"0\" height=\"33\" width=\"33\" data-init-width=\"33\" data-init-height=\"33\" loading=\"lazy\"><\/a><\/span><\/p>\n<p style=\"\"><span style=\"font-weight: normal;\">Venerd\u00ec 8 maggio 2026<\/span><\/p>\n<p style=\"text-align: left;\"><span style=\"font-weight: normal;\">Ore 12:00<\/span><\/p>\n<p><span style=\"\"><img decoding=\"async\" alt=\"\" data-id=\"5251\" width=\"257\" data-init-width=\"677\" height=\"283\" data-init-height=\"745\" title=\"webinar-quicktwind\" src=\"https:\/\/twind.io\/it\/wp-content\/uploads\/2026\/03\/webinar-quicktwind.png\" data-width=\"257\" data-height=\"283\" style=\"aspect-ratio: auto 677 \/ 745;\" ml-m=\"-0.859375\" mt-m=\"0\" loading=\"lazy\"><\/span><\/p>\n<p>Scopri quando scatta davvero l\u2019obbligo del DUVRI e come gestire in modo pi\u00f9 pratico verifiche, interferenze e coordinamento prima dell\u2019inizio lavori.<\/p>\n<p><\/p>\n<p>In molti casi il DUVRI viene visto come un semplice adempimento formale. In realt\u00e0, la vera sfida \u00e8 trasformarlo in uno strumento utile per prevenire criticit\u00e0, raccogliere le informazioni corrette e coordinarsi in modo efficace con i propri appaltatori.<\/p>\n<p style=\"\"><span><strong><span>Il DUVRI spiegato bene, ma soprattutto applicato meglio<\/span><\/strong><\/span><\/p>\n<p style=\"\"><span style=\"font-family: Poppins; font-weight: 400;\">In questo webina<\/span><span style=\"font-family: Poppins;\">r, Francesco Magnano \u2013 con<\/span><span style=\"font-family: Poppins; font-weight: 400;\">sulente e formatore in Sicurezza sul Lavoro \u2013 porter\u00e0 il tema DUVRI su un piano concreto e applicabile, con esempi reali, domande utili e focus sulla gestione operativa dei rischi da interferenza.<\/span><\/p>\n<p style=\"\"><span style=\"font-family: Poppins; font-weight: 400;\"><\/span><\/p>\n<p style=\"\"><span style=\"font-weight: 400;\"><span style=\"font-family: Poppins;\">Perch\u00e9 nella gestione degli appalti il problema non \u00e8 solo sapere che il DUVRI esiste, ma capire quando serve davvero e come usarlo in modo utile.<\/span><\/span><\/p>\n<p style=\"\"><strong> <\/strong><\/p>\n<p style=\"\"><span style=\"\"><strong><span style=\"\">In questo webinar di 1 ora impareremo<\/span><\/strong><\/span><\/p>\n<ul>\n<li style=\"\"><span><span><strong><span style=\"--tcb-applied-color: rgb(26, 48, 55) !important; color: rgb(26, 48, 55) !important;\">Quando scatta l\u2019obbligo del DUVRI<\/span><\/strong><span style=\"--tcb-applied-color: rgb(26, 48, 55) !important; color: rgb(26, 48, 55) !important;\"><br \/>Chiariremo in quali casi e in quale momento il DUVRI \u00e8 davvero necessario.<\/span><br \/><\/span><\/span><\/li>\n<li style=\"\"><span><span><strong>Verifica dei requisiti tecnico-professionali<\/strong><br \/>Vedremo quali controlli di idoneit\u00e0 fare prima dell\u2019avvio lavori, con esempi pratici di modulistica e verifiche documentali.<\/span><\/span><\/li>\n<li style=\"\"><span><span><strong>Dalla teoria alla pratica: come gestire un\u2019interferenza<\/strong><br \/>Analizzeremo come riconoscere un\u2019interferenza, valutarla e gestirla in modo concreto.<\/span><\/span><\/li>\n<li style=\"\"><span><span><strong>I rischi del committente e dell\u2019appaltatore da condividere<br \/><\/strong>Approfondiremo quali informazioni devono essere scambiate tra le parti per lavorare in sicurezza ed evitare criticit\u00e0 operative.<\/span><\/span><\/li>\n<li style=\"\"><span><span><strong>Il verbale di cooperazione e coordinamento<\/strong><br \/>Chiuderemo con la formalizzazione: cosa deve contenere, quando usarlo e come renderlo uno strumento realmente utile.<\/span><\/span><\/li>\n<li style=\"\"><span><strong>Sessione Q&amp;A<br \/><\/strong>Spazio finale per rispondere alle domande pi\u00f9 frequenti dei partecipanti.<\/span><\/li>\n<\/ul>\n<p style=\"\"><span style=\"\"><strong><span style=\"\">Lo speaker<\/span><\/strong><\/span><\/p>\n<p style=\"color: rgb(26, 48, 55) !important; --tcb-applied-color: rgb(26, 48, 55) !important;\"><span style=\"--tcb-applied-color: rgb(26, 48, 55) !important;\">Francesco Magnano \u00e8 consulente HSE e RSPP esterno, formatore in Sicurezza sul Lavoro con oltre 10 anni di esperienza. Ingegnere dei sistemi e dei processi edilizi, unisce operativit\u00e0 sul campo e gestione: valutazione dei rischi, piani di emergenza, formazione e governance documentale.&nbsp;<\/span><span style=\"--tcb-applied-color: rgb(26, 48, 55) !important;\">Collabora con PMI, grandi imprese e studi di consulenza nei settori manifatturiero, cantieristica edile, nautico, automotive, scolastico e offshore. Per lui la sicurezza sul lavoro \u00e8 una vera e propria missione personale: ogni giorno lavora per contribuire a un cambiamento concreto nella cultura della sicurezza.<\/span><\/p>\n<p style=\"\"><span style=\"\"><strong><span style=\"\">A chi \u00e8 rivolto il webinar<br \/><\/span><\/strong><\/span><\/p>\n<p style=\"color: rgb(26, 48, 55) !important; --tcb-applied-color: rgb(26, 48, 55) !important;\"><span style=\"--tcb-applied-color: rgb(26, 48, 55) !important;\">Il webinar \u00e8 pensato per professionisti e aziende che gestiscono appalti e attivit\u00e0 in compresenza. Si rivolge in particolare a HSE Manager, RSPP, ASPP, tecnici della sicurezza, responsabili di stabilimento, responsabili manutenzione e, pi\u00f9 in generale, a tutte le figure coinvolte nella gestione operativa delle imprese esterne.<br \/><\/span><\/p>\n<p style=\"\"><a href=\"#tve-jump-19c47255b14\" style=\"outline: none;\" spellcheck=\"false\" jump-animation=\"smooth\"><\/a><span style=\"font-size: 16px !important;\">Compila il form per riservare il tuo posto e ricevere tutti i dettagli per partecipare a questo webinar, pensato per offrire un approccio pratico alla gestione del DUVRI.<\/span><\/p>\n<p style=\"text-align: center;\"><span data-ccp-props=\"{&quot;201341983&quot;:0,&quot;335559739&quot;:160,&quot;335559740&quot;:259}\" style=\"\"><strong><strong>Presentano<\/strong><\/strong><\/span><\/p>\n<p><span style=\"\"><img decoding=\"async\" alt=\"Francesco Magnano\" data-id=\"4817\" width=\"105\" data-init-width=\"349\" height=\"105\" data-init-height=\"349\" title=\"Francesco Magnano\" src=\"https:\/\/twind.io\/it\/wp-content\/uploads\/2026\/02\/Group-617.png\" data-width=\"105\" data-height=\"105\" style=\"aspect-ratio: auto 349 \/ 349;\" mt-d=\"0\" ml-d=\"0\" center-v-d=\"false\" mt-t=\"-7.391000000000005\" ml-t=\"0\" center-h-d=\"false\" mt-m=\"-1.1089999999999947\" ml-m=\"0\" loading=\"lazy\"><\/span><\/p>\n<p style=\"text-align: left;\"><span data-ccp-props=\"{&quot;201341983&quot;:0,&quot;335559739&quot;:160,&quot;335559740&quot;:259}\"><strong><span style=\"--tcb-applied-color: var$(--tcb-skin-color-0) !important; color: var(--tcb-skin-color-0) !important; font-size: 16px !important;\">Francesco Magnano<\/span><\/strong><\/span><\/p>\n<p><span data-ccp-props=\"{&quot;201341983&quot;:0,&quot;335559739&quot;:160,&quot;335559740&quot;:259}\"><span data-contrast=\"auto\" lang=\"PT-PT\">Consulente e Formatore in SSL<\/span><\/span><\/p>\n<p><span style=\"\"><img decoding=\"async\" alt=\"Stefano Cavazzini\" data-id=\"4818\" width=\"106\" data-init-width=\"349\" height=\"106\" data-init-height=\"349\" title=\"Stefano Cavazzini\" src=\"https:\/\/twind.io\/it\/wp-content\/uploads\/2026\/02\/Group-617-1.png\" data-width=\"106\" data-height=\"106\" style=\"aspect-ratio: auto 349 \/ 349;\" mt-d=\"0\" ml-d=\"0\" center-v-d=\"false\" mt-t=\"-7.391000000000005\" ml-t=\"0\" center-h-d=\"false\" mt-m=\"0\" ml-m=\"-7.90625\" loading=\"lazy\"><\/span><\/p>\n<p style=\"text-align: left;\"><span data-ccp-props=\"{&quot;201341983&quot;:0,&quot;335559739&quot;:160,&quot;335559740&quot;:259}\"><strong><span style=\"--tcb-applied-color: var$(--tcb-skin-color-0) !important; color: var(--tcb-skin-color-0) !important; font-size: 16px !important;\">Stefano Cavazzini<\/span><\/strong><\/span><\/p>\n<p style=\"text-align: left;\"><span data-ccp-props=\"{&quot;201341983&quot;:0,&quot;335559739&quot;:160,&quot;335559740&quot;:259}\"><span data-contrast=\"auto\" lang=\"PT-PT\">Account Executive<\/span><\/span><\/p>\n<p style=\"text-align: left;\"><span style=\"font-weight: normal;\">Twind<\/span><\/p>\n<p style=\"text-align: center;\"><span><span>Accesso gratuito e registrazione on demand<\/span><\/span><\/p>\n\n\t\t\t\t\t\t<script>\n\t\t\t\t\t\t\twindow.hsFormsOnReady = window.hsFormsOnReady || [];\n\t\t\t\t\t\t\twindow.hsFormsOnReady.push(()=>{\n\t\t\t\t\t\t\t\thbspt.forms.create({\n\t\t\t\t\t\t\t\t\tportalId: 146424663,\n\t\t\t\t\t\t\t\t\tformId: \"13197e2d-d763-4f80-8b2c-2709f976e510\",\n\t\t\t\t\t\t\t\t\ttarget: \"#hbspt-form-1776425324000-5277490874\",\n\t\t\t\t\t\t\t\t\tregion: \"eu1\",\n\t\t\t\t\t\t\t\t\t\n\t\t\t\t\t\t\t})});\n\t\t\t\t\t\t<\/script>\n\t\t\t\t\t\t<div class=\"hbspt-form\" id=\"hbspt-form-1776425324000-5277490874\"><\/div>\n<h3 style=\"text-align: center;\"><\/h3>\n","protected":false},"excerpt":{"rendered":"<p>Webinar gratuito DUVRI negli appalti: quando \u00e8 obbligatorio e come gestirlo in pratica Venerd\u00ec 8 maggio 2026 Ore 12:00 Scopri quando scatta davvero l\u2019obbligo del DUVRI e come gestire in modo pi\u00f9 pratico verifiche, interferenze e coordinamento prima dell\u2019inizio lavori. In molti casi il DUVRI viene visto come un semplice adempimento formale. In realt\u00e0, la [&hellip;]<\/p>\n","protected":false},"author":1,"featured_media":0,"parent":0,"menu_order":0,"comment_status":"closed","ping_status":"closed","template":"","meta":{"content-type":"","footnotes":""},"class_list":["post-5383","page","type-page","status-publish","hentry","post-wrapper","thrv_wrapper"],"yoast_head":"<!-- This site is optimized with the Yoast SEO plugin v27.2 - https:\/\/yoast.com\/product\/yoast-seo-wordpress\/ -->\n<title>Webinar | DUVRI negli appalti: quando \u00e8 obbligatorio e come gestirlo in pratica<\/title>\n<meta name=\"description\" content=\"Webinar pratico sul DUVRI negli appalti per capire quando serve, cosa verificare prima dei lavori e come coordinare le attivit\u00e0. Iscriviti ora!\" \/>\n<meta name=\"robots\" content=\"index, follow, max-snippet:-1, max-image-preview:large, max-video-preview:-1\" \/>\n<link rel=\"canonical\" href=\"https:\/\/twind.io\/it\/webinar-duvri-negli-appalti-quando-e-obbligatorio-e-come-gestirlo-in-pratica\/\" \/>\n<meta property=\"og:locale\" content=\"it_IT\" \/>\n<meta property=\"og:type\" content=\"article\" \/>\n<meta property=\"og:title\" content=\"Webinar | DUVRI negli appalti: quando \u00e8 obbligatorio e come gestirlo in pratica\" \/>\n<meta property=\"og:description\" content=\"Webinar pratico sul DUVRI negli appalti per capire quando serve, cosa verificare prima dei lavori e come coordinare le attivit\u00e0. Iscriviti ora!\" \/>\n<meta property=\"og:url\" content=\"https:\/\/twind.io\/it\/webinar-duvri-negli-appalti-quando-e-obbligatorio-e-come-gestirlo-in-pratica\/\" \/>\n<meta property=\"og:site_name\" content=\"Twind \u2013 Piattaforma per la Gestione di Appaltatori e Fornitori\" \/>\n<meta property=\"og:image\" content=\"https:\/\/twind.io\/it\/wp-content\/uploads\/2025\/09\/Logo-Twind.svg\" \/>\n<meta name=\"twitter:card\" content=\"summary_large_image\" \/>\n<meta name=\"twitter:label1\" content=\"Tempo di lettura stimato\" \/>\n\t<meta name=\"twitter:data1\" content=\"4 minuti\" \/>\n<script type=\"application\/ld+json\" class=\"yoast-schema-graph\">{\"@context\":\"https:\/\/schema.org\",\"@graph\":[{\"@type\":\"WebPage\",\"@id\":\"https:\/\/twind.io\/it\/webinar-duvri-negli-appalti-quando-e-obbligatorio-e-come-gestirlo-in-pratica\/\",\"url\":\"https:\/\/twind.io\/it\/webinar-duvri-negli-appalti-quando-e-obbligatorio-e-come-gestirlo-in-pratica\/\",\"name\":\"Webinar | DUVRI negli appalti: quando \u00e8 obbligatorio e come gestirlo in pratica\",\"isPartOf\":{\"@id\":\"https:\/\/twind.io\/it\/#website\"},\"primaryImageOfPage\":{\"@id\":\"https:\/\/twind.io\/it\/webinar-duvri-negli-appalti-quando-e-obbligatorio-e-come-gestirlo-in-pratica\/#primaryimage\"},\"image\":{\"@id\":\"https:\/\/twind.io\/it\/webinar-duvri-negli-appalti-quando-e-obbligatorio-e-come-gestirlo-in-pratica\/#primaryimage\"},\"thumbnailUrl\":\"https:\/\/twind.io\/it\/wp-content\/uploads\/2025\/09\/Logo-Twind.svg\",\"datePublished\":\"2026-04-06T10:49:00+00:00\",\"description\":\"Webinar pratico sul DUVRI negli appalti per capire quando serve, cosa verificare prima dei lavori e come coordinare le attivit\u00e0. Iscriviti ora!\",\"breadcrumb\":{\"@id\":\"https:\/\/twind.io\/it\/webinar-duvri-negli-appalti-quando-e-obbligatorio-e-come-gestirlo-in-pratica\/#breadcrumb\"},\"inLanguage\":\"it-IT\",\"potentialAction\":[{\"@type\":\"ReadAction\",\"target\":[\"https:\/\/twind.io\/it\/webinar-duvri-negli-appalti-quando-e-obbligatorio-e-come-gestirlo-in-pratica\/\"]}]},{\"@type\":\"ImageObject\",\"inLanguage\":\"it-IT\",\"@id\":\"https:\/\/twind.io\/it\/webinar-duvri-negli-appalti-quando-e-obbligatorio-e-come-gestirlo-in-pratica\/#primaryimage\",\"url\":\"https:\/\/twind.io\/it\/wp-content\/uploads\/2025\/09\/Logo-Twind.svg\",\"contentUrl\":\"https:\/\/twind.io\/it\/wp-content\/uploads\/2025\/09\/Logo-Twind.svg\"},{\"@type\":\"BreadcrumbList\",\"@id\":\"https:\/\/twind.io\/it\/webinar-duvri-negli-appalti-quando-e-obbligatorio-e-come-gestirlo-in-pratica\/#breadcrumb\",\"itemListElement\":[{\"@type\":\"ListItem\",\"position\":1,\"name\":\"Portada\",\"item\":\"https:\/\/twind.io\/it\/\"},{\"@type\":\"ListItem\",\"position\":2,\"name\":\"Webinar | DUVRI negli appalti: quando \u00e8 obbligatorio e come gestirlo in pratica\"}]},{\"@type\":\"WebSite\",\"@id\":\"https:\/\/twind.io\/it\/#website\",\"url\":\"https:\/\/twind.io\/it\/\",\"name\":\"Twind \u2013 Piattaforma per la Gestione di Appaltatori e Fornitori\",\"description\":\"Automatizza la gestione di appaltatori e fornitori con Twind. Semplifica tutta la documentazione con AI. Monitora accessi e conformit\u00e0 in tempo reale.\",\"publisher\":{\"@id\":\"https:\/\/twind.io\/it\/#organization\"},\"potentialAction\":[{\"@type\":\"SearchAction\",\"target\":{\"@type\":\"EntryPoint\",\"urlTemplate\":\"https:\/\/twind.io\/it\/?s={search_term_string}\"},\"query-input\":{\"@type\":\"PropertyValueSpecification\",\"valueRequired\":true,\"valueName\":\"search_term_string\"}}],\"inLanguage\":\"it-IT\"},{\"@type\":\"Organization\",\"@id\":\"https:\/\/twind.io\/it\/#organization\",\"name\":\"Twind \u2013 Piattaforma per la Gestione di Appaltatori e Fornitori\",\"url\":\"https:\/\/twind.io\/it\/\",\"logo\":{\"@type\":\"ImageObject\",\"inLanguage\":\"it-IT\",\"@id\":\"https:\/\/twind.io\/it\/#\/schema\/logo\/image\/\",\"url\":\"https:\/\/twind.io\/it\/wp-content\/uploads\/2023\/04\/Logo-Twind.svg\",\"contentUrl\":\"https:\/\/twind.io\/it\/wp-content\/uploads\/2023\/04\/Logo-Twind.svg\",\"width\":1,\"height\":1,\"caption\":\"Twind \u2013 Piattaforma per la Gestione di Appaltatori e Fornitori\"},\"image\":{\"@id\":\"https:\/\/twind.io\/it\/#\/schema\/logo\/image\/\"}}]}<\/script>\n<!-- \/ Yoast SEO plugin. -->","yoast_head_json":{"title":"Webinar | DUVRI negli appalti: quando \u00e8 obbligatorio e come gestirlo in pratica","description":"Webinar pratico sul DUVRI negli appalti per capire quando serve, cosa verificare prima dei lavori e come coordinare le attivit\u00e0. Iscriviti ora!","robots":{"index":"index","follow":"follow","max-snippet":"max-snippet:-1","max-image-preview":"max-image-preview:large","max-video-preview":"max-video-preview:-1"},"canonical":"https:\/\/twind.io\/it\/webinar-duvri-negli-appalti-quando-e-obbligatorio-e-come-gestirlo-in-pratica\/","og_locale":"it_IT","og_type":"article","og_title":"Webinar | DUVRI negli appalti: quando \u00e8 obbligatorio e come gestirlo in pratica","og_description":"Webinar pratico sul DUVRI negli appalti per capire quando serve, cosa verificare prima dei lavori e come coordinare le attivit\u00e0. Iscriviti ora!","og_url":"https:\/\/twind.io\/it\/webinar-duvri-negli-appalti-quando-e-obbligatorio-e-come-gestirlo-in-pratica\/","og_site_name":"Twind \u2013 Piattaforma per la Gestione di Appaltatori e Fornitori","og_image":[{"url":"https:\/\/twind.io\/it\/wp-content\/uploads\/2025\/09\/Logo-Twind.svg","type":"","width":"","height":""}],"twitter_card":"summary_large_image","twitter_misc":{"Tempo di lettura stimato":"4 minuti"},"schema":{"@context":"https:\/\/schema.org","@graph":[{"@type":"WebPage","@id":"https:\/\/twind.io\/it\/webinar-duvri-negli-appalti-quando-e-obbligatorio-e-come-gestirlo-in-pratica\/","url":"https:\/\/twind.io\/it\/webinar-duvri-negli-appalti-quando-e-obbligatorio-e-come-gestirlo-in-pratica\/","name":"Webinar | DUVRI negli appalti: quando \u00e8 obbligatorio e come gestirlo in pratica","isPartOf":{"@id":"https:\/\/twind.io\/it\/#website"},"primaryImageOfPage":{"@id":"https:\/\/twind.io\/it\/webinar-duvri-negli-appalti-quando-e-obbligatorio-e-come-gestirlo-in-pratica\/#primaryimage"},"image":{"@id":"https:\/\/twind.io\/it\/webinar-duvri-negli-appalti-quando-e-obbligatorio-e-come-gestirlo-in-pratica\/#primaryimage"},"thumbnailUrl":"https:\/\/twind.io\/it\/wp-content\/uploads\/2025\/09\/Logo-Twind.svg","datePublished":"2026-04-06T10:49:00+00:00","description":"Webinar pratico sul DUVRI negli appalti per capire quando serve, cosa verificare prima dei lavori e come coordinare le attivit\u00e0. Iscriviti ora!","breadcrumb":{"@id":"https:\/\/twind.io\/it\/webinar-duvri-negli-appalti-quando-e-obbligatorio-e-come-gestirlo-in-pratica\/#breadcrumb"},"inLanguage":"it-IT","potentialAction":[{"@type":"ReadAction","target":["https:\/\/twind.io\/it\/webinar-duvri-negli-appalti-quando-e-obbligatorio-e-come-gestirlo-in-pratica\/"]}]},{"@type":"ImageObject","inLanguage":"it-IT","@id":"https:\/\/twind.io\/it\/webinar-duvri-negli-appalti-quando-e-obbligatorio-e-come-gestirlo-in-pratica\/#primaryimage","url":"https:\/\/twind.io\/it\/wp-content\/uploads\/2025\/09\/Logo-Twind.svg","contentUrl":"https:\/\/twind.io\/it\/wp-content\/uploads\/2025\/09\/Logo-Twind.svg"},{"@type":"BreadcrumbList","@id":"https:\/\/twind.io\/it\/webinar-duvri-negli-appalti-quando-e-obbligatorio-e-come-gestirlo-in-pratica\/#breadcrumb","itemListElement":[{"@type":"ListItem","position":1,"name":"Portada","item":"https:\/\/twind.io\/it\/"},{"@type":"ListItem","position":2,"name":"Webinar | DUVRI negli appalti: quando \u00e8 obbligatorio e come gestirlo in pratica"}]},{"@type":"WebSite","@id":"https:\/\/twind.io\/it\/#website","url":"https:\/\/twind.io\/it\/","name":"Twind \u2013 Piattaforma per la Gestione di Appaltatori e Fornitori","description":"Automatizza la gestione di appaltatori e fornitori con Twind. Semplifica tutta la documentazione con AI. Monitora accessi e conformit\u00e0 in tempo reale.","publisher":{"@id":"https:\/\/twind.io\/it\/#organization"},"potentialAction":[{"@type":"SearchAction","target":{"@type":"EntryPoint","urlTemplate":"https:\/\/twind.io\/it\/?s={search_term_string}"},"query-input":{"@type":"PropertyValueSpecification","valueRequired":true,"valueName":"search_term_string"}}],"inLanguage":"it-IT"},{"@type":"Organization","@id":"https:\/\/twind.io\/it\/#organization","name":"Twind \u2013 Piattaforma per la Gestione di Appaltatori e Fornitori","url":"https:\/\/twind.io\/it\/","logo":{"@type":"ImageObject","inLanguage":"it-IT","@id":"https:\/\/twind.io\/it\/#\/schema\/logo\/image\/","url":"https:\/\/twind.io\/it\/wp-content\/uploads\/2023\/04\/Logo-Twind.svg","contentUrl":"https:\/\/twind.io\/it\/wp-content\/uploads\/2023\/04\/Logo-Twind.svg","width":1,"height":1,"caption":"Twind \u2013 Piattaforma per la Gestione di Appaltatori e Fornitori"},"image":{"@id":"https:\/\/twind.io\/it\/#\/schema\/logo\/image\/"}}]}},"_links":{"self":[{"href":"https:\/\/twind.io\/it\/wp-json\/wp\/v2\/pages\/5383","targetHints":{"allow":["GET"]}}],"collection":[{"href":"https:\/\/twind.io\/it\/wp-json\/wp\/v2\/pages"}],"about":[{"href":"https:\/\/twind.io\/it\/wp-json\/wp\/v2\/types\/page"}],"author":[{"embeddable":true,"href":"https:\/\/twind.io\/it\/wp-json\/wp\/v2\/users\/1"}],"replies":[{"embeddable":true,"href":"https:\/\/twind.io\/it\/wp-json\/wp\/v2\/comments?post=5383"}],"version-history":[{"count":15,"href":"https:\/\/twind.io\/it\/wp-json\/wp\/v2\/pages\/5383\/revisions"}],"predecessor-version":[{"id":5400,"href":"https:\/\/twind.io\/it\/wp-json\/wp\/v2\/pages\/5383\/revisions\/5400"}],"wp:attachment":[{"href":"https:\/\/twind.io\/it\/wp-json\/wp\/v2\/media?parent=5383"}],"curies":[{"name":"wp","href":"https:\/\/api.w.org\/{rel}","templated":true}]}}