{"id":5480,"date":"2026-04-20T07:50:52","date_gmt":"2026-04-20T07:50:52","guid":{"rendered":"https:\/\/twind.io\/it\/?page_id=5480"},"modified":"2026-04-22T10:55:48","modified_gmt":"2026-04-22T10:55:48","slug":"checklist-iso-45001-online","status":"publish","type":"page","link":"https:\/\/twind.io\/it\/checklist-iso-45001-online\/","title":{"rendered":"Landing Checklist ISO 45001"},"content":{"rendered":"<p><a data-id-d=\"0\" data-img-style=\"width: 100%;\" data-remove-href=\"1\"><img decoding=\"async\" src=\"https:\/\/twind.io\/it\/wp-content\/uploads\/2025\/07\/Logo-Twind.svg\" height=\"0\" width=\"0\" alt=\"Logo Twind\" style=\"width: 100%;\" loading=\"lazy\"><\/img><\/a><strong>Strumento Interattivo Gratuito&nbsp;<\/strong>\u00b7&nbsp;<strong>UNI EN ISO 45001:2023<\/strong><\/p>\n<h1 style=\"text-align: center;\"><span style=\"--tcb-applied-color: var$(--tcb-color-4) !important; color: var(--tcb-color-4) !important;\">Checklist ISO 45001 Online<\/span><\/h1>\n<h2 style=\"text-align: center; color: rgb(26, 48, 55) !important; --tcb-applied-color: rgb(26, 48, 55) !important;\"><span style=\"--tcb-applied-color: rgb(26, 48, 55) !important;\">Controlla il tuo Sistema di Gestione Salute e Sicurezza sul Lavoro<\/span><\/h2>\n<p style=\"text-align: center; color: rgb(26, 48, 55) !important; --tcb-applied-color: rgb(26, 48, 55) !important;\"><span>Questa <strong>checklist gratis<\/strong> ti guida attraverso i requisiti della UNI EN ISO 45001:2023, suddivisi per sezioni, con riferimenti normativi al D.Lgs. 81\/08. Identifica i gap del tuo SGSSL e definisci le priorit\u00e0 di intervento in pochi minuti.<\/span><\/p>\n<h2 style=\"text-align: center;\"><strong><span>Scopri la Checklist Gratuita<\/span><\/strong><\/h2>\n<p><span style=\"\"><img decoding=\"async\" alt=\"Checklist ISO 45001 Gratis Online\" data-id=\"5506\" width=\"496\" data-init-width=\"800\" height=\"350\" data-init-height=\"564\" title=\"Mockup Horizontal-3-2\" src=\"https:\/\/twind.io\/it\/wp-content\/uploads\/2026\/04\/Mockup-Horizontal-3-2.png\" data-width=\"496\" data-height=\"350\" style=\"aspect-ratio: auto 800 \/ 564;\" ml-d=\"0\" mt-d=\"0\" center-h-d=\"false\" loading=\"lazy\"><\/span><\/p>\n<p style=\"text-align: center;\"><strong><strong>Semplice e pratica, con filtri e note<\/strong><\/strong><\/p>\n<p style=\"text-align: center;\"><strong><strong>Controlla le 8 sezioni fondamentali<\/strong><\/strong><\/p>\n<p><!--! Font Awesome Free 6.7.1 by @fontawesome - https:\/\/fontawesome.com License - https:\/\/fontawesome.com\/license\/free (Icons: CC BY 4.0, Fonts: SIL OFL 1.1, Code: MIT License) Copyright 2024 Fonticons, Inc. --><\/p>\n<p style=\"text-align: center;\"><strong><strong>Compila online, scarica in PDF<\/strong><\/strong><\/p>\n<p style=\"text-align: left; color: rgb(26, 48, 55) !important; --tcb-applied-color: rgb(26, 48, 55) !important;\"><strong>Accedi subito alla Checklist ISO 45001<\/strong><\/p>\n\n\t\t\t\t\t\t<script>\n\t\t\t\t\t\t\twindow.hsFormsOnReady = window.hsFormsOnReady || [];\n\t\t\t\t\t\t\twindow.hsFormsOnReady.push(()=>{\n\t\t\t\t\t\t\t\thbspt.forms.create({\n\t\t\t\t\t\t\t\t\tportalId: 146424663,\n\t\t\t\t\t\t\t\t\tformId: \"183ba647-7532-40f7-b4ca-77625db6e3d6\",\n\t\t\t\t\t\t\t\t\ttarget: \"#hbspt-form-1778172523000-2676475159\",\n\t\t\t\t\t\t\t\t\tregion: \"eu1\",\n\t\t\t\t\t\t\t\t\t\n\t\t\t\t\t\t\t})});\n\t\t\t\t\t\t<\/script>\n\t\t\t\t\t\t<div class=\"hbspt-form\" id=\"hbspt-form-1778172523000-2676475159\"><\/div>\n<h2 style=\"text-align: center;\"><strong><span>Cos&#8217;\u00e8 la UNI EN ISO 45001?<\/span><\/strong><\/h2>\n<p style=\"text-align: center;\">Il DVR (<strong>Documento di Valutazione dei Rischi<\/strong>), o DVR aziendale, \u00e8 il documento obbligatorio previsto dall&#8217;art. 28 del D.Lgs. 81\/2008 che ogni datore di lavoro con almeno un dipendente deve redigere. Contiene la valutazione di tutti i rischi presenti in azienda e le misure adottate per eliminarli o ridurli \u2014 &nbsp;inclusi i rischi fisici, chimici, biologici, organizzativi e da stress lavoro-correlato.<\/p>\n<p style=\"text-align: center;\">Un <strong>DVR incompleto o non aggiornato<\/strong> non \u00e8 solo un problema burocratico: pu\u00f2 aggravare significativamente la responsabilit\u00e0 penale del datore di lavoro in caso di infortuni. Sapere cosa deve contenere \u00e8 il primo passo per tutelarsi \u2014 e tutelare i propri lavoratori.<\/p>\n<p><!--! Font Awesome Free 6.7.1 by @fontawesome - https:\/\/fontawesome.com License - https:\/\/fontawesome.com\/license\/free (Icons: CC BY 4.0, Fonts: SIL OFL 1.1, Code: MIT License) Copyright 2024 Fonticons, Inc. --><\/p>\n<h3 style=\"color: var(--tcb-color-4) !important; --tcb-applied-color: var$(--tcb-color-4) !important;\"><strong><span style=\"--tcb-applied-color: var$(--tcb-color-4) !important;\">Chi deve redigere il DVR?<br \/><\/span><\/strong><\/h3>\n<p style=\"\">Il Datore di Lavoro, con obbligo indelegabile ai sensi dell&#8217;art. 17. In collaborazione con RSPP e Medico Competente, e consultazione del RLS.<\/p>\n<h3 style=\"color: var(--tcb-color-4) !important; --tcb-applied-color: var$(--tcb-color-4) !important;\"><strong><span style=\"--tcb-applied-color: var$(--tcb-color-4) !important;\">Quando va aggiornato?<br \/><\/span><\/strong><\/h3>\n<p>Dopo infortuni gravi, introduzione di nuove macchine o sostanze, modifiche organizzative, nuove normative. L&#8217;art. 29 c.3 definisce i trigger obbligatori.<\/p>\n<h2 style=\"\"><strong><span>Cosa rischia chi non ce l&#8217;ha?<\/span><\/strong><\/h2>\n<p>Arresto da 3 a 6 mesi o ammenda da 2.500 a 6.400 euro. In caso di infortuni, la mancanza del DVR aggrava enormemente la posizione penale.<\/p>\n<h2 style=\"text-align: center; color: rgb(26, 48, 55) !important; --tcb-applied-color: rgb(26, 48, 55) !important;\"><strong>Cosa comprende la Checklist ISO 45001<\/strong><\/h2>\n<h3 style=\"color: var(--tcb-skin-color-0) !important; --tcb-applied-color: var$(--tcb-skin-color-0) !important;\"><img decoding=\"async\" role=\"img\" alt=\"\ud83d\udccb\" src=\"https:\/\/s.w.org\/images\/core\/emoji\/17.0.2\/svg\/1f4cb.svg\" loading=\"lazy\"> 24 sezioni di controllo &nbsp;<\/h3>\n<p style=\"text-align: left;\"><span style=\"font-weight: normal;\">La checklist distingue tra sezioni obbligatorie per tutti, condizionate ai rischi presenti e quelle che richiedono uno screening iniziale.<\/span><\/p>\n<h3 data-pm-slice=\"1 1 [&quot;document&quot;,{&quot;aiOptions&quot;:{&quot;preserveLayouts&quot;:false,&quot;imageOptions&quot;:{&quot;license&quot;:&quot;All&quot;,&quot;provider&quot;:&quot;aiGenerated&quot;,&quot;generateStyle&quot;:&quot;Futuristic photography, pearlescent glow, metallic shimmer, pastel gradients, soft translucent textures, dreamy holographic atmosphere, glossy surfaces, elegant minimalism, surreal yet clean aesthetic, bright, light and muted.&quot;,&quot;model&quot;:&quot;flux-2-pro&quot;,&quot;modelAutoselect&quot;:true,&quot;stylePreset&quot;:&quot;Theme&quot;,&quot;visualsMenuEnabled&quot;:true,&quot;artStylePreset&quot;:&quot;custom&quot;,&quot;artStylePrompt&quot;:&quot;&quot;},&quot;cardContentType&quot;:&quot;responsive&quot;},&quot;docId&quot;:&quot;g604a9s6ew5tlw6&quot;,&quot;background&quot;:{&quot;type&quot;:&quot;none&quot;},&quot;docFlags&quot;:{&quot;cardLayoutsEnabled&quot;:true},&quot;format&quot;:&quot;webpage&quot;,&quot;customCode&quot;:{},&quot;settings&quot;:{&quot;defaultFullBleed&quot;:&quot;full&quot;,&quot;stylesDerivedFrom&quot;:&quot;webpage_fluid&quot;,&quot;cardDimensions&quot;:&quot;fluid&quot;,&quot;verticalAlign&quot;:&quot;center&quot;,&quot;defaultContentWidth&quot;:&quot;lg&quot;,&quot;fontSize&quot;:&quot;sm&quot;,&quot;scaleContentToFit&quot;:false,&quot;locale&quot;:&quot;es-es&quot;,&quot;animationsEnabled&quot;:true},&quot;generateStatus&quot;:&quot;done&quot;,&quot;generateInfo&quot;:{&quot;interactionId&quot;:&quot;eibxhll53s87202&quot;,&quot;streamId&quot;:&quot;g604a9s6ew5tlw6&quot;,&quot;lastEventId&quot;:&quot;10&quot;,&quot;lastCompletedCardId&quot;:&quot;02yrju56e05ae99&quot;,&quot;lastCompletedCardIndex&quot;:9}},&quot;card&quot;,{&quot;id&quot;:&quot;9ipyjx3blt2d11o&quot;,&quot;previewContent&quot;:null,&quot;background&quot;:{&quot;type&quot;:&quot;none&quot;},&quot;container&quot;:{},&quot;cardSize&quot;:&quot;default&quot;,&quot;layout&quot;:&quot;blank&quot;,&quot;layoutTemplateColumns&quot;:null,&quot;layoutTemplateRows&quot;:null,&quot;verticalAlign&quot;:null,&quot;generatorInput&quot;:null,&quot;fontScale&quot;:null,&quot;cardMarginSettings&quot;:{},&quot;hidden&quot;:false},&quot;cardLayoutItem&quot;,{&quot;itemId&quot;:&quot;body&quot;},&quot;smartLayout&quot;,{&quot;variantKey&quot;:&quot;imagesText&quot;,&quot;options&quot;:{&quot;imageShape&quot;:&quot;square&quot;,&quot;cellSize&quot;:10,&quot;imagePosition&quot;:&quot;top&quot;,&quot;shapeSize&quot;:&quot;md&quot;},&quot;fullWidthBlock&quot;:false},&quot;smartLayoutCell&quot;,{&quot;id&quot;:&quot;oX-lT&quot;,&quot;options&quot;:{},&quot;width&quot;:null,&quot;image&quot;:{&quot;loadImageParams&quot;:{&quot;provider&quot;:&quot;aiGenerated&quot;,&quot;query&quot;:&quot;scoring system dashboard with levels and metrics&quot;,&quot;options&quot;:{&quot;aspectRatio&quot;:&quot;landscape&quot;,&quot;model&quot;:&quot;flux-2-pro&quot;,&quot;stylePrompt&quot;:&quot;Futuristic photography, pearlescent glow, metallic shimmer, pastel gradients, soft translucent textures, dreamy holographic atmosphere, glossy surfaces, elegant minimalism, surreal yet clean aesthetic, bright, light and muted.&quot;,&quot;stylePreset&quot;:&quot;Theme&quot;,&quot;artStylePreset&quot;:&quot;custom&quot;,&quot;artStylePrompt&quot;:&quot;&quot;,&quot;visualsMenuEnabled&quot;:true}},&quot;source&quot;:&quot;image.ai-generated&quot;,&quot;loadImageStatus&quot;:&quot;done&quot;,&quot;loadImageId&quot;:&quot;0Ob10&quot;,&quot;src&quot;:&quot;https:\/\/cdn.gamma.app\/3d0j3cswdgj614p\/generated-images\/eMd6mUoapQXUcF-9Llg1r.png&quot;,&quot;meta&quot;:{&quot;width&quot;:1920,&quot;height&quot;:1088},&quot;query&quot;:&quot;scoring system dashboard with levels and metrics&quot;,&quot;aiParams&quot;:{&quot;model&quot;:&quot;flux-2-pro&quot;,&quot;width&quot;:1920,&quot;height&quot;:1088,&quot;prompt&quot;:&quot;scoring system dashboard with levels and metrics&quot;,&quot;stylePreset&quot;:&quot;Theme&quot;,&quot;stylePrompt&quot;:&quot;Futuristic photography, pearlescent glow, metallic shimmer, pastel gradients, soft translucent textures, dreamy holographic atmosphere, glossy surfaces, elegant minimalism, surreal yet clean aesthetic, bright, light and muted.&quot;,&quot;interactionId&quot;:&quot;eibxhll53s87202&quot;,&quot;upscaleFactor&quot;:1,&quot;artStylePreset&quot;:&quot;custom&quot;,&quot;artStylePrompt&quot;:&quot;&quot;,&quot;visualsMenuEnabled&quot;:true,&quot;styleReferenceImages&quot;:[]},&quot;provider&quot;:&quot;flux&quot;,&quot;savedMediaId&quot;:&quot;01KH8K8GSW1R8BYNEMPWPMZNZC&quot;,&quot;tempUrl&quot;:null,&quot;uploadStatus&quot;:3},&quot;label&quot;:null}]\" style=\"color: var(--tcb-skin-color-0) !important; --tcb-applied-color: var$(--tcb-skin-color-0) !important;\"><span style=\"--tcb-applied-color: var$(--tcb-skin-color-0) !important;\"><img decoding=\"async\" role=\"img\" alt=\"\ud83d\udd34\" src=\"https:\/\/s.w.org\/images\/core\/emoji\/17.0.2\/svg\/1f534.svg\" loading=\"lazy\"> Sezioni obbligatorie<\/span><\/h3>\n<p style=\"text-align: left;\"><span style=\"font-weight: normal;\">Richieste a ogni datore di lavoro con dipendenti, senza eccezioni. Governance, formazione sicurezza, emergenze, e altri obblighi base.<\/span><\/p>\n<h3 style=\"color: var(--tcb-skin-color-0) !important; --tcb-applied-color: var$(--tcb-skin-color-0) !important;\"><img decoding=\"async\" role=\"img\" alt=\"\ud83d\udfe1\" src=\"https:\/\/s.w.org\/images\/core\/emoji\/17.0.2\/svg\/1f7e1.svg\" loading=\"lazy\"> Sezioni condizionate<\/h3>\n<p style=\"text-align: left;\"><span style=\"font-weight: normal;\">Da includere nel DVR solo se il rischio esiste in azienda, come agenti chimici, lavoro in quota, ATEX, ambienti confinati, etc.<\/span><\/p>\n<h3 style=\"color: var(--tcb-skin-color-0) !important; --tcb-applied-color: var$(--tcb-skin-color-0) !important;\"><img decoding=\"async\" role=\"img\" alt=\"\ud83d\udd35\" src=\"https:\/\/s.w.org\/images\/core\/emoji\/17.0.2\/svg\/1f535.svg\" loading=\"lazy\"> Sezione mista<\/h3>\n<p style=\"text-align: left;\"><span style=\"font-weight: normal;\">Richiede sempre uno screening iniziale: rumore, vibrazioni, radiazioni, movimentazione manuale dei carichi, etc.&nbsp;<\/span><\/p>\n<h2 data-end=\"2015\" data-start=\"1979\" style=\"text-align: center;\">FAQ &#8211; Domande Frequenti<\/h2>\n<h2 data-end=\"2015\" data-start=\"1979\" style=\"text-align: center;\">Inizia ad usare la Checklist ISO 45001 Interattiva&nbsp;<\/h2>\n<p style=\"text-align: center;\">Compila online, sezione per sezione, salva automaticamente i tuoi progressi e scarica il PDF una volta completato.<\/p>\n<p style=\"text-align: left;\"><span style=\"font-size: 10px !important;\"><strong>DIsclaimer:<\/strong> La presente checklist \u00e8 fornita da Twind (CTAIMA OUTSOURCING Y CONSULTING S.L.) esclusivamente a scopo informativo e orientativo. Non costituisce consulenza tecnica, legale o professionale, n\u00e9 sostituisce la valutazione specialistica necessaria per implementare o certificare un Sistema di Gestione per la Salute e Sicurezza sul Lavoro (SGSSL) conforme alla norma UNI EN ISO 45001. La certificazione ISO 45001 richiede una verifica da parte di un organismo di certificazione accreditato in Italia. Questa checklist non costituisce pre-audit n\u00e9 garantisce la conformit\u00e0 del sistema alla norma o l&#8217;assenza di non conformit\u00e0 in sede di audit. Il rispetto degli obblighi di legge in materia di salute e sicurezza sul lavoro \u2014 inclusi quelli previsti dal D.Lgs. 81\/2008 \u2014 rimane responsabilit\u00e0 indelegabile del Datore di Lavoro e non pu\u00f2 essere verificato tramite strumenti generici. L&#8217;organizzazione \u00e8 tenuta ad avvalersi di figure professionali qualificate: RSPP, Medico Competente, consulenti HSE e tecnici abilitati. Twind non garantisce che i contenuti di questa checklist siano completi, aggiornati o idonei a contesti specifici. La normativa in materia di SSL \u00e8 soggetta a revisioni periodiche \u2014 l&#8217;utilizzatore \u00e8 tenuto a verificare autonomamente la vigenza delle disposizioni richiamate. Twind declina ogni responsabilit\u00e0 per danni diretti o indiretti derivanti dall&#8217;uso di questo strumento. <strong>L&#8217;utilizzo di questa checklist implica l&#8217;accettazione integrale del presente disclaimer.<\/strong><\/span><\/p>\n","protected":false},"excerpt":{"rendered":"<p>Strumento Interattivo Gratuito&nbsp;\u00b7&nbsp;UNI EN ISO 45001:2023 Checklist ISO 45001 Online Controlla il tuo Sistema di Gestione Salute e Sicurezza sul Lavoro Questa checklist gratis ti guida attraverso i requisiti della UNI EN ISO 45001:2023, suddivisi per sezioni, con riferimenti normativi al D.Lgs. 81\/08. Identifica i gap del tuo SGSSL e definisci le priorit\u00e0 di intervento [&hellip;]<\/p>\n","protected":false},"author":1,"featured_media":5507,"parent":0,"menu_order":0,"comment_status":"closed","ping_status":"closed","template":"","meta":{"content-type":"","footnotes":""},"class_list":["post-5480","page","type-page","status-publish","has-post-thumbnail","hentry","post-wrapper","thrv_wrapper"],"yoast_head":"<!-- This site is optimized with the Yoast SEO plugin v27.5 - https:\/\/yoast.com\/product\/yoast-seo-wordpress\/ -->\n<title>Checklist ISO 45001 Gratis \u2013 Online, Interattiva e Semplice \u2013 Twind<\/title>\n<meta name=\"description\" content=\"Controlla online gratuitamente se il tuo SGSSL \u00e8 conforme alla ISO 45001: 47 requisiti con riferimenti normativi, salvataggio automatico e stampa in PDF.\" \/>\n<meta name=\"robots\" content=\"index, follow, max-snippet:-1, max-image-preview:large, max-video-preview:-1\" \/>\n<link rel=\"canonical\" href=\"https:\/\/twind.io\/it\/checklist-iso-45001-online\/\" \/>\n<meta property=\"og:locale\" content=\"it_IT\" \/>\n<meta property=\"og:type\" content=\"article\" \/>\n<meta property=\"og:title\" content=\"Checklist ISO 45001 Gratis \u2013 Online, Interattiva e Semplice \u2013 Twind\" \/>\n<meta property=\"og:description\" content=\"Controlla online gratuitamente se il tuo SGSSL \u00e8 conforme alla ISO 45001: 47 requisiti con riferimenti normativi, salvataggio automatico e stampa in PDF.\" \/>\n<meta property=\"og:url\" content=\"https:\/\/twind.io\/it\/checklist-iso-45001-online\/\" \/>\n<meta property=\"og:site_name\" content=\"Twind \u2013 Piattaforma per la Gestione di Appaltatori e Fornitori\" \/>\n<meta property=\"article:modified_time\" content=\"2026-04-22T10:55:48+00:00\" \/>\n<meta property=\"og:image\" content=\"https:\/\/twind.io\/it\/wp-content\/uploads\/2026\/04\/ISO-45001-Social-Preview-2.png\" \/>\n\t<meta property=\"og:image:width\" content=\"1200\" \/>\n\t<meta property=\"og:image:height\" content=\"846\" \/>\n\t<meta property=\"og:image:type\" content=\"image\/png\" \/>\n<meta name=\"twitter:card\" content=\"summary_large_image\" \/>\n<meta name=\"twitter:label1\" content=\"Tempo di lettura stimato\" \/>\n\t<meta name=\"twitter:data1\" content=\"8 minuti\" \/>\n<script type=\"application\/ld+json\" class=\"yoast-schema-graph\">{\"@context\":\"https:\\\/\\\/schema.org\",\"@graph\":[{\"@type\":\"WebPage\",\"@id\":\"https:\\\/\\\/twind.io\\\/it\\\/checklist-iso-45001-online\\\/\",\"url\":\"https:\\\/\\\/twind.io\\\/it\\\/checklist-iso-45001-online\\\/\",\"name\":\"Checklist ISO 45001 Gratis \u2013 Online, Interattiva e Semplice \u2013 Twind\",\"isPartOf\":{\"@id\":\"https:\\\/\\\/twind.io\\\/it\\\/#website\"},\"primaryImageOfPage\":{\"@id\":\"https:\\\/\\\/twind.io\\\/it\\\/checklist-iso-45001-online\\\/#primaryimage\"},\"image\":{\"@id\":\"https:\\\/\\\/twind.io\\\/it\\\/checklist-iso-45001-online\\\/#primaryimage\"},\"thumbnailUrl\":\"https:\\\/\\\/twind.io\\\/it\\\/wp-content\\\/uploads\\\/2026\\\/04\\\/ISO-45001-Social-Preview-2.png\",\"datePublished\":\"2026-04-20T07:50:52+00:00\",\"dateModified\":\"2026-04-22T10:55:48+00:00\",\"description\":\"Controlla online gratuitamente se il tuo SGSSL \u00e8 conforme alla ISO 45001: 47 requisiti con riferimenti normativi, salvataggio automatico e stampa in PDF.\",\"breadcrumb\":{\"@id\":\"https:\\\/\\\/twind.io\\\/it\\\/checklist-iso-45001-online\\\/#breadcrumb\"},\"inLanguage\":\"it-IT\",\"potentialAction\":[{\"@type\":\"ReadAction\",\"target\":[\"https:\\\/\\\/twind.io\\\/it\\\/checklist-iso-45001-online\\\/\"]}]},{\"@type\":\"ImageObject\",\"inLanguage\":\"it-IT\",\"@id\":\"https:\\\/\\\/twind.io\\\/it\\\/checklist-iso-45001-online\\\/#primaryimage\",\"url\":\"https:\\\/\\\/twind.io\\\/it\\\/wp-content\\\/uploads\\\/2026\\\/04\\\/ISO-45001-Social-Preview-2.png\",\"contentUrl\":\"https:\\\/\\\/twind.io\\\/it\\\/wp-content\\\/uploads\\\/2026\\\/04\\\/ISO-45001-Social-Preview-2.png\",\"width\":1200,\"height\":846,\"caption\":\"ISO 45001 - Banner\"},{\"@type\":\"BreadcrumbList\",\"@id\":\"https:\\\/\\\/twind.io\\\/it\\\/checklist-iso-45001-online\\\/#breadcrumb\",\"itemListElement\":[{\"@type\":\"ListItem\",\"position\":1,\"name\":\"Portada\",\"item\":\"https:\\\/\\\/twind.io\\\/it\\\/\"},{\"@type\":\"ListItem\",\"position\":2,\"name\":\"Landing Checklist ISO 45001\"}]},{\"@type\":\"WebSite\",\"@id\":\"https:\\\/\\\/twind.io\\\/it\\\/#website\",\"url\":\"https:\\\/\\\/twind.io\\\/it\\\/\",\"name\":\"Twind \u2013 Piattaforma per la Gestione di Appaltatori e Fornitori\",\"description\":\"Automatizza la gestione di appaltatori e fornitori con Twind. Semplifica tutta la documentazione con AI. Monitora accessi e conformit\u00e0 in tempo reale.\",\"publisher\":{\"@id\":\"https:\\\/\\\/twind.io\\\/it\\\/#organization\"},\"potentialAction\":[{\"@type\":\"SearchAction\",\"target\":{\"@type\":\"EntryPoint\",\"urlTemplate\":\"https:\\\/\\\/twind.io\\\/it\\\/?s={search_term_string}\"},\"query-input\":{\"@type\":\"PropertyValueSpecification\",\"valueRequired\":true,\"valueName\":\"search_term_string\"}}],\"inLanguage\":\"it-IT\"},{\"@type\":\"Organization\",\"@id\":\"https:\\\/\\\/twind.io\\\/it\\\/#organization\",\"name\":\"Twind \u2013 Piattaforma per la Gestione di Appaltatori e Fornitori\",\"url\":\"https:\\\/\\\/twind.io\\\/it\\\/\",\"logo\":{\"@type\":\"ImageObject\",\"inLanguage\":\"it-IT\",\"@id\":\"https:\\\/\\\/twind.io\\\/it\\\/#\\\/schema\\\/logo\\\/image\\\/\",\"url\":\"https:\\\/\\\/twind.io\\\/it\\\/wp-content\\\/uploads\\\/2023\\\/04\\\/Logo-Twind.svg\",\"contentUrl\":\"https:\\\/\\\/twind.io\\\/it\\\/wp-content\\\/uploads\\\/2023\\\/04\\\/Logo-Twind.svg\",\"width\":1,\"height\":1,\"caption\":\"Twind \u2013 Piattaforma per la Gestione di Appaltatori e Fornitori\"},\"image\":{\"@id\":\"https:\\\/\\\/twind.io\\\/it\\\/#\\\/schema\\\/logo\\\/image\\\/\"}}]}<\/script>\n<!-- \/ Yoast SEO plugin. -->","yoast_head_json":{"title":"Checklist ISO 45001 Gratis \u2013 Online, Interattiva e Semplice \u2013 Twind","description":"Controlla online gratuitamente se il tuo SGSSL \u00e8 conforme alla ISO 45001: 47 requisiti con riferimenti normativi, salvataggio automatico e stampa in PDF.","robots":{"index":"index","follow":"follow","max-snippet":"max-snippet:-1","max-image-preview":"max-image-preview:large","max-video-preview":"max-video-preview:-1"},"canonical":"https:\/\/twind.io\/it\/checklist-iso-45001-online\/","og_locale":"it_IT","og_type":"article","og_title":"Checklist ISO 45001 Gratis \u2013 Online, Interattiva e Semplice \u2013 Twind","og_description":"Controlla online gratuitamente se il tuo SGSSL \u00e8 conforme alla ISO 45001: 47 requisiti con riferimenti normativi, salvataggio automatico e stampa in PDF.","og_url":"https:\/\/twind.io\/it\/checklist-iso-45001-online\/","og_site_name":"Twind \u2013 Piattaforma per la Gestione di Appaltatori e Fornitori","article_modified_time":"2026-04-22T10:55:48+00:00","og_image":[{"width":1200,"height":846,"url":"https:\/\/twind.io\/it\/wp-content\/uploads\/2026\/04\/ISO-45001-Social-Preview-2.png","type":"image\/png"}],"twitter_card":"summary_large_image","twitter_misc":{"Tempo di lettura stimato":"8 minuti"},"schema":{"@context":"https:\/\/schema.org","@graph":[{"@type":"WebPage","@id":"https:\/\/twind.io\/it\/checklist-iso-45001-online\/","url":"https:\/\/twind.io\/it\/checklist-iso-45001-online\/","name":"Checklist ISO 45001 Gratis \u2013 Online, Interattiva e Semplice \u2013 Twind","isPartOf":{"@id":"https:\/\/twind.io\/it\/#website"},"primaryImageOfPage":{"@id":"https:\/\/twind.io\/it\/checklist-iso-45001-online\/#primaryimage"},"image":{"@id":"https:\/\/twind.io\/it\/checklist-iso-45001-online\/#primaryimage"},"thumbnailUrl":"https:\/\/twind.io\/it\/wp-content\/uploads\/2026\/04\/ISO-45001-Social-Preview-2.png","datePublished":"2026-04-20T07:50:52+00:00","dateModified":"2026-04-22T10:55:48+00:00","description":"Controlla online gratuitamente se il tuo SGSSL \u00e8 conforme alla ISO 45001: 47 requisiti con riferimenti normativi, salvataggio automatico e stampa in PDF.","breadcrumb":{"@id":"https:\/\/twind.io\/it\/checklist-iso-45001-online\/#breadcrumb"},"inLanguage":"it-IT","potentialAction":[{"@type":"ReadAction","target":["https:\/\/twind.io\/it\/checklist-iso-45001-online\/"]}]},{"@type":"ImageObject","inLanguage":"it-IT","@id":"https:\/\/twind.io\/it\/checklist-iso-45001-online\/#primaryimage","url":"https:\/\/twind.io\/it\/wp-content\/uploads\/2026\/04\/ISO-45001-Social-Preview-2.png","contentUrl":"https:\/\/twind.io\/it\/wp-content\/uploads\/2026\/04\/ISO-45001-Social-Preview-2.png","width":1200,"height":846,"caption":"ISO 45001 - Banner"},{"@type":"BreadcrumbList","@id":"https:\/\/twind.io\/it\/checklist-iso-45001-online\/#breadcrumb","itemListElement":[{"@type":"ListItem","position":1,"name":"Portada","item":"https:\/\/twind.io\/it\/"},{"@type":"ListItem","position":2,"name":"Landing Checklist ISO 45001"}]},{"@type":"WebSite","@id":"https:\/\/twind.io\/it\/#website","url":"https:\/\/twind.io\/it\/","name":"Twind \u2013 Piattaforma per la Gestione di Appaltatori e Fornitori","description":"Automatizza la gestione di appaltatori e fornitori con Twind. Semplifica tutta la documentazione con AI. Monitora accessi e conformit\u00e0 in tempo reale.","publisher":{"@id":"https:\/\/twind.io\/it\/#organization"},"potentialAction":[{"@type":"SearchAction","target":{"@type":"EntryPoint","urlTemplate":"https:\/\/twind.io\/it\/?s={search_term_string}"},"query-input":{"@type":"PropertyValueSpecification","valueRequired":true,"valueName":"search_term_string"}}],"inLanguage":"it-IT"},{"@type":"Organization","@id":"https:\/\/twind.io\/it\/#organization","name":"Twind \u2013 Piattaforma per la Gestione di Appaltatori e Fornitori","url":"https:\/\/twind.io\/it\/","logo":{"@type":"ImageObject","inLanguage":"it-IT","@id":"https:\/\/twind.io\/it\/#\/schema\/logo\/image\/","url":"https:\/\/twind.io\/it\/wp-content\/uploads\/2023\/04\/Logo-Twind.svg","contentUrl":"https:\/\/twind.io\/it\/wp-content\/uploads\/2023\/04\/Logo-Twind.svg","width":1,"height":1,"caption":"Twind \u2013 Piattaforma per la Gestione di Appaltatori e Fornitori"},"image":{"@id":"https:\/\/twind.io\/it\/#\/schema\/logo\/image\/"}}]}},"_links":{"self":[{"href":"https:\/\/twind.io\/it\/wp-json\/wp\/v2\/pages\/5480","targetHints":{"allow":["GET"]}}],"collection":[{"href":"https:\/\/twind.io\/it\/wp-json\/wp\/v2\/pages"}],"about":[{"href":"https:\/\/twind.io\/it\/wp-json\/wp\/v2\/types\/page"}],"author":[{"embeddable":true,"href":"https:\/\/twind.io\/it\/wp-json\/wp\/v2\/users\/1"}],"replies":[{"embeddable":true,"href":"https:\/\/twind.io\/it\/wp-json\/wp\/v2\/comments?post=5480"}],"version-history":[{"count":37,"href":"https:\/\/twind.io\/it\/wp-json\/wp\/v2\/pages\/5480\/revisions"}],"predecessor-version":[{"id":5535,"href":"https:\/\/twind.io\/it\/wp-json\/wp\/v2\/pages\/5480\/revisions\/5535"}],"wp:featuredmedia":[{"embeddable":true,"href":"https:\/\/twind.io\/it\/wp-json\/wp\/v2\/media\/5507"}],"wp:attachment":[{"href":"https:\/\/twind.io\/it\/wp-json\/wp\/v2\/media?parent=5480"}],"curies":[{"name":"wp","href":"https:\/\/api.w.org\/{rel}","templated":true}]}}