{"id":686,"date":"2023-05-02T06:23:05","date_gmt":"2023-05-02T06:23:05","guid":{"rendered":"https:\/\/twind.io\/cl\/?page_id=686"},"modified":"2025-12-01T15:45:18","modified_gmt":"2025-12-01T15:45:18","slug":"chi-siamo","status":"publish","type":"page","link":"https:\/\/twind.io\/it\/chi-siamo\/","title":{"rendered":"Chi siamo"},"content":{"rendered":"<h1 style=\"text-align: center;\"><strong><span style=\"color: var(--tcb-color-1); --tcb-applied-color: var$(--tcb-skin-color-0)  !important;\"><\/span><span style=\"color: rgb(26, 48, 55) !important; --tcb-applied-color: rgb(26, 48, 55) !important;\">Ti aiutiamo a gestire i tuoi fornitori in modo pi\u00f9<\/span><span style=\"color: var(--tcb-color-4); --tcb-applied-color: var$(--tcb-skin-color-0)  !important;\"> sicuro e sostenibile.<\/span><\/strong><\/h1>\n<h2 style=\"\"><span data-contrast=\"none\" lang=\"ES-ES\">Perch\u00e9 lo facciamo<\/span><\/h2>\n<h2 style=\"\"><span data-contrast=\"none\" lang=\"ES-ES\"><span data-contrast=\"none\" lang=\"ES-ES\"><strong>Per noi, la tua sicurezza sul lavoro viene prima di tutto.<\/strong><\/span><\/span><\/h2>\n<p style=\"\">Esiste l\u2019idea che lavorare nella prevenzione significhi fare il \u201cpoliziotto\u201d. Ma noi sappiamo che non \u00e8 cos\u00ec. Sappiamo che esiste un modo migliore per promuovere una cultura della prevenzione: uno in cui ci\u00f2 che \u00e8 positivo per la sicurezza e la salute dei lavoratori, siano essi interni o esterni, \u00e8 anche vantaggioso per la crescita economica dell\u2019azienda.<\/p>\n<p style=\"\">\n<p style=\"\">Siamo convinti che le aziende possano crescere senza trascurare la cultura della prevenzione, e che possano farlo dando valore e potere ai professionisti del settore. Per questo abbiamo creato un ecosistema che integra software, servizi specializzati, formazione e una comunit\u00e0 dedicata, per aiutare gli eroi della prevenzione a migliorare le performance e la visibilit\u00e0 del loro lavoro quotidiano.<\/p>\n<p><span><img decoding=\"async\" alt=\"Twind\" data-id=\"203\" title=\"Twind\" src=\"https:\/\/twind.io\/cl\/wp-content\/uploads\/2023\/04\/1-built-for-multi.svg\" data-link-wrap=\"true\" data-width=\"357\" style=\"aspect-ratio: auto 100 \/ 100;\" width=\"357\" data-init-width=\"100\" height=\"199\" data-init-height=\"100\" data-height=\"199\" loading=\"lazy\"><\/span><\/p>\n<h2 style=\"\"><span data-contrast=\"none\" lang=\"ES-ES\" style=\"\"><span data-contrast=\"none\" lang=\"ES-ES\" style=\"\">Orientamento al cliente<\/span><\/span><\/h2>\n<p style=\"\"><span data-contrast=\"auto\" lang=\"ES-ES\">I nostri clienti sono nostri partner nella sicurezza: collaboriamo a stretto contatto con loro per comprendere le esigenze specifiche e sviluppare soluzioni che li aiutino a raggiungere i loro obiettivi in materia di sicurezza, proteggere le persone e costruire catene di fornitura sostenibili.<\/span><\/p>\n<h2 style=\"\"><span data-contrast=\"none\" lang=\"ES-ES\" style=\"\"><span data-contrast=\"none\" lang=\"ES-ES\" style=\"\">Eccellenza<\/span><\/span><\/h2>\n<p><span data-ccp-props=\"{&quot;201341983&quot;:0,&quot;335559739&quot;:160,&quot;335559740&quot;:259}\"><span data-contrast=\"auto\" lang=\"ES-ES\">Il nostro impegno per l\u2019eccellenza ci spinge a cercare costantemente nuovi sistemi per migliorare le nostre soluzioni e i nostri servizi.<\/span><\/span><\/p>\n<h2 style=\"\"><span data-contrast=\"none\" lang=\"ES-ES\" style=\"\"><span data-contrast=\"none\" lang=\"ES-ES\" style=\"\">Integrit\u00e0<\/span><\/span><\/h2>\n<p style=\"\"><span data-ccp-props=\"{&quot;201341983&quot;:0,&quot;335559739&quot;:160,&quot;335559740&quot;:259}\"><span data-contrast=\"auto\" lang=\"ES-ES\"><span data-contrast=\"auto\" lang=\"ES-ES\">In Twind, l\u2019integrit\u00e0 rappresenta la pietra angolare della fiducia, e la fiducia \u00e8 fondamentale per costruire relazioni solide e durature con i nostri clienti.<\/span><\/span><\/span><\/p>\n<h2 style=\"\"><span data-contrast=\"none\" lang=\"ES-ES\" style=\"\"><span data-contrast=\"none\" lang=\"ES-ES\" style=\"\">Lavoro di squadra<\/span><\/span><\/h2>\n<p style=\"\"><span data-ccp-props=\"{&quot;201341983&quot;:0,&quot;335559739&quot;:160,&quot;335559740&quot;:259}\"><span data-contrast=\"auto\" lang=\"ES-ES\"><span data-ccp-props=\"{&quot;201341983&quot;:0,&quot;335559739&quot;:160,&quot;335559740&quot;:259}\"><span data-contrast=\"auto\" lang=\"ES-ES\">Diamo valore al lavoro di squadra in tutto ci\u00f2 che facciamo: dalla collaborazione interna al modo in cui lavoriamo insieme a te per offrirti soluzioni su misura.<\/span><\/span><\/span><\/span><\/p>\n<h2 style=\"\"><span>Oltre 20 anni di esperienza<\/span><\/h2>\n<h2 style=\"\"><span data-contrast=\"none\" lang=\"ES-ES\"><span data-contrast=\"none\" lang=\"ES-ES\"><span data-contrast=\"none\" lang=\"ES-ES\">Lavoriamo con oltre 3000 clienti in tutto il mondo<\/span><\/span><\/span><\/h2>\n<p><span data-ccp-props=\"{&quot;201341983&quot;:0,&quot;335559739&quot;:160,&quot;335559740&quot;:259}\"><span data-ccp-props=\"{&quot;201341983&quot;:0,&quot;335559739&quot;:160,&quot;335559740&quot;:259}\"><\/span><\/span>Durante i nostri oltre 20 anni di storia, il Gruppo CTAIMA ha osservato come i professionisti della prevenzione affrontino problemi di grande impatto sulla sicurezza, sul benessere e sulla salute delle persone, sia a livello professionale che personale. Essere un professionista della prevenzione \u00e8 una sfida costante: situazioni di rischio e alta responsabilit\u00e0, cambiamenti normativi, fattori umani, gestione delle risorse, pratiche burocratiche, e forti pressioni.<\/p>\n<\/p>\n<p>\u00c8 per questo che CTAIMA lancia Twind, una soluzione innovativa pensata per rispondere alle esigenze specifiche dei professionisti della prevenzione.<\/p>\n<p>Twind si basa sulle tecnologie pi\u00f9 avanzate e sulle migliori pratiche, offrendo alle organizzazioni uno strumento potente per gestire i rischi, garantire la conformit\u00e0 e tutelare il benessere di dipendenti e collaboratori.<\/p>\n<\/p>\n<p>Indipendentemente dalla complessit\u00e0 della tua catena di fornitura o dal livello di regolamentazione del tuo settore, Twind ha le competenze e le risorse per aiutarti a raggiungere il successo.<\/p>\n<p><span><img decoding=\"async\" alt=\"Twind: la storia\" data-id=\"706\" title=\"Twind: la storia\" src=\"https:\/\/twind.io\/cl\/wp-content\/uploads\/2023\/05\/History-1.svg\" data-link-wrap=\"true\" data-width=\"357\" width=\"357\" data-init-width=\"332\" data-height=\"275\" style=\"\" height=\"275\" loading=\"lazy\"><\/span><span><img decoding=\"async\" alt=\"ISO 9001\" data-id=\"726\" width=\"115\" data-init-width=\"1000\" height=\"117\" data-init-height=\"1021\" title=\"ISO 9001\" src=\"https:\/\/twind.io\/cl\/wp-content\/uploads\/2023\/05\/ISO_9001-2015.webp\" data-width=\"115\" style=\"aspect-ratio: auto 1000 \/ 1021;\" data-height=\"117\" loading=\"lazy\"><\/span><span><img decoding=\"async\" alt=\"ISO 27001\" data-id=\"736\" width=\"195\" data-init-width=\"650\" height=\"120\" data-init-height=\"400\" title=\"ISO 27001\" src=\"https:\/\/twind.io\/cl\/wp-content\/uploads\/2023\/05\/ISO-27001.webp\" data-width=\"195\" style=\"aspect-ratio: auto 650 \/ 400;\" data-height=\"120\" loading=\"lazy\"><\/span><span><img decoding=\"async\" alt=\"ISO 45001\" data-id=\"739\" width=\"150\" data-init-width=\"646\" height=\"151\" data-init-height=\"651\" title=\"ISO 45001\" src=\"https:\/\/twind.io\/cl\/wp-content\/uploads\/2023\/05\/iso-45001.webp\" data-width=\"150\" style=\"aspect-ratio: auto 646 \/ 651;\" data-height=\"151\" loading=\"lazy\"><\/span><span><img decoding=\"async\" alt=\"PYME innovadora\" data-id=\"793\" width=\"150\" data-init-width=\"230\" height=\"196\" data-init-height=\"300\" title=\"PYME innovadora\" src=\"https:\/\/twind.io\/cl\/wp-content\/uploads\/2023\/05\/pyme_innovadora_meic-SP_web-230x300-1.webp\" data-width=\"150\" style=\"aspect-ratio: auto 230 \/ 300;\" data-height=\"196\" loading=\"lazy\"><\/span><span><img decoding=\"async\" alt=\"Premio Empresa Feliz\" data-id=\"731\" width=\"198\" data-init-width=\"300\" height=\"198\" data-init-height=\"300\" title=\"Premio Empresa Feliz\" src=\"https:\/\/twind.io\/cl\/wp-content\/uploads\/2023\/05\/premioEmpresaFeliz.webp\" data-width=\"198\" style=\"aspect-ratio: auto 300 \/ 300;\" data-height=\"198\" loading=\"lazy\"><\/span><span><img decoding=\"async\" alt=\"Gold Parthner Microsoft\" data-id=\"791\" width=\"198\" data-init-width=\"300\" height=\"198\" data-init-height=\"300\" title=\"Gold Parthner Microsoft\" src=\"https:\/\/twind.io\/cl\/wp-content\/uploads\/2023\/05\/gold-parthner-microsoft.webp\" data-width=\"198\" style=\"aspect-ratio: auto 300 \/ 300;\" data-height=\"198\" loading=\"lazy\"><\/span><\/p>\n","protected":false},"excerpt":{"rendered":"<p>Ti aiutiamo a gestire i tuoi fornitori in modo pi\u00f9 sicuro e sostenibile. Perch\u00e9 lo facciamo Per noi, la tua sicurezza sul lavoro viene prima di tutto. Esiste l\u2019idea che lavorare nella prevenzione significhi fare il \u201cpoliziotto\u201d. Ma noi sappiamo che non \u00e8 cos\u00ec. Sappiamo che esiste un modo migliore per promuovere una cultura della [&hellip;]<\/p>\n","protected":false},"author":1,"featured_media":203,"parent":0,"menu_order":0,"comment_status":"closed","ping_status":"closed","template":"","meta":{"content-type":"","footnotes":""},"class_list":["post-686","page","type-page","status-publish","has-post-thumbnail","hentry","post-wrapper","thrv_wrapper"],"yoast_head":"<!-- This site is optimized with the Yoast SEO plugin v27.2 - https:\/\/yoast.com\/product\/yoast-seo-wordpress\/ -->\n<title>Chi siamo - Twind: Piattaforma di Gestione Appaltatori di CTAIMA<\/title>\n<meta name=\"description\" content=\"Twind \u00e8 la piattaforma intelligente per gestire appaltatori e fornitori in modo semplice e sicuro sviluppata da CTAIMA. 20 anni di esperienza e 3000+ clienti.\" \/>\n<meta name=\"robots\" content=\"index, follow, max-snippet:-1, max-image-preview:large, max-video-preview:-1\" \/>\n<link rel=\"canonical\" href=\"https:\/\/twind.io\/it\/chi-siamo\/\" \/>\n<meta property=\"og:locale\" content=\"it_IT\" \/>\n<meta property=\"og:type\" content=\"article\" \/>\n<meta property=\"og:title\" content=\"Chi siamo - Twind: Piattaforma di Gestione Appaltatori di CTAIMA\" \/>\n<meta property=\"og:description\" content=\"Twind \u00e8 la piattaforma intelligente per gestire appaltatori e fornitori in modo semplice e sicuro sviluppata da CTAIMA. 20 anni di esperienza e 3000+ clienti.\" \/>\n<meta property=\"og:url\" content=\"https:\/\/twind.io\/it\/chi-siamo\/\" \/>\n<meta property=\"og:site_name\" content=\"Twind \u2013 Piattaforma per la Gestione di Appaltatori e Fornitori\" \/>\n<meta property=\"article:modified_time\" content=\"2025-12-01T15:45:18+00:00\" \/>\n<meta name=\"twitter:card\" content=\"summary_large_image\" \/>\n<meta name=\"twitter:label1\" content=\"Tempo di lettura stimato\" \/>\n\t<meta name=\"twitter:data1\" content=\"5 minuti\" \/>\n<script type=\"application\/ld+json\" class=\"yoast-schema-graph\">{\"@context\":\"https:\/\/schema.org\",\"@graph\":[{\"@type\":\"WebPage\",\"@id\":\"https:\/\/twind.io\/it\/chi-siamo\/\",\"url\":\"https:\/\/twind.io\/it\/chi-siamo\/\",\"name\":\"Chi siamo - Twind: Piattaforma di Gestione Appaltatori di CTAIMA\",\"isPartOf\":{\"@id\":\"https:\/\/twind.io\/it\/#website\"},\"primaryImageOfPage\":{\"@id\":\"https:\/\/twind.io\/it\/chi-siamo\/#primaryimage\"},\"image\":{\"@id\":\"https:\/\/twind.io\/it\/chi-siamo\/#primaryimage\"},\"thumbnailUrl\":\"https:\/\/twind.io\/it\/wp-content\/uploads\/2023\/04\/1-built-for-multi.svg\",\"datePublished\":\"2023-05-02T06:23:05+00:00\",\"dateModified\":\"2025-12-01T15:45:18+00:00\",\"description\":\"Twind \u00e8 la piattaforma intelligente per gestire appaltatori e fornitori in modo semplice e sicuro sviluppata da CTAIMA. 20 anni di esperienza e 3000+ clienti.\",\"breadcrumb\":{\"@id\":\"https:\/\/twind.io\/it\/chi-siamo\/#breadcrumb\"},\"inLanguage\":\"it-IT\",\"potentialAction\":[{\"@type\":\"ReadAction\",\"target\":[\"https:\/\/twind.io\/it\/chi-siamo\/\"]}]},{\"@type\":\"ImageObject\",\"inLanguage\":\"it-IT\",\"@id\":\"https:\/\/twind.io\/it\/chi-siamo\/#primaryimage\",\"url\":\"https:\/\/twind.io\/it\/wp-content\/uploads\/2023\/04\/1-built-for-multi.svg\",\"contentUrl\":\"https:\/\/twind.io\/it\/wp-content\/uploads\/2023\/04\/1-built-for-multi.svg\",\"caption\":\"Twind\"},{\"@type\":\"BreadcrumbList\",\"@id\":\"https:\/\/twind.io\/it\/chi-siamo\/#breadcrumb\",\"itemListElement\":[{\"@type\":\"ListItem\",\"position\":1,\"name\":\"Portada\",\"item\":\"https:\/\/twind.io\/it\/\"},{\"@type\":\"ListItem\",\"position\":2,\"name\":\"Chi siamo\"}]},{\"@type\":\"WebSite\",\"@id\":\"https:\/\/twind.io\/it\/#website\",\"url\":\"https:\/\/twind.io\/it\/\",\"name\":\"Twind \u2013 Piattaforma per la Gestione di Appaltatori e Fornitori\",\"description\":\"Automatizza la gestione di appaltatori e fornitori con Twind. Semplifica tutta la documentazione con AI. Monitora accessi e conformit\u00e0 in tempo reale.\",\"publisher\":{\"@id\":\"https:\/\/twind.io\/it\/#organization\"},\"potentialAction\":[{\"@type\":\"SearchAction\",\"target\":{\"@type\":\"EntryPoint\",\"urlTemplate\":\"https:\/\/twind.io\/it\/?s={search_term_string}\"},\"query-input\":{\"@type\":\"PropertyValueSpecification\",\"valueRequired\":true,\"valueName\":\"search_term_string\"}}],\"inLanguage\":\"it-IT\"},{\"@type\":\"Organization\",\"@id\":\"https:\/\/twind.io\/it\/#organization\",\"name\":\"Twind \u2013 Piattaforma per la Gestione di Appaltatori e Fornitori\",\"url\":\"https:\/\/twind.io\/it\/\",\"logo\":{\"@type\":\"ImageObject\",\"inLanguage\":\"it-IT\",\"@id\":\"https:\/\/twind.io\/it\/#\/schema\/logo\/image\/\",\"url\":\"https:\/\/twind.io\/it\/wp-content\/uploads\/2023\/04\/Logo-Twind.svg\",\"contentUrl\":\"https:\/\/twind.io\/it\/wp-content\/uploads\/2023\/04\/Logo-Twind.svg\",\"width\":1,\"height\":1,\"caption\":\"Twind \u2013 Piattaforma per la Gestione di Appaltatori e Fornitori\"},\"image\":{\"@id\":\"https:\/\/twind.io\/it\/#\/schema\/logo\/image\/\"}}]}<\/script>\n<!-- \/ Yoast SEO plugin. -->","yoast_head_json":{"title":"Chi siamo - Twind: Piattaforma di Gestione Appaltatori di CTAIMA","description":"Twind \u00e8 la piattaforma intelligente per gestire appaltatori e fornitori in modo semplice e sicuro sviluppata da CTAIMA. 20 anni di esperienza e 3000+ clienti.","robots":{"index":"index","follow":"follow","max-snippet":"max-snippet:-1","max-image-preview":"max-image-preview:large","max-video-preview":"max-video-preview:-1"},"canonical":"https:\/\/twind.io\/it\/chi-siamo\/","og_locale":"it_IT","og_type":"article","og_title":"Chi siamo - Twind: Piattaforma di Gestione Appaltatori di CTAIMA","og_description":"Twind \u00e8 la piattaforma intelligente per gestire appaltatori e fornitori in modo semplice e sicuro sviluppata da CTAIMA. 20 anni di esperienza e 3000+ clienti.","og_url":"https:\/\/twind.io\/it\/chi-siamo\/","og_site_name":"Twind \u2013 Piattaforma per la Gestione di Appaltatori e Fornitori","article_modified_time":"2025-12-01T15:45:18+00:00","twitter_card":"summary_large_image","twitter_misc":{"Tempo di lettura stimato":"5 minuti"},"schema":{"@context":"https:\/\/schema.org","@graph":[{"@type":"WebPage","@id":"https:\/\/twind.io\/it\/chi-siamo\/","url":"https:\/\/twind.io\/it\/chi-siamo\/","name":"Chi siamo - Twind: Piattaforma di Gestione Appaltatori di CTAIMA","isPartOf":{"@id":"https:\/\/twind.io\/it\/#website"},"primaryImageOfPage":{"@id":"https:\/\/twind.io\/it\/chi-siamo\/#primaryimage"},"image":{"@id":"https:\/\/twind.io\/it\/chi-siamo\/#primaryimage"},"thumbnailUrl":"https:\/\/twind.io\/it\/wp-content\/uploads\/2023\/04\/1-built-for-multi.svg","datePublished":"2023-05-02T06:23:05+00:00","dateModified":"2025-12-01T15:45:18+00:00","description":"Twind \u00e8 la piattaforma intelligente per gestire appaltatori e fornitori in modo semplice e sicuro sviluppata da CTAIMA. 20 anni di esperienza e 3000+ clienti.","breadcrumb":{"@id":"https:\/\/twind.io\/it\/chi-siamo\/#breadcrumb"},"inLanguage":"it-IT","potentialAction":[{"@type":"ReadAction","target":["https:\/\/twind.io\/it\/chi-siamo\/"]}]},{"@type":"ImageObject","inLanguage":"it-IT","@id":"https:\/\/twind.io\/it\/chi-siamo\/#primaryimage","url":"https:\/\/twind.io\/it\/wp-content\/uploads\/2023\/04\/1-built-for-multi.svg","contentUrl":"https:\/\/twind.io\/it\/wp-content\/uploads\/2023\/04\/1-built-for-multi.svg","caption":"Twind"},{"@type":"BreadcrumbList","@id":"https:\/\/twind.io\/it\/chi-siamo\/#breadcrumb","itemListElement":[{"@type":"ListItem","position":1,"name":"Portada","item":"https:\/\/twind.io\/it\/"},{"@type":"ListItem","position":2,"name":"Chi siamo"}]},{"@type":"WebSite","@id":"https:\/\/twind.io\/it\/#website","url":"https:\/\/twind.io\/it\/","name":"Twind \u2013 Piattaforma per la Gestione di Appaltatori e Fornitori","description":"Automatizza la gestione di appaltatori e fornitori con Twind. Semplifica tutta la documentazione con AI. Monitora accessi e conformit\u00e0 in tempo reale.","publisher":{"@id":"https:\/\/twind.io\/it\/#organization"},"potentialAction":[{"@type":"SearchAction","target":{"@type":"EntryPoint","urlTemplate":"https:\/\/twind.io\/it\/?s={search_term_string}"},"query-input":{"@type":"PropertyValueSpecification","valueRequired":true,"valueName":"search_term_string"}}],"inLanguage":"it-IT"},{"@type":"Organization","@id":"https:\/\/twind.io\/it\/#organization","name":"Twind \u2013 Piattaforma per la Gestione di Appaltatori e Fornitori","url":"https:\/\/twind.io\/it\/","logo":{"@type":"ImageObject","inLanguage":"it-IT","@id":"https:\/\/twind.io\/it\/#\/schema\/logo\/image\/","url":"https:\/\/twind.io\/it\/wp-content\/uploads\/2023\/04\/Logo-Twind.svg","contentUrl":"https:\/\/twind.io\/it\/wp-content\/uploads\/2023\/04\/Logo-Twind.svg","width":1,"height":1,"caption":"Twind \u2013 Piattaforma per la Gestione di Appaltatori e Fornitori"},"image":{"@id":"https:\/\/twind.io\/it\/#\/schema\/logo\/image\/"}}]}},"_links":{"self":[{"href":"https:\/\/twind.io\/it\/wp-json\/wp\/v2\/pages\/686","targetHints":{"allow":["GET"]}}],"collection":[{"href":"https:\/\/twind.io\/it\/wp-json\/wp\/v2\/pages"}],"about":[{"href":"https:\/\/twind.io\/it\/wp-json\/wp\/v2\/types\/page"}],"author":[{"embeddable":true,"href":"https:\/\/twind.io\/it\/wp-json\/wp\/v2\/users\/1"}],"replies":[{"embeddable":true,"href":"https:\/\/twind.io\/it\/wp-json\/wp\/v2\/comments?post=686"}],"version-history":[{"count":22,"href":"https:\/\/twind.io\/it\/wp-json\/wp\/v2\/pages\/686\/revisions"}],"predecessor-version":[{"id":4461,"href":"https:\/\/twind.io\/it\/wp-json\/wp\/v2\/pages\/686\/revisions\/4461"}],"wp:featuredmedia":[{"embeddable":true,"href":"https:\/\/twind.io\/it\/wp-json\/wp\/v2\/media\/203"}],"wp:attachment":[{"href":"https:\/\/twind.io\/it\/wp-json\/wp\/v2\/media?parent=686"}],"curies":[{"name":"wp","href":"https:\/\/api.w.org\/{rel}","templated":true}]}}