{"id":1011,"date":"2023-06-26T08:23:43","date_gmt":"2023-06-26T08:23:43","guid":{"rendered":"https:\/\/twind.io\/mx\/?page_id=1011"},"modified":"2025-01-16T16:06:23","modified_gmt":"2025-01-16T16:06:23","slug":"webinar-futuro-laboral-sostenible-objetivo-8-de-los-ods","status":"publish","type":"page","link":"https:\/\/twind.io\/mx\/webinar-futuro-laboral-sostenible-objetivo-8-de-los-ods\/","title":{"rendered":"Webinar Futuro laboral Sostenible Objetivo 8 de los ODS"},"content":{"rendered":"<p><span><img decoding=\"async\" alt=\"Twind\" data-id=\"309\" title=\"Twind\" loading=\"lazy\" src=\"https:\/\/twind.io\/mx\/wp-content\/uploads\/2023\/06\/Logo-Twind.svg\" data-width=\"220\" data-height=\"57\" style=\"\" height=\"57\" width=\"220\"><\/span><\/p>\n<h3 style=\"text-align: center;\">Webinar Gratuito<\/h3>\n<h1 style=\"text-align: center;\"><span data-contrast=\"none\" lang=\"ES-ES\"><span data-ccp-parastyle=\"heading 2\"><span data-contrast=\"auto\" lang=\"ES-ES\"><span dir=\"ltr\"><span dir=\"ltr\">Construyendo un futuro laboral sostenible: Explorando el ODS 8<\/span><\/span><\/span><\/span><\/span><\/h1>\n<p><span><img decoding=\"async\" alt=\"\" data-id=\"1025\" width=\"548\" data-init-width=\"2240\" height=\"308\" data-init-height=\"1260\" title=\"futuro-laboral-sostenible-ods-8\" loading=\"lazy\" src=\"https:\/\/twind.io\/mx\/wp-content\/uploads\/2023\/06\/futuro-laboral-sostenible-ods-8.webp\" data-width=\"548\" style=\"aspect-ratio: auto 2240 \/ 1260;\" data-height=\"308\"><\/span><\/p>\n<h1><span data-contrast=\"none\" lang=\"ES-ES\"><span data-ccp-parastyle=\"heading 2\"><span data-contrast=\"auto\" lang=\"ES-ES\"><span dir=\"ltr\">Construyendo un futuro laboral sostenible ODS 8<\/span><\/span><\/span><\/span><\/h1>\n<ul>\n<li style=\"\">Lograr el<strong> empleo productivo y pleno y el trabajo decente para todos<\/strong>, incluidos los j\u00f3venes y las personas con discapacidad, as\u00ed como la igualdad de remuneraci\u00f3n por trabajo de igual valor.<\/li>\n<li style=\"\">Erradicar el trabajo forzoso e infantil y <strong>proteger los derechos <\/strong>laborales.&nbsp;<\/li>\n<li style=\"\">Adoptar pol\u00edticas fiscales, salariales y de protecci\u00f3n social y lograr progresivamente una mayor igualdad.<\/li>\n<li style=\"\"><strong>Proteger los derechos laborales y promover un entorno de trabajo seguro y sin riesgos<\/strong>, incluyendo a los migrantes (en especial a las mujeres).&nbsp;<\/li>\n<li style=\"\"><strong>Mejorar la producci\u00f3n y el consumo eficientes de los recursos<\/strong> mundiales y desvincular el crecimiento econ\u00f3mico de la degradaci\u00f3n del medio ambiente.&nbsp;<\/li>\n<li style=\"\">Asegurar una mayor representaci\u00f3n de los pa\u00edses en v\u00edas de desarrollo en las decisiones adoptadas por las instituciones econ\u00f3micas y financieras internacionales.<\/li>\n<\/ul>\n<p>\u00bfQu\u00e9 aprender\u00e1s?<\/p>\n<ul>\n<li><span style=\"color: var(--tcb-color-2);\"><strong>C\u00f3mo adoptar pol\u00edticas inclusivas<\/strong><\/span><span style=\"font-weight: normal; color: var(--tcb-color-2);\"> para garantizar el empleo productivo y pleno, abordando las necesidades y capacidades de las personas con diversidad funcional. <\/span><\/li>\n<li><span style=\"font-weight: normal; color: var(--tcb-color-2);\">Exploraremos las <\/span><span style=\"color: var(--tcb-color-2);\"><strong>estrategias para cerrar las brechas de edad y g\u00e9nero<\/strong><\/span><span style=\"font-weight: normal; color: var(--tcb-color-2);\">, asegurando la igualdad de remuneraci\u00f3n por trabajo de igual valor y erradicando el trabajo forzoso e infantil.&nbsp;<\/span><\/li>\n<li><span style=\"font-weight: normal; color: var(--tcb-color-2);\">Analizaremos la importancia de proteger los derechos laborales y&nbsp;<\/span><span style=\"color: var(--tcb-color-2);\"><strong>promover un entorno de trabajo seguro y sin riesgos<\/strong><\/span><span style=\"font-weight: normal; color: var(--tcb-color-2);\">, especialmente para los migrantes y las mujeres.&nbsp;<\/span><\/li>\n<\/ul>\n<p tve-u-188f6f65bea\"\"=\"\"><span style=\"font-weight: normal; color: var(--tcb-color-2);\">Contaremos con la participaci\u00f3n de <\/span><span style=\"color: var(--tcb-color-2);\"><strong>Johanna Susan Figueroa<\/strong><\/span><span style=\"font-weight: normal; color: var(--tcb-color-2);\">, <em>Sustainability Coordinator en Climathon<\/em> y <em>Experta en HSE<\/em>, con una amplia trayectoria en el dise\u00f1o e implementaci\u00f3n de proyectos de cumplimiento de la Agenda 2030.&nbsp;<\/span><\/p>\n<p><span style=\"font-weight: normal; color: var(--tcb-color-2);\">Johanna compartir\u00e1 <\/span><span style=\"color: var(--tcb-color-2);\"><strong>casos de \u00e9xito<\/strong><\/span><span style=\"font-weight: normal; color: var(--tcb-color-2);\"> y <\/span><span style=\"color: var(--tcb-color-2);\"><strong>buenas pr\u00e1cticas<\/strong><\/span><span style=\"font-weight: normal; color: var(--tcb-color-2);\"> relacionadas con el ODS 8.<\/span><\/p>\n<p><strong>\u00a1Te esperamos en el webinar!<\/strong><\/p>\n<h3 style=\"text-align: center;\">RELLENA EL FORMULARIO PARA INSCRIBIRTE<\/h3>\n<h5 style=\"text-align: center;\">Reg\u00edstrate en el formulario para inscribirte al webinar y recibir\u00e1s todos los detalles y la confirmaci\u00f3n por email<\/h5>\n<p style=\"\"><span style=\"font-size: 12px;\">INFORMACI\u00d3N PROTECCI\u00d3N DE DATOS DE GRUPO CTAIMA Finalidades: Responder a sus solicitudes y remitirle informaci\u00f3n comercial de nuestros productos y servicios, incluso por medios electr\u00f3nicos. Derechos: Puede retirar su consentimiento en cualquier momento, as\u00ed como acceder, rectificar, suprimir sus datos y dem\u00e1s derechos en delegado-datos@ctaima.com. Informaci\u00f3n Adicional: Puede ampliar la informaci\u00f3n en el enlace de Pol\u00edtica de Privacidad<\/span>.<\/p>\n<h3 style=\"text-align: center;\"><\/h3>\n","protected":false},"excerpt":{"rendered":"<p>Webinar Gratuito Construyendo un futuro laboral sostenible: Explorando el ODS 8 Construyendo un futuro laboral sostenible ODS 8 Lograr el empleo productivo y pleno y el trabajo decente para todos, incluidos los j\u00f3venes y las personas con discapacidad, as\u00ed como la igualdad de remuneraci\u00f3n por trabajo de igual valor. Erradicar el trabajo forzoso e infantil [&hellip;]<\/p>\n","protected":false},"author":1,"featured_media":0,"parent":0,"menu_order":0,"comment_status":"closed","ping_status":"closed","template":"","meta":{"content-type":"","footnotes":""},"class_list":["post-1011","page","type-page","status-publish","hentry","post-wrapper","thrv_wrapper"],"yoast_head":"<!-- This site is optimized with the Yoast SEO plugin v27.3 - https:\/\/yoast.com\/product\/yoast-seo-wordpress\/ -->\n<title>Webinar Futuro laboral Sostenible Objetivo 8 de los ODS<\/title>\n<meta name=\"description\" content=\"Webinar Futuro laboral Sostenible Objetivo 8 de los ODS\" \/>\n<meta name=\"robots\" content=\"noindex, nofollow\" \/>\n<meta property=\"og:locale\" content=\"es_MX\" \/>\n<meta property=\"og:type\" content=\"article\" \/>\n<meta property=\"og:title\" content=\"Webinar Futuro laboral Sostenible Objetivo 8 de los ODS\" \/>\n<meta property=\"og:description\" content=\"Webinar Futuro laboral Sostenible Objetivo 8 de los ODS\" \/>\n<meta property=\"og:url\" content=\"https:\/\/twind.io\/mx\/webinar-futuro-laboral-sostenible-objetivo-8-de-los-ods\/\" \/>\n<meta property=\"og:site_name\" content=\"Twind - Plataforma de Gesti\u00f3n de Prestadores de Servicios especializados\" \/>\n<meta property=\"article:modified_time\" content=\"2025-01-16T16:06:23+00:00\" \/>\n<meta property=\"og:image\" content=\"https:\/\/twind.io\/mx\/wp-content\/uploads\/2023\/06\/Logo-Twind.svg\" \/>\n<meta name=\"twitter:card\" content=\"summary_large_image\" \/>\n<meta name=\"twitter:label1\" content=\"Tiempo de lectura\" \/>\n\t<meta name=\"twitter:data1\" content=\"10 minutos\" \/>\n<script type=\"application\/ld+json\" class=\"yoast-schema-graph\">{\"@context\":\"https:\\\/\\\/schema.org\",\"@graph\":[{\"@type\":\"WebPage\",\"@id\":\"https:\\\/\\\/twind.io\\\/mx\\\/webinar-futuro-laboral-sostenible-objetivo-8-de-los-ods\\\/\",\"url\":\"https:\\\/\\\/twind.io\\\/mx\\\/webinar-futuro-laboral-sostenible-objetivo-8-de-los-ods\\\/\",\"name\":\"Webinar Futuro laboral Sostenible Objetivo 8 de los ODS\",\"isPartOf\":{\"@id\":\"https:\\\/\\\/twind.io\\\/mx\\\/#website\"},\"primaryImageOfPage\":{\"@id\":\"https:\\\/\\\/twind.io\\\/mx\\\/webinar-futuro-laboral-sostenible-objetivo-8-de-los-ods\\\/#primaryimage\"},\"image\":{\"@id\":\"https:\\\/\\\/twind.io\\\/mx\\\/webinar-futuro-laboral-sostenible-objetivo-8-de-los-ods\\\/#primaryimage\"},\"thumbnailUrl\":\"https:\\\/\\\/twind.io\\\/mx\\\/wp-content\\\/uploads\\\/2023\\\/06\\\/Logo-Twind.svg\",\"datePublished\":\"2023-06-26T08:23:43+00:00\",\"dateModified\":\"2025-01-16T16:06:23+00:00\",\"description\":\"Webinar Futuro laboral Sostenible Objetivo 8 de los ODS\",\"breadcrumb\":{\"@id\":\"https:\\\/\\\/twind.io\\\/mx\\\/webinar-futuro-laboral-sostenible-objetivo-8-de-los-ods\\\/#breadcrumb\"},\"inLanguage\":\"es\",\"potentialAction\":[{\"@type\":\"ReadAction\",\"target\":[\"https:\\\/\\\/twind.io\\\/mx\\\/webinar-futuro-laboral-sostenible-objetivo-8-de-los-ods\\\/\"]}]},{\"@type\":\"ImageObject\",\"inLanguage\":\"es\",\"@id\":\"https:\\\/\\\/twind.io\\\/mx\\\/webinar-futuro-laboral-sostenible-objetivo-8-de-los-ods\\\/#primaryimage\",\"url\":\"https:\\\/\\\/twind.io\\\/mx\\\/wp-content\\\/uploads\\\/2023\\\/06\\\/Logo-Twind.svg\",\"contentUrl\":\"https:\\\/\\\/twind.io\\\/mx\\\/wp-content\\\/uploads\\\/2023\\\/06\\\/Logo-Twind.svg\"},{\"@type\":\"BreadcrumbList\",\"@id\":\"https:\\\/\\\/twind.io\\\/mx\\\/webinar-futuro-laboral-sostenible-objetivo-8-de-los-ods\\\/#breadcrumb\",\"itemListElement\":[{\"@type\":\"ListItem\",\"position\":1,\"name\":\"Portada\",\"item\":\"https:\\\/\\\/twind.io\\\/mx\\\/\"},{\"@type\":\"ListItem\",\"position\":2,\"name\":\"Webinar Futuro laboral Sostenible Objetivo 8 de los ODS\"}]},{\"@type\":\"WebSite\",\"@id\":\"https:\\\/\\\/twind.io\\\/mx\\\/#website\",\"url\":\"https:\\\/\\\/twind.io\\\/mx\\\/\",\"name\":\"Twind - Plataforma de Gesti\u00f3n de Prestadores de Servicios especializados\",\"description\":\"Automatiza y controla con facilidad el proceso de subcontrataci\u00f3n de tus prestadores de servicios, asegurando el cumplimiento legal y reduciendo los riesgos\",\"publisher\":{\"@id\":\"https:\\\/\\\/twind.io\\\/mx\\\/#organization\"},\"potentialAction\":[{\"@type\":\"SearchAction\",\"target\":{\"@type\":\"EntryPoint\",\"urlTemplate\":\"https:\\\/\\\/twind.io\\\/mx\\\/?s={search_term_string}\"},\"query-input\":{\"@type\":\"PropertyValueSpecification\",\"valueRequired\":true,\"valueName\":\"search_term_string\"}}],\"inLanguage\":\"es\"},{\"@type\":\"Organization\",\"@id\":\"https:\\\/\\\/twind.io\\\/mx\\\/#organization\",\"name\":\"Twind - Plataforma de Gesti\u00f3n de Prestadores de Servicios especializados\",\"url\":\"https:\\\/\\\/twind.io\\\/mx\\\/\",\"logo\":{\"@type\":\"ImageObject\",\"inLanguage\":\"es\",\"@id\":\"https:\\\/\\\/twind.io\\\/mx\\\/#\\\/schema\\\/logo\\\/image\\\/\",\"url\":\"https:\\\/\\\/twind.io\\\/mx\\\/wp-content\\\/uploads\\\/2023\\\/04\\\/Logo-Twind.svg\",\"contentUrl\":\"https:\\\/\\\/twind.io\\\/mx\\\/wp-content\\\/uploads\\\/2023\\\/04\\\/Logo-Twind.svg\",\"width\":1,\"height\":1,\"caption\":\"Twind - Plataforma de Gesti\u00f3n de Prestadores de Servicios especializados\"},\"image\":{\"@id\":\"https:\\\/\\\/twind.io\\\/mx\\\/#\\\/schema\\\/logo\\\/image\\\/\"}}]}<\/script>\n<!-- \/ Yoast SEO plugin. -->","yoast_head_json":{"title":"Webinar Futuro laboral Sostenible Objetivo 8 de los ODS","description":"Webinar Futuro laboral Sostenible Objetivo 8 de los ODS","robots":{"index":"noindex","follow":"nofollow"},"og_locale":"es_MX","og_type":"article","og_title":"Webinar Futuro laboral Sostenible Objetivo 8 de los ODS","og_description":"Webinar Futuro laboral Sostenible Objetivo 8 de los ODS","og_url":"https:\/\/twind.io\/mx\/webinar-futuro-laboral-sostenible-objetivo-8-de-los-ods\/","og_site_name":"Twind - Plataforma de Gesti\u00f3n de Prestadores de Servicios especializados","article_modified_time":"2025-01-16T16:06:23+00:00","og_image":[{"url":"https:\/\/twind.io\/mx\/wp-content\/uploads\/2023\/06\/Logo-Twind.svg","type":"","width":"","height":""}],"twitter_card":"summary_large_image","twitter_misc":{"Tiempo de lectura":"10 minutos"},"schema":{"@context":"https:\/\/schema.org","@graph":[{"@type":"WebPage","@id":"https:\/\/twind.io\/mx\/webinar-futuro-laboral-sostenible-objetivo-8-de-los-ods\/","url":"https:\/\/twind.io\/mx\/webinar-futuro-laboral-sostenible-objetivo-8-de-los-ods\/","name":"Webinar Futuro laboral Sostenible Objetivo 8 de los ODS","isPartOf":{"@id":"https:\/\/twind.io\/mx\/#website"},"primaryImageOfPage":{"@id":"https:\/\/twind.io\/mx\/webinar-futuro-laboral-sostenible-objetivo-8-de-los-ods\/#primaryimage"},"image":{"@id":"https:\/\/twind.io\/mx\/webinar-futuro-laboral-sostenible-objetivo-8-de-los-ods\/#primaryimage"},"thumbnailUrl":"https:\/\/twind.io\/mx\/wp-content\/uploads\/2023\/06\/Logo-Twind.svg","datePublished":"2023-06-26T08:23:43+00:00","dateModified":"2025-01-16T16:06:23+00:00","description":"Webinar Futuro laboral Sostenible Objetivo 8 de los ODS","breadcrumb":{"@id":"https:\/\/twind.io\/mx\/webinar-futuro-laboral-sostenible-objetivo-8-de-los-ods\/#breadcrumb"},"inLanguage":"es","potentialAction":[{"@type":"ReadAction","target":["https:\/\/twind.io\/mx\/webinar-futuro-laboral-sostenible-objetivo-8-de-los-ods\/"]}]},{"@type":"ImageObject","inLanguage":"es","@id":"https:\/\/twind.io\/mx\/webinar-futuro-laboral-sostenible-objetivo-8-de-los-ods\/#primaryimage","url":"https:\/\/twind.io\/mx\/wp-content\/uploads\/2023\/06\/Logo-Twind.svg","contentUrl":"https:\/\/twind.io\/mx\/wp-content\/uploads\/2023\/06\/Logo-Twind.svg"},{"@type":"BreadcrumbList","@id":"https:\/\/twind.io\/mx\/webinar-futuro-laboral-sostenible-objetivo-8-de-los-ods\/#breadcrumb","itemListElement":[{"@type":"ListItem","position":1,"name":"Portada","item":"https:\/\/twind.io\/mx\/"},{"@type":"ListItem","position":2,"name":"Webinar Futuro laboral Sostenible Objetivo 8 de los ODS"}]},{"@type":"WebSite","@id":"https:\/\/twind.io\/mx\/#website","url":"https:\/\/twind.io\/mx\/","name":"Twind - Plataforma de Gesti\u00f3n de Prestadores de Servicios especializados","description":"Automatiza y controla con facilidad el proceso de subcontrataci\u00f3n de tus prestadores de servicios, asegurando el cumplimiento legal y reduciendo los riesgos","publisher":{"@id":"https:\/\/twind.io\/mx\/#organization"},"potentialAction":[{"@type":"SearchAction","target":{"@type":"EntryPoint","urlTemplate":"https:\/\/twind.io\/mx\/?s={search_term_string}"},"query-input":{"@type":"PropertyValueSpecification","valueRequired":true,"valueName":"search_term_string"}}],"inLanguage":"es"},{"@type":"Organization","@id":"https:\/\/twind.io\/mx\/#organization","name":"Twind - Plataforma de Gesti\u00f3n de Prestadores de Servicios especializados","url":"https:\/\/twind.io\/mx\/","logo":{"@type":"ImageObject","inLanguage":"es","@id":"https:\/\/twind.io\/mx\/#\/schema\/logo\/image\/","url":"https:\/\/twind.io\/mx\/wp-content\/uploads\/2023\/04\/Logo-Twind.svg","contentUrl":"https:\/\/twind.io\/mx\/wp-content\/uploads\/2023\/04\/Logo-Twind.svg","width":1,"height":1,"caption":"Twind - Plataforma de Gesti\u00f3n de Prestadores de Servicios especializados"},"image":{"@id":"https:\/\/twind.io\/mx\/#\/schema\/logo\/image\/"}}]}},"_links":{"self":[{"href":"https:\/\/twind.io\/mx\/wp-json\/wp\/v2\/pages\/1011","targetHints":{"allow":["GET"]}}],"collection":[{"href":"https:\/\/twind.io\/mx\/wp-json\/wp\/v2\/pages"}],"about":[{"href":"https:\/\/twind.io\/mx\/wp-json\/wp\/v2\/types\/page"}],"author":[{"embeddable":true,"href":"https:\/\/twind.io\/mx\/wp-json\/wp\/v2\/users\/1"}],"replies":[{"embeddable":true,"href":"https:\/\/twind.io\/mx\/wp-json\/wp\/v2\/comments?post=1011"}],"version-history":[{"count":36,"href":"https:\/\/twind.io\/mx\/wp-json\/wp\/v2\/pages\/1011\/revisions"}],"predecessor-version":[{"id":2642,"href":"https:\/\/twind.io\/mx\/wp-json\/wp\/v2\/pages\/1011\/revisions\/2642"}],"wp:attachment":[{"href":"https:\/\/twind.io\/mx\/wp-json\/wp\/v2\/media?parent=1011"}],"curies":[{"name":"wp","href":"https:\/\/api.w.org\/{rel}","templated":true}]}}