{"id":1975,"date":"2024-04-29T10:07:02","date_gmt":"2024-04-29T10:07:02","guid":{"rendered":"https:\/\/twind.io\/mx\/?page_id=1975"},"modified":"2025-09-22T08:55:15","modified_gmt":"2025-09-22T08:55:15","slug":"normas-oficiales-mexicanas-sst","status":"publish","type":"page","link":"https:\/\/twind.io\/mx\/normas-oficiales-mexicanas-sst\/","title":{"rendered":"LM Normas Oficiales Mexicanas SST"},"content":{"rendered":"<p><span style=\"\"><img decoding=\"async\" alt=\"Logo twind by ctaima\" data-id=\"1293\" width=\"177\" data-init-width=\"697\" height=\"53\" data-init-height=\"209\" title=\"Logo twind by ctaima\" src=\"https:\/\/twind.io\/mx\/wp-content\/uploads\/2024\/04\/logo-twind-by-ctaima.png\" data-width=\"177\" data-height=\"53\" style=\"aspect-ratio: auto 697 \/ 209;\" mt-d=\"-0.5313000000000017\" ml-d=\"0\" center-v-d=\"false\" loading=\"lazy\"><\/span><\/p>\n<p style=\"text-align: center;\">\u00a1Descarga gratis nuestra Gu\u00eda sobre Marco Normativo de SST!<\/p>\n<p><span style=\"\"><img decoding=\"async\" alt=\"\" data-id=\"1986\" width=\"496\" data-init-width=\"1811\" height=\"701\" data-init-height=\"2560\" title=\"Portada\" src=\"https:\/\/twind.io\/mx\/wp-content\/uploads\/2024\/04\/Portada-scaled.jpg\" data-width=\"496\" data-height=\"701\" style=\"aspect-ratio: auto 1811 \/ 2560;\" ml-d=\"-2.1000000000000227\" mt-d=\"0\" loading=\"lazy\"><\/span><\/p>\n<p><span data-contrast=\"auto\" lang=\"ES-ES\"><strong><\/strong><\/span><span data-contrast=\"auto\" lang=\"ES-ES\"><strong>\u00bfConoces todas las regulaciones de Seguridad y Salud en el Trabajo en M\u00e9xico?<\/strong> Descarga nuestra GU\u00cdA GRATUITA y convi\u00e9rtete en un experto en normativa laboral.<\/span><\/p>\n\n\t\t\t\t\t\t<script>\n\t\t\t\t\t\t\twindow.hsFormsOnReady = window.hsFormsOnReady || [];\n\t\t\t\t\t\t\twindow.hsFormsOnReady.push(()=>{\n\t\t\t\t\t\t\t\thbspt.forms.create({\n\t\t\t\t\t\t\t\t\tportalId: 146424663,\n\t\t\t\t\t\t\t\t\tformId: \"bf1fee26-4073-4297-9185-b14530e17247\",\n\t\t\t\t\t\t\t\t\ttarget: \"#hbspt-form-1776036171000-5516116511\",\n\t\t\t\t\t\t\t\t\tregion: \"eu1\",\n\t\t\t\t\t\t\t\t\t\n\t\t\t\t\t\t\t})});\n\t\t\t\t\t\t<\/script>\n\t\t\t\t\t\t<div class=\"hbspt-form\" id=\"hbspt-form-1776036171000-5516116511\"><\/div>\n<h3 style=\"text-align: center;\"><\/h3>\n<h1 style=\"text-align: center;\"><span data-contrast=\"none\" lang=\"ES-ES\" style=\"\"><span data-ccp-parastyle=\"heading 2\" style=\"\"><span data-contrast=\"auto\" lang=\"ES-ES\" style=\"\"><span dir=\"ltr\" style=\"\">Contenido de la Gu\u00eda:<\/span><\/span><\/span><\/span><\/h1>\n<h3><img decoding=\"async\" role=\"img\" alt=\"\u2705\" src=\"https:\/\/s.w.org\/images\/core\/emoji\/15.0.3\/svg\/2705.svg\" loading=\"lazy\"> <span data-contrast=\"auto\" lang=\"ES-ES\" style=\"--tcb-applied-color: rgb(255, 255, 255) !important; color: rgb(255, 255, 255) !important;\">Conoce las responsabilidades esenciales que recaen sobre los empleadores en materia de seguridad y salud laboral.<\/span><\/h3>\n<h3><img decoding=\"async\" role=\"img\" alt=\"\u2705\" src=\"https:\/\/s.w.org\/images\/core\/emoji\/15.0.3\/svg\/2705.svg\" loading=\"lazy\">&nbsp;<span data-contrast=\"auto\" lang=\"ES-ES\" style=\"--tcb-applied-color: rgb(255, 255, 255) !important; color: rgb(255, 255, 255) !important;\">Sum\u00e9rgete en el mundo de las Normas Oficiales Mexicanas (NOMs) y c\u00f3mo cumplirlas de manera efectiva.<\/span><\/h3>\n<h3><img decoding=\"async\" role=\"img\" alt=\"\u2705\" src=\"https:\/\/s.w.org\/images\/core\/emoji\/15.0.3\/svg\/2705.svg\" loading=\"lazy\">&nbsp;<span data-contrast=\"auto\" lang=\"ES-ES\" style=\"--tcb-applied-color: rgb(255, 255, 255) !important; color: rgb(255, 255, 255) !important;\">Descubre las normativas espec\u00edficas que deben seguir las empresas para garantizar la seguridad de sus empleados.<\/span><\/h3>\n<h3><img decoding=\"async\" role=\"img\" alt=\"\u2705\" src=\"https:\/\/s.w.org\/images\/core\/emoji\/15.0.3\/svg\/2705.svg\" loading=\"lazy\">&nbsp;<span data-contrast=\"auto\" lang=\"ES-ES\" style=\"--tcb-applied-color: rgb(255, 255, 255) !important; color: rgb(255, 255, 255) !important;\">Explora las diversas obligaciones que las empresas deben cumplir para garantizar un entorno laboral seguro y saludable.<\/span><\/h3>\n<h3><img decoding=\"async\" role=\"img\" alt=\"\u2705\" src=\"https:\/\/s.w.org\/images\/core\/emoji\/15.0.3\/svg\/2705.svg\" loading=\"lazy\">&nbsp;<span data-contrast=\"auto\" lang=\"ES-ES\" style=\"--tcb-applied-color: rgb(255, 255, 255) !important; color: rgb(255, 255, 255) !important;\">Conoce las consecuencias del incumplimiento de las regulaciones de seguridad y salud laboral y las estrategias para evitarlas.<\/span><span data-contrast=\"auto\" lang=\"ES-ES\" style=\"--tcb-applied-color: rgb(255, 255, 255) !important; color: rgb(255, 255, 255) !important;\"><\/span><\/h3>\n<p><strong><span data-contrast=\"auto\" lang=\"ES-ES\" style=\"--tcb-applied-color: rgb(255, 255, 255) !important; color: rgb(255, 255, 255) !important;\">\u00a1Descarga la gu\u00eda gratis y fortalece tu seguridad laboral!&nbsp;<\/span><\/strong><\/p>\n<p><span><img decoding=\"async\" alt=\"\" data-id=\"1988\" width=\"357\" data-init-width=\"1891\" height=\"511\" data-init-height=\"2707\" title=\"Frame 4\" src=\"https:\/\/twind.io\/mx\/wp-content\/uploads\/2024\/04\/Frame-4-1.png\" data-width=\"357\" data-height=\"511\" style=\"aspect-ratio: auto 1891 \/ 2707;\" loading=\"lazy\"><\/span><\/p>\n","protected":false},"excerpt":{"rendered":"<p>\u00a1Descarga gratis nuestra Gu\u00eda sobre Marco Normativo de SST! \u00bfConoces todas las regulaciones de Seguridad y Salud en el Trabajo en M\u00e9xico? Descarga nuestra GU\u00cdA GRATUITA y convi\u00e9rtete en un experto en normativa laboral. Contenido de la Gu\u00eda: Conoce las responsabilidades esenciales que recaen sobre los empleadores en materia de seguridad y salud laboral. &nbsp;Sum\u00e9rgete [&hellip;]<\/p>\n","protected":false},"author":1,"featured_media":0,"parent":0,"menu_order":0,"comment_status":"closed","ping_status":"closed","template":"","meta":{"content-type":"","footnotes":""},"class_list":["post-1975","page","type-page","status-publish","hentry","post-wrapper","thrv_wrapper"],"yoast_head":"<!-- This site is optimized with the Yoast SEO plugin v27.3 - https:\/\/yoast.com\/product\/yoast-seo-wordpress\/ -->\n<title>Gu\u00eda Normas Oficiales Mexicanas SST<\/title>\n<meta name=\"description\" content=\"Gu\u00eda Normas Oficiales Mexicanas SST\" \/>\n<meta name=\"robots\" content=\"index, follow, max-snippet:-1, max-image-preview:large, max-video-preview:-1\" \/>\n<link rel=\"canonical\" href=\"https:\/\/twind.io\/mx\/normas-oficiales-mexicanas-sst\/\" \/>\n<meta property=\"og:locale\" content=\"es_MX\" \/>\n<meta property=\"og:type\" content=\"article\" \/>\n<meta property=\"og:title\" content=\"Gu\u00eda Normas Oficiales Mexicanas SST\" \/>\n<meta property=\"og:description\" content=\"Gu\u00eda Normas Oficiales Mexicanas SST\" \/>\n<meta property=\"og:url\" content=\"https:\/\/twind.io\/mx\/normas-oficiales-mexicanas-sst\/\" \/>\n<meta property=\"og:site_name\" content=\"Twind - Plataforma de Gesti\u00f3n de Prestadores de Servicios especializados\" \/>\n<meta property=\"article:modified_time\" content=\"2025-09-22T08:55:15+00:00\" \/>\n<meta property=\"og:image\" content=\"https:\/\/twind.io\/mx\/wp-content\/uploads\/2024\/04\/logo-twind-by-ctaima.png\" \/>\n<meta name=\"twitter:card\" content=\"summary_large_image\" \/>\n<meta name=\"twitter:label1\" content=\"Tiempo de lectura\" \/>\n\t<meta name=\"twitter:data1\" content=\"4 minutos\" \/>\n<script type=\"application\/ld+json\" class=\"yoast-schema-graph\">{\"@context\":\"https:\\\/\\\/schema.org\",\"@graph\":[{\"@type\":\"WebPage\",\"@id\":\"https:\\\/\\\/twind.io\\\/mx\\\/normas-oficiales-mexicanas-sst\\\/\",\"url\":\"https:\\\/\\\/twind.io\\\/mx\\\/normas-oficiales-mexicanas-sst\\\/\",\"name\":\"Gu\u00eda Normas Oficiales Mexicanas SST\",\"isPartOf\":{\"@id\":\"https:\\\/\\\/twind.io\\\/mx\\\/#website\"},\"primaryImageOfPage\":{\"@id\":\"https:\\\/\\\/twind.io\\\/mx\\\/normas-oficiales-mexicanas-sst\\\/#primaryimage\"},\"image\":{\"@id\":\"https:\\\/\\\/twind.io\\\/mx\\\/normas-oficiales-mexicanas-sst\\\/#primaryimage\"},\"thumbnailUrl\":\"https:\\\/\\\/twind.io\\\/mx\\\/wp-content\\\/uploads\\\/2024\\\/04\\\/logo-twind-by-ctaima.png\",\"datePublished\":\"2024-04-29T10:07:02+00:00\",\"dateModified\":\"2025-09-22T08:55:15+00:00\",\"description\":\"Gu\u00eda Normas Oficiales Mexicanas SST\",\"breadcrumb\":{\"@id\":\"https:\\\/\\\/twind.io\\\/mx\\\/normas-oficiales-mexicanas-sst\\\/#breadcrumb\"},\"inLanguage\":\"es\",\"potentialAction\":[{\"@type\":\"ReadAction\",\"target\":[\"https:\\\/\\\/twind.io\\\/mx\\\/normas-oficiales-mexicanas-sst\\\/\"]}]},{\"@type\":\"ImageObject\",\"inLanguage\":\"es\",\"@id\":\"https:\\\/\\\/twind.io\\\/mx\\\/normas-oficiales-mexicanas-sst\\\/#primaryimage\",\"url\":\"https:\\\/\\\/twind.io\\\/mx\\\/wp-content\\\/uploads\\\/2024\\\/04\\\/logo-twind-by-ctaima.png\",\"contentUrl\":\"https:\\\/\\\/twind.io\\\/mx\\\/wp-content\\\/uploads\\\/2024\\\/04\\\/logo-twind-by-ctaima.png\",\"width\":697,\"height\":209},{\"@type\":\"BreadcrumbList\",\"@id\":\"https:\\\/\\\/twind.io\\\/mx\\\/normas-oficiales-mexicanas-sst\\\/#breadcrumb\",\"itemListElement\":[{\"@type\":\"ListItem\",\"position\":1,\"name\":\"Portada\",\"item\":\"https:\\\/\\\/twind.io\\\/mx\\\/\"},{\"@type\":\"ListItem\",\"position\":2,\"name\":\"LM Normas Oficiales Mexicanas SST\"}]},{\"@type\":\"WebSite\",\"@id\":\"https:\\\/\\\/twind.io\\\/mx\\\/#website\",\"url\":\"https:\\\/\\\/twind.io\\\/mx\\\/\",\"name\":\"Twind - Plataforma de Gesti\u00f3n de Prestadores de Servicios especializados\",\"description\":\"Automatiza y controla con facilidad el proceso de subcontrataci\u00f3n de tus prestadores de servicios, asegurando el cumplimiento legal y reduciendo los riesgos\",\"publisher\":{\"@id\":\"https:\\\/\\\/twind.io\\\/mx\\\/#organization\"},\"potentialAction\":[{\"@type\":\"SearchAction\",\"target\":{\"@type\":\"EntryPoint\",\"urlTemplate\":\"https:\\\/\\\/twind.io\\\/mx\\\/?s={search_term_string}\"},\"query-input\":{\"@type\":\"PropertyValueSpecification\",\"valueRequired\":true,\"valueName\":\"search_term_string\"}}],\"inLanguage\":\"es\"},{\"@type\":\"Organization\",\"@id\":\"https:\\\/\\\/twind.io\\\/mx\\\/#organization\",\"name\":\"Twind - Plataforma de Gesti\u00f3n de Prestadores de Servicios especializados\",\"url\":\"https:\\\/\\\/twind.io\\\/mx\\\/\",\"logo\":{\"@type\":\"ImageObject\",\"inLanguage\":\"es\",\"@id\":\"https:\\\/\\\/twind.io\\\/mx\\\/#\\\/schema\\\/logo\\\/image\\\/\",\"url\":\"https:\\\/\\\/twind.io\\\/mx\\\/wp-content\\\/uploads\\\/2023\\\/04\\\/Logo-Twind.svg\",\"contentUrl\":\"https:\\\/\\\/twind.io\\\/mx\\\/wp-content\\\/uploads\\\/2023\\\/04\\\/Logo-Twind.svg\",\"width\":1,\"height\":1,\"caption\":\"Twind - Plataforma de Gesti\u00f3n de Prestadores de Servicios especializados\"},\"image\":{\"@id\":\"https:\\\/\\\/twind.io\\\/mx\\\/#\\\/schema\\\/logo\\\/image\\\/\"}}]}<\/script>\n<!-- \/ Yoast SEO plugin. -->","yoast_head_json":{"title":"Gu\u00eda Normas Oficiales Mexicanas SST","description":"Gu\u00eda Normas Oficiales Mexicanas SST","robots":{"index":"index","follow":"follow","max-snippet":"max-snippet:-1","max-image-preview":"max-image-preview:large","max-video-preview":"max-video-preview:-1"},"canonical":"https:\/\/twind.io\/mx\/normas-oficiales-mexicanas-sst\/","og_locale":"es_MX","og_type":"article","og_title":"Gu\u00eda Normas Oficiales Mexicanas SST","og_description":"Gu\u00eda Normas Oficiales Mexicanas SST","og_url":"https:\/\/twind.io\/mx\/normas-oficiales-mexicanas-sst\/","og_site_name":"Twind - Plataforma de Gesti\u00f3n de Prestadores de Servicios especializados","article_modified_time":"2025-09-22T08:55:15+00:00","og_image":[{"url":"https:\/\/twind.io\/mx\/wp-content\/uploads\/2024\/04\/logo-twind-by-ctaima.png","type":"","width":"","height":""}],"twitter_card":"summary_large_image","twitter_misc":{"Tiempo de lectura":"4 minutos"},"schema":{"@context":"https:\/\/schema.org","@graph":[{"@type":"WebPage","@id":"https:\/\/twind.io\/mx\/normas-oficiales-mexicanas-sst\/","url":"https:\/\/twind.io\/mx\/normas-oficiales-mexicanas-sst\/","name":"Gu\u00eda Normas Oficiales Mexicanas SST","isPartOf":{"@id":"https:\/\/twind.io\/mx\/#website"},"primaryImageOfPage":{"@id":"https:\/\/twind.io\/mx\/normas-oficiales-mexicanas-sst\/#primaryimage"},"image":{"@id":"https:\/\/twind.io\/mx\/normas-oficiales-mexicanas-sst\/#primaryimage"},"thumbnailUrl":"https:\/\/twind.io\/mx\/wp-content\/uploads\/2024\/04\/logo-twind-by-ctaima.png","datePublished":"2024-04-29T10:07:02+00:00","dateModified":"2025-09-22T08:55:15+00:00","description":"Gu\u00eda Normas Oficiales Mexicanas SST","breadcrumb":{"@id":"https:\/\/twind.io\/mx\/normas-oficiales-mexicanas-sst\/#breadcrumb"},"inLanguage":"es","potentialAction":[{"@type":"ReadAction","target":["https:\/\/twind.io\/mx\/normas-oficiales-mexicanas-sst\/"]}]},{"@type":"ImageObject","inLanguage":"es","@id":"https:\/\/twind.io\/mx\/normas-oficiales-mexicanas-sst\/#primaryimage","url":"https:\/\/twind.io\/mx\/wp-content\/uploads\/2024\/04\/logo-twind-by-ctaima.png","contentUrl":"https:\/\/twind.io\/mx\/wp-content\/uploads\/2024\/04\/logo-twind-by-ctaima.png","width":697,"height":209},{"@type":"BreadcrumbList","@id":"https:\/\/twind.io\/mx\/normas-oficiales-mexicanas-sst\/#breadcrumb","itemListElement":[{"@type":"ListItem","position":1,"name":"Portada","item":"https:\/\/twind.io\/mx\/"},{"@type":"ListItem","position":2,"name":"LM Normas Oficiales Mexicanas SST"}]},{"@type":"WebSite","@id":"https:\/\/twind.io\/mx\/#website","url":"https:\/\/twind.io\/mx\/","name":"Twind - Plataforma de Gesti\u00f3n de Prestadores de Servicios especializados","description":"Automatiza y controla con facilidad el proceso de subcontrataci\u00f3n de tus prestadores de servicios, asegurando el cumplimiento legal y reduciendo los riesgos","publisher":{"@id":"https:\/\/twind.io\/mx\/#organization"},"potentialAction":[{"@type":"SearchAction","target":{"@type":"EntryPoint","urlTemplate":"https:\/\/twind.io\/mx\/?s={search_term_string}"},"query-input":{"@type":"PropertyValueSpecification","valueRequired":true,"valueName":"search_term_string"}}],"inLanguage":"es"},{"@type":"Organization","@id":"https:\/\/twind.io\/mx\/#organization","name":"Twind - Plataforma de Gesti\u00f3n de Prestadores de Servicios especializados","url":"https:\/\/twind.io\/mx\/","logo":{"@type":"ImageObject","inLanguage":"es","@id":"https:\/\/twind.io\/mx\/#\/schema\/logo\/image\/","url":"https:\/\/twind.io\/mx\/wp-content\/uploads\/2023\/04\/Logo-Twind.svg","contentUrl":"https:\/\/twind.io\/mx\/wp-content\/uploads\/2023\/04\/Logo-Twind.svg","width":1,"height":1,"caption":"Twind - Plataforma de Gesti\u00f3n de Prestadores de Servicios especializados"},"image":{"@id":"https:\/\/twind.io\/mx\/#\/schema\/logo\/image\/"}}]}},"_links":{"self":[{"href":"https:\/\/twind.io\/mx\/wp-json\/wp\/v2\/pages\/1975","targetHints":{"allow":["GET"]}}],"collection":[{"href":"https:\/\/twind.io\/mx\/wp-json\/wp\/v2\/pages"}],"about":[{"href":"https:\/\/twind.io\/mx\/wp-json\/wp\/v2\/types\/page"}],"author":[{"embeddable":true,"href":"https:\/\/twind.io\/mx\/wp-json\/wp\/v2\/users\/1"}],"replies":[{"embeddable":true,"href":"https:\/\/twind.io\/mx\/wp-json\/wp\/v2\/comments?post=1975"}],"version-history":[{"count":30,"href":"https:\/\/twind.io\/mx\/wp-json\/wp\/v2\/pages\/1975\/revisions"}],"predecessor-version":[{"id":3800,"href":"https:\/\/twind.io\/mx\/wp-json\/wp\/v2\/pages\/1975\/revisions\/3800"}],"wp:attachment":[{"href":"https:\/\/twind.io\/mx\/wp-json\/wp\/v2\/media?parent=1975"}],"curies":[{"name":"wp","href":"https:\/\/api.w.org\/{rel}","templated":true}]}}