{"id":2432,"date":"2024-12-02T15:29:04","date_gmt":"2024-12-02T15:29:04","guid":{"rendered":"https:\/\/twind.io\/mx\/?page_id=2432"},"modified":"2025-10-27T15:09:04","modified_gmt":"2025-10-27T15:09:04","slug":"transformando-la-gestion-del-repse-en-cumbres-santa-fe-con-twind","status":"publish","type":"page","link":"https:\/\/twind.io\/mx\/transformando-la-gestion-del-repse-en-cumbres-santa-fe-con-twind\/","title":{"rendered":"Transformando la gesti\u00f3n del REPSE en Cumbres Santa Fe con Twind"},"content":{"rendered":"<h1 style=\"text-align: center;\"><span style=\"color: var(--tcb-color-1) !important; --tcb-applied-color: var$(--tcb-color-1) !important;\">Caso de \u00c9xito: <\/span><span style=\"color: var(--tcb-color-4) !important; --tcb-applied-color: var$(--tcb-color-4) !important;\">Cumbres Santa Fe<\/span><\/h1>\n<p style=\"text-align: center;\"><strong><span data-contrast=\"auto\" lang=\"ES-ES\">Transformando la gesti\u00f3n del REPSE en Cumbres Santa Fe con Twind<\/span><\/strong><\/p>\n<p style=\"\"><em><span data-contrast=\"auto\" lang=\"ES-ES\" style=\"\"><span style=\"\"><em><span data-contrast=\"auto\" lang=\"ES-ES\">&#8220;De semanas enteras a solo dos horas al mes: Twind nos devolvi\u00f3 el control del tiempo y la tranquilidad en nuestra gesti\u00f3n.&#8221;<\/span><\/em><\/span><\/span><\/em><\/p>\n<h2 style=\"text-align: center;\">Iv\u00e1n S\u00e1nchez Mart\u00ednez, <span>Agente de Recursos Humanos en Cumbres Santa Fe<\/span><\/h2>\n<p><span><a href=\"https:\/\/twind.io\/mx\/wp-content\/uploads\/2024\/12\/cumbres-de-santa-fe.svg\"><img decoding=\"async\" alt=\"\" data-id=\"2447\" width=\"164\" data-init-width=\"769\" height=\"202\" data-init-height=\"129\" title=\"cumbres-de-santa-fe\" src=\"https:\/\/twind.io\/mx\/wp-content\/uploads\/2024\/12\/cumbres-de-santa-fe.svg\" data-width=\"164\" data-height=\"202\" style=\"aspect-ratio: auto 769 \/ 129;\" data-link-wrap=\"true\" loading=\"lazy\"><\/a><\/span><\/p>\n<h2 style=\"text-align: left;\"><span data-contrast=\"auto\" lang=\"ES-ES\"><span style=\"font-weight: normal;\">Sobre <\/span>Cumbres Santa Fe<\/span><\/h2>\n<p \"=\"\" style=\"\"span data-contrast=\"auto\" lang=\"ES-ES\"\/spanspan data-contrast=\"auto\" lang=\"ES-ES\"Ubicado en M\u00e9xico, Cumbres Santa Fe es un exclusivo residencial que trabaja con seis empresas contratistas para gestionar servicios clave como limpieza y jardiner\u00eda. \/span\/pp \"=\"\" style=\"\"><span data-contrast=\"auto\" lang=\"ES-ES\">En promedio,<strong> entre 80 y 100 trabajadores externos<\/strong> colaboran simult\u00e1neamente en sus instalaciones, mientras que a lo largo del a\u00f1o, el total de personas trabajadoras externas que trabajan en el edificio asciende a cerca de 500.<\/span><\/p>\n<h2 style=\"text-align: center;\"><span>El reto: Un proceso manual y agotador<\/span><\/h2>\n<p style=\"\"><span data-contrast=\"auto\" lang=\"ES-ES\" style=\"--tcb-applied-color: rgb(26, 48, 55) !important; color: rgb(26, 48, 55) !important;\">Para Iv\u00e1n, agente de Recursos Humanos, <strong>el principal desaf\u00edo era la recopilaci\u00f3n de informaci\u00f3n de proveedores y el cumplimiento del REPSE<\/strong>, todo de forma manual. \u201cEl proceso era muy rudimentario\u201d, explica Iv\u00e1n.&nbsp;<\/span><\/p>\n<p style=\"\">\n<p style=\"\"><span data-contrast=\"auto\" lang=\"ES-ES\" style=\"--tcb-applied-color: rgb(26, 48, 55) !important; color: rgb(26, 48, 55) !important;\">\u201cDesde el d\u00eda 17 de cada mes hasta el 8 del mes siguiente siguiente, estaba solicitando documentos como c\u00e9dulas del Seguro Social, constancias fiscales, con listas de cumplimiento hechas a mano. Era una tarea interminable que ocupaba pr\u00e1cticamente tres semanas.\u201dEl impacto no solo reca\u00eda en la carga de trabajo, sino tambi\u00e9n en la calidad del tiempo disponible para otras responsabilidades. \u201cPerd\u00eda horas valiosas en tareas repetitivas que pod\u00edan ser mucho m\u00e1s simples\u201d, comenta.<\/span><\/p>\n<h2 style=\"text-align: center;\"><span style=\"color: var(--tcb-color-1) !important; --tcb-applied-color: var$(--tcb-color-1) !important;\">Objetivos<\/span><\/h2>\n<p><span><img decoding=\"async\" alt=\"\" data-id=\"235\" title=\"3\" src=\"https:\/\/twind.io\/mx\/wp-content\/uploads\/2024\/12\/3.svg\" data-width=\"68\" data-height=\"68\" style=\"aspect-ratio: auto 68 \/ 68;\" height=\"68\" width=\"68\" data-init-width=\"68\" data-init-height=\"68\" loading=\"lazy\"><\/span><\/p>\n<p \"=\"\" 1\"=\"\" =\"\"=\"\" data-aria-posinset=\"1\" data-font=\"Symbol\" data-leveltext=\"\uf0b7\" data-list-defn-props=\"{&quot;335552541&quot;:1,&quot;335559685&quot;:720,&quot;335559991&quot;:360,&quot;469769226&quot;:&quot;Symbol&quot;,&quot;469769242&quot;:[8226],&quot;469777803&quot;:&quot;left&quot;,&quot;469777804&quot;:&quot;\uf0b7&quot;,&quot;469777815&quot;:&quot;hybridMultilevel&quot;}\" data-listid=\"1\" style=\"text-align: center; color: var(--tcb-color-5) !important; --tcb-applied-color: var$(--tcb-color-5) !important;\"><span data-contrast=\"auto\" lang=\"ES-ES\" style=\"--tcb-applied-color: var$(--tcb-color-5) !important;\">Mejorar la gesti\u00f3n documental y el control de contratistas<\/span><\/p>\n<p><span><img decoding=\"async\" alt=\"\" data-id=\"243\" title=\"5\" src=\"https:\/\/twind.io\/mx\/wp-content\/uploads\/2024\/12\/5.svg\" data-width=\"68\" data-height=\"68\" style=\"\" height=\"68\" width=\"68\" loading=\"lazy\"><\/span><\/p>\n<p \"=\"\" 1\"=\"\" =\"\"=\"\" data-aria-posinset=\"1\" data-font=\"Symbol\" data-leveltext=\"\uf0b7\" data-list-defn-props=\"{&quot;335552541&quot;:1,&quot;335559685&quot;:720,&quot;335559991&quot;:360,&quot;469769226&quot;:&quot;Symbol&quot;,&quot;469769242&quot;:[8226],&quot;469777803&quot;:&quot;left&quot;,&quot;469777804&quot;:&quot;\uf0b7&quot;,&quot;469777815&quot;:&quot;hybridMultilevel&quot;}\" data-listid=\"1\" style=\"text-align: center; color: var(--tcb-color-5) !important; --tcb-applied-color: var$(--tcb-color-5) !important;\"><span data-contrast=\"auto\" lang=\"ES-ES\" style=\"--tcb-applied-color: var$(--tcb-color-5) !important;\"><span data-contrast=\"auto\" lang=\"ES-ES\" style=\"--tcb-applied-color: var$(--tcb-color-5) !important;\">Incrementar la eficiencia y organizaci\u00f3n en la gesti\u00f3n documental<\/span><\/span><\/p>\n<p><span><img decoding=\"async\" alt=\"\" data-id=\"246\" title=\"8\" src=\"https:\/\/twind.io\/mx\/wp-content\/uploads\/2024\/12\/8.svg\" data-width=\"68\" data-height=\"68\" style=\"aspect-ratio: auto 68 \/ 68;\" height=\"68\" width=\"68\" data-init-width=\"68\" data-init-height=\"68\" loading=\"lazy\"><\/span><\/p>\n<p \"=\"\" 1\"=\"\" =\"\"=\"\" data-aria-posinset=\"3\" data-font=\"Symbol\" data-leveltext=\"\uf0b7\" data-list-defn-props=\"{&quot;335552541&quot;:1,&quot;335559685&quot;:720,&quot;335559991&quot;:360,&quot;469769226&quot;:&quot;Symbol&quot;,&quot;469769242&quot;:[8226],&quot;469777803&quot;:&quot;left&quot;,&quot;469777804&quot;:&quot;\uf0b7&quot;,&quot;469777815&quot;:&quot;hybridMultilevel&quot;}\" data-listid=\"1\" style=\"text-align: center; color: var(--tcb-color-5) !important; --tcb-applied-color: var$(--tcb-color-5) !important;\"><span data-contrast=\"auto\" lang=\"ES-ES\" style=\"--tcb-applied-color: var$(--tcb-color-5) !important;\">Aumentar la seguridad laboral y reducir los riesgos de accidentes<\/span><\/p>\n<h2 style=\"text-align: center;\"><span style=\"color: var(--tcb-color-1) !important; --tcb-applied-color: var$(--tcb-color-1) !important;\">La soluci\u00f3n lleg\u00f3 con <\/span><span style=\"color: var(--tcb-color-4) !important; --tcb-applied-color: var$(--tcb-color-4) !important;\">Twind<\/span><\/h2>\n<p><span data-contrast=\"auto\" lang=\"ES-ES\" style=\"--tcb-applied-color: rgb(26, 48, 55) !important; color: rgb(26, 48, 55) !important;\">En marzo de este a\u00f1o, la implementaci\u00f3n de Twind marc\u00f3 un antes y un despu\u00e9s para Iv\u00e1n y el equipo de Cumbres Santa Fe. Desde el inicio, la plataforma mostr\u00f3 ser una herramienta transformadora:<\/span><\/p>\n<p><span data-contrast=\"auto\" lang=\"ES-ES\" style=\"--tcb-applied-color: rgb(26, 48, 55) !important; color: rgb(26, 48, 55) !important;\"><\/span><span data-contrast=\"auto\" lang=\"ES-ES\" style=\"--tcb-applied-color: var$(--tcb-color-4) !important; color: var(--tcb-color-4) !important;\">\u2022 <strong>Centralizaci\u00f3n y automatizaci\u00f3n:<\/strong> <\/span><span data-contrast=\"auto\" lang=\"ES-ES\" style=\"--tcb-applied-color: rgb(26, 48, 55) !important; color: rgb(26, 48, 55) !important;\">Todo el proceso documental, desde la recopilaci\u00f3n hasta la validaci\u00f3n, qued\u00f3 organizado en un \u00fanico sistema.<\/span><\/p>\n<p><span data-contrast=\"auto\" lang=\"ES-ES\" style=\"--tcb-applied-color: rgb(26, 48, 55) !important; color: rgb(26, 48, 55) !important;\"><\/span><span data-contrast=\"auto\" lang=\"ES-ES\" style=\"--tcb-applied-color: var$(--tcb-color-4) !important; color: var(--tcb-color-4) !important;\">\u2022 <strong>Reducci\u00f3n de tiempo<\/strong><strong>:<\/strong> <\/span><span data-contrast=\"auto\" lang=\"ES-ES\" style=\"--tcb-applied-color: rgb(26, 48, 55) !important; color: rgb(26, 48, 55) !important;\">Iv\u00e1n ahora dedica solo dos horas al mes a una tarea que antes consum\u00eda semanas. \u201cPuedo verificar todo en media hora a la semana, lo que me permite enfocarme en otras actividades\u201d, afirma.<\/span><\/p>\n<p><span data-contrast=\"auto\" lang=\"ES-ES\" style=\"--tcb-applied-color: rgb(26, 48, 55) !important; color: rgb(26, 48, 55) !important;\"><\/span><span data-contrast=\"auto\" lang=\"ES-ES\" style=\"--tcb-applied-color: var$(--tcb-color-4) !important; color: var(--tcb-color-4) !important;\"><strong>\u2022 Interfaz amigable:<\/strong> <\/span><span data-contrast=\"auto\" lang=\"ES-ES\" style=\"--tcb-applied-color: rgb(26, 48, 55) !important; color: rgb(26, 48, 55) !important;\">La plataforma es f\u00e1cil de usar, tanto para los gestores como para los proveedores. \u201cNo se siente como una carga, sino como una herramienta que realmente facilita el trabajo\u201d, destaca.<\/span><\/p>\n<h2 style=\"text-align: center;\"><span style=\"color: var(--tcb-color-1) !important; --tcb-applied-color: var$(--tcb-color-1) !important;\"><strong>Soporte al cliente que marca la diferencia<\/strong><!--[endif]--><\/span><\/h2>\n<p style=\"\"><span data-contrast=\"auto\" lang=\"ES-ES\" style=\"--tcb-applied-color: rgb(26, 48, 55) !important; color: rgb(26, 48, 55) !important;\">Uno de los aspectos m\u00e1s valorados por Iv\u00e1n ha sido la calidad del soporte. \u201cEl chat resuelve cualquier duda en tiempo real, y el seguimiento personalizado de nuestra Customer Success ha sido incre\u00edble. Recibimos encuestas de satisfacci\u00f3n y llamadas que muestran un compromiso genuino con nuestro \u00e9xito\u201d, comenta.<\/span><\/p>\n<h2 style=\"text-align: center;\"><span style=\"color: var(--tcb-color-1) !important; --tcb-applied-color: var$(--tcb-color-1) !important;\"><strong>El impacto: M\u00e1s que eficiencia, tranquilidad<\/strong><\/span><\/h2>\n<p><span data-contrast=\"auto\" lang=\"ES-ES\" style=\"--tcb-applied-color: rgb(26, 48, 55) !important; color: rgb(26, 48, 55) !important;\"><span data-contrast=\"auto\" lang=\"ES-ES\">La implementaci\u00f3n de Twind no solo mejor\u00f3 la productividad, sino que tambi\u00e9n redujo el estr\u00e9s asociado con la gesti\u00f3n manual. <\/span><\/span><\/p>\n<\/p>\n<p><span data-contrast=\"auto\" lang=\"ES-ES\" style=\"--tcb-applied-color: rgb(26, 48, 55) !important; color: rgb(26, 48, 55) !important;\"><span data-contrast=\"auto\" lang=\"ES-ES\">En palabras de Iv\u00e1n: \u201cLa plataforma me ha liberado de tareas repetitivas y ahora puedo dedicar tiempo a lo que realmente importa en mi puesto.\u201d<\/span><\/span><\/p>\n<p><strong><span data-contrast=\"auto\" lang=\"ES-ES\"><span><span data-contrast=\"auto\" lang=\"ES-ES\">Adem\u00e1s, en t\u00e9rminos de m\u00e9tricas, <span style=\"--tcb-applied-color: var$(--tcb-color-4) !important; color: var(--tcb-color-4) !important;\">Cumbres Santa Fe logr\u00f3 una entrega del 100% de la informaci\u00f3n requerida para el REPSE<\/span>, manteniendo la plataforma actualizada al 90% cada mes.&nbsp;<\/span><\/span><\/span><\/strong><\/p>\n<h2 style=\"text-align: center;\"><span style=\"color: var(--tcb-color-1) !important; --tcb-applied-color: var$(--tcb-color-1) !important;\"><strong>El proceso de adaptaci\u00f3n<\/strong><\/span><\/h2>\n<p><span data-contrast=\"auto\" lang=\"ES-ES\" style=\"--tcb-applied-color: rgb(26, 48, 55) !important; color: rgb(26, 48, 55) !important;\"><span data-contrast=\"auto\" lang=\"ES-ES\">Iv\u00e1n y su equipo se adaptaron r\u00e1pidamente al uso de Twind. &#8220;En solo dos meses ya est\u00e1bamos totalmente familiarizados con la herramienta, tanto yo como los proveedores. A partir de ah\u00ed, todo fluy\u00f3 sin problemas\u201d, comenta.<\/span><\/span><\/p>\n<\/p>\n<h2 style=\"text-align: center;\"><span style=\"color: var(--tcb-color-1) !important; --tcb-applied-color: var$(--tcb-color-1) !important;\"><strong>\u00bfPor qu\u00e9 <\/strong><\/span><span style=\"color: var(--tcb-color-4) !important; --tcb-applied-color: var$(--tcb-color-4) !important;\"><strong>Twind<\/strong><\/span><span style=\"color: var(--tcb-color-1) !important; --tcb-applied-color: var$(--tcb-color-1) !important;\"><strong>?<\/strong><\/span><\/h2>\n<p><span data-contrast=\"auto\" lang=\"ES-ES\" style=\"--tcb-applied-color: rgb(26, 48, 55) !important; color: rgb(26, 48, 55) !important;\"><span data-contrast=\"auto\" lang=\"ES-ES\">Cuando se le pregunta por qu\u00e9 recomendar\u00eda Twind, Iv\u00e1n no duda:<\/span><\/span><\/p>\n<p><span data-contrast=\"auto\" lang=\"ES-ES\" style=\"--tcb-applied-color: rgb(26, 48, 55) !important; color: rgb(26, 48, 55) !important;\"><span data-contrast=\"auto\" lang=\"ES-ES\"><\/span><\/span><\/p>\n<p><em><span data-contrast=\"auto\" lang=\"ES-ES\"><span><em><span data-contrast=\"auto\" lang=\"ES-ES\">\u201cEs una herramienta pr\u00e1ctica, din\u00e1mica y con un soporte excepcional. Si no tienes algo as\u00ed, te est\u00e1s complicando la vida. Twind ahorra tiempo, reduce el estr\u00e9s y te ayuda a trabajar mejor.\u201d<\/span><\/em><\/span><\/span><\/em><\/p>\n<h2 style=\"text-align: center;\">Iv\u00e1n S\u00e1nchez Mart\u00ednez, <span>Agente de Recursos Humanos en Cumbres Santa Fe<\/span><\/h2>\n<p style=\"text-align: justify;\"><em> <\/em><\/p>\n<h3 style=\"text-align: center;\"><span style=\"--tcb-applied-color: var$(--tcb-color-4) !important; color: var(--tcb-color-4) !important;\">\u00bfT\u00fa tambi\u00e9n quieres optimizar tu gesti\u00f3n?<\/span><span style=\"font-weight: normal;\"><span style=\"font-size: 20px !important;\">Descubre c\u00f3mo Twind puede transformar tu forma de trabajar, ahorr\u00e1ndote tiempo y recursos. <\/span><\/span><a href=\"https:\/\/twind.io\/mx\/contacto\/\" target=\"_blank\" style=\"outline: none;\" data-lt-tmp-id=\"lt-965831\" spellcheck=\"false\"><span style=\"font-weight: normal;\"><span style=\"font-size: 20px !important;\">Solicita tu demo gratuita.<\/span><\/span><\/a><\/h3>\n","protected":false},"excerpt":{"rendered":"<p>Caso de \u00c9xito: Cumbres Santa Fe Transformando la gesti\u00f3n del REPSE en Cumbres Santa Fe con Twind &#8220;De semanas enteras a solo dos horas al mes: Twind nos devolvi\u00f3 el control del tiempo y la tranquilidad en nuestra gesti\u00f3n.&#8221; Iv\u00e1n S\u00e1nchez Mart\u00ednez, Agente de Recursos Humanos en Cumbres Santa Fe Sobre Cumbres Santa Fe En [&hellip;]<\/p>\n","protected":false},"author":1,"featured_media":0,"parent":0,"menu_order":0,"comment_status":"closed","ping_status":"closed","template":"","meta":{"content-type":"","footnotes":""},"class_list":["post-2432","page","type-page","status-publish","hentry","post-wrapper","thrv_wrapper"],"yoast_head":"<!-- This site is optimized with the Yoast SEO plugin v27.3 - https:\/\/yoast.com\/product\/yoast-seo-wordpress\/ -->\n<title>Transformando la gesti\u00f3n del REPSE en Cumbres Santa Fe con Twind<\/title>\n<meta name=\"description\" content=\"Transformando la gesti\u00f3n del REPSE en Cumbres Santa Fe con Twind\" \/>\n<meta name=\"robots\" content=\"index, follow, max-snippet:-1, max-image-preview:large, max-video-preview:-1\" \/>\n<link rel=\"canonical\" href=\"https:\/\/twind.io\/mx\/transformando-la-gestion-del-repse-en-cumbres-santa-fe-con-twind\/\" \/>\n<meta property=\"og:locale\" content=\"es_MX\" \/>\n<meta property=\"og:type\" content=\"article\" \/>\n<meta property=\"og:title\" content=\"Transformando la gesti\u00f3n del REPSE en Cumbres Santa Fe con Twind\" \/>\n<meta property=\"og:description\" content=\"Transformando la gesti\u00f3n del REPSE en Cumbres Santa Fe con Twind\" \/>\n<meta property=\"og:url\" content=\"https:\/\/twind.io\/mx\/transformando-la-gestion-del-repse-en-cumbres-santa-fe-con-twind\/\" \/>\n<meta property=\"og:site_name\" content=\"Twind - Plataforma de Gesti\u00f3n de Prestadores de Servicios especializados\" \/>\n<meta property=\"article:modified_time\" content=\"2025-10-27T15:09:04+00:00\" \/>\n<meta property=\"og:image\" content=\"https:\/\/twind.io\/mx\/wp-content\/uploads\/2024\/12\/cumbres-de-santa-fe.svg\" \/>\n<meta name=\"twitter:card\" content=\"summary_large_image\" \/>\n<meta name=\"twitter:label1\" content=\"Tiempo de lectura\" \/>\n\t<meta name=\"twitter:data1\" content=\"5 minutos\" \/>\n<script type=\"application\/ld+json\" class=\"yoast-schema-graph\">{\"@context\":\"https:\\\/\\\/schema.org\",\"@graph\":[{\"@type\":\"WebPage\",\"@id\":\"https:\\\/\\\/twind.io\\\/mx\\\/transformando-la-gestion-del-repse-en-cumbres-santa-fe-con-twind\\\/\",\"url\":\"https:\\\/\\\/twind.io\\\/mx\\\/transformando-la-gestion-del-repse-en-cumbres-santa-fe-con-twind\\\/\",\"name\":\"Transformando la gesti\u00f3n del REPSE en Cumbres Santa Fe con Twind\",\"isPartOf\":{\"@id\":\"https:\\\/\\\/twind.io\\\/mx\\\/#website\"},\"primaryImageOfPage\":{\"@id\":\"https:\\\/\\\/twind.io\\\/mx\\\/transformando-la-gestion-del-repse-en-cumbres-santa-fe-con-twind\\\/#primaryimage\"},\"image\":{\"@id\":\"https:\\\/\\\/twind.io\\\/mx\\\/transformando-la-gestion-del-repse-en-cumbres-santa-fe-con-twind\\\/#primaryimage\"},\"thumbnailUrl\":\"https:\\\/\\\/twind.io\\\/mx\\\/wp-content\\\/uploads\\\/2024\\\/12\\\/cumbres-de-santa-fe.svg\",\"datePublished\":\"2024-12-02T15:29:04+00:00\",\"dateModified\":\"2025-10-27T15:09:04+00:00\",\"description\":\"Transformando la gesti\u00f3n del REPSE en Cumbres Santa Fe con Twind\",\"breadcrumb\":{\"@id\":\"https:\\\/\\\/twind.io\\\/mx\\\/transformando-la-gestion-del-repse-en-cumbres-santa-fe-con-twind\\\/#breadcrumb\"},\"inLanguage\":\"es\",\"potentialAction\":[{\"@type\":\"ReadAction\",\"target\":[\"https:\\\/\\\/twind.io\\\/mx\\\/transformando-la-gestion-del-repse-en-cumbres-santa-fe-con-twind\\\/\"]}]},{\"@type\":\"ImageObject\",\"inLanguage\":\"es\",\"@id\":\"https:\\\/\\\/twind.io\\\/mx\\\/transformando-la-gestion-del-repse-en-cumbres-santa-fe-con-twind\\\/#primaryimage\",\"url\":\"https:\\\/\\\/twind.io\\\/mx\\\/wp-content\\\/uploads\\\/2024\\\/12\\\/cumbres-de-santa-fe.svg\",\"contentUrl\":\"https:\\\/\\\/twind.io\\\/mx\\\/wp-content\\\/uploads\\\/2024\\\/12\\\/cumbres-de-santa-fe.svg\"},{\"@type\":\"BreadcrumbList\",\"@id\":\"https:\\\/\\\/twind.io\\\/mx\\\/transformando-la-gestion-del-repse-en-cumbres-santa-fe-con-twind\\\/#breadcrumb\",\"itemListElement\":[{\"@type\":\"ListItem\",\"position\":1,\"name\":\"Portada\",\"item\":\"https:\\\/\\\/twind.io\\\/mx\\\/\"},{\"@type\":\"ListItem\",\"position\":2,\"name\":\"Transformando la gesti\u00f3n del REPSE en Cumbres Santa Fe con Twind\"}]},{\"@type\":\"WebSite\",\"@id\":\"https:\\\/\\\/twind.io\\\/mx\\\/#website\",\"url\":\"https:\\\/\\\/twind.io\\\/mx\\\/\",\"name\":\"Twind - Plataforma de Gesti\u00f3n de Prestadores de Servicios especializados\",\"description\":\"Automatiza y controla con facilidad el proceso de subcontrataci\u00f3n de tus prestadores de servicios, asegurando el cumplimiento legal y reduciendo los riesgos\",\"publisher\":{\"@id\":\"https:\\\/\\\/twind.io\\\/mx\\\/#organization\"},\"potentialAction\":[{\"@type\":\"SearchAction\",\"target\":{\"@type\":\"EntryPoint\",\"urlTemplate\":\"https:\\\/\\\/twind.io\\\/mx\\\/?s={search_term_string}\"},\"query-input\":{\"@type\":\"PropertyValueSpecification\",\"valueRequired\":true,\"valueName\":\"search_term_string\"}}],\"inLanguage\":\"es\"},{\"@type\":\"Organization\",\"@id\":\"https:\\\/\\\/twind.io\\\/mx\\\/#organization\",\"name\":\"Twind - Plataforma de Gesti\u00f3n de Prestadores de Servicios especializados\",\"url\":\"https:\\\/\\\/twind.io\\\/mx\\\/\",\"logo\":{\"@type\":\"ImageObject\",\"inLanguage\":\"es\",\"@id\":\"https:\\\/\\\/twind.io\\\/mx\\\/#\\\/schema\\\/logo\\\/image\\\/\",\"url\":\"https:\\\/\\\/twind.io\\\/mx\\\/wp-content\\\/uploads\\\/2023\\\/04\\\/Logo-Twind.svg\",\"contentUrl\":\"https:\\\/\\\/twind.io\\\/mx\\\/wp-content\\\/uploads\\\/2023\\\/04\\\/Logo-Twind.svg\",\"width\":1,\"height\":1,\"caption\":\"Twind - Plataforma de Gesti\u00f3n de Prestadores de Servicios especializados\"},\"image\":{\"@id\":\"https:\\\/\\\/twind.io\\\/mx\\\/#\\\/schema\\\/logo\\\/image\\\/\"}}]}<\/script>\n<!-- \/ Yoast SEO plugin. -->","yoast_head_json":{"title":"Transformando la gesti\u00f3n del REPSE en Cumbres Santa Fe con Twind","description":"Transformando la gesti\u00f3n del REPSE en Cumbres Santa Fe con Twind","robots":{"index":"index","follow":"follow","max-snippet":"max-snippet:-1","max-image-preview":"max-image-preview:large","max-video-preview":"max-video-preview:-1"},"canonical":"https:\/\/twind.io\/mx\/transformando-la-gestion-del-repse-en-cumbres-santa-fe-con-twind\/","og_locale":"es_MX","og_type":"article","og_title":"Transformando la gesti\u00f3n del REPSE en Cumbres Santa Fe con Twind","og_description":"Transformando la gesti\u00f3n del REPSE en Cumbres Santa Fe con Twind","og_url":"https:\/\/twind.io\/mx\/transformando-la-gestion-del-repse-en-cumbres-santa-fe-con-twind\/","og_site_name":"Twind - Plataforma de Gesti\u00f3n de Prestadores de Servicios especializados","article_modified_time":"2025-10-27T15:09:04+00:00","og_image":[{"url":"https:\/\/twind.io\/mx\/wp-content\/uploads\/2024\/12\/cumbres-de-santa-fe.svg","type":"","width":"","height":""}],"twitter_card":"summary_large_image","twitter_misc":{"Tiempo de lectura":"5 minutos"},"schema":{"@context":"https:\/\/schema.org","@graph":[{"@type":"WebPage","@id":"https:\/\/twind.io\/mx\/transformando-la-gestion-del-repse-en-cumbres-santa-fe-con-twind\/","url":"https:\/\/twind.io\/mx\/transformando-la-gestion-del-repse-en-cumbres-santa-fe-con-twind\/","name":"Transformando la gesti\u00f3n del REPSE en Cumbres Santa Fe con Twind","isPartOf":{"@id":"https:\/\/twind.io\/mx\/#website"},"primaryImageOfPage":{"@id":"https:\/\/twind.io\/mx\/transformando-la-gestion-del-repse-en-cumbres-santa-fe-con-twind\/#primaryimage"},"image":{"@id":"https:\/\/twind.io\/mx\/transformando-la-gestion-del-repse-en-cumbres-santa-fe-con-twind\/#primaryimage"},"thumbnailUrl":"https:\/\/twind.io\/mx\/wp-content\/uploads\/2024\/12\/cumbres-de-santa-fe.svg","datePublished":"2024-12-02T15:29:04+00:00","dateModified":"2025-10-27T15:09:04+00:00","description":"Transformando la gesti\u00f3n del REPSE en Cumbres Santa Fe con Twind","breadcrumb":{"@id":"https:\/\/twind.io\/mx\/transformando-la-gestion-del-repse-en-cumbres-santa-fe-con-twind\/#breadcrumb"},"inLanguage":"es","potentialAction":[{"@type":"ReadAction","target":["https:\/\/twind.io\/mx\/transformando-la-gestion-del-repse-en-cumbres-santa-fe-con-twind\/"]}]},{"@type":"ImageObject","inLanguage":"es","@id":"https:\/\/twind.io\/mx\/transformando-la-gestion-del-repse-en-cumbres-santa-fe-con-twind\/#primaryimage","url":"https:\/\/twind.io\/mx\/wp-content\/uploads\/2024\/12\/cumbres-de-santa-fe.svg","contentUrl":"https:\/\/twind.io\/mx\/wp-content\/uploads\/2024\/12\/cumbres-de-santa-fe.svg"},{"@type":"BreadcrumbList","@id":"https:\/\/twind.io\/mx\/transformando-la-gestion-del-repse-en-cumbres-santa-fe-con-twind\/#breadcrumb","itemListElement":[{"@type":"ListItem","position":1,"name":"Portada","item":"https:\/\/twind.io\/mx\/"},{"@type":"ListItem","position":2,"name":"Transformando la gesti\u00f3n del REPSE en Cumbres Santa Fe con Twind"}]},{"@type":"WebSite","@id":"https:\/\/twind.io\/mx\/#website","url":"https:\/\/twind.io\/mx\/","name":"Twind - Plataforma de Gesti\u00f3n de Prestadores de Servicios especializados","description":"Automatiza y controla con facilidad el proceso de subcontrataci\u00f3n de tus prestadores de servicios, asegurando el cumplimiento legal y reduciendo los riesgos","publisher":{"@id":"https:\/\/twind.io\/mx\/#organization"},"potentialAction":[{"@type":"SearchAction","target":{"@type":"EntryPoint","urlTemplate":"https:\/\/twind.io\/mx\/?s={search_term_string}"},"query-input":{"@type":"PropertyValueSpecification","valueRequired":true,"valueName":"search_term_string"}}],"inLanguage":"es"},{"@type":"Organization","@id":"https:\/\/twind.io\/mx\/#organization","name":"Twind - Plataforma de Gesti\u00f3n de Prestadores de Servicios especializados","url":"https:\/\/twind.io\/mx\/","logo":{"@type":"ImageObject","inLanguage":"es","@id":"https:\/\/twind.io\/mx\/#\/schema\/logo\/image\/","url":"https:\/\/twind.io\/mx\/wp-content\/uploads\/2023\/04\/Logo-Twind.svg","contentUrl":"https:\/\/twind.io\/mx\/wp-content\/uploads\/2023\/04\/Logo-Twind.svg","width":1,"height":1,"caption":"Twind - Plataforma de Gesti\u00f3n de Prestadores de Servicios especializados"},"image":{"@id":"https:\/\/twind.io\/mx\/#\/schema\/logo\/image\/"}}]}},"_links":{"self":[{"href":"https:\/\/twind.io\/mx\/wp-json\/wp\/v2\/pages\/2432","targetHints":{"allow":["GET"]}}],"collection":[{"href":"https:\/\/twind.io\/mx\/wp-json\/wp\/v2\/pages"}],"about":[{"href":"https:\/\/twind.io\/mx\/wp-json\/wp\/v2\/types\/page"}],"author":[{"embeddable":true,"href":"https:\/\/twind.io\/mx\/wp-json\/wp\/v2\/users\/1"}],"replies":[{"embeddable":true,"href":"https:\/\/twind.io\/mx\/wp-json\/wp\/v2\/comments?post=2432"}],"version-history":[{"count":22,"href":"https:\/\/twind.io\/mx\/wp-json\/wp\/v2\/pages\/2432\/revisions"}],"predecessor-version":[{"id":3864,"href":"https:\/\/twind.io\/mx\/wp-json\/wp\/v2\/pages\/2432\/revisions\/3864"}],"wp:attachment":[{"href":"https:\/\/twind.io\/mx\/wp-json\/wp\/v2\/media?parent=2432"}],"curies":[{"name":"wp","href":"https:\/\/api.w.org\/{rel}","templated":true}]}}