{"id":2500,"date":"2024-12-12T11:26:47","date_gmt":"2024-12-12T11:26:47","guid":{"rendered":"https:\/\/twind.io\/mx\/?page_id=2500"},"modified":"2026-03-12T10:09:42","modified_gmt":"2026-03-12T10:09:42","slug":"casos-de-exito","status":"publish","type":"page","link":"https:\/\/twind.io\/mx\/casos-de-exito\/","title":{"rendered":"Clientes"},"content":{"rendered":"<h1 style=\"text-align: center;\"><strong><span><span>\u00bfQu\u00e9 opinan nuestros&nbsp;<\/span><span style=\"--tcb-applied-color: var$(--tcb-color-4) !important; color: var(--tcb-color-4) !important;\">clientes<\/span><span>?<\/span><\/span><\/strong><\/h1>\n<h6 style=\"text-align: center;\"><span style=\"font-weight: normal;\"><span data-contrast=\"none\" lang=\"ES-ES\"><span data-ccp-parastyle=\"heading 2\">Responsables y t\u00e9cnicos como t\u00fa dan su visi\u00f3n sobre Twind y la experiencia de trabajar con nosotros<\/span><\/span><\/span><\/h6>\n<p><span style=\"\"><img decoding=\"async\" alt=\"\" data-id=\"2453\" width=\"110\" data-init-width=\"800\" height=\"63\" data-init-height=\"458\" title=\"mexico2\" src=\"https:\/\/twind.io\/mx\/wp-content\/uploads\/2024\/12\/mexico2.png\" data-width=\"110\" data-height=\"63\" style=\"aspect-ratio: auto 800 \/ 458;\" mt-d=\"0\" ml-d=\"-23\" center-h-d=\"true\" loading=\"lazy\"><\/span><\/p>\n<h2><span>Transportes Marva<\/span><\/h2>\n<p>Con <strong>m\u00e1s de 3.500 empleados y una red de 15 empresas contratistas<\/strong>, Transportes Marva opera en un sector donde la trazabilidad documental es clave para cumplir con la normativa y garantizar la continuidad operativa. Cada a\u00f1o, <strong>m\u00e1s de 200 trabajadores externos acceden a sus instalaciones.<\/strong> Organizar y controlar toda esa documentaci\u00f3n de forma manual ya no era una opci\u00f3n viable.<\/p>\n<p><span><img decoding=\"async\" alt=\"\" data-id=\"3534\" width=\"386\" data-init-width=\"2378\" height=\"248\" data-init-height=\"1527\" title=\"TRANSPORTES MARVA S.A. de C.V.LOGOTIPO_MARVACOMMX-ALTA - copia\" src=\"https:\/\/twind.io\/mx\/wp-content\/uploads\/2025\/05\/TRANSPORTES-MARVA-S.A.-de-C.V.LOGOTIPO_MARVACOMMX-ALTA-copia.png\" data-width=\"386\" data-height=\"248\" style=\"aspect-ratio: auto 2378 \/ 1527;\" loading=\"lazy\"><\/span><span style=\"\"><img decoding=\"async\" alt=\"\" data-id=\"2453\" width=\"110\" data-init-width=\"800\" height=\"63\" data-init-height=\"458\" title=\"mexico2\" src=\"https:\/\/twind.io\/mx\/wp-content\/uploads\/2024\/12\/mexico2.png\" data-width=\"110\" data-height=\"63\" style=\"aspect-ratio: auto 800 \/ 458;\" mt-d=\"0\" ml-d=\"-23\" center-h-d=\"true\" loading=\"lazy\"><\/span><\/p>\n<h2><span>ITP AERO<\/span><\/h2>\n<p>ITP Aero es una de las compa\u00f1\u00edas l\u00edderes en el sector aeron\u00e1utico, con m\u00e1s de 1.200 empleados y un enfoque estrat\u00e9gico en la innovaci\u00f3n y la eficiencia operativa. <strong>Con 54 empresas contratistas y m\u00e1s de 60 trabajadores externos accediendo cada a\u00f1o<\/strong>, necesitaban una soluci\u00f3n que eliminara la fricci\u00f3n en la gesti\u00f3n documental, ofreciera trazabilidad y permitiera <strong>un control preciso del acceso al recinto.<\/strong><\/p>\n<p><span><img decoding=\"async\" alt=\"\" data-id=\"3510\" width=\"362\" data-init-width=\"284\" height=\"162\" data-init-height=\"127\" title=\"itp aero\" src=\"https:\/\/twind.io\/mx\/wp-content\/uploads\/2025\/04\/itp-aero.png\" data-width=\"362\" data-height=\"162\" style=\"aspect-ratio: auto 284 \/ 127;\" loading=\"lazy\"><\/span><span style=\"\"><img decoding=\"async\" alt=\"\" data-id=\"2453\" width=\"110\" data-init-width=\"800\" height=\"63\" data-init-height=\"458\" title=\"mexico2\" src=\"https:\/\/twind.io\/mx\/wp-content\/uploads\/2024\/12\/mexico2.png\" data-width=\"110\" data-height=\"63\" style=\"aspect-ratio: auto 800 \/ 458;\" mt-d=\"0\" ml-d=\"-23\" center-h-d=\"true\" loading=\"lazy\"><\/span><\/p>\n<h1><span>RONAL Group M\u00e9xico<\/span><\/h1>\n<p>RONAL Group es un referente en la industria automotriz, especializado en la fabricaci\u00f3n de llantas para autom\u00f3viles. Cada a\u00f1o, m\u00e1s de 2.000 trabajadores externos acceden a sus instalaciones, lo que hac\u00eda imprescindible contar con un sistema centralizado, \u00e1gil y trazable.<\/p>\n<p><span style=\"\"><img decoding=\"async\" alt=\"\" data-id=\"3426\" width=\"355\" data-init-width=\"968\" height=\"68\" data-init-height=\"186\" title=\"ronal\" src=\"https:\/\/twind.io\/mx\/wp-content\/uploads\/2025\/04\/ronal.png\" data-width=\"355\" data-height=\"68\" style=\"aspect-ratio: auto 968 \/ 186;\" ml-d=\"0\" mt-d=\"0\" center-h-d=\"false\" loading=\"lazy\"><\/span><span style=\"\"><img decoding=\"async\" alt=\"\" data-id=\"2453\" width=\"110\" data-init-width=\"800\" height=\"63\" data-init-height=\"458\" title=\"mexico2\" src=\"https:\/\/twind.io\/mx\/wp-content\/uploads\/2024\/12\/mexico2.png\" data-width=\"110\" data-height=\"63\" style=\"aspect-ratio: auto 800 \/ 458;\" mt-d=\"0\" ml-d=\"-23\" center-h-d=\"true\" loading=\"lazy\"><\/span><\/p>\n<h2 style=\"\"><span>Kawasaki Motores de M\u00e9xico<\/span><\/h2>\n<p style=\"\">Kawasaki Motores de M\u00e9xico S.A. de C.V. es una empresa l\u00edder en el sector automotriz, dedicada a la fabricaci\u00f3n y distribuci\u00f3n de motocicletas y otros productos motorizados de alto rendimiento.&nbsp;<strong>En un entorno altamente regulado como el automotriz, la seguridad y el cumplimiento no son opcionales: son prioridad.<\/strong><\/p>\n<p><span><img decoding=\"async\" alt=\"\" data-id=\"3421\" width=\"362\" data-init-width=\"1067\" height=\"57\" data-init-height=\"168\" title=\"Kawasaki_Motors_logo\" src=\"https:\/\/twind.io\/mx\/wp-content\/uploads\/2025\/04\/Kawasaki_Motors_logo.png\" data-width=\"362\" data-height=\"57\" style=\"aspect-ratio: auto 1067 \/ 168;\" loading=\"lazy\"><\/span><span style=\"\"><img decoding=\"async\" alt=\"\" data-id=\"2453\" width=\"110\" data-init-width=\"800\" height=\"63\" data-init-height=\"458\" title=\"mexico2\" src=\"https:\/\/twind.io\/mx\/wp-content\/uploads\/2024\/12\/mexico2.png\" data-width=\"110\" data-height=\"63\" style=\"aspect-ratio: auto 800 \/ 458;\" mt-d=\"0\" ml-d=\"-23\" center-h-d=\"true\" loading=\"lazy\"><\/span><\/p>\n<h1 style=\"\"><span style=\"\">Cumbres Santa Fe<\/span><\/h1>\n<p style=\"\">Ubicado en M\u00e9xico, <strong>Cumbres Santa Fe<\/strong> es un exclusivo residencial que trabaja con seis empresas contratistas para gestionar servicios clave como limpieza y jardiner\u00eda. El principal desaf\u00edo era la recopilaci\u00f3n de informaci\u00f3n de proveedores y el cumplimiento del <strong>REPSE<\/strong><\/p>\n<p><span style=\"\"><img decoding=\"async\" alt=\"\" data-id=\"3434\" width=\"178\" data-init-width=\"569\" height=\"219\" data-init-height=\"700\" title=\"Cumbre de santa fe\" src=\"https:\/\/twind.io\/mx\/wp-content\/uploads\/2025\/04\/Cumbre-de-santa-fe.png\" data-width=\"178\" data-height=\"219\" style=\"aspect-ratio: auto 569 \/ 700;\" ml-d=\"0\" mt-d=\"0\" center-h-d=\"false\" loading=\"lazy\"><\/span><span><img decoding=\"async\" alt=\"\" data-id=\"1551\" width=\"65\" data-init-width=\"512\" height=\"65\" data-init-height=\"512\" title=\"chile\" src=\"https:\/\/twind.io\/mx\/wp-content\/uploads\/2024\/12\/chile.png\" data-width=\"65\" data-height=\"65\" style=\"aspect-ratio: auto 512 \/ 512;\" loading=\"lazy\"><\/span><\/p>\n<h2 style=\"\"><span style=\"\">Aldesa Chile<\/span><\/h2>\n<p style=\"\"><strong>Aldesa Concesiones&nbsp;<\/strong>se enfrentaba con una ineficiente gesti\u00f3n de la documentaci\u00f3n y los protocolos de seguridad. Descubre su visio\u0301n sobre Twind y la experiencia de trabajar con nosotros.<\/p>\n<p><span><img decoding=\"async\" alt=\"\" data-id=\"3435\" width=\"323\" data-init-width=\"768\" height=\"54\" data-init-height=\"129\" title=\"aldesa\" src=\"https:\/\/twind.io\/mx\/wp-content\/uploads\/2025\/04\/aldesa.png\" data-width=\"323\" data-height=\"54\" style=\"aspect-ratio: auto 768 \/ 129;\" loading=\"lazy\"><\/span><span><img decoding=\"async\" alt=\"\" data-id=\"1551\" width=\"65\" data-init-width=\"512\" height=\"65\" data-init-height=\"512\" title=\"chile\" src=\"https:\/\/twind.io\/mx\/wp-content\/uploads\/2024\/12\/chile.png\" data-width=\"65\" data-height=\"65\" style=\"aspect-ratio: auto 512 \/ 512;\" loading=\"lazy\"><\/span><\/p>\n<h2 style=\"\"><span style=\"\">Quimetal Chile<\/span><\/h2>\n<p style=\"\"><strong>Quimetal<\/strong> se enfrentaba a desaf\u00edos complejos en el control de contratistas y la gesti\u00f3n documental asociada al cumplimiento de la normativa fiscal, de subcontrataci\u00f3n y seguridad y salud en el trabajo.<\/p>\n<p><span style=\"\"><img decoding=\"async\" alt=\"\" data-id=\"3436\" width=\"259\" data-init-width=\"723\" height=\"165\" data-init-height=\"461\" title=\"quimetal-black\" src=\"https:\/\/twind.io\/mx\/wp-content\/uploads\/2025\/04\/quimetal-black.png\" data-width=\"259\" data-height=\"165\" style=\"aspect-ratio: auto 723 \/ 461;\" ml-d=\"-11.984999999999985\" mt-d=\"0\" center-h-d=\"false\" ml-m=\"0\" mt-m=\"0\" loading=\"lazy\"><\/span><span><img decoding=\"async\" alt=\"\" data-id=\"1550\" width=\"65\" data-init-width=\"512\" height=\"65\" data-init-height=\"512\" title=\"colombia-1\" src=\"https:\/\/twind.io\/mx\/wp-content\/uploads\/2024\/12\/colombia-1.png\" data-width=\"65\" data-height=\"65\" style=\"aspect-ratio: auto 512 \/ 512;\" loading=\"lazy\"><\/span><\/p>\n<h2 style=\"\"><span style=\"\">Gonvarri Colombia<\/span><\/h2>\n<p style=\"\"><strong>Gonvarri<\/strong> se enfrentaba a desaf\u00edos en la gesti\u00f3n manual de contratistas y proveedores, lo que se traduc\u00eda en procesos lentos, errores y falta de claridad en los procedimientos.<\/p>\n<p><span style=\"\"><img decoding=\"async\" alt=\"\" data-id=\"3437\" width=\"361\" data-init-width=\"2560\" height=\"152\" data-init-height=\"1073\" title=\"gonvarri\" src=\"https:\/\/twind.io\/mx\/wp-content\/uploads\/2025\/04\/gonvarri-scaled.jpg\" data-width=\"361\" data-height=\"152\" style=\"aspect-ratio: auto 2560 \/ 1073;\" ml-d=\"0\" mt-d=\"0\" loading=\"lazy\"><span style=\"\"><\/span><\/span><\/p>\n","protected":false},"excerpt":{"rendered":"<p>\u00bfQu\u00e9 opinan nuestros&nbsp;clientes? Responsables y t\u00e9cnicos como t\u00fa dan su visi\u00f3n sobre Twind y la experiencia de trabajar con nosotros Transportes Marva Con m\u00e1s de 3.500 empleados y una red de 15 empresas contratistas, Transportes Marva opera en un sector donde la trazabilidad documental es clave para cumplir con la normativa y garantizar la continuidad [&hellip;]<\/p>\n","protected":false},"author":1,"featured_media":0,"parent":0,"menu_order":0,"comment_status":"closed","ping_status":"closed","template":"","meta":{"content-type":"","footnotes":""},"class_list":["post-2500","page","type-page","status-publish","hentry","post-wrapper","thrv_wrapper"],"yoast_head":"<!-- This site is optimized with the Yoast SEO plugin v27.3 - https:\/\/yoast.com\/product\/yoast-seo-wordpress\/ -->\n<title>Casos de \u00e9xito Twind M\u00e9xico<\/title>\n<meta name=\"description\" content=\"Casos de \u00e9xito plataforma gesti\u00f3n de prestadores de servicios\" \/>\n<meta name=\"robots\" content=\"index, follow, max-snippet:-1, max-image-preview:large, max-video-preview:-1\" \/>\n<link rel=\"canonical\" href=\"https:\/\/twind.io\/mx\/casos-de-exito\/\" \/>\n<meta property=\"og:locale\" content=\"es_MX\" \/>\n<meta property=\"og:type\" content=\"article\" \/>\n<meta property=\"og:title\" content=\"Casos de \u00e9xito Twind M\u00e9xico\" \/>\n<meta property=\"og:description\" content=\"Casos de \u00e9xito plataforma gesti\u00f3n de prestadores de servicios\" \/>\n<meta property=\"og:url\" content=\"https:\/\/twind.io\/mx\/casos-de-exito\/\" \/>\n<meta property=\"og:site_name\" content=\"Twind - Plataforma de Gesti\u00f3n de Prestadores de Servicios especializados\" \/>\n<meta property=\"article:modified_time\" content=\"2026-03-12T10:09:42+00:00\" \/>\n<meta property=\"og:image\" content=\"https:\/\/twind.io\/mx\/wp-content\/uploads\/2024\/12\/mexico2.png\" \/>\n<meta name=\"twitter:card\" content=\"summary_large_image\" \/>\n<meta name=\"twitter:label1\" content=\"Tiempo de lectura\" \/>\n\t<meta name=\"twitter:data1\" content=\"1 minuto\" \/>\n<script type=\"application\/ld+json\" class=\"yoast-schema-graph\">{\"@context\":\"https:\\\/\\\/schema.org\",\"@graph\":[{\"@type\":\"WebPage\",\"@id\":\"https:\\\/\\\/twind.io\\\/mx\\\/casos-de-exito\\\/\",\"url\":\"https:\\\/\\\/twind.io\\\/mx\\\/casos-de-exito\\\/\",\"name\":\"Casos de \u00e9xito Twind M\u00e9xico\",\"isPartOf\":{\"@id\":\"https:\\\/\\\/twind.io\\\/mx\\\/#website\"},\"primaryImageOfPage\":{\"@id\":\"https:\\\/\\\/twind.io\\\/mx\\\/casos-de-exito\\\/#primaryimage\"},\"image\":{\"@id\":\"https:\\\/\\\/twind.io\\\/mx\\\/casos-de-exito\\\/#primaryimage\"},\"thumbnailUrl\":\"https:\\\/\\\/twind.io\\\/mx\\\/wp-content\\\/uploads\\\/2024\\\/12\\\/mexico2.png\",\"datePublished\":\"2024-12-12T11:26:47+00:00\",\"dateModified\":\"2026-03-12T10:09:42+00:00\",\"description\":\"Casos de \u00e9xito plataforma gesti\u00f3n de prestadores de servicios\",\"breadcrumb\":{\"@id\":\"https:\\\/\\\/twind.io\\\/mx\\\/casos-de-exito\\\/#breadcrumb\"},\"inLanguage\":\"es\",\"potentialAction\":[{\"@type\":\"ReadAction\",\"target\":[\"https:\\\/\\\/twind.io\\\/mx\\\/casos-de-exito\\\/\"]}]},{\"@type\":\"ImageObject\",\"inLanguage\":\"es\",\"@id\":\"https:\\\/\\\/twind.io\\\/mx\\\/casos-de-exito\\\/#primaryimage\",\"url\":\"https:\\\/\\\/twind.io\\\/mx\\\/wp-content\\\/uploads\\\/2024\\\/12\\\/mexico2.png\",\"contentUrl\":\"https:\\\/\\\/twind.io\\\/mx\\\/wp-content\\\/uploads\\\/2024\\\/12\\\/mexico2.png\",\"width\":800,\"height\":458},{\"@type\":\"BreadcrumbList\",\"@id\":\"https:\\\/\\\/twind.io\\\/mx\\\/casos-de-exito\\\/#breadcrumb\",\"itemListElement\":[{\"@type\":\"ListItem\",\"position\":1,\"name\":\"Portada\",\"item\":\"https:\\\/\\\/twind.io\\\/mx\\\/\"},{\"@type\":\"ListItem\",\"position\":2,\"name\":\"Clientes\"}]},{\"@type\":\"WebSite\",\"@id\":\"https:\\\/\\\/twind.io\\\/mx\\\/#website\",\"url\":\"https:\\\/\\\/twind.io\\\/mx\\\/\",\"name\":\"Twind - Plataforma de Gesti\u00f3n de Prestadores de Servicios especializados\",\"description\":\"Automatiza y controla con facilidad el proceso de subcontrataci\u00f3n de tus prestadores de servicios, asegurando el cumplimiento legal y reduciendo los riesgos\",\"publisher\":{\"@id\":\"https:\\\/\\\/twind.io\\\/mx\\\/#organization\"},\"potentialAction\":[{\"@type\":\"SearchAction\",\"target\":{\"@type\":\"EntryPoint\",\"urlTemplate\":\"https:\\\/\\\/twind.io\\\/mx\\\/?s={search_term_string}\"},\"query-input\":{\"@type\":\"PropertyValueSpecification\",\"valueRequired\":true,\"valueName\":\"search_term_string\"}}],\"inLanguage\":\"es\"},{\"@type\":\"Organization\",\"@id\":\"https:\\\/\\\/twind.io\\\/mx\\\/#organization\",\"name\":\"Twind - Plataforma de Gesti\u00f3n de Prestadores de Servicios especializados\",\"url\":\"https:\\\/\\\/twind.io\\\/mx\\\/\",\"logo\":{\"@type\":\"ImageObject\",\"inLanguage\":\"es\",\"@id\":\"https:\\\/\\\/twind.io\\\/mx\\\/#\\\/schema\\\/logo\\\/image\\\/\",\"url\":\"https:\\\/\\\/twind.io\\\/mx\\\/wp-content\\\/uploads\\\/2023\\\/04\\\/Logo-Twind.svg\",\"contentUrl\":\"https:\\\/\\\/twind.io\\\/mx\\\/wp-content\\\/uploads\\\/2023\\\/04\\\/Logo-Twind.svg\",\"width\":1,\"height\":1,\"caption\":\"Twind - Plataforma de Gesti\u00f3n de Prestadores de Servicios especializados\"},\"image\":{\"@id\":\"https:\\\/\\\/twind.io\\\/mx\\\/#\\\/schema\\\/logo\\\/image\\\/\"}}]}<\/script>\n<!-- \/ Yoast SEO plugin. -->","yoast_head_json":{"title":"Casos de \u00e9xito Twind M\u00e9xico","description":"Casos de \u00e9xito plataforma gesti\u00f3n de prestadores de servicios","robots":{"index":"index","follow":"follow","max-snippet":"max-snippet:-1","max-image-preview":"max-image-preview:large","max-video-preview":"max-video-preview:-1"},"canonical":"https:\/\/twind.io\/mx\/casos-de-exito\/","og_locale":"es_MX","og_type":"article","og_title":"Casos de \u00e9xito Twind M\u00e9xico","og_description":"Casos de \u00e9xito plataforma gesti\u00f3n de prestadores de servicios","og_url":"https:\/\/twind.io\/mx\/casos-de-exito\/","og_site_name":"Twind - Plataforma de Gesti\u00f3n de Prestadores de Servicios especializados","article_modified_time":"2026-03-12T10:09:42+00:00","og_image":[{"url":"https:\/\/twind.io\/mx\/wp-content\/uploads\/2024\/12\/mexico2.png","type":"","width":"","height":""}],"twitter_card":"summary_large_image","twitter_misc":{"Tiempo de lectura":"1 minuto"},"schema":{"@context":"https:\/\/schema.org","@graph":[{"@type":"WebPage","@id":"https:\/\/twind.io\/mx\/casos-de-exito\/","url":"https:\/\/twind.io\/mx\/casos-de-exito\/","name":"Casos de \u00e9xito Twind M\u00e9xico","isPartOf":{"@id":"https:\/\/twind.io\/mx\/#website"},"primaryImageOfPage":{"@id":"https:\/\/twind.io\/mx\/casos-de-exito\/#primaryimage"},"image":{"@id":"https:\/\/twind.io\/mx\/casos-de-exito\/#primaryimage"},"thumbnailUrl":"https:\/\/twind.io\/mx\/wp-content\/uploads\/2024\/12\/mexico2.png","datePublished":"2024-12-12T11:26:47+00:00","dateModified":"2026-03-12T10:09:42+00:00","description":"Casos de \u00e9xito plataforma gesti\u00f3n de prestadores de servicios","breadcrumb":{"@id":"https:\/\/twind.io\/mx\/casos-de-exito\/#breadcrumb"},"inLanguage":"es","potentialAction":[{"@type":"ReadAction","target":["https:\/\/twind.io\/mx\/casos-de-exito\/"]}]},{"@type":"ImageObject","inLanguage":"es","@id":"https:\/\/twind.io\/mx\/casos-de-exito\/#primaryimage","url":"https:\/\/twind.io\/mx\/wp-content\/uploads\/2024\/12\/mexico2.png","contentUrl":"https:\/\/twind.io\/mx\/wp-content\/uploads\/2024\/12\/mexico2.png","width":800,"height":458},{"@type":"BreadcrumbList","@id":"https:\/\/twind.io\/mx\/casos-de-exito\/#breadcrumb","itemListElement":[{"@type":"ListItem","position":1,"name":"Portada","item":"https:\/\/twind.io\/mx\/"},{"@type":"ListItem","position":2,"name":"Clientes"}]},{"@type":"WebSite","@id":"https:\/\/twind.io\/mx\/#website","url":"https:\/\/twind.io\/mx\/","name":"Twind - Plataforma de Gesti\u00f3n de Prestadores de Servicios especializados","description":"Automatiza y controla con facilidad el proceso de subcontrataci\u00f3n de tus prestadores de servicios, asegurando el cumplimiento legal y reduciendo los riesgos","publisher":{"@id":"https:\/\/twind.io\/mx\/#organization"},"potentialAction":[{"@type":"SearchAction","target":{"@type":"EntryPoint","urlTemplate":"https:\/\/twind.io\/mx\/?s={search_term_string}"},"query-input":{"@type":"PropertyValueSpecification","valueRequired":true,"valueName":"search_term_string"}}],"inLanguage":"es"},{"@type":"Organization","@id":"https:\/\/twind.io\/mx\/#organization","name":"Twind - Plataforma de Gesti\u00f3n de Prestadores de Servicios especializados","url":"https:\/\/twind.io\/mx\/","logo":{"@type":"ImageObject","inLanguage":"es","@id":"https:\/\/twind.io\/mx\/#\/schema\/logo\/image\/","url":"https:\/\/twind.io\/mx\/wp-content\/uploads\/2023\/04\/Logo-Twind.svg","contentUrl":"https:\/\/twind.io\/mx\/wp-content\/uploads\/2023\/04\/Logo-Twind.svg","width":1,"height":1,"caption":"Twind - Plataforma de Gesti\u00f3n de Prestadores de Servicios especializados"},"image":{"@id":"https:\/\/twind.io\/mx\/#\/schema\/logo\/image\/"}}]}},"_links":{"self":[{"href":"https:\/\/twind.io\/mx\/wp-json\/wp\/v2\/pages\/2500","targetHints":{"allow":["GET"]}}],"collection":[{"href":"https:\/\/twind.io\/mx\/wp-json\/wp\/v2\/pages"}],"about":[{"href":"https:\/\/twind.io\/mx\/wp-json\/wp\/v2\/types\/page"}],"author":[{"embeddable":true,"href":"https:\/\/twind.io\/mx\/wp-json\/wp\/v2\/users\/1"}],"replies":[{"embeddable":true,"href":"https:\/\/twind.io\/mx\/wp-json\/wp\/v2\/comments?post=2500"}],"version-history":[{"count":20,"href":"https:\/\/twind.io\/mx\/wp-json\/wp\/v2\/pages\/2500\/revisions"}],"predecessor-version":[{"id":4259,"href":"https:\/\/twind.io\/mx\/wp-json\/wp\/v2\/pages\/2500\/revisions\/4259"}],"wp:attachment":[{"href":"https:\/\/twind.io\/mx\/wp-json\/wp\/v2\/media?parent=2500"}],"curies":[{"name":"wp","href":"https:\/\/api.w.org\/{rel}","templated":true}]}}