{"id":2702,"date":"2025-02-27T16:01:10","date_gmt":"2025-02-27T16:01:10","guid":{"rendered":"https:\/\/twind.io\/mx\/?page_id=2702"},"modified":"2026-01-30T11:26:38","modified_gmt":"2026-01-30T11:26:38","slug":"webinar-el-impacto-empresarial-de-digitalizar-la-gestion-de-contratistas","status":"publish","type":"page","link":"https:\/\/twind.io\/mx\/webinar-el-impacto-empresarial-de-digitalizar-la-gestion-de-contratistas\/","title":{"rendered":"Webinar El impacto empresarial de digitalizar la gesti\u00f3n de contratistas"},"content":{"rendered":"<p><span style=\"\"><img decoding=\"async\" alt=\"Logo twind by ctaima\" data-id=\"1293\" width=\"177\" data-init-width=\"697\" height=\"53\" data-init-height=\"209\" title=\"Logo twind by ctaima\" src=\"https:\/\/twind.io\/mx\/wp-content\/uploads\/2024\/04\/logo-twind-by-ctaima.png\" data-width=\"177\" data-height=\"53\" style=\"aspect-ratio: auto 697 \/ 209;\" mt-d=\"-0.5313000000000017\" ml-d=\"0\" center-v-d=\"false\" loading=\"lazy\"><\/span><\/p>\n<p style=\"text-align: center;\">Webinar Gratuito<\/p>\n<h2 style=\"text-align: center;\"><strong><span dir=\"ltr\" style=\"\">El impacto empresarial de digitalizar<\/span><\/strong><strong><span dir=\"ltr\" style=\"\"><\/span><\/strong><strong><span dir=\"ltr\" style=\"\">la gesti\u00f3n de contratistas<\/span><\/strong><\/h2>\n<p><span data-contrast=\"auto\" lang=\"ES-ES\"><strong>\u00bfC\u00f3mo puede la digitalizaci\u00f3n del control documental de contratistas impulsar los resultados de mi empresa?&nbsp;<\/strong><\/span><\/p>\n<p><span data-contrast=\"auto\" lang=\"ES-ES\"><\/span><span data-contrast=\"auto\" lang=\"ES-ES\">La gesti\u00f3n de contratistas es un desaf\u00edo para cualquier empresa que quiera garantizar la seguridad, la eficiencia y el cumplimiento normativo. Sin un control adecuado, los riesgos legales, operativos y financieros pueden dispararse.En este webinar, descubrir\u00e1s c\u00f3mo la digitalizaci\u00f3n puede transformar la gesti\u00f3n de contratistas en tu empresa, permiti\u00e9ndote reducir cargas administrativas, minimizar riesgos y mejorar el cumplimiento de normativas como ISO 45001, ISO 9001 y regulaciones locales.Con herramientas especializadas como Twind, la gesti\u00f3n documental deja de ser un obst\u00e1culo para convertirse en una ventaja competitiva.<\/span><\/p>\n<p><span data-contrast=\"auto\" lang=\"ES-ES\"><strong><span style=\"--tcb-applied-color: var$(--tcb-skin-color-0) !important; color: var(--tcb-skin-color-0) !important;\"><\/span><\/strong><\/span><\/p>\n<p><span data-contrast=\"auto\" lang=\"ES-ES\"><strong><span style=\"--tcb-applied-color: var$(--tcb-color-4) !important; color: var(--tcb-color-4) !important;\"><span style=\"font-size: 19px !important;\">\u00bfQu\u00e9 vamos a aprender?<\/span><\/span><\/strong><img decoding=\"async\" role=\"img\" alt=\"\u2714\ufe0f\" src=\"https:\/\/s.w.org\/images\/core\/emoji\/15.0.3\/svg\/2714.svg\" loading=\"lazy\"> C\u00f3mo la digitalizaci\u00f3n optimiza la seguridad y reduce riesgos en la gesti\u00f3n de contratistas.<img decoding=\"async\" role=\"img\" alt=\"\u2714\ufe0f\" src=\"https:\/\/s.w.org\/images\/core\/emoji\/15.0.3\/svg\/2714.svg\" loading=\"lazy\"> De qu\u00e9 manera la automatizaci\u00f3n permite ahorrar tiempo y recursos en procesos administrativos.<img decoding=\"async\" role=\"img\" alt=\"\u2714\ufe0f\" src=\"https:\/\/s.w.org\/images\/core\/emoji\/15.0.3\/svg\/2714.svg\" loading=\"lazy\"> C\u00f3mo evitar sanciones y mejorar el cumplimiento normativo en diferentes pa\u00edses.<img decoding=\"async\" role=\"img\" alt=\"\u2714\ufe0f\" src=\"https:\/\/s.w.org\/images\/core\/emoji\/15.0.3\/svg\/2714.svg\" loading=\"lazy\"> La clave para mejorar la trazabilidad, visibilidad y control sobre contratistas y subcontratistas.<img decoding=\"async\" role=\"img\" alt=\"\u2714\ufe0f\" src=\"https:\/\/s.w.org\/images\/core\/emoji\/15.0.3\/svg\/2714.svg\" loading=\"lazy\"> Casos pr\u00e1cticos de empresas que han mejorado su eficiencia y rentabilidad con Twind.<\/span><\/p>\n<p><span data-contrast=\"auto\" lang=\"ES-ES\"><\/span><\/p>\n<p><span data-contrast=\"auto\" lang=\"ES-ES\"><strong><span style=\"--tcb-applied-color: var$(--tcb-color-4) !important; color: var(--tcb-color-4) !important; font-size: 19px !important;\">\u00bfA qui\u00e9n va dirigido?<\/span><\/strong><img decoding=\"async\" role=\"img\" alt=\"\ud83d\udd39\" src=\"https:\/\/s.w.org\/images\/core\/emoji\/15.0.3\/svg\/1f539.svg\" loading=\"lazy\"> Responsables de EHS, PRL y Seguridad que buscan impulsar un proyecto de optimizaci\u00f3n en la gesti\u00f3n de contratistas y demostrar su impacto en la eficiencia y rentabilidad de la empresa.<img decoding=\"async\" role=\"img\" alt=\"\ud83d\udd39\" src=\"https:\/\/s.w.org\/images\/core\/emoji\/15.0.3\/svg\/1f539.svg\" loading=\"lazy\"> Profesionales de cumplimiento normativo y auditor\u00eda que buscan mayor trazabilidad.<img decoding=\"async\" role=\"img\" alt=\"\ud83d\udd39\" src=\"https:\/\/s.w.org\/images\/core\/emoji\/15.0.3\/svg\/1f539.svg\" loading=\"lazy\"> Directores de operaciones y facilities managers que necesitan control y eficiencia en la subcontrataci\u00f3n.<img decoding=\"async\" role=\"img\" alt=\"\ud83d\udd39\" src=\"https:\/\/s.w.org\/images\/core\/emoji\/15.0.3\/svg\/1f539.svg\" loading=\"lazy\"> Empresas que quieren mejorar su imagen, obtener certificaciones y reducir riesgos.<\/span><\/p>\n<p><span data-contrast=\"auto\" lang=\"ES-ES\"><strong>Enrique Escolar Noriega<\/strong> y <strong>Ana Aguirre,&nbsp;<\/strong>del equipo de CTAIMA M\u00e9xico, nos contar\u00e1n c\u00f3mo convertir la gesti\u00f3n de contratistas y proveedores en una ventaja corporativa para tu empresa. \u00a1\u00danete a nosotros en este webinar!<\/span><\/p>\n<h3 style=\"text-align: center;\">Completa el formulario<\/h3>\n<p style=\"text-align: center;\">Te enviaremos el acceso por email<\/p>\n\n\t\t\t\t\t\t<script>\n\t\t\t\t\t\t\twindow.hsFormsOnReady = window.hsFormsOnReady || [];\n\t\t\t\t\t\t\twindow.hsFormsOnReady.push(()=>{\n\t\t\t\t\t\t\t\thbspt.forms.create({\n\t\t\t\t\t\t\t\t\tportalId: 146424663,\n\t\t\t\t\t\t\t\t\tformId: \"7601d547-9f3e-4578-847a-f71cb0281458\",\n\t\t\t\t\t\t\t\t\ttarget: \"#hbspt-form-1776293984000-4160036236\",\n\t\t\t\t\t\t\t\t\tregion: \"eu1\",\n\t\t\t\t\t\t\t\t\t\n\t\t\t\t\t\t\t})});\n\t\t\t\t\t\t<\/script>\n\t\t\t\t\t\t<div class=\"hbspt-form\" id=\"hbspt-form-1776293984000-4160036236\"><\/div>\n<h3 style=\"text-align: center;\"><\/h3>\n<p style=\"text-align: center;\"><span data-ccp-props=\"{&quot;201341983&quot;:0,&quot;335559739&quot;:160,&quot;335559740&quot;:259}\" style=\"\"><strong><strong>Presentado por:<\/strong><\/strong><\/span><\/p>\n<p><span style=\"\"><img decoding=\"async\" alt=\"\" data-id=\"1810\" width=\"166\" data-init-width=\"800\" height=\"166\" data-init-height=\"800\" title=\"Quique\" src=\"https:\/\/twind.io\/mx\/wp-content\/uploads\/2024\/04\/1688376380350.jpg\" data-width=\"166\" data-height=\"166\" style=\"aspect-ratio: auto 800 \/ 800;\" mt-d=\"-0.2810000000000059\" ml-d=\"0\" center-v-d=\"false\" mt-t=\"-7.391000000000005\" ml-t=\"0\" center-h-d=\"false\" mt-m=\"-1.1089999999999947\" ml-m=\"0\" loading=\"lazy\"><\/span><\/p>\n<p style=\"text-align: left;\"><span data-ccp-props=\"{&quot;201341983&quot;:0,&quot;335559739&quot;:160,&quot;335559740&quot;:259}\"><strong><span style=\"font-size: 16px !important; --tcb-applied-color: var$(--tcb-skin-color-0) !important; color: var(--tcb-skin-color-0) !important;\">Enrique Escolar Noriega<\/span><\/strong><\/span><\/p>\n<p style=\"text-align: left;\"><span data-ccp-props=\"{&quot;201341983&quot;:0,&quot;335559739&quot;:160,&quot;335559740&quot;:259}\" style=\"font-size: 14px !important;\">Country Manager M\u00e9xico<\/span><\/p>\n<p style=\"text-align: left;\"><span data-ccp-props=\"{&quot;201341983&quot;:0,&quot;335559739&quot;:160,&quot;335559740&quot;:259}\" style=\"font-size: 14px !important;\">CTAIMA<\/span><\/p>\n<p><span style=\"\"><img decoding=\"async\" alt=\"\" data-id=\"2705\" width=\"219\" data-init-width=\"563\" height=\"164\" data-init-height=\"422\" title=\"Captura de pantalla 2025-02-28 104307\" src=\"https:\/\/twind.io\/mx\/wp-content\/uploads\/2025\/02\/Captura-de-pantalla-2025-02-28-104307.jpg\" data-width=\"219\" data-height=\"164\" style=\"aspect-ratio: auto 563 \/ 422;\" mt-d=\"0\" ml-d=\"-27\" center-v-d=\"false\" mt-t=\"-7.391000000000005\" ml-t=\"0\" center-h-d=\"true\" ml-m=\"-4\" mt-m=\"0\" loading=\"lazy\"><\/span><\/p>\n<p style=\"text-align: left;\"><span data-ccp-props=\"{&quot;201341983&quot;:0,&quot;335559739&quot;:160,&quot;335559740&quot;:259}\"><strong><span style=\"font-size: 16px !important; --tcb-applied-color: var$(--tcb-skin-color-0) !important; color: var(--tcb-skin-color-0) !important;\">Ana Aguirre<\/span><\/strong><\/span><\/p>\n<p style=\"text-align: left;\"><span data-ccp-props=\"{&quot;201341983&quot;:0,&quot;335559739&quot;:160,&quot;335559740&quot;:259}\" style=\"font-size: 14px !important;\">Customer Success<\/span><\/p>\n<p style=\"text-align: left;\"><span data-ccp-props=\"{&quot;201341983&quot;:0,&quot;335559739&quot;:160,&quot;335559740&quot;:259}\" style=\"font-size: 14px !important;\">CTAIMA<\/span><\/p>\n","protected":false},"excerpt":{"rendered":"<p>Webinar Gratuito El impacto empresarial de digitalizarla gesti\u00f3n de contratistas \u00bfC\u00f3mo puede la digitalizaci\u00f3n del control documental de contratistas impulsar los resultados de mi empresa?&nbsp; La gesti\u00f3n de contratistas es un desaf\u00edo para cualquier empresa que quiera garantizar la seguridad, la eficiencia y el cumplimiento normativo. Sin un control adecuado, los riesgos legales, operativos y [&hellip;]<\/p>\n","protected":false},"author":1,"featured_media":0,"parent":0,"menu_order":0,"comment_status":"closed","ping_status":"closed","template":"","meta":{"content-type":"","footnotes":""},"class_list":["post-2702","page","type-page","status-publish","hentry","post-wrapper","thrv_wrapper"],"yoast_head":"<!-- This site is optimized with the Yoast SEO plugin v27.3 - https:\/\/yoast.com\/product\/yoast-seo-wordpress\/ -->\n<title>Webinar El impacto empresarial de digitalizar la gesti\u00f3n de contratistas<\/title>\n<meta name=\"description\" content=\"Webinar El impacto empresarial de digitalizar la gesti\u00f3n de contratistas\" \/>\n<meta name=\"robots\" content=\"noindex, nofollow\" \/>\n<meta property=\"og:locale\" content=\"es_MX\" \/>\n<meta property=\"og:type\" content=\"article\" \/>\n<meta property=\"og:title\" content=\"Webinar El impacto empresarial de digitalizar la gesti\u00f3n de contratistas\" \/>\n<meta property=\"og:description\" content=\"Webinar El impacto empresarial de digitalizar la gesti\u00f3n de contratistas\" \/>\n<meta property=\"og:url\" content=\"https:\/\/twind.io\/mx\/webinar-el-impacto-empresarial-de-digitalizar-la-gestion-de-contratistas\/\" \/>\n<meta property=\"og:site_name\" content=\"Twind - Plataforma de Gesti\u00f3n de Prestadores de Servicios especializados\" \/>\n<meta property=\"article:modified_time\" content=\"2026-01-30T11:26:38+00:00\" \/>\n<meta property=\"og:image\" content=\"https:\/\/twind.io\/mx\/wp-content\/uploads\/2024\/04\/logo-twind-by-ctaima.png\" \/>\n<meta name=\"twitter:card\" content=\"summary_large_image\" \/>\n<meta name=\"twitter:label1\" content=\"Tiempo de lectura\" \/>\n\t<meta name=\"twitter:data1\" content=\"6 minutos\" \/>\n<script type=\"application\/ld+json\" class=\"yoast-schema-graph\">{\"@context\":\"https:\\\/\\\/schema.org\",\"@graph\":[{\"@type\":\"WebPage\",\"@id\":\"https:\\\/\\\/twind.io\\\/mx\\\/webinar-el-impacto-empresarial-de-digitalizar-la-gestion-de-contratistas\\\/\",\"url\":\"https:\\\/\\\/twind.io\\\/mx\\\/webinar-el-impacto-empresarial-de-digitalizar-la-gestion-de-contratistas\\\/\",\"name\":\"Webinar El impacto empresarial de digitalizar la gesti\u00f3n de contratistas\",\"isPartOf\":{\"@id\":\"https:\\\/\\\/twind.io\\\/mx\\\/#website\"},\"primaryImageOfPage\":{\"@id\":\"https:\\\/\\\/twind.io\\\/mx\\\/webinar-el-impacto-empresarial-de-digitalizar-la-gestion-de-contratistas\\\/#primaryimage\"},\"image\":{\"@id\":\"https:\\\/\\\/twind.io\\\/mx\\\/webinar-el-impacto-empresarial-de-digitalizar-la-gestion-de-contratistas\\\/#primaryimage\"},\"thumbnailUrl\":\"https:\\\/\\\/twind.io\\\/mx\\\/wp-content\\\/uploads\\\/2024\\\/04\\\/logo-twind-by-ctaima.png\",\"datePublished\":\"2025-02-27T16:01:10+00:00\",\"dateModified\":\"2026-01-30T11:26:38+00:00\",\"description\":\"Webinar El impacto empresarial de digitalizar la gesti\u00f3n de contratistas\",\"breadcrumb\":{\"@id\":\"https:\\\/\\\/twind.io\\\/mx\\\/webinar-el-impacto-empresarial-de-digitalizar-la-gestion-de-contratistas\\\/#breadcrumb\"},\"inLanguage\":\"es\",\"potentialAction\":[{\"@type\":\"ReadAction\",\"target\":[\"https:\\\/\\\/twind.io\\\/mx\\\/webinar-el-impacto-empresarial-de-digitalizar-la-gestion-de-contratistas\\\/\"]}]},{\"@type\":\"ImageObject\",\"inLanguage\":\"es\",\"@id\":\"https:\\\/\\\/twind.io\\\/mx\\\/webinar-el-impacto-empresarial-de-digitalizar-la-gestion-de-contratistas\\\/#primaryimage\",\"url\":\"https:\\\/\\\/twind.io\\\/mx\\\/wp-content\\\/uploads\\\/2024\\\/04\\\/logo-twind-by-ctaima.png\",\"contentUrl\":\"https:\\\/\\\/twind.io\\\/mx\\\/wp-content\\\/uploads\\\/2024\\\/04\\\/logo-twind-by-ctaima.png\",\"width\":697,\"height\":209},{\"@type\":\"BreadcrumbList\",\"@id\":\"https:\\\/\\\/twind.io\\\/mx\\\/webinar-el-impacto-empresarial-de-digitalizar-la-gestion-de-contratistas\\\/#breadcrumb\",\"itemListElement\":[{\"@type\":\"ListItem\",\"position\":1,\"name\":\"Portada\",\"item\":\"https:\\\/\\\/twind.io\\\/mx\\\/\"},{\"@type\":\"ListItem\",\"position\":2,\"name\":\"Webinar El impacto empresarial de digitalizar la gesti\u00f3n de contratistas\"}]},{\"@type\":\"WebSite\",\"@id\":\"https:\\\/\\\/twind.io\\\/mx\\\/#website\",\"url\":\"https:\\\/\\\/twind.io\\\/mx\\\/\",\"name\":\"Twind - Plataforma de Gesti\u00f3n de Prestadores de Servicios especializados\",\"description\":\"Automatiza y controla con facilidad el proceso de subcontrataci\u00f3n de tus prestadores de servicios, asegurando el cumplimiento legal y reduciendo los riesgos\",\"publisher\":{\"@id\":\"https:\\\/\\\/twind.io\\\/mx\\\/#organization\"},\"potentialAction\":[{\"@type\":\"SearchAction\",\"target\":{\"@type\":\"EntryPoint\",\"urlTemplate\":\"https:\\\/\\\/twind.io\\\/mx\\\/?s={search_term_string}\"},\"query-input\":{\"@type\":\"PropertyValueSpecification\",\"valueRequired\":true,\"valueName\":\"search_term_string\"}}],\"inLanguage\":\"es\"},{\"@type\":\"Organization\",\"@id\":\"https:\\\/\\\/twind.io\\\/mx\\\/#organization\",\"name\":\"Twind - Plataforma de Gesti\u00f3n de Prestadores de Servicios especializados\",\"url\":\"https:\\\/\\\/twind.io\\\/mx\\\/\",\"logo\":{\"@type\":\"ImageObject\",\"inLanguage\":\"es\",\"@id\":\"https:\\\/\\\/twind.io\\\/mx\\\/#\\\/schema\\\/logo\\\/image\\\/\",\"url\":\"https:\\\/\\\/twind.io\\\/mx\\\/wp-content\\\/uploads\\\/2023\\\/04\\\/Logo-Twind.svg\",\"contentUrl\":\"https:\\\/\\\/twind.io\\\/mx\\\/wp-content\\\/uploads\\\/2023\\\/04\\\/Logo-Twind.svg\",\"width\":1,\"height\":1,\"caption\":\"Twind - Plataforma de Gesti\u00f3n de Prestadores de Servicios especializados\"},\"image\":{\"@id\":\"https:\\\/\\\/twind.io\\\/mx\\\/#\\\/schema\\\/logo\\\/image\\\/\"}}]}<\/script>\n<!-- \/ Yoast SEO plugin. -->","yoast_head_json":{"title":"Webinar El impacto empresarial de digitalizar la gesti\u00f3n de contratistas","description":"Webinar El impacto empresarial de digitalizar la gesti\u00f3n de contratistas","robots":{"index":"noindex","follow":"nofollow"},"og_locale":"es_MX","og_type":"article","og_title":"Webinar El impacto empresarial de digitalizar la gesti\u00f3n de contratistas","og_description":"Webinar El impacto empresarial de digitalizar la gesti\u00f3n de contratistas","og_url":"https:\/\/twind.io\/mx\/webinar-el-impacto-empresarial-de-digitalizar-la-gestion-de-contratistas\/","og_site_name":"Twind - Plataforma de Gesti\u00f3n de Prestadores de Servicios especializados","article_modified_time":"2026-01-30T11:26:38+00:00","og_image":[{"url":"https:\/\/twind.io\/mx\/wp-content\/uploads\/2024\/04\/logo-twind-by-ctaima.png","type":"","width":"","height":""}],"twitter_card":"summary_large_image","twitter_misc":{"Tiempo de lectura":"6 minutos"},"schema":{"@context":"https:\/\/schema.org","@graph":[{"@type":"WebPage","@id":"https:\/\/twind.io\/mx\/webinar-el-impacto-empresarial-de-digitalizar-la-gestion-de-contratistas\/","url":"https:\/\/twind.io\/mx\/webinar-el-impacto-empresarial-de-digitalizar-la-gestion-de-contratistas\/","name":"Webinar El impacto empresarial de digitalizar la gesti\u00f3n de contratistas","isPartOf":{"@id":"https:\/\/twind.io\/mx\/#website"},"primaryImageOfPage":{"@id":"https:\/\/twind.io\/mx\/webinar-el-impacto-empresarial-de-digitalizar-la-gestion-de-contratistas\/#primaryimage"},"image":{"@id":"https:\/\/twind.io\/mx\/webinar-el-impacto-empresarial-de-digitalizar-la-gestion-de-contratistas\/#primaryimage"},"thumbnailUrl":"https:\/\/twind.io\/mx\/wp-content\/uploads\/2024\/04\/logo-twind-by-ctaima.png","datePublished":"2025-02-27T16:01:10+00:00","dateModified":"2026-01-30T11:26:38+00:00","description":"Webinar El impacto empresarial de digitalizar la gesti\u00f3n de contratistas","breadcrumb":{"@id":"https:\/\/twind.io\/mx\/webinar-el-impacto-empresarial-de-digitalizar-la-gestion-de-contratistas\/#breadcrumb"},"inLanguage":"es","potentialAction":[{"@type":"ReadAction","target":["https:\/\/twind.io\/mx\/webinar-el-impacto-empresarial-de-digitalizar-la-gestion-de-contratistas\/"]}]},{"@type":"ImageObject","inLanguage":"es","@id":"https:\/\/twind.io\/mx\/webinar-el-impacto-empresarial-de-digitalizar-la-gestion-de-contratistas\/#primaryimage","url":"https:\/\/twind.io\/mx\/wp-content\/uploads\/2024\/04\/logo-twind-by-ctaima.png","contentUrl":"https:\/\/twind.io\/mx\/wp-content\/uploads\/2024\/04\/logo-twind-by-ctaima.png","width":697,"height":209},{"@type":"BreadcrumbList","@id":"https:\/\/twind.io\/mx\/webinar-el-impacto-empresarial-de-digitalizar-la-gestion-de-contratistas\/#breadcrumb","itemListElement":[{"@type":"ListItem","position":1,"name":"Portada","item":"https:\/\/twind.io\/mx\/"},{"@type":"ListItem","position":2,"name":"Webinar El impacto empresarial de digitalizar la gesti\u00f3n de contratistas"}]},{"@type":"WebSite","@id":"https:\/\/twind.io\/mx\/#website","url":"https:\/\/twind.io\/mx\/","name":"Twind - Plataforma de Gesti\u00f3n de Prestadores de Servicios especializados","description":"Automatiza y controla con facilidad el proceso de subcontrataci\u00f3n de tus prestadores de servicios, asegurando el cumplimiento legal y reduciendo los riesgos","publisher":{"@id":"https:\/\/twind.io\/mx\/#organization"},"potentialAction":[{"@type":"SearchAction","target":{"@type":"EntryPoint","urlTemplate":"https:\/\/twind.io\/mx\/?s={search_term_string}"},"query-input":{"@type":"PropertyValueSpecification","valueRequired":true,"valueName":"search_term_string"}}],"inLanguage":"es"},{"@type":"Organization","@id":"https:\/\/twind.io\/mx\/#organization","name":"Twind - Plataforma de Gesti\u00f3n de Prestadores de Servicios especializados","url":"https:\/\/twind.io\/mx\/","logo":{"@type":"ImageObject","inLanguage":"es","@id":"https:\/\/twind.io\/mx\/#\/schema\/logo\/image\/","url":"https:\/\/twind.io\/mx\/wp-content\/uploads\/2023\/04\/Logo-Twind.svg","contentUrl":"https:\/\/twind.io\/mx\/wp-content\/uploads\/2023\/04\/Logo-Twind.svg","width":1,"height":1,"caption":"Twind - Plataforma de Gesti\u00f3n de Prestadores de Servicios especializados"},"image":{"@id":"https:\/\/twind.io\/mx\/#\/schema\/logo\/image\/"}}]}},"_links":{"self":[{"href":"https:\/\/twind.io\/mx\/wp-json\/wp\/v2\/pages\/2702","targetHints":{"allow":["GET"]}}],"collection":[{"href":"https:\/\/twind.io\/mx\/wp-json\/wp\/v2\/pages"}],"about":[{"href":"https:\/\/twind.io\/mx\/wp-json\/wp\/v2\/types\/page"}],"author":[{"embeddable":true,"href":"https:\/\/twind.io\/mx\/wp-json\/wp\/v2\/users\/1"}],"replies":[{"embeddable":true,"href":"https:\/\/twind.io\/mx\/wp-json\/wp\/v2\/comments?post=2702"}],"version-history":[{"count":26,"href":"https:\/\/twind.io\/mx\/wp-json\/wp\/v2\/pages\/2702\/revisions"}],"predecessor-version":[{"id":4207,"href":"https:\/\/twind.io\/mx\/wp-json\/wp\/v2\/pages\/2702\/revisions\/4207"}],"wp:attachment":[{"href":"https:\/\/twind.io\/mx\/wp-json\/wp\/v2\/media?parent=2702"}],"curies":[{"name":"wp","href":"https:\/\/api.w.org\/{rel}","templated":true}]}}