{"id":3416,"date":"2025-04-01T11:23:11","date_gmt":"2025-04-01T11:23:11","guid":{"rendered":"https:\/\/twind.io\/mx\/?page_id=3416"},"modified":"2025-12-02T07:51:04","modified_gmt":"2025-12-02T07:51:04","slug":"caso-exito-twind-mexico-ronal","status":"publish","type":"page","link":"https:\/\/twind.io\/mx\/caso-exito-twind-mexico-ronal\/","title":{"rendered":"Caso \u00e9xito Twind M\u00e9xico Ronal"},"content":{"rendered":"<h1 style=\"text-align: center;\"><span style=\"color: var(--tcb-color-1) !important; --tcb-applied-color: var$(--tcb-color-1) !important;\">Caso de \u00c9xito: <\/span><span style=\"color: var(--tcb-color-4) !important; --tcb-applied-color: var$(--tcb-color-4) !important;\">RONAL<\/span><\/h1>\n<p style=\"text-align: center;\"><strong><span data-contrast=\"auto\" lang=\"ES-ES\">Te contamos c\u00f3mo lograron transformar su gesti\u00f3n y control del cumplimiento<\/span><\/strong><strong><span data-contrast=\"auto\" lang=\"ES-ES\">de proveedores de servicios especializados gracias a la digitalizaci\u00f3n<\/span><\/strong><\/p>\n<h2 style=\"text-align: left;\"><span data-contrast=\"auto\" lang=\"ES-ES\"><span style=\"font-weight: normal;\">Sobre <\/span>RONAL<\/span><\/h2>\n","protected":false},"excerpt":{"rendered":"<p>Caso de \u00c9xito: RONAL Te contamos c\u00f3mo lograron transformar su gesti\u00f3n y control del cumplimientode proveedores de servicios especializados gracias a la digitalizaci\u00f3n Sobre RONAL<\/p>\n","protected":false},"author":1,"featured_media":0,"parent":0,"menu_order":0,"comment_status":"closed","ping_status":"closed","template":"","meta":{"content-type":"","footnotes":""},"class_list":["post-3416","page","type-page","status-publish","hentry","post-wrapper","thrv_wrapper"],"yoast_head":"<!-- This site is optimized with the Yoast SEO plugin v27.3 - https:\/\/yoast.com\/product\/yoast-seo-wordpress\/ -->\n<title>Caso \u00e9xito Twind M\u00e9xico Ronal<\/title>\n<meta name=\"description\" content=\"Caso \u00e9xito Twind M\u00e9xico ronal\" \/>\n<meta name=\"robots\" content=\"index, follow, max-snippet:-1, max-image-preview:large, max-video-preview:-1\" \/>\n<link rel=\"canonical\" href=\"https:\/\/twind.io\/mx\/caso-exito-twind-mexico-ronal\/\" \/>\n<meta property=\"og:locale\" content=\"es_MX\" \/>\n<meta property=\"og:type\" content=\"article\" \/>\n<meta property=\"og:title\" content=\"Caso \u00e9xito Twind M\u00e9xico Ronal\" \/>\n<meta property=\"og:description\" content=\"Caso \u00e9xito Twind M\u00e9xico ronal\" \/>\n<meta property=\"og:url\" content=\"https:\/\/twind.io\/mx\/caso-exito-twind-mexico-ronal\/\" \/>\n<meta property=\"og:site_name\" content=\"Twind - Plataforma de Gesti\u00f3n de Prestadores de Servicios especializados\" \/>\n<meta property=\"article:modified_time\" content=\"2025-12-02T07:51:04+00:00\" \/>\n<meta name=\"twitter:card\" content=\"summary_large_image\" \/>\n<meta name=\"twitter:label1\" content=\"Tiempo de lectura\" \/>\n\t<meta name=\"twitter:data1\" content=\"5 minutos\" \/>\n<script type=\"application\/ld+json\" class=\"yoast-schema-graph\">{\"@context\":\"https:\\\/\\\/schema.org\",\"@graph\":[{\"@type\":\"WebPage\",\"@id\":\"https:\\\/\\\/twind.io\\\/mx\\\/caso-exito-twind-mexico-ronal\\\/\",\"url\":\"https:\\\/\\\/twind.io\\\/mx\\\/caso-exito-twind-mexico-ronal\\\/\",\"name\":\"Caso \u00e9xito Twind M\u00e9xico Ronal\",\"isPartOf\":{\"@id\":\"https:\\\/\\\/twind.io\\\/mx\\\/#website\"},\"datePublished\":\"2025-04-01T11:23:11+00:00\",\"dateModified\":\"2025-12-02T07:51:04+00:00\",\"description\":\"Caso \u00e9xito Twind M\u00e9xico ronal\",\"breadcrumb\":{\"@id\":\"https:\\\/\\\/twind.io\\\/mx\\\/caso-exito-twind-mexico-ronal\\\/#breadcrumb\"},\"inLanguage\":\"es\",\"potentialAction\":[{\"@type\":\"ReadAction\",\"target\":[\"https:\\\/\\\/twind.io\\\/mx\\\/caso-exito-twind-mexico-ronal\\\/\"]}]},{\"@type\":\"BreadcrumbList\",\"@id\":\"https:\\\/\\\/twind.io\\\/mx\\\/caso-exito-twind-mexico-ronal\\\/#breadcrumb\",\"itemListElement\":[{\"@type\":\"ListItem\",\"position\":1,\"name\":\"Portada\",\"item\":\"https:\\\/\\\/twind.io\\\/mx\\\/\"},{\"@type\":\"ListItem\",\"position\":2,\"name\":\"Caso \u00e9xito Twind M\u00e9xico Ronal\"}]},{\"@type\":\"WebSite\",\"@id\":\"https:\\\/\\\/twind.io\\\/mx\\\/#website\",\"url\":\"https:\\\/\\\/twind.io\\\/mx\\\/\",\"name\":\"Twind - Plataforma de Gesti\u00f3n de Prestadores de Servicios especializados\",\"description\":\"Automatiza y controla con facilidad el proceso de subcontrataci\u00f3n de tus prestadores de servicios, asegurando el cumplimiento legal y reduciendo los riesgos\",\"publisher\":{\"@id\":\"https:\\\/\\\/twind.io\\\/mx\\\/#organization\"},\"potentialAction\":[{\"@type\":\"SearchAction\",\"target\":{\"@type\":\"EntryPoint\",\"urlTemplate\":\"https:\\\/\\\/twind.io\\\/mx\\\/?s={search_term_string}\"},\"query-input\":{\"@type\":\"PropertyValueSpecification\",\"valueRequired\":true,\"valueName\":\"search_term_string\"}}],\"inLanguage\":\"es\"},{\"@type\":\"Organization\",\"@id\":\"https:\\\/\\\/twind.io\\\/mx\\\/#organization\",\"name\":\"Twind - Plataforma de Gesti\u00f3n de Prestadores de Servicios especializados\",\"url\":\"https:\\\/\\\/twind.io\\\/mx\\\/\",\"logo\":{\"@type\":\"ImageObject\",\"inLanguage\":\"es\",\"@id\":\"https:\\\/\\\/twind.io\\\/mx\\\/#\\\/schema\\\/logo\\\/image\\\/\",\"url\":\"https:\\\/\\\/twind.io\\\/mx\\\/wp-content\\\/uploads\\\/2023\\\/04\\\/Logo-Twind.svg\",\"contentUrl\":\"https:\\\/\\\/twind.io\\\/mx\\\/wp-content\\\/uploads\\\/2023\\\/04\\\/Logo-Twind.svg\",\"width\":1,\"height\":1,\"caption\":\"Twind - Plataforma de Gesti\u00f3n de Prestadores de Servicios especializados\"},\"image\":{\"@id\":\"https:\\\/\\\/twind.io\\\/mx\\\/#\\\/schema\\\/logo\\\/image\\\/\"}}]}<\/script>\n<!-- \/ Yoast SEO plugin. -->","yoast_head_json":{"title":"Caso \u00e9xito Twind M\u00e9xico Ronal","description":"Caso \u00e9xito Twind M\u00e9xico ronal","robots":{"index":"index","follow":"follow","max-snippet":"max-snippet:-1","max-image-preview":"max-image-preview:large","max-video-preview":"max-video-preview:-1"},"canonical":"https:\/\/twind.io\/mx\/caso-exito-twind-mexico-ronal\/","og_locale":"es_MX","og_type":"article","og_title":"Caso \u00e9xito Twind M\u00e9xico Ronal","og_description":"Caso \u00e9xito Twind M\u00e9xico ronal","og_url":"https:\/\/twind.io\/mx\/caso-exito-twind-mexico-ronal\/","og_site_name":"Twind - Plataforma de Gesti\u00f3n de Prestadores de Servicios especializados","article_modified_time":"2025-12-02T07:51:04+00:00","twitter_card":"summary_large_image","twitter_misc":{"Tiempo de lectura":"5 minutos"},"schema":{"@context":"https:\/\/schema.org","@graph":[{"@type":"WebPage","@id":"https:\/\/twind.io\/mx\/caso-exito-twind-mexico-ronal\/","url":"https:\/\/twind.io\/mx\/caso-exito-twind-mexico-ronal\/","name":"Caso \u00e9xito Twind M\u00e9xico Ronal","isPartOf":{"@id":"https:\/\/twind.io\/mx\/#website"},"datePublished":"2025-04-01T11:23:11+00:00","dateModified":"2025-12-02T07:51:04+00:00","description":"Caso \u00e9xito Twind M\u00e9xico ronal","breadcrumb":{"@id":"https:\/\/twind.io\/mx\/caso-exito-twind-mexico-ronal\/#breadcrumb"},"inLanguage":"es","potentialAction":[{"@type":"ReadAction","target":["https:\/\/twind.io\/mx\/caso-exito-twind-mexico-ronal\/"]}]},{"@type":"BreadcrumbList","@id":"https:\/\/twind.io\/mx\/caso-exito-twind-mexico-ronal\/#breadcrumb","itemListElement":[{"@type":"ListItem","position":1,"name":"Portada","item":"https:\/\/twind.io\/mx\/"},{"@type":"ListItem","position":2,"name":"Caso \u00e9xito Twind M\u00e9xico Ronal"}]},{"@type":"WebSite","@id":"https:\/\/twind.io\/mx\/#website","url":"https:\/\/twind.io\/mx\/","name":"Twind - Plataforma de Gesti\u00f3n de Prestadores de Servicios especializados","description":"Automatiza y controla con facilidad el proceso de subcontrataci\u00f3n de tus prestadores de servicios, asegurando el cumplimiento legal y reduciendo los riesgos","publisher":{"@id":"https:\/\/twind.io\/mx\/#organization"},"potentialAction":[{"@type":"SearchAction","target":{"@type":"EntryPoint","urlTemplate":"https:\/\/twind.io\/mx\/?s={search_term_string}"},"query-input":{"@type":"PropertyValueSpecification","valueRequired":true,"valueName":"search_term_string"}}],"inLanguage":"es"},{"@type":"Organization","@id":"https:\/\/twind.io\/mx\/#organization","name":"Twind - Plataforma de Gesti\u00f3n de Prestadores de Servicios especializados","url":"https:\/\/twind.io\/mx\/","logo":{"@type":"ImageObject","inLanguage":"es","@id":"https:\/\/twind.io\/mx\/#\/schema\/logo\/image\/","url":"https:\/\/twind.io\/mx\/wp-content\/uploads\/2023\/04\/Logo-Twind.svg","contentUrl":"https:\/\/twind.io\/mx\/wp-content\/uploads\/2023\/04\/Logo-Twind.svg","width":1,"height":1,"caption":"Twind - Plataforma de Gesti\u00f3n de Prestadores de Servicios especializados"},"image":{"@id":"https:\/\/twind.io\/mx\/#\/schema\/logo\/image\/"}}]}},"_links":{"self":[{"href":"https:\/\/twind.io\/mx\/wp-json\/wp\/v2\/pages\/3416","targetHints":{"allow":["GET"]}}],"collection":[{"href":"https:\/\/twind.io\/mx\/wp-json\/wp\/v2\/pages"}],"about":[{"href":"https:\/\/twind.io\/mx\/wp-json\/wp\/v2\/types\/page"}],"author":[{"embeddable":true,"href":"https:\/\/twind.io\/mx\/wp-json\/wp\/v2\/users\/1"}],"replies":[{"embeddable":true,"href":"https:\/\/twind.io\/mx\/wp-json\/wp\/v2\/comments?post=3416"}],"version-history":[{"count":39,"href":"https:\/\/twind.io\/mx\/wp-json\/wp\/v2\/pages\/3416\/revisions"}],"predecessor-version":[{"id":4022,"href":"https:\/\/twind.io\/mx\/wp-json\/wp\/v2\/pages\/3416\/revisions\/4022"}],"wp:attachment":[{"href":"https:\/\/twind.io\/mx\/wp-json\/wp\/v2\/media?parent=3416"}],"curies":[{"name":"wp","href":"https:\/\/api.w.org\/{rel}","templated":true}]}}