{"id":3503,"date":"2025-04-25T12:41:35","date_gmt":"2025-04-25T12:41:35","guid":{"rendered":"https:\/\/twind.io\/mx\/?page_id=3503"},"modified":"2025-12-02T07:51:15","modified_gmt":"2025-12-02T07:51:15","slug":"caso-exito-twind-mexico-itpaero","status":"publish","type":"page","link":"https:\/\/twind.io\/mx\/caso-exito-twind-mexico-itpaero\/","title":{"rendered":"Caso de \u00e9xito Twind ITP"},"content":{"rendered":"<p style=\"text-align: center;\"><strong><span data-contrast=\"auto\" lang=\"ES-ES\" style=\"\">Caso de \u00c9xito<\/span><\/strong><\/p>\n<h1 style=\"text-align: center;\"><span>C\u00f3mo <\/span><span>ITP Aero<\/span><span>&nbsp;agiliz\u00f3 su gesti\u00f3n<\/span><span>documental y el control de contratistas<\/span><\/h1>\n<p style=\"\"><em><span data-contrast=\"auto\" lang=\"ES-ES\" style=\"\"><span style=\"\"><em><span data-contrast=\"auto\" lang=\"ES-ES\">\u201cSi est\u00e1s considerando Twind, habla con su equipo. Escuchan, entienden tu necesidad y te ayudan a configurar la soluci\u00f3n que realmente necesitas.\u201d<\/span><\/em><\/span><\/span><\/em><\/p>\n<h2 style=\"text-align: center;\">Samuel Licea, Manager Econ\u00f3mico Financiero en ITP Aero<\/h2>\n<p style=\"text-align: center;\"><span data-contrast=\"auto\" lang=\"ES-ES\" style=\"--tcb-applied-color: rgb(26, 48, 55) !important; color: rgb(26, 48, 55) !important;\"><strong>Revisi\u00f3n documental inmediata<\/strong><\/span><\/p>\n<p style=\"text-align: center;\"><span data-contrast=\"auto\" lang=\"ES-ES\" style=\"--tcb-applied-color: rgb(26, 48, 55) !important; color: rgb(26, 48, 55) !important;\"><strong>Operativa sin papel y con mayor trazabilidad<\/strong><\/span><\/p>\n<p style=\"text-align: center;\"><span data-contrast=\"auto\" lang=\"ES-ES\" style=\"--tcb-applied-color: rgb(26, 48, 55) !important; color: rgb(26, 48, 55) !important;\"><strong>Mayor visibilidad del estado de los contratistas<\/strong><\/span><\/p>\n<p style=\"text-align: center;\"><span data-contrast=\"auto\" lang=\"ES-ES\" style=\"--tcb-applied-color: rgb(26, 48, 55) !important; color: rgb(26, 48, 55) !important;\"><strong>Acompa\u00f1amiento real del equipo t\u00e9cnico en todo momento<\/strong><\/span><\/p>\n<h2 style=\"text-align: left;\"><span data-contrast=\"auto\" lang=\"ES-ES\"><span style=\"font-weight: normal;\">Sobre <\/span>ITP AERO<\/span><\/h2>\n<p \"=\"\"span data-contrast=\"auto\" lang=\"ES-ES\"ITP Aero es una de las compa\u00f1\u00edas l\u00edderes en el sector aeron\u00e1utico,strong con m\u00e1s de 1.200 empleados\/strong y un enfoque estrat\u00e9gico en la innovaci\u00f3n y la eficiencia operativa.\/span\/pp \"=\"\"><span data-contrast=\"auto\" lang=\"ES-ES\">Desde su centro de trabajo multiempresa, gestionan el acceso y cumplimiento normativo de contratistas especializados, un proceso cr\u00edtico en un entorno altamente regulado y t\u00e9cnico.<\/span><\/p>\n","protected":false},"excerpt":{"rendered":"<p>Caso de \u00c9xito C\u00f3mo ITP Aero&nbsp;agiliz\u00f3 su gesti\u00f3ndocumental y el control de contratistas \u201cSi est\u00e1s considerando Twind, habla con su equipo. Escuchan, entienden tu necesidad y te ayudan a configurar la soluci\u00f3n que realmente necesitas.\u201d Samuel Licea, Manager Econ\u00f3mico Financiero en ITP Aero Revisi\u00f3n documental inmediata Operativa sin papel y con mayor trazabilidad Mayor visibilidad [&hellip;]<\/p>\n","protected":false},"author":1,"featured_media":0,"parent":0,"menu_order":0,"comment_status":"closed","ping_status":"closed","template":"","meta":{"content-type":"","footnotes":""},"class_list":["post-3503","page","type-page","status-publish","hentry","post-wrapper","thrv_wrapper"],"yoast_head":"<!-- This site is optimized with the Yoast SEO plugin v27.3 - https:\/\/yoast.com\/product\/yoast-seo-wordpress\/ -->\n<title>Caso \u00e9xito Twind M\u00e9xico ITP AERO<\/title>\n<meta name=\"description\" content=\"Caso \u00e9xito Twind M\u00e9xico itp\" \/>\n<meta name=\"robots\" content=\"index, follow, max-snippet:-1, max-image-preview:large, max-video-preview:-1\" \/>\n<link rel=\"canonical\" href=\"https:\/\/twind.io\/mx\/caso-exito-twind-mexico-itpaero\/\" \/>\n<meta property=\"og:locale\" content=\"es_MX\" \/>\n<meta property=\"og:type\" content=\"article\" \/>\n<meta property=\"og:title\" content=\"Caso \u00e9xito Twind M\u00e9xico ITP AERO\" \/>\n<meta property=\"og:description\" content=\"Caso \u00e9xito Twind M\u00e9xico itp\" \/>\n<meta property=\"og:url\" content=\"https:\/\/twind.io\/mx\/caso-exito-twind-mexico-itpaero\/\" \/>\n<meta property=\"og:site_name\" content=\"Twind - Plataforma de Gesti\u00f3n de Prestadores de Servicios especializados\" \/>\n<meta property=\"article:modified_time\" content=\"2025-12-02T07:51:15+00:00\" \/>\n<meta name=\"twitter:card\" content=\"summary_large_image\" \/>\n<meta name=\"twitter:label1\" content=\"Tiempo de lectura\" \/>\n\t<meta name=\"twitter:data1\" content=\"7 minutos\" \/>\n<script type=\"application\/ld+json\" class=\"yoast-schema-graph\">{\"@context\":\"https:\\\/\\\/schema.org\",\"@graph\":[{\"@type\":\"WebPage\",\"@id\":\"https:\\\/\\\/twind.io\\\/mx\\\/caso-exito-twind-mexico-itpaero\\\/\",\"url\":\"https:\\\/\\\/twind.io\\\/mx\\\/caso-exito-twind-mexico-itpaero\\\/\",\"name\":\"Caso \u00e9xito Twind M\u00e9xico ITP AERO\",\"isPartOf\":{\"@id\":\"https:\\\/\\\/twind.io\\\/mx\\\/#website\"},\"datePublished\":\"2025-04-25T12:41:35+00:00\",\"dateModified\":\"2025-12-02T07:51:15+00:00\",\"description\":\"Caso \u00e9xito Twind M\u00e9xico itp\",\"breadcrumb\":{\"@id\":\"https:\\\/\\\/twind.io\\\/mx\\\/caso-exito-twind-mexico-itpaero\\\/#breadcrumb\"},\"inLanguage\":\"es\",\"potentialAction\":[{\"@type\":\"ReadAction\",\"target\":[\"https:\\\/\\\/twind.io\\\/mx\\\/caso-exito-twind-mexico-itpaero\\\/\"]}]},{\"@type\":\"BreadcrumbList\",\"@id\":\"https:\\\/\\\/twind.io\\\/mx\\\/caso-exito-twind-mexico-itpaero\\\/#breadcrumb\",\"itemListElement\":[{\"@type\":\"ListItem\",\"position\":1,\"name\":\"Portada\",\"item\":\"https:\\\/\\\/twind.io\\\/mx\\\/\"},{\"@type\":\"ListItem\",\"position\":2,\"name\":\"Caso de \u00e9xito Twind ITP\"}]},{\"@type\":\"WebSite\",\"@id\":\"https:\\\/\\\/twind.io\\\/mx\\\/#website\",\"url\":\"https:\\\/\\\/twind.io\\\/mx\\\/\",\"name\":\"Twind - Plataforma de Gesti\u00f3n de Prestadores de Servicios especializados\",\"description\":\"Automatiza y controla con facilidad el proceso de subcontrataci\u00f3n de tus prestadores de servicios, asegurando el cumplimiento legal y reduciendo los riesgos\",\"publisher\":{\"@id\":\"https:\\\/\\\/twind.io\\\/mx\\\/#organization\"},\"potentialAction\":[{\"@type\":\"SearchAction\",\"target\":{\"@type\":\"EntryPoint\",\"urlTemplate\":\"https:\\\/\\\/twind.io\\\/mx\\\/?s={search_term_string}\"},\"query-input\":{\"@type\":\"PropertyValueSpecification\",\"valueRequired\":true,\"valueName\":\"search_term_string\"}}],\"inLanguage\":\"es\"},{\"@type\":\"Organization\",\"@id\":\"https:\\\/\\\/twind.io\\\/mx\\\/#organization\",\"name\":\"Twind - Plataforma de Gesti\u00f3n de Prestadores de Servicios especializados\",\"url\":\"https:\\\/\\\/twind.io\\\/mx\\\/\",\"logo\":{\"@type\":\"ImageObject\",\"inLanguage\":\"es\",\"@id\":\"https:\\\/\\\/twind.io\\\/mx\\\/#\\\/schema\\\/logo\\\/image\\\/\",\"url\":\"https:\\\/\\\/twind.io\\\/mx\\\/wp-content\\\/uploads\\\/2023\\\/04\\\/Logo-Twind.svg\",\"contentUrl\":\"https:\\\/\\\/twind.io\\\/mx\\\/wp-content\\\/uploads\\\/2023\\\/04\\\/Logo-Twind.svg\",\"width\":1,\"height\":1,\"caption\":\"Twind - Plataforma de Gesti\u00f3n de Prestadores de Servicios especializados\"},\"image\":{\"@id\":\"https:\\\/\\\/twind.io\\\/mx\\\/#\\\/schema\\\/logo\\\/image\\\/\"}}]}<\/script>\n<!-- \/ Yoast SEO plugin. -->","yoast_head_json":{"title":"Caso \u00e9xito Twind M\u00e9xico ITP AERO","description":"Caso \u00e9xito Twind M\u00e9xico itp","robots":{"index":"index","follow":"follow","max-snippet":"max-snippet:-1","max-image-preview":"max-image-preview:large","max-video-preview":"max-video-preview:-1"},"canonical":"https:\/\/twind.io\/mx\/caso-exito-twind-mexico-itpaero\/","og_locale":"es_MX","og_type":"article","og_title":"Caso \u00e9xito Twind M\u00e9xico ITP AERO","og_description":"Caso \u00e9xito Twind M\u00e9xico itp","og_url":"https:\/\/twind.io\/mx\/caso-exito-twind-mexico-itpaero\/","og_site_name":"Twind - Plataforma de Gesti\u00f3n de Prestadores de Servicios especializados","article_modified_time":"2025-12-02T07:51:15+00:00","twitter_card":"summary_large_image","twitter_misc":{"Tiempo de lectura":"7 minutos"},"schema":{"@context":"https:\/\/schema.org","@graph":[{"@type":"WebPage","@id":"https:\/\/twind.io\/mx\/caso-exito-twind-mexico-itpaero\/","url":"https:\/\/twind.io\/mx\/caso-exito-twind-mexico-itpaero\/","name":"Caso \u00e9xito Twind M\u00e9xico ITP AERO","isPartOf":{"@id":"https:\/\/twind.io\/mx\/#website"},"datePublished":"2025-04-25T12:41:35+00:00","dateModified":"2025-12-02T07:51:15+00:00","description":"Caso \u00e9xito Twind M\u00e9xico itp","breadcrumb":{"@id":"https:\/\/twind.io\/mx\/caso-exito-twind-mexico-itpaero\/#breadcrumb"},"inLanguage":"es","potentialAction":[{"@type":"ReadAction","target":["https:\/\/twind.io\/mx\/caso-exito-twind-mexico-itpaero\/"]}]},{"@type":"BreadcrumbList","@id":"https:\/\/twind.io\/mx\/caso-exito-twind-mexico-itpaero\/#breadcrumb","itemListElement":[{"@type":"ListItem","position":1,"name":"Portada","item":"https:\/\/twind.io\/mx\/"},{"@type":"ListItem","position":2,"name":"Caso de \u00e9xito Twind ITP"}]},{"@type":"WebSite","@id":"https:\/\/twind.io\/mx\/#website","url":"https:\/\/twind.io\/mx\/","name":"Twind - Plataforma de Gesti\u00f3n de Prestadores de Servicios especializados","description":"Automatiza y controla con facilidad el proceso de subcontrataci\u00f3n de tus prestadores de servicios, asegurando el cumplimiento legal y reduciendo los riesgos","publisher":{"@id":"https:\/\/twind.io\/mx\/#organization"},"potentialAction":[{"@type":"SearchAction","target":{"@type":"EntryPoint","urlTemplate":"https:\/\/twind.io\/mx\/?s={search_term_string}"},"query-input":{"@type":"PropertyValueSpecification","valueRequired":true,"valueName":"search_term_string"}}],"inLanguage":"es"},{"@type":"Organization","@id":"https:\/\/twind.io\/mx\/#organization","name":"Twind - Plataforma de Gesti\u00f3n de Prestadores de Servicios especializados","url":"https:\/\/twind.io\/mx\/","logo":{"@type":"ImageObject","inLanguage":"es","@id":"https:\/\/twind.io\/mx\/#\/schema\/logo\/image\/","url":"https:\/\/twind.io\/mx\/wp-content\/uploads\/2023\/04\/Logo-Twind.svg","contentUrl":"https:\/\/twind.io\/mx\/wp-content\/uploads\/2023\/04\/Logo-Twind.svg","width":1,"height":1,"caption":"Twind - Plataforma de Gesti\u00f3n de Prestadores de Servicios especializados"},"image":{"@id":"https:\/\/twind.io\/mx\/#\/schema\/logo\/image\/"}}]}},"_links":{"self":[{"href":"https:\/\/twind.io\/mx\/wp-json\/wp\/v2\/pages\/3503","targetHints":{"allow":["GET"]}}],"collection":[{"href":"https:\/\/twind.io\/mx\/wp-json\/wp\/v2\/pages"}],"about":[{"href":"https:\/\/twind.io\/mx\/wp-json\/wp\/v2\/types\/page"}],"author":[{"embeddable":true,"href":"https:\/\/twind.io\/mx\/wp-json\/wp\/v2\/users\/1"}],"replies":[{"embeddable":true,"href":"https:\/\/twind.io\/mx\/wp-json\/wp\/v2\/comments?post=3503"}],"version-history":[{"count":11,"href":"https:\/\/twind.io\/mx\/wp-json\/wp\/v2\/pages\/3503\/revisions"}],"predecessor-version":[{"id":4023,"href":"https:\/\/twind.io\/mx\/wp-json\/wp\/v2\/pages\/3503\/revisions\/4023"}],"wp:attachment":[{"href":"https:\/\/twind.io\/mx\/wp-json\/wp\/v2\/media?parent=3503"}],"curies":[{"name":"wp","href":"https:\/\/api.w.org\/{rel}","templated":true}]}}