{"id":3523,"date":"2025-05-02T07:49:20","date_gmt":"2025-05-02T07:49:20","guid":{"rendered":"https:\/\/twind.io\/mx\/?page_id=3523"},"modified":"2025-12-02T07:51:26","modified_gmt":"2025-12-02T07:51:26","slug":"caso-de-exito-twind-marva","status":"publish","type":"page","link":"https:\/\/twind.io\/mx\/caso-de-exito-twind-marva\/","title":{"rendered":"Caso de \u00e9xito Twind Marva"},"content":{"rendered":"<p style=\"text-align: center;\"><strong><span data-contrast=\"auto\" lang=\"ES-ES\" style=\"\">Caso de \u00c9xito<\/span><\/strong><\/p>\n<h1 style=\"text-align: center;\"><span>C\u00f3mo <\/span><span>Transportes Marva&nbsp;<\/span><span>simplific\u00f3<\/span><span>su gesti\u00f3n documental de&nbsp;<\/span><span>proveedores<\/span><span>con Twind<\/span><\/h1>\n<p style=\"text-align: left;\"><span data-contrast=\"auto\" lang=\"ES-ES\">En empresas con un alto volumen de documentaci\u00f3n y m\u00faltiples contratistas, la gesti\u00f3n manual puede convertirse en una pesadilla. <strong>Transportes Marva<\/strong>, l\u00edder en transporte de carga general, lo sab\u00eda bien.Con Twind, pasaron del caos de correos y carpetas dispersas a una gesti\u00f3n documental eficiente.<\/span><\/p>\n<p style=\"text-align: left;\"><strong><span data-contrast=\"auto\" lang=\"ES-ES\"><img decoding=\"async\" role=\"img\" alt=\"\u2714\ufe0f\" src=\"https:\/\/s.w.org\/images\/core\/emoji\/16.0.1\/svg\/2714.svg\" loading=\"lazy\"> Documentaci\u00f3n en orden, sin esfuerzo adicional<img decoding=\"async\" role=\"img\" alt=\"\u2714\ufe0f\" src=\"https:\/\/s.w.org\/images\/core\/emoji\/16.0.1\/svg\/2714.svg\" loading=\"lazy\"> Implementaci\u00f3n r\u00e1pida y sin obst\u00e1culos<img decoding=\"async\" role=\"img\" alt=\"\u2714\ufe0f\" src=\"https:\/\/s.w.org\/images\/core\/emoji\/16.0.1\/svg\/2714.svg\" loading=\"lazy\"> Auditor\u00edas con mayor tranquilidad<img decoding=\"async\" role=\"img\" alt=\"\u2714\ufe0f\" src=\"https:\/\/s.w.org\/images\/core\/emoji\/16.0.1\/svg\/2714.svg\" loading=\"lazy\"> Operativa diaria m\u00e1s \u00e1gil para el equipo<\/span><\/strong><\/p>\n<h2 style=\"text-align: left;\"><span data-contrast=\"auto\" lang=\"ES-ES\"><span style=\"font-weight: normal;\">Sobre <\/span>Transportes Marva<\/span><\/h2>\n<p \"=\"\"span data-contrast=\"auto\" lang=\"ES-ES\"Con m\u00e1s de 3.500 empleados y una red de strong15 empresas contratistas\/strong, strongTransportes Marva\/strong opera en un sector donde la trazabilidad documental es clave para cumplir con la normativa y garantizar la continuidad operativa.brbrCada a\u00f1o, m\u00e1s de strong200 trabajadores externos\/strong acceden a sus instalaciones. Organizar y controlar toda esa documentaci\u00f3n de forma manual ya no era una opci\u00f3n viable.\/span\/pp \"=\"\"><span data-contrast=\"auto\" lang=\"ES-ES\"><strong><\/strong><\/span><\/p>\n<p><span style=\"\"><img decoding=\"async\" alt=\"\" data-id=\"3534\" width=\"442\" data-init-width=\"2378\" height=\"284\" data-init-height=\"1527\" title=\"TRANSPORTES MARVA S.A. de C.V.LOGOTIPO_MARVACOMMX-ALTA - copia\" src=\"https:\/\/twind.io\/mx\/wp-content\/uploads\/2025\/05\/TRANSPORTES-MARVA-S.A.-de-C.V.LOGOTIPO_MARVACOMMX-ALTA-copia.png\" data-width=\"442\" data-height=\"284\" style=\"aspect-ratio: auto 2378 \/ 1527;\" ml-d=\"0\" mt-d=\"0\" loading=\"lazy\"><\/span><\/p>\n<h2 style=\"text-align: center;\"><span>El <span>reto<\/span>: m\u00e1s volumen, m\u00e1s documentos&#8230; m\u00e1s caos<\/span><\/h2>\n<p><span data-contrast=\"auto\" lang=\"ES-ES\" style=\"--tcb-applied-color: rgb(26, 48, 55) !important; color: rgb(26, 48, 55) !important;\">Antes de Twind, la gesti\u00f3n de documentaci\u00f3n se realizaba de forma completamente manual:<\/span><\/p>\n<\/p>\n<ul>\n<li tve-u-681478a9d7c478\"\"=\"\"><span data-contrast=\"auto\" lang=\"ES-ES\"><strong>Se solicitaban los documentos por correo electr\u00f3nico.<\/strong><\/span><\/li>\n<li tve-u-681478a9d7c478\"\"=\"\"><span data-contrast=\"auto\" lang=\"ES-ES\"><strong>Se almacenaban en carpetas digitales dispersas.<\/strong><\/span><\/li>\n<li tve-u-681478a9d7c478\"\"=\"\"><span data-contrast=\"auto\" lang=\"ES-ES\"><strong>El seguimiento era complejo y propenso a errores.<\/strong><\/span><span data-contrast=\"auto\" lang=\"ES-ES\"><\/span><span data-contrast=\"auto\" lang=\"ES-ES\"><\/span><\/li>\n<\/ul>\n<p><span data-contrast=\"auto\" lang=\"ES-ES\" style=\"--tcb-applied-color: rgb(26, 48, 55) !important; color: rgb(26, 48, 55) !important;\">Esto no solo generaba una gran carga administrativa, sino tambi\u00e9n riesgos por la falta de control sobre la vigencia y cumplimiento de los documentos de los proveedores.<\/span><\/p>\n<h2 style=\"text-align: center;\"><span><strong>\u00bfPor qu\u00e9 <\/strong><\/span><span><strong>Twind<\/strong><\/span><span><strong>?<\/strong><!--[endif]--><\/span><\/h2>\n<p style=\"\"><strong><span data-contrast=\"auto\" lang=\"ES-ES\">Lo ten\u00edan claro:<\/span><\/strong><strong><span data-contrast=\"auto\" lang=\"ES-ES\">necesitaban orden,<\/span><\/strong><strong><span data-contrast=\"auto\" lang=\"ES-ES\">control y seguridad.<\/span><\/strong><\/p>\n<p style=\"\"><span data-contrast=\"auto\" lang=\"ES-ES\">Twind es todo lo que buscaban:<\/span><\/p>\n<ul>\n<li data-end=\"2532\" data-start=\"2489\" style=\"\">Una plataforma intuitiva y centralizada<\/li>\n<li data-end=\"2583\" data-start=\"2533\" style=\"\">Seguridad y centralizaci\u00f3n de la informaci\u00f3n<\/li>\n<li data-end=\"2622\" data-start=\"2584\" style=\"\">Simplicidad para el equipo operativo<\/li>\n<\/ul>\n<p style=\"text-align: justify;\"><em> <\/em><\/p>\n<p style=\"\"><em><span data-contrast=\"auto\" lang=\"ES-ES\" style=\"\"><span style=\"\"><em><span data-contrast=\"auto\" lang=\"ES-ES\">\u201cLo que m\u00e1s valoro es que Twind conserva toda la informaci\u00f3n que suben los proveedores. Me da seguridad y organizaci\u00f3n.\u201d<\/span><\/em><\/span><\/span><\/em><\/p>\n<h2 style=\"text-align: center;\">Reyna Paola Amador Cano <span style=\"font-size: 15px !important;\">Responsable de administraci\u00f3n y contratos en Transportes Marva<\/span><\/h2>\n<h2 style=\"text-align: center;\"><span><strong>As\u00ed cambi\u00f3 todo&nbsp;<\/strong><\/span><span><strong>con&nbsp;<\/strong><\/span><span><strong>Twind<\/strong><\/span><\/h2>\n<p><span data-contrast=\"auto\" lang=\"ES-ES\" style=\"--tcb-applied-color: var$(--tcb-color-4) !important; color: var(--tcb-color-4) !important;\"><span data-contrast=\"auto\" lang=\"ES-ES\"><strong><img decoding=\"async\" role=\"img\" alt=\"\u2705\" src=\"https:\/\/s.w.org\/images\/core\/emoji\/16.0.1\/svg\/2705.svg\" loading=\"lazy\"> 1. Toda la documentaci\u00f3n en un solo lugar<\/strong><\/span><\/span><span data-contrast=\"auto\" lang=\"ES-ES\" style=\"--tcb-applied-color: rgb(26, 48, 55) !important; color: rgb(26, 48, 55) !important;\"><span data-contrast=\"auto\" lang=\"ES-ES\">El equipo ahora accede a la informaci\u00f3n de forma centralizada y sin depender del correo electr\u00f3nico.<\/span><\/span><\/p>\n<p><span data-contrast=\"auto\" lang=\"ES-ES\" style=\"--tcb-applied-color: rgb(26, 48, 55) !important; color: rgb(26, 48, 55) !important;\"><span data-contrast=\"auto\" lang=\"ES-ES\"><\/span><\/span><span data-contrast=\"auto\" lang=\"ES-ES\" style=\"--tcb-applied-color: rgb(26, 48, 55) !important; color: rgb(26, 48, 55) !important;\"><span data-contrast=\"auto\" lang=\"ES-ES\"><\/span><\/span><span data-contrast=\"auto\" lang=\"ES-ES\" style=\"--tcb-applied-color: var$(--tcb-color-4) !important; color: var(--tcb-color-4) !important;\"><span data-contrast=\"auto\" lang=\"ES-ES\"><strong><img decoding=\"async\" role=\"img\" alt=\"\u2705\" src=\"https:\/\/s.w.org\/images\/core\/emoji\/16.0.1\/svg\/2705.svg\" loading=\"lazy\"> 2. Visibilidad total y control sin esfuerzo<\/strong><\/span><\/span><span data-contrast=\"auto\" lang=\"ES-ES\" style=\"--tcb-applied-color: rgb(26, 48, 55) !important; color: rgb(26, 48, 55) !important;\"><span data-contrast=\"auto\" lang=\"ES-ES\">Pueden ver en segundos qu\u00e9 documentos est\u00e1n vigentes y cu\u00e1les necesitan ser actualizados.<\/span><\/span><span data-contrast=\"auto\" lang=\"ES-ES\" style=\"--tcb-applied-color: rgb(26, 48, 55) !important; color: rgb(26, 48, 55) !important;\"><span data-contrast=\"auto\" lang=\"ES-ES\"><\/span><\/span><span data-contrast=\"auto\" lang=\"ES-ES\" style=\"--tcb-applied-color: var$(--tcb-color-4) !important; color: var(--tcb-color-4) !important;\"><span data-contrast=\"auto\" lang=\"ES-ES\"><strong><img decoding=\"async\" role=\"img\" alt=\"\u2705\" src=\"https:\/\/s.w.org\/images\/core\/emoji\/16.0.1\/svg\/2705.svg\" loading=\"lazy\"> 3. Adi\u00f3s al desorden<\/strong><\/span><\/span><span data-contrast=\"auto\" lang=\"ES-ES\" style=\"--tcb-applied-color: rgb(26, 48, 55) !important; color: rgb(26, 48, 55) !important;\"><span data-contrast=\"auto\" lang=\"ES-ES\">Se eliminaron las carpetas duplicadas y la confusi\u00f3n de versiones.<\/span><\/span><\/p>\n<p><span data-contrast=\"auto\" lang=\"ES-ES\" style=\"--tcb-applied-color: rgb(26, 48, 55) !important; color: rgb(26, 48, 55) !important;\"><span data-contrast=\"auto\" lang=\"ES-ES\"><\/span><\/span><span data-contrast=\"auto\" lang=\"ES-ES\" style=\"--tcb-applied-color: rgb(26, 48, 55) !important; color: rgb(26, 48, 55) !important;\"><span data-contrast=\"auto\" lang=\"ES-ES\"><\/span><\/span><span data-contrast=\"auto\" lang=\"ES-ES\" style=\"--tcb-applied-color: var$(--tcb-color-4) !important; color: var(--tcb-color-4) !important;\"><span data-contrast=\"auto\" lang=\"ES-ES\"><strong><img decoding=\"async\" role=\"img\" alt=\"\u2705\" src=\"https:\/\/s.w.org\/images\/core\/emoji\/16.0.1\/svg\/2705.svg\" loading=\"lazy\"> 4. Soporte desde el inicio<\/strong><\/span><\/span><span data-contrast=\"auto\" lang=\"ES-ES\" style=\"--tcb-applied-color: rgb(26, 48, 55) !important; color: rgb(26, 48, 55) !important;\"><span data-contrast=\"auto\" lang=\"ES-ES\">Aunque al principio no sab\u00edan c\u00f3mo consultar toda la informaci\u00f3n, el acompa\u00f1amiento del equipo de Twind hizo que el onboarding fuera sencillo.<\/span><\/span><span data-contrast=\"auto\" lang=\"ES-ES\" style=\"--tcb-applied-color: rgb(26, 48, 55) !important; color: rgb(26, 48, 55) !important;\"><span data-contrast=\"auto\" lang=\"ES-ES\"><\/span><\/span><span data-contrast=\"auto\" lang=\"ES-ES\" style=\"--tcb-applied-color: var$(--tcb-color-4) !important; color: var(--tcb-color-4) !important;\"><span data-contrast=\"auto\" lang=\"ES-ES\"><strong><\/strong><\/span><\/span><\/p>\n<p><span style=\"\"><img decoding=\"async\" alt=\"\" data-id=\"3535\" width=\"761\" data-init-width=\"1060\" height=\"524\" data-init-height=\"730\" title=\"Transportes Marva Twind\" src=\"https:\/\/twind.io\/mx\/wp-content\/uploads\/2025\/05\/Servicio33.jpg\" data-width=\"761\" data-height=\"524\" style=\"aspect-ratio: auto 1060 \/ 730;\" ml-d=\"-175\" mt-d=\"0\" center-h-d=\"false\" ml-m=\"-160\" mt-m=\"0\" center-h-m=\"false\" loading=\"lazy\"><\/span><\/p>\n<p style=\"\"><em><span data-contrast=\"auto\" lang=\"ES-ES\" style=\"\"><span style=\"\"><em><span data-contrast=\"auto\" lang=\"ES-ES\">\u201cAntes solicit\u00e1bamos todo por correo y era muy dif\u00edcil llevar control.Con Twind, todo queda guardado y accesible. Se lo recomiendo ampliamente a cualquier empresa que gestione proveedores.\u201d<\/span><\/em><\/span><\/span><\/em><\/p>\n<h2 style=\"text-align: center;\">Reyna Paola Amador Cano <span style=\"font-size: 15px !important;\">Responsable de administraci\u00f3n y contratos en Transportes Marva<\/span><\/h2>\n<h2 style=\"text-align: center;\"><span><strong>\u00bfC\u00f3mo se diferencia <span>Twind<\/span>?<\/strong><\/span><\/h2>\n<p style=\"\"><span data-contrast=\"auto\" lang=\"ES-ES\"><strong><span style=\"--tcb-applied-color: var$(--tcb-color-4) !important; color: var(--tcb-color-4) !important;\"><img decoding=\"async\" role=\"img\" alt=\"\ud83d\udd39\" src=\"https:\/\/s.w.org\/images\/core\/emoji\/16.0.1\/svg\/1f539.svg\" loading=\"lazy\"> Soporte cercano y en tiempo real<\/span><\/strong>Desde el primer momento, el equipo de Twind los acompa\u00f1\u00f3 paso a paso.<strong><span style=\"--tcb-applied-color: var$(--tcb-color-4) !important; color: var(--tcb-color-4) !important;\"><img decoding=\"async\" role=\"img\" alt=\"\ud83d\udd39\" src=\"https:\/\/s.w.org\/images\/core\/emoji\/16.0.1\/svg\/1f539.svg\" loading=\"lazy\"> Una plataforma simple, pero poderosa<\/span><\/strong>Dise\u00f1ada para que cualquier persona pueda usarla sin complicaciones.<strong><span style=\"--tcb-applied-color: var$(--tcb-color-4) !important; color: var(--tcb-color-4) !important;\"><img decoding=\"async\" role=\"img\" alt=\"\ud83d\udd39\" src=\"https:\/\/s.w.org\/images\/core\/emoji\/16.0.1\/svg\/1f539.svg\" loading=\"lazy\"> Confianza en cada proceso<\/span><\/strong>Twind asegura que la documentaci\u00f3n est\u00e9 siempre conservada, validada y lista para consulta.<\/span><\/p>\n<p style=\"\"><em><span data-contrast=\"auto\" lang=\"ES-ES\" style=\"\"><span style=\"\"><em><span data-contrast=\"auto\" lang=\"ES-ES\">\u201cTwind no es solo una herramienta. Es una soluci\u00f3n que da estructura y tranquilidad.\u201d<\/span><\/em><\/span><\/span><\/em><\/p>\n<h2 style=\"text-align: center;\">Reyna Paola Amador Cano <span style=\"font-size: 15px !important;\">Responsable de administraci\u00f3n y contratos en Transportes Marva<\/span><\/h2>\n<h3 style=\"text-align: center;\"><span style=\"--tcb-applied-color: var$(--tcb-skin-color-22) !important; color: var(--tcb-skin-color-22) !important; font-size: 24px !important;\">Descubre Twind<\/span><\/h3>\n<h3 style=\"text-align: center;\"><span style=\"font-size: 17px !important;\"><span><span style=\"--tcb-applied-color: var$(--tcb-skin-color-22) !important; color: var(--tcb-skin-color-22) !important;\">Como Transportes Marva, t\u00fa tambi\u00e9n puedes recuperar el control de tus contratistas. Comienza hoy.<\/span><\/span><\/span><\/h3>\n\n\t\t\t\t\t\t<script>\n\t\t\t\t\t\t\twindow.hsFormsOnReady = window.hsFormsOnReady || [];\n\t\t\t\t\t\t\twindow.hsFormsOnReady.push(()=>{\n\t\t\t\t\t\t\t\thbspt.forms.create({\n\t\t\t\t\t\t\t\t\tportalId: 146424663,\n\t\t\t\t\t\t\t\t\tformId: \"888f8437-7010-47c4-89d3-feb5e5afa02d\",\n\t\t\t\t\t\t\t\t\ttarget: \"#hbspt-form-1776423043000-0580900193\",\n\t\t\t\t\t\t\t\t\tregion: \"eu1\",\n\t\t\t\t\t\t\t\t\t\n\t\t\t\t\t\t\t})});\n\t\t\t\t\t\t<\/script>\n\t\t\t\t\t\t<div class=\"hbspt-form\" id=\"hbspt-form-1776423043000-0580900193\"><\/div>\n","protected":false},"excerpt":{"rendered":"<p>Caso de \u00c9xito C\u00f3mo Transportes Marva&nbsp;simplific\u00f3su gesti\u00f3n documental de&nbsp;proveedorescon Twind En empresas con un alto volumen de documentaci\u00f3n y m\u00faltiples contratistas, la gesti\u00f3n manual puede convertirse en una pesadilla. Transportes Marva, l\u00edder en transporte de carga general, lo sab\u00eda bien.Con Twind, pasaron del caos de correos y carpetas dispersas a una gesti\u00f3n documental eficiente. Documentaci\u00f3n [&hellip;]<\/p>\n","protected":false},"author":1,"featured_media":0,"parent":0,"menu_order":0,"comment_status":"closed","ping_status":"closed","template":"","meta":{"content-type":"","footnotes":""},"class_list":["post-3523","page","type-page","status-publish","hentry","post-wrapper","thrv_wrapper"],"yoast_head":"<!-- This site is optimized with the Yoast SEO plugin v27.3 - https:\/\/yoast.com\/product\/yoast-seo-wordpress\/ -->\n<title>Caso \u00e9xito Twind M\u00e9xico Marva<\/title>\n<meta name=\"description\" content=\"Caso \u00e9xito Twind M\u00e9xico Marva\" \/>\n<meta name=\"robots\" content=\"index, follow, max-snippet:-1, max-image-preview:large, max-video-preview:-1\" \/>\n<link rel=\"canonical\" href=\"https:\/\/twind.io\/mx\/caso-de-exito-twind-marva\/\" \/>\n<meta property=\"og:locale\" content=\"es_MX\" \/>\n<meta property=\"og:type\" content=\"article\" \/>\n<meta property=\"og:title\" content=\"Caso \u00e9xito Twind M\u00e9xico Marva\" \/>\n<meta property=\"og:description\" content=\"Caso \u00e9xito Twind M\u00e9xico Marva\" \/>\n<meta property=\"og:url\" content=\"https:\/\/twind.io\/mx\/caso-de-exito-twind-marva\/\" \/>\n<meta property=\"og:site_name\" content=\"Twind - Plataforma de Gesti\u00f3n de Prestadores de Servicios especializados\" \/>\n<meta property=\"article:modified_time\" content=\"2025-12-02T07:51:26+00:00\" \/>\n<meta property=\"og:image\" content=\"https:\/\/s.w.org\/images\/core\/emoji\/16.0.1\/svg\/2714.svg\" \/>\n<meta name=\"twitter:card\" content=\"summary_large_image\" \/>\n<meta name=\"twitter:label1\" content=\"Tiempo de lectura\" \/>\n\t<meta name=\"twitter:data1\" content=\"6 minutos\" \/>\n<script type=\"application\/ld+json\" class=\"yoast-schema-graph\">{\"@context\":\"https:\\\/\\\/schema.org\",\"@graph\":[{\"@type\":\"WebPage\",\"@id\":\"https:\\\/\\\/twind.io\\\/mx\\\/caso-de-exito-twind-marva\\\/\",\"url\":\"https:\\\/\\\/twind.io\\\/mx\\\/caso-de-exito-twind-marva\\\/\",\"name\":\"Caso \u00e9xito Twind M\u00e9xico Marva\",\"isPartOf\":{\"@id\":\"https:\\\/\\\/twind.io\\\/mx\\\/#website\"},\"primaryImageOfPage\":{\"@id\":\"https:\\\/\\\/twind.io\\\/mx\\\/caso-de-exito-twind-marva\\\/#primaryimage\"},\"image\":{\"@id\":\"https:\\\/\\\/twind.io\\\/mx\\\/caso-de-exito-twind-marva\\\/#primaryimage\"},\"thumbnailUrl\":\"https:\\\/\\\/s.w.org\\\/images\\\/core\\\/emoji\\\/16.0.1\\\/svg\\\/2714.svg\",\"datePublished\":\"2025-05-02T07:49:20+00:00\",\"dateModified\":\"2025-12-02T07:51:26+00:00\",\"description\":\"Caso \u00e9xito Twind M\u00e9xico Marva\",\"breadcrumb\":{\"@id\":\"https:\\\/\\\/twind.io\\\/mx\\\/caso-de-exito-twind-marva\\\/#breadcrumb\"},\"inLanguage\":\"es\",\"potentialAction\":[{\"@type\":\"ReadAction\",\"target\":[\"https:\\\/\\\/twind.io\\\/mx\\\/caso-de-exito-twind-marva\\\/\"]}]},{\"@type\":\"ImageObject\",\"inLanguage\":\"es\",\"@id\":\"https:\\\/\\\/twind.io\\\/mx\\\/caso-de-exito-twind-marva\\\/#primaryimage\",\"url\":\"https:\\\/\\\/s.w.org\\\/images\\\/core\\\/emoji\\\/16.0.1\\\/svg\\\/2714.svg\",\"contentUrl\":\"https:\\\/\\\/s.w.org\\\/images\\\/core\\\/emoji\\\/16.0.1\\\/svg\\\/2714.svg\"},{\"@type\":\"BreadcrumbList\",\"@id\":\"https:\\\/\\\/twind.io\\\/mx\\\/caso-de-exito-twind-marva\\\/#breadcrumb\",\"itemListElement\":[{\"@type\":\"ListItem\",\"position\":1,\"name\":\"Portada\",\"item\":\"https:\\\/\\\/twind.io\\\/mx\\\/\"},{\"@type\":\"ListItem\",\"position\":2,\"name\":\"Caso de \u00e9xito Twind Marva\"}]},{\"@type\":\"WebSite\",\"@id\":\"https:\\\/\\\/twind.io\\\/mx\\\/#website\",\"url\":\"https:\\\/\\\/twind.io\\\/mx\\\/\",\"name\":\"Twind - Plataforma de Gesti\u00f3n de Prestadores de Servicios especializados\",\"description\":\"Automatiza y controla con facilidad el proceso de subcontrataci\u00f3n de tus prestadores de servicios, asegurando el cumplimiento legal y reduciendo los riesgos\",\"publisher\":{\"@id\":\"https:\\\/\\\/twind.io\\\/mx\\\/#organization\"},\"potentialAction\":[{\"@type\":\"SearchAction\",\"target\":{\"@type\":\"EntryPoint\",\"urlTemplate\":\"https:\\\/\\\/twind.io\\\/mx\\\/?s={search_term_string}\"},\"query-input\":{\"@type\":\"PropertyValueSpecification\",\"valueRequired\":true,\"valueName\":\"search_term_string\"}}],\"inLanguage\":\"es\"},{\"@type\":\"Organization\",\"@id\":\"https:\\\/\\\/twind.io\\\/mx\\\/#organization\",\"name\":\"Twind - Plataforma de Gesti\u00f3n de Prestadores de Servicios especializados\",\"url\":\"https:\\\/\\\/twind.io\\\/mx\\\/\",\"logo\":{\"@type\":\"ImageObject\",\"inLanguage\":\"es\",\"@id\":\"https:\\\/\\\/twind.io\\\/mx\\\/#\\\/schema\\\/logo\\\/image\\\/\",\"url\":\"https:\\\/\\\/twind.io\\\/mx\\\/wp-content\\\/uploads\\\/2023\\\/04\\\/Logo-Twind.svg\",\"contentUrl\":\"https:\\\/\\\/twind.io\\\/mx\\\/wp-content\\\/uploads\\\/2023\\\/04\\\/Logo-Twind.svg\",\"width\":1,\"height\":1,\"caption\":\"Twind - Plataforma de Gesti\u00f3n de Prestadores de Servicios especializados\"},\"image\":{\"@id\":\"https:\\\/\\\/twind.io\\\/mx\\\/#\\\/schema\\\/logo\\\/image\\\/\"}}]}<\/script>\n<!-- \/ Yoast SEO plugin. -->","yoast_head_json":{"title":"Caso \u00e9xito Twind M\u00e9xico Marva","description":"Caso \u00e9xito Twind M\u00e9xico Marva","robots":{"index":"index","follow":"follow","max-snippet":"max-snippet:-1","max-image-preview":"max-image-preview:large","max-video-preview":"max-video-preview:-1"},"canonical":"https:\/\/twind.io\/mx\/caso-de-exito-twind-marva\/","og_locale":"es_MX","og_type":"article","og_title":"Caso \u00e9xito Twind M\u00e9xico Marva","og_description":"Caso \u00e9xito Twind M\u00e9xico Marva","og_url":"https:\/\/twind.io\/mx\/caso-de-exito-twind-marva\/","og_site_name":"Twind - Plataforma de Gesti\u00f3n de Prestadores de Servicios especializados","article_modified_time":"2025-12-02T07:51:26+00:00","og_image":[{"url":"https:\/\/s.w.org\/images\/core\/emoji\/16.0.1\/svg\/2714.svg","type":"","width":"","height":""}],"twitter_card":"summary_large_image","twitter_misc":{"Tiempo de lectura":"6 minutos"},"schema":{"@context":"https:\/\/schema.org","@graph":[{"@type":"WebPage","@id":"https:\/\/twind.io\/mx\/caso-de-exito-twind-marva\/","url":"https:\/\/twind.io\/mx\/caso-de-exito-twind-marva\/","name":"Caso \u00e9xito Twind M\u00e9xico Marva","isPartOf":{"@id":"https:\/\/twind.io\/mx\/#website"},"primaryImageOfPage":{"@id":"https:\/\/twind.io\/mx\/caso-de-exito-twind-marva\/#primaryimage"},"image":{"@id":"https:\/\/twind.io\/mx\/caso-de-exito-twind-marva\/#primaryimage"},"thumbnailUrl":"https:\/\/s.w.org\/images\/core\/emoji\/16.0.1\/svg\/2714.svg","datePublished":"2025-05-02T07:49:20+00:00","dateModified":"2025-12-02T07:51:26+00:00","description":"Caso \u00e9xito Twind M\u00e9xico Marva","breadcrumb":{"@id":"https:\/\/twind.io\/mx\/caso-de-exito-twind-marva\/#breadcrumb"},"inLanguage":"es","potentialAction":[{"@type":"ReadAction","target":["https:\/\/twind.io\/mx\/caso-de-exito-twind-marva\/"]}]},{"@type":"ImageObject","inLanguage":"es","@id":"https:\/\/twind.io\/mx\/caso-de-exito-twind-marva\/#primaryimage","url":"https:\/\/s.w.org\/images\/core\/emoji\/16.0.1\/svg\/2714.svg","contentUrl":"https:\/\/s.w.org\/images\/core\/emoji\/16.0.1\/svg\/2714.svg"},{"@type":"BreadcrumbList","@id":"https:\/\/twind.io\/mx\/caso-de-exito-twind-marva\/#breadcrumb","itemListElement":[{"@type":"ListItem","position":1,"name":"Portada","item":"https:\/\/twind.io\/mx\/"},{"@type":"ListItem","position":2,"name":"Caso de \u00e9xito Twind Marva"}]},{"@type":"WebSite","@id":"https:\/\/twind.io\/mx\/#website","url":"https:\/\/twind.io\/mx\/","name":"Twind - Plataforma de Gesti\u00f3n de Prestadores de Servicios especializados","description":"Automatiza y controla con facilidad el proceso de subcontrataci\u00f3n de tus prestadores de servicios, asegurando el cumplimiento legal y reduciendo los riesgos","publisher":{"@id":"https:\/\/twind.io\/mx\/#organization"},"potentialAction":[{"@type":"SearchAction","target":{"@type":"EntryPoint","urlTemplate":"https:\/\/twind.io\/mx\/?s={search_term_string}"},"query-input":{"@type":"PropertyValueSpecification","valueRequired":true,"valueName":"search_term_string"}}],"inLanguage":"es"},{"@type":"Organization","@id":"https:\/\/twind.io\/mx\/#organization","name":"Twind - Plataforma de Gesti\u00f3n de Prestadores de Servicios especializados","url":"https:\/\/twind.io\/mx\/","logo":{"@type":"ImageObject","inLanguage":"es","@id":"https:\/\/twind.io\/mx\/#\/schema\/logo\/image\/","url":"https:\/\/twind.io\/mx\/wp-content\/uploads\/2023\/04\/Logo-Twind.svg","contentUrl":"https:\/\/twind.io\/mx\/wp-content\/uploads\/2023\/04\/Logo-Twind.svg","width":1,"height":1,"caption":"Twind - Plataforma de Gesti\u00f3n de Prestadores de Servicios especializados"},"image":{"@id":"https:\/\/twind.io\/mx\/#\/schema\/logo\/image\/"}}]}},"_links":{"self":[{"href":"https:\/\/twind.io\/mx\/wp-json\/wp\/v2\/pages\/3523","targetHints":{"allow":["GET"]}}],"collection":[{"href":"https:\/\/twind.io\/mx\/wp-json\/wp\/v2\/pages"}],"about":[{"href":"https:\/\/twind.io\/mx\/wp-json\/wp\/v2\/types\/page"}],"author":[{"embeddable":true,"href":"https:\/\/twind.io\/mx\/wp-json\/wp\/v2\/users\/1"}],"replies":[{"embeddable":true,"href":"https:\/\/twind.io\/mx\/wp-json\/wp\/v2\/comments?post=3523"}],"version-history":[{"count":15,"href":"https:\/\/twind.io\/mx\/wp-json\/wp\/v2\/pages\/3523\/revisions"}],"predecessor-version":[{"id":4024,"href":"https:\/\/twind.io\/mx\/wp-json\/wp\/v2\/pages\/3523\/revisions\/4024"}],"wp:attachment":[{"href":"https:\/\/twind.io\/mx\/wp-json\/wp\/v2\/media?parent=3523"}],"curies":[{"name":"wp","href":"https:\/\/api.w.org\/{rel}","templated":true}]}}