{"id":365,"date":"2023-04-12T14:13:02","date_gmt":"2023-04-12T14:13:02","guid":{"rendered":"https:\/\/twind.io\/?page_id=365"},"modified":"2026-02-24T13:08:51","modified_gmt":"2026-02-24T13:08:51","slug":"contacto","status":"publish","type":"page","link":"https:\/\/twind.io\/mx\/contacto\/","title":{"rendered":"Contacto"},"content":{"rendered":"<h1 style=\"text-align: center;\"><span style=\"color: rgb(26, 48, 55) !important; --tcb-applied-color: rgb(26, 48, 55) !important;\">Habla con el equipo de <\/span><span style=\"--tcb-applied-color: var$(--tcb-skin-color-0)  !important; color: var(--tcb-skin-color-0);\">Twind<\/span><\/h1>\n<h1 style=\"text-align: left;\">Habla con el equipo de <span>Twind<\/span><\/h1>\n<p style=\"text-align: center;\">Una demo de 30 minutos puede transformar la manera en que gestionas a tus contratistas y proveedores. Sin compromiso.<\/p>\n<p style=\"text-align: left;\">Una demo de 30 minutos puede transformar la manera en que gestionas a tus contratistas y proveedores. Sin compromiso.<\/p>\n<h2 style=\"text-align: center;\"><strong>F\u00e1cil e inmediato<\/strong><\/h2>\n<h3 style=\"text-align: center;\"><span style=\"font-weight: normal;\">Plataforma r\u00e1pida e intuitiva.Un equipo experto dedicado a ti.<\/span><\/h3>\n<h2 style=\"text-align: center;\"><strong><span style=\"\">Gesti\u00f3n 360\u00ba<\/span><\/strong><\/h2>\n<h3 style=\"text-align: center;\"><span style=\"font-weight: normal;\">Automatiza la gesti\u00f3n de SST.Olv\u00eddate del papeleo y los Excel.<\/span><\/h3>\n<h2 style=\"text-align: center;\"><strong><span style=\"\">Compliance total<\/span><\/strong><\/h2>\n<h3 style=\"text-align: center;\"><span style=\"font-weight: normal;\">Define tus requisitos normativos.Dashboard y alertas autom\u00e1ticas.<\/span><\/h3>\n<h2 style=\"text-align: left;\"><strong>F\u00e1cil e inmediato<\/strong><\/h2>\n<h3 style=\"text-align: left;\"><span>Plataforma r\u00e1pida e intuitiva.Un equipo experto dedicado a ti.<\/span><\/h3>\n<h2 style=\"text-align: left;\"><strong><span>Gesti\u00f3n 360\u00ba<\/span><\/strong><\/h2>\n<h3 style=\"text-align: left;\"><span>Automatiza la gesti\u00f3n de SST.Olv\u00eddate del papeleo y los Excel.<\/span><\/h3>\n<h2 style=\"text-align: left;\"><strong><span>Compliance total<\/span><\/strong><\/h2>\n<h3 style=\"text-align: left;\"><span>Define tus requisitos normativos.Dashboard y alertas autom\u00e1ticas.<\/span><\/h3>\n\n\t\t\t\t\t\t<script>\n\t\t\t\t\t\t\twindow.hsFormsOnReady = window.hsFormsOnReady || [];\n\t\t\t\t\t\t\twindow.hsFormsOnReady.push(()=>{\n\t\t\t\t\t\t\t\thbspt.forms.create({\n\t\t\t\t\t\t\t\t\tportalId: 146424663,\n\t\t\t\t\t\t\t\t\tformId: \"888f8437-7010-47c4-89d3-feb5e5afa02d\",\n\t\t\t\t\t\t\t\t\ttarget: \"#hbspt-form-1775316766000-4826686123\",\n\t\t\t\t\t\t\t\t\tregion: \"eu1\",\n\t\t\t\t\t\t\t\t\t\n\t\t\t\t\t\t\t})});\n\t\t\t\t\t\t<\/script>\n\t\t\t\t\t\t<div class=\"hbspt-form\" id=\"hbspt-form-1775316766000-4826686123\"><\/div>\n<h2 style=\"text-align: center;\"><strong><span style=\"--tcb-applied-color: rgb(26, 48, 55) !important; color: rgb(26, 48, 55) !important;\">M\u00e1s de<\/span> <span style=\"--tcb-applied-color: var$(--tcb-color-4) !important; color: var(--tcb-color-4) !important;\">3000 empresas<\/span> <span style=\"--tcb-applied-color: rgb(26, 48, 55) !important; color: rgb(26, 48, 55) !important;\">en todo el mundo conf\u00edan en Twind<\/span><\/strong><\/h2>\n<p style=\"text-align: center;\">\u00danete a las empresas l\u00edderes que ya han eliminado el caos en la gesti\u00f3n de contratistas.<\/p>\n<p><span><img decoding=\"async\" alt=\"cimsa\" data-id=\"3667\" width=\"265\" height=\"150\" title=\"cimsa\" src=\"https:\/\/twind.io\/mx\/wp-content\/uploads\/2026\/01\/cimsa-v2.png\" data-src=\"https:\/\/twind.io\/mx\/wp-content\/uploads\/2026\/01\/cimsa-v2.png\" data-sizes=\"{&quot;thumbnail&quot;:{&quot;height&quot;:150,&quot;width&quot;:150,&quot;url&quot;:&quot;https:\/\/twind.io\/mx\/wp-content\/uploads\/2026\/01\/cimsa-v2-150x150-1.png&quot;,&quot;orientation&quot;:&quot;landscape&quot;},&quot;full&quot;:{&quot;url&quot;:&quot;https:\/\/twind.io\/mx\/wp-content\/uploads\/2026\/01\/cimsa-v2.png&quot;,&quot;height&quot;:150,&quot;width&quot;:265,&quot;orientation&quot;:&quot;landscape&quot;}}\" style=\"\" loading=\"lazy\"><\/span><span><img decoding=\"async\" alt=\"Curtiriso - Twind\" data-id=\"3668\" width=\"138\" height=\"78\" title=\"Curtiriso - Twind\" src=\"https:\/\/twind.io\/mx\/wp-content\/uploads\/2026\/01\/Curtiriso-Twind.png\" data-src=\"https:\/\/twind.io\/mx\/wp-content\/uploads\/2026\/01\/Curtiriso-Twind.png\" data-sizes=\"{&quot;thumbnail&quot;:{&quot;height&quot;:150,&quot;width&quot;:150,&quot;url&quot;:&quot;https:\/\/twind.io\/mx\/wp-content\/uploads\/2026\/01\/Curtiriso-Twind-150x150-1.png&quot;,&quot;orientation&quot;:&quot;landscape&quot;},&quot;full&quot;:{&quot;url&quot;:&quot;https:\/\/twind.io\/mx\/wp-content\/uploads\/2026\/01\/Curtiriso-Twind.png&quot;,&quot;height&quot;:150,&quot;width&quot;:265,&quot;orientation&quot;:&quot;landscape&quot;}}\" style=\"aspect-ratio: auto 265 \/ 150;\" loading=\"lazy\" data-width=\"138\" data-height=\"78\" data-init-width=\"265\" data-init-height=\"150\"><\/span><span><img decoding=\"async\" alt=\"smurfit\" data-id=\"3669\" width=\"265\" height=\"150\" title=\"smurfit\" src=\"https:\/\/twind.io\/mx\/wp-content\/uploads\/2026\/01\/smurfit.png\" data-src=\"https:\/\/twind.io\/mx\/wp-content\/uploads\/2026\/01\/smurfit.png\" data-sizes=\"{&quot;thumbnail&quot;:{&quot;height&quot;:150,&quot;width&quot;:150,&quot;url&quot;:&quot;https:\/\/twind.io\/mx\/wp-content\/uploads\/2026\/01\/smurfit-150x150-1.png&quot;,&quot;orientation&quot;:&quot;landscape&quot;},&quot;full&quot;:{&quot;url&quot;:&quot;https:\/\/twind.io\/mx\/wp-content\/uploads\/2026\/01\/smurfit.png&quot;,&quot;height&quot;:150,&quot;width&quot;:265,&quot;orientation&quot;:&quot;landscape&quot;}}\" style=\"\" loading=\"lazy\"><\/span><span><img decoding=\"async\" alt=\"Renault\" data-id=\"2425\" width=\"265\" height=\"150\" title=\"Renault\" src=\"https:\/\/twind.io\/mx\/wp-content\/uploads\/2026\/01\/logo-renault-espana-2022-Twind.png\" data-src=\"https:\/\/twind.io\/mx\/wp-content\/uploads\/2026\/01\/logo-renault-espana-2022-Twind.png\" data-sizes=\"{&quot;thumbnail&quot;:{&quot;height&quot;:150,&quot;width&quot;:150,&quot;url&quot;:&quot;https:\/\/twind.io\/mx\/wp-content\/uploads\/2026\/01\/logo-renault-espana-2022-Twind-150x150-1.png&quot;,&quot;orientation&quot;:&quot;landscape&quot;},&quot;full&quot;:{&quot;url&quot;:&quot;https:\/\/twind.io\/mx\/wp-content\/uploads\/2026\/01\/logo-renault-espana-2022-Twind.png&quot;,&quot;height&quot;:150,&quot;width&quot;:265,&quot;orientation&quot;:&quot;landscape&quot;}}\" style=\"\" loading=\"lazy\"><\/span><span><img decoding=\"async\" alt=\"cassioli\" data-id=\"3665\" width=\"265\" height=\"150\" title=\"cassioli\" src=\"https:\/\/twind.io\/mx\/wp-content\/uploads\/2026\/01\/cassioli.png\" data-src=\"https:\/\/twind.io\/mx\/wp-content\/uploads\/2026\/01\/cassioli.png\" data-sizes=\"{&quot;thumbnail&quot;:{&quot;height&quot;:150,&quot;width&quot;:150,&quot;url&quot;:&quot;https:\/\/twind.io\/mx\/wp-content\/uploads\/2026\/01\/cassioli-150x150-1.png&quot;,&quot;orientation&quot;:&quot;landscape&quot;},&quot;full&quot;:{&quot;url&quot;:&quot;https:\/\/twind.io\/mx\/wp-content\/uploads\/2026\/01\/cassioli.png&quot;,&quot;height&quot;:150,&quot;width&quot;:265,&quot;orientation&quot;:&quot;landscape&quot;}}\" style=\"\" loading=\"lazy\"><\/span><span><img decoding=\"async\" alt=\"Repsol\" data-id=\"2033\" width=\"419\" height=\"173\" title=\"Repsol\" src=\"https:\/\/twind.io\/mx\/wp-content\/uploads\/2026\/01\/Sin-titulo-1_0000s_0002_repsol-alta-5-300x124-1.jpg\" data-src=\"https:\/\/twind.io\/mx\/wp-content\/uploads\/2026\/01\/Sin-titulo-1_0000s_0002_repsol-alta-5-300x124-1.jpg\" data-sizes=\"{&quot;thumbnail&quot;:{&quot;height&quot;:150,&quot;width&quot;:150,&quot;url&quot;:&quot;https:\/\/twind.io\/mx\/wp-content\/uploads\/2026\/01\/Sin-titulo-1_0000s_0002_repsol-alta-5-150x150-1.jpg&quot;,&quot;orientation&quot;:&quot;landscape&quot;},&quot;medium&quot;:{&quot;height&quot;:124,&quot;width&quot;:300,&quot;url&quot;:&quot;https:\/\/twind.io\/mx\/wp-content\/uploads\/2026\/01\/Sin-titulo-1_0000s_0002_repsol-alta-5-300x124-1.jpg&quot;,&quot;orientation&quot;:&quot;landscape&quot;},&quot;full&quot;:{&quot;url&quot;:&quot;https:\/\/twind.io\/mx\/wp-content\/uploads\/2026\/01\/Sin-titulo-1_0000s_0002_repsol-alta-5.jpg&quot;,&quot;height&quot;:173,&quot;width&quot;:419,&quot;orientation&quot;:&quot;landscape&quot;}}\" style=\"\" loading=\"lazy\"><\/span><span><img decoding=\"async\" alt=\"Nestle\" data-id=\"2036\" width=\"419\" height=\"173\" title=\"Nestle\" src=\"https:\/\/twind.io\/mx\/wp-content\/uploads\/2026\/01\/Sin-titulo-1_0000s_0003_nestle-alta-5-300x124-1.jpg\" data-src=\"https:\/\/twind.io\/mx\/wp-content\/uploads\/2026\/01\/Sin-titulo-1_0000s_0003_nestle-alta-5-300x124-1.jpg\" data-sizes=\"{&quot;thumbnail&quot;:{&quot;height&quot;:150,&quot;width&quot;:150,&quot;url&quot;:&quot;https:\/\/twind.io\/mx\/wp-content\/uploads\/2026\/01\/Sin-titulo-1_0000s_0003_nestle-alta-5-150x150-1.jpg&quot;,&quot;orientation&quot;:&quot;landscape&quot;},&quot;medium&quot;:{&quot;height&quot;:124,&quot;width&quot;:300,&quot;url&quot;:&quot;https:\/\/twind.io\/mx\/wp-content\/uploads\/2026\/01\/Sin-titulo-1_0000s_0003_nestle-alta-5-300x124-1.jpg&quot;,&quot;orientation&quot;:&quot;landscape&quot;},&quot;full&quot;:{&quot;url&quot;:&quot;https:\/\/twind.io\/mx\/wp-content\/uploads\/2026\/01\/Sin-titulo-1_0000s_0003_nestle-alta-5.jpg&quot;,&quot;height&quot;:173,&quot;width&quot;:419,&quot;orientation&quot;:&quot;landscape&quot;}}\" style=\"\" loading=\"lazy\"><\/span><span><img decoding=\"async\" alt=\"Spal\" data-id=\"3670\" width=\"265\" height=\"150\" title=\"spal automotive\" src=\"https:\/\/twind.io\/mx\/wp-content\/uploads\/2026\/01\/spal-automotive.png\" data-src=\"https:\/\/twind.io\/mx\/wp-content\/uploads\/2026\/01\/spal-automotive.png\" data-sizes=\"{&quot;thumbnail&quot;:{&quot;height&quot;:150,&quot;width&quot;:150,&quot;url&quot;:&quot;https:\/\/twind.io\/mx\/wp-content\/uploads\/2026\/01\/spal-automotive-150x150-1.png&quot;,&quot;orientation&quot;:&quot;landscape&quot;},&quot;full&quot;:{&quot;url&quot;:&quot;https:\/\/twind.io\/mx\/wp-content\/uploads\/2026\/01\/spal-automotive.png&quot;,&quot;height&quot;:150,&quot;width&quot;:265,&quot;orientation&quot;:&quot;landscape&quot;}}\" style=\"\" loading=\"lazy\"><\/span><span><img decoding=\"async\" alt=\"\" data-id=\"2042\" width=\"419\" height=\"173\" title=\"TotalEnergies\" src=\"https:\/\/twind.io\/mx\/wp-content\/uploads\/2026\/01\/Sin-titulo-1_0000s_0000_total-alta-5-300x124-1.jpg\" data-src=\"https:\/\/twind.io\/mx\/wp-content\/uploads\/2026\/01\/Sin-titulo-1_0000s_0000_total-alta-5-300x124-1.jpg\" data-sizes=\"{&quot;thumbnail&quot;:{&quot;height&quot;:150,&quot;width&quot;:150,&quot;url&quot;:&quot;https:\/\/twind.io\/mx\/wp-content\/uploads\/2026\/01\/Sin-titulo-1_0000s_0000_total-alta-5-150x150-1.jpg&quot;,&quot;orientation&quot;:&quot;landscape&quot;},&quot;medium&quot;:{&quot;height&quot;:124,&quot;width&quot;:300,&quot;url&quot;:&quot;https:\/\/twind.io\/mx\/wp-content\/uploads\/2026\/01\/Sin-titulo-1_0000s_0000_total-alta-5-300x124-1.jpg&quot;,&quot;orientation&quot;:&quot;landscape&quot;},&quot;full&quot;:{&quot;url&quot;:&quot;https:\/\/twind.io\/mx\/wp-content\/uploads\/2026\/01\/Sin-titulo-1_0000s_0000_total-alta-5.jpg&quot;,&quot;height&quot;:173,&quot;width&quot;:419,&quot;orientation&quot;:&quot;landscape&quot;}}\" style=\"\" loading=\"lazy\"><\/span><span><img decoding=\"async\" alt=\"Basf\" data-id=\"2048\" width=\"419\" height=\"173\" title=\"Basf\" src=\"https:\/\/twind.io\/mx\/wp-content\/uploads\/2026\/01\/Sin-titulo-1_0000s_0009_BASF-alta-5-300x124-1.jpg\" data-src=\"https:\/\/twind.io\/mx\/wp-content\/uploads\/2026\/01\/Sin-titulo-1_0000s_0009_BASF-alta-5-300x124-1.jpg\" data-sizes=\"{&quot;thumbnail&quot;:{&quot;height&quot;:150,&quot;width&quot;:150,&quot;url&quot;:&quot;https:\/\/twind.io\/mx\/wp-content\/uploads\/2026\/01\/Sin-titulo-1_0000s_0009_BASF-alta-5-150x150-1.jpg&quot;,&quot;orientation&quot;:&quot;landscape&quot;},&quot;medium&quot;:{&quot;height&quot;:124,&quot;width&quot;:300,&quot;url&quot;:&quot;https:\/\/twind.io\/mx\/wp-content\/uploads\/2026\/01\/Sin-titulo-1_0000s_0009_BASF-alta-5-300x124-1.jpg&quot;,&quot;orientation&quot;:&quot;landscape&quot;},&quot;full&quot;:{&quot;url&quot;:&quot;https:\/\/twind.io\/mx\/wp-content\/uploads\/2026\/01\/Sin-titulo-1_0000s_0009_BASF-alta-5.jpg&quot;,&quot;height&quot;:173,&quot;width&quot;:419,&quot;orientation&quot;:&quot;landscape&quot;}}\" style=\"\" loading=\"lazy\"><\/span><\/p>\n","protected":false},"excerpt":{"rendered":"<p>Habla con el equipo de Twind Habla con el equipo de Twind Una demo de 30 minutos puede transformar la manera en que gestionas a tus contratistas y proveedores. Sin compromiso. Una demo de 30 minutos puede transformar la manera en que gestionas a tus contratistas y proveedores. Sin compromiso. F\u00e1cil e inmediato Plataforma r\u00e1pida [&hellip;]<\/p>\n","protected":false},"author":1,"featured_media":284,"parent":0,"menu_order":0,"comment_status":"closed","ping_status":"closed","template":"","meta":{"content-type":"","footnotes":""},"class_list":["post-365","page","type-page","status-publish","has-post-thumbnail","hentry","post-wrapper","thrv_wrapper"],"yoast_head":"<!-- This site is optimized with the Yoast SEO plugin v27.2 - https:\/\/yoast.com\/product\/yoast-seo-wordpress\/ -->\n<title>Contacto - Twind - Plataforma Gesti\u00f3n de Prestadores de Servicios<\/title>\n<meta name=\"description\" content=\"Contacta con nosotros para recibir m\u00e1s informaci\u00f3n sobre Twind la plataforma de Gesti\u00f3n de Prestadores de Servicios especializados\" \/>\n<meta name=\"robots\" content=\"index, follow, max-snippet:-1, max-image-preview:large, max-video-preview:-1\" \/>\n<link rel=\"canonical\" href=\"https:\/\/twind.io\/mx\/contacto\/\" \/>\n<meta property=\"og:locale\" content=\"es_MX\" \/>\n<meta property=\"og:type\" content=\"article\" \/>\n<meta property=\"og:title\" content=\"Contacto - Twind - Plataforma Gesti\u00f3n de Prestadores de Servicios\" \/>\n<meta property=\"og:description\" content=\"Contacta con nosotros para recibir m\u00e1s informaci\u00f3n sobre Twind la plataforma de Gesti\u00f3n de Prestadores de Servicios especializados\" \/>\n<meta property=\"og:url\" content=\"https:\/\/twind.io\/mx\/contacto\/\" \/>\n<meta property=\"og:site_name\" content=\"Twind - Plataforma de Gesti\u00f3n de Prestadores de Servicios especializados\" \/>\n<meta property=\"article:modified_time\" content=\"2026-02-24T13:08:51+00:00\" \/>\n<meta name=\"twitter:card\" content=\"summary_large_image\" \/>\n<meta name=\"twitter:label1\" content=\"Tiempo de lectura\" \/>\n\t<meta name=\"twitter:data1\" content=\"1 minuto\" \/>\n<script type=\"application\/ld+json\" class=\"yoast-schema-graph\">{\"@context\":\"https:\/\/schema.org\",\"@graph\":[{\"@type\":\"WebPage\",\"@id\":\"https:\/\/twind.io\/mx\/contacto\/\",\"url\":\"https:\/\/twind.io\/mx\/contacto\/\",\"name\":\"Contacto - Twind - Plataforma Gesti\u00f3n de Prestadores de Servicios\",\"isPartOf\":{\"@id\":\"https:\/\/twind.io\/mx\/#website\"},\"primaryImageOfPage\":{\"@id\":\"https:\/\/twind.io\/mx\/contacto\/#primaryimage\"},\"image\":{\"@id\":\"https:\/\/twind.io\/mx\/contacto\/#primaryimage\"},\"thumbnailUrl\":\"https:\/\/twind.io\/mx\/wp-content\/uploads\/2023\/04\/6-global.svg\",\"datePublished\":\"2023-04-12T14:13:02+00:00\",\"dateModified\":\"2026-02-24T13:08:51+00:00\",\"description\":\"Contacta con nosotros para recibir m\u00e1s informaci\u00f3n sobre Twind la plataforma de Gesti\u00f3n de Prestadores de Servicios especializados\",\"breadcrumb\":{\"@id\":\"https:\/\/twind.io\/mx\/contacto\/#breadcrumb\"},\"inLanguage\":\"es\",\"potentialAction\":[{\"@type\":\"ReadAction\",\"target\":[\"https:\/\/twind.io\/mx\/contacto\/\"]}]},{\"@type\":\"ImageObject\",\"inLanguage\":\"es\",\"@id\":\"https:\/\/twind.io\/mx\/contacto\/#primaryimage\",\"url\":\"https:\/\/twind.io\/mx\/wp-content\/uploads\/2023\/04\/6-global.svg\",\"contentUrl\":\"https:\/\/twind.io\/mx\/wp-content\/uploads\/2023\/04\/6-global.svg\",\"caption\":\"Contacto\"},{\"@type\":\"BreadcrumbList\",\"@id\":\"https:\/\/twind.io\/mx\/contacto\/#breadcrumb\",\"itemListElement\":[{\"@type\":\"ListItem\",\"position\":1,\"name\":\"Portada\",\"item\":\"https:\/\/twind.io\/mx\/\"},{\"@type\":\"ListItem\",\"position\":2,\"name\":\"Contacto\"}]},{\"@type\":\"WebSite\",\"@id\":\"https:\/\/twind.io\/mx\/#website\",\"url\":\"https:\/\/twind.io\/mx\/\",\"name\":\"Twind - Plataforma de Gesti\u00f3n de Prestadores de Servicios especializados\",\"description\":\"Automatiza y controla con facilidad el proceso de subcontrataci\u00f3n de tus prestadores de servicios, asegurando el cumplimiento legal y reduciendo los riesgos\",\"publisher\":{\"@id\":\"https:\/\/twind.io\/mx\/#organization\"},\"potentialAction\":[{\"@type\":\"SearchAction\",\"target\":{\"@type\":\"EntryPoint\",\"urlTemplate\":\"https:\/\/twind.io\/mx\/?s={search_term_string}\"},\"query-input\":{\"@type\":\"PropertyValueSpecification\",\"valueRequired\":true,\"valueName\":\"search_term_string\"}}],\"inLanguage\":\"es\"},{\"@type\":\"Organization\",\"@id\":\"https:\/\/twind.io\/mx\/#organization\",\"name\":\"Twind - Plataforma de Gesti\u00f3n de Prestadores de Servicios especializados\",\"url\":\"https:\/\/twind.io\/mx\/\",\"logo\":{\"@type\":\"ImageObject\",\"inLanguage\":\"es\",\"@id\":\"https:\/\/twind.io\/mx\/#\/schema\/logo\/image\/\",\"url\":\"https:\/\/twind.io\/mx\/wp-content\/uploads\/2023\/04\/Logo-Twind.svg\",\"contentUrl\":\"https:\/\/twind.io\/mx\/wp-content\/uploads\/2023\/04\/Logo-Twind.svg\",\"width\":1,\"height\":1,\"caption\":\"Twind - Plataforma de Gesti\u00f3n de Prestadores de Servicios especializados\"},\"image\":{\"@id\":\"https:\/\/twind.io\/mx\/#\/schema\/logo\/image\/\"}}]}<\/script>\n<!-- \/ Yoast SEO plugin. -->","yoast_head_json":{"title":"Contacto - Twind - Plataforma Gesti\u00f3n de Prestadores de Servicios","description":"Contacta con nosotros para recibir m\u00e1s informaci\u00f3n sobre Twind la plataforma de Gesti\u00f3n de Prestadores de Servicios especializados","robots":{"index":"index","follow":"follow","max-snippet":"max-snippet:-1","max-image-preview":"max-image-preview:large","max-video-preview":"max-video-preview:-1"},"canonical":"https:\/\/twind.io\/mx\/contacto\/","og_locale":"es_MX","og_type":"article","og_title":"Contacto - Twind - Plataforma Gesti\u00f3n de Prestadores de Servicios","og_description":"Contacta con nosotros para recibir m\u00e1s informaci\u00f3n sobre Twind la plataforma de Gesti\u00f3n de Prestadores de Servicios especializados","og_url":"https:\/\/twind.io\/mx\/contacto\/","og_site_name":"Twind - Plataforma de Gesti\u00f3n de Prestadores de Servicios especializados","article_modified_time":"2026-02-24T13:08:51+00:00","twitter_card":"summary_large_image","twitter_misc":{"Tiempo de lectura":"1 minuto"},"schema":{"@context":"https:\/\/schema.org","@graph":[{"@type":"WebPage","@id":"https:\/\/twind.io\/mx\/contacto\/","url":"https:\/\/twind.io\/mx\/contacto\/","name":"Contacto - Twind - Plataforma Gesti\u00f3n de Prestadores de Servicios","isPartOf":{"@id":"https:\/\/twind.io\/mx\/#website"},"primaryImageOfPage":{"@id":"https:\/\/twind.io\/mx\/contacto\/#primaryimage"},"image":{"@id":"https:\/\/twind.io\/mx\/contacto\/#primaryimage"},"thumbnailUrl":"https:\/\/twind.io\/mx\/wp-content\/uploads\/2023\/04\/6-global.svg","datePublished":"2023-04-12T14:13:02+00:00","dateModified":"2026-02-24T13:08:51+00:00","description":"Contacta con nosotros para recibir m\u00e1s informaci\u00f3n sobre Twind la plataforma de Gesti\u00f3n de Prestadores de Servicios especializados","breadcrumb":{"@id":"https:\/\/twind.io\/mx\/contacto\/#breadcrumb"},"inLanguage":"es","potentialAction":[{"@type":"ReadAction","target":["https:\/\/twind.io\/mx\/contacto\/"]}]},{"@type":"ImageObject","inLanguage":"es","@id":"https:\/\/twind.io\/mx\/contacto\/#primaryimage","url":"https:\/\/twind.io\/mx\/wp-content\/uploads\/2023\/04\/6-global.svg","contentUrl":"https:\/\/twind.io\/mx\/wp-content\/uploads\/2023\/04\/6-global.svg","caption":"Contacto"},{"@type":"BreadcrumbList","@id":"https:\/\/twind.io\/mx\/contacto\/#breadcrumb","itemListElement":[{"@type":"ListItem","position":1,"name":"Portada","item":"https:\/\/twind.io\/mx\/"},{"@type":"ListItem","position":2,"name":"Contacto"}]},{"@type":"WebSite","@id":"https:\/\/twind.io\/mx\/#website","url":"https:\/\/twind.io\/mx\/","name":"Twind - Plataforma de Gesti\u00f3n de Prestadores de Servicios especializados","description":"Automatiza y controla con facilidad el proceso de subcontrataci\u00f3n de tus prestadores de servicios, asegurando el cumplimiento legal y reduciendo los riesgos","publisher":{"@id":"https:\/\/twind.io\/mx\/#organization"},"potentialAction":[{"@type":"SearchAction","target":{"@type":"EntryPoint","urlTemplate":"https:\/\/twind.io\/mx\/?s={search_term_string}"},"query-input":{"@type":"PropertyValueSpecification","valueRequired":true,"valueName":"search_term_string"}}],"inLanguage":"es"},{"@type":"Organization","@id":"https:\/\/twind.io\/mx\/#organization","name":"Twind - Plataforma de Gesti\u00f3n de Prestadores de Servicios especializados","url":"https:\/\/twind.io\/mx\/","logo":{"@type":"ImageObject","inLanguage":"es","@id":"https:\/\/twind.io\/mx\/#\/schema\/logo\/image\/","url":"https:\/\/twind.io\/mx\/wp-content\/uploads\/2023\/04\/Logo-Twind.svg","contentUrl":"https:\/\/twind.io\/mx\/wp-content\/uploads\/2023\/04\/Logo-Twind.svg","width":1,"height":1,"caption":"Twind - Plataforma de Gesti\u00f3n de Prestadores de Servicios especializados"},"image":{"@id":"https:\/\/twind.io\/mx\/#\/schema\/logo\/image\/"}}]}},"_links":{"self":[{"href":"https:\/\/twind.io\/mx\/wp-json\/wp\/v2\/pages\/365","targetHints":{"allow":["GET"]}}],"collection":[{"href":"https:\/\/twind.io\/mx\/wp-json\/wp\/v2\/pages"}],"about":[{"href":"https:\/\/twind.io\/mx\/wp-json\/wp\/v2\/types\/page"}],"author":[{"embeddable":true,"href":"https:\/\/twind.io\/mx\/wp-json\/wp\/v2\/users\/1"}],"replies":[{"embeddable":true,"href":"https:\/\/twind.io\/mx\/wp-json\/wp\/v2\/comments?post=365"}],"version-history":[{"count":104,"href":"https:\/\/twind.io\/mx\/wp-json\/wp\/v2\/pages\/365\/revisions"}],"predecessor-version":[{"id":4241,"href":"https:\/\/twind.io\/mx\/wp-json\/wp\/v2\/pages\/365\/revisions\/4241"}],"wp:featuredmedia":[{"embeddable":true,"href":"https:\/\/twind.io\/mx\/wp-json\/wp\/v2\/media\/284"}],"wp:attachment":[{"href":"https:\/\/twind.io\/mx\/wp-json\/wp\/v2\/media?parent=365"}],"curies":[{"name":"wp","href":"https:\/\/api.w.org\/{rel}","templated":true}]}}