{"id":4030,"date":"2025-12-18T11:03:50","date_gmt":"2025-12-18T11:03:50","guid":{"rendered":"https:\/\/twind.io\/mx\/?page_id=4030"},"modified":"2025-12-18T11:05:27","modified_gmt":"2025-12-18T11:05:27","slug":"revision-express-twind","status":"publish","type":"page","link":"https:\/\/twind.io\/mx\/revision-express-twind\/","title":{"rendered":"Revisi\u00f3n Expr\u00e9s"},"content":{"rendered":"<h1 style=\"text-align: center;\">Revisi\u00f3n Expr\u00e9s<\/h1>\n<h2 style=\"text-align: center;\"><span style=\"\"><span style=\"\"><strong>\u00bfNecesitas validar de manera urgente tu documentaci\u00f3n para entrar&nbsp;<\/strong><\/span><\/span><span style=\"\"><span style=\"\"><strong>a las instalaciones de tu cliente?&nbsp;<\/strong><\/span><\/span><span style=\"\"><span style=\"\">Conseguir\u00e1s la revisi\u00f3n de todos tus documentos en tan solo 1 hora.&nbsp;<\/span><\/span><\/h2>\n<h2 style=\"text-align: center; color: rgb(26, 48, 55) !important; --tcb-applied-color: rgb(26, 48, 55) !important;\">C\u00f3mo y cu\u00e1ndo solicitar la <span style=\"--tcb-applied-color: rgb(0, 227, 132) !important; color: rgb(0, 227, 132) !important;\">Revisi\u00f3n Expr\u00e9s<\/span><\/h2>\n<p><span><img decoding=\"async\" alt=\"\" data-id=\"36648\" title=\"\" src=\"https:\/\/twind.io\/mx\/wp-content\/uploads\/2025\/12\/Recurso-4.png\" data-width=\"61\" data-height=\"61\" style=\"aspect-ratio: auto 371 \/ 371;\" height=\"61\" width=\"61\" data-init-width=\"371\" data-init-height=\"371\" loading=\"lazy\"><\/span><\/p>\n<h3 style=\"text-align: center;\"><span>Horarios<\/span><\/h3>\n<h3 style=\"text-align: center;\"><span style=\"font-size: 18px !important;\">Lunes a jueves: 8:00 a 17:00 hViernes: 8:00 a 14:00 h<\/span><span style=\"font-size: 15px !important;\">Si realizas la solicitud fuera de este horario, el equipo la procesar\u00e1 cuando comience el siguiente horario disponible.<\/span><\/h3>\n<p><span><img decoding=\"async\" alt=\"\" data-id=\"36647\" width=\"63\" data-init-width=\"371\" height=\"63\" data-init-height=\"371\" title=\"\" src=\"https:\/\/twind.io\/mx\/wp-content\/uploads\/2025\/12\/Recurso-3.png\" data-width=\"63\" data-height=\"63\" style=\"aspect-ratio: auto 371 \/ 371;\" loading=\"lazy\"><\/span><\/p>\n<h3 style=\"text-align: center;\"><span>Gesti\u00f3n Simplificada<\/span><\/h3>\n<h3 style=\"text-align: center;\"><span style=\"font-weight: normal;\"><span style=\"\"><\/span>Consulta el consumo y saldo de tu pack directamente desde la plataforma Twind.&nbsp;<\/span><span style=\"font-weight: normal;\">Control total de tus validaciones en tiempo real, sin sorpresas.<\/span><\/h3>\n<h2 style=\"text-align: center;\"><span style=\"font-weight: normal;\">Lo que debes saber<\/span><\/h2>\n<h2 style=\"text-align: center; color: rgb(26, 48, 55) !important; --tcb-applied-color: rgb(26, 48, 55) !important;\">La <span style=\"--tcb-applied-color: rgb(0, 227, 132) !important; color: rgb(0, 227, 132) !important;\">Re<\/span><span style=\"color: rgb(0, 227, 132) !important;\"><span style=\"--tcb-applied-color: rgb(0, 227, 132) !important;\">visi\u00f3n E<\/span><\/span><span style=\"--tcb-applied-color: rgb(0, 227, 132) !important; color: rgb(0, 227, 132) !important;\">xpr\u00e9s<\/span> es ideal para ti si:<\/h2>\n<p><!--! Font Awesome Free 6.7.1 by @fontawesome - https:\/\/fontawesome.com License - https:\/\/fontawesome.com\/license\/free (Icons: CC BY 4.0, Fonts: SIL OFL 1.1, Code: MIT License) Copyright 2024 Fonticons, Inc. --><\/p>\n<p left;\"\"=\"\" style=\"text-align: center;\" text-align:=\"\"><strong><span style=\"color: rgb(26, 48, 55) !important;\"><span style=\"--tcb-applied-color: rgb(26, 48, 55) !important;\">Trabajas con empresas titulares que usan Twind<\/span><\/span><\/strong><\/p>\n<p><!--! Font Awesome Free 6.7.1 by @fontawesome - https:\/\/fontawesome.com License - https:\/\/fontawesome.com\/license\/free (Icons: CC BY 4.0, Fonts: SIL OFL 1.1, Code: MIT License) Copyright 2024 Fonticons, Inc. --><\/p>\n<p left;\"\"=\"\" style=\"text-align: center;\" text-align:=\"\"><strong><span style=\"color: rgb(26, 48, 55) !important;\"><span style=\"--tcb-applied-color: rgb(26, 48, 55) !important;\">Necesitas acceso urgente a instalaciones de trabajo<\/span><\/span><\/strong><\/p>\n<p><!--! Font Awesome Free 6.7.1 by @fontawesome - https:\/\/fontawesome.com License - https:\/\/fontawesome.com\/license\/free (Icons: CC BY 4.0, Fonts: SIL OFL 1.1, Code: MIT License) Copyright 2024 Fonticons, Inc. --><\/p>\n<p left;\"\"=\"\" style=\"text-align: center;\" text-align:=\"\"><strong><span style=\"color: rgb(26, 48, 55) !important;\"><span style=\"--tcb-applied-color: rgb(26, 48, 55) !important;\">Gestionas servicios con poca antelaci\u00f3n<\/span><\/span><\/strong><\/p>\n<h3 style=\"text-align: center;\"><span>I<span style=\"--tcb-applied-color: var$(--tcb-color-4) !important; color: var(--tcb-color-4) !important;\">mporta<\/span>nte:<span>&nbsp;<\/span><\/span><span>La Revisi\u00f3n Expr\u00e9s solo est\u00e1 disponible para contratistas cuyos clientes utilizan la plataforma CAE de Twind con el servicio de Gesti\u00f3n Documental contratado.&nbsp;<\/span><span><span>Aseg\u00farate de que tu cliente valida documentos con Twind antes de contratar este servicio.<\/span><\/span><\/h3>\n<p style=\"text-align: center;\">Unimos a <strong>m\u00e1s de 180.000 contratistas y proveedores<\/strong> con <strong>3.500 empresas titulares<\/strong> en todo el mundo<strong><\/strong><\/p>\n<p><span><img decoding=\"async\" alt=\"Adidas\" data-id=\"254\" title=\"Adidas\" loading=\"lazy\" src=\"https:\/\/twind.io\/es\/wp-content\/uploads\/2023\/04\/1-adidas.svg\" data-width=\"135\" data-height=\"48\" height=\"48\" width=\"135\"><\/span><span><img decoding=\"async\" alt=\"Nestle\" data-id=\"256\" title=\"Nestle\" loading=\"lazy\" src=\"https:\/\/twind.io\/es\/wp-content\/uploads\/2023\/04\/3-nestle.svg\" data-width=\"135\" data-height=\"48\" height=\"48\" width=\"135\"><\/span><span><img decoding=\"async\" alt=\"Mercedes\" data-id=\"257\" title=\"Mercedes\" loading=\"lazy\" src=\"https:\/\/twind.io\/es\/wp-content\/uploads\/2023\/04\/4-mercedes-benz.svg\" data-width=\"135\" data-height=\"48\" height=\"48\" width=\"135\"><\/span><span><img decoding=\"async\" alt=\"Sodexo\" data-id=\"258\" title=\"Sodexo\" loading=\"lazy\" src=\"https:\/\/twind.io\/es\/wp-content\/uploads\/2023\/04\/5-sodexo.svg\" data-width=\"135\" data-height=\"48\" height=\"48\" width=\"135\"><\/span><span><img decoding=\"async\" alt=\"Nippon\" data-id=\"261\" title=\"Nippon\" loading=\"lazy\" src=\"https:\/\/twind.io\/es\/wp-content\/uploads\/2023\/04\/8-nippon-gases.svg\" data-width=\"135\" data-height=\"48\" height=\"48\" width=\"135\"><\/span><span><img decoding=\"async\" alt=\"Mango\" data-id=\"260\" title=\"Mango\" loading=\"lazy\" src=\"https:\/\/twind.io\/es\/wp-content\/uploads\/2023\/04\/7-mango.svg\" data-width=\"135\" data-height=\"48\" height=\"48\" width=\"135\"><\/span>  <\/p>\n","protected":false},"excerpt":{"rendered":"<p>Revisi\u00f3n Expr\u00e9s \u00bfNecesitas validar de manera urgente tu documentaci\u00f3n para entrar&nbsp;a las instalaciones de tu cliente?&nbsp;Conseguir\u00e1s la revisi\u00f3n de todos tus documentos en tan solo 1 hora.&nbsp; C\u00f3mo y cu\u00e1ndo solicitar la Revisi\u00f3n Expr\u00e9s Horarios Lunes a jueves: 8:00 a 17:00 hViernes: 8:00 a 14:00 hSi realizas la solicitud fuera de este horario, el equipo [&hellip;]<\/p>\n","protected":false},"author":1,"featured_media":0,"parent":0,"menu_order":0,"comment_status":"closed","ping_status":"closed","template":"","meta":{"content-type":"","footnotes":""},"class_list":["post-4030","page","type-page","status-publish","hentry","post-wrapper","thrv_wrapper"],"yoast_head":"<!-- This site is optimized with the Yoast SEO plugin v27.3 - https:\/\/yoast.com\/product\/yoast-seo-wordpress\/ -->\n<title>Revisi\u00f3n Expr\u00e9s de Documentos de Seguridad, EHS y REPSE<\/title>\n<meta name=\"description\" content=\"La Revisi\u00f3n Expr\u00e9s est\u00e1 disponible \u00fanicamente para contratistas cuyos clientes utilicen la plataforma de Gesti\u00f3n Twind con el servicio de Gesti\u00f3n Documental contratado. Aseg\u00farate de que tu cliente valide documentos con Twind antes de contratar este servicio.\" \/>\n<meta name=\"robots\" content=\"index, follow, max-snippet:-1, max-image-preview:large, max-video-preview:-1\" \/>\n<link rel=\"canonical\" href=\"https:\/\/twind.io\/mx\/revision-express-twind\/\" \/>\n<meta property=\"og:locale\" content=\"es_MX\" \/>\n<meta property=\"og:type\" content=\"article\" \/>\n<meta property=\"og:title\" content=\"Revisi\u00f3n Expr\u00e9s de Documentos de Seguridad, EHS y REPSE\" \/>\n<meta property=\"og:description\" content=\"La Revisi\u00f3n Expr\u00e9s est\u00e1 disponible \u00fanicamente para contratistas cuyos clientes utilicen la plataforma de Gesti\u00f3n Twind con el servicio de Gesti\u00f3n Documental contratado. Aseg\u00farate de que tu cliente valide documentos con Twind antes de contratar este servicio.\" \/>\n<meta property=\"og:url\" content=\"https:\/\/twind.io\/mx\/revision-express-twind\/\" \/>\n<meta property=\"og:site_name\" content=\"Twind - Plataforma de Gesti\u00f3n de Prestadores de Servicios especializados\" \/>\n<meta property=\"article:modified_time\" content=\"2025-12-18T11:05:27+00:00\" \/>\n<meta property=\"og:image\" content=\"https:\/\/twind.io\/mx\/wp-content\/uploads\/2025\/12\/Recurso-4.png\" \/>\n<meta name=\"twitter:card\" content=\"summary_large_image\" \/>\n<meta name=\"twitter:label1\" content=\"Tiempo de lectura\" \/>\n\t<meta name=\"twitter:data1\" content=\"1 minuto\" \/>\n<script type=\"application\/ld+json\" class=\"yoast-schema-graph\">{\"@context\":\"https:\\\/\\\/schema.org\",\"@graph\":[{\"@type\":\"WebPage\",\"@id\":\"https:\\\/\\\/twind.io\\\/mx\\\/revision-express-twind\\\/\",\"url\":\"https:\\\/\\\/twind.io\\\/mx\\\/revision-express-twind\\\/\",\"name\":\"Revisi\u00f3n Expr\u00e9s de Documentos de Seguridad, EHS y REPSE\",\"isPartOf\":{\"@id\":\"https:\\\/\\\/twind.io\\\/mx\\\/#website\"},\"primaryImageOfPage\":{\"@id\":\"https:\\\/\\\/twind.io\\\/mx\\\/revision-express-twind\\\/#primaryimage\"},\"image\":{\"@id\":\"https:\\\/\\\/twind.io\\\/mx\\\/revision-express-twind\\\/#primaryimage\"},\"thumbnailUrl\":\"https:\\\/\\\/twind.io\\\/mx\\\/wp-content\\\/uploads\\\/2025\\\/12\\\/Recurso-4.png\",\"datePublished\":\"2025-12-18T11:03:50+00:00\",\"dateModified\":\"2025-12-18T11:05:27+00:00\",\"description\":\"La Revisi\u00f3n Expr\u00e9s est\u00e1 disponible \u00fanicamente para contratistas cuyos clientes utilicen la plataforma de Gesti\u00f3n Twind con el servicio de Gesti\u00f3n Documental contratado. Aseg\u00farate de que tu cliente valide documentos con Twind antes de contratar este servicio.\",\"breadcrumb\":{\"@id\":\"https:\\\/\\\/twind.io\\\/mx\\\/revision-express-twind\\\/#breadcrumb\"},\"inLanguage\":\"es\",\"potentialAction\":[{\"@type\":\"ReadAction\",\"target\":[\"https:\\\/\\\/twind.io\\\/mx\\\/revision-express-twind\\\/\"]}]},{\"@type\":\"ImageObject\",\"inLanguage\":\"es\",\"@id\":\"https:\\\/\\\/twind.io\\\/mx\\\/revision-express-twind\\\/#primaryimage\",\"url\":\"https:\\\/\\\/twind.io\\\/mx\\\/wp-content\\\/uploads\\\/2025\\\/12\\\/Recurso-4.png\",\"contentUrl\":\"https:\\\/\\\/twind.io\\\/mx\\\/wp-content\\\/uploads\\\/2025\\\/12\\\/Recurso-4.png\",\"width\":371,\"height\":371},{\"@type\":\"BreadcrumbList\",\"@id\":\"https:\\\/\\\/twind.io\\\/mx\\\/revision-express-twind\\\/#breadcrumb\",\"itemListElement\":[{\"@type\":\"ListItem\",\"position\":1,\"name\":\"Portada\",\"item\":\"https:\\\/\\\/twind.io\\\/mx\\\/\"},{\"@type\":\"ListItem\",\"position\":2,\"name\":\"Revisi\u00f3n Expr\u00e9s\"}]},{\"@type\":\"WebSite\",\"@id\":\"https:\\\/\\\/twind.io\\\/mx\\\/#website\",\"url\":\"https:\\\/\\\/twind.io\\\/mx\\\/\",\"name\":\"Twind - Plataforma de Gesti\u00f3n de Prestadores de Servicios especializados\",\"description\":\"Automatiza y controla con facilidad el proceso de subcontrataci\u00f3n de tus prestadores de servicios, asegurando el cumplimiento legal y reduciendo los riesgos\",\"publisher\":{\"@id\":\"https:\\\/\\\/twind.io\\\/mx\\\/#organization\"},\"potentialAction\":[{\"@type\":\"SearchAction\",\"target\":{\"@type\":\"EntryPoint\",\"urlTemplate\":\"https:\\\/\\\/twind.io\\\/mx\\\/?s={search_term_string}\"},\"query-input\":{\"@type\":\"PropertyValueSpecification\",\"valueRequired\":true,\"valueName\":\"search_term_string\"}}],\"inLanguage\":\"es\"},{\"@type\":\"Organization\",\"@id\":\"https:\\\/\\\/twind.io\\\/mx\\\/#organization\",\"name\":\"Twind - Plataforma de Gesti\u00f3n de Prestadores de Servicios especializados\",\"url\":\"https:\\\/\\\/twind.io\\\/mx\\\/\",\"logo\":{\"@type\":\"ImageObject\",\"inLanguage\":\"es\",\"@id\":\"https:\\\/\\\/twind.io\\\/mx\\\/#\\\/schema\\\/logo\\\/image\\\/\",\"url\":\"https:\\\/\\\/twind.io\\\/mx\\\/wp-content\\\/uploads\\\/2023\\\/04\\\/Logo-Twind.svg\",\"contentUrl\":\"https:\\\/\\\/twind.io\\\/mx\\\/wp-content\\\/uploads\\\/2023\\\/04\\\/Logo-Twind.svg\",\"width\":1,\"height\":1,\"caption\":\"Twind - Plataforma de Gesti\u00f3n de Prestadores de Servicios especializados\"},\"image\":{\"@id\":\"https:\\\/\\\/twind.io\\\/mx\\\/#\\\/schema\\\/logo\\\/image\\\/\"}}]}<\/script>\n<!-- \/ Yoast SEO plugin. -->","yoast_head_json":{"title":"Revisi\u00f3n Expr\u00e9s de Documentos de Seguridad, EHS y REPSE","description":"La Revisi\u00f3n Expr\u00e9s est\u00e1 disponible \u00fanicamente para contratistas cuyos clientes utilicen la plataforma de Gesti\u00f3n Twind con el servicio de Gesti\u00f3n Documental contratado. Aseg\u00farate de que tu cliente valide documentos con Twind antes de contratar este servicio.","robots":{"index":"index","follow":"follow","max-snippet":"max-snippet:-1","max-image-preview":"max-image-preview:large","max-video-preview":"max-video-preview:-1"},"canonical":"https:\/\/twind.io\/mx\/revision-express-twind\/","og_locale":"es_MX","og_type":"article","og_title":"Revisi\u00f3n Expr\u00e9s de Documentos de Seguridad, EHS y REPSE","og_description":"La Revisi\u00f3n Expr\u00e9s est\u00e1 disponible \u00fanicamente para contratistas cuyos clientes utilicen la plataforma de Gesti\u00f3n Twind con el servicio de Gesti\u00f3n Documental contratado. Aseg\u00farate de que tu cliente valide documentos con Twind antes de contratar este servicio.","og_url":"https:\/\/twind.io\/mx\/revision-express-twind\/","og_site_name":"Twind - Plataforma de Gesti\u00f3n de Prestadores de Servicios especializados","article_modified_time":"2025-12-18T11:05:27+00:00","og_image":[{"url":"https:\/\/twind.io\/mx\/wp-content\/uploads\/2025\/12\/Recurso-4.png","type":"","width":"","height":""}],"twitter_card":"summary_large_image","twitter_misc":{"Tiempo de lectura":"1 minuto"},"schema":{"@context":"https:\/\/schema.org","@graph":[{"@type":"WebPage","@id":"https:\/\/twind.io\/mx\/revision-express-twind\/","url":"https:\/\/twind.io\/mx\/revision-express-twind\/","name":"Revisi\u00f3n Expr\u00e9s de Documentos de Seguridad, EHS y REPSE","isPartOf":{"@id":"https:\/\/twind.io\/mx\/#website"},"primaryImageOfPage":{"@id":"https:\/\/twind.io\/mx\/revision-express-twind\/#primaryimage"},"image":{"@id":"https:\/\/twind.io\/mx\/revision-express-twind\/#primaryimage"},"thumbnailUrl":"https:\/\/twind.io\/mx\/wp-content\/uploads\/2025\/12\/Recurso-4.png","datePublished":"2025-12-18T11:03:50+00:00","dateModified":"2025-12-18T11:05:27+00:00","description":"La Revisi\u00f3n Expr\u00e9s est\u00e1 disponible \u00fanicamente para contratistas cuyos clientes utilicen la plataforma de Gesti\u00f3n Twind con el servicio de Gesti\u00f3n Documental contratado. Aseg\u00farate de que tu cliente valide documentos con Twind antes de contratar este servicio.","breadcrumb":{"@id":"https:\/\/twind.io\/mx\/revision-express-twind\/#breadcrumb"},"inLanguage":"es","potentialAction":[{"@type":"ReadAction","target":["https:\/\/twind.io\/mx\/revision-express-twind\/"]}]},{"@type":"ImageObject","inLanguage":"es","@id":"https:\/\/twind.io\/mx\/revision-express-twind\/#primaryimage","url":"https:\/\/twind.io\/mx\/wp-content\/uploads\/2025\/12\/Recurso-4.png","contentUrl":"https:\/\/twind.io\/mx\/wp-content\/uploads\/2025\/12\/Recurso-4.png","width":371,"height":371},{"@type":"BreadcrumbList","@id":"https:\/\/twind.io\/mx\/revision-express-twind\/#breadcrumb","itemListElement":[{"@type":"ListItem","position":1,"name":"Portada","item":"https:\/\/twind.io\/mx\/"},{"@type":"ListItem","position":2,"name":"Revisi\u00f3n Expr\u00e9s"}]},{"@type":"WebSite","@id":"https:\/\/twind.io\/mx\/#website","url":"https:\/\/twind.io\/mx\/","name":"Twind - Plataforma de Gesti\u00f3n de Prestadores de Servicios especializados","description":"Automatiza y controla con facilidad el proceso de subcontrataci\u00f3n de tus prestadores de servicios, asegurando el cumplimiento legal y reduciendo los riesgos","publisher":{"@id":"https:\/\/twind.io\/mx\/#organization"},"potentialAction":[{"@type":"SearchAction","target":{"@type":"EntryPoint","urlTemplate":"https:\/\/twind.io\/mx\/?s={search_term_string}"},"query-input":{"@type":"PropertyValueSpecification","valueRequired":true,"valueName":"search_term_string"}}],"inLanguage":"es"},{"@type":"Organization","@id":"https:\/\/twind.io\/mx\/#organization","name":"Twind - Plataforma de Gesti\u00f3n de Prestadores de Servicios especializados","url":"https:\/\/twind.io\/mx\/","logo":{"@type":"ImageObject","inLanguage":"es","@id":"https:\/\/twind.io\/mx\/#\/schema\/logo\/image\/","url":"https:\/\/twind.io\/mx\/wp-content\/uploads\/2023\/04\/Logo-Twind.svg","contentUrl":"https:\/\/twind.io\/mx\/wp-content\/uploads\/2023\/04\/Logo-Twind.svg","width":1,"height":1,"caption":"Twind - Plataforma de Gesti\u00f3n de Prestadores de Servicios especializados"},"image":{"@id":"https:\/\/twind.io\/mx\/#\/schema\/logo\/image\/"}}]}},"_links":{"self":[{"href":"https:\/\/twind.io\/mx\/wp-json\/wp\/v2\/pages\/4030","targetHints":{"allow":["GET"]}}],"collection":[{"href":"https:\/\/twind.io\/mx\/wp-json\/wp\/v2\/pages"}],"about":[{"href":"https:\/\/twind.io\/mx\/wp-json\/wp\/v2\/types\/page"}],"author":[{"embeddable":true,"href":"https:\/\/twind.io\/mx\/wp-json\/wp\/v2\/users\/1"}],"replies":[{"embeddable":true,"href":"https:\/\/twind.io\/mx\/wp-json\/wp\/v2\/comments?post=4030"}],"version-history":[{"count":3,"href":"https:\/\/twind.io\/mx\/wp-json\/wp\/v2\/pages\/4030\/revisions"}],"predecessor-version":[{"id":4041,"href":"https:\/\/twind.io\/mx\/wp-json\/wp\/v2\/pages\/4030\/revisions\/4041"}],"wp:attachment":[{"href":"https:\/\/twind.io\/mx\/wp-json\/wp\/v2\/media?parent=4030"}],"curies":[{"name":"wp","href":"https:\/\/api.w.org\/{rel}","templated":true}]}}