{"id":428,"date":"2023-04-13T07:52:21","date_gmt":"2023-04-13T07:52:21","guid":{"rendered":"https:\/\/twind.io\/?page_id=428"},"modified":"2025-02-12T14:03:14","modified_gmt":"2025-02-12T14:03:14","slug":"pricing","status":"publish","type":"page","link":"https:\/\/twind.io\/mx\/pricing\/","title":{"rendered":"Pricing"},"content":{"rendered":"<h1 style=\"text-align: center;\">Twind <strong><span style=\"--tcb-applied-color: var$(--tcb-skin-color-0)  !important; color: var(--tcb-skin-color-0);\">pricing<\/span><\/strong><\/h1>\n<p style=\"text-align: center;\">P<span dir=\"ltr\">acks a tu medida para todos los tipos de empresa<\/span><\/p>\n<p><a href=\"#\" style=\"\"><span style=\"\"><span style=\"\">Pricing<\/span><\/span><\/a><\/p>\n<h4 style=\"text-align: left;\"><\/h4>\n<p style=\"text-align: left;\">\n<p style=\"text-align: left;\">\n<p style=\"text-align: left;\"><strong>VARIABLES INCLUIDAS<\/strong><\/p>\n<p style=\"text-align: left;\"><strong>VARIABLES&nbsp;<\/strong><\/p>\n<p style=\"text-align: left;\"><strong>Usuarios<\/strong><\/p>\n<p style=\"text-align: left;\"><strong>Usuarios<\/strong><\/p>\n<p style=\"text-align: left;\"><strong>Sociedades<\/strong><\/p>\n<p style=\"text-align: left; color: var(--tcb-color-1) !important; --tcb-applied-color: var$(--tcb-color-1) !important;\"><strong>Centros de trabajo<\/strong><\/p>\n<p style=\"text-align: left;\"><strong>APIs<\/strong><\/p>\n<p style=\"text-align: left;\"><strong>SERVICIO<\/strong><\/p>\n<p style=\"text-align: left;\"><strong>Soporte a usuarios<\/strong><\/p>\n<p style=\"text-align: left;\"><strong>Atenci\u00f3n al contratista<\/strong><\/p>\n<p style=\"\">\n<h4 style=\"text-align: center;\">LITE<\/h4>\n<p style=\"text-align: center;\">Consolida todas las sociedades de tu grupo empresarial<\/p>\n<p style=\"text-align: center;\"><strong>VARIABLES INCLUIDAS<\/strong><\/p>\n<p style=\"text-align: center;\"><strong>Usuarios<\/strong><\/p>\n<p style=\"text-align: center;\"><strong>Ilimitados<\/strong><\/p>\n<p style=\"text-align: center;\"><strong>Sociedades<\/strong><\/p>\n<p style=\"\">1<\/p>\n<p style=\"text-align: center; color: var(--tcb-color-1) !important; --tcb-applied-color: var$(--tcb-color-1) !important;\"><strong>Centros de trabajo<\/strong><\/p>\n<p style=\"\">1<\/p>\n<p style=\"text-align: center;\"><strong>APIs<\/strong><\/p>\n<p style=\"\">No disponible<\/p>\n<p style=\"\">\n<p style=\"text-align: center;\"><strong>SERVICIO<\/strong><\/p>\n<p style=\"text-align: center;\"><strong>Soporte a usuarios<\/strong><\/p>\n<p style=\"\"><span style=\"\">Atenci\u00f3n de 9 a 15h<\/span><\/p>\n<p style=\"\"><span style=\"\">Email y Chat<\/span><\/p>\n<p style=\"text-align: center;\"><strong>Atenci\u00f3n al contratista<\/strong><\/p>\n<p style=\"\">No disponible<\/p>\n<p style=\"\">\n<p style=\"text-align: center;\"><strong>Popular<\/strong><\/p>\n<h4 style=\"text-align: center;\">PRO<\/h4>\n<p style=\"text-align: center;\">Obt\u00e9n una visi\u00f3n transversal entre m\u00faltiples geograf\u00edas<\/p>\n<p style=\"text-align: center;\"><strong>VARIABLES INCLUIDAS<\/strong><\/p>\n<p style=\"text-align: center;\"><strong>Usuarios<\/strong><\/p>\n<p style=\"\"><strong>Ilimitados<\/strong><\/p>\n<p style=\"text-align: center;\"><strong>Sociedades<\/strong><\/p>\n<p style=\"\"><strong><span style=\"font-size: 15px;\">1<\/span><\/strong><strong><\/strong><\/p>\n<p style=\"text-align: center; color: var(--tcb-color-1) !important; --tcb-applied-color: var$(--tcb-color-1) !important;\"><strong>Centros de trabajo<\/strong><\/p>\n<p style=\"\"><strong>1-3<\/strong><\/p>\n<p style=\"text-align: center;\"><strong>APIs<\/strong><\/p>\n<p style=\"\"><strong>Est\u00e1ndar (sin soporte)<\/strong><\/p>\n<p style=\"\">\n<p style=\"text-align: center;\"><strong>SERVICIO<\/strong><\/p>\n<p style=\"text-align: center;\"><strong>Soporte a usuarios<\/strong><\/p>\n<p style=\"\"><span style=\"font-size: 15px;\">Atenci\u00f3n de 9 a 19h<\/span><\/p>\n<p style=\"\"><span style=\"font-size: 15px;\">Email y Chat (Excluye APIs)<\/span><\/p>\n<p style=\"text-align: center;\"><strong>Atenci\u00f3n al contratista<\/strong><\/p>\n<p style=\"\"><span style=\"font-size: 15px;\">Soporte al contratista email&nbsp;<\/span><\/p>\n<p style=\"\"><span style=\"font-size: 15px;\">(SLA 24h)<\/span><\/p>\n<h4 style=\"text-align: center;\">PREMIUM<\/h4>\n<p style=\"text-align: center;\">Agrega todos tus centros por pa\u00eds y sociedad<\/p>\n<p style=\"text-align: center;\"><strong>VARIABLES INCLUIDAS<\/strong><\/p>\n<p style=\"text-align: center;\"><strong>Usuarios<\/strong><\/p>\n<p style=\"\"><strong>Ilimitados<\/strong><\/p>\n<p style=\"text-align: center;\"><strong>Sociedades<\/strong><\/p>\n<p style=\"\"><strong>Ilimitados<\/strong><\/p>\n<p style=\"text-align: center; color: var(--tcb-color-1) !important; --tcb-applied-color: var$(--tcb-color-1) !important;\"><strong>Centros de trabajo<\/strong><\/p>\n<p style=\"\"><strong>Ilimitados<\/strong><\/p>\n<p style=\"text-align: center;\"><strong>APIs<\/strong><\/p>\n<p style=\"\"><strong>Personalizadas<\/strong><\/p>\n<p style=\"\">\n<p style=\"text-align: center;\"><strong>SERVICIO<\/strong><\/p>\n<p style=\"text-align: center;\"><strong>Soporte a usuarios<\/strong><\/p>\n<p style=\"\"><span style=\"font-size: 15px;\">Atenci\u00f3n de 9 a 19h<\/span><\/p>\n<p style=\"\"><span style=\"font-size: 15px;\">Email, Chat y tel\u00e9fono<\/span><\/p>\n<p style=\"text-align: center;\"><strong>Atenci\u00f3n al contratista<\/strong><\/p>\n<p style=\"\">Soporte al contratista email, Chat y tel\u00e9fono (SLA 24h)<\/p>\n","protected":false},"excerpt":{"rendered":"<p>Twind pricing Packs a tu medida para todos los tipos de empresa Pricing VARIABLES INCLUIDAS VARIABLES&nbsp; Usuarios Usuarios Sociedades Centros de trabajo APIs SERVICIO Soporte a usuarios Atenci\u00f3n al contratista LITE Consolida todas las sociedades de tu grupo empresarial VARIABLES INCLUIDAS Usuarios Ilimitados Sociedades 1 Centros de trabajo 1 APIs No disponible SERVICIO Soporte a [&hellip;]<\/p>\n","protected":false},"author":1,"featured_media":0,"parent":0,"menu_order":0,"comment_status":"closed","ping_status":"closed","template":"","meta":{"content-type":"","footnotes":""},"class_list":["post-428","page","type-page","status-publish","hentry","post-wrapper","thrv_wrapper"],"yoast_head":"<!-- This site is optimized with the Yoast SEO plugin v27.5 - https:\/\/yoast.com\/product\/yoast-seo-wordpress\/ -->\n<title>Pricing - Twind - Plataforma gesti\u00f3n prestadores de servicios<\/title>\n<meta name=\"description\" content=\"Pricing - Twind - Plataforma gesti\u00f3n prestadores de servicios\" \/>\n<meta name=\"robots\" content=\"index, follow, max-snippet:-1, max-image-preview:large, max-video-preview:-1\" \/>\n<link rel=\"canonical\" href=\"https:\/\/twind.io\/mx\/pricing\/\" \/>\n<meta property=\"og:locale\" content=\"es_MX\" \/>\n<meta property=\"og:type\" content=\"article\" \/>\n<meta property=\"og:title\" content=\"Pricing - Twind - Plataforma gesti\u00f3n prestadores de servicios\" \/>\n<meta property=\"og:description\" content=\"Pricing - Twind - Plataforma gesti\u00f3n prestadores de servicios\" \/>\n<meta property=\"og:url\" content=\"https:\/\/twind.io\/mx\/pricing\/\" \/>\n<meta property=\"og:site_name\" content=\"Twind - Plataforma de Gesti\u00f3n de Prestadores de Servicios especializados\" \/>\n<meta property=\"article:modified_time\" content=\"2025-02-12T14:03:14+00:00\" \/>\n<meta name=\"twitter:card\" content=\"summary_large_image\" \/>\n<meta name=\"twitter:label1\" content=\"Tiempo de lectura\" \/>\n\t<meta name=\"twitter:data1\" content=\"1 minuto\" \/>\n<script type=\"application\/ld+json\" class=\"yoast-schema-graph\">{\"@context\":\"https:\\\/\\\/schema.org\",\"@graph\":[{\"@type\":\"WebPage\",\"@id\":\"https:\\\/\\\/twind.io\\\/mx\\\/pricing\\\/\",\"url\":\"https:\\\/\\\/twind.io\\\/mx\\\/pricing\\\/\",\"name\":\"Pricing - Twind - Plataforma gesti\u00f3n prestadores de servicios\",\"isPartOf\":{\"@id\":\"https:\\\/\\\/twind.io\\\/mx\\\/#website\"},\"datePublished\":\"2023-04-13T07:52:21+00:00\",\"dateModified\":\"2025-02-12T14:03:14+00:00\",\"description\":\"Pricing - Twind - Plataforma gesti\u00f3n prestadores de servicios\",\"breadcrumb\":{\"@id\":\"https:\\\/\\\/twind.io\\\/mx\\\/pricing\\\/#breadcrumb\"},\"inLanguage\":\"es\",\"potentialAction\":[{\"@type\":\"ReadAction\",\"target\":[\"https:\\\/\\\/twind.io\\\/mx\\\/pricing\\\/\"]}]},{\"@type\":\"BreadcrumbList\",\"@id\":\"https:\\\/\\\/twind.io\\\/mx\\\/pricing\\\/#breadcrumb\",\"itemListElement\":[{\"@type\":\"ListItem\",\"position\":1,\"name\":\"Portada\",\"item\":\"https:\\\/\\\/twind.io\\\/mx\\\/\"},{\"@type\":\"ListItem\",\"position\":2,\"name\":\"Pricing\"}]},{\"@type\":\"WebSite\",\"@id\":\"https:\\\/\\\/twind.io\\\/mx\\\/#website\",\"url\":\"https:\\\/\\\/twind.io\\\/mx\\\/\",\"name\":\"Twind - Plataforma de Gesti\u00f3n de Prestadores de Servicios especializados\",\"description\":\"Automatiza y controla con facilidad el proceso de subcontrataci\u00f3n de tus prestadores de servicios, asegurando el cumplimiento legal y reduciendo los riesgos\",\"publisher\":{\"@id\":\"https:\\\/\\\/twind.io\\\/mx\\\/#organization\"},\"potentialAction\":[{\"@type\":\"SearchAction\",\"target\":{\"@type\":\"EntryPoint\",\"urlTemplate\":\"https:\\\/\\\/twind.io\\\/mx\\\/?s={search_term_string}\"},\"query-input\":{\"@type\":\"PropertyValueSpecification\",\"valueRequired\":true,\"valueName\":\"search_term_string\"}}],\"inLanguage\":\"es\"},{\"@type\":\"Organization\",\"@id\":\"https:\\\/\\\/twind.io\\\/mx\\\/#organization\",\"name\":\"Twind - Plataforma de Gesti\u00f3n de Prestadores de Servicios especializados\",\"url\":\"https:\\\/\\\/twind.io\\\/mx\\\/\",\"logo\":{\"@type\":\"ImageObject\",\"inLanguage\":\"es\",\"@id\":\"https:\\\/\\\/twind.io\\\/mx\\\/#\\\/schema\\\/logo\\\/image\\\/\",\"url\":\"https:\\\/\\\/twind.io\\\/mx\\\/wp-content\\\/uploads\\\/2023\\\/04\\\/Logo-Twind.svg\",\"contentUrl\":\"https:\\\/\\\/twind.io\\\/mx\\\/wp-content\\\/uploads\\\/2023\\\/04\\\/Logo-Twind.svg\",\"width\":1,\"height\":1,\"caption\":\"Twind - Plataforma de Gesti\u00f3n de Prestadores de Servicios especializados\"},\"image\":{\"@id\":\"https:\\\/\\\/twind.io\\\/mx\\\/#\\\/schema\\\/logo\\\/image\\\/\"}}]}<\/script>\n<!-- \/ Yoast SEO plugin. -->","yoast_head_json":{"title":"Pricing - Twind - Plataforma gesti\u00f3n prestadores de servicios","description":"Pricing - Twind - Plataforma gesti\u00f3n prestadores de servicios","robots":{"index":"index","follow":"follow","max-snippet":"max-snippet:-1","max-image-preview":"max-image-preview:large","max-video-preview":"max-video-preview:-1"},"canonical":"https:\/\/twind.io\/mx\/pricing\/","og_locale":"es_MX","og_type":"article","og_title":"Pricing - Twind - Plataforma gesti\u00f3n prestadores de servicios","og_description":"Pricing - Twind - Plataforma gesti\u00f3n prestadores de servicios","og_url":"https:\/\/twind.io\/mx\/pricing\/","og_site_name":"Twind - Plataforma de Gesti\u00f3n de Prestadores de Servicios especializados","article_modified_time":"2025-02-12T14:03:14+00:00","twitter_card":"summary_large_image","twitter_misc":{"Tiempo de lectura":"1 minuto"},"schema":{"@context":"https:\/\/schema.org","@graph":[{"@type":"WebPage","@id":"https:\/\/twind.io\/mx\/pricing\/","url":"https:\/\/twind.io\/mx\/pricing\/","name":"Pricing - Twind - Plataforma gesti\u00f3n prestadores de servicios","isPartOf":{"@id":"https:\/\/twind.io\/mx\/#website"},"datePublished":"2023-04-13T07:52:21+00:00","dateModified":"2025-02-12T14:03:14+00:00","description":"Pricing - Twind - Plataforma gesti\u00f3n prestadores de servicios","breadcrumb":{"@id":"https:\/\/twind.io\/mx\/pricing\/#breadcrumb"},"inLanguage":"es","potentialAction":[{"@type":"ReadAction","target":["https:\/\/twind.io\/mx\/pricing\/"]}]},{"@type":"BreadcrumbList","@id":"https:\/\/twind.io\/mx\/pricing\/#breadcrumb","itemListElement":[{"@type":"ListItem","position":1,"name":"Portada","item":"https:\/\/twind.io\/mx\/"},{"@type":"ListItem","position":2,"name":"Pricing"}]},{"@type":"WebSite","@id":"https:\/\/twind.io\/mx\/#website","url":"https:\/\/twind.io\/mx\/","name":"Twind - Plataforma de Gesti\u00f3n de Prestadores de Servicios especializados","description":"Automatiza y controla con facilidad el proceso de subcontrataci\u00f3n de tus prestadores de servicios, asegurando el cumplimiento legal y reduciendo los riesgos","publisher":{"@id":"https:\/\/twind.io\/mx\/#organization"},"potentialAction":[{"@type":"SearchAction","target":{"@type":"EntryPoint","urlTemplate":"https:\/\/twind.io\/mx\/?s={search_term_string}"},"query-input":{"@type":"PropertyValueSpecification","valueRequired":true,"valueName":"search_term_string"}}],"inLanguage":"es"},{"@type":"Organization","@id":"https:\/\/twind.io\/mx\/#organization","name":"Twind - Plataforma de Gesti\u00f3n de Prestadores de Servicios especializados","url":"https:\/\/twind.io\/mx\/","logo":{"@type":"ImageObject","inLanguage":"es","@id":"https:\/\/twind.io\/mx\/#\/schema\/logo\/image\/","url":"https:\/\/twind.io\/mx\/wp-content\/uploads\/2023\/04\/Logo-Twind.svg","contentUrl":"https:\/\/twind.io\/mx\/wp-content\/uploads\/2023\/04\/Logo-Twind.svg","width":1,"height":1,"caption":"Twind - Plataforma de Gesti\u00f3n de Prestadores de Servicios especializados"},"image":{"@id":"https:\/\/twind.io\/mx\/#\/schema\/logo\/image\/"}}]}},"_links":{"self":[{"href":"https:\/\/twind.io\/mx\/wp-json\/wp\/v2\/pages\/428","targetHints":{"allow":["GET"]}}],"collection":[{"href":"https:\/\/twind.io\/mx\/wp-json\/wp\/v2\/pages"}],"about":[{"href":"https:\/\/twind.io\/mx\/wp-json\/wp\/v2\/types\/page"}],"author":[{"embeddable":true,"href":"https:\/\/twind.io\/mx\/wp-json\/wp\/v2\/users\/1"}],"replies":[{"embeddable":true,"href":"https:\/\/twind.io\/mx\/wp-json\/wp\/v2\/comments?post=428"}],"version-history":[{"count":6,"href":"https:\/\/twind.io\/mx\/wp-json\/wp\/v2\/pages\/428\/revisions"}],"predecessor-version":[{"id":1196,"href":"https:\/\/twind.io\/mx\/wp-json\/wp\/v2\/pages\/428\/revisions\/1196"}],"wp:attachment":[{"href":"https:\/\/twind.io\/mx\/wp-json\/wp\/v2\/media?parent=428"}],"curies":[{"name":"wp","href":"https:\/\/api.w.org\/{rel}","templated":true}]}}