{"id":4411,"date":"2026-04-22T11:35:45","date_gmt":"2026-04-22T11:35:45","guid":{"rendered":"https:\/\/twind.io\/mx\/?page_id=4411"},"modified":"2026-04-22T12:54:25","modified_gmt":"2026-04-22T12:54:25","slug":"webinar-charlas-de-seguridad-en-latam","status":"publish","type":"page","link":"https:\/\/twind.io\/mx\/webinar-charlas-de-seguridad-en-latam\/","title":{"rendered":"Webinar Charlas de Seguridad en LATAM: metodolog\u00eda pr\u00e1ctica"},"content":{"rendered":"<p><span style=\"\"><img decoding=\"async\" alt=\"Twind\" data-id=\"309\" width=\"186\" data-init-width=\"750\" height=\"48\" data-init-height=\"92\" title=\"Twind\" src=\"https:\/\/twind.io\/mx\/wp-content\/uploads\/2026\/04\/Logo-Twind.svg\" data-width=\"186\" data-height=\"48\" style=\"aspect-ratio: auto 750 \/ 92;\" mt-d=\"0\" ml-d=\"0\" center-v-d=\"false\" mt-m=\"0\" ml-m=\"0\" loading=\"lazy\"><\/span><\/p>\n<p style=\"\">Webinar gratuito<span style=\"\"><\/span><\/p>\n<p style=\"\"><span style=\"\">Exclusivo LATAM<\/span><\/p>\n<p style=\"text-align: left;\"><span><span data-contrast=\"auto\" lang=\"ES-ES\"><span style=\"--tcb-applied-color: var$(--tcb-color-4) !important; color: var(--tcb-color-4) !important;\">Charlas de Seguridad:<\/span> metodolog\u00eda pr\u00e1ctica para reducir accidentes laborales<\/span><\/span><\/p>\n<p><span style=\"\"><a href=\"https:\/\/twind.io\/mx\/wp-content\/uploads\/2026\/04\/calendar-2.svg\" target=\"_blank\" rel=\"nofollow\"><img decoding=\"async\" alt=\"\" data-id=\"38084\" title=\"calendar (1)\" src=\"https:\/\/twind.io\/mx\/wp-content\/uploads\/2026\/04\/calendar-1.svg\" data-link-wrap=\"true\" data-width=\"33\" data-height=\"33\" style=\"aspect-ratio: auto 33 \/ 33;\" mt-d=\"0\" ml-d=\"0\" height=\"33\" width=\"33\" data-init-width=\"33\" data-init-height=\"33\" loading=\"lazy\"><\/a><\/span><\/p>\n<p style=\"\">20 de mayo 2026<\/p>\n<p style=\"\"><span style=\"font-weight: normal;\">10:00h (MX), 11:00h (CO)<\/span><\/p>\n<p lang=\"ES-ES\" style=\"\"><span data-contrast=\"auto\" lang=\"EN-US\"><strong><span style=\"--tcb-applied-color: var$(--tcb-color-4) !important; color: var(--tcb-color-4) !important;\">Descubre c\u00f3mo implementar\u202fcharlas de seguridad y salud en el trabajo\u202fefectivas que reduzcan accidentes en tu empresa, sin improvisar ni perder el tiempo de tu equipo, gracias a una metodolog\u00eda pr\u00e1ctica lista para aplicar desde el primer d\u00eda.<\/span><\/strong> <\/p>\n<p>Los <strong>accidentes laborales<\/strong> siguen ocurriendo no por falta de normas, sino por falta de comunicaci\u00f3n efectiva con los trabajadores. Las empresas invierten en procedimientos y se\u00f1al\u00e9tica, pero descuidan el momento m\u00e1s poderoso para prevenir incidentes: <strong>los 5 minutos antes de empezar a trabajar.<\/strong> <\/p>\n<p>Pero el verdadero problema no es la falta de informaci\u00f3n: <strong>es no saber c\u00f3mo transmitirla para que realmente cambie el comportamiento en campo.<\/strong><\/span><\/p>\n<p lang=\"ES-ES\" style=\"\"><span data-contrast=\"auto\" lang=\"EN-US\">\u200b<\/span><\/p>\n<p lang=\"ES-ES\" style=\"\"><span data-contrast=\"auto\" lang=\"ES-ES\">En este webinar, descubrir\u00e1s:<\/span><span data-ccp-props=\"{}\">&nbsp;<\/span><\/p>\n<p lang=\"ES-ES\" style=\"\"><\/p>\n<ul>\n<li lang=\"ES-ES\" style=\"\"><span data-contrast=\"auto\" lang=\"ES-ES\"><strong>Por qu\u00e9 las charlas de seguridad son uno de los canales m\u00e1s eficientes<\/strong> para cumplir requisitos legales y llegar a m\u00e1s colaboradores en menos tiempo.<\/span>&nbsp;<\/li>\n<li lang=\"ES-ES\" style=\"\"><span data-contrast=\"auto\" lang=\"ES-ES\"><strong>C\u00f3mo dise\u00f1ar e implementar una charla efectiva de 5 minutos:<\/strong> estructura, ritmo, errores comunes y c\u00f3mo mantener la atenci\u00f3n del equipo.<\/span>&nbsp;<\/li>\n<li lang=\"ES-ES\" style=\"\"><span data-contrast=\"auto\" lang=\"ES-ES\"><strong>Qu\u00e9 riesgos priorizar seg\u00fan tu industria:<\/strong> alturas, riesgo el\u00e9ctrico, ca\u00eddas, manipulaci\u00f3n de cargas y sustancias qu\u00edmicas.<\/span>&nbsp;<\/li>\n<li lang=\"ES-ES\" style=\"\"><span data-contrast=\"auto\" lang=\"ES-ES\"><strong>Casos reales y lecciones aprendidas<\/strong> de accidentes ocurridos en la regi\u00f3n<\/span>.<\/li>\n<li lang=\"ES-ES\" style=\"\"><span data-contrast=\"auto\" lang=\"ES-ES\"><strong>Tendr\u00e1s acceso a un recurso gratuito de Twind:<\/strong> charlas de seguridad listas para usar, organizadas por sector productivo.<\/span><span data-ccp-props=\"{}\">&nbsp;<\/span><\/li>\n<\/ul>\n<p style=\"text-align: center;\"><span data-ccp-props=\"{&quot;201341983&quot;:0,&quot;335559739&quot;:160,&quot;335559740&quot;:259}\" style=\"\"><strong><strong>Speakers:<\/strong><\/strong><\/span><\/p>\n<p><span style=\"\"><img decoding=\"async\" alt=\"\" data-id=\"38295\" width=\"128\" data-init-width=\"245\" height=\"128\" data-init-height=\"245\" title=\"Foto Quique\" src=\"https:\/\/twind.io\/mx\/wp-content\/uploads\/2026\/04\/Foto-Quique.png\" data-width=\"128\" data-height=\"128\" style=\"aspect-ratio: auto 245 \/ 245;\" mt-d=\"0\" ml-d=\"0\" center-v-d=\"false\" mt-t=\"-7.391000000000005\" ml-t=\"0\" center-h-d=\"false\" mt-m=\"-1.1089999999999947\" ml-m=\"0\" loading=\"lazy\"><\/span><\/p>\n<p style=\"text-align: left;\"><span data-ccp-props=\"{&quot;201341983&quot;:0,&quot;335559739&quot;:160,&quot;335559740&quot;:259}\" style=\"\"><strong><span style=\"--tcb-applied-color: var$(--tcb-skin-color-0) !important; color: var(--tcb-skin-color-0) !important;\">Enrique Escolar-Noriega<\/span><\/strong><\/span><\/p>\n<p style=\"text-align: left;\"><span data-ccp-props=\"{&quot;201341983&quot;:0,&quot;335559739&quot;:160,&quot;335559740&quot;:259}\" style=\"\">Head of International Growth<\/span><\/p>\n<p style=\"text-align: left;\"><span data-ccp-props=\"{&quot;201341983&quot;:0,&quot;335559739&quot;:160,&quot;335559740&quot;:259}\" style=\"\"><strong><span style=\"\">CTAIMA<\/span><\/strong><br \/><\/span><\/p>\n<p><span style=\"\"><img decoding=\"async\" alt=\"\" data-id=\"38294\" width=\"128\" data-init-width=\"245\" height=\"128\" data-init-height=\"245\" title=\"Foto Andrea Estefania\" src=\"https:\/\/twind.io\/mx\/wp-content\/uploads\/2026\/04\/Foto-Andrea-Estefania.png\" data-width=\"128\" data-height=\"128\" style=\"aspect-ratio: auto 245 \/ 245;\" mt-d=\"0\" ml-d=\"0\" center-v-d=\"false\" mt-t=\"-7.391000000000005\" ml-t=\"0\" center-h-d=\"false\" mt-m=\"0\" ml-m=\"-7.688000000000002\" loading=\"lazy\"><\/span><\/p>\n<p style=\"text-align: left;\"><span data-ccp-props=\"{&quot;201341983&quot;:0,&quot;335559739&quot;:160,&quot;335559740&quot;:259}\" style=\"\"><strong><span style=\"--tcb-applied-color: var$(--tcb-skin-color-0) !important; color: var(--tcb-skin-color-0) !important;\">Andrea Estefan\u00eda S\u00e1nchez Mora<\/span><\/strong><\/span><\/p>\n<p style=\"text-align: left;\"><span data-ccp-props=\"{&quot;201341983&quot;:0,&quot;335559739&quot;:160,&quot;335559740&quot;:259}\" style=\"\"><span data-contrast=\"auto\" lang=\"PT-PT\" style=\"\">HSEQ Manager<\/span><\/span><\/p>\n<p style=\"text-align: left;\"><span data-ccp-props=\"{&quot;201341983&quot;:0,&quot;335559739&quot;:160,&quot;335559740&quot;:259}\" style=\"\">CTAIMA<\/span><\/p>\n<p style=\"text-align: center;\"><span><span>Reg\u00edstrate gratis: <\/span><\/span><br \/><span><span>Podr\u00e1s participar del vivo o acceder on demand<\/span><\/span><\/p>\n\n\t\t\t\t\t\t<script>\n\t\t\t\t\t\t\twindow.hsFormsOnReady = window.hsFormsOnReady || [];\n\t\t\t\t\t\t\twindow.hsFormsOnReady.push(()=>{\n\t\t\t\t\t\t\t\thbspt.forms.create({\n\t\t\t\t\t\t\t\t\tportalId: 146424663,\n\t\t\t\t\t\t\t\t\tformId: \"0510b5f9-c2f3-4a1e-81e1-e112587ad4c9\",\n\t\t\t\t\t\t\t\t\ttarget: \"#hbspt-form-1777689460000-0691821453\",\n\t\t\t\t\t\t\t\t\tregion: \"eu1\",\n\t\t\t\t\t\t\t\t\t\n\t\t\t\t\t\t\t})});\n\t\t\t\t\t\t<\/script>\n\t\t\t\t\t\t<div class=\"hbspt-form\" id=\"hbspt-form-1777689460000-0691821453\"><\/div>\n<h3 style=\"text-align: center;\"><\/h3>\n","protected":false},"excerpt":{"rendered":"<p>Webinar gratuito Exclusivo LATAM Charlas de Seguridad: metodolog\u00eda pr\u00e1ctica para reducir accidentes laborales 20 de mayo 2026 10:00h (MX), 11:00h (CO) Descubre c\u00f3mo implementar\u202fcharlas de seguridad y salud en el trabajo\u202fefectivas que reduzcan accidentes en tu empresa, sin improvisar ni perder el tiempo de tu equipo, gracias a una metodolog\u00eda pr\u00e1ctica lista para aplicar desde [&hellip;]<\/p>\n","protected":false},"author":1,"featured_media":0,"parent":0,"menu_order":0,"comment_status":"closed","ping_status":"closed","template":"","meta":{"content-type":"","footnotes":""},"class_list":["post-4411","page","type-page","status-publish","hentry","post-wrapper","thrv_wrapper"],"yoast_head":"<!-- This site is optimized with the Yoast SEO plugin v27.5 - https:\/\/yoast.com\/product\/yoast-seo-wordpress\/ -->\n<title>Webinar | Charlas de Seguridad en LATAM: metodolog\u00eda pr\u00e1ctica<\/title>\n<meta name=\"description\" content=\"Reg\u00edstrate al Webinar y descubre c\u00f3mo implementar Charlas de Seguridad efectivas: metodolog\u00eda pr\u00e1ctica, casos reales y recursos gratuitos.\" \/>\n<meta name=\"robots\" content=\"index, follow, max-snippet:-1, max-image-preview:large, max-video-preview:-1\" \/>\n<link rel=\"canonical\" href=\"https:\/\/twind.io\/mx\/webinar-charlas-de-seguridad-en-latam\/\" \/>\n<meta property=\"og:locale\" content=\"es_MX\" \/>\n<meta property=\"og:type\" content=\"article\" \/>\n<meta property=\"og:title\" content=\"Webinar | Charlas de Seguridad en LATAM: metodolog\u00eda pr\u00e1ctica\" \/>\n<meta property=\"og:description\" content=\"Reg\u00edstrate al Webinar y descubre c\u00f3mo implementar Charlas de Seguridad efectivas: metodolog\u00eda pr\u00e1ctica, casos reales y recursos gratuitos.\" \/>\n<meta property=\"og:url\" content=\"https:\/\/twind.io\/mx\/webinar-charlas-de-seguridad-en-latam\/\" \/>\n<meta property=\"og:site_name\" content=\"Twind - Plataforma de Gesti\u00f3n de Prestadores de Servicios especializados\" \/>\n<meta property=\"article:modified_time\" content=\"2026-04-22T12:54:25+00:00\" \/>\n<meta property=\"og:image\" content=\"https:\/\/twind.io\/mx\/wp-content\/uploads\/2026\/04\/Logo-Twind.svg\" \/>\n<meta name=\"twitter:card\" content=\"summary_large_image\" \/>\n<meta name=\"twitter:label1\" content=\"Tiempo de lectura\" \/>\n\t<meta name=\"twitter:data1\" content=\"3 minutos\" \/>\n<script type=\"application\/ld+json\" class=\"yoast-schema-graph\">{\"@context\":\"https:\\\/\\\/schema.org\",\"@graph\":[{\"@type\":\"WebPage\",\"@id\":\"https:\\\/\\\/twind.io\\\/mx\\\/webinar-charlas-de-seguridad-en-latam\\\/\",\"url\":\"https:\\\/\\\/twind.io\\\/mx\\\/webinar-charlas-de-seguridad-en-latam\\\/\",\"name\":\"Webinar | Charlas de Seguridad en LATAM: metodolog\u00eda pr\u00e1ctica\",\"isPartOf\":{\"@id\":\"https:\\\/\\\/twind.io\\\/mx\\\/#website\"},\"primaryImageOfPage\":{\"@id\":\"https:\\\/\\\/twind.io\\\/mx\\\/webinar-charlas-de-seguridad-en-latam\\\/#primaryimage\"},\"image\":{\"@id\":\"https:\\\/\\\/twind.io\\\/mx\\\/webinar-charlas-de-seguridad-en-latam\\\/#primaryimage\"},\"thumbnailUrl\":\"https:\\\/\\\/twind.io\\\/mx\\\/wp-content\\\/uploads\\\/2026\\\/04\\\/Logo-Twind.svg\",\"datePublished\":\"2026-04-22T11:35:45+00:00\",\"dateModified\":\"2026-04-22T12:54:25+00:00\",\"description\":\"Reg\u00edstrate al Webinar y descubre c\u00f3mo implementar Charlas de Seguridad efectivas: metodolog\u00eda pr\u00e1ctica, casos reales y recursos gratuitos.\",\"breadcrumb\":{\"@id\":\"https:\\\/\\\/twind.io\\\/mx\\\/webinar-charlas-de-seguridad-en-latam\\\/#breadcrumb\"},\"inLanguage\":\"es\",\"potentialAction\":[{\"@type\":\"ReadAction\",\"target\":[\"https:\\\/\\\/twind.io\\\/mx\\\/webinar-charlas-de-seguridad-en-latam\\\/\"]}]},{\"@type\":\"ImageObject\",\"inLanguage\":\"es\",\"@id\":\"https:\\\/\\\/twind.io\\\/mx\\\/webinar-charlas-de-seguridad-en-latam\\\/#primaryimage\",\"url\":\"https:\\\/\\\/twind.io\\\/mx\\\/wp-content\\\/uploads\\\/2026\\\/04\\\/Logo-Twind.svg\",\"contentUrl\":\"https:\\\/\\\/twind.io\\\/mx\\\/wp-content\\\/uploads\\\/2026\\\/04\\\/Logo-Twind.svg\"},{\"@type\":\"BreadcrumbList\",\"@id\":\"https:\\\/\\\/twind.io\\\/mx\\\/webinar-charlas-de-seguridad-en-latam\\\/#breadcrumb\",\"itemListElement\":[{\"@type\":\"ListItem\",\"position\":1,\"name\":\"Portada\",\"item\":\"https:\\\/\\\/twind.io\\\/mx\\\/\"},{\"@type\":\"ListItem\",\"position\":2,\"name\":\"Webinar Charlas de Seguridad en LATAM: metodolog\u00eda pr\u00e1ctica\"}]},{\"@type\":\"WebSite\",\"@id\":\"https:\\\/\\\/twind.io\\\/mx\\\/#website\",\"url\":\"https:\\\/\\\/twind.io\\\/mx\\\/\",\"name\":\"Twind - Plataforma de Gesti\u00f3n de Prestadores de Servicios especializados\",\"description\":\"Automatiza y controla con facilidad el proceso de subcontrataci\u00f3n de tus prestadores de servicios, asegurando el cumplimiento legal y reduciendo los riesgos\",\"publisher\":{\"@id\":\"https:\\\/\\\/twind.io\\\/mx\\\/#organization\"},\"potentialAction\":[{\"@type\":\"SearchAction\",\"target\":{\"@type\":\"EntryPoint\",\"urlTemplate\":\"https:\\\/\\\/twind.io\\\/mx\\\/?s={search_term_string}\"},\"query-input\":{\"@type\":\"PropertyValueSpecification\",\"valueRequired\":true,\"valueName\":\"search_term_string\"}}],\"inLanguage\":\"es\"},{\"@type\":\"Organization\",\"@id\":\"https:\\\/\\\/twind.io\\\/mx\\\/#organization\",\"name\":\"Twind - Plataforma de Gesti\u00f3n de Prestadores de Servicios especializados\",\"url\":\"https:\\\/\\\/twind.io\\\/mx\\\/\",\"logo\":{\"@type\":\"ImageObject\",\"inLanguage\":\"es\",\"@id\":\"https:\\\/\\\/twind.io\\\/mx\\\/#\\\/schema\\\/logo\\\/image\\\/\",\"url\":\"https:\\\/\\\/twind.io\\\/mx\\\/wp-content\\\/uploads\\\/2023\\\/04\\\/Logo-Twind.svg\",\"contentUrl\":\"https:\\\/\\\/twind.io\\\/mx\\\/wp-content\\\/uploads\\\/2023\\\/04\\\/Logo-Twind.svg\",\"width\":1,\"height\":1,\"caption\":\"Twind - Plataforma de Gesti\u00f3n de Prestadores de Servicios especializados\"},\"image\":{\"@id\":\"https:\\\/\\\/twind.io\\\/mx\\\/#\\\/schema\\\/logo\\\/image\\\/\"}}]}<\/script>\n<!-- \/ Yoast SEO plugin. -->","yoast_head_json":{"title":"Webinar | Charlas de Seguridad en LATAM: metodolog\u00eda pr\u00e1ctica","description":"Reg\u00edstrate al Webinar y descubre c\u00f3mo implementar Charlas de Seguridad efectivas: metodolog\u00eda pr\u00e1ctica, casos reales y recursos gratuitos.","robots":{"index":"index","follow":"follow","max-snippet":"max-snippet:-1","max-image-preview":"max-image-preview:large","max-video-preview":"max-video-preview:-1"},"canonical":"https:\/\/twind.io\/mx\/webinar-charlas-de-seguridad-en-latam\/","og_locale":"es_MX","og_type":"article","og_title":"Webinar | Charlas de Seguridad en LATAM: metodolog\u00eda pr\u00e1ctica","og_description":"Reg\u00edstrate al Webinar y descubre c\u00f3mo implementar Charlas de Seguridad efectivas: metodolog\u00eda pr\u00e1ctica, casos reales y recursos gratuitos.","og_url":"https:\/\/twind.io\/mx\/webinar-charlas-de-seguridad-en-latam\/","og_site_name":"Twind - Plataforma de Gesti\u00f3n de Prestadores de Servicios especializados","article_modified_time":"2026-04-22T12:54:25+00:00","og_image":[{"url":"https:\/\/twind.io\/mx\/wp-content\/uploads\/2026\/04\/Logo-Twind.svg","type":"","width":"","height":""}],"twitter_card":"summary_large_image","twitter_misc":{"Tiempo de lectura":"3 minutos"},"schema":{"@context":"https:\/\/schema.org","@graph":[{"@type":"WebPage","@id":"https:\/\/twind.io\/mx\/webinar-charlas-de-seguridad-en-latam\/","url":"https:\/\/twind.io\/mx\/webinar-charlas-de-seguridad-en-latam\/","name":"Webinar | Charlas de Seguridad en LATAM: metodolog\u00eda pr\u00e1ctica","isPartOf":{"@id":"https:\/\/twind.io\/mx\/#website"},"primaryImageOfPage":{"@id":"https:\/\/twind.io\/mx\/webinar-charlas-de-seguridad-en-latam\/#primaryimage"},"image":{"@id":"https:\/\/twind.io\/mx\/webinar-charlas-de-seguridad-en-latam\/#primaryimage"},"thumbnailUrl":"https:\/\/twind.io\/mx\/wp-content\/uploads\/2026\/04\/Logo-Twind.svg","datePublished":"2026-04-22T11:35:45+00:00","dateModified":"2026-04-22T12:54:25+00:00","description":"Reg\u00edstrate al Webinar y descubre c\u00f3mo implementar Charlas de Seguridad efectivas: metodolog\u00eda pr\u00e1ctica, casos reales y recursos gratuitos.","breadcrumb":{"@id":"https:\/\/twind.io\/mx\/webinar-charlas-de-seguridad-en-latam\/#breadcrumb"},"inLanguage":"es","potentialAction":[{"@type":"ReadAction","target":["https:\/\/twind.io\/mx\/webinar-charlas-de-seguridad-en-latam\/"]}]},{"@type":"ImageObject","inLanguage":"es","@id":"https:\/\/twind.io\/mx\/webinar-charlas-de-seguridad-en-latam\/#primaryimage","url":"https:\/\/twind.io\/mx\/wp-content\/uploads\/2026\/04\/Logo-Twind.svg","contentUrl":"https:\/\/twind.io\/mx\/wp-content\/uploads\/2026\/04\/Logo-Twind.svg"},{"@type":"BreadcrumbList","@id":"https:\/\/twind.io\/mx\/webinar-charlas-de-seguridad-en-latam\/#breadcrumb","itemListElement":[{"@type":"ListItem","position":1,"name":"Portada","item":"https:\/\/twind.io\/mx\/"},{"@type":"ListItem","position":2,"name":"Webinar Charlas de Seguridad en LATAM: metodolog\u00eda pr\u00e1ctica"}]},{"@type":"WebSite","@id":"https:\/\/twind.io\/mx\/#website","url":"https:\/\/twind.io\/mx\/","name":"Twind - Plataforma de Gesti\u00f3n de Prestadores de Servicios especializados","description":"Automatiza y controla con facilidad el proceso de subcontrataci\u00f3n de tus prestadores de servicios, asegurando el cumplimiento legal y reduciendo los riesgos","publisher":{"@id":"https:\/\/twind.io\/mx\/#organization"},"potentialAction":[{"@type":"SearchAction","target":{"@type":"EntryPoint","urlTemplate":"https:\/\/twind.io\/mx\/?s={search_term_string}"},"query-input":{"@type":"PropertyValueSpecification","valueRequired":true,"valueName":"search_term_string"}}],"inLanguage":"es"},{"@type":"Organization","@id":"https:\/\/twind.io\/mx\/#organization","name":"Twind - Plataforma de Gesti\u00f3n de Prestadores de Servicios especializados","url":"https:\/\/twind.io\/mx\/","logo":{"@type":"ImageObject","inLanguage":"es","@id":"https:\/\/twind.io\/mx\/#\/schema\/logo\/image\/","url":"https:\/\/twind.io\/mx\/wp-content\/uploads\/2023\/04\/Logo-Twind.svg","contentUrl":"https:\/\/twind.io\/mx\/wp-content\/uploads\/2023\/04\/Logo-Twind.svg","width":1,"height":1,"caption":"Twind - Plataforma de Gesti\u00f3n de Prestadores de Servicios especializados"},"image":{"@id":"https:\/\/twind.io\/mx\/#\/schema\/logo\/image\/"}}]}},"_links":{"self":[{"href":"https:\/\/twind.io\/mx\/wp-json\/wp\/v2\/pages\/4411","targetHints":{"allow":["GET"]}}],"collection":[{"href":"https:\/\/twind.io\/mx\/wp-json\/wp\/v2\/pages"}],"about":[{"href":"https:\/\/twind.io\/mx\/wp-json\/wp\/v2\/types\/page"}],"author":[{"embeddable":true,"href":"https:\/\/twind.io\/mx\/wp-json\/wp\/v2\/users\/1"}],"replies":[{"embeddable":true,"href":"https:\/\/twind.io\/mx\/wp-json\/wp\/v2\/comments?post=4411"}],"version-history":[{"count":11,"href":"https:\/\/twind.io\/mx\/wp-json\/wp\/v2\/pages\/4411\/revisions"}],"predecessor-version":[{"id":4437,"href":"https:\/\/twind.io\/mx\/wp-json\/wp\/v2\/pages\/4411\/revisions\/4437"}],"wp:attachment":[{"href":"https:\/\/twind.io\/mx\/wp-json\/wp\/v2\/media?parent=4411"}],"curies":[{"name":"wp","href":"https:\/\/api.w.org\/{rel}","templated":true}]}}