{"id":4439,"date":"2026-04-28T10:07:13","date_gmt":"2026-04-28T10:07:13","guid":{"rendered":"https:\/\/twind.io\/mx\/?page_id=4439"},"modified":"2026-05-04T06:57:54","modified_gmt":"2026-05-04T06:57:54","slug":"geiss-software-gestion-ehs","status":"publish","type":"page","link":"https:\/\/twind.io\/mx\/geiss-software-gestion-ehs\/","title":{"rendered":"GeISS &#8211; Software de Gesti\u00f3n EHS"},"content":{"rendered":"<h1 style=\"text-align: center;\"><span>GeISS<\/span><br \/><span><span><span>Software de Seguridad e Higiene en el Trabajo<\/span> <\/span><\/span><\/h1>\n<h2 style=\"text-align: center;\"><span style=\"font-weight: normal;\"><span>Gestiona la Seguridad y Salud en el Trabajo con GeISS, la plataforma integral dise\u00f1ada por CTAIMA y Twind para ayudarte a cumplir con las NOMs de la STPS y reducir riesgos laborales en tu organizaci\u00f3n.<\/span><\/span><\/h2>\n<p><span><img decoding=\"async\" alt=\"GeISS Plataforma SST - Software\" data-id=\"4509\" width=\"864\" data-init-width=\"2552\" height=\"557\" data-init-height=\"1644\" title=\"geiss-plataforma-sst-img\" src=\"https:\/\/twind.io\/mx\/wp-content\/uploads\/2026\/04\/geiss-plataforma-sst-img.webp\" data-width=\"864\" data-height=\"557\" style=\"aspect-ratio: auto 2552 \/ 1644;\" loading=\"lazy\"><\/span><\/p>\n<h3 style=\"text-align: center;\"><span style=\"font-size: 50px !important; --tcb-applied-color: var$(--tcb-color-4) !important; color: var(--tcb-color-4) !important;\">100%<\/span><\/h3>\n<h3 style=\"text-align: center;\"><span>riesgos, planes y formaci\u00f3n bajo control<\/span><\/h3>\n<h3 style=\"text-align: center;\"><span style=\"font-size: 50px !important; --tcb-applied-color: var$(--tcb-color-4) !important; color: var(--tcb-color-4) !important;\">-50%<\/span><\/h3>\n<h3 style=\"text-align: center;\"><span>tiempo dedicado a la gesti\u00f3n EHS<\/span><\/h3>\n<h3 style=\"text-align: center;\"><span style=\"font-size: 50px !important; --tcb-applied-color: var$(--tcb-color-4) !important; color: var(--tcb-color-4) !important;\">100%<\/span><\/h3>\n<h3 style=\"text-align: center;\"><span style=\"\">trazabilidad ante la STPS<\/span><\/h3>\n<p style=\"text-align: center;\"><strong><strong>Desarrollado por CTAIMA y Twind.&nbsp;<\/strong><\/strong>Empresas l\u00edderes ya conf\u00edan en nosotros.<\/p>\n<p><span><img decoding=\"async\" alt=\"Logos clientes CTAIMA\" data-id=\"4486\" width=\"1050\" data-init-width=\"2000\" height=\"49\" data-init-height=\"93\" title=\"logos_clientes_desktop\" src=\"https:\/\/twind.io\/mx\/wp-content\/uploads\/2026\/04\/logos_clientes_desktop.png\" data-width=\"1050\" data-height=\"49\" style=\"aspect-ratio: auto 2000 \/ 93;\" loading=\"lazy\"><\/span><span><img decoding=\"async\" alt=\"Logos Clientes Grupo Ctaima\" data-id=\"4488\" width=\"643\" data-init-width=\"643\" height=\"414\" data-init-height=\"458\" title=\"logos_clientes_mob\" src=\"https:\/\/twind.io\/mx\/wp-content\/uploads\/2026\/04\/logos_clientes_mob-1.png\" data-width=\"643\" data-height=\"414\" style=\"aspect-ratio: auto 643 \/ 458;\" loading=\"lazy\"><\/span><\/p>\n<h2 style=\"text-align: center; color: rgb(26, 48, 55) !important; --tcb-applied-color: rgb(26, 48, 55) !important;\">Todo lo que necesitas para <span style=\"--tcb-applied-color: var$(--tcb-color-4) !important; color: var(--tcb-color-4) !important;\">gestionar la EHS<\/span> en un solo lugar<\/h2>\n<h2 style=\"text-align: center;\"><span style=\"font-weight: normal; --tcb-applied-color: rgb(26, 48, 55) !important; color: rgb(26, 48, 55) !important;\">GeISS te permite contratar solo los m\u00f3dulos que realmente necesitas, adaptando la soluci\u00f3n a los requerimientos espec\u00edficos de tu empresa y a las obligaciones establecidas por la STPS y el IMSS. Una implementaci\u00f3n accesible, \u00e1gil y alineada con la normatividad mexicana vigente.<\/span><\/h2>\n<p><!--! Font Awesome Free 6.7.1 by @fontawesome - https:\/\/fontawesome.com License - https:\/\/fontawesome.com\/license\/free (Icons: CC BY 4.0, Fonts: SIL OFL 1.1, Code: MIT License) Copyright 2024 Fonticons, Inc. --><\/p>\n<h3 style=\"text-align: left;\"><span style=\"\">Gesti\u00f3n de accidentes e incidentes<\/span><\/h3>\n<h3 style=\"text-align: left;\"><span style=\"font-weight: normal;\">Registra y reporta accidentes de trabajo e incidentes de manera inmediata, cumpliendo con las NOM-STPS.<br \/><\/span><\/h3>\n<h3 style=\"text-align: left;\"><span style=\"\">Planes de emergencia y evacuaci\u00f3n<\/span><\/h3>\n<h3 style=\"text-align: left;\"><span style=\"font-weight: normal;\">Elabora, documenta y actualiza tus planes de emergencia. Centraliza brigadas, rutas de evacuaci\u00f3n y simulacros.<br \/><\/span><\/h3>\n<p><!--! Font Awesome Free 6.7.1 by @fontawesome - https:\/\/fontawesome.com License - https:\/\/fontawesome.com\/license\/free (Icons: CC BY 4.0, Fonts: SIL OFL 1.1, Code: MIT License) Copyright 2024 Fonticons, Inc. --><\/p>\n<h3 style=\"text-align: left;\"><span style=\"\">Control de Equipo de Protecci\u00f3n Personal (EPP)<\/span><\/h3>\n<h3 style=\"text-align: left;\"><span style=\"font-weight: normal;\">Digitaliza la asignaci\u00f3n, entrega y seguimiento del EPP en tu organizaci\u00f3n. Mant\u00e9n trazabilidad total por trabajador.<\/span><\/h3>\n<h3 style=\"text-align: left;\"><span style=\"\">Identificaci\u00f3n y evaluaci\u00f3n de riesgos laborales<\/span><\/h3>\n<h3 style=\"text-align: left;\"><span style=\"font-weight: normal;\">Identifica, eval\u00faa y controla los riesgos. Asigna responsables y da seguimiento a las medidas preventivas y correctivas.<\/span><\/h3>\n<h3 style=\"text-align: left;\"><span style=\"\">Indicadores, estad\u00edsticas e informes de EHS<\/span><\/h3>\n<h3 style=\"text-align: left;\"><span style=\"font-weight: normal;\">Genera autom\u00e1ticamente KPI de EHS: frecuencia, gravedad, d\u00edas perdidos y m\u00e1s, listos para auditor\u00edas y visitas de la STPS.<\/span><\/h3>\n<h3 style=\"text-align: left;\"><span style=\"\">Capacitaci\u00f3n y formaci\u00f3n en seguridad<\/span><\/h3>\n<h3 style=\"text-align: left;\"><span style=\"font-weight: normal;\">Gestiona la capacitaci\u00f3n obligatoria (NOMs y LFT). Registra asistencias, constancias y vencimientos autom\u00e1ticamente.<\/span><\/h3>\n<h2 style=\"text-align: center; color: rgb(26, 48, 55) !important; --tcb-applied-color: rgb(26, 48, 55) !important;\">\u00bfQu\u00e9 hace diferente a <span style=\"--tcb-applied-color: var$(--tcb-color-4) !important; color: var(--tcb-color-4) !important;\">GeISS<\/span> de otras soluciones EHS?<\/h2>\n<h2 style=\"text-align: center;\"><span style=\"font-weight: normal; --tcb-applied-color: rgb(26, 48, 55) !important; color: rgb(26, 48, 55) !important;\">GeISS ofrece una soluci\u00f3n integral que se adapta a las necesidades y al tama\u00f1o de cada empresa, con total autonom\u00eda para configurar la plataforma, optimizando la gesti\u00f3n EHS de forma pr\u00e1ctica y eficaz.<\/span><\/h2>\n<h3 style=\"text-align: left;\"><span style=\"\">Visual, flexible y f\u00e1cil de usar<br \/><\/span><\/h3>\n<h3 style=\"text-align: left;\"><span style=\"font-weight: normal;\">Adapta la plataforma a tu empresa de forma aut\u00f3noma, sin depender del \u00e1rea de tecnolog\u00eda ni de un consultor externo para cada ajuste.<\/span><\/h3>\n<h3 style=\"text-align: left;\"><span style=\"\">Compatible con otros sistemas<br \/><\/span><\/h3>\n<h3 style=\"text-align: left;\"><span style=\"font-weight: normal;\">Facilita integraciones personalizadas con otros sistemas de gesti\u00f3n y la conexi\u00f3n de dispositivos y sensores como c\u00e1maras, medidores, entre otros.<\/span><\/h3>\n<h3 style=\"text-align: left;\"><span style=\"\">Dise\u00f1ado por expertos en EHS<\/span><\/h3>\n<h3 style=\"text-align: left;\"><span style=\"font-weight: normal;\">Creado espec\u00edficamente por profesionales en Seguridad e Higiene Laboral, pensando en las necesidades de los responsables EHS en M\u00e9xico.<br \/><\/span><\/h3>\n<h2 style=\"text-align: left;\"><span style=\"--tcb-applied-color: var$(--tcb-skin-color-0) !important;\">Solicita tu demostraci\u00f3n y empieza a cumplir con la STPS sin estr\u00e9s<br \/><\/span><\/h2>\n<p style=\"\"><span style=\"--tcb-applied-color: rgb(26, 48, 55) !important; color: rgb(26, 48, 55) !important;\">Descubre c\u00f3mo las empresas que ya utilizan GeISS cumplen con los est\u00e1ndares m\u00e1s exigentes de Seguridad e Higiene Laboral en M\u00e9xico y reducen sus \u00edndices de accidentabilidad.<br \/><\/span><\/p>\n<p style=\"text-align: left;\"><strong>Seguridad de primer nivel<\/strong><br \/>Tu seguridad es nuestra prioridad. Tus datos siempre protegidos.<\/p>\n<p><span><img decoding=\"async\" alt=\"Microsoft Partners\" data-id=\"302\" width=\"45\" data-init-width=\"106\" height=\"46\" data-init-height=\"108\" title=\"Microsoft Partners\" src=\"https:\/\/twind.io\/wp-content\/uploads\/2023\/04\/certificados-_0002_Capa-1.webp\" data-width=\"45\" style=\"aspect-ratio: auto 106 \/ 108;\" data-height=\"46\" loading=\"lazy\"><\/span><\/p>\n<h2 style=\"text-align: left;\"><strong><span style=\"\">Microsoft Partners<\/span><\/strong><\/h2>\n<p><span><img decoding=\"async\" alt=\"ISO 27001\" data-id=\"304\" width=\"70\" data-init-width=\"106\" height=\"71\" data-init-height=\"107\" title=\"ISO 27001\" src=\"https:\/\/twind.io\/wp-content\/uploads\/2023\/04\/certificados-_0001_Capa-2.webp\" data-width=\"70\" style=\"aspect-ratio: auto 106 \/ 107;\" data-height=\"71\" loading=\"lazy\"><\/span><\/p>\n<h2 style=\"text-align: left;\"><strong><span style=\"\">ISO 27001 Certified<\/span><\/strong><\/h2>\n<p><span><img decoding=\"async\" alt=\"GDPR Compliant\" data-id=\"305\" width=\"70\" data-init-width=\"106\" height=\"71\" data-init-height=\"108\" title=\"GDPR Compliant\" src=\"https:\/\/twind.io\/wp-content\/uploads\/2023\/04\/certificados-_0000_Capa-3.webp\" data-width=\"70\" style=\"aspect-ratio: auto 106 \/ 108;\" data-height=\"71\" loading=\"lazy\"><\/span><\/p>\n<h2 style=\"text-align: left;\"><strong><span style=\"\">GDPR Compliant<\/span><\/strong><\/h2>\n<p style=\"text-align: left; color: rgb(26, 48, 55) !important; --tcb-applied-color: rgb(26, 48, 55) !important;\"><span style=\"--tcb-applied-color: rgb(26, 48, 55) !important;\"><strong>Lo que dicen nuestros clientes<\/strong><br \/><\/span><\/p>\n<blockquote style=\"\"><p><span style=\"--tcb-applied-color: rgb(26, 48, 55) !important; color: rgb(26, 48, 55) !important;\"><em><span style=\"font-size: 15px !important;\">&#8220;GeISS nos ha ayudado a crear un entorno laboral mucho m\u00e1s productivo y eficiente en nuestra organizaci\u00f3n.&#8221;<\/span><\/em><\/span><\/p><\/blockquote>\n<blockquote style=\"\"><p><em>&#8220;Con GeISS tenemos la seguridad de cumplir con todos los requisitos necesarios para garantizar un espacio de trabajo m\u00e1s seguro en nuestra empresa.&#8221;<\/em><\/p><\/blockquote>\n<p>[tcb-script charset=&#8221;utf-8&#8243; type=&#8221;text\/javascript&#8221; src=&#8221;\/\/js-eu1.hsforms.net\/forms\/embed\/v2.js&#8221;][\/tcb-script][tcb-script]  hbspt.forms.create({    portalId: &#8220;146424663&#8221;,    formId: &#8220;45eb08b6-8448-47d4-baba-e2835cf8f180&#8221;,    region: &#8220;eu1&#8221;  });[\/tcb-script]<\/p>\n","protected":false},"excerpt":{"rendered":"<p>GeISSSoftware de Seguridad e Higiene en el Trabajo Gestiona la Seguridad y Salud en el Trabajo con GeISS, la plataforma integral dise\u00f1ada por CTAIMA y Twind para ayudarte a cumplir con las NOMs de la STPS y reducir riesgos laborales en tu organizaci\u00f3n. 100% riesgos, planes y formaci\u00f3n bajo control -50% tiempo dedicado a la [&hellip;]<\/p>\n","protected":false},"author":1,"featured_media":4461,"parent":0,"menu_order":0,"comment_status":"closed","ping_status":"closed","template":"","meta":{"content-type":"","footnotes":""},"class_list":["post-4439","page","type-page","status-publish","has-post-thumbnail","hentry","post-wrapper","thrv_wrapper"],"yoast_head":"<!-- This site is optimized with the Yoast SEO plugin v27.5 - https:\/\/yoast.com\/product\/yoast-seo-wordpress\/ -->\n<title>GeISS \u2013 Software de Seguridad e Higiene Laboral | Twind<\/title>\n<meta name=\"description\" content=\"Gestiona accidentes, EPP, riesgos y capacitaci\u00f3n en una sola plataforma. Cumple con la STPS y las NOMs vigentes. Solicita tu demo.\" \/>\n<meta name=\"robots\" content=\"index, follow, max-snippet:-1, max-image-preview:large, max-video-preview:-1\" \/>\n<link rel=\"canonical\" href=\"https:\/\/twind.io\/mx\/geiss-software-gestion-ehs\/\" \/>\n<meta property=\"og:locale\" content=\"es_MX\" \/>\n<meta property=\"og:type\" content=\"article\" \/>\n<meta property=\"og:title\" content=\"GeISS \u2013 Software de Seguridad e Higiene Laboral | Twind\" \/>\n<meta property=\"og:description\" content=\"Gestiona accidentes, EPP, riesgos y capacitaci\u00f3n en una sola plataforma. Cumple con la STPS y las NOMs vigentes. Solicita tu demo.\" \/>\n<meta property=\"og:url\" content=\"https:\/\/twind.io\/mx\/geiss-software-gestion-ehs\/\" \/>\n<meta property=\"og:site_name\" content=\"Twind - Plataforma de Gesti\u00f3n de Prestadores de Servicios especializados\" \/>\n<meta property=\"article:modified_time\" content=\"2026-05-04T06:57:54+00:00\" \/>\n<meta property=\"og:image\" content=\"https:\/\/twind.io\/mx\/wp-content\/uploads\/2026\/04\/geiss-plataforma-prl-mu.png\" \/>\n\t<meta property=\"og:image:width\" content=\"1276\" \/>\n\t<meta property=\"og:image:height\" content=\"822\" \/>\n\t<meta property=\"og:image:type\" content=\"image\/png\" \/>\n<meta name=\"twitter:card\" content=\"summary_large_image\" \/>\n<meta name=\"twitter:label1\" content=\"Tiempo de lectura\" \/>\n\t<meta name=\"twitter:data1\" content=\"5 minutos\" \/>\n<script type=\"application\/ld+json\" class=\"yoast-schema-graph\">{\"@context\":\"https:\\\/\\\/schema.org\",\"@graph\":[{\"@type\":\"WebPage\",\"@id\":\"https:\\\/\\\/twind.io\\\/mx\\\/geiss-software-gestion-ehs\\\/\",\"url\":\"https:\\\/\\\/twind.io\\\/mx\\\/geiss-software-gestion-ehs\\\/\",\"name\":\"GeISS \u2013 Software de Seguridad e Higiene Laboral | Twind\",\"isPartOf\":{\"@id\":\"https:\\\/\\\/twind.io\\\/mx\\\/#website\"},\"primaryImageOfPage\":{\"@id\":\"https:\\\/\\\/twind.io\\\/mx\\\/geiss-software-gestion-ehs\\\/#primaryimage\"},\"image\":{\"@id\":\"https:\\\/\\\/twind.io\\\/mx\\\/geiss-software-gestion-ehs\\\/#primaryimage\"},\"thumbnailUrl\":\"https:\\\/\\\/twind.io\\\/mx\\\/wp-content\\\/uploads\\\/2026\\\/04\\\/geiss-plataforma-prl-mu.png\",\"datePublished\":\"2026-04-28T10:07:13+00:00\",\"dateModified\":\"2026-05-04T06:57:54+00:00\",\"description\":\"Gestiona accidentes, EPP, riesgos y capacitaci\u00f3n en una sola plataforma. Cumple con la STPS y las NOMs vigentes. Solicita tu demo.\",\"breadcrumb\":{\"@id\":\"https:\\\/\\\/twind.io\\\/mx\\\/geiss-software-gestion-ehs\\\/#breadcrumb\"},\"inLanguage\":\"es\",\"potentialAction\":[{\"@type\":\"ReadAction\",\"target\":[\"https:\\\/\\\/twind.io\\\/mx\\\/geiss-software-gestion-ehs\\\/\"]}]},{\"@type\":\"ImageObject\",\"inLanguage\":\"es\",\"@id\":\"https:\\\/\\\/twind.io\\\/mx\\\/geiss-software-gestion-ehs\\\/#primaryimage\",\"url\":\"https:\\\/\\\/twind.io\\\/mx\\\/wp-content\\\/uploads\\\/2026\\\/04\\\/geiss-plataforma-prl-mu.png\",\"contentUrl\":\"https:\\\/\\\/twind.io\\\/mx\\\/wp-content\\\/uploads\\\/2026\\\/04\\\/geiss-plataforma-prl-mu.png\",\"width\":1276,\"height\":822,\"caption\":\"GeISS - Software PRL\"},{\"@type\":\"BreadcrumbList\",\"@id\":\"https:\\\/\\\/twind.io\\\/mx\\\/geiss-software-gestion-ehs\\\/#breadcrumb\",\"itemListElement\":[{\"@type\":\"ListItem\",\"position\":1,\"name\":\"Portada\",\"item\":\"https:\\\/\\\/twind.io\\\/mx\\\/\"},{\"@type\":\"ListItem\",\"position\":2,\"name\":\"GeISS &#8211; Software de Gesti\u00f3n EHS\"}]},{\"@type\":\"WebSite\",\"@id\":\"https:\\\/\\\/twind.io\\\/mx\\\/#website\",\"url\":\"https:\\\/\\\/twind.io\\\/mx\\\/\",\"name\":\"Twind - Plataforma de Gesti\u00f3n de Prestadores de Servicios especializados\",\"description\":\"Automatiza y controla con facilidad el proceso de subcontrataci\u00f3n de tus prestadores de servicios, asegurando el cumplimiento legal y reduciendo los riesgos\",\"publisher\":{\"@id\":\"https:\\\/\\\/twind.io\\\/mx\\\/#organization\"},\"potentialAction\":[{\"@type\":\"SearchAction\",\"target\":{\"@type\":\"EntryPoint\",\"urlTemplate\":\"https:\\\/\\\/twind.io\\\/mx\\\/?s={search_term_string}\"},\"query-input\":{\"@type\":\"PropertyValueSpecification\",\"valueRequired\":true,\"valueName\":\"search_term_string\"}}],\"inLanguage\":\"es\"},{\"@type\":\"Organization\",\"@id\":\"https:\\\/\\\/twind.io\\\/mx\\\/#organization\",\"name\":\"Twind - Plataforma de Gesti\u00f3n de Prestadores de Servicios especializados\",\"url\":\"https:\\\/\\\/twind.io\\\/mx\\\/\",\"logo\":{\"@type\":\"ImageObject\",\"inLanguage\":\"es\",\"@id\":\"https:\\\/\\\/twind.io\\\/mx\\\/#\\\/schema\\\/logo\\\/image\\\/\",\"url\":\"https:\\\/\\\/twind.io\\\/mx\\\/wp-content\\\/uploads\\\/2023\\\/04\\\/Logo-Twind.svg\",\"contentUrl\":\"https:\\\/\\\/twind.io\\\/mx\\\/wp-content\\\/uploads\\\/2023\\\/04\\\/Logo-Twind.svg\",\"width\":1,\"height\":1,\"caption\":\"Twind - Plataforma de Gesti\u00f3n de Prestadores de Servicios especializados\"},\"image\":{\"@id\":\"https:\\\/\\\/twind.io\\\/mx\\\/#\\\/schema\\\/logo\\\/image\\\/\"}}]}<\/script>\n<!-- \/ Yoast SEO plugin. -->","yoast_head_json":{"title":"GeISS \u2013 Software de Seguridad e Higiene Laboral | Twind","description":"Gestiona accidentes, EPP, riesgos y capacitaci\u00f3n en una sola plataforma. Cumple con la STPS y las NOMs vigentes. Solicita tu demo.","robots":{"index":"index","follow":"follow","max-snippet":"max-snippet:-1","max-image-preview":"max-image-preview:large","max-video-preview":"max-video-preview:-1"},"canonical":"https:\/\/twind.io\/mx\/geiss-software-gestion-ehs\/","og_locale":"es_MX","og_type":"article","og_title":"GeISS \u2013 Software de Seguridad e Higiene Laboral | Twind","og_description":"Gestiona accidentes, EPP, riesgos y capacitaci\u00f3n en una sola plataforma. Cumple con la STPS y las NOMs vigentes. Solicita tu demo.","og_url":"https:\/\/twind.io\/mx\/geiss-software-gestion-ehs\/","og_site_name":"Twind - Plataforma de Gesti\u00f3n de Prestadores de Servicios especializados","article_modified_time":"2026-05-04T06:57:54+00:00","og_image":[{"width":1276,"height":822,"url":"https:\/\/twind.io\/mx\/wp-content\/uploads\/2026\/04\/geiss-plataforma-prl-mu.png","type":"image\/png"}],"twitter_card":"summary_large_image","twitter_misc":{"Tiempo de lectura":"5 minutos"},"schema":{"@context":"https:\/\/schema.org","@graph":[{"@type":"WebPage","@id":"https:\/\/twind.io\/mx\/geiss-software-gestion-ehs\/","url":"https:\/\/twind.io\/mx\/geiss-software-gestion-ehs\/","name":"GeISS \u2013 Software de Seguridad e Higiene Laboral | Twind","isPartOf":{"@id":"https:\/\/twind.io\/mx\/#website"},"primaryImageOfPage":{"@id":"https:\/\/twind.io\/mx\/geiss-software-gestion-ehs\/#primaryimage"},"image":{"@id":"https:\/\/twind.io\/mx\/geiss-software-gestion-ehs\/#primaryimage"},"thumbnailUrl":"https:\/\/twind.io\/mx\/wp-content\/uploads\/2026\/04\/geiss-plataforma-prl-mu.png","datePublished":"2026-04-28T10:07:13+00:00","dateModified":"2026-05-04T06:57:54+00:00","description":"Gestiona accidentes, EPP, riesgos y capacitaci\u00f3n en una sola plataforma. Cumple con la STPS y las NOMs vigentes. Solicita tu demo.","breadcrumb":{"@id":"https:\/\/twind.io\/mx\/geiss-software-gestion-ehs\/#breadcrumb"},"inLanguage":"es","potentialAction":[{"@type":"ReadAction","target":["https:\/\/twind.io\/mx\/geiss-software-gestion-ehs\/"]}]},{"@type":"ImageObject","inLanguage":"es","@id":"https:\/\/twind.io\/mx\/geiss-software-gestion-ehs\/#primaryimage","url":"https:\/\/twind.io\/mx\/wp-content\/uploads\/2026\/04\/geiss-plataforma-prl-mu.png","contentUrl":"https:\/\/twind.io\/mx\/wp-content\/uploads\/2026\/04\/geiss-plataforma-prl-mu.png","width":1276,"height":822,"caption":"GeISS - Software PRL"},{"@type":"BreadcrumbList","@id":"https:\/\/twind.io\/mx\/geiss-software-gestion-ehs\/#breadcrumb","itemListElement":[{"@type":"ListItem","position":1,"name":"Portada","item":"https:\/\/twind.io\/mx\/"},{"@type":"ListItem","position":2,"name":"GeISS &#8211; Software de Gesti\u00f3n EHS"}]},{"@type":"WebSite","@id":"https:\/\/twind.io\/mx\/#website","url":"https:\/\/twind.io\/mx\/","name":"Twind - Plataforma de Gesti\u00f3n de Prestadores de Servicios especializados","description":"Automatiza y controla con facilidad el proceso de subcontrataci\u00f3n de tus prestadores de servicios, asegurando el cumplimiento legal y reduciendo los riesgos","publisher":{"@id":"https:\/\/twind.io\/mx\/#organization"},"potentialAction":[{"@type":"SearchAction","target":{"@type":"EntryPoint","urlTemplate":"https:\/\/twind.io\/mx\/?s={search_term_string}"},"query-input":{"@type":"PropertyValueSpecification","valueRequired":true,"valueName":"search_term_string"}}],"inLanguage":"es"},{"@type":"Organization","@id":"https:\/\/twind.io\/mx\/#organization","name":"Twind - Plataforma de Gesti\u00f3n de Prestadores de Servicios especializados","url":"https:\/\/twind.io\/mx\/","logo":{"@type":"ImageObject","inLanguage":"es","@id":"https:\/\/twind.io\/mx\/#\/schema\/logo\/image\/","url":"https:\/\/twind.io\/mx\/wp-content\/uploads\/2023\/04\/Logo-Twind.svg","contentUrl":"https:\/\/twind.io\/mx\/wp-content\/uploads\/2023\/04\/Logo-Twind.svg","width":1,"height":1,"caption":"Twind - Plataforma de Gesti\u00f3n de Prestadores de Servicios especializados"},"image":{"@id":"https:\/\/twind.io\/mx\/#\/schema\/logo\/image\/"}}]}},"_links":{"self":[{"href":"https:\/\/twind.io\/mx\/wp-json\/wp\/v2\/pages\/4439","targetHints":{"allow":["GET"]}}],"collection":[{"href":"https:\/\/twind.io\/mx\/wp-json\/wp\/v2\/pages"}],"about":[{"href":"https:\/\/twind.io\/mx\/wp-json\/wp\/v2\/types\/page"}],"author":[{"embeddable":true,"href":"https:\/\/twind.io\/mx\/wp-json\/wp\/v2\/users\/1"}],"replies":[{"embeddable":true,"href":"https:\/\/twind.io\/mx\/wp-json\/wp\/v2\/comments?post=4439"}],"version-history":[{"count":64,"href":"https:\/\/twind.io\/mx\/wp-json\/wp\/v2\/pages\/4439\/revisions"}],"predecessor-version":[{"id":4523,"href":"https:\/\/twind.io\/mx\/wp-json\/wp\/v2\/pages\/4439\/revisions\/4523"}],"wp:featuredmedia":[{"embeddable":true,"href":"https:\/\/twind.io\/mx\/wp-json\/wp\/v2\/media\/4461"}],"wp:attachment":[{"href":"https:\/\/twind.io\/mx\/wp-json\/wp\/v2\/media?parent=4439"}],"curies":[{"name":"wp","href":"https:\/\/api.w.org\/{rel}","templated":true}]}}