{"id":1460,"date":"2024-03-01T09:05:10","date_gmt":"2024-03-01T09:05:10","guid":{"rendered":"https:\/\/twind.io\/pt\/?page_id=1460"},"modified":"2025-12-01T12:49:21","modified_gmt":"2025-12-01T12:49:21","slug":"canal-de-reclamacoes","status":"publish","type":"page","link":"https:\/\/twind.io\/pt\/canal-de-reclamacoes\/","title":{"rendered":"NEW &#8211; Canal de\u00a0Reclama\u00e7\u00f5es"},"content":{"rendered":"<h1 style=\"text-align: center;\">Canal de <span style=\"--tcb-applied-color: var$(--tcb-color-4) !important; color: var(--tcb-color-4) !important;\">Reclama\u00e7\u00f5es<\/span><\/h1>\n<h2 style=\"text-align: center;\"><strong>CTAIMA<\/strong> estabelece um <strong>Canal de Den\u00fancias<\/strong> para denunciar a\u00e7\u00f5es ou omiss\u00f5es que possam constituir uma infra\u00e7\u00e3o penal ou administrativa grave ou muito grave ou a legisla\u00e7\u00e3o da Uni\u00e3o Europeia, conforme estabelecido pela Lei de Prote\u00e7\u00e3o ao Denunciante. Facilitar a comunica\u00e7\u00e3o \u00e1gil, confidencial e segura de qualquer suspeita de conduta impr\u00f3pria, viola\u00e7\u00e3o das normas do <strong>C\u00f3digo de \u00c9tica CTAIMA.<\/strong><\/h2>\n<h2 style=\"text-align: center;\">A CTAIMA disponibiliza este canal, acess\u00edvel a partir do nosso site corporativo, aberto a colaboradores, colaboradores, dirigentes, parceiros de neg\u00f3cio e todos os interessados, para cumprimento do C\u00f3digo de \u00c9tica, dos regulamentos internos e do enquadramento legal aplic\u00e1vel em vigor.<strong><\/strong><\/h2>\n<p>O objetivo \u00e9 manter um ambiente de trabalho baseado no compliance e nos valores do CTAIMA, garantindo ao mesmo tempo a prote\u00e7\u00e3o da privacidade e confidencialidade das reclama\u00e7\u00f5es, estando dispon\u00edvel 24 horas por dia, 365 dias por ano atrav\u00e9s dos nossos:&nbsp;<a href=\"https:\/\/ctaima.factorialhr.com\/complaints\" style=\"outline: none;\" data-lt-tmp-id=\"lt-778766\" spellcheck=\"false\"><strong><span style=\"text-decoration: underline;\">Canal de Reclama\u00e7\u00f5es<\/span><\/strong><\/a><\/p>\n<p><strong><\/strong><\/p>\n<p style=\"\"><strong><\/strong><em>A&nbsp;<strong>CTAIMA<\/strong>&nbsp;garante o anonimato e a confidencialidade do denunciante, estabelecendo um procedimento de gest\u00e3o cujos princ\u00edpios essenciais s\u00e3o a objectividade, a imparcialidade, a independ\u00eancia, a protec\u00e7\u00e3o do denunciante, a transpar\u00eancia e o respeito pela legalidade.<\/em><\/p>\n","protected":false},"excerpt":{"rendered":"<p>Canal de Reclama\u00e7\u00f5es CTAIMA estabelece um Canal de Den\u00fancias para denunciar a\u00e7\u00f5es ou omiss\u00f5es que possam constituir uma infra\u00e7\u00e3o penal ou administrativa grave ou muito grave ou a legisla\u00e7\u00e3o da Uni\u00e3o Europeia, conforme estabelecido pela Lei de Prote\u00e7\u00e3o ao Denunciante. Facilitar a comunica\u00e7\u00e3o \u00e1gil, confidencial e segura de qualquer suspeita de conduta impr\u00f3pria, viola\u00e7\u00e3o das [&hellip;]<\/p>\n","protected":false},"author":1,"featured_media":284,"parent":0,"menu_order":0,"comment_status":"closed","ping_status":"closed","template":"","meta":{"content-type":"","footnotes":""},"class_list":["post-1460","page","type-page","status-publish","has-post-thumbnail","hentry","post-wrapper","thrv_wrapper"],"yoast_head":"<!-- This site is optimized with the Yoast SEO plugin v27.2 - https:\/\/yoast.com\/product\/yoast-seo-wordpress\/ -->\n<title>Canal de Reclama\u00e7\u00f5es<\/title>\n<meta name=\"description\" content=\"Canal de Reclama\u00e7\u00f5es\" \/>\n<meta name=\"robots\" content=\"noindex, nofollow\" \/>\n<meta property=\"og:locale\" content=\"pt_PT\" \/>\n<meta property=\"og:type\" content=\"article\" \/>\n<meta property=\"og:title\" content=\"Canal de Reclama\u00e7\u00f5es\" \/>\n<meta property=\"og:description\" content=\"Canal de Reclama\u00e7\u00f5es\" \/>\n<meta property=\"og:url\" content=\"https:\/\/twind.io\/pt\/canal-de-reclamacoes\/\" \/>\n<meta property=\"og:site_name\" content=\"Software Gest\u00e3o Documental de Fornecedores\" \/>\n<meta property=\"article:modified_time\" content=\"2025-12-01T12:49:21+00:00\" \/>\n<meta name=\"twitter:card\" content=\"summary_large_image\" \/>\n<meta name=\"twitter:label1\" content=\"Tempo estimado de leitura\" \/>\n\t<meta name=\"twitter:data1\" content=\"1 minuto\" \/>\n<script type=\"application\/ld+json\" class=\"yoast-schema-graph\">{\"@context\":\"https:\/\/schema.org\",\"@graph\":[{\"@type\":\"WebPage\",\"@id\":\"https:\/\/twind.io\/pt\/canal-de-reclamacoes\/\",\"url\":\"https:\/\/twind.io\/pt\/canal-de-reclamacoes\/\",\"name\":\"Canal de Reclama\u00e7\u00f5es\",\"isPartOf\":{\"@id\":\"https:\/\/twind.io\/pt\/#website\"},\"primaryImageOfPage\":{\"@id\":\"https:\/\/twind.io\/pt\/canal-de-reclamacoes\/#primaryimage\"},\"image\":{\"@id\":\"https:\/\/twind.io\/pt\/canal-de-reclamacoes\/#primaryimage\"},\"thumbnailUrl\":\"https:\/\/twind.io\/pt\/wp-content\/uploads\/2023\/04\/6-global.svg\",\"datePublished\":\"2024-03-01T09:05:10+00:00\",\"dateModified\":\"2025-12-01T12:49:21+00:00\",\"description\":\"Canal de Reclama\u00e7\u00f5es\",\"breadcrumb\":{\"@id\":\"https:\/\/twind.io\/pt\/canal-de-reclamacoes\/#breadcrumb\"},\"inLanguage\":\"pt-PT\",\"potentialAction\":[{\"@type\":\"ReadAction\",\"target\":[\"https:\/\/twind.io\/pt\/canal-de-reclamacoes\/\"]}]},{\"@type\":\"ImageObject\",\"inLanguage\":\"pt-PT\",\"@id\":\"https:\/\/twind.io\/pt\/canal-de-reclamacoes\/#primaryimage\",\"url\":\"https:\/\/twind.io\/pt\/wp-content\/uploads\/2023\/04\/6-global.svg\",\"contentUrl\":\"https:\/\/twind.io\/pt\/wp-content\/uploads\/2023\/04\/6-global.svg\",\"caption\":\"Contacto\"},{\"@type\":\"BreadcrumbList\",\"@id\":\"https:\/\/twind.io\/pt\/canal-de-reclamacoes\/#breadcrumb\",\"itemListElement\":[{\"@type\":\"ListItem\",\"position\":1,\"name\":\"Portada\",\"item\":\"https:\/\/twind.io\/pt\/\"},{\"@type\":\"ListItem\",\"position\":2,\"name\":\"NEW &#8211; Canal de\u00a0Reclama\u00e7\u00f5es\"}]},{\"@type\":\"WebSite\",\"@id\":\"https:\/\/twind.io\/pt\/#website\",\"url\":\"https:\/\/twind.io\/pt\/\",\"name\":\"Software Gest\u00e3o Documental de Fornecedores\",\"description\":\"Software Gest\u00e3o Documental de Fornecedores e preven\u00e7\u00e3o da seguran\u00e7a e da sa\u00fade no trabalho\",\"potentialAction\":[{\"@type\":\"SearchAction\",\"target\":{\"@type\":\"EntryPoint\",\"urlTemplate\":\"https:\/\/twind.io\/pt\/?s={search_term_string}\"},\"query-input\":{\"@type\":\"PropertyValueSpecification\",\"valueRequired\":true,\"valueName\":\"search_term_string\"}}],\"inLanguage\":\"pt-PT\"}]}<\/script>\n<!-- \/ Yoast SEO plugin. -->","yoast_head_json":{"title":"Canal de Reclama\u00e7\u00f5es","description":"Canal de Reclama\u00e7\u00f5es","robots":{"index":"noindex","follow":"nofollow"},"og_locale":"pt_PT","og_type":"article","og_title":"Canal de Reclama\u00e7\u00f5es","og_description":"Canal de Reclama\u00e7\u00f5es","og_url":"https:\/\/twind.io\/pt\/canal-de-reclamacoes\/","og_site_name":"Software Gest\u00e3o Documental de Fornecedores","article_modified_time":"2025-12-01T12:49:21+00:00","twitter_card":"summary_large_image","twitter_misc":{"Tempo estimado de leitura":"1 minuto"},"schema":{"@context":"https:\/\/schema.org","@graph":[{"@type":"WebPage","@id":"https:\/\/twind.io\/pt\/canal-de-reclamacoes\/","url":"https:\/\/twind.io\/pt\/canal-de-reclamacoes\/","name":"Canal de Reclama\u00e7\u00f5es","isPartOf":{"@id":"https:\/\/twind.io\/pt\/#website"},"primaryImageOfPage":{"@id":"https:\/\/twind.io\/pt\/canal-de-reclamacoes\/#primaryimage"},"image":{"@id":"https:\/\/twind.io\/pt\/canal-de-reclamacoes\/#primaryimage"},"thumbnailUrl":"https:\/\/twind.io\/pt\/wp-content\/uploads\/2023\/04\/6-global.svg","datePublished":"2024-03-01T09:05:10+00:00","dateModified":"2025-12-01T12:49:21+00:00","description":"Canal de Reclama\u00e7\u00f5es","breadcrumb":{"@id":"https:\/\/twind.io\/pt\/canal-de-reclamacoes\/#breadcrumb"},"inLanguage":"pt-PT","potentialAction":[{"@type":"ReadAction","target":["https:\/\/twind.io\/pt\/canal-de-reclamacoes\/"]}]},{"@type":"ImageObject","inLanguage":"pt-PT","@id":"https:\/\/twind.io\/pt\/canal-de-reclamacoes\/#primaryimage","url":"https:\/\/twind.io\/pt\/wp-content\/uploads\/2023\/04\/6-global.svg","contentUrl":"https:\/\/twind.io\/pt\/wp-content\/uploads\/2023\/04\/6-global.svg","caption":"Contacto"},{"@type":"BreadcrumbList","@id":"https:\/\/twind.io\/pt\/canal-de-reclamacoes\/#breadcrumb","itemListElement":[{"@type":"ListItem","position":1,"name":"Portada","item":"https:\/\/twind.io\/pt\/"},{"@type":"ListItem","position":2,"name":"NEW &#8211; Canal de\u00a0Reclama\u00e7\u00f5es"}]},{"@type":"WebSite","@id":"https:\/\/twind.io\/pt\/#website","url":"https:\/\/twind.io\/pt\/","name":"Software Gest\u00e3o Documental de Fornecedores","description":"Software Gest\u00e3o Documental de Fornecedores e preven\u00e7\u00e3o da seguran\u00e7a e da sa\u00fade no trabalho","potentialAction":[{"@type":"SearchAction","target":{"@type":"EntryPoint","urlTemplate":"https:\/\/twind.io\/pt\/?s={search_term_string}"},"query-input":{"@type":"PropertyValueSpecification","valueRequired":true,"valueName":"search_term_string"}}],"inLanguage":"pt-PT"}]}},"_links":{"self":[{"href":"https:\/\/twind.io\/pt\/wp-json\/wp\/v2\/pages\/1460","targetHints":{"allow":["GET"]}}],"collection":[{"href":"https:\/\/twind.io\/pt\/wp-json\/wp\/v2\/pages"}],"about":[{"href":"https:\/\/twind.io\/pt\/wp-json\/wp\/v2\/types\/page"}],"author":[{"embeddable":true,"href":"https:\/\/twind.io\/pt\/wp-json\/wp\/v2\/users\/1"}],"replies":[{"embeddable":true,"href":"https:\/\/twind.io\/pt\/wp-json\/wp\/v2\/comments?post=1460"}],"version-history":[{"count":5,"href":"https:\/\/twind.io\/pt\/wp-json\/wp\/v2\/pages\/1460\/revisions"}],"predecessor-version":[{"id":2622,"href":"https:\/\/twind.io\/pt\/wp-json\/wp\/v2\/pages\/1460\/revisions\/2622"}],"wp:featuredmedia":[{"embeddable":true,"href":"https:\/\/twind.io\/pt\/wp-json\/wp\/v2\/media\/284"}],"wp:attachment":[{"href":"https:\/\/twind.io\/pt\/wp-json\/wp\/v2\/media?parent=1460"}],"curies":[{"name":"wp","href":"https:\/\/api.w.org\/{rel}","templated":true}]}}