{"id":1476,"date":"2025-03-11T12:07:01","date_gmt":"2025-03-11T12:07:01","guid":{"rendered":"https:\/\/twind.io\/pt\/?page_id=1476"},"modified":"2025-11-12T11:21:13","modified_gmt":"2025-11-12T11:21:13","slug":"webinario-subcontratacao-de-trabalhos-em-zonas-atex-o-que-precisas-garantir","status":"publish","type":"page","link":"https:\/\/twind.io\/pt\/webinario-subcontratacao-de-trabalhos-em-zonas-atex-o-que-precisas-garantir\/","title":{"rendered":"Webin\u00e1rio Subcontrata\u00e7\u00e3o de Trabalhos em Zonas ATEX: O Que Precisas Garantir?"},"content":{"rendered":"<p><span style=\"\"><img decoding=\"async\" alt=\"Logo twind by ctaima\" data-id=\"1293\" width=\"177\" data-init-width=\"697\" height=\"53\" data-init-height=\"209\" title=\"Logo twind by ctaima\" src=\"https:\/\/twind.io\/pt\/wp-content\/uploads\/2025\/03\/logo-twind-by-ctaima.png\" data-width=\"177\" data-height=\"53\" style=\"aspect-ratio: auto 697 \/ 209;\" mt-d=\"-0.5313000000000017\" ml-d=\"0\" center-v-d=\"false\" loading=\"lazy\"><\/span><\/p>\n<p style=\"text-align: center;\">Webin\u00e1rio<\/p>\n<h2 style=\"text-align: center;\"><strong><span dir=\"ltr\">Subcontrata\u00e7\u00e3o de Trabalhos em Zonas ATEX: O Que Precisas Garantir?<\/span><\/strong><\/h2>\n<p><span data-contrast=\"auto\" lang=\"ES-ES\"><strong>Est\u00e1s a subcontratar trabalhos em zonas ATEX?<\/strong><\/span><\/p>\n<p><span data-contrast=\"auto\" lang=\"ES-ES\">Ent\u00e3o, sabes o qu\u00e3o importante \u00e9 garantir a seguran\u00e7a e a conformidade legal nestes ambientes de risco!Este webinar tem como objetivo esclarecer os requisitos legais e as medidas de seguran\u00e7a essenciais para trabalhos em atmosferas explosivas (ATEX). <\/span><\/p>\n<p><span data-contrast=\"auto\" lang=\"ES-ES\">Participa no nosso webinar gratuito e descobre como proteger a tua empresa, minimizar riscos e garantir a seguran\u00e7a dos teus trabalhadores e dos subcontratados nas opera\u00e7\u00f5es em zonas ATEX.<\/span><\/p>\n<p><span data-contrast=\"auto\" lang=\"ES-ES\"><\/span><\/p>\n<p><span data-contrast=\"auto\" lang=\"ES-ES\"><strong><span style=\"--tcb-applied-color: var$(--tcb-color-4) !important; color: var(--tcb-color-4) !important;\"><span style=\"font-size: 19px !important;\">O que vais aprender?<\/span><\/span><\/strong><img decoding=\"async\" role=\"img\" alt=\"\u2705\" src=\"https:\/\/s.w.org\/images\/core\/emoji\/15.0.3\/svg\/2705.svg\"> O que s\u00e3o as zonas ATEX e por que representam um risco<img decoding=\"async\" role=\"img\" alt=\"\u2705\" src=\"https:\/\/s.w.org\/images\/core\/emoji\/15.0.3\/svg\/2705.svg\"> Quais s\u00e3o as obriga\u00e7\u00f5es legais que n\u00e3o podes ignorar<img decoding=\"async\" role=\"img\" alt=\"\u2705\" src=\"https:\/\/s.w.org\/images\/core\/emoji\/15.0.3\/svg\/2705.svg\"> &nbsp;Como garantir &nbsp;a seguran\u00e7a na subcontrata\u00e7\u00e3o destes trabalhos<\/span><\/p>\n<\/p>\n<p><span data-contrast=\"auto\" lang=\"ES-ES\"><strong><span style=\"--tcb-applied-color: var$(--tcb-color-4) !important; color: var(--tcb-color-4) !important; font-size: 19px !important;\">Para quem \u00e9 este webinar?<\/span><\/strong><img decoding=\"async\" role=\"img\" alt=\"\ud83d\udd39\" src=\"https:\/\/s.w.org\/images\/core\/emoji\/15.0.3\/svg\/1f539.svg\"> Profissionais de SST e seguran\u00e7a industrial<img decoding=\"async\" role=\"img\" alt=\"\ud83d\udd39\" src=\"https:\/\/s.w.org\/images\/core\/emoji\/15.0.3\/svg\/1f539.svg\"> Engenheiros, t\u00e9cnicos e respons\u00e1veis de manuten\u00e7\u00e3o<img decoding=\"async\" role=\"img\" alt=\"\ud83d\udd39\" src=\"https:\/\/s.w.org\/images\/core\/emoji\/15.0.3\/svg\/1f539.svg\"> Empresas que operam em \u00e1reas de risco de explos\u00e3o<\/span><\/p>\n<p><span data-contrast=\"auto\" lang=\"ES-ES\"><\/span><\/p>\n<h3 style=\"text-align: center;\">Preencha o formul\u00e1rio<\/h3>\n<p style=\"text-align: center;\">Enviaremos o acesso por e-mail<\/p>\n\n\t\t\t\t\t\t<script>\n\t\t\t\t\t\t\twindow.hsFormsOnReady = window.hsFormsOnReady || [];\n\t\t\t\t\t\t\twindow.hsFormsOnReady.push(()=>{\n\t\t\t\t\t\t\t\thbspt.forms.create({\n\t\t\t\t\t\t\t\t\tportalId: 146424663,\n\t\t\t\t\t\t\t\t\tformId: \"998fce37-32e0-4f22-b4ae-d040b214b81b\",\n\t\t\t\t\t\t\t\t\ttarget: \"#hbspt-form-1776445677000-0279740648\",\n\t\t\t\t\t\t\t\t\tregion: \"eu1\",\n\t\t\t\t\t\t\t\t\t\n\t\t\t\t\t\t\t})});\n\t\t\t\t\t\t<\/script>\n\t\t\t\t\t\t<div class=\"hbspt-form\" id=\"hbspt-form-1776445677000-0279740648\"><\/div>\n<h3 style=\"text-align: center;\"><\/h3>\n<p style=\"text-align: center;\"><span data-ccp-props=\"{&quot;201341983&quot;:0,&quot;335559739&quot;:160,&quot;335559740&quot;:259}\" style=\"\"><strong><strong>Os teus especialistas:<\/strong><\/strong><\/span><\/p>\n<p><span style=\"\"><img decoding=\"async\" alt=\"sofia\" data-id=\"1498\" width=\"166\" data-init-width=\"401\" height=\"181\" data-init-height=\"437\" title=\"sofia\" src=\"https:\/\/twind.io\/pt\/wp-content\/uploads\/2025\/03\/image-10-1.png\" data-width=\"166\" data-height=\"181\" style=\"aspect-ratio: auto 401 \/ 437;\" mt-d=\"0\" ml-d=\"0\" center-v-d=\"false\" mt-t=\"-7.391000000000005\" ml-t=\"0\" center-h-d=\"false\" loading=\"lazy\" mt-m=\"-1.1089999999999947\" ml-m=\"0\"><\/span><\/p>\n<p style=\"text-align: left;\"><span data-ccp-props=\"{&quot;201341983&quot;:0,&quot;335559739&quot;:160,&quot;335559740&quot;:259}\"><strong><span style=\"--tcb-applied-color: var$(--tcb-skin-color-0) !important; color: var(--tcb-skin-color-0) !important;\">Sofia Silva<\/span><\/strong><\/span><\/p>\n<p style=\"text-align: left;\"><span data-ccp-props=\"{&quot;201341983&quot;:0,&quot;335559739&quot;:160,&quot;335559740&quot;:259}\" style=\"font-size: 14px !important;\">Consultora EHS<\/span><\/p>\n<p style=\"text-align: left;\"><span data-ccp-props=\"{&quot;201341983&quot;:0,&quot;335559739&quot;:160,&quot;335559740&quot;:259}\" style=\"font-size: 14px !important;\">CTAIMA Portugal<\/span><\/p>\n","protected":false},"excerpt":{"rendered":"<p>Webin\u00e1rio Subcontrata\u00e7\u00e3o de Trabalhos em Zonas ATEX: O Que Precisas Garantir? Est\u00e1s a subcontratar trabalhos em zonas ATEX? Ent\u00e3o, sabes o qu\u00e3o importante \u00e9 garantir a seguran\u00e7a e a conformidade legal nestes ambientes de risco!Este webinar tem como objetivo esclarecer os requisitos legais e as medidas de seguran\u00e7a essenciais para trabalhos em atmosferas explosivas (ATEX). [&hellip;]<\/p>\n","protected":false},"author":1,"featured_media":0,"parent":0,"menu_order":0,"comment_status":"closed","ping_status":"closed","template":"","meta":{"content-type":"","footnotes":""},"class_list":["post-1476","page","type-page","status-publish","hentry","post-wrapper","thrv_wrapper"],"yoast_head":"<!-- This site is optimized with the Yoast SEO plugin v27.2 - https:\/\/yoast.com\/product\/yoast-seo-wordpress\/ -->\n<title>Webin\u00e1rio Subcontrata\u00e7\u00e3o de Trabalhos em Zonas ATEX: O Que Precisas Garantir?<\/title>\n<meta name=\"description\" content=\"Webin\u00e1rio Subcontrata\u00e7\u00e3o de Trabalhos em Zonas ATEX: O Que Precisas Garantir?\" \/>\n<meta name=\"robots\" content=\"noindex, nofollow\" \/>\n<meta property=\"og:locale\" content=\"pt_PT\" \/>\n<meta property=\"og:type\" content=\"article\" \/>\n<meta property=\"og:title\" content=\"Webin\u00e1rio Subcontrata\u00e7\u00e3o de Trabalhos em Zonas ATEX: O Que Precisas Garantir?\" \/>\n<meta property=\"og:description\" content=\"Webin\u00e1rio Subcontrata\u00e7\u00e3o de Trabalhos em Zonas ATEX: O Que Precisas Garantir?\" \/>\n<meta property=\"og:url\" content=\"https:\/\/twind.io\/pt\/webinario-subcontratacao-de-trabalhos-em-zonas-atex-o-que-precisas-garantir\/\" \/>\n<meta property=\"og:site_name\" content=\"Software Gest\u00e3o Documental de Fornecedores\" \/>\n<meta property=\"article:modified_time\" content=\"2025-11-12T11:21:13+00:00\" \/>\n<meta property=\"og:image\" content=\"https:\/\/twind.io\/pt\/wp-content\/uploads\/2025\/03\/logo-twind-by-ctaima.png\" \/>\n<meta name=\"twitter:card\" content=\"summary_large_image\" \/>\n<meta name=\"twitter:label1\" content=\"Tempo estimado de leitura\" \/>\n\t<meta name=\"twitter:data1\" content=\"8 minutos\" \/>\n<script type=\"application\/ld+json\" class=\"yoast-schema-graph\">{\"@context\":\"https:\/\/schema.org\",\"@graph\":[{\"@type\":\"WebPage\",\"@id\":\"https:\/\/twind.io\/pt\/webinario-subcontratacao-de-trabalhos-em-zonas-atex-o-que-precisas-garantir\/\",\"url\":\"https:\/\/twind.io\/pt\/webinario-subcontratacao-de-trabalhos-em-zonas-atex-o-que-precisas-garantir\/\",\"name\":\"Webin\u00e1rio Subcontrata\u00e7\u00e3o de Trabalhos em Zonas ATEX: O Que Precisas Garantir?\",\"isPartOf\":{\"@id\":\"https:\/\/twind.io\/pt\/#website\"},\"primaryImageOfPage\":{\"@id\":\"https:\/\/twind.io\/pt\/webinario-subcontratacao-de-trabalhos-em-zonas-atex-o-que-precisas-garantir\/#primaryimage\"},\"image\":{\"@id\":\"https:\/\/twind.io\/pt\/webinario-subcontratacao-de-trabalhos-em-zonas-atex-o-que-precisas-garantir\/#primaryimage\"},\"thumbnailUrl\":\"https:\/\/twind.io\/pt\/wp-content\/uploads\/2025\/03\/logo-twind-by-ctaima.png\",\"datePublished\":\"2025-03-11T12:07:01+00:00\",\"dateModified\":\"2025-11-12T11:21:13+00:00\",\"description\":\"Webin\u00e1rio Subcontrata\u00e7\u00e3o de Trabalhos em Zonas ATEX: O Que Precisas Garantir?\",\"breadcrumb\":{\"@id\":\"https:\/\/twind.io\/pt\/webinario-subcontratacao-de-trabalhos-em-zonas-atex-o-que-precisas-garantir\/#breadcrumb\"},\"inLanguage\":\"pt-PT\",\"potentialAction\":[{\"@type\":\"ReadAction\",\"target\":[\"https:\/\/twind.io\/pt\/webinario-subcontratacao-de-trabalhos-em-zonas-atex-o-que-precisas-garantir\/\"]}]},{\"@type\":\"ImageObject\",\"inLanguage\":\"pt-PT\",\"@id\":\"https:\/\/twind.io\/pt\/webinario-subcontratacao-de-trabalhos-em-zonas-atex-o-que-precisas-garantir\/#primaryimage\",\"url\":\"https:\/\/twind.io\/pt\/wp-content\/uploads\/2025\/03\/logo-twind-by-ctaima.png\",\"contentUrl\":\"https:\/\/twind.io\/pt\/wp-content\/uploads\/2025\/03\/logo-twind-by-ctaima.png\",\"width\":697,\"height\":209,\"caption\":\"Twind\"},{\"@type\":\"BreadcrumbList\",\"@id\":\"https:\/\/twind.io\/pt\/webinario-subcontratacao-de-trabalhos-em-zonas-atex-o-que-precisas-garantir\/#breadcrumb\",\"itemListElement\":[{\"@type\":\"ListItem\",\"position\":1,\"name\":\"Portada\",\"item\":\"https:\/\/twind.io\/pt\/\"},{\"@type\":\"ListItem\",\"position\":2,\"name\":\"Webin\u00e1rio Subcontrata\u00e7\u00e3o de Trabalhos em Zonas ATEX: O Que Precisas Garantir?\"}]},{\"@type\":\"WebSite\",\"@id\":\"https:\/\/twind.io\/pt\/#website\",\"url\":\"https:\/\/twind.io\/pt\/\",\"name\":\"Software Gest\u00e3o Documental de Fornecedores\",\"description\":\"Software Gest\u00e3o Documental de Fornecedores e preven\u00e7\u00e3o da seguran\u00e7a e da sa\u00fade no trabalho\",\"potentialAction\":[{\"@type\":\"SearchAction\",\"target\":{\"@type\":\"EntryPoint\",\"urlTemplate\":\"https:\/\/twind.io\/pt\/?s={search_term_string}\"},\"query-input\":{\"@type\":\"PropertyValueSpecification\",\"valueRequired\":true,\"valueName\":\"search_term_string\"}}],\"inLanguage\":\"pt-PT\"}]}<\/script>\n<!-- \/ Yoast SEO plugin. -->","yoast_head_json":{"title":"Webin\u00e1rio Subcontrata\u00e7\u00e3o de Trabalhos em Zonas ATEX: O Que Precisas Garantir?","description":"Webin\u00e1rio Subcontrata\u00e7\u00e3o de Trabalhos em Zonas ATEX: O Que Precisas Garantir?","robots":{"index":"noindex","follow":"nofollow"},"og_locale":"pt_PT","og_type":"article","og_title":"Webin\u00e1rio Subcontrata\u00e7\u00e3o de Trabalhos em Zonas ATEX: O Que Precisas Garantir?","og_description":"Webin\u00e1rio Subcontrata\u00e7\u00e3o de Trabalhos em Zonas ATEX: O Que Precisas Garantir?","og_url":"https:\/\/twind.io\/pt\/webinario-subcontratacao-de-trabalhos-em-zonas-atex-o-que-precisas-garantir\/","og_site_name":"Software Gest\u00e3o Documental de Fornecedores","article_modified_time":"2025-11-12T11:21:13+00:00","og_image":[{"url":"https:\/\/twind.io\/pt\/wp-content\/uploads\/2025\/03\/logo-twind-by-ctaima.png","type":"","width":"","height":""}],"twitter_card":"summary_large_image","twitter_misc":{"Tempo estimado de leitura":"8 minutos"},"schema":{"@context":"https:\/\/schema.org","@graph":[{"@type":"WebPage","@id":"https:\/\/twind.io\/pt\/webinario-subcontratacao-de-trabalhos-em-zonas-atex-o-que-precisas-garantir\/","url":"https:\/\/twind.io\/pt\/webinario-subcontratacao-de-trabalhos-em-zonas-atex-o-que-precisas-garantir\/","name":"Webin\u00e1rio Subcontrata\u00e7\u00e3o de Trabalhos em Zonas ATEX: O Que Precisas Garantir?","isPartOf":{"@id":"https:\/\/twind.io\/pt\/#website"},"primaryImageOfPage":{"@id":"https:\/\/twind.io\/pt\/webinario-subcontratacao-de-trabalhos-em-zonas-atex-o-que-precisas-garantir\/#primaryimage"},"image":{"@id":"https:\/\/twind.io\/pt\/webinario-subcontratacao-de-trabalhos-em-zonas-atex-o-que-precisas-garantir\/#primaryimage"},"thumbnailUrl":"https:\/\/twind.io\/pt\/wp-content\/uploads\/2025\/03\/logo-twind-by-ctaima.png","datePublished":"2025-03-11T12:07:01+00:00","dateModified":"2025-11-12T11:21:13+00:00","description":"Webin\u00e1rio Subcontrata\u00e7\u00e3o de Trabalhos em Zonas ATEX: O Que Precisas Garantir?","breadcrumb":{"@id":"https:\/\/twind.io\/pt\/webinario-subcontratacao-de-trabalhos-em-zonas-atex-o-que-precisas-garantir\/#breadcrumb"},"inLanguage":"pt-PT","potentialAction":[{"@type":"ReadAction","target":["https:\/\/twind.io\/pt\/webinario-subcontratacao-de-trabalhos-em-zonas-atex-o-que-precisas-garantir\/"]}]},{"@type":"ImageObject","inLanguage":"pt-PT","@id":"https:\/\/twind.io\/pt\/webinario-subcontratacao-de-trabalhos-em-zonas-atex-o-que-precisas-garantir\/#primaryimage","url":"https:\/\/twind.io\/pt\/wp-content\/uploads\/2025\/03\/logo-twind-by-ctaima.png","contentUrl":"https:\/\/twind.io\/pt\/wp-content\/uploads\/2025\/03\/logo-twind-by-ctaima.png","width":697,"height":209,"caption":"Twind"},{"@type":"BreadcrumbList","@id":"https:\/\/twind.io\/pt\/webinario-subcontratacao-de-trabalhos-em-zonas-atex-o-que-precisas-garantir\/#breadcrumb","itemListElement":[{"@type":"ListItem","position":1,"name":"Portada","item":"https:\/\/twind.io\/pt\/"},{"@type":"ListItem","position":2,"name":"Webin\u00e1rio Subcontrata\u00e7\u00e3o de Trabalhos em Zonas ATEX: O Que Precisas Garantir?"}]},{"@type":"WebSite","@id":"https:\/\/twind.io\/pt\/#website","url":"https:\/\/twind.io\/pt\/","name":"Software Gest\u00e3o Documental de Fornecedores","description":"Software Gest\u00e3o Documental de Fornecedores e preven\u00e7\u00e3o da seguran\u00e7a e da sa\u00fade no trabalho","potentialAction":[{"@type":"SearchAction","target":{"@type":"EntryPoint","urlTemplate":"https:\/\/twind.io\/pt\/?s={search_term_string}"},"query-input":{"@type":"PropertyValueSpecification","valueRequired":true,"valueName":"search_term_string"}}],"inLanguage":"pt-PT"}]}},"_links":{"self":[{"href":"https:\/\/twind.io\/pt\/wp-json\/wp\/v2\/pages\/1476","targetHints":{"allow":["GET"]}}],"collection":[{"href":"https:\/\/twind.io\/pt\/wp-json\/wp\/v2\/pages"}],"about":[{"href":"https:\/\/twind.io\/pt\/wp-json\/wp\/v2\/types\/page"}],"author":[{"embeddable":true,"href":"https:\/\/twind.io\/pt\/wp-json\/wp\/v2\/users\/1"}],"replies":[{"embeddable":true,"href":"https:\/\/twind.io\/pt\/wp-json\/wp\/v2\/comments?post=1476"}],"version-history":[{"count":57,"href":"https:\/\/twind.io\/pt\/wp-json\/wp\/v2\/pages\/1476\/revisions"}],"predecessor-version":[{"id":2473,"href":"https:\/\/twind.io\/pt\/wp-json\/wp\/v2\/pages\/1476\/revisions\/2473"}],"wp:attachment":[{"href":"https:\/\/twind.io\/pt\/wp-json\/wp\/v2\/media?parent=1476"}],"curies":[{"name":"wp","href":"https:\/\/api.w.org\/{rel}","templated":true}]}}