{"id":1545,"date":"2025-03-14T10:23:57","date_gmt":"2025-03-14T10:23:57","guid":{"rendered":"https:\/\/twind.io\/pt\/?page_id=1545"},"modified":"2025-10-14T09:30:44","modified_gmt":"2025-10-14T09:30:44","slug":"ctaima-ecoordina-evoluimos-para-twind","status":"publish","type":"page","link":"https:\/\/twind.io\/pt\/ctaima-ecoordina-evoluimos-para-twind\/","title":{"rendered":"Landing Difus\u00e3o Twind"},"content":{"rendered":"<h1 style=\"text-align: center;\"><span>Chegou <span style=\"--tcb-applied-color: var$(--tcb-color-4) !important; color: var(--tcb-color-4) !important;\">Twind<\/span>: A plataforma que facilitar\u00e1 a gest\u00e3o SST dos trabalhos subcontratados<\/span><\/h1>\n<p style=\"text-align: center;\"><span><span><strong>CTAIMACAE e e-coordina evolu\u00edram<\/strong><strong>.<\/strong> Apresentamos-te a primeira plataforma para coordena\u00e7\u00e3o de trabalhos subcontratados de nova gera\u00e7\u00e3o, desenvolvida para te oferecer uma gest\u00e3o documental mais \u00e1gil, intuitiva e sem complica\u00e7\u00f5es.<strong>J\u00e1 dispon\u00edvel em Portugal.<\/strong><\/span><\/span><\/p>\n<h1 style=\"text-align: center;\"><span style=\"--tcb-applied-color: var$(--tcb-color-4) !important; color: var(--tcb-color-4) !important;\">Nova plataforma.&nbsp;<\/span>Mesmo compromisso.<\/h1>\n<p style=\"text-align: center;\"><strong>Twind<\/strong> n\u00e3o \u00e9 apenas uma evolu\u00e7\u00e3o, \u00e9 um novo standard para a coordena\u00e7\u00e3o de trabalhos subcontratados.Diz adeus aos processos lentos e complexos: agora, tudo \u00e9 mais r\u00e1pido, intuitivo e otimizado para ti e para os teus fornecedores.&nbsp;<\/p>\n<p style=\"text-align: center;\"><strong>Mais \u00e1gil<\/strong><\/p>\n<p style=\"text-align: center;\">Velocidade imbat\u00edvel para que nada te pare.<\/p>\n<p style=\"text-align: center;\">Com fluxos mais inteligentes e menos passos desnecess\u00e1rios, reduces o tempo e avan\u00e7as mais rapidamente em cada valida\u00e7\u00e3o.<\/p>\n<p style=\"text-align: center;\"><strong>Mais intuitiva<\/strong><\/p>\n<p style=\"text-align: center;\">Processos desenhados para que tudo flua. Twind simplifica a coordena\u00e7\u00e3o CAE com uma interface clara e passos l\u00f3gicos que eliminam qualquer confus\u00e3o. Encontra o que precisas num instante e gere tudo sem complica\u00e7\u00f5es.<\/p>\n<p style=\"text-align: center;\"><strong>Mais eficiente<\/strong><\/p>\n<p style=\"text-align: center;\">Menos tempo com tarefas administrativas, mais tempo investir em SST. Twind automatiza tarefas repetitivas, minimiza erros e d\u00e1-te acesso instant\u00e2neo \u00e0 informa\u00e7\u00e3o que realmente importa..<\/p>\n<h1 style=\"text-align: center;\">Porque \u00e9 que <span style=\"--tcb-applied-color: var$(--tcb-color-4) !important; color: var(--tcb-color-4) !important;\">Twind<\/span> \u00e9 uma plataforma de nova gera\u00e7\u00e3o?<\/h1>\n<p style=\"text-align: left;\"><strong>Plataforma Moderna e Intuitiva<\/strong><\/p>\n<p style=\"color: rgb(26, 48, 55) !important; --tcb-applied-color: rgb(26, 48, 55) !important; text-align: left;\">Desenhada para otimizar a experi\u00eancia dos profissionais de SST e subcontratados, proporcionando uma navega\u00e7\u00e3o mais intuitiva e eficiente.<\/p>\n<p style=\"text-align: left;\"><strong>Velocidade Imbat\u00edvel<\/strong><\/p>\n<p style=\"color: rgb(26, 48, 55) !important; --tcb-applied-color: rgb(26, 48, 55) !important; text-align: left;\">Fluxos simplificados que reduzem significativamente o tempo de gest\u00e3o para os utilizadores.<\/p>\n<p style=\"text-align: left;\"><strong>Tecnologia avan\u00e7ada e escal\u00e1vel<\/strong><\/p>\n<p style=\"color: rgb(26, 48, 55) !important; --tcb-applied-color: rgb(26, 48, 55) !important; text-align: left;\">Inovamos continuamente a plataforma para nos adaptarmos \u00e0s necessidades dos profissionais de SST e dos fornecedores.<\/p>\n<p><strong>Tecnologias de ponta aplicadas \u00e0 valida\u00e7\u00e3o documental<\/strong><\/p>\n<p style=\"color: rgb(26, 48, 55) !important; --tcb-applied-color: rgb(26, 48, 55) !important;\">Minimiza\u00e7\u00e3o de erros e processamento autom\u00e1tico.<\/p>\n<p style=\"\"><strong>Gest\u00e3o unificada para Subcontratados<\/strong><\/p>\n<p style=\"color: rgb(26, 48, 55) !important; --tcb-applied-color: rgb(26, 48, 55) !important;\">Acesso \u00fanico e processos centralizados para uma opera\u00e7\u00e3o mais r\u00e1pida e intuitiva.<\/p>\n<p><strong>Painel de controlo otimizado<\/strong><\/p>\n<p style=\"color: rgb(26, 48, 55) !important; --tcb-applied-color: rgb(26, 48, 55) !important;\">Vis\u00e3o em tempo real do estado documental.<\/p>\n<p><!--! Font Awesome Free 6.7.1 by @fontawesome - https:\/\/fontawesome.com License - https:\/\/fontawesome.com\/license\/free (Icons: CC BY 4.0, Fonts: SIL OFL 1.1, Code: MIT License) Copyright 2024 Fonticons, Inc. --><\/p>\n<p><strong>Maior controlo de Acessos<\/strong><\/p>\n<p style=\"color: rgb(26, 48, 55) !important; --tcb-applied-color: rgb(26, 48, 55) !important;\">Informa\u00e7\u00e3o detalhada para identificar incid\u00eancias em tempo real.<\/p>\n<p style=\"\"><strong>Acede \u00e0 informa\u00e7\u00e3o mais rapidamente<\/strong><\/p>\n<p style=\"color: rgb(26, 48, 55) !important; --tcb-applied-color: rgb(26, 48, 55) !important;\">Paineis de Bordo inteligentes com os dados mais relevantes.<\/p>\n<p style=\"\"><strong>M\u00e1xima seguran\u00e7a e prote\u00e7\u00e3o de dados<\/strong><\/p>\n<p style=\"color: rgb(26, 48, 55) !important; --tcb-applied-color: rgb(26, 48, 55) !important;\">Cumprimos os mais altos padr\u00f5es para garantir a tua tranquilidade.<\/p>\n<p><strong>Experi\u00eancia &#8220;Mobile First&#8221;<\/strong><\/p>\n<p style=\"color: rgb(26, 48, 55) !important; --tcb-applied-color: rgb(26, 48, 55) !important;\">Acede e gere tudo a partir de qualquer dispositivo.<\/p>\n<p><!--! Font Awesome Free 6.7.1 by @fontawesome - https:\/\/fontawesome.com License - https:\/\/fontawesome.com\/license\/free (Icons: CC BY 4.0, Fonts: SIL OFL 1.1, Code: MIT License) Copyright 2024 Fonticons, Inc. --><\/p>\n<p style=\"\"><strong>Acess\u00edvel em +10 idiomas<\/strong><\/p>\n<p style=\"color: rgb(26, 48, 55) !important; --tcb-applied-color: rgb(26, 48, 55) !important;\">Adaptado a clientes e fornecedores a n\u00edvel global.<\/p>\n<p><strong>Suporte em tempo real<\/strong><\/p>\n<p style=\"color: rgb(26, 48, 55) !important; --tcb-applied-color: rgb(26, 48, 55) !important;\">Chat ao vivo para resolver d\u00favidas imediatamente.<\/p>\n<h1 style=\"\">Completa os teus dados e solicita uma demo de Twind<\/h1>\n<p style=\"\"><span data-contrast=\"auto\" lang=\"ES-ES\"><strong><span style=\"font-size: 18px !important;\">Ainda sem plataforma de gest\u00e3o documental para trabalhos subcontratados?<\/span><\/strong><\/span><\/p>\n<p style=\"\"><span style=\"font-size: 18px !important;\"><span data-contrast=\"auto\" lang=\"ES-ES\"><span style=\"color: rgb(26, 48, 55) !important;\"><span style=\"--tcb-applied-color: rgb(26, 48, 55) !important;\">Vamos mostrar-te porque o Twind \u00e9 o melhor passo para otimizar a gest\u00e3o SST dos trabalhos subcontratados, analisando o que necessitas e propondo como podemos ajudar-te.<\/span><\/span><\/span><\/span><\/p>\n<p style=\"\"><span style=\"font-size: 18px !important;\"><\/span><\/p>\n<p style=\"\"><span style=\"font-size: 18px !important;\"><span data-contrast=\"auto\" lang=\"ES-ES\"><strong><span>J\u00e1 utilizas outra plataforma gest\u00e3o documental para trabalhos subcontratados mas n\u00e3o est\u00e1 a melhorar?<\/span><\/strong><\/span><\/span><\/p>\n<p style=\"\"><span style=\"font-size: 18px !important; --tcb-applied-color: rgb(26, 48, 55) !important; color: rgb(26, 48, 55) !important;\">Descobre como migrar facilmente e de forma segura para Twind, sem interrup\u00e7\u00f5es e com o melhor suporte.<\/span><\/p>\n\n\t\t\t\t\t\t<script>\n\t\t\t\t\t\t\twindow.hsFormsOnReady = window.hsFormsOnReady || [];\n\t\t\t\t\t\t\twindow.hsFormsOnReady.push(()=>{\n\t\t\t\t\t\t\t\thbspt.forms.create({\n\t\t\t\t\t\t\t\t\tportalId: 146424663,\n\t\t\t\t\t\t\t\t\tformId: \"995a1c52-18eb-42ee-a59a-01cd43b59917\",\n\t\t\t\t\t\t\t\t\ttarget: \"#hbspt-form-1776426637000-1519212270\",\n\t\t\t\t\t\t\t\t\tregion: \"eu1\",\n\t\t\t\t\t\t\t\t\t\n\t\t\t\t\t\t\t})});\n\t\t\t\t\t\t<\/script>\n\t\t\t\t\t\t<div class=\"hbspt-form\" id=\"hbspt-form-1776426637000-1519212270\"><\/div>\n","protected":false},"excerpt":{"rendered":"<p>Chegou Twind: A plataforma que facilitar\u00e1 a gest\u00e3o SST dos trabalhos subcontratados CTAIMACAE e e-coordina evolu\u00edram. Apresentamos-te a primeira plataforma para coordena\u00e7\u00e3o de trabalhos subcontratados de nova gera\u00e7\u00e3o, desenvolvida para te oferecer uma gest\u00e3o documental mais \u00e1gil, intuitiva e sem complica\u00e7\u00f5es.J\u00e1 dispon\u00edvel em Portugal. Nova plataforma.&nbsp;Mesmo compromisso. Twind n\u00e3o \u00e9 apenas uma evolu\u00e7\u00e3o, \u00e9 um [&hellip;]<\/p>\n","protected":false},"author":3,"featured_media":0,"parent":0,"menu_order":0,"comment_status":"closed","ping_status":"closed","template":"","meta":{"content-type":"","footnotes":""},"class_list":["post-1545","page","type-page","status-publish","hentry","post-wrapper","thrv_wrapper"],"yoast_head":"<!-- This site is optimized with the Yoast SEO plugin v27.2 - https:\/\/yoast.com\/product\/yoast-seo-wordpress\/ -->\n<title>Landing Difus\u00e3o Twind - Software Gest\u00e3o Documental de Fornecedores<\/title>\n<meta name=\"description\" content=\"Chegou Twind: A plataforma que facilitar\u00e1 a gest\u00e3o SST dos trabalhos subcontratados!\" \/>\n<meta name=\"robots\" content=\"noindex, nofollow\" \/>\n<meta property=\"og:locale\" content=\"pt_PT\" \/>\n<meta property=\"og:type\" content=\"article\" \/>\n<meta property=\"og:title\" content=\"Landing Difus\u00e3o Twind - Software Gest\u00e3o Documental de Fornecedores\" \/>\n<meta property=\"og:description\" content=\"Chegou Twind: A plataforma que facilitar\u00e1 a gest\u00e3o SST dos trabalhos subcontratados!\" \/>\n<meta property=\"og:url\" content=\"https:\/\/twind.io\/pt\/ctaima-ecoordina-evoluimos-para-twind\/\" \/>\n<meta property=\"og:site_name\" content=\"Software Gest\u00e3o Documental de Fornecedores\" \/>\n<meta property=\"article:modified_time\" content=\"2025-10-14T09:30:44+00:00\" \/>\n<meta name=\"twitter:card\" content=\"summary_large_image\" \/>\n<meta name=\"twitter:label1\" content=\"Tempo estimado de leitura\" \/>\n\t<meta name=\"twitter:data1\" content=\"1 minuto\" \/>\n<script type=\"application\/ld+json\" class=\"yoast-schema-graph\">{\"@context\":\"https:\/\/schema.org\",\"@graph\":[{\"@type\":\"WebPage\",\"@id\":\"https:\/\/twind.io\/pt\/ctaima-ecoordina-evoluimos-para-twind\/\",\"url\":\"https:\/\/twind.io\/pt\/ctaima-ecoordina-evoluimos-para-twind\/\",\"name\":\"Landing Difus\u00e3o Twind - Software Gest\u00e3o Documental de Fornecedores\",\"isPartOf\":{\"@id\":\"https:\/\/twind.io\/pt\/#website\"},\"datePublished\":\"2025-03-14T10:23:57+00:00\",\"dateModified\":\"2025-10-14T09:30:44+00:00\",\"description\":\"Chegou Twind: A plataforma que facilitar\u00e1 a gest\u00e3o SST dos trabalhos subcontratados!\",\"breadcrumb\":{\"@id\":\"https:\/\/twind.io\/pt\/ctaima-ecoordina-evoluimos-para-twind\/#breadcrumb\"},\"inLanguage\":\"pt-PT\",\"potentialAction\":[{\"@type\":\"ReadAction\",\"target\":[\"https:\/\/twind.io\/pt\/ctaima-ecoordina-evoluimos-para-twind\/\"]}]},{\"@type\":\"BreadcrumbList\",\"@id\":\"https:\/\/twind.io\/pt\/ctaima-ecoordina-evoluimos-para-twind\/#breadcrumb\",\"itemListElement\":[{\"@type\":\"ListItem\",\"position\":1,\"name\":\"Portada\",\"item\":\"https:\/\/twind.io\/pt\/\"},{\"@type\":\"ListItem\",\"position\":2,\"name\":\"Landing Difus\u00e3o Twind\"}]},{\"@type\":\"WebSite\",\"@id\":\"https:\/\/twind.io\/pt\/#website\",\"url\":\"https:\/\/twind.io\/pt\/\",\"name\":\"Software Gest\u00e3o Documental de Fornecedores\",\"description\":\"Software Gest\u00e3o Documental de Fornecedores e preven\u00e7\u00e3o da seguran\u00e7a e da sa\u00fade no trabalho\",\"potentialAction\":[{\"@type\":\"SearchAction\",\"target\":{\"@type\":\"EntryPoint\",\"urlTemplate\":\"https:\/\/twind.io\/pt\/?s={search_term_string}\"},\"query-input\":{\"@type\":\"PropertyValueSpecification\",\"valueRequired\":true,\"valueName\":\"search_term_string\"}}],\"inLanguage\":\"pt-PT\"}]}<\/script>\n<!-- \/ Yoast SEO plugin. -->","yoast_head_json":{"title":"Landing Difus\u00e3o Twind - Software Gest\u00e3o Documental de Fornecedores","description":"Chegou Twind: A plataforma que facilitar\u00e1 a gest\u00e3o SST dos trabalhos subcontratados!","robots":{"index":"noindex","follow":"nofollow"},"og_locale":"pt_PT","og_type":"article","og_title":"Landing Difus\u00e3o Twind - Software Gest\u00e3o Documental de Fornecedores","og_description":"Chegou Twind: A plataforma que facilitar\u00e1 a gest\u00e3o SST dos trabalhos subcontratados!","og_url":"https:\/\/twind.io\/pt\/ctaima-ecoordina-evoluimos-para-twind\/","og_site_name":"Software Gest\u00e3o Documental de Fornecedores","article_modified_time":"2025-10-14T09:30:44+00:00","twitter_card":"summary_large_image","twitter_misc":{"Tempo estimado de leitura":"1 minuto"},"schema":{"@context":"https:\/\/schema.org","@graph":[{"@type":"WebPage","@id":"https:\/\/twind.io\/pt\/ctaima-ecoordina-evoluimos-para-twind\/","url":"https:\/\/twind.io\/pt\/ctaima-ecoordina-evoluimos-para-twind\/","name":"Landing Difus\u00e3o Twind - Software Gest\u00e3o Documental de Fornecedores","isPartOf":{"@id":"https:\/\/twind.io\/pt\/#website"},"datePublished":"2025-03-14T10:23:57+00:00","dateModified":"2025-10-14T09:30:44+00:00","description":"Chegou Twind: A plataforma que facilitar\u00e1 a gest\u00e3o SST dos trabalhos subcontratados!","breadcrumb":{"@id":"https:\/\/twind.io\/pt\/ctaima-ecoordina-evoluimos-para-twind\/#breadcrumb"},"inLanguage":"pt-PT","potentialAction":[{"@type":"ReadAction","target":["https:\/\/twind.io\/pt\/ctaima-ecoordina-evoluimos-para-twind\/"]}]},{"@type":"BreadcrumbList","@id":"https:\/\/twind.io\/pt\/ctaima-ecoordina-evoluimos-para-twind\/#breadcrumb","itemListElement":[{"@type":"ListItem","position":1,"name":"Portada","item":"https:\/\/twind.io\/pt\/"},{"@type":"ListItem","position":2,"name":"Landing Difus\u00e3o Twind"}]},{"@type":"WebSite","@id":"https:\/\/twind.io\/pt\/#website","url":"https:\/\/twind.io\/pt\/","name":"Software Gest\u00e3o Documental de Fornecedores","description":"Software Gest\u00e3o Documental de Fornecedores e preven\u00e7\u00e3o da seguran\u00e7a e da sa\u00fade no trabalho","potentialAction":[{"@type":"SearchAction","target":{"@type":"EntryPoint","urlTemplate":"https:\/\/twind.io\/pt\/?s={search_term_string}"},"query-input":{"@type":"PropertyValueSpecification","valueRequired":true,"valueName":"search_term_string"}}],"inLanguage":"pt-PT"}]}},"_links":{"self":[{"href":"https:\/\/twind.io\/pt\/wp-json\/wp\/v2\/pages\/1545","targetHints":{"allow":["GET"]}}],"collection":[{"href":"https:\/\/twind.io\/pt\/wp-json\/wp\/v2\/pages"}],"about":[{"href":"https:\/\/twind.io\/pt\/wp-json\/wp\/v2\/types\/page"}],"author":[{"embeddable":true,"href":"https:\/\/twind.io\/pt\/wp-json\/wp\/v2\/users\/3"}],"replies":[{"embeddable":true,"href":"https:\/\/twind.io\/pt\/wp-json\/wp\/v2\/comments?post=1545"}],"version-history":[{"count":33,"href":"https:\/\/twind.io\/pt\/wp-json\/wp\/v2\/pages\/1545\/revisions"}],"predecessor-version":[{"id":2398,"href":"https:\/\/twind.io\/pt\/wp-json\/wp\/v2\/pages\/1545\/revisions\/2398"}],"wp:attachment":[{"href":"https:\/\/twind.io\/pt\/wp-json\/wp\/v2\/media?parent=1545"}],"curies":[{"name":"wp","href":"https:\/\/api.w.org\/{rel}","templated":true}]}}