{"id":1635,"date":"2025-03-21T08:58:57","date_gmt":"2025-03-21T08:58:57","guid":{"rendered":"https:\/\/twind.io\/pt\/?page_id=1635"},"modified":"2025-04-23T08:30:17","modified_gmt":"2025-04-23T08:30:17","slug":"webinario-a-evolucao-na-gestao-sst-dos-trabalhos-subcontratados","status":"publish","type":"page","link":"https:\/\/twind.io\/pt\/webinario-a-evolucao-na-gestao-sst-dos-trabalhos-subcontratados\/","title":{"rendered":"Webin\u00e1rio A evolu\u00e7\u00e3o na gest\u00e3o SST dos trabalhos subcontratados"},"content":{"rendered":"<p><span style=\"\"><img decoding=\"async\" alt=\"Logo twind by ctaima\" data-id=\"1293\" width=\"177\" data-init-width=\"697\" height=\"53\" data-init-height=\"209\" title=\"Logo twind by ctaima\" src=\"https:\/\/twind.io\/pt\/wp-content\/uploads\/2025\/03\/logo-twind-by-ctaima.png\" data-width=\"177\" data-height=\"53\" style=\"aspect-ratio: auto 697 \/ 209;\" mt-d=\"-0.5313000000000017\" ml-d=\"0\" center-v-d=\"false\" loading=\"lazy\"><\/span><\/p>\n<p style=\"text-align: center;\">Webin\u00e1rio exclusivo<\/p>\n<h2 style=\"text-align: center;\"><strong><span dir=\"ltr\"><strong>Twind: A evolu\u00e7\u00e3o na gest\u00e3o SST<\/strong><\/span><\/strong><strong><span dir=\"ltr\"><strong>dos trabalhos subcontratados<\/strong><\/span><\/strong><\/h2>\n<p><span data-contrast=\"auto\" lang=\"ES-ES\"><strong><strong>Quando os melhores se unem, nasce algo extraordin\u00e1rio<\/strong><\/strong><\/span><\/p>\n<p>Dois l\u00edderes na gest\u00e3o documental de trabalhos subcontratados &nbsp;juntaram-se para criar algo inovador. A CTAIMA e a e-coordina apresentam Twind, a primeira plataforma que torna a gest\u00e3o documental t\u00e3o intuitiva, r\u00e1pida e simples que vais esquecer que est\u00e1s a gerir documenta\u00e7\u00e3o.<\/p>\n<p>O Twind n\u00e3o \u00e9 apenas uma evolu\u00e7\u00e3o \u2013 \u00e9 a <strong>revolu\u00e7\u00e3o<\/strong> que mudar\u00e1 a forma como as empresas gerem subcontratados. Mais \u00e1gil, mais simples e com tecnologia de \u00faltima gera\u00e7\u00e3o que continua a evoluir.<\/p>\n<p>Se a gest\u00e3o documental dos terus fornecedores sempre te pareceu lenta e complicada, chegou o momento de descobrir uma plataforma que vais gostar de utilizar.<\/p>\n<p><span data-contrast=\"auto\" lang=\"ES-ES\"><\/span><\/p>\n<p><span data-contrast=\"auto\" lang=\"ES-ES\"><strong><span style=\"--tcb-applied-color: var$(--tcb-color-4) !important; color: var(--tcb-color-4) !important;\"><span style=\"font-size: 19px !important;\"><img decoding=\"async\" role=\"img\" alt=\"\ud83d\ude80\" src=\"https:\/\/s.w.org\/images\/core\/emoji\/15.0.3\/svg\/1f680.svg\"> Porqu\u00ea assistir a este webinar?<\/span><\/span><\/strong><\/span><\/p>\n<p><img decoding=\"async\" role=\"img\" alt=\"\u2714\" src=\"https:\/\/s.w.org\/images\/core\/emoji\/15.0.3\/svg\/2714.svg\">&nbsp;Descobre porque \u00e9 que Twind \u00e9 a plataforma de gest\u00e3o documental mais intuitiva<\/p>\n<p><img decoding=\"async\" role=\"img\" alt=\"\u2714\" src=\"https:\/\/s.w.org\/images\/core\/emoji\/15.0.3\/svg\/2714.svg\">&nbsp;Diz adeus a processos lentos e confusos: menos cliques, mais resultados<\/p>\n<p><img decoding=\"async\" role=\"img\" alt=\"\u2714\" src=\"https:\/\/s.w.org\/images\/core\/emoji\/15.0.3\/svg\/2714.svg\">&nbsp;Tecnologia de ponta: uma plataforma que evolui contigo<\/p>\n<p><img decoding=\"async\" role=\"img\" alt=\"\u2714\" src=\"https:\/\/s.w.org\/images\/core\/emoji\/15.0.3\/svg\/2714.svg\">&nbsp;Demonstra\u00e7\u00e3o ao vivo: v\u00ea Twind em a\u00e7\u00e3o e conhece todas as novidades<\/p>\n<p><img decoding=\"async\" role=\"img\" alt=\"\u2714\" src=\"https:\/\/s.w.org\/images\/core\/emoji\/15.0.3\/svg\/2714.svg\">&nbsp;Esclarece as tuas d\u00favidas em direto com os nossos especialistas.<\/p>\n<h3 style=\"text-align: center;\">Preencha o formul\u00e1rio<\/h3>\n<p style=\"text-align: center;\">Enviaremos o acesso por e-mail<\/p>\n<p style=\"\"><span style=\"font-size: 12px;\">INFORMACI\u00d3N PROTECCI\u00d3N DE DATOS DE GRUPO CTAIMA Finalidades: Responder a sus solicitudes y remitirle informaci\u00f3n comercial de nuestros productos y servicios, incluso por medios electr\u00f3nicos. Derechos: Puede retirar su consentimiento en cualquier momento, as\u00ed como acceder, rectificar, suprimir sus datos y dem\u00e1s derechos en delegado-datos@ctaima.com. Informaci\u00f3n Adicional: Puede ampliar la informaci\u00f3n en el enlace de Pol\u00edtica de Privacidad<\/span>.<\/p>\n<h3 style=\"text-align: center;\"><\/h3>\n<p style=\"text-align: center;\"><span data-ccp-props=\"{&quot;201341983&quot;:0,&quot;335559739&quot;:160,&quot;335559740&quot;:259}\" style=\"\"><strong><strong><img decoding=\"async\" role=\"img\" alt=\"\ud83c\udfa4\" src=\"https:\/\/s.w.org\/images\/core\/emoji\/15.0.3\/svg\/1f3a4.svg\"> Os nossos oradores<\/strong><\/strong><\/span><\/p>\n<p><span style=\"\"><img decoding=\"async\" alt=\"sofia\" data-id=\"1498\" width=\"166\" data-init-width=\"401\" height=\"181\" data-init-height=\"437\" title=\"sofia\" src=\"https:\/\/twind.io\/pt\/wp-content\/uploads\/2025\/03\/image-10-1.png\" data-width=\"166\" data-height=\"181\" style=\"aspect-ratio: auto 401 \/ 437;\" mt-d=\"0\" ml-d=\"0\" center-v-d=\"false\" mt-t=\"-7.391000000000005\" ml-t=\"0\" center-h-d=\"false\" loading=\"lazy\" mt-m=\"-1.1089999999999947\" ml-m=\"0\"><\/span><\/p>\n<p style=\"text-align: left;\"><span data-ccp-props=\"{&quot;201341983&quot;:0,&quot;335559739&quot;:160,&quot;335559740&quot;:259}\"><strong><span style=\"--tcb-applied-color: var$(--tcb-skin-color-0) !important; color: var(--tcb-skin-color-0) !important;\">Sofia Silva<\/span><\/strong><\/span><\/p>\n<p style=\"text-align: left;\"><span data-ccp-props=\"{&quot;201341983&quot;:0,&quot;335559739&quot;:160,&quot;335559740&quot;:259}\" style=\"font-size: 14px !important;\">Consultora EHS<\/span><\/p>\n<p style=\"text-align: left;\"><span data-ccp-props=\"{&quot;201341983&quot;:0,&quot;335559739&quot;:160,&quot;335559740&quot;:259}\" style=\"font-size: 14px !important;\">CTAIMA Portugal<\/span><\/p>\n<p><span style=\"\"><img decoding=\"async\" alt=\"\" data-id=\"1643\" width=\"179\" data-init-width=\"487\" height=\"162\" data-init-height=\"441\" title=\"\" src=\"https:\/\/twind.io\/pt\/wp-content\/uploads\/2025\/03\/image-1.png\" data-width=\"179\" data-height=\"162\" style=\"aspect-ratio: auto 487 \/ 441;\" mt-d=\"0\" ml-d=\"-7\" center-v-d=\"false\" mt-t=\"-7.391000000000005\" ml-t=\"0\" center-h-d=\"false\" loading=\"lazy\" mt-m=\"0\" ml-m=\"0\"><\/span><\/p>\n<p style=\"text-align: left;\"><span data-ccp-props=\"{&quot;201341983&quot;:0,&quot;335559739&quot;:160,&quot;335559740&quot;:259}\"><strong><span style=\"--tcb-applied-color: var$(--tcb-skin-color-0) !important; color: var(--tcb-skin-color-0) !important;\">Sandra Cunha Dias<\/span><\/strong><\/span><\/p>\n<p style=\"text-align: left;\"><span data-ccp-props=\"{&quot;201341983&quot;:0,&quot;335559739&quot;:160,&quot;335559740&quot;:259}\" style=\"font-size: 14px !important;\">Account Executive<\/span><\/p>\n<p style=\"text-align: left;\"><span data-ccp-props=\"{&quot;201341983&quot;:0,&quot;335559739&quot;:160,&quot;335559740&quot;:259}\" style=\"font-size: 14px !important;\">CTAIMA\/e-coordina Portugal<\/span><\/p>\n<p style=\"text-align: center;\"><span data-ccp-props=\"{&quot;201341983&quot;:0,&quot;335559739&quot;:160,&quot;335559740&quot;:259}\" style=\"\"><strong><strong>Reserva o teu lugar<\/strong><\/strong><\/span><\/p>\n<p style=\"text-align: center;\">Junta-te ao nosso Webinar e faz parte da mudan\u00e7a. Inscreve-te agora e prepara-te para descobrir o futuro da gest\u00e3o documental.<\/p>\n","protected":false},"excerpt":{"rendered":"<p>Webin\u00e1rio exclusivo Twind: A evolu\u00e7\u00e3o na gest\u00e3o SSTdos trabalhos subcontratados Quando os melhores se unem, nasce algo extraordin\u00e1rio Dois l\u00edderes na gest\u00e3o documental de trabalhos subcontratados &nbsp;juntaram-se para criar algo inovador. A CTAIMA e a e-coordina apresentam Twind, a primeira plataforma que torna a gest\u00e3o documental t\u00e3o intuitiva, r\u00e1pida e simples que vais esquecer que [&hellip;]<\/p>\n","protected":false},"author":1,"featured_media":0,"parent":0,"menu_order":0,"comment_status":"closed","ping_status":"closed","template":"","meta":{"content-type":"","footnotes":""},"class_list":["post-1635","page","type-page","status-publish","hentry","post-wrapper","thrv_wrapper"],"yoast_head":"<!-- This site is optimized with the Yoast SEO plugin v27.2 - https:\/\/yoast.com\/product\/yoast-seo-wordpress\/ -->\n<title>Webin\u00e1rio A evolu\u00e7\u00e3o na gest\u00e3o SST dos trabalhos subcontratados<\/title>\n<meta name=\"description\" content=\"Webin\u00e1rio A evolu\u00e7\u00e3o na gest\u00e3o SST dos trabalhos subcontratados\" \/>\n<meta name=\"robots\" content=\"noindex, nofollow\" \/>\n<meta property=\"og:locale\" content=\"pt_PT\" \/>\n<meta property=\"og:type\" content=\"article\" \/>\n<meta property=\"og:title\" content=\"Webin\u00e1rio A evolu\u00e7\u00e3o na gest\u00e3o SST dos trabalhos subcontratados\" \/>\n<meta property=\"og:description\" content=\"Webin\u00e1rio A evolu\u00e7\u00e3o na gest\u00e3o SST dos trabalhos subcontratados\" \/>\n<meta property=\"og:url\" content=\"https:\/\/twind.io\/pt\/webinario-a-evolucao-na-gestao-sst-dos-trabalhos-subcontratados\/\" \/>\n<meta property=\"og:site_name\" content=\"Software Gest\u00e3o Documental de Fornecedores\" \/>\n<meta property=\"article:modified_time\" content=\"2025-04-23T08:30:17+00:00\" \/>\n<meta property=\"og:image\" content=\"https:\/\/twind.io\/pt\/wp-content\/uploads\/2025\/03\/logo-twind-by-ctaima.png\" \/>\n<meta name=\"twitter:card\" content=\"summary_large_image\" \/>\n<meta name=\"twitter:label1\" content=\"Tempo estimado de leitura\" \/>\n\t<meta name=\"twitter:data1\" content=\"4 minutos\" \/>\n<script type=\"application\/ld+json\" class=\"yoast-schema-graph\">{\"@context\":\"https:\/\/schema.org\",\"@graph\":[{\"@type\":\"WebPage\",\"@id\":\"https:\/\/twind.io\/pt\/webinario-a-evolucao-na-gestao-sst-dos-trabalhos-subcontratados\/\",\"url\":\"https:\/\/twind.io\/pt\/webinario-a-evolucao-na-gestao-sst-dos-trabalhos-subcontratados\/\",\"name\":\"Webin\u00e1rio A evolu\u00e7\u00e3o na gest\u00e3o SST dos trabalhos subcontratados\",\"isPartOf\":{\"@id\":\"https:\/\/twind.io\/pt\/#website\"},\"primaryImageOfPage\":{\"@id\":\"https:\/\/twind.io\/pt\/webinario-a-evolucao-na-gestao-sst-dos-trabalhos-subcontratados\/#primaryimage\"},\"image\":{\"@id\":\"https:\/\/twind.io\/pt\/webinario-a-evolucao-na-gestao-sst-dos-trabalhos-subcontratados\/#primaryimage\"},\"thumbnailUrl\":\"https:\/\/twind.io\/pt\/wp-content\/uploads\/2025\/03\/logo-twind-by-ctaima.png\",\"datePublished\":\"2025-03-21T08:58:57+00:00\",\"dateModified\":\"2025-04-23T08:30:17+00:00\",\"description\":\"Webin\u00e1rio A evolu\u00e7\u00e3o na gest\u00e3o SST dos trabalhos subcontratados\",\"breadcrumb\":{\"@id\":\"https:\/\/twind.io\/pt\/webinario-a-evolucao-na-gestao-sst-dos-trabalhos-subcontratados\/#breadcrumb\"},\"inLanguage\":\"pt-PT\",\"potentialAction\":[{\"@type\":\"ReadAction\",\"target\":[\"https:\/\/twind.io\/pt\/webinario-a-evolucao-na-gestao-sst-dos-trabalhos-subcontratados\/\"]}]},{\"@type\":\"ImageObject\",\"inLanguage\":\"pt-PT\",\"@id\":\"https:\/\/twind.io\/pt\/webinario-a-evolucao-na-gestao-sst-dos-trabalhos-subcontratados\/#primaryimage\",\"url\":\"https:\/\/twind.io\/pt\/wp-content\/uploads\/2025\/03\/logo-twind-by-ctaima.png\",\"contentUrl\":\"https:\/\/twind.io\/pt\/wp-content\/uploads\/2025\/03\/logo-twind-by-ctaima.png\",\"width\":697,\"height\":209,\"caption\":\"Twind\"},{\"@type\":\"BreadcrumbList\",\"@id\":\"https:\/\/twind.io\/pt\/webinario-a-evolucao-na-gestao-sst-dos-trabalhos-subcontratados\/#breadcrumb\",\"itemListElement\":[{\"@type\":\"ListItem\",\"position\":1,\"name\":\"Portada\",\"item\":\"https:\/\/twind.io\/pt\/\"},{\"@type\":\"ListItem\",\"position\":2,\"name\":\"Webin\u00e1rio A evolu\u00e7\u00e3o na gest\u00e3o SST dos trabalhos subcontratados\"}]},{\"@type\":\"WebSite\",\"@id\":\"https:\/\/twind.io\/pt\/#website\",\"url\":\"https:\/\/twind.io\/pt\/\",\"name\":\"Software Gest\u00e3o Documental de Fornecedores\",\"description\":\"Software Gest\u00e3o Documental de Fornecedores e preven\u00e7\u00e3o da seguran\u00e7a e da sa\u00fade no trabalho\",\"potentialAction\":[{\"@type\":\"SearchAction\",\"target\":{\"@type\":\"EntryPoint\",\"urlTemplate\":\"https:\/\/twind.io\/pt\/?s={search_term_string}\"},\"query-input\":{\"@type\":\"PropertyValueSpecification\",\"valueRequired\":true,\"valueName\":\"search_term_string\"}}],\"inLanguage\":\"pt-PT\"}]}<\/script>\n<!-- \/ Yoast SEO plugin. -->","yoast_head_json":{"title":"Webin\u00e1rio A evolu\u00e7\u00e3o na gest\u00e3o SST dos trabalhos subcontratados","description":"Webin\u00e1rio A evolu\u00e7\u00e3o na gest\u00e3o SST dos trabalhos subcontratados","robots":{"index":"noindex","follow":"nofollow"},"og_locale":"pt_PT","og_type":"article","og_title":"Webin\u00e1rio A evolu\u00e7\u00e3o na gest\u00e3o SST dos trabalhos subcontratados","og_description":"Webin\u00e1rio A evolu\u00e7\u00e3o na gest\u00e3o SST dos trabalhos subcontratados","og_url":"https:\/\/twind.io\/pt\/webinario-a-evolucao-na-gestao-sst-dos-trabalhos-subcontratados\/","og_site_name":"Software Gest\u00e3o Documental de Fornecedores","article_modified_time":"2025-04-23T08:30:17+00:00","og_image":[{"url":"https:\/\/twind.io\/pt\/wp-content\/uploads\/2025\/03\/logo-twind-by-ctaima.png","type":"","width":"","height":""}],"twitter_card":"summary_large_image","twitter_misc":{"Tempo estimado de leitura":"4 minutos"},"schema":{"@context":"https:\/\/schema.org","@graph":[{"@type":"WebPage","@id":"https:\/\/twind.io\/pt\/webinario-a-evolucao-na-gestao-sst-dos-trabalhos-subcontratados\/","url":"https:\/\/twind.io\/pt\/webinario-a-evolucao-na-gestao-sst-dos-trabalhos-subcontratados\/","name":"Webin\u00e1rio A evolu\u00e7\u00e3o na gest\u00e3o SST dos trabalhos subcontratados","isPartOf":{"@id":"https:\/\/twind.io\/pt\/#website"},"primaryImageOfPage":{"@id":"https:\/\/twind.io\/pt\/webinario-a-evolucao-na-gestao-sst-dos-trabalhos-subcontratados\/#primaryimage"},"image":{"@id":"https:\/\/twind.io\/pt\/webinario-a-evolucao-na-gestao-sst-dos-trabalhos-subcontratados\/#primaryimage"},"thumbnailUrl":"https:\/\/twind.io\/pt\/wp-content\/uploads\/2025\/03\/logo-twind-by-ctaima.png","datePublished":"2025-03-21T08:58:57+00:00","dateModified":"2025-04-23T08:30:17+00:00","description":"Webin\u00e1rio A evolu\u00e7\u00e3o na gest\u00e3o SST dos trabalhos subcontratados","breadcrumb":{"@id":"https:\/\/twind.io\/pt\/webinario-a-evolucao-na-gestao-sst-dos-trabalhos-subcontratados\/#breadcrumb"},"inLanguage":"pt-PT","potentialAction":[{"@type":"ReadAction","target":["https:\/\/twind.io\/pt\/webinario-a-evolucao-na-gestao-sst-dos-trabalhos-subcontratados\/"]}]},{"@type":"ImageObject","inLanguage":"pt-PT","@id":"https:\/\/twind.io\/pt\/webinario-a-evolucao-na-gestao-sst-dos-trabalhos-subcontratados\/#primaryimage","url":"https:\/\/twind.io\/pt\/wp-content\/uploads\/2025\/03\/logo-twind-by-ctaima.png","contentUrl":"https:\/\/twind.io\/pt\/wp-content\/uploads\/2025\/03\/logo-twind-by-ctaima.png","width":697,"height":209,"caption":"Twind"},{"@type":"BreadcrumbList","@id":"https:\/\/twind.io\/pt\/webinario-a-evolucao-na-gestao-sst-dos-trabalhos-subcontratados\/#breadcrumb","itemListElement":[{"@type":"ListItem","position":1,"name":"Portada","item":"https:\/\/twind.io\/pt\/"},{"@type":"ListItem","position":2,"name":"Webin\u00e1rio A evolu\u00e7\u00e3o na gest\u00e3o SST dos trabalhos subcontratados"}]},{"@type":"WebSite","@id":"https:\/\/twind.io\/pt\/#website","url":"https:\/\/twind.io\/pt\/","name":"Software Gest\u00e3o Documental de Fornecedores","description":"Software Gest\u00e3o Documental de Fornecedores e preven\u00e7\u00e3o da seguran\u00e7a e da sa\u00fade no trabalho","potentialAction":[{"@type":"SearchAction","target":{"@type":"EntryPoint","urlTemplate":"https:\/\/twind.io\/pt\/?s={search_term_string}"},"query-input":{"@type":"PropertyValueSpecification","valueRequired":true,"valueName":"search_term_string"}}],"inLanguage":"pt-PT"}]}},"_links":{"self":[{"href":"https:\/\/twind.io\/pt\/wp-json\/wp\/v2\/pages\/1635","targetHints":{"allow":["GET"]}}],"collection":[{"href":"https:\/\/twind.io\/pt\/wp-json\/wp\/v2\/pages"}],"about":[{"href":"https:\/\/twind.io\/pt\/wp-json\/wp\/v2\/types\/page"}],"author":[{"embeddable":true,"href":"https:\/\/twind.io\/pt\/wp-json\/wp\/v2\/users\/1"}],"replies":[{"embeddable":true,"href":"https:\/\/twind.io\/pt\/wp-json\/wp\/v2\/comments?post=1635"}],"version-history":[{"count":18,"href":"https:\/\/twind.io\/pt\/wp-json\/wp\/v2\/pages\/1635\/revisions"}],"predecessor-version":[{"id":1827,"href":"https:\/\/twind.io\/pt\/wp-json\/wp\/v2\/pages\/1635\/revisions\/1827"}],"wp:attachment":[{"href":"https:\/\/twind.io\/pt\/wp-json\/wp\/v2\/media?parent=1635"}],"curies":[{"name":"wp","href":"https:\/\/api.w.org\/{rel}","templated":true}]}}