{"id":1700,"date":"2025-04-08T08:59:02","date_gmt":"2025-04-08T08:59:02","guid":{"rendered":"https:\/\/twind.io\/pt\/?page_id=1700"},"modified":"2026-03-31T09:32:18","modified_gmt":"2026-03-31T09:32:18","slug":"ebooks-guias-webinars","status":"publish","type":"page","link":"https:\/\/twind.io\/pt\/ebooks-guias-webinars\/","title":{"rendered":"ebooks guias webinars"},"content":{"rendered":"<h1 style=\"text-align: center;\"><strong><span>Descubra todos os&nbsp;<\/span><span><span style=\"--tcb-applied-color: var$(--tcb-color-4) !important; color: var(--tcb-color-4) !important;\">Webinars<\/span><\/span><span>&nbsp;e&nbsp;<\/span><span><span style=\"--tcb-applied-color: var$(--tcb-color-4) !important; color: var(--tcb-color-4) !important;\">Ebooks<\/span><\/span><span><\/span><\/strong><br \/><strong><span>que preparamos para voc\u00ea<\/span><\/strong><\/h1>\n<h6 style=\"text-align: center;\"><span style=\"font-weight: normal;\"><span data-contrast=\"none\" lang=\"ES-ES\"><span data-ccp-parastyle=\"heading 2\">Os melhores recursos de <\/span><\/span><\/span><span data-contrast=\"none\" lang=\"ES-ES\"><span data-ccp-parastyle=\"heading 2\">Gest\u00e3o de SST de Actividades de Empresas Externas e<\/span><\/span><br \/><span data-contrast=\"none\" lang=\"ES-ES\"><span data-ccp-parastyle=\"heading 2\">Cumprimento Legal<\/span><\/span><span style=\"font-weight: normal;\"><span data-contrast=\"none\" lang=\"ES-ES\"><span data-ccp-parastyle=\"heading 2\">, para mant\u00ea-lo atualizado.<\/span><\/span><\/span><\/h6>\n<p style=\"text-align: center;\"><strong>Webinar<\/strong><\/p>\n<p><span><a href=\"https:\/\/twind.io\/pt\/webinar-acidentes-de-trabalho-portugal-responsabilidades\/\" target=\"_blank\" rel=\"nofollow\"><img decoding=\"async\" alt=\"Antes, durante e depois de um Acidente de Trabalho: Responsabilidades legais em cada fase\" data-id=\"2885\" width=\"386\" data-init-width=\"700\" height=\"269\" data-init-height=\"488\" title=\"Antes, durante e depois de um Acidente de Trabalho: Responsabilidades legais em cada fase\" src=\"https:\/\/twind.io\/pt\/wp-content\/uploads\/2026\/03\/IMG_Grid.png\" data-width=\"386\" data-height=\"269\" data-link-wrap=\"true\" style=\"aspect-ratio: auto 700 \/ 488;\" loading=\"lazy\"><\/a><\/span><\/p>\n<p style=\"text-align: center;\"><strong>Antes, durante e depois de um Acidente de Trabalho: Responsabilidades legais em cada fase<\/strong><\/p>\n<p style=\"text-align: center;\"><span style=\"\">22 de abril 2026&nbsp; |&nbsp;&nbsp;<\/span><span style=\"\">15:00h PT<\/span><\/p>\n<p style=\"text-align: center;\"><strong>Ebook<\/strong><\/p>\n<p><span style=\"\"><a href=\"https:\/\/twind.io\/pt\/checklist-downloadavel-auditoria-iso-45001\/\" target=\"_blank\" rel=\"nofollow\"><img decoding=\"async\" alt=\"\" data-id=\"2716\" width=\"321\" data-init-width=\"865\" height=\"397\" data-init-height=\"1070\" title=\"Checklist Auditoria ISO45001\" src=\"https:\/\/twind.io\/pt\/wp-content\/uploads\/2026\/02\/TW_PT_ChecklistISO45001_Mockup2.png\" data-width=\"321\" data-height=\"397\" data-link-wrap=\"true\" style=\"aspect-ratio: auto 865 \/ 1070;\" mt-d=\"-1\" ml-d=\"0\" loading=\"lazy\"><\/a><\/span><\/p>\n<p style=\"text-align: center;\"><strong>Webinar<\/strong><\/p>\n<p><span><a href=\"https:\/\/twind.io\/pt\/webinar-tendencias-que-transformarao-a-sst-em-2026\/\" target=\"_blank\" rel=\"nofollow\"><img decoding=\"async\" alt=\"\" data-id=\"1704\" width=\"386\" data-init-width=\"1080\" height=\"302\" data-init-height=\"846\" title=\"sofia silva twind\" src=\"https:\/\/twind.io\/pt\/wp-content\/uploads\/2025\/04\/sofia-silva-twind.png\" data-width=\"386\" data-height=\"302\" data-link-wrap=\"true\" style=\"aspect-ratio: auto 1080 \/ 846;\" loading=\"lazy\"><\/a><\/span><\/p>\n<p style=\"text-align: center;\"><strong>Novas exig\u00eancias e tend\u00eancias<\/strong><br \/><strong>para a SST em 2026<br \/><\/strong><\/p>\n<p style=\"text-align: center;\"><strong>Ebook<\/strong><\/p>\n<p><span><a href=\"https:\/\/twind.io\/pt\/e-book-manual-coordinacao\/\" target=\"_blank\"><img decoding=\"async\" alt=\"\" data-id=\"2146\" width=\"355\" data-init-width=\"1298\" height=\"373\" data-init-height=\"1363\" title=\"Capacitaciones\" src=\"https:\/\/twind.io\/pt\/wp-content\/uploads\/2025\/07\/Capacitaciones.png\" data-width=\"355\" data-height=\"373\" data-link-wrap=\"true\" style=\"aspect-ratio: auto 1298 \/ 1363;\" loading=\"lazy\"><\/a><\/span><\/p>\n<p style=\"text-align: center;\"><strong>Ebook<\/strong><\/p>\n<p><span style=\"\"><a href=\"https:\/\/twind.io\/pt\/template-seguimento-documentacao-sst-empresas-subcontratadas\/\" target=\"_blank\"><img decoding=\"async\" alt=\"\" data-id=\"1913\" width=\"290\" data-init-width=\"731\" height=\"399\" data-init-height=\"1005\" title=\"Seguimento Documenta\u00e7\u00e3o SST Empresas Subcontratadas\" src=\"https:\/\/twind.io\/pt\/wp-content\/uploads\/2025\/05\/Mockup-Vertical-1.png\" data-width=\"290\" data-height=\"399\" data-link-wrap=\"true\" style=\"aspect-ratio: auto 731 \/ 1005;\" mt-d=\"-10.530999999999949\" ml-d=\"0\" center-v-d=\"false\" loading=\"lazy\"><\/a><\/span><\/p>\n<p style=\"text-align: center;\"><strong>Webinar<\/strong><\/p>\n<p><span><a href=\"https:\/\/twind.io\/pt\/webinar-gestao-de-subcontratados-ineficiente-risco-para-a-seguranca-e-para-o-negocio\/\" target=\"_blank\" rel=\"nofollow\"><img decoding=\"async\" alt=\"\" data-id=\"1708\" width=\"386\" data-init-width=\"1080\" height=\"302\" data-init-height=\"846\" title=\"Sandra cunha dias sofia silva\" src=\"https:\/\/twind.io\/pt\/wp-content\/uploads\/2025\/04\/Sandra-cunha-dias-sofia-silva.png\" data-width=\"386\" data-height=\"302\" data-link-wrap=\"true\" style=\"aspect-ratio: auto 1080 \/ 846;\" loading=\"lazy\"><\/a><\/span><\/p>\n<p style=\"text-align: center;\"><strong>Gest\u00e3o de Subcontratados Ineficiente:<br \/>risco para a seguran\u00e7a e para o neg\u00f3cio<br \/><\/strong><\/p>\n<p style=\"text-align: center;\"><strong>Webinar<\/strong><\/p>\n<p><span><a href=\"https:\/\/twind.io\/pt\/webinario-radao-nos-locais-de-trabalho\/\" target=\"_blank\"><img decoding=\"async\" alt=\"\" data-id=\"2108\" width=\"306\" data-init-width=\"1080\" height=\"240\" data-init-height=\"846\" title=\"Rad\u00e3o nos Locais de Trabalho: Obriga\u00e7\u00f5es Legais e Medidas de Preven\u00e7\u00e3o\" src=\"https:\/\/twind.io\/pt\/wp-content\/uploads\/2025\/06\/Miguel-Mota.png\" data-width=\"306\" data-height=\"240\" data-link-wrap=\"true\" style=\"aspect-ratio: auto 1080 \/ 846;\" loading=\"lazy\"><\/a><\/span><\/p>\n<p style=\"text-align: center;\"><strong>Rad\u00e3o nos Locais de Trabalho:<br \/>Obriga\u00e7\u00f5es Legais e Medidas de Preven\u00e7\u00e3o<br \/><\/strong><\/p>\n<p style=\"text-align: center;\"><strong>Webinar<\/strong><\/p>\n<p><span><a href=\"https:\/\/twind.io\/pt\/as-obrigacoes-legais-que-nao-pode-ignorar\/\" target=\"_blank\"><img decoding=\"async\" alt=\"\" data-id=\"1708\" width=\"306\" data-init-width=\"1080\" height=\"240\" data-init-height=\"846\" title=\"Sandra cunha dias sofia silva\" src=\"https:\/\/twind.io\/pt\/wp-content\/uploads\/2025\/04\/Sandra-cunha-dias-sofia-silva.png\" data-width=\"306\" data-height=\"240\" data-link-wrap=\"true\" style=\"aspect-ratio: auto 1080 \/ 846;\" loading=\"lazy\"><\/a><\/span><\/p>\n<p style=\"text-align: center;\"><strong>Contratar em Portugal: Obriga\u00e7\u00f5es Legais que n\u00e3o pode ignorar<br \/><\/strong><\/p>\n<p style=\"text-align: center;\"><strong>Webinar<\/strong><\/p>\n<p><span><a href=\"https:\/\/twind.io\/pt\/webinario-iso-45001-na-cadeia-de-fornecimento\/\" target=\"_blank\"><img decoding=\"async\" alt=\"\" data-id=\"1704\" width=\"306\" data-init-width=\"1080\" height=\"240\" data-init-height=\"846\" title=\"sofia silva twind\" src=\"https:\/\/twind.io\/pt\/wp-content\/uploads\/2025\/04\/sofia-silva-twind.png\" data-width=\"306\" data-height=\"240\" data-link-wrap=\"true\" style=\"aspect-ratio: auto 1080 \/ 846;\" loading=\"lazy\"><\/a><\/span><\/p>\n<p style=\"text-align: center;\"><strong>ISO 45001 na Cadeia de Fornecimento: Riscos, requisitos e boas pr\u00e1ticas<br \/><\/strong><\/p>\n<p style=\"text-align: center;\"><strong>Webinar<\/strong><\/p>\n<p><span><a href=\"https:\/\/twind.io\/pt\/webinario-rgpd-aplicado-a-gestao-de-fornecedores\/\" target=\"_blank\"><img decoding=\"async\" alt=\"\" data-id=\"1958\" width=\"306\" data-init-width=\"1080\" height=\"240\" data-init-height=\"846\" title=\"RGPD aplicado \u00e0 Gest\u00e3o de Fornecedores\" src=\"https:\/\/twind.io\/pt\/wp-content\/uploads\/2025\/05\/Silvia-goncalves-PT.png\" data-width=\"306\" data-height=\"240\" data-link-wrap=\"true\" style=\"aspect-ratio: auto 1080 \/ 846;\" loading=\"lazy\"><\/a><\/span><\/p>\n<p style=\"text-align: center;\"><strong>RGPD aplicado \u00e0 Gest\u00e3o<\/strong><br \/><strong>de Fornecedores<br \/><\/strong><\/p>\n<p style=\"text-align: center;\"><strong>Ebook<\/strong><\/p>\n<p><span style=\"\"><a href=\"https:\/\/twind.io\/pt\/e-book-erros-mais-comuns-na-gestao-da-sst-com-subcontratados\/\" target=\"_blank\"><img decoding=\"async\" alt=\"\" data-id=\"1853\" width=\"322\" data-init-width=\"865\" height=\"385\" data-init-height=\"1034\" title=\"Evita os erros mais comuns na Gest\u00e3o SST dos Trabalhos Subcontratados\" src=\"https:\/\/twind.io\/pt\/wp-content\/uploads\/2025\/05\/Mockup-vertical.png\" data-width=\"322\" data-height=\"385\" data-link-wrap=\"true\" style=\"aspect-ratio: auto 865 \/ 1034;\" mt-d=\"0\" ml-d=\"0\" center-v-d=\"false\" loading=\"lazy\"><\/a><\/span><\/p>\n<p style=\"text-align: center;\"><strong>Webinar<\/strong><\/p>\n<p><span><a href=\"https:\/\/twind.io\/pt\/webinario-subcontratacao-de-trabalhos-em-zonas-atex-o-que-precisas-garantir\/\" target=\"_blank\"><img decoding=\"async\" alt=\"\" data-id=\"1704\" width=\"310\" data-init-width=\"1080\" height=\"243\" data-init-height=\"846\" title=\"sofia silva twind\" src=\"https:\/\/twind.io\/pt\/wp-content\/uploads\/2025\/04\/sofia-silva-twind.png\" data-width=\"310\" data-height=\"243\" data-link-wrap=\"true\" style=\"aspect-ratio: auto 1080 \/ 846;\" loading=\"lazy\"><\/a><\/span><\/p>\n<p style=\"text-align: center;\"><strong>Subcontrata\u00e7\u00e3o de Trabalhos em Zonas ATEX: O Que Precisas Garantir?<\/strong><\/p>\n<p style=\"text-align: center;\"><strong>Webinar<\/strong><\/p>\n<p><span><a href=\"https:\/\/twind.io\/pt\/webinario-por-que-integrar-trabalhadores-externos-na-gestao-de-sst\/\" target=\"_blank\"><img decoding=\"async\" alt=\"\" data-id=\"1704\" width=\"306\" data-init-width=\"1080\" height=\"240\" data-init-height=\"846\" title=\"sofia silva twind\" src=\"https:\/\/twind.io\/pt\/wp-content\/uploads\/2025\/04\/sofia-silva-twind.png\" data-width=\"306\" data-height=\"240\" data-link-wrap=\"true\" style=\"aspect-ratio: auto 1080 \/ 846;\" loading=\"lazy\"><\/a><\/span><\/p>\n<p style=\"text-align: center;\"><strong>Por que Integrar Trabalhadores Externos na Gest\u00e3o de SST? Benef\u00edcios e Desafios<br \/><\/strong><\/p>\n<p style=\"text-align: center;\"><strong>Webinar<\/strong><\/p>\n<p><span><a href=\"https:\/\/twind.io\/pt\/webinario-trabalhar-com-seguranca-e-saude-na-era-digital\/\" target=\"_blank\"><img decoding=\"async\" alt=\"\" data-id=\"1704\" width=\"386\" data-init-width=\"1080\" height=\"302\" data-init-height=\"846\" title=\"sofia silva twind\" src=\"https:\/\/twind.io\/pt\/wp-content\/uploads\/2025\/04\/sofia-silva-twind.png\" data-width=\"386\" data-height=\"302\" data-link-wrap=\"true\" style=\"aspect-ratio: auto 1080 \/ 846;\" loading=\"lazy\"><\/a><\/span><\/p>\n<p style=\"text-align: center;\"><strong>Trabalhar com Seguran\u00e7a<br \/>e Sa\u00fade na Era Digital<\/strong><\/p>\n<p style=\"text-align: center;\"><strong>Ebook<\/strong><\/p>\n<p><span><a href=\"https:\/\/ctaima.pt\/guia-de-contratacao-software-gestao-de-seguranca-de-atividade-de-empresas-externas\/?__hstc=17097510.a4d428aa079c1a37913b9e549391589b.1757490219059.1764590246667.1764601327666.213&amp;__hssc=17097510.147.1764601327666&amp;__hsfp=1295975603\" target=\"_blank\"><img decoding=\"async\" alt=\"\" data-id=\"1712\" width=\"249\" data-init-width=\"1810\" height=\"352\" data-init-height=\"2560\" title=\"PDF - Gui\u0301a definitiva para contratar e implantar el Software CAE ideal para tu empresa - Versio\u0301n PT\" src=\"https:\/\/twind.io\/pt\/wp-content\/uploads\/2025\/04\/PDF-Guia-definitiva-para-contratar-e-implantar-el-Software-CAE-ideal-para-tu-empresa-Version-PT-scaled.jpg\" data-width=\"249\" data-height=\"352\" data-link-wrap=\"true\" style=\"aspect-ratio: auto 1810 \/ 2560;\" loading=\"lazy\"><\/a><\/span><\/p>\n","protected":false},"excerpt":{"rendered":"<p>Descubra todos os&nbsp;Webinars&nbsp;e&nbsp;Ebooksque preparamos para voc\u00ea Os melhores recursos de Gest\u00e3o de SST de Actividades de Empresas Externas eCumprimento Legal, para mant\u00ea-lo atualizado. Webinar Antes, durante e depois de um Acidente de Trabalho: Responsabilidades legais em cada fase 22 de abril 2026&nbsp; |&nbsp;&nbsp;15:00h PT Ebook Webinar Novas exig\u00eancias e tend\u00eanciaspara a SST em 2026 Ebook [&hellip;]<\/p>\n","protected":false},"author":3,"featured_media":0,"parent":0,"menu_order":0,"comment_status":"closed","ping_status":"closed","template":"","meta":{"content-type":"","footnotes":""},"class_list":["post-1700","page","type-page","status-publish","hentry","post-wrapper","thrv_wrapper"],"yoast_head":"<!-- This site is optimized with the Yoast SEO plugin v27.2 - https:\/\/yoast.com\/product\/yoast-seo-wordpress\/ -->\n<title>ebooks guias webinars - Software Gest\u00e3o Documental de Fornecedores<\/title>\n<meta name=\"description\" content=\"Descubra todos os Webinars e Ebooks que preparamos para voc\u00ea\" \/>\n<meta name=\"robots\" content=\"index, follow, max-snippet:-1, max-image-preview:large, max-video-preview:-1\" \/>\n<link rel=\"canonical\" href=\"https:\/\/twind.io\/pt\/ebooks-guias-webinars\/\" \/>\n<meta property=\"og:locale\" content=\"pt_PT\" \/>\n<meta property=\"og:type\" content=\"article\" \/>\n<meta property=\"og:title\" content=\"ebooks guias webinars - Software Gest\u00e3o Documental de Fornecedores\" \/>\n<meta property=\"og:description\" content=\"Descubra todos os Webinars e Ebooks que preparamos para voc\u00ea\" \/>\n<meta property=\"og:url\" content=\"https:\/\/twind.io\/pt\/ebooks-guias-webinars\/\" \/>\n<meta property=\"og:site_name\" content=\"Software Gest\u00e3o Documental de Fornecedores\" \/>\n<meta property=\"article:modified_time\" content=\"2026-03-31T09:32:18+00:00\" \/>\n<meta property=\"og:image\" content=\"https:\/\/twind.io\/pt\/wp-content\/uploads\/2026\/03\/IMG_Grid.png\" \/>\n<meta name=\"twitter:card\" content=\"summary_large_image\" \/>\n<meta name=\"twitter:label1\" content=\"Tempo estimado de leitura\" \/>\n\t<meta name=\"twitter:data1\" content=\"1 minuto\" \/>\n<script type=\"application\/ld+json\" class=\"yoast-schema-graph\">{\"@context\":\"https:\/\/schema.org\",\"@graph\":[{\"@type\":\"WebPage\",\"@id\":\"https:\/\/twind.io\/pt\/ebooks-guias-webinars\/\",\"url\":\"https:\/\/twind.io\/pt\/ebooks-guias-webinars\/\",\"name\":\"ebooks guias webinars - Software Gest\u00e3o Documental de Fornecedores\",\"isPartOf\":{\"@id\":\"https:\/\/twind.io\/pt\/#website\"},\"primaryImageOfPage\":{\"@id\":\"https:\/\/twind.io\/pt\/ebooks-guias-webinars\/#primaryimage\"},\"image\":{\"@id\":\"https:\/\/twind.io\/pt\/ebooks-guias-webinars\/#primaryimage\"},\"thumbnailUrl\":\"https:\/\/twind.io\/pt\/wp-content\/uploads\/2026\/03\/IMG_Grid.png\",\"datePublished\":\"2025-04-08T08:59:02+00:00\",\"dateModified\":\"2026-03-31T09:32:18+00:00\",\"description\":\"Descubra todos os Webinars e Ebooks que preparamos para voc\u00ea\",\"breadcrumb\":{\"@id\":\"https:\/\/twind.io\/pt\/ebooks-guias-webinars\/#breadcrumb\"},\"inLanguage\":\"pt-PT\",\"potentialAction\":[{\"@type\":\"ReadAction\",\"target\":[\"https:\/\/twind.io\/pt\/ebooks-guias-webinars\/\"]}]},{\"@type\":\"ImageObject\",\"inLanguage\":\"pt-PT\",\"@id\":\"https:\/\/twind.io\/pt\/ebooks-guias-webinars\/#primaryimage\",\"url\":\"https:\/\/twind.io\/pt\/wp-content\/uploads\/2026\/03\/IMG_Grid.png\",\"contentUrl\":\"https:\/\/twind.io\/pt\/wp-content\/uploads\/2026\/03\/IMG_Grid.png\",\"width\":700,\"height\":488},{\"@type\":\"BreadcrumbList\",\"@id\":\"https:\/\/twind.io\/pt\/ebooks-guias-webinars\/#breadcrumb\",\"itemListElement\":[{\"@type\":\"ListItem\",\"position\":1,\"name\":\"Portada\",\"item\":\"https:\/\/twind.io\/pt\/\"},{\"@type\":\"ListItem\",\"position\":2,\"name\":\"ebooks guias webinars\"}]},{\"@type\":\"WebSite\",\"@id\":\"https:\/\/twind.io\/pt\/#website\",\"url\":\"https:\/\/twind.io\/pt\/\",\"name\":\"Software Gest\u00e3o Documental de Fornecedores\",\"description\":\"Software Gest\u00e3o Documental de Fornecedores e preven\u00e7\u00e3o da seguran\u00e7a e da sa\u00fade no trabalho\",\"potentialAction\":[{\"@type\":\"SearchAction\",\"target\":{\"@type\":\"EntryPoint\",\"urlTemplate\":\"https:\/\/twind.io\/pt\/?s={search_term_string}\"},\"query-input\":{\"@type\":\"PropertyValueSpecification\",\"valueRequired\":true,\"valueName\":\"search_term_string\"}}],\"inLanguage\":\"pt-PT\"}]}<\/script>\n<!-- \/ Yoast SEO plugin. -->","yoast_head_json":{"title":"ebooks guias webinars - Software Gest\u00e3o Documental de Fornecedores","description":"Descubra todos os Webinars e Ebooks que preparamos para voc\u00ea","robots":{"index":"index","follow":"follow","max-snippet":"max-snippet:-1","max-image-preview":"max-image-preview:large","max-video-preview":"max-video-preview:-1"},"canonical":"https:\/\/twind.io\/pt\/ebooks-guias-webinars\/","og_locale":"pt_PT","og_type":"article","og_title":"ebooks guias webinars - Software Gest\u00e3o Documental de Fornecedores","og_description":"Descubra todos os Webinars e Ebooks que preparamos para voc\u00ea","og_url":"https:\/\/twind.io\/pt\/ebooks-guias-webinars\/","og_site_name":"Software Gest\u00e3o Documental de Fornecedores","article_modified_time":"2026-03-31T09:32:18+00:00","og_image":[{"url":"https:\/\/twind.io\/pt\/wp-content\/uploads\/2026\/03\/IMG_Grid.png","type":"","width":"","height":""}],"twitter_card":"summary_large_image","twitter_misc":{"Tempo estimado de leitura":"1 minuto"},"schema":{"@context":"https:\/\/schema.org","@graph":[{"@type":"WebPage","@id":"https:\/\/twind.io\/pt\/ebooks-guias-webinars\/","url":"https:\/\/twind.io\/pt\/ebooks-guias-webinars\/","name":"ebooks guias webinars - Software Gest\u00e3o Documental de Fornecedores","isPartOf":{"@id":"https:\/\/twind.io\/pt\/#website"},"primaryImageOfPage":{"@id":"https:\/\/twind.io\/pt\/ebooks-guias-webinars\/#primaryimage"},"image":{"@id":"https:\/\/twind.io\/pt\/ebooks-guias-webinars\/#primaryimage"},"thumbnailUrl":"https:\/\/twind.io\/pt\/wp-content\/uploads\/2026\/03\/IMG_Grid.png","datePublished":"2025-04-08T08:59:02+00:00","dateModified":"2026-03-31T09:32:18+00:00","description":"Descubra todos os Webinars e Ebooks que preparamos para voc\u00ea","breadcrumb":{"@id":"https:\/\/twind.io\/pt\/ebooks-guias-webinars\/#breadcrumb"},"inLanguage":"pt-PT","potentialAction":[{"@type":"ReadAction","target":["https:\/\/twind.io\/pt\/ebooks-guias-webinars\/"]}]},{"@type":"ImageObject","inLanguage":"pt-PT","@id":"https:\/\/twind.io\/pt\/ebooks-guias-webinars\/#primaryimage","url":"https:\/\/twind.io\/pt\/wp-content\/uploads\/2026\/03\/IMG_Grid.png","contentUrl":"https:\/\/twind.io\/pt\/wp-content\/uploads\/2026\/03\/IMG_Grid.png","width":700,"height":488},{"@type":"BreadcrumbList","@id":"https:\/\/twind.io\/pt\/ebooks-guias-webinars\/#breadcrumb","itemListElement":[{"@type":"ListItem","position":1,"name":"Portada","item":"https:\/\/twind.io\/pt\/"},{"@type":"ListItem","position":2,"name":"ebooks guias webinars"}]},{"@type":"WebSite","@id":"https:\/\/twind.io\/pt\/#website","url":"https:\/\/twind.io\/pt\/","name":"Software Gest\u00e3o Documental de Fornecedores","description":"Software Gest\u00e3o Documental de Fornecedores e preven\u00e7\u00e3o da seguran\u00e7a e da sa\u00fade no trabalho","potentialAction":[{"@type":"SearchAction","target":{"@type":"EntryPoint","urlTemplate":"https:\/\/twind.io\/pt\/?s={search_term_string}"},"query-input":{"@type":"PropertyValueSpecification","valueRequired":true,"valueName":"search_term_string"}}],"inLanguage":"pt-PT"}]}},"_links":{"self":[{"href":"https:\/\/twind.io\/pt\/wp-json\/wp\/v2\/pages\/1700","targetHints":{"allow":["GET"]}}],"collection":[{"href":"https:\/\/twind.io\/pt\/wp-json\/wp\/v2\/pages"}],"about":[{"href":"https:\/\/twind.io\/pt\/wp-json\/wp\/v2\/types\/page"}],"author":[{"embeddable":true,"href":"https:\/\/twind.io\/pt\/wp-json\/wp\/v2\/users\/3"}],"replies":[{"embeddable":true,"href":"https:\/\/twind.io\/pt\/wp-json\/wp\/v2\/comments?post=1700"}],"version-history":[{"count":40,"href":"https:\/\/twind.io\/pt\/wp-json\/wp\/v2\/pages\/1700\/revisions"}],"predecessor-version":[{"id":2888,"href":"https:\/\/twind.io\/pt\/wp-json\/wp\/v2\/pages\/1700\/revisions\/2888"}],"wp:attachment":[{"href":"https:\/\/twind.io\/pt\/wp-json\/wp\/v2\/media?parent=1700"}],"curies":[{"name":"wp","href":"https:\/\/api.w.org\/{rel}","templated":true}]}}