{"id":1756,"date":"2025-04-11T09:42:58","date_gmt":"2025-04-11T09:42:58","guid":{"rendered":"https:\/\/twind.io\/pt\/?page_id=1756"},"modified":"2025-10-22T07:26:46","modified_gmt":"2025-10-22T07:26:46","slug":"e-book-erros-mais-comuns-na-gestao-da-sst-com-subcontratados","status":"publish","type":"page","link":"https:\/\/twind.io\/pt\/e-book-erros-mais-comuns-na-gestao-da-sst-com-subcontratados\/","title":{"rendered":"e-book Erros mais comuns na gest\u00e3o da SST com subcontratados"},"content":{"rendered":"<p><span><img decoding=\"async\" alt=\"\" data-id=\"309\" title=\"Logo Twind\" loading=\"lazy\" src=\"https:\/\/twind.io\/pt\/wp-content\/uploads\/2023\/04\/Logo-Twind.svg\" data-width=\"194\" data-height=\"50\" style=\"\" height=\"50\" width=\"194\"><\/span><\/p>\n<h1 style=\"text-align: center;\">Download gratuito<\/h1>\n<h1 style=\"text-align: center;\"><strong>Evita os erros mais comuns na <\/strong><strong>Gest\u00e3o SST dos Trabalhos Subcontratados<\/strong><\/h1>\n<p><span><img decoding=\"async\" alt=\"\" data-id=\"1771\" width=\"596\" data-init-width=\"600\" height=\"712\" data-init-height=\"717\" title=\"Mockup vertical\" loading=\"lazy\" src=\"https:\/\/twind.io\/pt\/wp-content\/uploads\/2025\/04\/Mockup-vertical.png\" data-width=\"596\" data-height=\"712\" style=\"aspect-ratio: auto 600 \/ 717;\"><\/span><\/p>\n<p style=\"\"><strong>Na gest\u00e3o da SST dos trabalhos subcontratados, pequenos erros podem ter grandes consequ\u00eancias.<\/strong><\/p>\n<p style=\"\">Tens a certeza de que a tua empresa est\u00e1 a cumprir corretamente todas as normas? Neste e-book, mostramos-te os erros mais comuns na gest\u00e3o da SST com subcontratados que colocam em risco a seguran\u00e7a das pessoas e como resolv\u00ea-los de forma eficaz.<strong>N\u00e3o deixes que uma falha administrativa ou a falta de seguimento se transformem num problema s\u00e9rio!<\/strong><\/p>\n<p style=\"\"><strong><\/strong>Com este recurso pr\u00e1tico, vais descobrir as chaves para melhorar a tua gest\u00e3o preventiva e evitar san\u00e7\u00f5es que podem impactar o teu neg\u00f3cio.<\/p>\n<h1 style=\"text-align: center;\">Preenche o formul\u00e1rio para receber o e-book no teu e-mail<\/h1>\n\n\t\t\t\t\t\t<script>\n\t\t\t\t\t\t\twindow.hsFormsOnReady = window.hsFormsOnReady || [];\n\t\t\t\t\t\t\twindow.hsFormsOnReady.push(()=>{\n\t\t\t\t\t\t\t\thbspt.forms.create({\n\t\t\t\t\t\t\t\t\tportalId: 146424663,\n\t\t\t\t\t\t\t\t\tformId: \"007c6374-6c21-442a-83bc-4b2a0aeb0fb0\",\n\t\t\t\t\t\t\t\t\ttarget: \"#hbspt-form-1776450386000-8969265957\",\n\t\t\t\t\t\t\t\t\tregion: \"eu1\",\n\t\t\t\t\t\t\t\t\t\n\t\t\t\t\t\t\t})});\n\t\t\t\t\t\t<\/script>\n\t\t\t\t\t\t<div class=\"hbspt-form\" id=\"hbspt-form-1776450386000-8969265957\"><\/div>\n<p><strong>O que inclui este e-book?<\/strong><\/p>\n<p style=\"\"><span style=\"font-size: 15px !important;\"><strong><img decoding=\"async\" role=\"img\" alt=\"\ud83d\udd0d\" src=\"https:\/\/s.w.org\/images\/core\/emoji\/15.0.3\/svg\/1f50d.svg\">&nbsp; &nbsp;Identifica\u00e7\u00e3o dos erros mais comuns na gest\u00e3o SST dos trabalhos subcontratados:&nbsp;<\/strong>Quais s\u00e3o os deslizes mais frequentes? Descobre-os e evita que a tua empresa cometa os mesmos.<strong><img decoding=\"async\" role=\"img\" alt=\"\ud83d\udcb8\" src=\"https:\/\/s.w.org\/images\/core\/emoji\/15.0.3\/svg\/1f4b8.svg\">&nbsp; Dicas pr\u00e1ticas para melhorar a gest\u00e3o preventiva:<\/strong> Estrat\u00e9gias simples e eficazes para otimizar os teus processos com subcontratados.<strong><img decoding=\"async\" role=\"img\" alt=\"\u2696\ufe0f\" src=\"https:\/\/s.w.org\/images\/core\/emoji\/15.0.3\/svg\/2696.svg\">&nbsp; Como gerir a documenta\u00e7\u00e3o de forma eficiente:&nbsp;<\/strong>Aprende a organizar e controlar toda a documenta\u00e7\u00e3o para garantir o cumprimento legal, sem complica\u00e7\u00f5es.<strong><img decoding=\"async\" role=\"img\" alt=\"\ud83d\udea8\" src=\"https:\/\/s.w.org\/images\/core\/emoji\/15.0.3\/svg\/1f6a8.svg\">&nbsp;<img decoding=\"async\" role=\"img\" alt=\"\ud83d\udccc\" src=\"https:\/\/s.w.org\/images\/core\/emoji\/15.1.0\/svg\/1f4cc.svg\"> <strong data-end=\"1521\" data-start=\"1490\">Casos reais e boas pr\u00e1ticas<\/strong><\/strong>Exemplos de empresas que superaram estes desafios e melhoraram os seus resultados.<\/span><\/p>\n<p><span><img decoding=\"async\" alt=\"\" data-id=\"1772\" width=\"691\" data-init-width=\"600\" height=\"445\" data-init-height=\"386\" title=\"Mockup Horizontal (2)\" loading=\"lazy\" src=\"https:\/\/twind.io\/pt\/wp-content\/uploads\/2025\/04\/Mockup-Horizontal-2.png\" data-width=\"691\" data-height=\"445\" style=\"aspect-ratio: auto 600 \/ 386;\"><\/span><\/p>\n<h3 data-block-id=\"block-f2d77e39-d974-43f8-bf1d-585d078661de\" style=\"text-align: center;\"><strong><span style=\"--tcb-applied-color: var$(--tcb-color-4) !important; color: var(--tcb-color-4) !important;\">Por que deves descarregar este e-book?<\/span><\/strong><\/h3>\n<p><span style=\"font-size: 15px !important;\"><span style=\"color: rgb(26, 48, 55) !important;\"><span style=\"--tcb-applied-color: rgb(26, 48, 55) !important;\"><strong><img decoding=\"async\" role=\"img\" alt=\"\u2705\" src=\"https:\/\/s.w.org\/images\/core\/emoji\/15.1.0\/svg\/2705.svg\"> Cumpre a legisla\u00e7\u00e3o sem stress<\/strong>Mant\u00e9m a tua empresa alinhada com os requisitos legais de forma simples e eficaz.<strong><img decoding=\"async\" role=\"img\" alt=\"\u2705\" src=\"https:\/\/s.w.org\/images\/core\/emoji\/15.1.0\/svg\/2705.svg\"> Evita coimas dispendiosas<\/strong>Erros na gest\u00e3o da SST com subcontratados podem sair caros. Aprende a preveni-los.<img decoding=\"async\" role=\"img\" alt=\"\u2705\" src=\"https:\/\/s.w.org\/images\/core\/emoji\/15.1.0\/svg\/2705.svg\"><strong> Melhora a seguran\u00e7a dos teus trabalhadores<\/strong>Um ambiente seguro \u00e9 essencial. Garante que a tua empresa oferece as melhores condi\u00e7\u00f5es.<\/span><\/span><\/span><\/p>\n<p style=\"text-align: center;\"><strong><span style=\"font-size: 28px !important;\">Chega de erros na gest\u00e3o SST com subcontratados!<\/span><\/strong><\/p>\n<p style=\"text-align: center;\"><strong>Protege a tua empresa e as tuas equipas com este e-book<\/strong><\/p>\n","protected":false},"excerpt":{"rendered":"<p>Download gratuito Evita os erros mais comuns na Gest\u00e3o SST dos Trabalhos Subcontratados Na gest\u00e3o da SST dos trabalhos subcontratados, pequenos erros podem ter grandes consequ\u00eancias. Tens a certeza de que a tua empresa est\u00e1 a cumprir corretamente todas as normas? Neste e-book, mostramos-te os erros mais comuns na gest\u00e3o da SST com subcontratados que [&hellip;]<\/p>\n","protected":false},"author":1,"featured_media":0,"parent":0,"menu_order":0,"comment_status":"closed","ping_status":"closed","template":"","meta":{"content-type":"","footnotes":""},"class_list":["post-1756","page","type-page","status-publish","hentry","post-wrapper","thrv_wrapper"],"yoast_head":"<!-- This site is optimized with the Yoast SEO plugin v27.2 - https:\/\/yoast.com\/product\/yoast-seo-wordpress\/ -->\n<title>e-book | Erros comuns na gest\u00e3o SST com subcontratados e como evit\u00e1-los<\/title>\n<meta name=\"description\" content=\"Descobre os erros mais frequentes na gest\u00e3o SST com subcontratados e aprende como evit\u00e1-los com estrat\u00e9gias simples. Descarrega o e-book gratuito.\" \/>\n<meta name=\"robots\" content=\"noindex, nofollow\" \/>\n<meta property=\"og:locale\" content=\"pt_PT\" \/>\n<meta property=\"og:type\" content=\"article\" \/>\n<meta property=\"og:title\" content=\"e-book | Erros comuns na gest\u00e3o SST com subcontratados e como evit\u00e1-los\" \/>\n<meta property=\"og:description\" content=\"Descobre os erros mais frequentes na gest\u00e3o SST com subcontratados e aprende como evit\u00e1-los com estrat\u00e9gias simples. Descarrega o e-book gratuito.\" \/>\n<meta property=\"og:url\" content=\"https:\/\/twind.io\/pt\/e-book-erros-mais-comuns-na-gestao-da-sst-com-subcontratados\/\" \/>\n<meta property=\"og:site_name\" content=\"Software Gest\u00e3o Documental de Fornecedores\" \/>\n<meta property=\"article:modified_time\" content=\"2025-10-22T07:26:46+00:00\" \/>\n<meta property=\"og:image\" content=\"https:\/\/twind.io\/pt\/wp-content\/uploads\/2023\/04\/Logo-Twind.svg\" \/>\n<meta name=\"twitter:card\" content=\"summary_large_image\" \/>\n<meta name=\"twitter:label1\" content=\"Tempo estimado de leitura\" \/>\n\t<meta name=\"twitter:data1\" content=\"5 minutos\" \/>\n<script type=\"application\/ld+json\" class=\"yoast-schema-graph\">{\"@context\":\"https:\/\/schema.org\",\"@graph\":[{\"@type\":\"WebPage\",\"@id\":\"https:\/\/twind.io\/pt\/e-book-erros-mais-comuns-na-gestao-da-sst-com-subcontratados\/\",\"url\":\"https:\/\/twind.io\/pt\/e-book-erros-mais-comuns-na-gestao-da-sst-com-subcontratados\/\",\"name\":\"e-book | Erros comuns na gest\u00e3o SST com subcontratados e como evit\u00e1-los\",\"isPartOf\":{\"@id\":\"https:\/\/twind.io\/pt\/#website\"},\"primaryImageOfPage\":{\"@id\":\"https:\/\/twind.io\/pt\/e-book-erros-mais-comuns-na-gestao-da-sst-com-subcontratados\/#primaryimage\"},\"image\":{\"@id\":\"https:\/\/twind.io\/pt\/e-book-erros-mais-comuns-na-gestao-da-sst-com-subcontratados\/#primaryimage\"},\"thumbnailUrl\":\"https:\/\/twind.io\/pt\/wp-content\/uploads\/2023\/04\/Logo-Twind.svg\",\"datePublished\":\"2025-04-11T09:42:58+00:00\",\"dateModified\":\"2025-10-22T07:26:46+00:00\",\"description\":\"Descobre os erros mais frequentes na gest\u00e3o SST com subcontratados e aprende como evit\u00e1-los com estrat\u00e9gias simples. Descarrega o e-book gratuito.\",\"breadcrumb\":{\"@id\":\"https:\/\/twind.io\/pt\/e-book-erros-mais-comuns-na-gestao-da-sst-com-subcontratados\/#breadcrumb\"},\"inLanguage\":\"pt-PT\",\"potentialAction\":[{\"@type\":\"ReadAction\",\"target\":[\"https:\/\/twind.io\/pt\/e-book-erros-mais-comuns-na-gestao-da-sst-com-subcontratados\/\"]}]},{\"@type\":\"ImageObject\",\"inLanguage\":\"pt-PT\",\"@id\":\"https:\/\/twind.io\/pt\/e-book-erros-mais-comuns-na-gestao-da-sst-com-subcontratados\/#primaryimage\",\"url\":\"https:\/\/twind.io\/pt\/wp-content\/uploads\/2023\/04\/Logo-Twind.svg\",\"contentUrl\":\"https:\/\/twind.io\/pt\/wp-content\/uploads\/2023\/04\/Logo-Twind.svg\"},{\"@type\":\"BreadcrumbList\",\"@id\":\"https:\/\/twind.io\/pt\/e-book-erros-mais-comuns-na-gestao-da-sst-com-subcontratados\/#breadcrumb\",\"itemListElement\":[{\"@type\":\"ListItem\",\"position\":1,\"name\":\"Portada\",\"item\":\"https:\/\/twind.io\/pt\/\"},{\"@type\":\"ListItem\",\"position\":2,\"name\":\"e-book Erros mais comuns na gest\u00e3o da SST com subcontratados\"}]},{\"@type\":\"WebSite\",\"@id\":\"https:\/\/twind.io\/pt\/#website\",\"url\":\"https:\/\/twind.io\/pt\/\",\"name\":\"Software Gest\u00e3o Documental de Fornecedores\",\"description\":\"Software Gest\u00e3o Documental de Fornecedores e preven\u00e7\u00e3o da seguran\u00e7a e da sa\u00fade no trabalho\",\"potentialAction\":[{\"@type\":\"SearchAction\",\"target\":{\"@type\":\"EntryPoint\",\"urlTemplate\":\"https:\/\/twind.io\/pt\/?s={search_term_string}\"},\"query-input\":{\"@type\":\"PropertyValueSpecification\",\"valueRequired\":true,\"valueName\":\"search_term_string\"}}],\"inLanguage\":\"pt-PT\"}]}<\/script>\n<!-- \/ Yoast SEO plugin. -->","yoast_head_json":{"title":"e-book | Erros comuns na gest\u00e3o SST com subcontratados e como evit\u00e1-los","description":"Descobre os erros mais frequentes na gest\u00e3o SST com subcontratados e aprende como evit\u00e1-los com estrat\u00e9gias simples. Descarrega o e-book gratuito.","robots":{"index":"noindex","follow":"nofollow"},"og_locale":"pt_PT","og_type":"article","og_title":"e-book | Erros comuns na gest\u00e3o SST com subcontratados e como evit\u00e1-los","og_description":"Descobre os erros mais frequentes na gest\u00e3o SST com subcontratados e aprende como evit\u00e1-los com estrat\u00e9gias simples. Descarrega o e-book gratuito.","og_url":"https:\/\/twind.io\/pt\/e-book-erros-mais-comuns-na-gestao-da-sst-com-subcontratados\/","og_site_name":"Software Gest\u00e3o Documental de Fornecedores","article_modified_time":"2025-10-22T07:26:46+00:00","og_image":[{"url":"https:\/\/twind.io\/pt\/wp-content\/uploads\/2023\/04\/Logo-Twind.svg","type":"","width":"","height":""}],"twitter_card":"summary_large_image","twitter_misc":{"Tempo estimado de leitura":"5 minutos"},"schema":{"@context":"https:\/\/schema.org","@graph":[{"@type":"WebPage","@id":"https:\/\/twind.io\/pt\/e-book-erros-mais-comuns-na-gestao-da-sst-com-subcontratados\/","url":"https:\/\/twind.io\/pt\/e-book-erros-mais-comuns-na-gestao-da-sst-com-subcontratados\/","name":"e-book | Erros comuns na gest\u00e3o SST com subcontratados e como evit\u00e1-los","isPartOf":{"@id":"https:\/\/twind.io\/pt\/#website"},"primaryImageOfPage":{"@id":"https:\/\/twind.io\/pt\/e-book-erros-mais-comuns-na-gestao-da-sst-com-subcontratados\/#primaryimage"},"image":{"@id":"https:\/\/twind.io\/pt\/e-book-erros-mais-comuns-na-gestao-da-sst-com-subcontratados\/#primaryimage"},"thumbnailUrl":"https:\/\/twind.io\/pt\/wp-content\/uploads\/2023\/04\/Logo-Twind.svg","datePublished":"2025-04-11T09:42:58+00:00","dateModified":"2025-10-22T07:26:46+00:00","description":"Descobre os erros mais frequentes na gest\u00e3o SST com subcontratados e aprende como evit\u00e1-los com estrat\u00e9gias simples. Descarrega o e-book gratuito.","breadcrumb":{"@id":"https:\/\/twind.io\/pt\/e-book-erros-mais-comuns-na-gestao-da-sst-com-subcontratados\/#breadcrumb"},"inLanguage":"pt-PT","potentialAction":[{"@type":"ReadAction","target":["https:\/\/twind.io\/pt\/e-book-erros-mais-comuns-na-gestao-da-sst-com-subcontratados\/"]}]},{"@type":"ImageObject","inLanguage":"pt-PT","@id":"https:\/\/twind.io\/pt\/e-book-erros-mais-comuns-na-gestao-da-sst-com-subcontratados\/#primaryimage","url":"https:\/\/twind.io\/pt\/wp-content\/uploads\/2023\/04\/Logo-Twind.svg","contentUrl":"https:\/\/twind.io\/pt\/wp-content\/uploads\/2023\/04\/Logo-Twind.svg"},{"@type":"BreadcrumbList","@id":"https:\/\/twind.io\/pt\/e-book-erros-mais-comuns-na-gestao-da-sst-com-subcontratados\/#breadcrumb","itemListElement":[{"@type":"ListItem","position":1,"name":"Portada","item":"https:\/\/twind.io\/pt\/"},{"@type":"ListItem","position":2,"name":"e-book Erros mais comuns na gest\u00e3o da SST com subcontratados"}]},{"@type":"WebSite","@id":"https:\/\/twind.io\/pt\/#website","url":"https:\/\/twind.io\/pt\/","name":"Software Gest\u00e3o Documental de Fornecedores","description":"Software Gest\u00e3o Documental de Fornecedores e preven\u00e7\u00e3o da seguran\u00e7a e da sa\u00fade no trabalho","potentialAction":[{"@type":"SearchAction","target":{"@type":"EntryPoint","urlTemplate":"https:\/\/twind.io\/pt\/?s={search_term_string}"},"query-input":{"@type":"PropertyValueSpecification","valueRequired":true,"valueName":"search_term_string"}}],"inLanguage":"pt-PT"}]}},"_links":{"self":[{"href":"https:\/\/twind.io\/pt\/wp-json\/wp\/v2\/pages\/1756","targetHints":{"allow":["GET"]}}],"collection":[{"href":"https:\/\/twind.io\/pt\/wp-json\/wp\/v2\/pages"}],"about":[{"href":"https:\/\/twind.io\/pt\/wp-json\/wp\/v2\/types\/page"}],"author":[{"embeddable":true,"href":"https:\/\/twind.io\/pt\/wp-json\/wp\/v2\/users\/1"}],"replies":[{"embeddable":true,"href":"https:\/\/twind.io\/pt\/wp-json\/wp\/v2\/comments?post=1756"}],"version-history":[{"count":33,"href":"https:\/\/twind.io\/pt\/wp-json\/wp\/v2\/pages\/1756\/revisions"}],"predecessor-version":[{"id":2410,"href":"https:\/\/twind.io\/pt\/wp-json\/wp\/v2\/pages\/1756\/revisions\/2410"}],"wp:attachment":[{"href":"https:\/\/twind.io\/pt\/wp-json\/wp\/v2\/media?parent=1756"}],"curies":[{"name":"wp","href":"https:\/\/api.w.org\/{rel}","templated":true}]}}