{"id":1793,"date":"2025-04-15T14:57:06","date_gmt":"2025-04-15T14:57:06","guid":{"rendered":"https:\/\/twind.io\/pt\/?page_id=1793"},"modified":"2025-11-12T11:23:06","modified_gmt":"2025-11-12T11:23:06","slug":"webinario-por-que-integrar-trabalhadores-externos-na-gestao-de-sst","status":"publish","type":"page","link":"https:\/\/twind.io\/pt\/webinario-por-que-integrar-trabalhadores-externos-na-gestao-de-sst\/","title":{"rendered":"Webin\u00e1rio Por que Integrar Trabalhadores Externos na Gest\u00e3o de SST?"},"content":{"rendered":"<p><span style=\"\"><img decoding=\"async\" alt=\"Logo twind by ctaima\" data-id=\"1293\" width=\"177\" data-init-width=\"697\" height=\"53\" data-init-height=\"209\" title=\"Logo twind by ctaima\" src=\"https:\/\/twind.io\/pt\/wp-content\/uploads\/2025\/03\/logo-twind-by-ctaima.png\" data-width=\"177\" data-height=\"53\" style=\"aspect-ratio: auto 697 \/ 209;\" mt-d=\"-0.5313000000000017\" ml-d=\"0\" center-v-d=\"false\" loading=\"lazy\"><\/span><\/p>\n<p style=\"text-align: center;\">Webin\u00e1rio exclusivo<\/p>\n<h2 style=\"text-align: center;\"><strong><span dir=\"ltr\"><strong>Por que Integrar Trabalhadores Externos na Gest\u00e3o de SST? Benef\u00edcios e Desafios<\/strong><\/span><\/strong><\/h2>\n<p><span style=\"font-size: 16px !important;\"><strong>Est\u00e1s a gerir bem a seguran\u00e7a&#8230; ou s\u00f3 a dos teus pr\u00f3prios trabalhadores?<\/strong><\/span><\/p>\n<p><span style=\"font-size: 16px !important;\">Em muitas empresas, os esfor\u00e7os de preven\u00e7\u00e3o focam-se apenas nos colaboradores internos. Mas os prestadores de servi\u00e7os tamb\u00e9m trabalham nas tuas instala\u00e7\u00f5es, expostos aos mesmos riscos. Est\u00e3o realmente integrados na tua gest\u00e3o de SST? Tens as ferramentas certas para os proteger como merecem?Quando um trabalhador externo sofre um acidente, n\u00e3o est\u00e1 apenas em risco a sua vida. Est\u00e1 tamb\u00e9m em causa a reputa\u00e7\u00e3o da tua empresa \u2014 e o cumprimento legal que tanto esfor\u00e7o te custou garantir.<strong>\u00c9 por isso que, neste webinar, vamos abordar um tema essencial para qualquer profissional de seguran\u00e7a: como integrar de forma eficaz os trabalhadores externos na tua gest\u00e3o de SST<\/strong>, e que benef\u00edcios \u2014 operacionais, legais e humanos \u2014 isso pode trazer para a tua organiza\u00e7\u00e3o.<\/span><\/p>\n<\/p>\n<p><span data-contrast=\"auto\" lang=\"ES-ES\"><strong><span><span style=\"font-size: 19px !important;\"><strong>O que vais aprender?<\/strong><\/span><\/span><\/strong><\/span><\/p>\n<p><img decoding=\"async\" role=\"img\" alt=\"\u2705\" src=\"https:\/\/s.w.org\/images\/core\/emoji\/15.1.0\/svg\/2705.svg\"> Import\u00e2ncia da integra\u00e7\u00e3o de trabalhadores externos na gest\u00e3o de SST<img decoding=\"async\" role=\"img\" alt=\"\u2705\" src=\"https:\/\/s.w.org\/images\/core\/emoji\/15.1.0\/svg\/2705.svg\"> Desafios na Integra\u00e7\u00e3o de Trabalhadores Externos na Gest\u00e3o de SST<img decoding=\"async\" role=\"img\" alt=\"\u2705\" src=\"https:\/\/s.w.org\/images\/core\/emoji\/15.1.0\/svg\/2705.svg\"> Benef\u00edcios de uma Integra\u00e7\u00e3o Efetiva<img decoding=\"async\" role=\"img\" alt=\"\u2705\" src=\"https:\/\/s.w.org\/images\/core\/emoji\/15.1.0\/svg\/2705.svg\"> Boas Pr\u00e1ticas para a Integra\u00e7\u00e3o dos Trabalhadores Externos na Gest\u00e3o de SST<\/p>\n<p style=\"\"><strong>Para quem \u00e9 este webinar?<\/strong><\/p>\n<p><img decoding=\"async\" role=\"img\" alt=\"\ud83d\udd39\" src=\"https:\/\/s.w.org\/images\/core\/emoji\/15.1.0\/svg\/1f539.svg\"> Profissionais de SST e seguran\u00e7a industrial<\/p>\n<p><img decoding=\"async\" role=\"img\" alt=\"\ud83d\udd39\" src=\"https:\/\/s.w.org\/images\/core\/emoji\/15.1.0\/svg\/1f539.svg\"> Engenheiros, t\u00e9cnicos e respons\u00e1veis de manuten\u00e7\u00e3o<\/p>\n<p><img decoding=\"async\" role=\"img\" alt=\"\ud83d\udd39\" src=\"https:\/\/s.w.org\/images\/core\/emoji\/15.1.0\/svg\/1f539.svg\"> Empresas que operam em \u00e1reas de risco de explos\u00e3o<\/p>\n<\/p>\n<p style=\"\">Inscreva-se agora e garante uma melhor integra\u00e7\u00e3o dos trabalhadores externos na tua empresa!<\/p>\n<h3 style=\"text-align: center;\">Preencha o formul\u00e1rio<\/h3>\n<p style=\"text-align: center;\">Enviaremos o acesso por e-mail<\/p>\n\n\t\t\t\t\t\t<script>\n\t\t\t\t\t\t\twindow.hsFormsOnReady = window.hsFormsOnReady || [];\n\t\t\t\t\t\t\twindow.hsFormsOnReady.push(()=>{\n\t\t\t\t\t\t\t\thbspt.forms.create({\n\t\t\t\t\t\t\t\t\tportalId: 146424663,\n\t\t\t\t\t\t\t\t\tformId: \"9c8bda1b-2899-4db7-9457-977c91a98ccb\",\n\t\t\t\t\t\t\t\t\ttarget: \"#hbspt-form-1776456941000-7420303323\",\n\t\t\t\t\t\t\t\t\tregion: \"eu1\",\n\t\t\t\t\t\t\t\t\t\n\t\t\t\t\t\t\t})});\n\t\t\t\t\t\t<\/script>\n\t\t\t\t\t\t<div class=\"hbspt-form\" id=\"hbspt-form-1776456941000-7420303323\"><\/div>\n<h3 style=\"text-align: center;\"><\/h3>\n<p style=\"text-align: center;\"><span data-ccp-props=\"{&quot;201341983&quot;:0,&quot;335559739&quot;:160,&quot;335559740&quot;:259}\" style=\"\"><strong><strong>Orador:<\/strong><\/strong><\/span><\/p>\n<p><span style=\"\"><img decoding=\"async\" alt=\"sofia\" data-id=\"1498\" width=\"166\" data-init-width=\"401\" height=\"181\" data-init-height=\"437\" title=\"sofia\" src=\"https:\/\/twind.io\/pt\/wp-content\/uploads\/2025\/03\/image-10-1.png\" data-width=\"166\" data-height=\"181\" style=\"aspect-ratio: auto 401 \/ 437;\" mt-d=\"0\" ml-d=\"0\" center-v-d=\"false\" mt-t=\"-7.391000000000005\" ml-t=\"0\" center-h-d=\"false\" loading=\"lazy\" mt-m=\"-1.1089999999999947\" ml-m=\"0\"><\/span><\/p>\n<p style=\"text-align: left;\"><span data-ccp-props=\"{&quot;201341983&quot;:0,&quot;335559739&quot;:160,&quot;335559740&quot;:259}\"><strong><span style=\"--tcb-applied-color: var$(--tcb-skin-color-0) !important; color: var(--tcb-skin-color-0) !important;\">Sofia Silva<\/span><\/strong><\/span><\/p>\n<p style=\"text-align: left;\"><span data-ccp-props=\"{&quot;201341983&quot;:0,&quot;335559739&quot;:160,&quot;335559740&quot;:259}\" style=\"font-size: 18px !important;\">Consultora EHS<\/span><\/p>\n<p style=\"text-align: left;\"><span data-ccp-props=\"{&quot;201341983&quot;:0,&quot;335559739&quot;:160,&quot;335559740&quot;:259}\" style=\"font-size: 18px !important;\">CTAIMA Portugal<\/span><\/p>\n","protected":false},"excerpt":{"rendered":"<p>Webin\u00e1rio exclusivo Por que Integrar Trabalhadores Externos na Gest\u00e3o de SST? Benef\u00edcios e Desafios Est\u00e1s a gerir bem a seguran\u00e7a&#8230; ou s\u00f3 a dos teus pr\u00f3prios trabalhadores? Em muitas empresas, os esfor\u00e7os de preven\u00e7\u00e3o focam-se apenas nos colaboradores internos. Mas os prestadores de servi\u00e7os tamb\u00e9m trabalham nas tuas instala\u00e7\u00f5es, expostos aos mesmos riscos. Est\u00e3o realmente [&hellip;]<\/p>\n","protected":false},"author":1,"featured_media":0,"parent":0,"menu_order":0,"comment_status":"closed","ping_status":"closed","template":"","meta":{"content-type":"","footnotes":""},"class_list":["post-1793","page","type-page","status-publish","hentry","post-wrapper","thrv_wrapper"],"yoast_head":"<!-- This site is optimized with the Yoast SEO plugin v27.2 - https:\/\/yoast.com\/product\/yoast-seo-wordpress\/ -->\n<title>Webin\u00e1rio Por que Integrar Trabalhadores Externos na Gest\u00e3o de SST?<\/title>\n<meta name=\"description\" content=\"Webin\u00e1rio Por que Integrar Trabalhadores Externos na Gest\u00e3o de SST?\" \/>\n<meta name=\"robots\" content=\"noindex, nofollow\" \/>\n<meta property=\"og:locale\" content=\"pt_PT\" \/>\n<meta property=\"og:type\" content=\"article\" \/>\n<meta property=\"og:title\" content=\"Webin\u00e1rio Por que Integrar Trabalhadores Externos na Gest\u00e3o de SST?\" \/>\n<meta property=\"og:description\" content=\"Webin\u00e1rio Por que Integrar Trabalhadores Externos na Gest\u00e3o de SST?\" \/>\n<meta property=\"og:url\" content=\"https:\/\/twind.io\/pt\/webinario-por-que-integrar-trabalhadores-externos-na-gestao-de-sst\/\" \/>\n<meta property=\"og:site_name\" content=\"Software Gest\u00e3o Documental de Fornecedores\" \/>\n<meta property=\"article:modified_time\" content=\"2025-11-12T11:23:06+00:00\" \/>\n<meta property=\"og:image\" content=\"https:\/\/twind.io\/pt\/wp-content\/uploads\/2025\/03\/logo-twind-by-ctaima.png\" \/>\n<meta name=\"twitter:card\" content=\"summary_large_image\" \/>\n<meta name=\"twitter:label1\" content=\"Tempo estimado de leitura\" \/>\n\t<meta name=\"twitter:data1\" content=\"5 minutos\" \/>\n<script type=\"application\/ld+json\" class=\"yoast-schema-graph\">{\"@context\":\"https:\/\/schema.org\",\"@graph\":[{\"@type\":\"WebPage\",\"@id\":\"https:\/\/twind.io\/pt\/webinario-por-que-integrar-trabalhadores-externos-na-gestao-de-sst\/\",\"url\":\"https:\/\/twind.io\/pt\/webinario-por-que-integrar-trabalhadores-externos-na-gestao-de-sst\/\",\"name\":\"Webin\u00e1rio Por que Integrar Trabalhadores Externos na Gest\u00e3o de SST?\",\"isPartOf\":{\"@id\":\"https:\/\/twind.io\/pt\/#website\"},\"primaryImageOfPage\":{\"@id\":\"https:\/\/twind.io\/pt\/webinario-por-que-integrar-trabalhadores-externos-na-gestao-de-sst\/#primaryimage\"},\"image\":{\"@id\":\"https:\/\/twind.io\/pt\/webinario-por-que-integrar-trabalhadores-externos-na-gestao-de-sst\/#primaryimage\"},\"thumbnailUrl\":\"https:\/\/twind.io\/pt\/wp-content\/uploads\/2025\/03\/logo-twind-by-ctaima.png\",\"datePublished\":\"2025-04-15T14:57:06+00:00\",\"dateModified\":\"2025-11-12T11:23:06+00:00\",\"description\":\"Webin\u00e1rio Por que Integrar Trabalhadores Externos na Gest\u00e3o de SST?\",\"breadcrumb\":{\"@id\":\"https:\/\/twind.io\/pt\/webinario-por-que-integrar-trabalhadores-externos-na-gestao-de-sst\/#breadcrumb\"},\"inLanguage\":\"pt-PT\",\"potentialAction\":[{\"@type\":\"ReadAction\",\"target\":[\"https:\/\/twind.io\/pt\/webinario-por-que-integrar-trabalhadores-externos-na-gestao-de-sst\/\"]}]},{\"@type\":\"ImageObject\",\"inLanguage\":\"pt-PT\",\"@id\":\"https:\/\/twind.io\/pt\/webinario-por-que-integrar-trabalhadores-externos-na-gestao-de-sst\/#primaryimage\",\"url\":\"https:\/\/twind.io\/pt\/wp-content\/uploads\/2025\/03\/logo-twind-by-ctaima.png\",\"contentUrl\":\"https:\/\/twind.io\/pt\/wp-content\/uploads\/2025\/03\/logo-twind-by-ctaima.png\",\"width\":697,\"height\":209,\"caption\":\"Twind\"},{\"@type\":\"BreadcrumbList\",\"@id\":\"https:\/\/twind.io\/pt\/webinario-por-que-integrar-trabalhadores-externos-na-gestao-de-sst\/#breadcrumb\",\"itemListElement\":[{\"@type\":\"ListItem\",\"position\":1,\"name\":\"Portada\",\"item\":\"https:\/\/twind.io\/pt\/\"},{\"@type\":\"ListItem\",\"position\":2,\"name\":\"Webin\u00e1rio Por que Integrar Trabalhadores Externos na Gest\u00e3o de SST?\"}]},{\"@type\":\"WebSite\",\"@id\":\"https:\/\/twind.io\/pt\/#website\",\"url\":\"https:\/\/twind.io\/pt\/\",\"name\":\"Software Gest\u00e3o Documental de Fornecedores\",\"description\":\"Software Gest\u00e3o Documental de Fornecedores e preven\u00e7\u00e3o da seguran\u00e7a e da sa\u00fade no trabalho\",\"potentialAction\":[{\"@type\":\"SearchAction\",\"target\":{\"@type\":\"EntryPoint\",\"urlTemplate\":\"https:\/\/twind.io\/pt\/?s={search_term_string}\"},\"query-input\":{\"@type\":\"PropertyValueSpecification\",\"valueRequired\":true,\"valueName\":\"search_term_string\"}}],\"inLanguage\":\"pt-PT\"}]}<\/script>\n<!-- \/ Yoast SEO plugin. -->","yoast_head_json":{"title":"Webin\u00e1rio Por que Integrar Trabalhadores Externos na Gest\u00e3o de SST?","description":"Webin\u00e1rio Por que Integrar Trabalhadores Externos na Gest\u00e3o de SST?","robots":{"index":"noindex","follow":"nofollow"},"og_locale":"pt_PT","og_type":"article","og_title":"Webin\u00e1rio Por que Integrar Trabalhadores Externos na Gest\u00e3o de SST?","og_description":"Webin\u00e1rio Por que Integrar Trabalhadores Externos na Gest\u00e3o de SST?","og_url":"https:\/\/twind.io\/pt\/webinario-por-que-integrar-trabalhadores-externos-na-gestao-de-sst\/","og_site_name":"Software Gest\u00e3o Documental de Fornecedores","article_modified_time":"2025-11-12T11:23:06+00:00","og_image":[{"url":"https:\/\/twind.io\/pt\/wp-content\/uploads\/2025\/03\/logo-twind-by-ctaima.png","type":"","width":"","height":""}],"twitter_card":"summary_large_image","twitter_misc":{"Tempo estimado de leitura":"5 minutos"},"schema":{"@context":"https:\/\/schema.org","@graph":[{"@type":"WebPage","@id":"https:\/\/twind.io\/pt\/webinario-por-que-integrar-trabalhadores-externos-na-gestao-de-sst\/","url":"https:\/\/twind.io\/pt\/webinario-por-que-integrar-trabalhadores-externos-na-gestao-de-sst\/","name":"Webin\u00e1rio Por que Integrar Trabalhadores Externos na Gest\u00e3o de SST?","isPartOf":{"@id":"https:\/\/twind.io\/pt\/#website"},"primaryImageOfPage":{"@id":"https:\/\/twind.io\/pt\/webinario-por-que-integrar-trabalhadores-externos-na-gestao-de-sst\/#primaryimage"},"image":{"@id":"https:\/\/twind.io\/pt\/webinario-por-que-integrar-trabalhadores-externos-na-gestao-de-sst\/#primaryimage"},"thumbnailUrl":"https:\/\/twind.io\/pt\/wp-content\/uploads\/2025\/03\/logo-twind-by-ctaima.png","datePublished":"2025-04-15T14:57:06+00:00","dateModified":"2025-11-12T11:23:06+00:00","description":"Webin\u00e1rio Por que Integrar Trabalhadores Externos na Gest\u00e3o de SST?","breadcrumb":{"@id":"https:\/\/twind.io\/pt\/webinario-por-que-integrar-trabalhadores-externos-na-gestao-de-sst\/#breadcrumb"},"inLanguage":"pt-PT","potentialAction":[{"@type":"ReadAction","target":["https:\/\/twind.io\/pt\/webinario-por-que-integrar-trabalhadores-externos-na-gestao-de-sst\/"]}]},{"@type":"ImageObject","inLanguage":"pt-PT","@id":"https:\/\/twind.io\/pt\/webinario-por-que-integrar-trabalhadores-externos-na-gestao-de-sst\/#primaryimage","url":"https:\/\/twind.io\/pt\/wp-content\/uploads\/2025\/03\/logo-twind-by-ctaima.png","contentUrl":"https:\/\/twind.io\/pt\/wp-content\/uploads\/2025\/03\/logo-twind-by-ctaima.png","width":697,"height":209,"caption":"Twind"},{"@type":"BreadcrumbList","@id":"https:\/\/twind.io\/pt\/webinario-por-que-integrar-trabalhadores-externos-na-gestao-de-sst\/#breadcrumb","itemListElement":[{"@type":"ListItem","position":1,"name":"Portada","item":"https:\/\/twind.io\/pt\/"},{"@type":"ListItem","position":2,"name":"Webin\u00e1rio Por que Integrar Trabalhadores Externos na Gest\u00e3o de SST?"}]},{"@type":"WebSite","@id":"https:\/\/twind.io\/pt\/#website","url":"https:\/\/twind.io\/pt\/","name":"Software Gest\u00e3o Documental de Fornecedores","description":"Software Gest\u00e3o Documental de Fornecedores e preven\u00e7\u00e3o da seguran\u00e7a e da sa\u00fade no trabalho","potentialAction":[{"@type":"SearchAction","target":{"@type":"EntryPoint","urlTemplate":"https:\/\/twind.io\/pt\/?s={search_term_string}"},"query-input":{"@type":"PropertyValueSpecification","valueRequired":true,"valueName":"search_term_string"}}],"inLanguage":"pt-PT"}]}},"_links":{"self":[{"href":"https:\/\/twind.io\/pt\/wp-json\/wp\/v2\/pages\/1793","targetHints":{"allow":["GET"]}}],"collection":[{"href":"https:\/\/twind.io\/pt\/wp-json\/wp\/v2\/pages"}],"about":[{"href":"https:\/\/twind.io\/pt\/wp-json\/wp\/v2\/types\/page"}],"author":[{"embeddable":true,"href":"https:\/\/twind.io\/pt\/wp-json\/wp\/v2\/users\/1"}],"replies":[{"embeddable":true,"href":"https:\/\/twind.io\/pt\/wp-json\/wp\/v2\/comments?post=1793"}],"version-history":[{"count":25,"href":"https:\/\/twind.io\/pt\/wp-json\/wp\/v2\/pages\/1793\/revisions"}],"predecessor-version":[{"id":2474,"href":"https:\/\/twind.io\/pt\/wp-json\/wp\/v2\/pages\/1793\/revisions\/2474"}],"wp:attachment":[{"href":"https:\/\/twind.io\/pt\/wp-json\/wp\/v2\/media?parent=1793"}],"curies":[{"name":"wp","href":"https:\/\/api.w.org\/{rel}","templated":true}]}}