{"id":1864,"date":"2025-05-07T09:37:11","date_gmt":"2025-05-07T09:37:11","guid":{"rendered":"https:\/\/twind.io\/pt\/?page_id=1864"},"modified":"2025-11-12T11:15:57","modified_gmt":"2025-11-12T11:15:57","slug":"webinario-rgpd-aplicado-a-gestao-de-fornecedores","status":"publish","type":"page","link":"https:\/\/twind.io\/pt\/webinario-rgpd-aplicado-a-gestao-de-fornecedores\/","title":{"rendered":"Webin\u00e1rio RGPD Aplicado \u00e0 Gest\u00e3o de Fornecedores"},"content":{"rendered":"<p><span style=\"\"><img decoding=\"async\" alt=\"Logo twind by ctaima\" data-id=\"1293\" width=\"177\" data-init-width=\"697\" height=\"53\" data-init-height=\"209\" title=\"Logo twind by ctaima\" src=\"https:\/\/twind.io\/pt\/wp-content\/uploads\/2025\/03\/logo-twind-by-ctaima.png\" data-width=\"177\" data-height=\"53\" style=\"aspect-ratio: auto 697 \/ 209;\" mt-d=\"-0.5313000000000017\" ml-d=\"0\" center-v-d=\"false\" loading=\"lazy\"><\/span><\/p>\n<p style=\"text-align: center;\">Webin\u00e1rio exclusivo<\/p>\n<h2 style=\"text-align: center;\"><strong><span dir=\"ltr\"><strong>RGPD aplicado \u00e0 Gest\u00e3o de Fornecedores<\/strong><\/span><\/strong><\/h2>\n<p><span style=\"font-size: 16px !important;\"><strong>Solicitas documenta\u00e7\u00e3o a fornecedores\u2026 mas est\u00e1s a cumprir o RGPD?<\/strong>Na gest\u00e3o de fornecedores, pedir documentos \u00e9 rotina: seguros, forma\u00e7\u00f5es, autoriza\u00e7\u00f5es, dados pessoais&#8230; Mas j\u00e1 paraste para pensar se est\u00e1s a recolher, tratar e armazenar essa informa\u00e7\u00e3o de forma conforme ao RGPD?Sempre que pedes dados a uma empresa externa, a tua organiza\u00e7\u00e3o assume responsabilidades legais. E se esses dados forem mal tratados \u2014 ou mal protegidos \u2014, \u00e9s tu quem responde.\u00c9 por isso que, neste webinar, vamos abordar um tema essencial para qualquer profissional que lida com terceiros:como garantir a conformidade com o RGPD ao solicitar, tratar e gerir documenta\u00e7\u00e3o de fornecedores e subcontratados.<\/span><\/p>\n<p><span style=\"font-size: 16px !important;\"><\/span><span data-contrast=\"auto\" lang=\"ES-ES\"><strong><span><span style=\"font-size: 19px !important;\"><strong>O que vais aprender?<\/strong><\/span><\/span><\/strong><\/span><img decoding=\"async\" role=\"img\" alt=\"\u2705\" src=\"https:\/\/s.w.org\/images\/core\/emoji\/15.1.0\/svg\/2705.svg\"> O que diz o RGPD sobre o tratamento de dados de empresas externas.<img decoding=\"async\" role=\"img\" alt=\"\u2705\" src=\"https:\/\/s.w.org\/images\/core\/emoji\/15.1.0\/svg\/2705.svg\"> Obriga\u00e7\u00f5es legais e contratuais na troca de documenta\u00e7\u00e3o.<img decoding=\"async\" role=\"img\" alt=\"\u2705\" src=\"https:\/\/s.w.org\/images\/core\/emoji\/15.1.0\/svg\/2705.svg\"> Como identificar e mitigar riscos no tratamento de dados de terceiros.<img decoding=\"async\" role=\"img\" alt=\"\u2705\" src=\"https:\/\/s.w.org\/images\/core\/emoji\/15.1.0\/svg\/2705.svg\"> Boas pr\u00e1ticas para garantir a seguran\u00e7a e conformidade da informa\u00e7\u00e3o partilhada.<\/p>\n<p><strong>Para quem \u00e9 este webinar?<\/strong><\/p>\n<p><img decoding=\"async\" role=\"img\" alt=\"\ud83d\udd39\" src=\"https:\/\/s.w.org\/images\/core\/emoji\/15.1.0\/svg\/1f539.svg\"> Respons\u00e1veis e T\u00e9cnicos de SST que gerem trabalhos subcontratados.<img decoding=\"async\" role=\"img\" alt=\"\ud83d\udd39\" src=\"https:\/\/s.w.org\/images\/core\/emoji\/15.1.0\/svg\/1f539.svg\"> Profissionais de compras, procurement e contrata\u00e7\u00e3o de servi\u00e7os.<img decoding=\"async\" role=\"img\" alt=\"\ud83d\udd39\" src=\"https:\/\/s.w.org\/images\/core\/emoji\/15.1.0\/svg\/1f539.svg\"> Respons\u00e1veis de compliance, jur\u00eddico e prote\u00e7\u00e3o de dados.<img decoding=\"async\" role=\"img\" alt=\"\ud83d\udd39\" src=\"https:\/\/s.w.org\/images\/core\/emoji\/15.1.0\/svg\/1f539.svg\"> Empresas que gerem fornecedores ou subcontratados com acesso a dados pessoais.<\/p>\n<\/p>\n<p>Junta-te a n\u00f3s neste webinar e garante que est\u00e1s a cumprir com o RPGD relativamente aos teus subcontratados<\/p>\n<h3 style=\"text-align: center;\">Preencha o formul\u00e1rio<\/h3>\n<p style=\"text-align: center;\">Enviaremos o acesso por e-mail<\/p>\n\n\t\t\t\t\t\t<script>\n\t\t\t\t\t\t\twindow.hsFormsOnReady = window.hsFormsOnReady || [];\n\t\t\t\t\t\t\twindow.hsFormsOnReady.push(()=>{\n\t\t\t\t\t\t\t\thbspt.forms.create({\n\t\t\t\t\t\t\t\t\tportalId: 146424663,\n\t\t\t\t\t\t\t\t\tformId: \"161a57bc-d82b-4226-81a8-c9c1eecdd324\",\n\t\t\t\t\t\t\t\t\ttarget: \"#hbspt-form-1776445991000-7266043200\",\n\t\t\t\t\t\t\t\t\tregion: \"eu1\",\n\t\t\t\t\t\t\t\t\t\n\t\t\t\t\t\t\t})});\n\t\t\t\t\t\t<\/script>\n\t\t\t\t\t\t<div class=\"hbspt-form\" id=\"hbspt-form-1776445991000-7266043200\"><\/div>\n<h3 style=\"text-align: center;\"><\/h3>\n<p style=\"text-align: center;\"><span data-ccp-props=\"{&quot;201341983&quot;:0,&quot;335559739&quot;:160,&quot;335559740&quot;:259}\" style=\"\"><strong><strong>Orador:<\/strong><\/strong><\/span><\/p>\n<p><span style=\"\"><img decoding=\"async\" alt=\"\" data-id=\"1892\" width=\"166\" data-init-width=\"205\" height=\"212\" data-init-height=\"262\" title=\"Speaker Silvia Goncalves\" src=\"https:\/\/twind.io\/pt\/wp-content\/uploads\/2025\/05\/Captura-de-pantalla-2025-05-08-141019.jpg\" data-width=\"166\" data-height=\"212\" style=\"aspect-ratio: auto 205 \/ 262;\" mt-d=\"-23\" ml-d=\"0\" center-v-d=\"true\" mt-t=\"-7.391000000000005\" ml-t=\"0\" center-h-d=\"false\" loading=\"lazy\" mt-m=\"-1.1089999999999947\" ml-m=\"0\"><\/span><\/p>\n<p style=\"text-align: left;\"><span data-ccp-props=\"{&quot;201341983&quot;:0,&quot;335559739&quot;:160,&quot;335559740&quot;:259}\"><strong><span style=\"--tcb-applied-color: var$(--tcb-skin-color-0) !important; color: var(--tcb-skin-color-0) !important;\">S\u00edlvia Gon\u00e7alves<\/span><\/strong><\/span><\/p>\n<p style=\"text-align: left;\"><span data-ccp-props=\"{&quot;201341983&quot;:0,&quot;335559739&quot;:160,&quot;335559740&quot;:259}\" style=\"font-size: 18px !important;\">Auditora e Consultora nas \u00e1reas de Qualidade, Ambiente, SST e RPGD<\/span><\/p>\n","protected":false},"excerpt":{"rendered":"<p>Webin\u00e1rio exclusivo RGPD aplicado \u00e0 Gest\u00e3o de Fornecedores Solicitas documenta\u00e7\u00e3o a fornecedores\u2026 mas est\u00e1s a cumprir o RGPD?Na gest\u00e3o de fornecedores, pedir documentos \u00e9 rotina: seguros, forma\u00e7\u00f5es, autoriza\u00e7\u00f5es, dados pessoais&#8230; Mas j\u00e1 paraste para pensar se est\u00e1s a recolher, tratar e armazenar essa informa\u00e7\u00e3o de forma conforme ao RGPD?Sempre que pedes dados a uma empresa [&hellip;]<\/p>\n","protected":false},"author":3,"featured_media":0,"parent":0,"menu_order":0,"comment_status":"closed","ping_status":"closed","template":"","meta":{"content-type":"","footnotes":""},"class_list":["post-1864","page","type-page","status-publish","hentry","post-wrapper","thrv_wrapper"],"yoast_head":"<!-- This site is optimized with the Yoast SEO plugin v27.2 - https:\/\/yoast.com\/product\/yoast-seo-wordpress\/ -->\n<title>Webin\u00e1rio RGPD Aplicado \u00e0 Gest\u00e3o de Fornecedores<\/title>\n<meta name=\"description\" content=\"Webin\u00e1rio RGPD Aplicado \u00e0 Gest\u00e3o de Fornecedores\" \/>\n<meta name=\"robots\" content=\"noindex, nofollow\" \/>\n<meta property=\"og:locale\" content=\"pt_PT\" \/>\n<meta property=\"og:type\" content=\"article\" \/>\n<meta property=\"og:title\" content=\"Webin\u00e1rio RGPD Aplicado \u00e0 Gest\u00e3o de Fornecedores\" \/>\n<meta property=\"og:description\" content=\"Webin\u00e1rio RGPD Aplicado \u00e0 Gest\u00e3o de Fornecedores\" \/>\n<meta property=\"og:url\" content=\"https:\/\/twind.io\/pt\/webinario-rgpd-aplicado-a-gestao-de-fornecedores\/\" \/>\n<meta property=\"og:site_name\" content=\"Software Gest\u00e3o Documental de Fornecedores\" \/>\n<meta property=\"article:modified_time\" content=\"2025-11-12T11:15:57+00:00\" \/>\n<meta property=\"og:image\" content=\"https:\/\/twind.io\/pt\/wp-content\/uploads\/2025\/03\/logo-twind-by-ctaima.png\" \/>\n<meta name=\"twitter:card\" content=\"summary_large_image\" \/>\n<meta name=\"twitter:label1\" content=\"Tempo estimado de leitura\" \/>\n\t<meta name=\"twitter:data1\" content=\"3 minutos\" \/>\n<script type=\"application\/ld+json\" class=\"yoast-schema-graph\">{\"@context\":\"https:\/\/schema.org\",\"@graph\":[{\"@type\":\"WebPage\",\"@id\":\"https:\/\/twind.io\/pt\/webinario-rgpd-aplicado-a-gestao-de-fornecedores\/\",\"url\":\"https:\/\/twind.io\/pt\/webinario-rgpd-aplicado-a-gestao-de-fornecedores\/\",\"name\":\"Webin\u00e1rio RGPD Aplicado \u00e0 Gest\u00e3o de Fornecedores\",\"isPartOf\":{\"@id\":\"https:\/\/twind.io\/pt\/#website\"},\"primaryImageOfPage\":{\"@id\":\"https:\/\/twind.io\/pt\/webinario-rgpd-aplicado-a-gestao-de-fornecedores\/#primaryimage\"},\"image\":{\"@id\":\"https:\/\/twind.io\/pt\/webinario-rgpd-aplicado-a-gestao-de-fornecedores\/#primaryimage\"},\"thumbnailUrl\":\"https:\/\/twind.io\/pt\/wp-content\/uploads\/2025\/03\/logo-twind-by-ctaima.png\",\"datePublished\":\"2025-05-07T09:37:11+00:00\",\"dateModified\":\"2025-11-12T11:15:57+00:00\",\"description\":\"Webin\u00e1rio RGPD Aplicado \u00e0 Gest\u00e3o de Fornecedores\",\"breadcrumb\":{\"@id\":\"https:\/\/twind.io\/pt\/webinario-rgpd-aplicado-a-gestao-de-fornecedores\/#breadcrumb\"},\"inLanguage\":\"pt-PT\",\"potentialAction\":[{\"@type\":\"ReadAction\",\"target\":[\"https:\/\/twind.io\/pt\/webinario-rgpd-aplicado-a-gestao-de-fornecedores\/\"]}]},{\"@type\":\"ImageObject\",\"inLanguage\":\"pt-PT\",\"@id\":\"https:\/\/twind.io\/pt\/webinario-rgpd-aplicado-a-gestao-de-fornecedores\/#primaryimage\",\"url\":\"https:\/\/twind.io\/pt\/wp-content\/uploads\/2025\/03\/logo-twind-by-ctaima.png\",\"contentUrl\":\"https:\/\/twind.io\/pt\/wp-content\/uploads\/2025\/03\/logo-twind-by-ctaima.png\",\"width\":697,\"height\":209,\"caption\":\"Twind\"},{\"@type\":\"BreadcrumbList\",\"@id\":\"https:\/\/twind.io\/pt\/webinario-rgpd-aplicado-a-gestao-de-fornecedores\/#breadcrumb\",\"itemListElement\":[{\"@type\":\"ListItem\",\"position\":1,\"name\":\"Portada\",\"item\":\"https:\/\/twind.io\/pt\/\"},{\"@type\":\"ListItem\",\"position\":2,\"name\":\"Webin\u00e1rio RGPD Aplicado \u00e0 Gest\u00e3o de Fornecedores\"}]},{\"@type\":\"WebSite\",\"@id\":\"https:\/\/twind.io\/pt\/#website\",\"url\":\"https:\/\/twind.io\/pt\/\",\"name\":\"Software Gest\u00e3o Documental de Fornecedores\",\"description\":\"Software Gest\u00e3o Documental de Fornecedores e preven\u00e7\u00e3o da seguran\u00e7a e da sa\u00fade no trabalho\",\"potentialAction\":[{\"@type\":\"SearchAction\",\"target\":{\"@type\":\"EntryPoint\",\"urlTemplate\":\"https:\/\/twind.io\/pt\/?s={search_term_string}\"},\"query-input\":{\"@type\":\"PropertyValueSpecification\",\"valueRequired\":true,\"valueName\":\"search_term_string\"}}],\"inLanguage\":\"pt-PT\"}]}<\/script>\n<!-- \/ Yoast SEO plugin. -->","yoast_head_json":{"title":"Webin\u00e1rio RGPD Aplicado \u00e0 Gest\u00e3o de Fornecedores","description":"Webin\u00e1rio RGPD Aplicado \u00e0 Gest\u00e3o de Fornecedores","robots":{"index":"noindex","follow":"nofollow"},"og_locale":"pt_PT","og_type":"article","og_title":"Webin\u00e1rio RGPD Aplicado \u00e0 Gest\u00e3o de Fornecedores","og_description":"Webin\u00e1rio RGPD Aplicado \u00e0 Gest\u00e3o de Fornecedores","og_url":"https:\/\/twind.io\/pt\/webinario-rgpd-aplicado-a-gestao-de-fornecedores\/","og_site_name":"Software Gest\u00e3o Documental de Fornecedores","article_modified_time":"2025-11-12T11:15:57+00:00","og_image":[{"url":"https:\/\/twind.io\/pt\/wp-content\/uploads\/2025\/03\/logo-twind-by-ctaima.png","type":"","width":"","height":""}],"twitter_card":"summary_large_image","twitter_misc":{"Tempo estimado de leitura":"3 minutos"},"schema":{"@context":"https:\/\/schema.org","@graph":[{"@type":"WebPage","@id":"https:\/\/twind.io\/pt\/webinario-rgpd-aplicado-a-gestao-de-fornecedores\/","url":"https:\/\/twind.io\/pt\/webinario-rgpd-aplicado-a-gestao-de-fornecedores\/","name":"Webin\u00e1rio RGPD Aplicado \u00e0 Gest\u00e3o de Fornecedores","isPartOf":{"@id":"https:\/\/twind.io\/pt\/#website"},"primaryImageOfPage":{"@id":"https:\/\/twind.io\/pt\/webinario-rgpd-aplicado-a-gestao-de-fornecedores\/#primaryimage"},"image":{"@id":"https:\/\/twind.io\/pt\/webinario-rgpd-aplicado-a-gestao-de-fornecedores\/#primaryimage"},"thumbnailUrl":"https:\/\/twind.io\/pt\/wp-content\/uploads\/2025\/03\/logo-twind-by-ctaima.png","datePublished":"2025-05-07T09:37:11+00:00","dateModified":"2025-11-12T11:15:57+00:00","description":"Webin\u00e1rio RGPD Aplicado \u00e0 Gest\u00e3o de Fornecedores","breadcrumb":{"@id":"https:\/\/twind.io\/pt\/webinario-rgpd-aplicado-a-gestao-de-fornecedores\/#breadcrumb"},"inLanguage":"pt-PT","potentialAction":[{"@type":"ReadAction","target":["https:\/\/twind.io\/pt\/webinario-rgpd-aplicado-a-gestao-de-fornecedores\/"]}]},{"@type":"ImageObject","inLanguage":"pt-PT","@id":"https:\/\/twind.io\/pt\/webinario-rgpd-aplicado-a-gestao-de-fornecedores\/#primaryimage","url":"https:\/\/twind.io\/pt\/wp-content\/uploads\/2025\/03\/logo-twind-by-ctaima.png","contentUrl":"https:\/\/twind.io\/pt\/wp-content\/uploads\/2025\/03\/logo-twind-by-ctaima.png","width":697,"height":209,"caption":"Twind"},{"@type":"BreadcrumbList","@id":"https:\/\/twind.io\/pt\/webinario-rgpd-aplicado-a-gestao-de-fornecedores\/#breadcrumb","itemListElement":[{"@type":"ListItem","position":1,"name":"Portada","item":"https:\/\/twind.io\/pt\/"},{"@type":"ListItem","position":2,"name":"Webin\u00e1rio RGPD Aplicado \u00e0 Gest\u00e3o de Fornecedores"}]},{"@type":"WebSite","@id":"https:\/\/twind.io\/pt\/#website","url":"https:\/\/twind.io\/pt\/","name":"Software Gest\u00e3o Documental de Fornecedores","description":"Software Gest\u00e3o Documental de Fornecedores e preven\u00e7\u00e3o da seguran\u00e7a e da sa\u00fade no trabalho","potentialAction":[{"@type":"SearchAction","target":{"@type":"EntryPoint","urlTemplate":"https:\/\/twind.io\/pt\/?s={search_term_string}"},"query-input":{"@type":"PropertyValueSpecification","valueRequired":true,"valueName":"search_term_string"}}],"inLanguage":"pt-PT"}]}},"_links":{"self":[{"href":"https:\/\/twind.io\/pt\/wp-json\/wp\/v2\/pages\/1864","targetHints":{"allow":["GET"]}}],"collection":[{"href":"https:\/\/twind.io\/pt\/wp-json\/wp\/v2\/pages"}],"about":[{"href":"https:\/\/twind.io\/pt\/wp-json\/wp\/v2\/types\/page"}],"author":[{"embeddable":true,"href":"https:\/\/twind.io\/pt\/wp-json\/wp\/v2\/users\/3"}],"replies":[{"embeddable":true,"href":"https:\/\/twind.io\/pt\/wp-json\/wp\/v2\/comments?post=1864"}],"version-history":[{"count":20,"href":"https:\/\/twind.io\/pt\/wp-json\/wp\/v2\/pages\/1864\/revisions"}],"predecessor-version":[{"id":2470,"href":"https:\/\/twind.io\/pt\/wp-json\/wp\/v2\/pages\/1864\/revisions\/2470"}],"wp:attachment":[{"href":"https:\/\/twind.io\/pt\/wp-json\/wp\/v2\/media?parent=1864"}],"curies":[{"name":"wp","href":"https:\/\/api.w.org\/{rel}","templated":true}]}}