{"id":1911,"date":"2025-05-14T10:24:19","date_gmt":"2025-05-14T10:24:19","guid":{"rendered":"https:\/\/twind.io\/pt\/?page_id=1911"},"modified":"2025-10-22T08:45:15","modified_gmt":"2025-10-22T08:45:15","slug":"template-seguimento-documentacao-sst-empresas-subcontratadas","status":"publish","type":"page","link":"https:\/\/twind.io\/pt\/template-seguimento-documentacao-sst-empresas-subcontratadas\/","title":{"rendered":"LM -Template em Excel &#8211; Seguimento Documenta\u00e7\u00e3o SST Empresas Subcontratadas"},"content":{"rendered":"<p><span><img decoding=\"async\" alt=\"\" data-id=\"309\" title=\"Logo Twind\" loading=\"lazy\" src=\"https:\/\/twind.io\/pt\/wp-content\/uploads\/2023\/04\/Logo-Twind.svg\" data-width=\"194\" data-height=\"50\" style=\"\" height=\"50\" width=\"194\"><\/span><\/p>\n<h1 style=\"text-align: center;\">Template em Excel<\/h1>\n<h1 style=\"text-align: center;\"><strong>Seguimento Documenta\u00e7\u00e3o<\/strong><strong>SST Empresas Subcontratadas<\/strong><\/h1>\n<p><span style=\"\"><a href=\"#tve-jump-1967b302a7e\" jump-animation=\"smooth\"><img decoding=\"async\" alt=\"\" data-id=\"1913\" width=\"514\" data-init-width=\"731\" height=\"707\" data-init-height=\"1005\" title=\"Seguimento Documenta\u00e7\u00e3o SST Empresas Subcontratadas\" loading=\"lazy\" src=\"https:\/\/twind.io\/pt\/wp-content\/uploads\/2025\/05\/Mockup-Vertical-1.png\" data-width=\"514\" data-height=\"707\" style=\"aspect-ratio: auto 731 \/ 1005;\" mt-d=\"-14\" ml-d=\"0\" center-v-d=\"false\" ml-m=\"0\" mt-m=\"0\" data-link-wrap=\"true\"><\/a><\/span><\/p>\n<p style=\"\"><strong><span style=\"font-size: 23px !important;\">Mantenha o controlo da documenta\u00e7\u00e3o dos seus prestadores de servi\u00e7os sem esfor\u00e7o<\/span><\/strong><\/p>\n<p style=\"\"><span style=\"font-size: 16px !important;\">Gerir a documenta\u00e7\u00e3o de prestadores de servi\u00e7os pode tornar-se uma tarefa complicada. Prazos de validade esquecidos, trocas intermin\u00e1veis de e-mails a solicitar documentos, informa\u00e7\u00e3o dispersa em diferentes ficheiros\u2026 Tudo isto n\u00e3o s\u00f3 consome tempo, como tamb\u00e9m aumenta o risco de incumprimentos legais.<\/span><\/p>\n<p style=\"\"><span style=\"font-size: 16px !important;\">Para o ajudar a organizar melhor este processo, <strong>cri\u00e1mos um template em Excel que lhe permitir\u00e1 registar, acompanhar e gerir <\/strong>toda a documenta\u00e7\u00e3o dos seus prestadores de servi\u00e7os de forma simples.<\/span><\/p>\n<p style=\"\"><span style=\"font-size: 16px !important;\">Fa\u00e7a o download gratuito e mantenha o controlo da documenta\u00e7\u00e3o sem perder horas em tarefas administrativas.<\/span><\/p>\n<h1 style=\"text-align: center;\">Torna a gest\u00e3o documental dos teus prestadoresde servi\u00e7os mais simples com o nosso template em Excel<\/h1>\n\n\t\t\t\t\t\t<script>\n\t\t\t\t\t\t\twindow.hsFormsOnReady = window.hsFormsOnReady || [];\n\t\t\t\t\t\t\twindow.hsFormsOnReady.push(()=>{\n\t\t\t\t\t\t\t\thbspt.forms.create({\n\t\t\t\t\t\t\t\t\tportalId: 146424663,\n\t\t\t\t\t\t\t\t\tformId: \"63428df8-2bf4-4a82-bf33-702ec8af6df7\",\n\t\t\t\t\t\t\t\t\ttarget: \"#hbspt-form-1776450928000-5565198842\",\n\t\t\t\t\t\t\t\t\tregion: \"eu1\",\n\t\t\t\t\t\t\t\t\t\n\t\t\t\t\t\t\t})});\n\t\t\t\t\t\t<\/script>\n\t\t\t\t\t\t<div class=\"hbspt-form\" id=\"hbspt-form-1776450928000-5565198842\"><\/div>\n<p style=\"\"><strong><span style=\"font-size: 23px !important;\">O que inclui este template?<\/span><\/strong><span style=\"font-size: 16px !important;\"><img decoding=\"async\" role=\"img\" alt=\"\ud83c\udf1f\" src=\"https:\/\/s.w.org\/images\/core\/emoji\/15.1.0\/svg\/1f31f.svg\"> Registar os documentos de cada prestador de servi\u00e7os e o seu estado.<\/span><\/p>\n<p style=\"\"><span style=\"font-size: 16px !important;\"><img decoding=\"async\" role=\"img\" alt=\"\ud83c\udf1f\" src=\"https:\/\/s.w.org\/images\/core\/emoji\/15.1.0\/svg\/1f31f.svg\"> Anotar datas de validade e receber alertas manuais para renova\u00e7\u00f5es.<\/span><\/p>\n<p style=\"\"><span style=\"font-size: 16px !important;\"><img decoding=\"async\" role=\"img\" alt=\"\ud83c\udf1f\" src=\"https:\/\/s.w.org\/images\/core\/emoji\/15.1.0\/svg\/1f31f.svg\"> Ter visibilidade sobre a documenta\u00e7\u00e3o obrigat\u00f3ria conforme a legisla\u00e7\u00e3o aplic\u00e1vel.<\/span><\/p>\n<p style=\"\"><span style=\"font-size: 16px !important;\"><img decoding=\"async\" role=\"img\" alt=\"\ud83c\udf1f\" src=\"https:\/\/s.w.org\/images\/core\/emoji\/15.1.0\/svg\/1f31f.svg\"> Organizar a informa\u00e7\u00e3o num formato acess\u00edvel e f\u00e1cil de utilizar.<\/span><\/p>\n<p style=\"\"><span style=\"font-size: 16px !important;\">Otimize o seu trabalho e evite a desorganiza\u00e7\u00e3o documental.<\/span><\/p>\n<p><span><img decoding=\"async\" alt=\"\" data-id=\"1912\" width=\"763\" data-init-width=\"1383\" height=\"492\" data-init-height=\"892\" title=\"Seguimento Documenta\u00e7\u00e3o SST Empresas Subcontratadas\" loading=\"lazy\" src=\"https:\/\/twind.io\/pt\/wp-content\/uploads\/2025\/05\/Mockup-Horizontal.png\" data-width=\"763\" data-height=\"492\" style=\"aspect-ratio: auto 1383 \/ 892;\"><\/span><\/p>\n<p style=\"color: var(--tcb-color-4) !important; --tcb-applied-color: var$(--tcb-color-4) !important;\"><strong><span data-contrast=\"auto\" lang=\"ES-ES\" style=\"--tcb-applied-color: var$(--tcb-color-4) !important;\"><span data-contrast=\"auto\" lang=\"ES-ES\" style=\"--tcb-applied-color: var$(--tcb-color-4) !important;\"><span data-contrast=\"none\" lang=\"ES-ES\" style=\"--tcb-applied-color: var$(--tcb-color-4) !important;\"><strong><span style=\"--tcb-applied-color: var$(--tcb-color-4) !important;\">Como utilizar<\/span><\/strong><\/span><\/span><\/span><\/strong><strong><span data-contrast=\"auto\" lang=\"ES-ES\" style=\"--tcb-applied-color: var$(--tcb-color-4) !important;\"><span data-contrast=\"auto\" lang=\"ES-ES\" style=\"--tcb-applied-color: var$(--tcb-color-4) !important;\"><span data-contrast=\"none\" lang=\"ES-ES\" style=\"--tcb-applied-color: var$(--tcb-color-4) !important;\"><strong><span style=\"--tcb-applied-color: var$(--tcb-color-4) !important;\">o template<\/span><\/strong><\/span><\/span><\/span><\/strong><\/p>\n<p><strong><span data-contrast=\"auto\" lang=\"ES-ES\" style=\"--tcb-applied-color: rgb(26, 48, 55) !important;\"><span data-contrast=\"auto\" lang=\"ES-ES\" style=\"--tcb-applied-color: rgb(26, 48, 55) !important;\"><span data-contrast=\"none\" lang=\"ES-ES\" style=\"--tcb-applied-color: rgb(26, 48, 55) !important;\"><strong><span style=\"--tcb-applied-color: rgb(26, 48, 55) !important;\">Cri\u00e1mos este template para que possa come\u00e7ar a utiliz\u00e1-lo de imediato, sem complica\u00e7\u00f5es. Siga estes passos e adapte o documento \u00e0s necessidades da sua empresa:<\/span><\/strong><\/span><\/span><\/span><\/strong><\/p>\n<ol>\n<li style=\"\"><span style=\"color: rgb(26, 48, 55) !important;\"><span style=\"--tcb-applied-color: rgb(26, 48, 55) !important;\">Descarregue o template introduzindo o seu email no formul\u00e1rio.<\/span><\/span><\/li>\n<li \"=\"\" tve-u-196ce453cc4\"=\"\" style=\"\"><span style=\"color: rgb(26, 48, 55) !important;\"><span style=\"--tcb-applied-color: rgb(26, 48, 55) !important;\">Abra o ficheiro em Excel e explore os tr\u00eas separadores dispon\u00edveis:<\/span><\/span><span style=\"color: rgb(26, 48, 55) !important;\"><span style=\"--tcb-applied-color: rgb(26, 48, 55) !important;\"><\/span><\/span>\n<ul>\n<li \"=\"\" tve-u-196ce453cc4\"=\"\" style=\"\"><span style=\"color: rgb(26, 48, 55) !important;\"><span style=\"--tcb-applied-color: rgb(26, 48, 55) !important;\">Documentos de Empresas, Documentos de Trabalhadores e<\/span><\/span><\/li>\n<li \"=\"\" tve-u-196ce453cc4\"=\"\" style=\"\"><span style=\"color: rgb(26, 48, 55) !important;\"><span style=\"--tcb-applied-color: rgb(26, 48, 55) !important;\">Documentos de Equipamentos de Trabalho.<\/span><\/span><\/li>\n<\/ul>\n<\/li>\n<li \"=\"\" tve-u-196ce453cc4\"=\"\" style=\"\"><span style=\"color: rgb(26, 48, 55) !important;\"><span style=\"--tcb-applied-color: rgb(26, 48, 55) !important;\">Personalize o template adicionando o log\u00f3tipo e os dados da sua empresa.<\/span><\/span><\/li>\n<li \"=\"\" tve-u-196ce453cc4\"=\"\" style=\"\"><span style=\"color: rgb(26, 48, 55) !important;\"><span style=\"--tcb-applied-color: rgb(26, 48, 55) !important;\">Registe a documenta\u00e7\u00e3o dos seus prestadores de servi\u00e7os e equipamentos de trabalho, preenchendo as c\u00e9lulas com datas e estados.<\/span><\/span><\/li>\n<li \"=\"\" tve-u-196ce453cc4\"=\"\" style=\"\"><span style=\"color: rgb(26, 48, 55) !important;\"><span style=\"--tcb-applied-color: rgb(26, 48, 55) !important;\">Acompanhe os prazos com o c\u00f3digo de cores: documentos expirados a vermelho, prestes a expirar (5 dias antes) a laranja e v\u00e1lidos a verde.<\/span><\/span><\/li>\n<li \"=\"\" tve-u-196ce453cc4\"=\"\" style=\"\"><span style=\"color: rgb(26, 48, 55) !important;\"><span style=\"--tcb-applied-color: rgb(26, 48, 55) !important;\"><\/span><\/span><span><span data-contrast=\"auto\" lang=\"ES-ES\" style=\"--tcb-applied-color: rgb(26, 48, 55) !important;\"><span data-contrast=\"auto\" lang=\"ES-ES\" style=\"--tcb-applied-color: rgb(26, 48, 55) !important;\"><span data-contrast=\"none\" lang=\"ES-ES\" style=\"--tcb-applied-color: rgb(26, 48, 55) !important;\"><span style=\"color: rgb(26, 48, 55) !important;\">Guarde e partilhe o template na cloud ou no seu computador para aceder \u00e0 informa\u00e7\u00e3o sempre que precisar.<\/span><\/span><\/span><\/span><\/span><\/li>\n<\/ol>\n<p style=\"\"><strong><span data-contrast=\"auto\" lang=\"ES-ES\" style=\"\"><span data-contrast=\"auto\" lang=\"ES-ES\" style=\"\"><span data-contrast=\"none\" lang=\"ES-ES\" style=\"\"><strong><span style=\"\">O desafio de gerir a documenta\u00e7\u00e3o de prestadores de servi\u00e7os<\/span><\/strong><\/span><\/span><\/span><\/strong><\/p>\n<p style=\"\"><strong><span data-contrast=\"auto\" lang=\"ES-ES\" style=\"--tcb-applied-color: rgb(26, 48, 55) !important;\"><span data-contrast=\"auto\" lang=\"ES-ES\" style=\"--tcb-applied-color: rgb(26, 48, 55) !important;\"><span data-contrast=\"none\" lang=\"ES-ES\" style=\"--tcb-applied-color: rgb(26, 48, 55) !important;\"><strong><span style=\"--tcb-applied-color: rgb(26, 48, 55) !important;\">Se gere a documenta\u00e7\u00e3o de prestadores de servi\u00e7os, sabe como pode ser dif\u00edcil controlar datas, renova\u00e7\u00f5es e requisitos legais. Sem um bom controlo, podem surgir problemas como:<\/span><\/strong><\/span><\/span><\/span><\/strong><span data-contrast=\"auto\" lang=\"ES-ES\" style=\"--tcb-applied-color: rgb(26, 48, 55) !important;\"><span data-contrast=\"auto\" lang=\"ES-ES\" style=\"--tcb-applied-color: rgb(26, 48, 55) !important;\"><span data-contrast=\"none\" lang=\"ES-ES\" style=\"--tcb-applied-color: rgb(26, 48, 55) !important;\"><span style=\"--tcb-applied-color: rgb(26, 48, 55) !important;\"><img decoding=\"async\" role=\"img\" alt=\"\u274c\" src=\"https:\/\/s.w.org\/images\/core\/emoji\/15.1.0\/svg\/274c.svg\"> Documentos expirados sem renova\u00e7\u00e3o.<img decoding=\"async\" role=\"img\" alt=\"\u274c\" src=\"https:\/\/s.w.org\/images\/core\/emoji\/15.1.0\/svg\/274c.svg\"> Falta de registos claros para inspe\u00e7\u00f5es.<img decoding=\"async\" role=\"img\" alt=\"\u274c\" src=\"https:\/\/s.w.org\/images\/core\/emoji\/15.1.0\/svg\/274c.svg\"> Horas de trabalho desperdi\u00e7adas \u00e0 procura de informa\u00e7\u00e3o dispersa.<img decoding=\"async\" role=\"img\" alt=\"\u274c\" src=\"https:\/\/s.w.org\/images\/core\/emoji\/15.1.0\/svg\/274c.svg\"> Risco de coimas por incumprimento legal.<\/span><\/span><\/span><\/span><\/p>\n<p style=\"\"><strong><span data-contrast=\"auto\" lang=\"ES-ES\" style=\"\"><span data-contrast=\"auto\" lang=\"ES-ES\" style=\"\"><span data-contrast=\"none\" lang=\"ES-ES\" style=\"\"><strong><span style=\"\">Quando o Excel j\u00e1n\u00e3o \u00e9 suficiente<\/span><\/strong><\/span><\/span><\/span><\/strong><\/p>\n<p style=\"\"><span data-contrast=\"auto\" lang=\"ES-ES\" style=\"--tcb-applied-color: rgb(26, 48, 55) !important;\"><span data-contrast=\"auto\" lang=\"ES-ES\" style=\"--tcb-applied-color: rgb(26, 48, 55) !important;\"><span data-contrast=\"none\" lang=\"ES-ES\" style=\"--tcb-applied-color: rgb(26, 48, 55) !important;\"><span style=\"--tcb-applied-color: rgb(26, 48, 55) !important;\">Ter um template estruturado pode ajud\u00e1-lo a organizar-se melhor, mas quando a documenta\u00e7\u00e3o come\u00e7a a multiplicar-se, o Excel deixa de ser a melhor op\u00e7\u00e3o. A gest\u00e3o torna-se ca\u00f3tica, os emails acumulam-se e o risco de erros aumenta.Com e-coordina, tudo muda. A nossa plataforma digitaliza por completo a gest\u00e3o e valida\u00e7\u00e3o da documenta\u00e7\u00e3o dos seus prestadores de servi\u00e7os. J\u00e1 n\u00e3o precisa de trocar dezenas de emails, porque s\u00e3o os pr\u00f3prios prestadores que carregam os seus documentos diretamente na plataforma. Se necess\u00e1rio, pode delegar a valida\u00e7\u00e3o a uma equipa de especialistas, garantindo que toda a documenta\u00e7\u00e3o cumpre os requisitos exigidos. Al\u00e9m disso, o sistema envia notifica\u00e7\u00f5es autom\u00e1ticas antes de cada prazo de validade, evitando atrasos e imprevistos.Toda a informa\u00e7\u00e3o fica centralizada, acess\u00edvel em qualquer momento e de forma segura.<\/span><\/span><\/span><\/span><strong><span data-contrast=\"auto\" lang=\"ES-ES\" style=\"--tcb-applied-color: rgb(26, 48, 55) !important;\"><span data-contrast=\"auto\" lang=\"ES-ES\" style=\"--tcb-applied-color: rgb(26, 48, 55) !important;\"><span data-contrast=\"none\" lang=\"ES-ES\" style=\"--tcb-applied-color: rgb(26, 48, 55) !important;\"><strong><span style=\"--tcb-applied-color: rgb(26, 48, 55) !important;\">Se quer deixar para tr\u00e1s o controlo manual no Excel e gerir a documenta\u00e7\u00e3o de SST de forma mais eficiente, descubra tudo o que o e-coordina pode fazer por si.<\/span><\/strong><\/span><\/span><\/span><\/strong><\/p>\n<p style=\"text-align: center;\"><strong><span style=\"font-size: 28px !important;\">Chega de erros na gest\u00e3o SST com subcontratados!<\/span><\/strong><\/p>\n<p style=\"text-align: center;\"><strong>Protege a tua empresa e as tuas equipas com este e-book<\/strong><\/p>\n","protected":false},"excerpt":{"rendered":"<p>Template em Excel Seguimento Documenta\u00e7\u00e3oSST Empresas Subcontratadas Mantenha o controlo da documenta\u00e7\u00e3o dos seus prestadores de servi\u00e7os sem esfor\u00e7o Gerir a documenta\u00e7\u00e3o de prestadores de servi\u00e7os pode tornar-se uma tarefa complicada. Prazos de validade esquecidos, trocas intermin\u00e1veis de e-mails a solicitar documentos, informa\u00e7\u00e3o dispersa em diferentes ficheiros\u2026 Tudo isto n\u00e3o s\u00f3 consome tempo, como tamb\u00e9m [&hellip;]<\/p>\n","protected":false},"author":3,"featured_media":0,"parent":0,"menu_order":0,"comment_status":"closed","ping_status":"closed","template":"","meta":{"content-type":"","footnotes":""},"class_list":["post-1911","page","type-page","status-publish","hentry","post-wrapper","thrv_wrapper"],"yoast_head":"<!-- This site is optimized with the Yoast SEO plugin v27.2 - https:\/\/yoast.com\/product\/yoast-seo-wordpress\/ -->\n<title>Template Excel | Seguimento Documenta\u00e7\u00e3o SST Empresas Subcontratadas<\/title>\n<meta name=\"description\" content=\"Torna a gest\u00e3o documental dos teus prestadores de servi\u00e7os mais simples com o nosso template em Excel. Descarrega o seu Excel agora.\" \/>\n<meta name=\"robots\" content=\"noindex, nofollow\" \/>\n<meta property=\"og:locale\" content=\"pt_PT\" \/>\n<meta property=\"og:type\" content=\"article\" \/>\n<meta property=\"og:title\" content=\"Template Excel | Seguimento Documenta\u00e7\u00e3o SST Empresas Subcontratadas\" \/>\n<meta property=\"og:description\" content=\"Torna a gest\u00e3o documental dos teus prestadores de servi\u00e7os mais simples com o nosso template em Excel. Descarrega o seu Excel agora.\" \/>\n<meta property=\"og:url\" content=\"https:\/\/twind.io\/pt\/template-seguimento-documentacao-sst-empresas-subcontratadas\/\" \/>\n<meta property=\"og:site_name\" content=\"Software Gest\u00e3o Documental de Fornecedores\" \/>\n<meta property=\"article:modified_time\" content=\"2025-10-22T08:45:15+00:00\" \/>\n<meta property=\"og:image\" content=\"https:\/\/twind.io\/pt\/wp-content\/uploads\/2023\/04\/Logo-Twind.svg\" \/>\n<meta name=\"twitter:card\" content=\"summary_large_image\" \/>\n<meta name=\"twitter:label1\" content=\"Tempo estimado de leitura\" \/>\n\t<meta name=\"twitter:data1\" content=\"5 minutos\" \/>\n<script type=\"application\/ld+json\" class=\"yoast-schema-graph\">{\"@context\":\"https:\/\/schema.org\",\"@graph\":[{\"@type\":\"WebPage\",\"@id\":\"https:\/\/twind.io\/pt\/template-seguimento-documentacao-sst-empresas-subcontratadas\/\",\"url\":\"https:\/\/twind.io\/pt\/template-seguimento-documentacao-sst-empresas-subcontratadas\/\",\"name\":\"Template Excel | Seguimento Documenta\u00e7\u00e3o SST Empresas Subcontratadas\",\"isPartOf\":{\"@id\":\"https:\/\/twind.io\/pt\/#website\"},\"primaryImageOfPage\":{\"@id\":\"https:\/\/twind.io\/pt\/template-seguimento-documentacao-sst-empresas-subcontratadas\/#primaryimage\"},\"image\":{\"@id\":\"https:\/\/twind.io\/pt\/template-seguimento-documentacao-sst-empresas-subcontratadas\/#primaryimage\"},\"thumbnailUrl\":\"https:\/\/twind.io\/pt\/wp-content\/uploads\/2023\/04\/Logo-Twind.svg\",\"datePublished\":\"2025-05-14T10:24:19+00:00\",\"dateModified\":\"2025-10-22T08:45:15+00:00\",\"description\":\"Torna a gest\u00e3o documental dos teus prestadores de servi\u00e7os mais simples com o nosso template em Excel. Descarrega o seu Excel agora.\",\"breadcrumb\":{\"@id\":\"https:\/\/twind.io\/pt\/template-seguimento-documentacao-sst-empresas-subcontratadas\/#breadcrumb\"},\"inLanguage\":\"pt-PT\",\"potentialAction\":[{\"@type\":\"ReadAction\",\"target\":[\"https:\/\/twind.io\/pt\/template-seguimento-documentacao-sst-empresas-subcontratadas\/\"]}]},{\"@type\":\"ImageObject\",\"inLanguage\":\"pt-PT\",\"@id\":\"https:\/\/twind.io\/pt\/template-seguimento-documentacao-sst-empresas-subcontratadas\/#primaryimage\",\"url\":\"https:\/\/twind.io\/pt\/wp-content\/uploads\/2023\/04\/Logo-Twind.svg\",\"contentUrl\":\"https:\/\/twind.io\/pt\/wp-content\/uploads\/2023\/04\/Logo-Twind.svg\"},{\"@type\":\"BreadcrumbList\",\"@id\":\"https:\/\/twind.io\/pt\/template-seguimento-documentacao-sst-empresas-subcontratadas\/#breadcrumb\",\"itemListElement\":[{\"@type\":\"ListItem\",\"position\":1,\"name\":\"Portada\",\"item\":\"https:\/\/twind.io\/pt\/\"},{\"@type\":\"ListItem\",\"position\":2,\"name\":\"LM -Template em Excel &#8211; Seguimento Documenta\u00e7\u00e3o SST Empresas Subcontratadas\"}]},{\"@type\":\"WebSite\",\"@id\":\"https:\/\/twind.io\/pt\/#website\",\"url\":\"https:\/\/twind.io\/pt\/\",\"name\":\"Software Gest\u00e3o Documental de Fornecedores\",\"description\":\"Software Gest\u00e3o Documental de Fornecedores e preven\u00e7\u00e3o da seguran\u00e7a e da sa\u00fade no trabalho\",\"potentialAction\":[{\"@type\":\"SearchAction\",\"target\":{\"@type\":\"EntryPoint\",\"urlTemplate\":\"https:\/\/twind.io\/pt\/?s={search_term_string}\"},\"query-input\":{\"@type\":\"PropertyValueSpecification\",\"valueRequired\":true,\"valueName\":\"search_term_string\"}}],\"inLanguage\":\"pt-PT\"}]}<\/script>\n<!-- \/ Yoast SEO plugin. -->","yoast_head_json":{"title":"Template Excel | Seguimento Documenta\u00e7\u00e3o SST Empresas Subcontratadas","description":"Torna a gest\u00e3o documental dos teus prestadores de servi\u00e7os mais simples com o nosso template em Excel. Descarrega o seu Excel agora.","robots":{"index":"noindex","follow":"nofollow"},"og_locale":"pt_PT","og_type":"article","og_title":"Template Excel | Seguimento Documenta\u00e7\u00e3o SST Empresas Subcontratadas","og_description":"Torna a gest\u00e3o documental dos teus prestadores de servi\u00e7os mais simples com o nosso template em Excel. Descarrega o seu Excel agora.","og_url":"https:\/\/twind.io\/pt\/template-seguimento-documentacao-sst-empresas-subcontratadas\/","og_site_name":"Software Gest\u00e3o Documental de Fornecedores","article_modified_time":"2025-10-22T08:45:15+00:00","og_image":[{"url":"https:\/\/twind.io\/pt\/wp-content\/uploads\/2023\/04\/Logo-Twind.svg","type":"","width":"","height":""}],"twitter_card":"summary_large_image","twitter_misc":{"Tempo estimado de leitura":"5 minutos"},"schema":{"@context":"https:\/\/schema.org","@graph":[{"@type":"WebPage","@id":"https:\/\/twind.io\/pt\/template-seguimento-documentacao-sst-empresas-subcontratadas\/","url":"https:\/\/twind.io\/pt\/template-seguimento-documentacao-sst-empresas-subcontratadas\/","name":"Template Excel | Seguimento Documenta\u00e7\u00e3o SST Empresas Subcontratadas","isPartOf":{"@id":"https:\/\/twind.io\/pt\/#website"},"primaryImageOfPage":{"@id":"https:\/\/twind.io\/pt\/template-seguimento-documentacao-sst-empresas-subcontratadas\/#primaryimage"},"image":{"@id":"https:\/\/twind.io\/pt\/template-seguimento-documentacao-sst-empresas-subcontratadas\/#primaryimage"},"thumbnailUrl":"https:\/\/twind.io\/pt\/wp-content\/uploads\/2023\/04\/Logo-Twind.svg","datePublished":"2025-05-14T10:24:19+00:00","dateModified":"2025-10-22T08:45:15+00:00","description":"Torna a gest\u00e3o documental dos teus prestadores de servi\u00e7os mais simples com o nosso template em Excel. Descarrega o seu Excel agora.","breadcrumb":{"@id":"https:\/\/twind.io\/pt\/template-seguimento-documentacao-sst-empresas-subcontratadas\/#breadcrumb"},"inLanguage":"pt-PT","potentialAction":[{"@type":"ReadAction","target":["https:\/\/twind.io\/pt\/template-seguimento-documentacao-sst-empresas-subcontratadas\/"]}]},{"@type":"ImageObject","inLanguage":"pt-PT","@id":"https:\/\/twind.io\/pt\/template-seguimento-documentacao-sst-empresas-subcontratadas\/#primaryimage","url":"https:\/\/twind.io\/pt\/wp-content\/uploads\/2023\/04\/Logo-Twind.svg","contentUrl":"https:\/\/twind.io\/pt\/wp-content\/uploads\/2023\/04\/Logo-Twind.svg"},{"@type":"BreadcrumbList","@id":"https:\/\/twind.io\/pt\/template-seguimento-documentacao-sst-empresas-subcontratadas\/#breadcrumb","itemListElement":[{"@type":"ListItem","position":1,"name":"Portada","item":"https:\/\/twind.io\/pt\/"},{"@type":"ListItem","position":2,"name":"LM -Template em Excel &#8211; Seguimento Documenta\u00e7\u00e3o SST Empresas Subcontratadas"}]},{"@type":"WebSite","@id":"https:\/\/twind.io\/pt\/#website","url":"https:\/\/twind.io\/pt\/","name":"Software Gest\u00e3o Documental de Fornecedores","description":"Software Gest\u00e3o Documental de Fornecedores e preven\u00e7\u00e3o da seguran\u00e7a e da sa\u00fade no trabalho","potentialAction":[{"@type":"SearchAction","target":{"@type":"EntryPoint","urlTemplate":"https:\/\/twind.io\/pt\/?s={search_term_string}"},"query-input":{"@type":"PropertyValueSpecification","valueRequired":true,"valueName":"search_term_string"}}],"inLanguage":"pt-PT"}]}},"_links":{"self":[{"href":"https:\/\/twind.io\/pt\/wp-json\/wp\/v2\/pages\/1911","targetHints":{"allow":["GET"]}}],"collection":[{"href":"https:\/\/twind.io\/pt\/wp-json\/wp\/v2\/pages"}],"about":[{"href":"https:\/\/twind.io\/pt\/wp-json\/wp\/v2\/types\/page"}],"author":[{"embeddable":true,"href":"https:\/\/twind.io\/pt\/wp-json\/wp\/v2\/users\/3"}],"replies":[{"embeddable":true,"href":"https:\/\/twind.io\/pt\/wp-json\/wp\/v2\/comments?post=1911"}],"version-history":[{"count":21,"href":"https:\/\/twind.io\/pt\/wp-json\/wp\/v2\/pages\/1911\/revisions"}],"predecessor-version":[{"id":2416,"href":"https:\/\/twind.io\/pt\/wp-json\/wp\/v2\/pages\/1911\/revisions\/2416"}],"wp:attachment":[{"href":"https:\/\/twind.io\/pt\/wp-json\/wp\/v2\/media?parent=1911"}],"curies":[{"name":"wp","href":"https:\/\/api.w.org\/{rel}","templated":true}]}}