{"id":1995,"date":"2025-05-22T08:03:18","date_gmt":"2025-05-22T08:03:18","guid":{"rendered":"https:\/\/twind.io\/pt\/?page_id=1995"},"modified":"2025-10-22T08:06:29","modified_gmt":"2025-10-22T08:06:29","slug":"e-book-manual-coordinacao","status":"publish","type":"page","link":"https:\/\/twind.io\/pt\/e-book-manual-coordinacao\/","title":{"rendered":"LM &#8211; Manual coordinac\u0327ao"},"content":{"rendered":"<p><span><img decoding=\"async\" alt=\"\" data-id=\"309\" title=\"Logo Twind\" src=\"https:\/\/twind.io\/pt\/wp-content\/uploads\/2023\/04\/Logo-Twind.svg\" data-width=\"194\" data-height=\"50\" style=\"\" height=\"50\" width=\"194\" loading=\"lazy\"><\/span><\/p>\n<h1 style=\"text-align: center;\">e-book: Download gratuito<\/h1>\n<h1 style=\"text-align: center;\"><strong>Garanta o cumprimento legal quando trabalha<\/strong><strong>com prestadores de servi\u00e7os externos<\/strong><\/h1>\n<p><span style=\"\"><img decoding=\"async\" alt=\"\" data-id=\"2146\" width=\"664\" data-init-width=\"1298\" height=\"697\" data-init-height=\"1363\" title=\"Capacitaciones\" src=\"https:\/\/twind.io\/pt\/wp-content\/uploads\/2025\/07\/Capacitaciones.png\" data-width=\"664\" data-height=\"697\" style=\"aspect-ratio: auto 1298 \/ 1363;\" mt-d=\"-27\" ml-d=\"0\" center-v-d=\"false\" loading=\"lazy\"><\/span><\/p>\n<p><strong>Contratar empresas externas implica mais do que celebrar um contrato.&nbsp;<\/strong><strong><\/strong><strong>Exige coordena\u00e7\u00e3o, responsabilidade e controlo rigoroso das condi\u00e7\u00f5es de Seguran\u00e7a e Sa\u00fade no Trabalho.<\/strong>Se n\u00e3o sabe exatamente quem tem de coordenar, o que deve verificar, ou quais os riscos legais do incumprimento, este manual \u00e9 para si.Para o ajudar, cri\u00e1mos um guia pr\u00e1tico com <strong>42 perguntas e respostas sobre a coordena\u00e7\u00e3o de SST de empresas subcontratadas<\/strong> \u2014 com base na legisla\u00e7\u00e3o portuguesa e nos casos mais comuns neste tipo de gest\u00e3o.<\/p>\n<h1 style=\"text-align: center;\">Preenche o formul\u00e1rio para receber o e-book no teu e-mail<\/h1>\n\n\t\t\t\t\t\t<script>\n\t\t\t\t\t\t\twindow.hsFormsOnReady = window.hsFormsOnReady || [];\n\t\t\t\t\t\t\twindow.hsFormsOnReady.push(()=>{\n\t\t\t\t\t\t\t\thbspt.forms.create({\n\t\t\t\t\t\t\t\t\tportalId: 146424663,\n\t\t\t\t\t\t\t\t\tformId: \"bcb33bb4-6936-422d-be8a-d58e55434250\",\n\t\t\t\t\t\t\t\t\ttarget: \"#hbspt-form-1775936745000-9308215403\",\n\t\t\t\t\t\t\t\t\tregion: \"eu1\",\n\t\t\t\t\t\t\t\t\t\n\t\t\t\t\t\t\t})});\n\t\t\t\t\t\t<\/script>\n\t\t\t\t\t\t<div class=\"hbspt-form\" id=\"hbspt-form-1775936745000-9308215403\"><\/div>\n<p style=\"\"><strong>Evite riscos legais e mantenha-se<\/strong><strong>em conformidade<\/strong><\/p>\n<p><span style=\"--tcb-applied-color: rgb(26, 48, 55) !important; color: rgb(26, 48, 55) !important; font-size: 16px !important;\"><img decoding=\"async\" role=\"img\" alt=\"\u2705\" src=\"https:\/\/s.w.org\/images\/core\/emoji\/16.0.1\/svg\/2705.svg\" loading=\"lazy\"> Saiba o que \u00e9 a coordena\u00e7\u00e3o em SST e quando se aplica<\/span><\/p>\n<p><span style=\"font-size: 16px !important;\"><span style=\"color: rgb(26, 48, 55) !important;\"><span style=\"--tcb-applied-color: rgb(26, 48, 55) !important;\"><img decoding=\"async\" role=\"img\" alt=\"\u2705\" src=\"https:\/\/s.w.org\/images\/core\/emoji\/16.0.1\/svg\/2705.svg\" loading=\"lazy\"> Conhe\u00e7a as obriga\u00e7\u00f5es da empresa contratante<\/span><\/span><\/span><\/p>\n<p><span style=\"font-size: 16px !important;\"><span style=\"color: rgb(26, 48, 55) !important;\"><span style=\"--tcb-applied-color: rgb(26, 48, 55) !important;\"><img decoding=\"async\" role=\"img\" alt=\"\u2705\" src=\"https:\/\/s.w.org\/images\/core\/emoji\/16.0.1\/svg\/2705.svg\" loading=\"lazy\"> Entenda como funciona a responsabilidade solid\u00e1ria<\/span><\/span><\/span><\/p>\n<p><span style=\"font-size: 16px !important;\"><span style=\"color: rgb(26, 48, 55) !important;\"><span style=\"--tcb-applied-color: rgb(26, 48, 55) !important;\"><img decoding=\"async\" role=\"img\" alt=\"\u2705\" src=\"https:\/\/s.w.org\/images\/core\/emoji\/16.0.1\/svg\/2705.svg\" loading=\"lazy\"> Descubra o que exige a lei quanto a forma\u00e7\u00e3o, avalia\u00e7\u00e3o de riscos e documenta\u00e7\u00e3o<\/span><\/span><\/span><\/p>\n<p style=\"\"><span style=\"--tcb-applied-color: rgb(26, 48, 55) !important; color: rgb(26, 48, 55) !important; font-size: 16px !important;\"><img decoding=\"async\" role=\"img\" alt=\"\u2705\" src=\"https:\/\/s.w.org\/images\/core\/emoji\/16.0.1\/svg\/2705.svg\" loading=\"lazy\"> Garanta que os seus fornecedores cumpram as regras \u2014 e que n\u00e3o comprometam a sua empresa<\/span><\/p>\n<p><span><img decoding=\"async\" alt=\"\" data-id=\"2003\" width=\"739\" data-init-width=\"1024\" height=\"476\" data-init-height=\"660\" title=\"Manual coordinacao\" src=\"https:\/\/twind.io\/pt\/wp-content\/uploads\/2025\/05\/Mockup-Manual-coordinacao-Horizontal-1024x660.png\" data-width=\"739\" data-height=\"476\" style=\"aspect-ratio: auto 1024 \/ 660;\" loading=\"lazy\"><\/span><\/p>\n<p style=\"text-align: center;\"><strong><span style=\"\">Descarregue agora gratuitamente o Manual de Coordena\u00e7\u00e3o e assegure o controlo sobre<\/span><\/strong><strong><span style=\"\">a seguran\u00e7a de todos os que operam nas suas instala\u00e7\u00f5es.<\/span><\/strong><\/p>\n","protected":false},"excerpt":{"rendered":"<p>e-book: Download gratuito Garanta o cumprimento legal quando trabalhacom prestadores de servi\u00e7os externos Contratar empresas externas implica mais do que celebrar um contrato.&nbsp;Exige coordena\u00e7\u00e3o, responsabilidade e controlo rigoroso das condi\u00e7\u00f5es de Seguran\u00e7a e Sa\u00fade no Trabalho.Se n\u00e3o sabe exatamente quem tem de coordenar, o que deve verificar, ou quais os riscos legais do incumprimento, este [&hellip;]<\/p>\n","protected":false},"author":3,"featured_media":0,"parent":0,"menu_order":0,"comment_status":"closed","ping_status":"closed","template":"","meta":{"content-type":"","footnotes":""},"class_list":["post-1995","page","type-page","status-publish","hentry","post-wrapper","thrv_wrapper"],"yoast_head":"<!-- This site is optimized with the Yoast SEO plugin v27.2 - https:\/\/yoast.com\/product\/yoast-seo-wordpress\/ -->\n<title>E-book - Manual coordinac\u0327ao<\/title>\n<meta name=\"description\" content=\"E-book - Manual coordinac\u0327ao\" \/>\n<meta name=\"robots\" content=\"noindex, nofollow\" \/>\n<meta property=\"og:locale\" content=\"pt_PT\" \/>\n<meta property=\"og:type\" content=\"article\" \/>\n<meta property=\"og:title\" content=\"E-book - Manual coordinac\u0327ao\" \/>\n<meta property=\"og:description\" content=\"E-book - Manual coordinac\u0327ao\" \/>\n<meta property=\"og:url\" content=\"https:\/\/twind.io\/pt\/e-book-manual-coordinacao\/\" \/>\n<meta property=\"og:site_name\" content=\"Software Gest\u00e3o Documental de Fornecedores\" \/>\n<meta property=\"article:modified_time\" content=\"2025-10-22T08:06:29+00:00\" \/>\n<meta property=\"og:image\" content=\"https:\/\/twind.io\/pt\/wp-content\/uploads\/2023\/04\/Logo-Twind.svg\" \/>\n<meta name=\"twitter:card\" content=\"summary_large_image\" \/>\n<meta name=\"twitter:label1\" content=\"Tempo estimado de leitura\" \/>\n\t<meta name=\"twitter:data1\" content=\"4 minutos\" \/>\n<script type=\"application\/ld+json\" class=\"yoast-schema-graph\">{\"@context\":\"https:\/\/schema.org\",\"@graph\":[{\"@type\":\"WebPage\",\"@id\":\"https:\/\/twind.io\/pt\/e-book-manual-coordinacao\/\",\"url\":\"https:\/\/twind.io\/pt\/e-book-manual-coordinacao\/\",\"name\":\"E-book - Manual coordinac\u0327ao\",\"isPartOf\":{\"@id\":\"https:\/\/twind.io\/pt\/#website\"},\"primaryImageOfPage\":{\"@id\":\"https:\/\/twind.io\/pt\/e-book-manual-coordinacao\/#primaryimage\"},\"image\":{\"@id\":\"https:\/\/twind.io\/pt\/e-book-manual-coordinacao\/#primaryimage\"},\"thumbnailUrl\":\"https:\/\/twind.io\/pt\/wp-content\/uploads\/2023\/04\/Logo-Twind.svg\",\"datePublished\":\"2025-05-22T08:03:18+00:00\",\"dateModified\":\"2025-10-22T08:06:29+00:00\",\"description\":\"E-book - Manual coordinac\u0327ao\",\"breadcrumb\":{\"@id\":\"https:\/\/twind.io\/pt\/e-book-manual-coordinacao\/#breadcrumb\"},\"inLanguage\":\"pt-PT\",\"potentialAction\":[{\"@type\":\"ReadAction\",\"target\":[\"https:\/\/twind.io\/pt\/e-book-manual-coordinacao\/\"]}]},{\"@type\":\"ImageObject\",\"inLanguage\":\"pt-PT\",\"@id\":\"https:\/\/twind.io\/pt\/e-book-manual-coordinacao\/#primaryimage\",\"url\":\"https:\/\/twind.io\/pt\/wp-content\/uploads\/2023\/04\/Logo-Twind.svg\",\"contentUrl\":\"https:\/\/twind.io\/pt\/wp-content\/uploads\/2023\/04\/Logo-Twind.svg\"},{\"@type\":\"BreadcrumbList\",\"@id\":\"https:\/\/twind.io\/pt\/e-book-manual-coordinacao\/#breadcrumb\",\"itemListElement\":[{\"@type\":\"ListItem\",\"position\":1,\"name\":\"Portada\",\"item\":\"https:\/\/twind.io\/pt\/\"},{\"@type\":\"ListItem\",\"position\":2,\"name\":\"LM &#8211; Manual coordinac\u0327ao\"}]},{\"@type\":\"WebSite\",\"@id\":\"https:\/\/twind.io\/pt\/#website\",\"url\":\"https:\/\/twind.io\/pt\/\",\"name\":\"Software Gest\u00e3o Documental de Fornecedores\",\"description\":\"Software Gest\u00e3o Documental de Fornecedores e preven\u00e7\u00e3o da seguran\u00e7a e da sa\u00fade no trabalho\",\"potentialAction\":[{\"@type\":\"SearchAction\",\"target\":{\"@type\":\"EntryPoint\",\"urlTemplate\":\"https:\/\/twind.io\/pt\/?s={search_term_string}\"},\"query-input\":{\"@type\":\"PropertyValueSpecification\",\"valueRequired\":true,\"valueName\":\"search_term_string\"}}],\"inLanguage\":\"pt-PT\"}]}<\/script>\n<!-- \/ Yoast SEO plugin. -->","yoast_head_json":{"title":"E-book - Manual coordinac\u0327ao","description":"E-book - Manual coordinac\u0327ao","robots":{"index":"noindex","follow":"nofollow"},"og_locale":"pt_PT","og_type":"article","og_title":"E-book - Manual coordinac\u0327ao","og_description":"E-book - Manual coordinac\u0327ao","og_url":"https:\/\/twind.io\/pt\/e-book-manual-coordinacao\/","og_site_name":"Software Gest\u00e3o Documental de Fornecedores","article_modified_time":"2025-10-22T08:06:29+00:00","og_image":[{"url":"https:\/\/twind.io\/pt\/wp-content\/uploads\/2023\/04\/Logo-Twind.svg","type":"","width":"","height":""}],"twitter_card":"summary_large_image","twitter_misc":{"Tempo estimado de leitura":"4 minutos"},"schema":{"@context":"https:\/\/schema.org","@graph":[{"@type":"WebPage","@id":"https:\/\/twind.io\/pt\/e-book-manual-coordinacao\/","url":"https:\/\/twind.io\/pt\/e-book-manual-coordinacao\/","name":"E-book - Manual coordinac\u0327ao","isPartOf":{"@id":"https:\/\/twind.io\/pt\/#website"},"primaryImageOfPage":{"@id":"https:\/\/twind.io\/pt\/e-book-manual-coordinacao\/#primaryimage"},"image":{"@id":"https:\/\/twind.io\/pt\/e-book-manual-coordinacao\/#primaryimage"},"thumbnailUrl":"https:\/\/twind.io\/pt\/wp-content\/uploads\/2023\/04\/Logo-Twind.svg","datePublished":"2025-05-22T08:03:18+00:00","dateModified":"2025-10-22T08:06:29+00:00","description":"E-book - Manual coordinac\u0327ao","breadcrumb":{"@id":"https:\/\/twind.io\/pt\/e-book-manual-coordinacao\/#breadcrumb"},"inLanguage":"pt-PT","potentialAction":[{"@type":"ReadAction","target":["https:\/\/twind.io\/pt\/e-book-manual-coordinacao\/"]}]},{"@type":"ImageObject","inLanguage":"pt-PT","@id":"https:\/\/twind.io\/pt\/e-book-manual-coordinacao\/#primaryimage","url":"https:\/\/twind.io\/pt\/wp-content\/uploads\/2023\/04\/Logo-Twind.svg","contentUrl":"https:\/\/twind.io\/pt\/wp-content\/uploads\/2023\/04\/Logo-Twind.svg"},{"@type":"BreadcrumbList","@id":"https:\/\/twind.io\/pt\/e-book-manual-coordinacao\/#breadcrumb","itemListElement":[{"@type":"ListItem","position":1,"name":"Portada","item":"https:\/\/twind.io\/pt\/"},{"@type":"ListItem","position":2,"name":"LM &#8211; Manual coordinac\u0327ao"}]},{"@type":"WebSite","@id":"https:\/\/twind.io\/pt\/#website","url":"https:\/\/twind.io\/pt\/","name":"Software Gest\u00e3o Documental de Fornecedores","description":"Software Gest\u00e3o Documental de Fornecedores e preven\u00e7\u00e3o da seguran\u00e7a e da sa\u00fade no trabalho","potentialAction":[{"@type":"SearchAction","target":{"@type":"EntryPoint","urlTemplate":"https:\/\/twind.io\/pt\/?s={search_term_string}"},"query-input":{"@type":"PropertyValueSpecification","valueRequired":true,"valueName":"search_term_string"}}],"inLanguage":"pt-PT"}]}},"_links":{"self":[{"href":"https:\/\/twind.io\/pt\/wp-json\/wp\/v2\/pages\/1995","targetHints":{"allow":["GET"]}}],"collection":[{"href":"https:\/\/twind.io\/pt\/wp-json\/wp\/v2\/pages"}],"about":[{"href":"https:\/\/twind.io\/pt\/wp-json\/wp\/v2\/types\/page"}],"author":[{"embeddable":true,"href":"https:\/\/twind.io\/pt\/wp-json\/wp\/v2\/users\/3"}],"replies":[{"embeddable":true,"href":"https:\/\/twind.io\/pt\/wp-json\/wp\/v2\/comments?post=1995"}],"version-history":[{"count":32,"href":"https:\/\/twind.io\/pt\/wp-json\/wp\/v2\/pages\/1995\/revisions"}],"predecessor-version":[{"id":2414,"href":"https:\/\/twind.io\/pt\/wp-json\/wp\/v2\/pages\/1995\/revisions\/2414"}],"wp:attachment":[{"href":"https:\/\/twind.io\/pt\/wp-json\/wp\/v2\/media?parent=1995"}],"curies":[{"name":"wp","href":"https:\/\/api.w.org\/{rel}","templated":true}]}}