{"id":2038,"date":"2025-06-07T07:55:37","date_gmt":"2025-06-07T07:55:37","guid":{"rendered":"https:\/\/twind.io\/pt\/?page_id=2038"},"modified":"2025-11-12T11:13:48","modified_gmt":"2025-11-12T11:13:48","slug":"webinario-iso-45001-na-cadeia-de-fornecimento","status":"publish","type":"page","link":"https:\/\/twind.io\/pt\/webinario-iso-45001-na-cadeia-de-fornecimento\/","title":{"rendered":"Webin\u00e1rio ISO 45001 na Cadeia de Fornecimento: Riscos, requisitos e boas pr\u00e1ticas\u00a0"},"content":{"rendered":"<p><span style=\"\"><img decoding=\"async\" alt=\"Logo twind by ctaima\" data-id=\"1293\" width=\"177\" data-init-width=\"697\" height=\"53\" data-init-height=\"209\" title=\"Logo twind by ctaima\" src=\"https:\/\/twind.io\/pt\/wp-content\/uploads\/2025\/03\/logo-twind-by-ctaima.png\" data-width=\"177\" data-height=\"53\" style=\"aspect-ratio: auto 697 \/ 209;\" mt-d=\"-0.5313000000000017\" ml-d=\"0\" center-v-d=\"false\" loading=\"lazy\"><\/span><\/p>\n<p style=\"text-align: center;\">Webin\u00e1rio exclusivo<\/p>\n<h2 style=\"text-align: center;\"><strong><span dir=\"ltr\"><strong>ISO 45001 na Cadeia de Fornecimento: Riscos, requisitos e boas pr\u00e1ticas&nbsp;<\/strong><\/span><\/strong><\/h2>\n<p><span style=\"font-size: 16px !important;\"><strong><\/strong><\/span><span style=\"font-size: 16px !important;\">A gest\u00e3o de fornecedores e subcontratados \u00e9 um ponto cr\u00edtico para qualquer organiza\u00e7\u00e3o. Assegurar o cumprimento, coordenar as atividades e garantir um local de trabalho seguro para todos pode ser bastante complexo. Sabias que a norma ISO 45001 oferece um enquadramento eficaz para enfrentar esta tarefa cr\u00edtica e garantir a seguran\u00e7a de todos os trabalhadores? Esta norma internacional n\u00e3o se aplica apenas aos teus trabalhadores diretos, mas tamb\u00e9m \u00e0queles que prestam servi\u00e7os \u00e0 tua organiza\u00e7\u00e3o, ajudando-te a integrar contratados no teu sistema de gest\u00e3o de SST de forma eficaz e sistem\u00e1tica. Mas&#8230; quais s\u00e3o exatamente as exig\u00eancias da ISO 45001 nesta mat\u00e9ria? Como deve a tua empresa controlar o desempenho dos fornecedores? O que precisas de documentar e exigir contratualmente para estar em conformidade? Este webinar gratuito foi criado para responder a estas perguntas e dar-te ferramentas pr\u00e1ticas para aplicar a ISO 45001 \u00e0 cadeia de fornecimento com efic\u00e1cia e rigor.<\/span><\/p>\n<p><span style=\"font-size: 16px !important;\"><\/span><\/p>\n<p><span data-contrast=\"auto\" lang=\"ES-ES\"><strong><span><span style=\"font-size: 19px !important;\"><strong>O que vais aprender?<\/strong><\/span><\/span><\/strong><\/span><img decoding=\"async\" role=\"img\" alt=\"\u2705\" src=\"https:\/\/s.w.org\/images\/core\/emoji\/16.0.1\/svg\/2705.svg\"> Que cl\u00e1usulas da ISO 45001 se aplicam diretamente \u00e0 gest\u00e3o de fornecedores e subcontratados.<img decoding=\"async\" role=\"img\" alt=\"\u2705\" src=\"https:\/\/s.w.org\/images\/core\/emoji\/16.0.1\/svg\/2705.svg\"> Como integrar os requisitos da norma na avalia\u00e7\u00e3o, contrata\u00e7\u00e3o e acompanhamento de prestadores de servi\u00e7os.<img decoding=\"async\" role=\"img\" alt=\"\u2705\" src=\"https:\/\/s.w.org\/images\/core\/emoji\/16.0.1\/svg\/2705.svg\"> O papel da consulta, comunica\u00e7\u00e3o e controlo operacional na cadeia de fornecimento.<img decoding=\"async\" role=\"img\" alt=\"\u2705\" src=\"https:\/\/s.w.org\/images\/core\/emoji\/16.0.1\/svg\/2705.svg\"> Boas pr\u00e1ticas para garantir que os teus fornecedores cumprem os mesmos padr\u00f5es de seguran\u00e7a.<img decoding=\"async\" role=\"img\" alt=\"\u2705\" src=\"https:\/\/s.w.org\/images\/core\/emoji\/16.0.1\/svg\/2705.svg\"> Como a ISO 45001 pode ajudar a demonstrar dilig\u00eancia e conformidade legal, reduzindo riscos de responsabilidade solid\u00e1ria.<\/p>\n<p><strong>Para quem \u00e9 este webinar?<\/strong><\/p>\n<p><img decoding=\"async\" role=\"img\" alt=\"\ud83d\udd37\" src=\"https:\/\/s.w.org\/images\/core\/emoji\/16.0.1\/svg\/1f537.svg\"> Respons\u00e1veis e T\u00e9cnicos de SST que gerem trabalhos subcontratados.<img decoding=\"async\" role=\"img\" alt=\"\ud83d\udd37\" src=\"https:\/\/s.w.org\/images\/core\/emoji\/16.0.1\/svg\/1f537.svg\"> Profissionais de compras, procurement e contrata\u00e7\u00e3o de servi\u00e7os.<img decoding=\"async\" role=\"img\" alt=\"\ud83d\udd37\" src=\"https:\/\/s.w.org\/images\/core\/emoji\/16.0.1\/svg\/1f537.svg\"> Respons\u00e1veis de compliance, jur\u00eddico e prote\u00e7\u00e3o de dados.<img decoding=\"async\" role=\"img\" alt=\"\ud83d\udd37\" src=\"https:\/\/s.w.org\/images\/core\/emoji\/16.0.1\/svg\/1f537.svg\"> Empresas que gerem fornecedores ou subcontratados com acesso a dados pessoais.<img decoding=\"async\" role=\"img\" alt=\"\ud83d\udd37\" src=\"https:\/\/s.w.org\/images\/core\/emoji\/16.0.1\/svg\/1f537.svg\"> Empresas certificadas na Norma ISO 45001 ou empresas em processo de implementa\u00e7\u00e3o da Norma ISO 45001.<\/p>\n<h3 style=\"text-align: center;\">Preencha o formul\u00e1rio<\/h3>\n<p style=\"text-align: center;\">Enviaremos o acesso por e-mail<\/p>\n\n\t\t\t\t\t\t<script>\n\t\t\t\t\t\t\twindow.hsFormsOnReady = window.hsFormsOnReady || [];\n\t\t\t\t\t\t\twindow.hsFormsOnReady.push(()=>{\n\t\t\t\t\t\t\t\thbspt.forms.create({\n\t\t\t\t\t\t\t\t\tportalId: 146424663,\n\t\t\t\t\t\t\t\t\tformId: \"cbe69a74-69de-42f1-b928-cb4adbd8c199\",\n\t\t\t\t\t\t\t\t\ttarget: \"#hbspt-form-1776450884000-7069740113\",\n\t\t\t\t\t\t\t\t\tregion: \"eu1\",\n\t\t\t\t\t\t\t\t\t\n\t\t\t\t\t\t\t})});\n\t\t\t\t\t\t<\/script>\n\t\t\t\t\t\t<div class=\"hbspt-form\" id=\"hbspt-form-1776450884000-7069740113\"><\/div>\n<h3 style=\"text-align: center;\"><\/h3>\n<p style=\"text-align: center;\"><span data-ccp-props=\"{&quot;201341983&quot;:0,&quot;335559739&quot;:160,&quot;335559740&quot;:259}\" style=\"\"><strong><strong>Orador:<\/strong><\/strong><\/span><\/p>\n<p><span style=\"\"><img decoding=\"async\" alt=\"sofia\" data-id=\"1498\" width=\"171\" data-init-width=\"401\" height=\"186\" data-init-height=\"437\" title=\"sofia\" src=\"https:\/\/twind.io\/pt\/wp-content\/uploads\/2025\/03\/image-10-1.png\" data-width=\"171\" data-height=\"186\" style=\"aspect-ratio: auto 401 \/ 437;\" mt-d=\"0\" ml-d=\"0\" center-v-d=\"false\" mt-t=\"-7.391000000000005\" ml-t=\"0\" center-h-d=\"false\" loading=\"lazy\" mt-m=\"-1.1089999999999947\" ml-m=\"0\"><\/span><\/p>\n<p style=\"text-align: left;\"><span data-ccp-props=\"{&quot;201341983&quot;:0,&quot;335559739&quot;:160,&quot;335559740&quot;:259}\"><strong><span style=\"--tcb-applied-color: var$(--tcb-skin-color-0) !important; color: var(--tcb-skin-color-0) !important;\">Sofia Silva<\/span><\/strong><\/span><\/p>\n<p style=\"text-align: left;\"><span data-ccp-props=\"{&quot;201341983&quot;:0,&quot;335559739&quot;:160,&quot;335559740&quot;:259}\" style=\"font-size: 18px !important;\">Consultora EHS<\/span><\/p>\n<p style=\"text-align: left;\"><span data-ccp-props=\"{&quot;201341983&quot;:0,&quot;335559739&quot;:160,&quot;335559740&quot;:259}\" style=\"font-size: 18px !important;\">CTAIMA Portugal<\/span><\/p>\n","protected":false},"excerpt":{"rendered":"<p>Webin\u00e1rio exclusivo ISO 45001 na Cadeia de Fornecimento: Riscos, requisitos e boas pr\u00e1ticas&nbsp; A gest\u00e3o de fornecedores e subcontratados \u00e9 um ponto cr\u00edtico para qualquer organiza\u00e7\u00e3o. Assegurar o cumprimento, coordenar as atividades e garantir um local de trabalho seguro para todos pode ser bastante complexo. Sabias que a norma ISO 45001 oferece um enquadramento eficaz [&hellip;]<\/p>\n","protected":false},"author":3,"featured_media":0,"parent":0,"menu_order":0,"comment_status":"closed","ping_status":"closed","template":"","meta":{"content-type":"","footnotes":""},"class_list":["post-2038","page","type-page","status-publish","hentry","post-wrapper","thrv_wrapper"],"yoast_head":"<!-- This site is optimized with the Yoast SEO plugin v27.2 - https:\/\/yoast.com\/product\/yoast-seo-wordpress\/ -->\n<title>Webin\u00e1rio ISO 45001 na Cadeia de Fornecimento<\/title>\n<meta name=\"description\" content=\"Webin\u00e1rio RGPD Aplicado \u00e0 Gest\u00e3o de Fornecedores\" \/>\n<meta name=\"robots\" content=\"noindex, nofollow\" \/>\n<meta property=\"og:locale\" content=\"pt_PT\" \/>\n<meta property=\"og:type\" content=\"article\" \/>\n<meta property=\"og:title\" content=\"Webin\u00e1rio ISO 45001 na Cadeia de Fornecimento\" \/>\n<meta property=\"og:description\" content=\"Webin\u00e1rio RGPD Aplicado \u00e0 Gest\u00e3o de Fornecedores\" \/>\n<meta property=\"og:url\" content=\"https:\/\/twind.io\/pt\/webinario-iso-45001-na-cadeia-de-fornecimento\/\" \/>\n<meta property=\"og:site_name\" content=\"Software Gest\u00e3o Documental de Fornecedores\" \/>\n<meta property=\"article:modified_time\" content=\"2025-11-12T11:13:48+00:00\" \/>\n<meta property=\"og:image\" content=\"https:\/\/twind.io\/pt\/wp-content\/uploads\/2025\/03\/logo-twind-by-ctaima.png\" \/>\n<meta name=\"twitter:card\" content=\"summary_large_image\" \/>\n<meta name=\"twitter:label1\" content=\"Tempo estimado de leitura\" \/>\n\t<meta name=\"twitter:data1\" content=\"4 minutos\" \/>\n<script type=\"application\/ld+json\" class=\"yoast-schema-graph\">{\"@context\":\"https:\/\/schema.org\",\"@graph\":[{\"@type\":\"WebPage\",\"@id\":\"https:\/\/twind.io\/pt\/webinario-iso-45001-na-cadeia-de-fornecimento\/\",\"url\":\"https:\/\/twind.io\/pt\/webinario-iso-45001-na-cadeia-de-fornecimento\/\",\"name\":\"Webin\u00e1rio ISO 45001 na Cadeia de Fornecimento\",\"isPartOf\":{\"@id\":\"https:\/\/twind.io\/pt\/#website\"},\"primaryImageOfPage\":{\"@id\":\"https:\/\/twind.io\/pt\/webinario-iso-45001-na-cadeia-de-fornecimento\/#primaryimage\"},\"image\":{\"@id\":\"https:\/\/twind.io\/pt\/webinario-iso-45001-na-cadeia-de-fornecimento\/#primaryimage\"},\"thumbnailUrl\":\"https:\/\/twind.io\/pt\/wp-content\/uploads\/2025\/03\/logo-twind-by-ctaima.png\",\"datePublished\":\"2025-06-07T07:55:37+00:00\",\"dateModified\":\"2025-11-12T11:13:48+00:00\",\"description\":\"Webin\u00e1rio RGPD Aplicado \u00e0 Gest\u00e3o de Fornecedores\",\"breadcrumb\":{\"@id\":\"https:\/\/twind.io\/pt\/webinario-iso-45001-na-cadeia-de-fornecimento\/#breadcrumb\"},\"inLanguage\":\"pt-PT\",\"potentialAction\":[{\"@type\":\"ReadAction\",\"target\":[\"https:\/\/twind.io\/pt\/webinario-iso-45001-na-cadeia-de-fornecimento\/\"]}]},{\"@type\":\"ImageObject\",\"inLanguage\":\"pt-PT\",\"@id\":\"https:\/\/twind.io\/pt\/webinario-iso-45001-na-cadeia-de-fornecimento\/#primaryimage\",\"url\":\"https:\/\/twind.io\/pt\/wp-content\/uploads\/2025\/03\/logo-twind-by-ctaima.png\",\"contentUrl\":\"https:\/\/twind.io\/pt\/wp-content\/uploads\/2025\/03\/logo-twind-by-ctaima.png\",\"width\":697,\"height\":209,\"caption\":\"Twind\"},{\"@type\":\"BreadcrumbList\",\"@id\":\"https:\/\/twind.io\/pt\/webinario-iso-45001-na-cadeia-de-fornecimento\/#breadcrumb\",\"itemListElement\":[{\"@type\":\"ListItem\",\"position\":1,\"name\":\"Portada\",\"item\":\"https:\/\/twind.io\/pt\/\"},{\"@type\":\"ListItem\",\"position\":2,\"name\":\"Webin\u00e1rio ISO 45001 na Cadeia de Fornecimento: Riscos, requisitos e boas pr\u00e1ticas\u00a0\"}]},{\"@type\":\"WebSite\",\"@id\":\"https:\/\/twind.io\/pt\/#website\",\"url\":\"https:\/\/twind.io\/pt\/\",\"name\":\"Software Gest\u00e3o Documental de Fornecedores\",\"description\":\"Software Gest\u00e3o Documental de Fornecedores e preven\u00e7\u00e3o da seguran\u00e7a e da sa\u00fade no trabalho\",\"potentialAction\":[{\"@type\":\"SearchAction\",\"target\":{\"@type\":\"EntryPoint\",\"urlTemplate\":\"https:\/\/twind.io\/pt\/?s={search_term_string}\"},\"query-input\":{\"@type\":\"PropertyValueSpecification\",\"valueRequired\":true,\"valueName\":\"search_term_string\"}}],\"inLanguage\":\"pt-PT\"}]}<\/script>\n<!-- \/ Yoast SEO plugin. -->","yoast_head_json":{"title":"Webin\u00e1rio ISO 45001 na Cadeia de Fornecimento","description":"Webin\u00e1rio RGPD Aplicado \u00e0 Gest\u00e3o de Fornecedores","robots":{"index":"noindex","follow":"nofollow"},"og_locale":"pt_PT","og_type":"article","og_title":"Webin\u00e1rio ISO 45001 na Cadeia de Fornecimento","og_description":"Webin\u00e1rio RGPD Aplicado \u00e0 Gest\u00e3o de Fornecedores","og_url":"https:\/\/twind.io\/pt\/webinario-iso-45001-na-cadeia-de-fornecimento\/","og_site_name":"Software Gest\u00e3o Documental de Fornecedores","article_modified_time":"2025-11-12T11:13:48+00:00","og_image":[{"url":"https:\/\/twind.io\/pt\/wp-content\/uploads\/2025\/03\/logo-twind-by-ctaima.png","type":"","width":"","height":""}],"twitter_card":"summary_large_image","twitter_misc":{"Tempo estimado de leitura":"4 minutos"},"schema":{"@context":"https:\/\/schema.org","@graph":[{"@type":"WebPage","@id":"https:\/\/twind.io\/pt\/webinario-iso-45001-na-cadeia-de-fornecimento\/","url":"https:\/\/twind.io\/pt\/webinario-iso-45001-na-cadeia-de-fornecimento\/","name":"Webin\u00e1rio ISO 45001 na Cadeia de Fornecimento","isPartOf":{"@id":"https:\/\/twind.io\/pt\/#website"},"primaryImageOfPage":{"@id":"https:\/\/twind.io\/pt\/webinario-iso-45001-na-cadeia-de-fornecimento\/#primaryimage"},"image":{"@id":"https:\/\/twind.io\/pt\/webinario-iso-45001-na-cadeia-de-fornecimento\/#primaryimage"},"thumbnailUrl":"https:\/\/twind.io\/pt\/wp-content\/uploads\/2025\/03\/logo-twind-by-ctaima.png","datePublished":"2025-06-07T07:55:37+00:00","dateModified":"2025-11-12T11:13:48+00:00","description":"Webin\u00e1rio RGPD Aplicado \u00e0 Gest\u00e3o de Fornecedores","breadcrumb":{"@id":"https:\/\/twind.io\/pt\/webinario-iso-45001-na-cadeia-de-fornecimento\/#breadcrumb"},"inLanguage":"pt-PT","potentialAction":[{"@type":"ReadAction","target":["https:\/\/twind.io\/pt\/webinario-iso-45001-na-cadeia-de-fornecimento\/"]}]},{"@type":"ImageObject","inLanguage":"pt-PT","@id":"https:\/\/twind.io\/pt\/webinario-iso-45001-na-cadeia-de-fornecimento\/#primaryimage","url":"https:\/\/twind.io\/pt\/wp-content\/uploads\/2025\/03\/logo-twind-by-ctaima.png","contentUrl":"https:\/\/twind.io\/pt\/wp-content\/uploads\/2025\/03\/logo-twind-by-ctaima.png","width":697,"height":209,"caption":"Twind"},{"@type":"BreadcrumbList","@id":"https:\/\/twind.io\/pt\/webinario-iso-45001-na-cadeia-de-fornecimento\/#breadcrumb","itemListElement":[{"@type":"ListItem","position":1,"name":"Portada","item":"https:\/\/twind.io\/pt\/"},{"@type":"ListItem","position":2,"name":"Webin\u00e1rio ISO 45001 na Cadeia de Fornecimento: Riscos, requisitos e boas pr\u00e1ticas\u00a0"}]},{"@type":"WebSite","@id":"https:\/\/twind.io\/pt\/#website","url":"https:\/\/twind.io\/pt\/","name":"Software Gest\u00e3o Documental de Fornecedores","description":"Software Gest\u00e3o Documental de Fornecedores e preven\u00e7\u00e3o da seguran\u00e7a e da sa\u00fade no trabalho","potentialAction":[{"@type":"SearchAction","target":{"@type":"EntryPoint","urlTemplate":"https:\/\/twind.io\/pt\/?s={search_term_string}"},"query-input":{"@type":"PropertyValueSpecification","valueRequired":true,"valueName":"search_term_string"}}],"inLanguage":"pt-PT"}]}},"_links":{"self":[{"href":"https:\/\/twind.io\/pt\/wp-json\/wp\/v2\/pages\/2038","targetHints":{"allow":["GET"]}}],"collection":[{"href":"https:\/\/twind.io\/pt\/wp-json\/wp\/v2\/pages"}],"about":[{"href":"https:\/\/twind.io\/pt\/wp-json\/wp\/v2\/types\/page"}],"author":[{"embeddable":true,"href":"https:\/\/twind.io\/pt\/wp-json\/wp\/v2\/users\/3"}],"replies":[{"embeddable":true,"href":"https:\/\/twind.io\/pt\/wp-json\/wp\/v2\/comments?post=2038"}],"version-history":[{"count":22,"href":"https:\/\/twind.io\/pt\/wp-json\/wp\/v2\/pages\/2038\/revisions"}],"predecessor-version":[{"id":2469,"href":"https:\/\/twind.io\/pt\/wp-json\/wp\/v2\/pages\/2038\/revisions\/2469"}],"wp:attachment":[{"href":"https:\/\/twind.io\/pt\/wp-json\/wp\/v2\/media?parent=2038"}],"curies":[{"name":"wp","href":"https:\/\/api.w.org\/{rel}","templated":true}]}}