{"id":2049,"date":"2025-06-09T14:49:03","date_gmt":"2025-06-09T14:49:03","guid":{"rendered":"https:\/\/twind.io\/pt\/?page_id=2049"},"modified":"2025-07-28T06:25:32","modified_gmt":"2025-07-28T06:25:32","slug":"webinario-radao-nos-locais-de-trabalho","status":"publish","type":"page","link":"https:\/\/twind.io\/pt\/webinario-radao-nos-locais-de-trabalho\/","title":{"rendered":"Webin\u00e1rio Rad\u00e3o nos Locais de Trabalho: Obriga\u00e7\u00f5es Legais e Medidas de Preven\u00e7\u00e3o\u00a0"},"content":{"rendered":"<p><span style=\"\"><img decoding=\"async\" alt=\"Logo twind by ctaima\" data-id=\"1293\" width=\"177\" data-init-width=\"697\" height=\"53\" data-init-height=\"209\" title=\"Logo twind by ctaima\" src=\"https:\/\/twind.io\/pt\/wp-content\/uploads\/2025\/03\/logo-twind-by-ctaima.png\" data-width=\"177\" data-height=\"53\" style=\"aspect-ratio: auto 697 \/ 209;\" mt-d=\"-0.5313000000000017\" ml-d=\"0\" center-v-d=\"false\" loading=\"lazy\"><\/span><\/p>\n<p style=\"text-align: center;\">Webin\u00e1rio exclusivo<\/p>\n<h2 style=\"text-align: center;\"><strong><span dir=\"ltr\"><strong>Rad\u00e3o nos Locais de Trabalho: <\/strong><\/span><\/strong><\/h2>\n<h2 style=\"text-align: center;\"><span style=\"font-weight: normal;\"><span dir=\"ltr\" style=\"\">Obriga\u00e7\u00f5es Legais e Medidas de Preven\u00e7\u00e3o<\/span><\/span><\/h2>\n<p><span style=\"font-size: 16px !important;\">O rad\u00e3o \u00e9 um g\u00e1s radioativo natural, invis\u00edvel e inodoro, que representa um risco real para a sa\u00fade dos trabalhadores quando presente em concentra\u00e7\u00f5es elevadas nos locais de trabalho. Sabias que, segundo a OMS, \u00e9 a segunda principal causa de cancro do pulm\u00e3o, a seguir ao tabaco?Neste webinar gratuito, vamos explicar tudo o que precisas de saber sobre a gest\u00e3o do risco do rad\u00e3o em contexto laboral: desde a legisla\u00e7\u00e3o aplic\u00e1vel at\u00e9 \u00e0 monitoriza\u00e7\u00e3o, medi\u00e7\u00e3o e mitiga\u00e7\u00e3o.<\/span><\/p>\n<p><span style=\"font-size: 16px !important;\"><\/span><\/p>\n<p><span data-contrast=\"auto\" lang=\"ES-ES\"><strong><span><span style=\"font-size: 19px !important;\"><strong>O que vais aprender?<\/strong><\/span><\/span><\/strong><\/span><img decoding=\"async\" role=\"img\" alt=\"\u2705\" src=\"https:\/\/s.w.org\/images\/core\/emoji\/16.0.1\/svg\/2705.svg\"> O que \u00e9 o rad\u00e3o e por que \u00e9 considerado um risco silencioso nos locais de trabalho?<img decoding=\"async\" role=\"img\" alt=\"\u2705\" src=\"https:\/\/s.w.org\/images\/core\/emoji\/16.0.1\/svg\/2705.svg\"> Quais s\u00e3o as obriga\u00e7\u00f5es legais dos empregadores e dos respons\u00e1veis de SST relativamente ao rad\u00e3o.<img decoding=\"async\" role=\"img\" alt=\"\u2705\" src=\"https:\/\/s.w.org\/images\/core\/emoji\/16.0.1\/svg\/2705.svg\"> Monitoriza\u00e7\u00e3o e medi\u00e7\u00e3o do rad\u00e3o: T\u00e9cnicas e dispositivos de medi\u00e7\u00e3o.<img decoding=\"async\" role=\"img\" alt=\"\u2705\" src=\"https:\/\/s.w.org\/images\/core\/emoji\/16.0.1\/svg\/2705.svg\"> Solu\u00e7\u00f5es para mitiga\u00e7\u00e3o.<\/p>\n<p><strong>Para quem \u00e9 este webinar?<\/strong><\/p>\n<p><img decoding=\"async\" role=\"img\" alt=\"\ud83d\udd37\" src=\"https:\/\/s.w.org\/images\/core\/emoji\/16.0.1\/svg\/1f537.svg\"> T\u00e9cnicos Superiores de Seguran\u00e7a no Trabalho e Higiene Ocupacional.<img decoding=\"async\" role=\"img\" alt=\"\ud83d\udd37\" src=\"https:\/\/s.w.org\/images\/core\/emoji\/16.0.1\/svg\/1f537.svg\"> Respons\u00e1veis de SST e empregadores.<img decoding=\"async\" role=\"img\" alt=\"\ud83d\udd37\" src=\"https:\/\/s.w.org\/images\/core\/emoji\/16.0.1\/svg\/1f537.svg\"> Consultores e gestores de risco.<img decoding=\"async\" role=\"img\" alt=\"\ud83d\udd37\" src=\"https:\/\/s.w.org\/images\/core\/emoji\/16.0.1\/svg\/1f537.svg\"> Empresas com foco em compliance ambiental e legal.&nbsp;<\/p>\n<h3 style=\"text-align: center;\">Preencha o formul\u00e1rio<\/h3>\n<p style=\"text-align: center;\">Enviaremos o acesso por e-mail<\/p>\n<p style=\"\"><span style=\"font-size: 12px;\">INFORMA\u00c7\u00d5ES DE PROTE\u00c7\u00c3O DE DADOS DO GRUPO CTAIMA Finalidades: Responder \u00e0s suas solicita\u00e7\u00f5es e enviar-lhe informa\u00e7\u00f5es comerciais sobre nossos produtos e servi\u00e7os, inclusive por meios eletr\u00f4nicos. Direitos: Voc\u00ea poder\u00e1 revogar seu consentimento a qualquer momento, bem como acessar, retificar, excluir seus dados e exercer outros direitos entrando em contato com delegado-datos@ctaima.com. Informa\u00e7\u00f5es adicionais: Voc\u00ea pode encontrar mais informa\u00e7\u00f5es no link Pol\u00edtica de Privacidade.<\/span><\/p>\n<h3 style=\"text-align: center;\"><\/h3>\n<p style=\"text-align: center;\"><span data-ccp-props=\"{&quot;201341983&quot;:0,&quot;335559739&quot;:160,&quot;335559740&quot;:259}\" style=\"\"><strong><strong>Orador:<\/strong><\/strong><\/span><\/p>\n<p><span style=\"\"><img decoding=\"async\" alt=\"miguel mota\" data-id=\"2053\" width=\"182\" data-init-width=\"495\" height=\"246\" data-init-height=\"670\" title=\"miguel mota\" src=\"https:\/\/twind.io\/pt\/wp-content\/uploads\/2025\/06\/Captura-de-pantalla-2025-06-10-090103.jpg\" data-width=\"182\" data-height=\"246\" style=\"aspect-ratio: auto 495 \/ 670;\" mt-d=\"-14\" ml-d=\"0\" center-v-d=\"false\" mt-t=\"-7.391000000000005\" ml-t=\"0\" center-h-d=\"false\" loading=\"lazy\" mt-m=\"-1.1089999999999947\" ml-m=\"0\"><\/span><\/p>\n<p style=\"text-align: left;\"><span data-ccp-props=\"{&quot;201341983&quot;:0,&quot;335559739&quot;:160,&quot;335559740&quot;:259}\"><strong><span style=\"--tcb-applied-color: var$(--tcb-skin-color-0) !important; color: var(--tcb-skin-color-0) !important;\">Miguel Mota<\/span><\/strong><\/span><\/p>\n<p style=\"text-align: left;\"><span data-ccp-props=\"{&quot;201341983&quot;:0,&quot;335559739&quot;:160,&quot;335559740&quot;:259}\" style=\"font-size: 18px !important;\">Perito Qualificado em Prote\u00e7\u00e3o Radiol\u00f3gica&nbsp;<\/span><\/p>\n<p style=\"text-align: left;\"><span data-ccp-props=\"{&quot;201341983&quot;:0,&quot;335559739&quot;:160,&quot;335559740&quot;:259}\" style=\"font-size: 18px !important;\">URBASER<\/span><\/p>\n","protected":false},"excerpt":{"rendered":"<p>Webin\u00e1rio exclusivo Rad\u00e3o nos Locais de Trabalho: Obriga\u00e7\u00f5es Legais e Medidas de Preven\u00e7\u00e3o O rad\u00e3o \u00e9 um g\u00e1s radioativo natural, invis\u00edvel e inodoro, que representa um risco real para a sa\u00fade dos trabalhadores quando presente em concentra\u00e7\u00f5es elevadas nos locais de trabalho. Sabias que, segundo a OMS, \u00e9 a segunda principal causa de cancro do [&hellip;]<\/p>\n","protected":false},"author":3,"featured_media":0,"parent":0,"menu_order":0,"comment_status":"closed","ping_status":"closed","template":"","meta":{"content-type":"","footnotes":""},"class_list":["post-2049","page","type-page","status-publish","hentry","post-wrapper","thrv_wrapper"],"yoast_head":"<!-- This site is optimized with the Yoast SEO plugin v27.2 - https:\/\/yoast.com\/product\/yoast-seo-wordpress\/ -->\n<title>Webin\u00e1rio Rad\u00e3o nos Locais de Trabalho: Obriga\u00e7\u00f5es Legais e Medidas de Preven\u00e7\u00e3o<\/title>\n<meta name=\"description\" content=\"Rad\u00e3o nos Locais de Trabalho: Obriga\u00e7\u00f5es Legais e Medidas de Preven\u00e7\u00e3o\" \/>\n<meta name=\"robots\" content=\"noindex, nofollow\" \/>\n<meta property=\"og:locale\" content=\"pt_PT\" \/>\n<meta property=\"og:type\" content=\"article\" \/>\n<meta property=\"og:title\" content=\"Webin\u00e1rio Rad\u00e3o nos Locais de Trabalho: Obriga\u00e7\u00f5es Legais e Medidas de Preven\u00e7\u00e3o\" \/>\n<meta property=\"og:description\" content=\"Rad\u00e3o nos Locais de Trabalho: Obriga\u00e7\u00f5es Legais e Medidas de Preven\u00e7\u00e3o\" \/>\n<meta property=\"og:url\" content=\"https:\/\/twind.io\/pt\/webinario-radao-nos-locais-de-trabalho\/\" \/>\n<meta property=\"og:site_name\" content=\"Software Gest\u00e3o Documental de Fornecedores\" \/>\n<meta property=\"article:modified_time\" content=\"2025-07-28T06:25:32+00:00\" \/>\n<meta property=\"og:image\" content=\"https:\/\/twind.io\/pt\/wp-content\/uploads\/2025\/03\/logo-twind-by-ctaima.png\" \/>\n<meta name=\"twitter:card\" content=\"summary_large_image\" \/>\n<meta name=\"twitter:label1\" content=\"Tempo estimado de leitura\" \/>\n\t<meta name=\"twitter:data1\" content=\"4 minutos\" \/>\n<script type=\"application\/ld+json\" class=\"yoast-schema-graph\">{\"@context\":\"https:\/\/schema.org\",\"@graph\":[{\"@type\":\"WebPage\",\"@id\":\"https:\/\/twind.io\/pt\/webinario-radao-nos-locais-de-trabalho\/\",\"url\":\"https:\/\/twind.io\/pt\/webinario-radao-nos-locais-de-trabalho\/\",\"name\":\"Webin\u00e1rio Rad\u00e3o nos Locais de Trabalho: Obriga\u00e7\u00f5es Legais e Medidas de Preven\u00e7\u00e3o\",\"isPartOf\":{\"@id\":\"https:\/\/twind.io\/pt\/#website\"},\"primaryImageOfPage\":{\"@id\":\"https:\/\/twind.io\/pt\/webinario-radao-nos-locais-de-trabalho\/#primaryimage\"},\"image\":{\"@id\":\"https:\/\/twind.io\/pt\/webinario-radao-nos-locais-de-trabalho\/#primaryimage\"},\"thumbnailUrl\":\"https:\/\/twind.io\/pt\/wp-content\/uploads\/2025\/03\/logo-twind-by-ctaima.png\",\"datePublished\":\"2025-06-09T14:49:03+00:00\",\"dateModified\":\"2025-07-28T06:25:32+00:00\",\"description\":\"Rad\u00e3o nos Locais de Trabalho: Obriga\u00e7\u00f5es Legais e Medidas de Preven\u00e7\u00e3o\",\"breadcrumb\":{\"@id\":\"https:\/\/twind.io\/pt\/webinario-radao-nos-locais-de-trabalho\/#breadcrumb\"},\"inLanguage\":\"pt-PT\",\"potentialAction\":[{\"@type\":\"ReadAction\",\"target\":[\"https:\/\/twind.io\/pt\/webinario-radao-nos-locais-de-trabalho\/\"]}]},{\"@type\":\"ImageObject\",\"inLanguage\":\"pt-PT\",\"@id\":\"https:\/\/twind.io\/pt\/webinario-radao-nos-locais-de-trabalho\/#primaryimage\",\"url\":\"https:\/\/twind.io\/pt\/wp-content\/uploads\/2025\/03\/logo-twind-by-ctaima.png\",\"contentUrl\":\"https:\/\/twind.io\/pt\/wp-content\/uploads\/2025\/03\/logo-twind-by-ctaima.png\",\"width\":697,\"height\":209,\"caption\":\"Twind\"},{\"@type\":\"BreadcrumbList\",\"@id\":\"https:\/\/twind.io\/pt\/webinario-radao-nos-locais-de-trabalho\/#breadcrumb\",\"itemListElement\":[{\"@type\":\"ListItem\",\"position\":1,\"name\":\"Portada\",\"item\":\"https:\/\/twind.io\/pt\/\"},{\"@type\":\"ListItem\",\"position\":2,\"name\":\"Webin\u00e1rio Rad\u00e3o nos Locais de Trabalho: Obriga\u00e7\u00f5es Legais e Medidas de Preven\u00e7\u00e3o\u00a0\"}]},{\"@type\":\"WebSite\",\"@id\":\"https:\/\/twind.io\/pt\/#website\",\"url\":\"https:\/\/twind.io\/pt\/\",\"name\":\"Software Gest\u00e3o Documental de Fornecedores\",\"description\":\"Software Gest\u00e3o Documental de Fornecedores e preven\u00e7\u00e3o da seguran\u00e7a e da sa\u00fade no trabalho\",\"potentialAction\":[{\"@type\":\"SearchAction\",\"target\":{\"@type\":\"EntryPoint\",\"urlTemplate\":\"https:\/\/twind.io\/pt\/?s={search_term_string}\"},\"query-input\":{\"@type\":\"PropertyValueSpecification\",\"valueRequired\":true,\"valueName\":\"search_term_string\"}}],\"inLanguage\":\"pt-PT\"}]}<\/script>\n<!-- \/ Yoast SEO plugin. -->","yoast_head_json":{"title":"Webin\u00e1rio Rad\u00e3o nos Locais de Trabalho: Obriga\u00e7\u00f5es Legais e Medidas de Preven\u00e7\u00e3o","description":"Rad\u00e3o nos Locais de Trabalho: Obriga\u00e7\u00f5es Legais e Medidas de Preven\u00e7\u00e3o","robots":{"index":"noindex","follow":"nofollow"},"og_locale":"pt_PT","og_type":"article","og_title":"Webin\u00e1rio Rad\u00e3o nos Locais de Trabalho: Obriga\u00e7\u00f5es Legais e Medidas de Preven\u00e7\u00e3o","og_description":"Rad\u00e3o nos Locais de Trabalho: Obriga\u00e7\u00f5es Legais e Medidas de Preven\u00e7\u00e3o","og_url":"https:\/\/twind.io\/pt\/webinario-radao-nos-locais-de-trabalho\/","og_site_name":"Software Gest\u00e3o Documental de Fornecedores","article_modified_time":"2025-07-28T06:25:32+00:00","og_image":[{"url":"https:\/\/twind.io\/pt\/wp-content\/uploads\/2025\/03\/logo-twind-by-ctaima.png","type":"","width":"","height":""}],"twitter_card":"summary_large_image","twitter_misc":{"Tempo estimado de leitura":"4 minutos"},"schema":{"@context":"https:\/\/schema.org","@graph":[{"@type":"WebPage","@id":"https:\/\/twind.io\/pt\/webinario-radao-nos-locais-de-trabalho\/","url":"https:\/\/twind.io\/pt\/webinario-radao-nos-locais-de-trabalho\/","name":"Webin\u00e1rio Rad\u00e3o nos Locais de Trabalho: Obriga\u00e7\u00f5es Legais e Medidas de Preven\u00e7\u00e3o","isPartOf":{"@id":"https:\/\/twind.io\/pt\/#website"},"primaryImageOfPage":{"@id":"https:\/\/twind.io\/pt\/webinario-radao-nos-locais-de-trabalho\/#primaryimage"},"image":{"@id":"https:\/\/twind.io\/pt\/webinario-radao-nos-locais-de-trabalho\/#primaryimage"},"thumbnailUrl":"https:\/\/twind.io\/pt\/wp-content\/uploads\/2025\/03\/logo-twind-by-ctaima.png","datePublished":"2025-06-09T14:49:03+00:00","dateModified":"2025-07-28T06:25:32+00:00","description":"Rad\u00e3o nos Locais de Trabalho: Obriga\u00e7\u00f5es Legais e Medidas de Preven\u00e7\u00e3o","breadcrumb":{"@id":"https:\/\/twind.io\/pt\/webinario-radao-nos-locais-de-trabalho\/#breadcrumb"},"inLanguage":"pt-PT","potentialAction":[{"@type":"ReadAction","target":["https:\/\/twind.io\/pt\/webinario-radao-nos-locais-de-trabalho\/"]}]},{"@type":"ImageObject","inLanguage":"pt-PT","@id":"https:\/\/twind.io\/pt\/webinario-radao-nos-locais-de-trabalho\/#primaryimage","url":"https:\/\/twind.io\/pt\/wp-content\/uploads\/2025\/03\/logo-twind-by-ctaima.png","contentUrl":"https:\/\/twind.io\/pt\/wp-content\/uploads\/2025\/03\/logo-twind-by-ctaima.png","width":697,"height":209,"caption":"Twind"},{"@type":"BreadcrumbList","@id":"https:\/\/twind.io\/pt\/webinario-radao-nos-locais-de-trabalho\/#breadcrumb","itemListElement":[{"@type":"ListItem","position":1,"name":"Portada","item":"https:\/\/twind.io\/pt\/"},{"@type":"ListItem","position":2,"name":"Webin\u00e1rio Rad\u00e3o nos Locais de Trabalho: Obriga\u00e7\u00f5es Legais e Medidas de Preven\u00e7\u00e3o\u00a0"}]},{"@type":"WebSite","@id":"https:\/\/twind.io\/pt\/#website","url":"https:\/\/twind.io\/pt\/","name":"Software Gest\u00e3o Documental de Fornecedores","description":"Software Gest\u00e3o Documental de Fornecedores e preven\u00e7\u00e3o da seguran\u00e7a e da sa\u00fade no trabalho","potentialAction":[{"@type":"SearchAction","target":{"@type":"EntryPoint","urlTemplate":"https:\/\/twind.io\/pt\/?s={search_term_string}"},"query-input":{"@type":"PropertyValueSpecification","valueRequired":true,"valueName":"search_term_string"}}],"inLanguage":"pt-PT"}]}},"_links":{"self":[{"href":"https:\/\/twind.io\/pt\/wp-json\/wp\/v2\/pages\/2049","targetHints":{"allow":["GET"]}}],"collection":[{"href":"https:\/\/twind.io\/pt\/wp-json\/wp\/v2\/pages"}],"about":[{"href":"https:\/\/twind.io\/pt\/wp-json\/wp\/v2\/types\/page"}],"author":[{"embeddable":true,"href":"https:\/\/twind.io\/pt\/wp-json\/wp\/v2\/users\/3"}],"replies":[{"embeddable":true,"href":"https:\/\/twind.io\/pt\/wp-json\/wp\/v2\/comments?post=2049"}],"version-history":[{"count":16,"href":"https:\/\/twind.io\/pt\/wp-json\/wp\/v2\/pages\/2049\/revisions"}],"predecessor-version":[{"id":2178,"href":"https:\/\/twind.io\/pt\/wp-json\/wp\/v2\/pages\/2049\/revisions\/2178"}],"wp:attachment":[{"href":"https:\/\/twind.io\/pt\/wp-json\/wp\/v2\/media?parent=2049"}],"curies":[{"name":"wp","href":"https:\/\/api.w.org\/{rel}","templated":true}]}}