{"id":2191,"date":"2025-08-08T10:54:22","date_gmt":"2025-08-08T10:54:22","guid":{"rendered":"https:\/\/twind.io\/pt\/?page_id=2191"},"modified":"2026-03-19T12:18:09","modified_gmt":"2026-03-19T12:18:09","slug":"as-obrigacoes-legais-que-nao-pode-ignorar","status":"publish","type":"page","link":"https:\/\/twind.io\/pt\/as-obrigacoes-legais-que-nao-pode-ignorar\/","title":{"rendered":"Contratar em Portugal: As obriga\u00e7\u00f5es legais que n\u00e3o pode ignorar"},"content":{"rendered":"<p><span style=\"\"><img decoding=\"async\" alt=\"Logo twind by ctaima\" data-id=\"1293\" width=\"177\" data-init-width=\"697\" height=\"53\" data-init-height=\"209\" title=\"Logo twind by ctaima\" src=\"https:\/\/twind.io\/pt\/wp-content\/uploads\/2025\/03\/logo-twind-by-ctaima.png\" data-width=\"177\" data-height=\"53\" style=\"aspect-ratio: auto 697 \/ 209;\" mt-d=\"-0.5313000000000017\" ml-d=\"0\" center-v-d=\"false\" loading=\"lazy\"><\/span><\/p>\n<p style=\"text-align: left;\">Webin\u00e1rio exclusivo<\/p>\n<p style=\"text-align: left;\"><span>Contratar em Portugal:<\/span><span data-teams=\"true\">Obriga\u00e7\u00f5es&nbsp;<\/span>Legais que n\u00e3o pode ignorar<\/p>\n<p>Grava\u00e7\u00e3o dispon\u00edvel<\/p>\n\n\t\t\t\t\t\t<script>\n\t\t\t\t\t\t\twindow.hsFormsOnReady = window.hsFormsOnReady || [];\n\t\t\t\t\t\t\twindow.hsFormsOnReady.push(()=>{\n\t\t\t\t\t\t\t\thbspt.forms.create({\n\t\t\t\t\t\t\t\t\tportalId: 146424663,\n\t\t\t\t\t\t\t\t\tformId: \"0e79ed43-23e7-431a-9d32-8a81acd241b0\",\n\t\t\t\t\t\t\t\t\ttarget: \"#hbspt-form-1775936002000-7935094992\",\n\t\t\t\t\t\t\t\t\tregion: \"eu1\",\n\t\t\t\t\t\t\t\t\t\n\t\t\t\t\t\t\t})});\n\t\t\t\t\t\t<\/script>\n\t\t\t\t\t\t<div class=\"hbspt-form\" id=\"hbspt-form-1775936002000-7935094992\"><\/div>\n<p><span style=\"font-size: 17px !important;\"><strong>C<\/strong><strong>ontratar servi\u00e7os externos \u2014 desde manuten\u00e7\u00e3o e log\u00edstica at\u00e9 obras ou opera\u00e7\u00f5es especializadas \u2014 n\u00e3o o isenta de responsabilidade.<\/strong> <\/span><\/p>\n<p><span style=\"font-size: 17px !important;\">Pelo contr\u00e1rio: ao abrigo da legisla\u00e7\u00e3o portuguesa, a empresa contratante pode ser solidariamente respons\u00e1vel por: Incumprimentos legais, falta de medidas de seguran\u00e7a, acidentes de trabalho e sal\u00e1rios, contribui\u00e7\u00f5es e direitos dos trabalhadores subcontratados.&nbsp;<\/span><\/p>\n<p><span style=\"font-size: 17px !important;\">Mesmo quando a rela\u00e7\u00e3o \u00e9 indireta, a responsabilidade solid\u00e1ria pode ser acionada \u2014 com consequ\u00eancias legais, financeiras e reputacionais para a sua organiza\u00e7\u00e3o.<\/span><span style=\"font-size: 16px !important;\"> <br \/><\/span><\/p>\n<p style=\"\"><span style=\"\"><strong><span style=\"--tcb-applied-color: var$(--tcb-color-4) !important; color: var(--tcb-color-4) !important;\">O que vai aprender?<\/span><\/strong><\/span><span style=\"--tcb-applied-color: var$(--tcb-color-4) !important; color: var(--tcb-color-4) !important;\"><span style=\"\">&nbsp;<\/span><br \/><\/span><span style=\"\"><br \/><img decoding=\"async\" role=\"img\" alt=\"\ud83d\udd39\" src=\"https:\/\/s.w.org\/images\/core\/emoji\/16.0.1\/svg\/1f539.svg\" loading=\"lazy\"> O que diz a <strong>legisla\u00e7\u00e3o portuguesa<\/strong> (Lei n.\u00ba 102\/2009, C\u00f3digo do Trabalho) sobre as suas obriga\u00e7\u00f5es como entidade contratante .<\/span><\/p>\n<p style=\"\"><span style=\"\"><img decoding=\"async\" role=\"img\" alt=\"\ud83d\udd39\" src=\"https:\/\/s.w.org\/images\/core\/emoji\/16.0.1\/svg\/1f539.svg\" loading=\"lazy\"> Como gerir <strong>obriga\u00e7\u00f5es documentais e operacionais<\/strong> na admiss\u00e3o de contratados.<\/span><\/p>\n<p style=\"\"><span style=\"\"><img decoding=\"async\" role=\"img\" alt=\"\ud83d\udd39\" src=\"https:\/\/s.w.org\/images\/core\/emoji\/16.0.1\/svg\/1f539.svg\" loading=\"lazy\"> Como <strong>evitar coimas<\/strong> e melhorar a conformidade legal.<\/span><\/p>\n<p style=\"\"><span style=\"\"><img decoding=\"async\" role=\"img\" alt=\"\ud83d\udd39\" src=\"https:\/\/s.w.org\/images\/core\/emoji\/16.0.1\/svg\/1f539.svg\" loading=\"lazy\"> <\/span><span style=\"\">De que <strong>forma a automatiza\u00e7\u00e3o permite poupar tempo e recursos<\/strong> nos processos administrativos.<\/span><br \/><span style=\"\">&nbsp;<br \/><\/span><strong><span style=\"--tcb-applied-color: var$(--tcb-color-4) !important; color: var(--tcb-color-4) !important;\">Para quem \u00e9 este webinar?<\/span><\/strong><\/p>\n<ul>\n<li style=\"\">Profissionais de SST e seguran\u00e7a industrial<\/li>\n<li style=\"\">Engenheiros, t\u00e9cnicos e respons\u00e1veis de manuten\u00e7\u00e3o<\/li>\n<li style=\"\">Profissionais de compliance e auditoria que necessitam de maior rastreabilidade documental.\n<\/li>\n<\/ul>\n<p style=\"\"><span style=\"color: var(--tcb-skin-color-0) !important;\"><a href=\"#lg-mfat9vc5\" style=\"outline: none;\"><span style=\"--tcb-applied-color: var$(--tcb-skin-color-0) !important;\">Gostaria de participar no webinar? Inscreva-se agora<\/span><\/a><\/span><\/p>\n<p style=\"text-align: center;\"><span data-ccp-props=\"{&quot;201341983&quot;:0,&quot;335559739&quot;:160,&quot;335559740&quot;:259}\" style=\"\"><strong><strong><img decoding=\"async\" role=\"img\" alt=\"\ud83c\udfa4\" src=\"https:\/\/s.w.org\/images\/core\/emoji\/16.0.1\/svg\/1f3a4.svg\" loading=\"lazy\"> Oradores:<\/strong><\/strong><\/span><\/p>\n<p><span style=\"\"><img decoding=\"async\" alt=\"sofia\" data-id=\"1498\" width=\"141\" data-init-width=\"401\" height=\"154\" data-init-height=\"437\" title=\"sofia\" src=\"https:\/\/twind.io\/pt\/wp-content\/uploads\/2025\/03\/image-10-1.png\" data-width=\"141\" data-height=\"154\" style=\"aspect-ratio: auto 401 \/ 437;\" mt-d=\"0\" ml-d=\"0\" center-v-d=\"false\" mt-t=\"-7.391000000000005\" ml-t=\"0\" center-h-d=\"false\" mt-m=\"-1.1089999999999947\" ml-m=\"0\" loading=\"lazy\"><\/span><\/p>\n<p style=\"text-align: left;\"><span data-ccp-props=\"{&quot;201341983&quot;:0,&quot;335559739&quot;:160,&quot;335559740&quot;:259}\"><strong><span style=\"--tcb-applied-color: var$(--tcb-skin-color-0) !important; color: var(--tcb-skin-color-0) !important;\">Sofia Silva<\/span><\/strong><\/span><\/p>\n<p style=\"text-align: left;\"><span data-ccp-props=\"{&quot;201341983&quot;:0,&quot;335559739&quot;:160,&quot;335559740&quot;:259}\">Consultora EHS <\/span><\/p>\n<p style=\"text-align: left;\"><span data-ccp-props=\"{&quot;201341983&quot;:0,&quot;335559739&quot;:160,&quot;335559740&quot;:259}\"><strong>CTAIMA \/ e-coordina<\/strong><\/span><\/p>\n<p><span style=\"\"><img decoding=\"async\" alt=\"\" data-id=\"1643\" width=\"147\" data-init-width=\"487\" height=\"133\" data-init-height=\"441\" title=\"\" src=\"https:\/\/twind.io\/pt\/wp-content\/uploads\/2025\/03\/image-1.png\" data-width=\"147\" data-height=\"133\" style=\"aspect-ratio: auto 487 \/ 441;\" mt-d=\"0\" ml-d=\"-2.084000000000003\" center-v-d=\"false\" mt-t=\"-7.391000000000005\" ml-t=\"0\" center-h-d=\"false\" mt-m=\"0\" ml-m=\"-7.688000000000002\" loading=\"lazy\"><\/span><\/p>\n<p style=\"text-align: left;\"><span data-ccp-props=\"{&quot;201341983&quot;:0,&quot;335559739&quot;:160,&quot;335559740&quot;:259}\" style=\"\"><strong><span style=\"--tcb-applied-color: var$(--tcb-skin-color-0) !important; color: var(--tcb-skin-color-0) !important;\">Sandra Cunha<\/span><\/strong><\/span><\/p>\n<p style=\"text-align: left;\"><span data-ccp-props=\"{&quot;201341983&quot;:0,&quot;335559739&quot;:160,&quot;335559740&quot;:259}\" style=\"\"><span data-contrast=\"auto\" lang=\"PT-PT\">Account Executive&nbsp;<\/span><\/span><\/p>\n<p style=\"text-align: left;\"><span data-ccp-props=\"{&quot;201341983&quot;:0,&quot;335559739&quot;:160,&quot;335559740&quot;:259}\" style=\"\">CTAIMA \/ e-coordina<\/span><\/p>\n<h3 style=\"text-align: center;\"><\/h3>\n","protected":false},"excerpt":{"rendered":"<p>Webin\u00e1rio exclusivo Contratar em Portugal:Obriga\u00e7\u00f5es&nbsp;Legais que n\u00e3o pode ignorar Grava\u00e7\u00e3o dispon\u00edvel Contratar servi\u00e7os externos \u2014 desde manuten\u00e7\u00e3o e log\u00edstica at\u00e9 obras ou opera\u00e7\u00f5es especializadas \u2014 n\u00e3o o isenta de responsabilidade. Pelo contr\u00e1rio: ao abrigo da legisla\u00e7\u00e3o portuguesa, a empresa contratante pode ser solidariamente respons\u00e1vel por: Incumprimentos legais, falta de medidas de seguran\u00e7a, acidentes de trabalho [&hellip;]<\/p>\n","protected":false},"author":3,"featured_media":0,"parent":0,"menu_order":0,"comment_status":"closed","ping_status":"closed","template":"","meta":{"content-type":"","footnotes":""},"class_list":["post-2191","page","type-page","status-publish","hentry","post-wrapper","thrv_wrapper"],"yoast_head":"<!-- This site is optimized with the Yoast SEO plugin v27.2 - https:\/\/yoast.com\/product\/yoast-seo-wordpress\/ -->\n<title>Contratar em Portugal: As obriga\u00e7\u00f5es legais que n\u00e3o pode ignorar<\/title>\n<meta name=\"description\" content=\"Contratar servi\u00e7os externos \u2014 desde manuten\u00e7\u00e3o e log\u00edstica at\u00e9 obras ou opera\u00e7\u00f5es especializadas \u2014 n\u00e3o o isenta de responsabilidade.\" \/>\n<meta name=\"robots\" content=\"noindex, nofollow\" \/>\n<meta property=\"og:locale\" content=\"pt_PT\" \/>\n<meta property=\"og:type\" content=\"article\" \/>\n<meta property=\"og:title\" content=\"Contratar em Portugal: As obriga\u00e7\u00f5es legais que n\u00e3o pode ignorar\" \/>\n<meta property=\"og:description\" content=\"Contratar servi\u00e7os externos \u2014 desde manuten\u00e7\u00e3o e log\u00edstica at\u00e9 obras ou opera\u00e7\u00f5es especializadas \u2014 n\u00e3o o isenta de responsabilidade.\" \/>\n<meta property=\"og:url\" content=\"https:\/\/twind.io\/pt\/as-obrigacoes-legais-que-nao-pode-ignorar\/\" \/>\n<meta property=\"og:site_name\" content=\"Software Gest\u00e3o Documental de Fornecedores\" \/>\n<meta property=\"article:modified_time\" content=\"2026-03-19T12:18:09+00:00\" \/>\n<meta property=\"og:image\" content=\"https:\/\/twind.io\/pt\/wp-content\/uploads\/2025\/03\/logo-twind-by-ctaima.png\" \/>\n<meta name=\"twitter:card\" content=\"summary_large_image\" \/>\n<meta name=\"twitter:label1\" content=\"Tempo estimado de leitura\" \/>\n\t<meta name=\"twitter:data1\" content=\"4 minutos\" \/>\n<script type=\"application\/ld+json\" class=\"yoast-schema-graph\">{\"@context\":\"https:\/\/schema.org\",\"@graph\":[{\"@type\":\"WebPage\",\"@id\":\"https:\/\/twind.io\/pt\/as-obrigacoes-legais-que-nao-pode-ignorar\/\",\"url\":\"https:\/\/twind.io\/pt\/as-obrigacoes-legais-que-nao-pode-ignorar\/\",\"name\":\"Contratar em Portugal: As obriga\u00e7\u00f5es legais que n\u00e3o pode ignorar\",\"isPartOf\":{\"@id\":\"https:\/\/twind.io\/pt\/#website\"},\"primaryImageOfPage\":{\"@id\":\"https:\/\/twind.io\/pt\/as-obrigacoes-legais-que-nao-pode-ignorar\/#primaryimage\"},\"image\":{\"@id\":\"https:\/\/twind.io\/pt\/as-obrigacoes-legais-que-nao-pode-ignorar\/#primaryimage\"},\"thumbnailUrl\":\"https:\/\/twind.io\/pt\/wp-content\/uploads\/2025\/03\/logo-twind-by-ctaima.png\",\"datePublished\":\"2025-08-08T10:54:22+00:00\",\"dateModified\":\"2026-03-19T12:18:09+00:00\",\"description\":\"Contratar servi\u00e7os externos \u2014 desde manuten\u00e7\u00e3o e log\u00edstica at\u00e9 obras ou opera\u00e7\u00f5es especializadas \u2014 n\u00e3o o isenta de responsabilidade.\",\"breadcrumb\":{\"@id\":\"https:\/\/twind.io\/pt\/as-obrigacoes-legais-que-nao-pode-ignorar\/#breadcrumb\"},\"inLanguage\":\"pt-PT\",\"potentialAction\":[{\"@type\":\"ReadAction\",\"target\":[\"https:\/\/twind.io\/pt\/as-obrigacoes-legais-que-nao-pode-ignorar\/\"]}]},{\"@type\":\"ImageObject\",\"inLanguage\":\"pt-PT\",\"@id\":\"https:\/\/twind.io\/pt\/as-obrigacoes-legais-que-nao-pode-ignorar\/#primaryimage\",\"url\":\"https:\/\/twind.io\/pt\/wp-content\/uploads\/2025\/03\/logo-twind-by-ctaima.png\",\"contentUrl\":\"https:\/\/twind.io\/pt\/wp-content\/uploads\/2025\/03\/logo-twind-by-ctaima.png\",\"width\":697,\"height\":209,\"caption\":\"Twind\"},{\"@type\":\"BreadcrumbList\",\"@id\":\"https:\/\/twind.io\/pt\/as-obrigacoes-legais-que-nao-pode-ignorar\/#breadcrumb\",\"itemListElement\":[{\"@type\":\"ListItem\",\"position\":1,\"name\":\"Portada\",\"item\":\"https:\/\/twind.io\/pt\/\"},{\"@type\":\"ListItem\",\"position\":2,\"name\":\"Contratar em Portugal: As obriga\u00e7\u00f5es legais que n\u00e3o pode ignorar\"}]},{\"@type\":\"WebSite\",\"@id\":\"https:\/\/twind.io\/pt\/#website\",\"url\":\"https:\/\/twind.io\/pt\/\",\"name\":\"Software Gest\u00e3o Documental de Fornecedores\",\"description\":\"Software Gest\u00e3o Documental de Fornecedores e preven\u00e7\u00e3o da seguran\u00e7a e da sa\u00fade no trabalho\",\"potentialAction\":[{\"@type\":\"SearchAction\",\"target\":{\"@type\":\"EntryPoint\",\"urlTemplate\":\"https:\/\/twind.io\/pt\/?s={search_term_string}\"},\"query-input\":{\"@type\":\"PropertyValueSpecification\",\"valueRequired\":true,\"valueName\":\"search_term_string\"}}],\"inLanguage\":\"pt-PT\"}]}<\/script>\n<!-- \/ Yoast SEO plugin. -->","yoast_head_json":{"title":"Contratar em Portugal: As obriga\u00e7\u00f5es legais que n\u00e3o pode ignorar","description":"Contratar servi\u00e7os externos \u2014 desde manuten\u00e7\u00e3o e log\u00edstica at\u00e9 obras ou opera\u00e7\u00f5es especializadas \u2014 n\u00e3o o isenta de responsabilidade.","robots":{"index":"noindex","follow":"nofollow"},"og_locale":"pt_PT","og_type":"article","og_title":"Contratar em Portugal: As obriga\u00e7\u00f5es legais que n\u00e3o pode ignorar","og_description":"Contratar servi\u00e7os externos \u2014 desde manuten\u00e7\u00e3o e log\u00edstica at\u00e9 obras ou opera\u00e7\u00f5es especializadas \u2014 n\u00e3o o isenta de responsabilidade.","og_url":"https:\/\/twind.io\/pt\/as-obrigacoes-legais-que-nao-pode-ignorar\/","og_site_name":"Software Gest\u00e3o Documental de Fornecedores","article_modified_time":"2026-03-19T12:18:09+00:00","og_image":[{"url":"https:\/\/twind.io\/pt\/wp-content\/uploads\/2025\/03\/logo-twind-by-ctaima.png","type":"","width":"","height":""}],"twitter_card":"summary_large_image","twitter_misc":{"Tempo estimado de leitura":"4 minutos"},"schema":{"@context":"https:\/\/schema.org","@graph":[{"@type":"WebPage","@id":"https:\/\/twind.io\/pt\/as-obrigacoes-legais-que-nao-pode-ignorar\/","url":"https:\/\/twind.io\/pt\/as-obrigacoes-legais-que-nao-pode-ignorar\/","name":"Contratar em Portugal: As obriga\u00e7\u00f5es legais que n\u00e3o pode ignorar","isPartOf":{"@id":"https:\/\/twind.io\/pt\/#website"},"primaryImageOfPage":{"@id":"https:\/\/twind.io\/pt\/as-obrigacoes-legais-que-nao-pode-ignorar\/#primaryimage"},"image":{"@id":"https:\/\/twind.io\/pt\/as-obrigacoes-legais-que-nao-pode-ignorar\/#primaryimage"},"thumbnailUrl":"https:\/\/twind.io\/pt\/wp-content\/uploads\/2025\/03\/logo-twind-by-ctaima.png","datePublished":"2025-08-08T10:54:22+00:00","dateModified":"2026-03-19T12:18:09+00:00","description":"Contratar servi\u00e7os externos \u2014 desde manuten\u00e7\u00e3o e log\u00edstica at\u00e9 obras ou opera\u00e7\u00f5es especializadas \u2014 n\u00e3o o isenta de responsabilidade.","breadcrumb":{"@id":"https:\/\/twind.io\/pt\/as-obrigacoes-legais-que-nao-pode-ignorar\/#breadcrumb"},"inLanguage":"pt-PT","potentialAction":[{"@type":"ReadAction","target":["https:\/\/twind.io\/pt\/as-obrigacoes-legais-que-nao-pode-ignorar\/"]}]},{"@type":"ImageObject","inLanguage":"pt-PT","@id":"https:\/\/twind.io\/pt\/as-obrigacoes-legais-que-nao-pode-ignorar\/#primaryimage","url":"https:\/\/twind.io\/pt\/wp-content\/uploads\/2025\/03\/logo-twind-by-ctaima.png","contentUrl":"https:\/\/twind.io\/pt\/wp-content\/uploads\/2025\/03\/logo-twind-by-ctaima.png","width":697,"height":209,"caption":"Twind"},{"@type":"BreadcrumbList","@id":"https:\/\/twind.io\/pt\/as-obrigacoes-legais-que-nao-pode-ignorar\/#breadcrumb","itemListElement":[{"@type":"ListItem","position":1,"name":"Portada","item":"https:\/\/twind.io\/pt\/"},{"@type":"ListItem","position":2,"name":"Contratar em Portugal: As obriga\u00e7\u00f5es legais que n\u00e3o pode ignorar"}]},{"@type":"WebSite","@id":"https:\/\/twind.io\/pt\/#website","url":"https:\/\/twind.io\/pt\/","name":"Software Gest\u00e3o Documental de Fornecedores","description":"Software Gest\u00e3o Documental de Fornecedores e preven\u00e7\u00e3o da seguran\u00e7a e da sa\u00fade no trabalho","potentialAction":[{"@type":"SearchAction","target":{"@type":"EntryPoint","urlTemplate":"https:\/\/twind.io\/pt\/?s={search_term_string}"},"query-input":{"@type":"PropertyValueSpecification","valueRequired":true,"valueName":"search_term_string"}}],"inLanguage":"pt-PT"}]}},"_links":{"self":[{"href":"https:\/\/twind.io\/pt\/wp-json\/wp\/v2\/pages\/2191","targetHints":{"allow":["GET"]}}],"collection":[{"href":"https:\/\/twind.io\/pt\/wp-json\/wp\/v2\/pages"}],"about":[{"href":"https:\/\/twind.io\/pt\/wp-json\/wp\/v2\/types\/page"}],"author":[{"embeddable":true,"href":"https:\/\/twind.io\/pt\/wp-json\/wp\/v2\/users\/3"}],"replies":[{"embeddable":true,"href":"https:\/\/twind.io\/pt\/wp-json\/wp\/v2\/comments?post=2191"}],"version-history":[{"count":92,"href":"https:\/\/twind.io\/pt\/wp-json\/wp\/v2\/pages\/2191\/revisions"}],"predecessor-version":[{"id":2783,"href":"https:\/\/twind.io\/pt\/wp-json\/wp\/v2\/pages\/2191\/revisions\/2783"}],"wp:attachment":[{"href":"https:\/\/twind.io\/pt\/wp-json\/wp\/v2\/media?parent=2191"}],"curies":[{"name":"wp","href":"https:\/\/api.w.org\/{rel}","templated":true}]}}