{"id":2477,"date":"2025-11-13T15:29:42","date_gmt":"2025-11-13T15:29:42","guid":{"rendered":"https:\/\/twind.io\/pt\/?page_id=2477"},"modified":"2025-12-01T12:49:11","modified_gmt":"2025-12-01T12:49:11","slug":"calculadora-roi","status":"publish","type":"page","link":"https:\/\/twind.io\/pt\/calculadora-roi\/","title":{"rendered":"Calculadora ROI"},"content":{"rendered":"<p>    Calculadora de ROI &#8211; Twind  <!-- Poppins para UI -->                  <\/p>\n<h3 style=\"color: #7346ff; font-size:1.2em;\">Calculadora de Retorno do Investimento (ROI) da Twind<\/h3>\n<h4 style=\"color: #000; font-size:0.9em;\">Descubra quanto dinheiro pode poupar na gest\u00e3o de empreiteiros. A sua concorr\u00eancia j\u00e1 est\u00e1 a poupar milhares de euros. E voc\u00ea?<\/h4>\n<p style=\"font-size:0.85em;\">Obtenha a sua an\u00e1lise personalizada em 2 minutos e descubra quanto tempo e dinheiro pode poupar com a Twind. Mais de 3.000 empresas j\u00e1 est\u00e3o a reduzir custos e a otimizar tempo connosco.<\/p>\n<p>                  N\u00ba de centros de trabalho:                              N\u00ba de empresas externas (empreiteiros, incluindo trabalhadores independentes):                             Horas administrativas por semana:                    <!-- Caja de diagn\u00f3stico -->                                  Diagn\u00f3stico da sua CAE                                    Descarregar Relat\u00f3rio ROI        [tcb-script]    \/\/ Tablas de precios    const pricingByContractors = [      { min: 0, max: 5, price: 0 },      { min: 5, max: 10, price: 480 },      { min: 10, max: 20, price: 840 },      { min: 20, max: 40, price: 1080 },      { min: 40, max: 60, price: 1320 },      { min: 60, max: 80, price: 1440 },      { min: 80, max: 100, price: 1560 },      { min: 100, max: 150, price: 1800 },      { min: 150, max: 200, price: 2160 },      { min: 200, max: 300, price: 2520 },      { min: 300, max: 400, price: 3000 },      { min: 400, max: 500, price: 3360 },      { min: 500, max: Infinity, price: 3720 }    ];    const pricingByWorkCenters = {      1: 0, 2: 53.75, 3: 107.50, 4: 161.25, 5: 215.00,      6: 268.75, 7: 322.50, 8: 376.25, 9: 430.00, 10: 483.75,      11: 1088.44, 12: 1142.19, 13: 1195.94, 14: 1249.69, 15: 1303.44,      16: 1357.19, 17: 1410.94, 18: 1464.69, 19: 1518.44, 20: 1572.19,      21: 1602.90, 22: 1633.61, 23: 1664.33, 24: 1695.04, 25: 1725.75,      26: 1756.46, 27: 1787.18, 28: 1817.89, 29: 1848.60, 30: 1879.32,      31: 1910.03, 32: 1940.74, 33: 1971.45, 34: 2002.17, 35: 2032.88,      36: 2063.59, 37: 2094.30, 38: 2125.02, 39: 2155.73, 40: 2186.44,      41: 2217.16, 42: 2247.87, 43: 2278.58, 44: 2309.29, 45: 2340.01,      46: 2370.72, 47: 2401.43, 48: 2432.14, 49: 2462.86, 50: 2493.57    };    \/\/ Objeto para armazenar todos os c\u00e1lculos de ROI    const roiData = {};    function getPlatformCost(contractors, workCenters) {      \/\/ Encontrar pre\u00e7o por n\u00famero de empreiteiros      let contractorsCost = pricingByContractors[0].price; \/\/ Default      for (let tier of pricingByContractors) {        if (contractors &gt;= tier.min &amp;&amp; contractors &lt; tier.max) {          contractorsCost = tier.price;          break;        }      }      \/\/ Encontrar pre\u00e7o por centros de trabalho      let centersCost = pricingByWorkCenters[workCenters] || 0;      if (workCenters &gt; 50) {        \/\/ Extrapolar para mais de 50 centros        centersCost = 2493.57 + ((workCenters &#8211; 50) * 30.71);      }      return contractorsCost + centersCost;    }    function calculateROI() {      \/\/ Obter valores dos campos de entrada      const workCenters = parseFloat(document.getElementById(&#8216;workCenters&#8217;).value);      const contractors = parseFloat(document.getElementById(&#8216;contractors&#8217;).value);      const adminHoursPerWeek = parseFloat(document.getElementById(&#8216;adminHours&#8217;).value);            const downloadButton = document.getElementById(&#8216;downloadButton&#8217;);      const diagnosisBox = document.getElementById(&#8216;diagnosisBox&#8217;);      const diagnosisLevel = document.getElementById(&#8216;diagnosisLevel&#8217;);      const diagnosisDescription = document.getElementById(&#8216;diagnosisDescription&#8217;);      \/\/ Verificar que todos os campos estejam completos e sejam v\u00e1lidos      const allFieldsValid = [workCenters, contractors, adminHoursPerWeek]        .every(value =&gt; !isNaN(value) &amp;&amp; value &gt; 0);            \/\/ Mostrar\/ocultar elementos de acordo com a validade dos dados      downloadButton.style.display = allFieldsValid ? &#8216;block&#8217; : &#8216;none&#8217;;      diagnosisBox.style.display = allFieldsValid ? &#8216;block&#8217; : &#8216;none&#8217;;      if (!allFieldsValid) return;      \/\/ Constantes      const HOURLY_COST = 30; \/\/ \u20ac\/hora (coste tempo TPRL)      const TIME_REDUCTION = 0.75; \/\/ 75% de redu\u00e7\u00e3o      const WEEKS_PER_YEAR = 52;      \/\/ 1. Calcular Tempo Standard CAE (f\u00f3rmula do Excel)      const standardCAETime = (((contractors * 10) \/ 60) * (1 + (workCenters &#8211; 1) * 0.2));      \/\/ 2. Tempo total SEM plataforma (tomar o maior entre o indicado e o standard)      const timeWithoutPlatform = Math.max(adminHoursPerWeek, standardCAETime);      const annualTimeWithoutPlatform = Math.round(timeWithoutPlatform * WEEKS_PER_YEAR);      \/\/ 3. Custo anual SEM plataforma      const annualCostWithoutPlatform = annualTimeWithoutPlatform * HOURLY_COST;      \/\/ 4. Tempo COM plataforma (redu\u00e7\u00e3o de 75%)      const annualTimeWithPlatform = annualTimeWithoutPlatform * (1 &#8211; TIME_REDUCTION);      \/\/ 5. Custo da plataforma (pesquisa din\u00e2mica)      const platformAnnualCost = getPlatformCost(contractors, workCenters);      \/\/ 6. Custo total COM plataforma      const annualCostWithPlatform = platformAnnualCost + (annualTimeWithPlatform * HOURLY_COST);      \/\/ 7. Poupan\u00e7a em tempo (horas)      const timeSavings = annualTimeWithoutPlatform &#8211; annualTimeWithPlatform;      \/\/ 8. Benef\u00edcio l\u00edquido      const netBenefit = annualCostWithoutPlatform &#8211; annualCostWithPlatform;      \/\/ 9. ROI      const roiPercentage = (netBenefit \/ annualCostWithPlatform) * 100;      \/\/ 10. Diagn\u00f3stico CAE (c\u00e9lula B42)      const timeDifference = Math.round(adminHoursPerWeek &#8211; standardCAETime);      let caeAssessment = &#8220;Na m\u00e9dia&#8221;;      if (timeDifference === 0) caeAssessment = &#8220;Na m\u00e9dia&#8221;;      else if (timeDifference === 1) caeAssessment = &#8220;Top 35%&#8221;;      else if (timeDifference === 2) caeAssessment = &#8220;Top 15%&#8221;;      else if (timeDifference &gt;= 3) caeAssessment = &#8220;Top 3%&#8221;;      else if (timeDifference === -1) caeAssessment = &#8220;35% mais baixo&#8221;;      else if (timeDifference === -2) caeAssessment = &#8220;15% mais baixo&#8221;;      else if (timeDifference &lt;= -3) caeAssessment = &#8220;3% mais baixo&#8221;;      \/\/ 11. Descri\u00e7\u00e3o do diagn\u00f3stico (c\u00e9lula C42)      const adminRounded = Math.round(adminHoursPerWeek);      const standardRounded = Math.round(standardCAETime);      let caeDescription = &#8220;&#8221;;        if (adminRounded === standardRounded) {        caeDescription = &#8220;Provavelmente cumpre corretamente com a normativa CAE. Tem um bom potencial de poupan\u00e7a ao digitalizar o processo.&#8221;;      } else if (adminRounded &#8211; standardRounded &gt;= 1) {        caeDescription = &#8220;Provavelmente cumpre corretamente com a normativa CAE, e tem um enorme potencial de poupan\u00e7a ao digitalizar o processo.&#8221;;      } else if (standardRounded &#8211; adminRounded &gt;= 3) {        caeDescription = &#8220;Provavelmente est\u00e1 a fazer uma CAE superficial e a assumir riscos desnecess\u00e1rios. \u00c9 altamente prov\u00e1vel que, al\u00e9m disso, n\u00e3o esteja a registar adequadamente a dedica\u00e7\u00e3o da equipa \u00e0 CAE e tenha custos ocultos.&#8221;;      } else if (standardRounded &#8211; adminRounded &gt;= 2) {        caeDescription = &#8220;Provavelmente est\u00e1 a fazer uma CAE superficial e a assumir riscos desnecess\u00e1rios. \u00c9 prov\u00e1vel que, al\u00e9m disso, n\u00e3o esteja a registar adequadamente a dedica\u00e7\u00e3o da equipa \u00e0 CAE e tenha custos ocultos.&#8221;;      } else if (standardRounded &#8211; adminRounded &gt;= 1) {        caeDescription = &#8220;Provavelmente est\u00e1 a fazer uma CAE superficial e a assumir riscos desnecess\u00e1rios. \u00c9 prov\u00e1vel que, al\u00e9m disso, n\u00e3o esteja a registar adequadamente a dedica\u00e7\u00e3o da equipa \u00e0 CAE e tenha custos ocultos.&#8221;;      }      \/\/ Atualizar os elementos do DOM com o diagn\u00f3stico      diagnosisLevel.textContent = caeAssessment;      diagnosisDescription.textContent = caeDescription;      \/\/ Guardar todos os c\u00e1lculos no objeto roiData      roiData.workCenters = workCenters;      roiData.contractors = contractors;      roiData.adminHoursPerWeek = adminHoursPerWeek;      roiData.hourlyRate = HOURLY_COST;            \/\/ C\u00e1lculos interm\u00e9dios      roiData.standardCAETime = standardCAETime.toFixed(2);      roiData.timeWithoutPlatform = timeWithoutPlatform.toFixed(2);      roiData.annualTimeWithoutPlatform = annualTimeWithoutPlatform;      roiData.annualCostWithoutPlatform = annualCostWithoutPlatform.toFixed(2);            \/\/ Com plataforma      roiData.annualTimeWithPlatform = annualTimeWithPlatform.toFixed(2);      roiData.platformAnnualCost = platformAnnualCost.toFixed(2);      roiData.annualCostWithPlatform = annualCostWithPlatform.toFixed(2);            \/\/ Resultados finais      roiData.timeSavings = timeSavings.toFixed(2);      roiData.netBenefit = netBenefit.toFixed(2);      roiData.roiPercentage = roiPercentage.toFixed(2);      roiData.caeAssessment = caeAssessment;      roiData.caeDescription = caeDescription;      \/\/ VALORES ESPEC\u00cdFICOS PARA O PDF (nomes das c\u00e9lulas do Excel)      roiData.B15 = annualTimeWithoutPlatform; \/\/ Tempo anual SEM plataforma (horas)      roiData.B19 = annualCostWithoutPlatform.toFixed(2); \/\/ Custo anual SEM plataforma (\u20ac)      roiData.B24 = annualTimeWithPlatform.toFixed(2); \/\/ Tempo anual COM plataforma (horas)      roiData.B26 = annualCostWithPlatform.toFixed(2); \/\/ Custo anual COM plataforma (\u20ac)      roiData.B31 = timeSavings.toFixed(2); \/\/ Poupan\u00e7a em tempo (horas)      roiData.B33 = netBenefit.toFixed(2); \/\/ Benef\u00edcio l\u00edquido (\u20ac)      roiData.B37 = roiPercentage.toFixed(2); \/\/ ROI %      console.log(&#8216;Dados de ROI calculados:&#8217;, roiData);    }    \/\/ Fun\u00e7\u00e3o para gerir o clique do bot\u00e3o    function handleDownloadClick() {      \/\/ Armazenar os dados de ROI para uso posterior      if (typeof(Storage) !== &#8220;undefined&#8221;) {        sessionStorage.setItem(&#8216;roiCalculatorData&#8217;, JSON.stringify(roiData));      }            \/\/ Procurar o bot\u00e3o &#8220;Click Here Now&#8221; na p\u00e1gina e clicar nele      try {        \/\/ Procurar pelo texto do bot\u00e3o        const clickHereButtons = Array.from(document.querySelectorAll(&#8216;a, button&#8217;)).filter(el =&gt;           el.textContent.trim().toLowerCase().includes(&#8216;click here now&#8217;)        );                if (clickHereButtons.length &gt; 0) {          console.log(&#8216;Bot\u00e3o &#8220;Click Here Now&#8221; encontrado, a clicar&#8230;&#8217;);          clickHereButtons[0].click();          return;        }                \/\/ Procurar por atributos de Thrive        const thriveButton = document.querySelector(&#8216;[data-tcb-events*=&#8221;thrive_lightbox&#8221;]&#8217;);        if (thriveButton) {          console.log(&#8216;Bot\u00e3o Thrive encontrado, a clicar&#8230;&#8217;);          thriveButton.click();          return;        }                \/\/ Procurar pela classe espec\u00edfica de Thrive        const thriveButtonByClass = document.querySelector(&#8216;.tve_evt_manager_listen.tve_et_click&#8217;);        if (thriveButtonByClass) {          console.log(&#8216;Bot\u00e3o encontrado pela classe Thrive, a clicar&#8230;&#8217;);          thriveButtonByClass.click();          return;        }                \/\/ Se n\u00e3o encontrar nenhum bot\u00e3o        console.log(&#8216;N\u00e3o foi encontrado o bot\u00e3o &#8220;Click Here Now&#8221;&#8216;);        alert(&#8216;Por favor, clique no bot\u00e3o &#8220;Click Here Now&#8221; que aparece na p\u00e1gina para descarregar o relat\u00f3rio ROI.&#8217;);              } catch (error) {        console.error(&#8216;Erro ao procurar bot\u00e3o:&#8217;, error);        alert(&#8216;Por favor, clique no bot\u00e3o &#8220;Click Here Now&#8221; que aparece na p\u00e1gina para descarregar o relat\u00f3rio ROI.&#8217;);      }            console.log(&#8216;Dados de ROI guardados:&#8217;, roiData);    }    \/\/ Event listener para o bot\u00e3o de descarregamento    document.getElementById(&#8216;downloadButton&#8217;).addEventListener(&#8216;click&#8217;, handleDownloadClick);  [\/tcb-script]<\/p>\n","protected":false},"excerpt":{"rendered":"<p>Calculadora de ROI &#8211; Twind Calculadora de Retorno do Investimento (ROI) da Twind Descubra quanto dinheiro pode poupar na gest\u00e3o de empreiteiros. A sua concorr\u00eancia j\u00e1 est\u00e1 a poupar milhares de euros. E voc\u00ea? Obtenha a sua an\u00e1lise personalizada em 2 minutos e descubra quanto tempo e dinheiro pode poupar com a Twind. Mais de [&hellip;]<\/p>\n","protected":false},"author":1,"featured_media":284,"parent":0,"menu_order":0,"comment_status":"closed","ping_status":"closed","template":"","meta":{"content-type":"","footnotes":""},"class_list":["post-2477","page","type-page","status-publish","has-post-thumbnail","hentry","post-wrapper","thrv_wrapper"],"yoast_head":"<!-- This site is optimized with the Yoast SEO plugin v27.2 - https:\/\/yoast.com\/product\/yoast-seo-wordpress\/ -->\n<title>Calculadora ROI - Software Gest\u00e3o Documental de Fornecedores<\/title>\n<meta name=\"robots\" content=\"noindex, nofollow\" \/>\n<meta property=\"og:locale\" content=\"pt_PT\" \/>\n<meta property=\"og:type\" content=\"article\" \/>\n<meta property=\"og:title\" content=\"Calculadora ROI - Software Gest\u00e3o Documental de Fornecedores\" \/>\n<meta property=\"og:description\" content=\"Calculadora de ROI &#8211; Twind Calculadora de Retorno do Investimento (ROI) da Twind Descubra quanto dinheiro pode poupar na gest\u00e3o de empreiteiros. A sua concorr\u00eancia j\u00e1 est\u00e1 a poupar milhares de euros. E voc\u00ea? Obtenha a sua an\u00e1lise personalizada em 2 minutos e descubra quanto tempo e dinheiro pode poupar com a Twind. Mais de [&hellip;]\" \/>\n<meta property=\"og:url\" content=\"https:\/\/twind.io\/pt\/calculadora-roi\/\" \/>\n<meta property=\"og:site_name\" content=\"Software Gest\u00e3o Documental de Fornecedores\" \/>\n<meta property=\"article:modified_time\" content=\"2025-12-01T12:49:11+00:00\" \/>\n<meta name=\"twitter:card\" content=\"summary_large_image\" \/>\n<meta name=\"twitter:label1\" content=\"Tempo estimado de leitura\" \/>\n\t<meta name=\"twitter:data1\" content=\"1 minuto\" \/>\n<script type=\"application\/ld+json\" class=\"yoast-schema-graph\">{\"@context\":\"https:\/\/schema.org\",\"@graph\":[{\"@type\":\"WebPage\",\"@id\":\"https:\/\/twind.io\/pt\/calculadora-roi\/\",\"url\":\"https:\/\/twind.io\/pt\/calculadora-roi\/\",\"name\":\"Calculadora ROI - Software Gest\u00e3o Documental de Fornecedores\",\"isPartOf\":{\"@id\":\"https:\/\/twind.io\/pt\/#website\"},\"primaryImageOfPage\":{\"@id\":\"https:\/\/twind.io\/pt\/calculadora-roi\/#primaryimage\"},\"image\":{\"@id\":\"https:\/\/twind.io\/pt\/calculadora-roi\/#primaryimage\"},\"thumbnailUrl\":\"https:\/\/twind.io\/pt\/wp-content\/uploads\/2023\/04\/6-global.svg\",\"datePublished\":\"2025-11-13T15:29:42+00:00\",\"dateModified\":\"2025-12-01T12:49:11+00:00\",\"breadcrumb\":{\"@id\":\"https:\/\/twind.io\/pt\/calculadora-roi\/#breadcrumb\"},\"inLanguage\":\"pt-PT\",\"potentialAction\":[{\"@type\":\"ReadAction\",\"target\":[\"https:\/\/twind.io\/pt\/calculadora-roi\/\"]}]},{\"@type\":\"ImageObject\",\"inLanguage\":\"pt-PT\",\"@id\":\"https:\/\/twind.io\/pt\/calculadora-roi\/#primaryimage\",\"url\":\"https:\/\/twind.io\/pt\/wp-content\/uploads\/2023\/04\/6-global.svg\",\"contentUrl\":\"https:\/\/twind.io\/pt\/wp-content\/uploads\/2023\/04\/6-global.svg\",\"caption\":\"Contacto\"},{\"@type\":\"BreadcrumbList\",\"@id\":\"https:\/\/twind.io\/pt\/calculadora-roi\/#breadcrumb\",\"itemListElement\":[{\"@type\":\"ListItem\",\"position\":1,\"name\":\"Portada\",\"item\":\"https:\/\/twind.io\/pt\/\"},{\"@type\":\"ListItem\",\"position\":2,\"name\":\"Calculadora ROI\"}]},{\"@type\":\"WebSite\",\"@id\":\"https:\/\/twind.io\/pt\/#website\",\"url\":\"https:\/\/twind.io\/pt\/\",\"name\":\"Software Gest\u00e3o Documental de Fornecedores\",\"description\":\"Software Gest\u00e3o Documental de Fornecedores e preven\u00e7\u00e3o da seguran\u00e7a e da sa\u00fade no trabalho\",\"potentialAction\":[{\"@type\":\"SearchAction\",\"target\":{\"@type\":\"EntryPoint\",\"urlTemplate\":\"https:\/\/twind.io\/pt\/?s={search_term_string}\"},\"query-input\":{\"@type\":\"PropertyValueSpecification\",\"valueRequired\":true,\"valueName\":\"search_term_string\"}}],\"inLanguage\":\"pt-PT\"}]}<\/script>\n<!-- \/ Yoast SEO plugin. -->","yoast_head_json":{"title":"Calculadora ROI - Software Gest\u00e3o Documental de Fornecedores","robots":{"index":"noindex","follow":"nofollow"},"og_locale":"pt_PT","og_type":"article","og_title":"Calculadora ROI - Software Gest\u00e3o Documental de Fornecedores","og_description":"Calculadora de ROI &#8211; Twind Calculadora de Retorno do Investimento (ROI) da Twind Descubra quanto dinheiro pode poupar na gest\u00e3o de empreiteiros. A sua concorr\u00eancia j\u00e1 est\u00e1 a poupar milhares de euros. E voc\u00ea? Obtenha a sua an\u00e1lise personalizada em 2 minutos e descubra quanto tempo e dinheiro pode poupar com a Twind. Mais de [&hellip;]","og_url":"https:\/\/twind.io\/pt\/calculadora-roi\/","og_site_name":"Software Gest\u00e3o Documental de Fornecedores","article_modified_time":"2025-12-01T12:49:11+00:00","twitter_card":"summary_large_image","twitter_misc":{"Tempo estimado de leitura":"1 minuto"},"schema":{"@context":"https:\/\/schema.org","@graph":[{"@type":"WebPage","@id":"https:\/\/twind.io\/pt\/calculadora-roi\/","url":"https:\/\/twind.io\/pt\/calculadora-roi\/","name":"Calculadora ROI - Software Gest\u00e3o Documental de Fornecedores","isPartOf":{"@id":"https:\/\/twind.io\/pt\/#website"},"primaryImageOfPage":{"@id":"https:\/\/twind.io\/pt\/calculadora-roi\/#primaryimage"},"image":{"@id":"https:\/\/twind.io\/pt\/calculadora-roi\/#primaryimage"},"thumbnailUrl":"https:\/\/twind.io\/pt\/wp-content\/uploads\/2023\/04\/6-global.svg","datePublished":"2025-11-13T15:29:42+00:00","dateModified":"2025-12-01T12:49:11+00:00","breadcrumb":{"@id":"https:\/\/twind.io\/pt\/calculadora-roi\/#breadcrumb"},"inLanguage":"pt-PT","potentialAction":[{"@type":"ReadAction","target":["https:\/\/twind.io\/pt\/calculadora-roi\/"]}]},{"@type":"ImageObject","inLanguage":"pt-PT","@id":"https:\/\/twind.io\/pt\/calculadora-roi\/#primaryimage","url":"https:\/\/twind.io\/pt\/wp-content\/uploads\/2023\/04\/6-global.svg","contentUrl":"https:\/\/twind.io\/pt\/wp-content\/uploads\/2023\/04\/6-global.svg","caption":"Contacto"},{"@type":"BreadcrumbList","@id":"https:\/\/twind.io\/pt\/calculadora-roi\/#breadcrumb","itemListElement":[{"@type":"ListItem","position":1,"name":"Portada","item":"https:\/\/twind.io\/pt\/"},{"@type":"ListItem","position":2,"name":"Calculadora ROI"}]},{"@type":"WebSite","@id":"https:\/\/twind.io\/pt\/#website","url":"https:\/\/twind.io\/pt\/","name":"Software Gest\u00e3o Documental de Fornecedores","description":"Software Gest\u00e3o Documental de Fornecedores e preven\u00e7\u00e3o da seguran\u00e7a e da sa\u00fade no trabalho","potentialAction":[{"@type":"SearchAction","target":{"@type":"EntryPoint","urlTemplate":"https:\/\/twind.io\/pt\/?s={search_term_string}"},"query-input":{"@type":"PropertyValueSpecification","valueRequired":true,"valueName":"search_term_string"}}],"inLanguage":"pt-PT"}]}},"_links":{"self":[{"href":"https:\/\/twind.io\/pt\/wp-json\/wp\/v2\/pages\/2477","targetHints":{"allow":["GET"]}}],"collection":[{"href":"https:\/\/twind.io\/pt\/wp-json\/wp\/v2\/pages"}],"about":[{"href":"https:\/\/twind.io\/pt\/wp-json\/wp\/v2\/types\/page"}],"author":[{"embeddable":true,"href":"https:\/\/twind.io\/pt\/wp-json\/wp\/v2\/users\/1"}],"replies":[{"embeddable":true,"href":"https:\/\/twind.io\/pt\/wp-json\/wp\/v2\/comments?post=2477"}],"version-history":[{"count":5,"href":"https:\/\/twind.io\/pt\/wp-json\/wp\/v2\/pages\/2477\/revisions"}],"predecessor-version":[{"id":2621,"href":"https:\/\/twind.io\/pt\/wp-json\/wp\/v2\/pages\/2477\/revisions\/2621"}],"wp:featuredmedia":[{"embeddable":true,"href":"https:\/\/twind.io\/pt\/wp-json\/wp\/v2\/media\/284"}],"wp:attachment":[{"href":"https:\/\/twind.io\/pt\/wp-json\/wp\/v2\/media?parent=2477"}],"curies":[{"name":"wp","href":"https:\/\/api.w.org\/{rel}","templated":true}]}}