{"id":2493,"date":"2025-11-24T12:06:20","date_gmt":"2025-11-24T12:06:20","guid":{"rendered":"https:\/\/twind.io\/pt\/?page_id=2493"},"modified":"2025-12-01T12:37:34","modified_gmt":"2025-12-01T12:37:34","slug":"modelo-gestao-documental-twind","status":"publish","type":"page","link":"https:\/\/twind.io\/pt\/modelo-gestao-documental-twind\/","title":{"rendered":"Gest\u00e3o documental de SST de subcontratados sem surpresas \u2013 tarifa fixa"},"content":{"rendered":"<h1 style=\"text-align: center;\"><span>Gest\u00e3o documental de SST de subcontratados sem complica\u00e7\u00f5es: <\/span><span><span style=\"--tcb-applied-color: rgb(26, 48, 55) !important; color: rgb(26, 48, 55) !important;\">Uma tarifa fixa que muda tudo<\/span><\/span><\/h1>\n<h2 style=\"text-align: center;\"><span><span><span>Verificamos toda a documenta\u00e7\u00e3o de seguran\u00e7a dos seus subcontratados com uma quota fixa, transparente e sem surpresas na fatura. Um servi\u00e7o ideal para empresas de qualquer dimens\u00e3o.<\/span><\/span><\/span><\/h2>\n<p><span style=\"\"><\/span><span><img decoding=\"async\" alt=\"\" data-id=\"243\" title=\"5\" src=\"https:\/\/twind.io\/pt\/wp-content\/uploads\/2025\/11\/5.svg\" data-width=\"40\" data-height=\"40\" style=\"aspect-ratio: auto 371 \/ 371;\" height=\"40\" width=\"40\" data-init-width=\"371\" data-init-height=\"371\" loading=\"lazy\"><\/span><\/p>\n<p style=\"text-align: center;\"><strong><span style=\"font-size: 50px !important; --tcb-applied-color: var$(--tcb-color-4) !important; color: var(--tcb-color-4) !important;\">24 h<\/span><\/strong><\/p>\n<h3 style=\"text-align: center;\"><span>Verifica\u00e7\u00e3o documental mais r\u00e1pida<\/span><\/h3>\n<h3 style=\"text-align: center;\"><span style=\"font-weight: normal;\"><span>Processamento de documenta\u00e7\u00e3o de SST de subcontratados em tempo recorde para opera\u00e7\u00f5es urgentes.<\/span><\/span><\/h3>\n<p><span><img decoding=\"async\" alt=\"\" data-id=\"245\" title=\"7\" src=\"https:\/\/twind.io\/pt\/wp-content\/uploads\/2025\/11\/7.svg\" data-width=\"40\" data-height=\"40\" style=\"aspect-ratio: auto 371 \/ 371;\" height=\"40\" width=\"40\" data-init-width=\"371\" data-init-height=\"371\" loading=\"lazy\"><\/span><\/p>\n<p style=\"text-align: center;\"><strong><span style=\"font-size: 50px !important; --tcb-applied-color: var$(--tcb-color-4) !important; color: var(--tcb-color-4) !important;\">500+<\/span><\/strong><\/p>\n<h3 style=\"text-align: center;\"><span style=\"\">Empresas que confiam<\/span><\/h3>\n<h3 style=\"text-align: center;\"><span style=\"font-weight: normal;\"><span>Organiza\u00e7\u00f5es l\u00edderes de diferentes setores industriais apoiam a nossa solu\u00e7\u00e3o.<\/span><\/span><\/h3>\n<p><span><img decoding=\"async\" alt=\"\" data-id=\"244\" title=\"6\" src=\"https:\/\/twind.io\/pt\/wp-content\/uploads\/2025\/11\/6.svg\" data-width=\"40\" data-height=\"40\" style=\"aspect-ratio: auto 371 \/ 371;\" height=\"40\" width=\"40\" data-init-width=\"371\" data-init-height=\"371\" loading=\"lazy\"><\/span><\/p>\n<p style=\"text-align: center;\"><strong><span style=\"font-size: 50px !important; --tcb-applied-color: var$(--tcb-color-4) !important; color: var(--tcb-color-4) !important;\">100%<\/span><\/strong><\/p>\n<h3 style=\"text-align: center;\"><span style=\"\">Todos os documentos SST dos&nbsp;<\/span><\/h3>\n<h3 style=\"text-align: center;\"><span style=\"\"><\/span><span style=\"\">subcontratados inclu\u00eddos<\/span><\/h3>\n<h3 style=\"text-align: center;\"><span style=\"font-weight: normal;\"><span>Cobertura completa de toda a documenta\u00e7\u00e3o de SST de subcontratados requerida por lei.<\/span><\/span><\/h3>\n<p style=\"text-align: center;\"><strong>Desenvolvido pela CTAIMA, <\/strong>todas estas empresas j\u00e1 confiam em n\u00f3s<\/p>\n<p><span><img decoding=\"async\" alt=\"\" data-id=\"2501\" width=\"\" height=\"undefined\" title=\"6-bayer\" src=\"https:\/\/twind.io\/pt\/wp-content\/uploads\/2025\/11\/6-bayer.svg\" data-src=\"https:\/\/twind.io\/pt\/wp-content\/uploads\/2025\/11\/6-bayer.svg\" loading=\"lazy\" data-sizes=\"{&quot;full&quot;:{&quot;url&quot;:&quot;https:\/\/twind.io\/pt\/wp-content\/uploads\/2025\/11\/6-bayer.svg&quot;}}\" style=\"\"><\/span><span><img decoding=\"async\" alt=\"\" data-id=\"2505\" width=\"\" height=\"undefined\" title=\"1-adidas\" src=\"https:\/\/twind.io\/pt\/wp-content\/uploads\/2025\/11\/1-adidas.svg\" data-src=\"https:\/\/twind.io\/pt\/wp-content\/uploads\/2025\/11\/1-adidas.svg\" loading=\"lazy\" data-sizes=\"{&quot;full&quot;:{&quot;url&quot;:&quot;https:\/\/twind.io\/pt\/wp-content\/uploads\/2025\/11\/1-adidas.svg&quot;}}\" style=\"\"><\/span><span><img decoding=\"async\" alt=\"\" data-id=\"2506\" width=\"\" height=\"undefined\" title=\"8-nippon-gases\" src=\"https:\/\/twind.io\/pt\/wp-content\/uploads\/2025\/11\/8-nippon-gases.svg\" data-src=\"https:\/\/twind.io\/pt\/wp-content\/uploads\/2025\/11\/8-nippon-gases.svg\" loading=\"lazy\" data-sizes=\"{&quot;full&quot;:{&quot;url&quot;:&quot;https:\/\/twind.io\/pt\/wp-content\/uploads\/2025\/11\/8-nippon-gases.svg&quot;}}\" style=\"\"><\/span><span><img decoding=\"async\" alt=\"\" data-id=\"2507\" width=\"\" height=\"undefined\" title=\"7-mango\" src=\"https:\/\/twind.io\/pt\/wp-content\/uploads\/2025\/11\/7-mango.svg\" data-src=\"https:\/\/twind.io\/pt\/wp-content\/uploads\/2025\/11\/7-mango.svg\" loading=\"lazy\" data-sizes=\"{&quot;full&quot;:{&quot;url&quot;:&quot;https:\/\/twind.io\/pt\/wp-content\/uploads\/2025\/11\/7-mango.svg&quot;}}\" style=\"\"><\/span><span><img decoding=\"async\" alt=\"\" data-id=\"2502\" width=\"\" height=\"undefined\" title=\"4-mercedes-benz\" src=\"https:\/\/twind.io\/pt\/wp-content\/uploads\/2025\/11\/4-mercedes-benz.svg\" data-src=\"https:\/\/twind.io\/pt\/wp-content\/uploads\/2025\/11\/4-mercedes-benz.svg\" loading=\"lazy\" data-sizes=\"{&quot;full&quot;:{&quot;url&quot;:&quot;https:\/\/twind.io\/pt\/wp-content\/uploads\/2025\/11\/4-mercedes-benz.svg&quot;}}\" style=\"\"><\/span><span><img decoding=\"async\" alt=\"\" data-id=\"2503\" width=\"\" height=\"undefined\" title=\"5-sodexo\" src=\"https:\/\/twind.io\/pt\/wp-content\/uploads\/2025\/11\/5-sodexo.svg\" data-src=\"https:\/\/twind.io\/pt\/wp-content\/uploads\/2025\/11\/5-sodexo.svg\" loading=\"lazy\" data-sizes=\"{&quot;full&quot;:{&quot;url&quot;:&quot;https:\/\/twind.io\/pt\/wp-content\/uploads\/2025\/11\/5-sodexo.svg&quot;}}\" style=\"\"><\/span><span><img decoding=\"async\" alt=\"\" data-id=\"2504\" width=\"\" height=\"undefined\" title=\"3-nestle\" src=\"https:\/\/twind.io\/pt\/wp-content\/uploads\/2025\/11\/3-nestle.svg\" data-src=\"https:\/\/twind.io\/pt\/wp-content\/uploads\/2025\/11\/3-nestle.svg\" loading=\"lazy\" data-sizes=\"{&quot;full&quot;:{&quot;url&quot;:&quot;https:\/\/twind.io\/pt\/wp-content\/uploads\/2025\/11\/3-nestle.svg&quot;}}\" style=\"\"><\/span><\/p>\n<h2 style=\"\"><span>O que \u00e9 a <span style=\"--tcb-applied-color: var$(--tcb-skin-color-0) !important; color: var(--tcb-skin-color-0) !important;\">G<\/span><span style=\"--tcb-applied-color: var$(--tcb-color-4) !important; color: var(--tcb-color-4) !important;\">est\u00e3o Documental de SST<\/span> de subcontratados?<\/span><\/h2>\n<h2 style=\"text-align: left;\"><span><span><span><span style=\"font-weight: normal;\">\u00c9 o <\/span><strong>nosso servi\u00e7o de verifica\u00e7\u00e3o documental<\/strong><span style=\"font-weight: normal;\">: tratamos de receber, analisar e validar todos os documentos exigidos aos seus subcontratados.<\/span><strong>Uma equipa especialista em documenta\u00e7\u00e3o relacionada com a gest\u00e3o de SST de subcontratados analisa cada documento<\/strong><span style=\"font-weight: normal;\"> e verifica o seu cumprimento com a legisla\u00e7\u00e3o em vigor.Se algo n\u00e3o estiver correto, <\/span><strong>os seus subcontratados s\u00e3o notificados, atrav\u00e9s da plataforma<\/strong><span style=\"font-weight: normal;\">, e explicamos o que devem corrigir para ter a documenta\u00e7\u00e3o conforme desde o primeiro dia.<\/span><\/span><\/span><\/span><\/h2>\n<h2 style=\"text-align: center;\"><strong>Tarifa fixa por subcontratado: <span style=\"--tcb-applied-color: var$(--tcb-color-4) !important; color: var(--tcb-color-4) !important;\">simplifique a sua Gest\u00e3o Documental de SST<\/span><\/strong><\/h2>\n<h2 style=\"text-align: center;\"><span><span><span>Durante anos, a gest\u00e3o documental de SST tem sido feita com modelos de pre\u00e7o por documento, pacotes de documentos ou consumos vari\u00e1veis. Agora simplificamos tudo com um sistema muito mais claro, est\u00e1vel e eficiente.<\/span><\/span><\/span><\/h2>\n<p><!--! Font Awesome Free 6.7.1 by @fontawesome - https:\/\/fontawesome.com License - https:\/\/fontawesome.com\/license\/free (Icons: CC BY 4.0, Fonts: SIL OFL 1.1, Code: MIT License) Copyright 2024 Fonticons, Inc. --><\/p>\n<h3 style=\"\">Documentos ilimitados<\/h3>\n<p><strong> <\/strong><\/p>\n<p style=\"\">Verificamos todos os documentos sem limites de quantidade.<\/p>\n<p><strong> <\/strong><\/p>\n<p><!--! Font Awesome Free 6.7.1 by @fontawesome - https:\/\/fontawesome.com License - https:\/\/fontawesome.com\/license\/free (Icons: CC BY 4.0, Fonts: SIL OFL 1.1, Code: MIT License) Copyright 2024 Fonticons, Inc. --><\/p>\n<h3 style=\"\">Custo previs\u00edvel<\/h3>\n<p style=\"\">Sem consumos vari\u00e1veis e sem custos extra por documentos invalidados.<\/p>\n<p><strong> <\/strong><\/p>\n<p><!--! Font Awesome Free 6.7.1 by @fontawesome - https:\/\/fontawesome.com License - https:\/\/fontawesome.com\/license\/free (Icons: CC BY 4.0, Fonts: SIL OFL 1.1, Code: MIT License) Copyright 2024 Fonticons, Inc. --><\/p>\n<h3 style=\"\">Cobertura global<\/h3>\n<p><strong> <\/strong><\/p>\n<p style=\"\">Documentos em v\u00e1rios idiomas inclu\u00eddos, sem custos adicionais.<\/p>\n<p><strong> <\/strong><\/p>\n<p><!--! Font Awesome Free 6.7.1 by @fontawesome - https:\/\/fontawesome.com License - https:\/\/fontawesome.com\/license\/free (Icons: CC BY 4.0, Fonts: SIL OFL 1.1, Code: MIT License) Copyright 2024 Fonticons, Inc. --><\/p>\n<h3 style=\"\"><strong>Especialistas<\/strong><\/h3>\n<p style=\"\">Verifica\u00e7\u00e3o documental realizada por uma equipa de mais de 300 especialistas.<\/p>\n<p><strong> <\/strong><\/p>\n<p><strong> <\/strong><\/p>\n<h2 style=\"text-align: center;\">Como funciona o nosso servi\u00e7o de Gest\u00e3o Documental?<\/h2>\n<p style=\"\">Escolha quantos subcontratados gere.<\/p>\n<p><strong> <\/strong><\/p>\n<p style=\"\">Pague uma tarifa fixa pelo Servi\u00e7o de Verifica\u00e7\u00e3o Documental.<\/p>\n<p><strong> <\/strong><\/p>\n<p style=\"\">&#8216;A nossa equipa recebe, analisa e valida a documenta\u00e7\u00e3o no prazo contratualizado (24h ou 48h)<\/p>\n<p><strong> <\/strong><\/p>\n<p style=\"\">Aceda em tempo real ao estado de cada documento.<\/p>\n<p><strong> <\/strong><\/p>\n<h2 style=\"text-align: left;\"><span style=\"\">Quer ver como poderia funcionar na sua empresa?<\/span><\/h2>\n<p style=\"\"><span style=\"--tcb-applied-color: rgb(26, 48, 55) !important; color: rgb(26, 48, 55) !important;\"><strong>A gest\u00e3o documental n\u00e3o \u00e9 apenas um requisito legal: \u00e9 um pilar fundamental para garantir a seguran\u00e7a, a rastreabilidade e o cumprimento da legisla\u00e7\u00e3o.Preencha o formul\u00e1rio para falar com a nossa equipa.<\/strong><\/span><\/p>\n\n\t\t\t\t\t\t<script>\n\t\t\t\t\t\t\twindow.hsFormsOnReady = window.hsFormsOnReady || [];\n\t\t\t\t\t\t\twindow.hsFormsOnReady.push(()=>{\n\t\t\t\t\t\t\t\thbspt.forms.create({\n\t\t\t\t\t\t\t\t\tportalId: 146424663,\n\t\t\t\t\t\t\t\t\tformId: \"995a1c52-18eb-42ee-a59a-01cd43b59917\",\n\t\t\t\t\t\t\t\t\ttarget: \"#hbspt-form-1776431498000-5407608396\",\n\t\t\t\t\t\t\t\t\tregion: \"eu1\",\n\t\t\t\t\t\t\t\t\t\n\t\t\t\t\t\t\t})});\n\t\t\t\t\t\t<\/script>\n\t\t\t\t\t\t<div class=\"hbspt-form\" id=\"hbspt-form-1776431498000-5407608396\"><\/div>\n","protected":false},"excerpt":{"rendered":"<p>Gest\u00e3o documental de SST de subcontratados sem complica\u00e7\u00f5es: Uma tarifa fixa que muda tudo Verificamos toda a documenta\u00e7\u00e3o de seguran\u00e7a dos seus subcontratados com uma quota fixa, transparente e sem surpresas na fatura. Um servi\u00e7o ideal para empresas de qualquer dimens\u00e3o. 24 h Verifica\u00e7\u00e3o documental mais r\u00e1pida Processamento de documenta\u00e7\u00e3o de SST de subcontratados em [&hellip;]<\/p>\n","protected":false},"author":3,"featured_media":832,"parent":0,"menu_order":0,"comment_status":"closed","ping_status":"closed","template":"","meta":{"content-type":"","footnotes":""},"class_list":["post-2493","page","type-page","status-publish","has-post-thumbnail","hentry","post-wrapper","thrv_wrapper"],"yoast_head":"<!-- This site is optimized with the Yoast SEO plugin v27.2 - https:\/\/yoast.com\/product\/yoast-seo-wordpress\/ -->\n<title>Gest\u00e3o documental de SST de subcontratados \u2013 tarifa fixa | Twind<\/title>\n<meta name=\"description\" content=\"Revoluciona a tua gest\u00e3o documental de SST de subcontratados com tarifa fixa: valida\u00e7\u00f5es ilimitadas, sem custos extra nem surpresas.\" \/>\n<meta name=\"robots\" content=\"index, follow, max-snippet:-1, max-image-preview:large, max-video-preview:-1\" \/>\n<link rel=\"canonical\" href=\"https:\/\/twind.io\/pt\/modelo-gestao-documental-twind\/\" \/>\n<meta property=\"og:locale\" content=\"pt_PT\" \/>\n<meta property=\"og:type\" content=\"article\" \/>\n<meta property=\"og:title\" content=\"Gest\u00e3o documental de SST de subcontratados \u2013 tarifa fixa | Twind\" \/>\n<meta property=\"og:description\" content=\"Revoluciona a tua gest\u00e3o documental de SST de subcontratados com tarifa fixa: valida\u00e7\u00f5es ilimitadas, sem custos extra nem surpresas.\" \/>\n<meta property=\"og:url\" content=\"https:\/\/twind.io\/pt\/modelo-gestao-documental-twind\/\" \/>\n<meta property=\"og:site_name\" content=\"Software Gest\u00e3o Documental de Fornecedores\" \/>\n<meta property=\"article:modified_time\" content=\"2025-12-01T12:37:34+00:00\" \/>\n<meta property=\"og:image\" content=\"https:\/\/twind.io\/pt\/wp-content\/uploads\/2023\/05\/Banner-home-twind.webp\" \/>\n\t<meta property=\"og:image:width\" content=\"1532\" \/>\n\t<meta property=\"og:image:height\" content=\"734\" \/>\n\t<meta property=\"og:image:type\" content=\"image\/webp\" \/>\n<meta name=\"twitter:card\" content=\"summary_large_image\" \/>\n<meta name=\"twitter:label1\" content=\"Tempo estimado de leitura\" \/>\n\t<meta name=\"twitter:data1\" content=\"5 minutos\" \/>\n<script type=\"application\/ld+json\" class=\"yoast-schema-graph\">{\"@context\":\"https:\/\/schema.org\",\"@graph\":[{\"@type\":\"WebPage\",\"@id\":\"https:\/\/twind.io\/pt\/modelo-gestao-documental-twind\/\",\"url\":\"https:\/\/twind.io\/pt\/modelo-gestao-documental-twind\/\",\"name\":\"Gest\u00e3o documental de SST de subcontratados \u2013 tarifa fixa | Twind\",\"isPartOf\":{\"@id\":\"https:\/\/twind.io\/pt\/#website\"},\"primaryImageOfPage\":{\"@id\":\"https:\/\/twind.io\/pt\/modelo-gestao-documental-twind\/#primaryimage\"},\"image\":{\"@id\":\"https:\/\/twind.io\/pt\/modelo-gestao-documental-twind\/#primaryimage\"},\"thumbnailUrl\":\"https:\/\/twind.io\/pt\/wp-content\/uploads\/2023\/05\/Banner-home-twind.webp\",\"datePublished\":\"2025-11-24T12:06:20+00:00\",\"dateModified\":\"2025-12-01T12:37:34+00:00\",\"description\":\"Revoluciona a tua gest\u00e3o documental de SST de subcontratados com tarifa fixa: valida\u00e7\u00f5es ilimitadas, sem custos extra nem surpresas.\",\"breadcrumb\":{\"@id\":\"https:\/\/twind.io\/pt\/modelo-gestao-documental-twind\/#breadcrumb\"},\"inLanguage\":\"pt-PT\",\"potentialAction\":[{\"@type\":\"ReadAction\",\"target\":[\"https:\/\/twind.io\/pt\/modelo-gestao-documental-twind\/\"]}]},{\"@type\":\"ImageObject\",\"inLanguage\":\"pt-PT\",\"@id\":\"https:\/\/twind.io\/pt\/modelo-gestao-documental-twind\/#primaryimage\",\"url\":\"https:\/\/twind.io\/pt\/wp-content\/uploads\/2023\/05\/Banner-home-twind.webp\",\"contentUrl\":\"https:\/\/twind.io\/pt\/wp-content\/uploads\/2023\/05\/Banner-home-twind.webp\",\"width\":1532,\"height\":734,\"caption\":\"Twind software gesti\u00f3n de prestadores de servicios especializados\"},{\"@type\":\"BreadcrumbList\",\"@id\":\"https:\/\/twind.io\/pt\/modelo-gestao-documental-twind\/#breadcrumb\",\"itemListElement\":[{\"@type\":\"ListItem\",\"position\":1,\"name\":\"Portada\",\"item\":\"https:\/\/twind.io\/pt\/\"},{\"@type\":\"ListItem\",\"position\":2,\"name\":\"Gest\u00e3o documental de SST de subcontratados sem surpresas \u2013 tarifa fixa\"}]},{\"@type\":\"WebSite\",\"@id\":\"https:\/\/twind.io\/pt\/#website\",\"url\":\"https:\/\/twind.io\/pt\/\",\"name\":\"Software Gest\u00e3o Documental de Fornecedores\",\"description\":\"Software Gest\u00e3o Documental de Fornecedores e preven\u00e7\u00e3o da seguran\u00e7a e da sa\u00fade no trabalho\",\"potentialAction\":[{\"@type\":\"SearchAction\",\"target\":{\"@type\":\"EntryPoint\",\"urlTemplate\":\"https:\/\/twind.io\/pt\/?s={search_term_string}\"},\"query-input\":{\"@type\":\"PropertyValueSpecification\",\"valueRequired\":true,\"valueName\":\"search_term_string\"}}],\"inLanguage\":\"pt-PT\"}]}<\/script>\n<!-- \/ Yoast SEO plugin. -->","yoast_head_json":{"title":"Gest\u00e3o documental de SST de subcontratados \u2013 tarifa fixa | Twind","description":"Revoluciona a tua gest\u00e3o documental de SST de subcontratados com tarifa fixa: valida\u00e7\u00f5es ilimitadas, sem custos extra nem surpresas.","robots":{"index":"index","follow":"follow","max-snippet":"max-snippet:-1","max-image-preview":"max-image-preview:large","max-video-preview":"max-video-preview:-1"},"canonical":"https:\/\/twind.io\/pt\/modelo-gestao-documental-twind\/","og_locale":"pt_PT","og_type":"article","og_title":"Gest\u00e3o documental de SST de subcontratados \u2013 tarifa fixa | Twind","og_description":"Revoluciona a tua gest\u00e3o documental de SST de subcontratados com tarifa fixa: valida\u00e7\u00f5es ilimitadas, sem custos extra nem surpresas.","og_url":"https:\/\/twind.io\/pt\/modelo-gestao-documental-twind\/","og_site_name":"Software Gest\u00e3o Documental de Fornecedores","article_modified_time":"2025-12-01T12:37:34+00:00","og_image":[{"width":1532,"height":734,"url":"https:\/\/twind.io\/pt\/wp-content\/uploads\/2023\/05\/Banner-home-twind.webp","type":"image\/webp"}],"twitter_card":"summary_large_image","twitter_misc":{"Tempo estimado de leitura":"5 minutos"},"schema":{"@context":"https:\/\/schema.org","@graph":[{"@type":"WebPage","@id":"https:\/\/twind.io\/pt\/modelo-gestao-documental-twind\/","url":"https:\/\/twind.io\/pt\/modelo-gestao-documental-twind\/","name":"Gest\u00e3o documental de SST de subcontratados \u2013 tarifa fixa | Twind","isPartOf":{"@id":"https:\/\/twind.io\/pt\/#website"},"primaryImageOfPage":{"@id":"https:\/\/twind.io\/pt\/modelo-gestao-documental-twind\/#primaryimage"},"image":{"@id":"https:\/\/twind.io\/pt\/modelo-gestao-documental-twind\/#primaryimage"},"thumbnailUrl":"https:\/\/twind.io\/pt\/wp-content\/uploads\/2023\/05\/Banner-home-twind.webp","datePublished":"2025-11-24T12:06:20+00:00","dateModified":"2025-12-01T12:37:34+00:00","description":"Revoluciona a tua gest\u00e3o documental de SST de subcontratados com tarifa fixa: valida\u00e7\u00f5es ilimitadas, sem custos extra nem surpresas.","breadcrumb":{"@id":"https:\/\/twind.io\/pt\/modelo-gestao-documental-twind\/#breadcrumb"},"inLanguage":"pt-PT","potentialAction":[{"@type":"ReadAction","target":["https:\/\/twind.io\/pt\/modelo-gestao-documental-twind\/"]}]},{"@type":"ImageObject","inLanguage":"pt-PT","@id":"https:\/\/twind.io\/pt\/modelo-gestao-documental-twind\/#primaryimage","url":"https:\/\/twind.io\/pt\/wp-content\/uploads\/2023\/05\/Banner-home-twind.webp","contentUrl":"https:\/\/twind.io\/pt\/wp-content\/uploads\/2023\/05\/Banner-home-twind.webp","width":1532,"height":734,"caption":"Twind software gesti\u00f3n de prestadores de servicios especializados"},{"@type":"BreadcrumbList","@id":"https:\/\/twind.io\/pt\/modelo-gestao-documental-twind\/#breadcrumb","itemListElement":[{"@type":"ListItem","position":1,"name":"Portada","item":"https:\/\/twind.io\/pt\/"},{"@type":"ListItem","position":2,"name":"Gest\u00e3o documental de SST de subcontratados sem surpresas \u2013 tarifa fixa"}]},{"@type":"WebSite","@id":"https:\/\/twind.io\/pt\/#website","url":"https:\/\/twind.io\/pt\/","name":"Software Gest\u00e3o Documental de Fornecedores","description":"Software Gest\u00e3o Documental de Fornecedores e preven\u00e7\u00e3o da seguran\u00e7a e da sa\u00fade no trabalho","potentialAction":[{"@type":"SearchAction","target":{"@type":"EntryPoint","urlTemplate":"https:\/\/twind.io\/pt\/?s={search_term_string}"},"query-input":{"@type":"PropertyValueSpecification","valueRequired":true,"valueName":"search_term_string"}}],"inLanguage":"pt-PT"}]}},"_links":{"self":[{"href":"https:\/\/twind.io\/pt\/wp-json\/wp\/v2\/pages\/2493","targetHints":{"allow":["GET"]}}],"collection":[{"href":"https:\/\/twind.io\/pt\/wp-json\/wp\/v2\/pages"}],"about":[{"href":"https:\/\/twind.io\/pt\/wp-json\/wp\/v2\/types\/page"}],"author":[{"embeddable":true,"href":"https:\/\/twind.io\/pt\/wp-json\/wp\/v2\/users\/3"}],"replies":[{"embeddable":true,"href":"https:\/\/twind.io\/pt\/wp-json\/wp\/v2\/comments?post=2493"}],"version-history":[{"count":16,"href":"https:\/\/twind.io\/pt\/wp-json\/wp\/v2\/pages\/2493\/revisions"}],"predecessor-version":[{"id":2610,"href":"https:\/\/twind.io\/pt\/wp-json\/wp\/v2\/pages\/2493\/revisions\/2610"}],"wp:featuredmedia":[{"embeddable":true,"href":"https:\/\/twind.io\/pt\/wp-json\/wp\/v2\/media\/832"}],"wp:attachment":[{"href":"https:\/\/twind.io\/pt\/wp-json\/wp\/v2\/media?parent=2493"}],"curies":[{"name":"wp","href":"https:\/\/api.w.org\/{rel}","templated":true}]}}