{"id":2629,"date":"2025-12-18T12:26:10","date_gmt":"2025-12-18T12:26:10","guid":{"rendered":"https:\/\/twind.io\/pt\/?page_id=2629"},"modified":"2026-02-16T07:46:32","modified_gmt":"2026-02-16T07:46:32","slug":"webinar-tendencias-que-transformarao-a-sst-em-2026","status":"publish","type":"page","link":"https:\/\/twind.io\/pt\/webinar-tendencias-que-transformarao-a-sst-em-2026\/","title":{"rendered":"Webinar Tend\u00eancias que transformar\u00e3o a SST em 2026"},"content":{"rendered":"<p><span style=\"\"><img decoding=\"async\" alt=\"\" data-id=\"2645\" width=\"373\" data-init-width=\"750\" height=\"46\" data-init-height=\"92\" title=\"logos grupo ctaima\" src=\"https:\/\/twind.io\/pt\/wp-content\/uploads\/2025\/12\/logos-grupo-ctaima.png\" data-width=\"373\" data-height=\"46\" style=\"aspect-ratio: auto 750 \/ 92;\" mt-d=\"-0.5313000000000017\" ml-d=\"0\" center-v-d=\"false\" loading=\"lazy\"><\/span><\/p>\n<p style=\"text-align: left;\">Webin\u00e1rio exclusivo<\/p>\n<p style=\"text-align: left;\"><span style=\"\"><span style=\"--tcb-applied-color: rgb(26, 48, 55) !important; color: rgb(26, 48, 55) !important;\">Novas exig\u00eancias e tend\u00eancias para a SST em 2026<\/span><\/span><\/p>\n<p style=\"text-align: left;\"><span style=\"font-weight: normal; --tcb-applied-color: var$(--tcb-color-4) !important; color: var(--tcb-color-4) !important;\">\u200b<\/span><span style=\"font-weight: normal;\">Dispon\u00edvel on demand<\/span><\/p>\n<p><span><img decoding=\"async\" alt=\"\" data-id=\"2641\" width=\"480\" data-init-width=\"1884\" height=\"241\" data-init-height=\"946\" title=\"En el webinar\" src=\"https:\/\/twind.io\/pt\/wp-content\/uploads\/2025\/12\/Risorsa-13.png\" data-width=\"480\" data-height=\"241\" style=\"aspect-ratio: auto 1884 \/ 946;\" loading=\"lazy\"><\/span>\n\t\t\t\t\t\t<script>\n\t\t\t\t\t\t\twindow.hsFormsOnReady = window.hsFormsOnReady || [];\n\t\t\t\t\t\t\twindow.hsFormsOnReady.push(()=>{\n\t\t\t\t\t\t\t\thbspt.forms.create({\n\t\t\t\t\t\t\t\t\tportalId: 146424663,\n\t\t\t\t\t\t\t\t\tformId: \"ca7fcfb9-4002-4660-8245-97c2070073a2\",\n\t\t\t\t\t\t\t\t\ttarget: \"#hbspt-form-1776443896000-1235034760\",\n\t\t\t\t\t\t\t\t\tregion: \"eu1\",\n\t\t\t\t\t\t\t\t\t\n\t\t\t\t\t\t\t})});\n\t\t\t\t\t\t<\/script>\n\t\t\t\t\t\t<div class=\"hbspt-form\" id=\"hbspt-form-1776443896000-1235034760\"><\/div><\/p>\n<p><span style=\"font-size: 18px !important;\"><strong>Prepare-se para o que est\u00e1 por vir: Descubra como se antecipar aos novos desafios em conformidade, sustentabilidade e gest\u00e3o de riscos.<\/strong><\/span><span style=\"font-size: 17px !important;\"><strong><span style=\"--tcb-applied-color: var$(--tcb-color-4) !important; color: var(--tcb-color-4) !important;\">Est\u00e1 realmente preparado para este novo paradigma?<\/span><\/strong>O papel do especialista em SST j\u00e1 n\u00e3o se limita a prevenir riscos. Hoje, espera-se que tamb\u00e9m garanta o cumprimento normativo, sustentabilidade operacional, resili\u00eancia reputacional\u2026 e que o fa\u00e7a com evid\u00eancias digitais, em ambientes cada vez mais complexos e fiscalizados.Este webinar oferece uma vis\u00e3o clara e estrat\u00e9gica sobre as mudan\u00e7as que ir\u00e3o marcar a Seguran\u00e7a e Sa\u00fade no Trabalho e a gest\u00e3o documental de SST de subcontratados em 2026. N\u00e3o \u00e9 teoria: \u00e9 o que j\u00e1 est\u00e1 a acontecer em empresas l\u00edderes, e o que tamb\u00e9m deveria estar a integrar o mais rapidamente poss\u00edvel.<\/span><\/p>\n<p><span><strong><span style=\"--tcb-applied-color: var$(--tcb-color-4) !important; color: var(--tcb-color-4) !important;\">O que vai aprender?<\/span><\/strong><\/span><span style=\"--tcb-applied-color: var$(--tcb-color-4) !important; color: var(--tcb-color-4) !important;\"><span>&nbsp;<\/span><\/span><\/p>\n<p><span><strong><img decoding=\"async\" role=\"img\" alt=\"\ud83d\udd39\" src=\"https:\/\/s.w.org\/images\/core\/emoji\/17.0.2\/svg\/1f539.svg\" loading=\"lazy\">&nbsp;As 5 grandes tend\u00eancias<\/strong> que ir\u00e3o transformar a preven\u00e7\u00e3o e a gest\u00e3o documental de SST de subcontratados nos pr\u00f3ximos anos.<strong><img decoding=\"async\" role=\"img\" alt=\"\ud83d\udd39\" src=\"https:\/\/s.w.org\/images\/core\/emoji\/17.0.2\/svg\/1f539.svg\" loading=\"lazy\">&nbsp;O que implicam novas regulamenta\u00e7\u00f5es <\/strong>como a CSRD, CSDDD ou EUDR, e como se preparar para cumprir com os seus requisitos (sem se afogar na burocracia).<strong><img decoding=\"async\" role=\"img\" alt=\"\ud83d\udd39\" src=\"https:\/\/s.w.org\/images\/core\/emoji\/17.0.2\/svg\/1f539.svg\" loading=\"lazy\">&nbsp;Como adaptar os seus sistemas <\/strong>para gerar evid\u00eancias digitais, audit\u00e1veis e atualizadas.<strong><img decoding=\"async\" role=\"img\" alt=\"\ud83d\udd39\" src=\"https:\/\/s.w.org\/images\/core\/emoji\/17.0.2\/svg\/1f539.svg\" loading=\"lazy\">&nbsp;Porque o especialista em SST deve posicionar-se como um ator estrat\u00e9gico<\/strong>, com impacto direto na sustentabilidade, conformidade e continuidade operacional.<strong><\/strong><\/span><\/p>\n<p><span><\/span><strong><span style=\"--tcb-applied-color: var$(--tcb-color-4) !important; color: var(--tcb-color-4) !important;\">Para quem \u00e9 este webinar?<\/span><\/strong><\/p>\n<ul>\n<li>Profissionais de SST e Seguran\u00e7a Industrial.<\/li>\n<li>Engenheiros, t\u00e9cnicos e respons\u00e1veis de Manuten\u00e7\u00e3o.<\/li>\n<li>Profissionais de Compliance e Auditoria que necessitam de maior rastreabilidade documental.<\/li>\n<li>Profissionais de Recursos Humanos que devem cumprir com padr\u00f5es exigentes.<\/li>\n<\/ul>\n<p><span style=\"color: var(--tcb-skin-color-0) !important;\"><a href=\"#lg-mfat9vc5\" style=\"outline: none;\">Gostaria de participar no webinar? Inscreva-se agora para ver a grava\u00e7\u00e3o<\/a><\/span><\/p>\n<p style=\"text-align: center;\"><span data-ccp-props=\"{&quot;201341983&quot;:0,&quot;335559739&quot;:160,&quot;335559740&quot;:259}\" style=\"\"><strong><strong>Oradora:<\/strong><\/strong><\/span><\/p>\n<p><span style=\"\"><img decoding=\"async\" alt=\"sofia\" data-id=\"1498\" width=\"141\" data-init-width=\"401\" height=\"154\" data-init-height=\"437\" title=\"sofia\" src=\"https:\/\/twind.io\/pt\/wp-content\/uploads\/2025\/03\/image-10-1.png\" data-width=\"141\" data-height=\"154\" style=\"aspect-ratio: auto 401 \/ 437;\" mt-d=\"0\" ml-d=\"0\" center-v-d=\"false\" mt-t=\"-7.391000000000005\" ml-t=\"0\" center-h-d=\"false\" mt-m=\"-1.1089999999999947\" ml-m=\"0\" loading=\"lazy\"><\/span><\/p>\n<p style=\"text-align: left;\"><span data-ccp-props=\"{&quot;201341983&quot;:0,&quot;335559739&quot;:160,&quot;335559740&quot;:259}\"><strong><span style=\"--tcb-applied-color: var$(--tcb-skin-color-0) !important; color: var(--tcb-skin-color-0) !important;\">Sofia Silva<\/span><\/strong><\/span><\/p>\n<p style=\"text-align: left;\"><span data-ccp-props=\"{&quot;201341983&quot;:0,&quot;335559739&quot;:160,&quot;335559740&quot;:259}\">Consultora EHS <\/span><\/p>\n<p style=\"text-align: left;\"><span data-ccp-props=\"{&quot;201341983&quot;:0,&quot;335559739&quot;:160,&quot;335559740&quot;:259}\"><strong>CTAIMA&nbsp;<\/strong><\/span><\/p>\n<h3 style=\"text-align: center;\"><\/h3>\n","protected":false},"excerpt":{"rendered":"<p>Webin\u00e1rio exclusivo Novas exig\u00eancias e tend\u00eancias para a SST em 2026 \u200bDispon\u00edvel on demand Prepare-se para o que est\u00e1 por vir: Descubra como se antecipar aos novos desafios em conformidade, sustentabilidade e gest\u00e3o de riscos.Est\u00e1 realmente preparado para este novo paradigma?O papel do especialista em SST j\u00e1 n\u00e3o se limita a prevenir riscos. Hoje, espera-se [&hellip;]<\/p>\n","protected":false},"author":3,"featured_media":0,"parent":0,"menu_order":0,"comment_status":"closed","ping_status":"closed","template":"","meta":{"content-type":"","footnotes":""},"class_list":["post-2629","page","type-page","status-publish","hentry","post-wrapper","thrv_wrapper"],"yoast_head":"<!-- This site is optimized with the Yoast SEO plugin v27.2 - https:\/\/yoast.com\/product\/yoast-seo-wordpress\/ -->\n<title>Webinar Tend\u00eancias que transformar\u00e3o a SST em 2026<\/title>\n<meta name=\"description\" content=\"Webinar Tend\u00eancias que transformar\u00e3o a SST em 2026\" \/>\n<meta name=\"robots\" content=\"noindex, nofollow\" \/>\n<meta property=\"og:locale\" content=\"pt_PT\" \/>\n<meta property=\"og:type\" content=\"article\" \/>\n<meta property=\"og:title\" content=\"Webinar Tend\u00eancias que transformar\u00e3o a SST em 2026\" \/>\n<meta property=\"og:description\" content=\"Webinar Tend\u00eancias que transformar\u00e3o a SST em 2026\" \/>\n<meta property=\"og:url\" content=\"https:\/\/twind.io\/pt\/webinar-tendencias-que-transformarao-a-sst-em-2026\/\" \/>\n<meta property=\"og:site_name\" content=\"Software Gest\u00e3o Documental de Fornecedores\" \/>\n<meta property=\"article:modified_time\" content=\"2026-02-16T07:46:32+00:00\" \/>\n<meta property=\"og:image\" content=\"https:\/\/twind.io\/pt\/wp-content\/uploads\/2025\/12\/logos-grupo-ctaima.png\" \/>\n<meta name=\"twitter:card\" content=\"summary_large_image\" \/>\n<meta name=\"twitter:label1\" content=\"Tempo estimado de leitura\" \/>\n\t<meta name=\"twitter:data1\" content=\"4 minutos\" \/>\n<script type=\"application\/ld+json\" class=\"yoast-schema-graph\">{\"@context\":\"https:\/\/schema.org\",\"@graph\":[{\"@type\":\"WebPage\",\"@id\":\"https:\/\/twind.io\/pt\/webinar-tendencias-que-transformarao-a-sst-em-2026\/\",\"url\":\"https:\/\/twind.io\/pt\/webinar-tendencias-que-transformarao-a-sst-em-2026\/\",\"name\":\"Webinar Tend\u00eancias que transformar\u00e3o a SST em 2026\",\"isPartOf\":{\"@id\":\"https:\/\/twind.io\/pt\/#website\"},\"primaryImageOfPage\":{\"@id\":\"https:\/\/twind.io\/pt\/webinar-tendencias-que-transformarao-a-sst-em-2026\/#primaryimage\"},\"image\":{\"@id\":\"https:\/\/twind.io\/pt\/webinar-tendencias-que-transformarao-a-sst-em-2026\/#primaryimage\"},\"thumbnailUrl\":\"https:\/\/twind.io\/pt\/wp-content\/uploads\/2025\/12\/logos-grupo-ctaima.png\",\"datePublished\":\"2025-12-18T12:26:10+00:00\",\"dateModified\":\"2026-02-16T07:46:32+00:00\",\"description\":\"Webinar Tend\u00eancias que transformar\u00e3o a SST em 2026\",\"breadcrumb\":{\"@id\":\"https:\/\/twind.io\/pt\/webinar-tendencias-que-transformarao-a-sst-em-2026\/#breadcrumb\"},\"inLanguage\":\"pt-PT\",\"potentialAction\":[{\"@type\":\"ReadAction\",\"target\":[\"https:\/\/twind.io\/pt\/webinar-tendencias-que-transformarao-a-sst-em-2026\/\"]}]},{\"@type\":\"ImageObject\",\"inLanguage\":\"pt-PT\",\"@id\":\"https:\/\/twind.io\/pt\/webinar-tendencias-que-transformarao-a-sst-em-2026\/#primaryimage\",\"url\":\"https:\/\/twind.io\/pt\/wp-content\/uploads\/2025\/12\/logos-grupo-ctaima.png\",\"contentUrl\":\"https:\/\/twind.io\/pt\/wp-content\/uploads\/2025\/12\/logos-grupo-ctaima.png\",\"width\":750,\"height\":92},{\"@type\":\"BreadcrumbList\",\"@id\":\"https:\/\/twind.io\/pt\/webinar-tendencias-que-transformarao-a-sst-em-2026\/#breadcrumb\",\"itemListElement\":[{\"@type\":\"ListItem\",\"position\":1,\"name\":\"Portada\",\"item\":\"https:\/\/twind.io\/pt\/\"},{\"@type\":\"ListItem\",\"position\":2,\"name\":\"Webinar Tend\u00eancias que transformar\u00e3o a SST em 2026\"}]},{\"@type\":\"WebSite\",\"@id\":\"https:\/\/twind.io\/pt\/#website\",\"url\":\"https:\/\/twind.io\/pt\/\",\"name\":\"Software Gest\u00e3o Documental de Fornecedores\",\"description\":\"Software Gest\u00e3o Documental de Fornecedores e preven\u00e7\u00e3o da seguran\u00e7a e da sa\u00fade no trabalho\",\"potentialAction\":[{\"@type\":\"SearchAction\",\"target\":{\"@type\":\"EntryPoint\",\"urlTemplate\":\"https:\/\/twind.io\/pt\/?s={search_term_string}\"},\"query-input\":{\"@type\":\"PropertyValueSpecification\",\"valueRequired\":true,\"valueName\":\"search_term_string\"}}],\"inLanguage\":\"pt-PT\"}]}<\/script>\n<!-- \/ Yoast SEO plugin. -->","yoast_head_json":{"title":"Webinar Tend\u00eancias que transformar\u00e3o a SST em 2026","description":"Webinar Tend\u00eancias que transformar\u00e3o a SST em 2026","robots":{"index":"noindex","follow":"nofollow"},"og_locale":"pt_PT","og_type":"article","og_title":"Webinar Tend\u00eancias que transformar\u00e3o a SST em 2026","og_description":"Webinar Tend\u00eancias que transformar\u00e3o a SST em 2026","og_url":"https:\/\/twind.io\/pt\/webinar-tendencias-que-transformarao-a-sst-em-2026\/","og_site_name":"Software Gest\u00e3o Documental de Fornecedores","article_modified_time":"2026-02-16T07:46:32+00:00","og_image":[{"url":"https:\/\/twind.io\/pt\/wp-content\/uploads\/2025\/12\/logos-grupo-ctaima.png","type":"","width":"","height":""}],"twitter_card":"summary_large_image","twitter_misc":{"Tempo estimado de leitura":"4 minutos"},"schema":{"@context":"https:\/\/schema.org","@graph":[{"@type":"WebPage","@id":"https:\/\/twind.io\/pt\/webinar-tendencias-que-transformarao-a-sst-em-2026\/","url":"https:\/\/twind.io\/pt\/webinar-tendencias-que-transformarao-a-sst-em-2026\/","name":"Webinar Tend\u00eancias que transformar\u00e3o a SST em 2026","isPartOf":{"@id":"https:\/\/twind.io\/pt\/#website"},"primaryImageOfPage":{"@id":"https:\/\/twind.io\/pt\/webinar-tendencias-que-transformarao-a-sst-em-2026\/#primaryimage"},"image":{"@id":"https:\/\/twind.io\/pt\/webinar-tendencias-que-transformarao-a-sst-em-2026\/#primaryimage"},"thumbnailUrl":"https:\/\/twind.io\/pt\/wp-content\/uploads\/2025\/12\/logos-grupo-ctaima.png","datePublished":"2025-12-18T12:26:10+00:00","dateModified":"2026-02-16T07:46:32+00:00","description":"Webinar Tend\u00eancias que transformar\u00e3o a SST em 2026","breadcrumb":{"@id":"https:\/\/twind.io\/pt\/webinar-tendencias-que-transformarao-a-sst-em-2026\/#breadcrumb"},"inLanguage":"pt-PT","potentialAction":[{"@type":"ReadAction","target":["https:\/\/twind.io\/pt\/webinar-tendencias-que-transformarao-a-sst-em-2026\/"]}]},{"@type":"ImageObject","inLanguage":"pt-PT","@id":"https:\/\/twind.io\/pt\/webinar-tendencias-que-transformarao-a-sst-em-2026\/#primaryimage","url":"https:\/\/twind.io\/pt\/wp-content\/uploads\/2025\/12\/logos-grupo-ctaima.png","contentUrl":"https:\/\/twind.io\/pt\/wp-content\/uploads\/2025\/12\/logos-grupo-ctaima.png","width":750,"height":92},{"@type":"BreadcrumbList","@id":"https:\/\/twind.io\/pt\/webinar-tendencias-que-transformarao-a-sst-em-2026\/#breadcrumb","itemListElement":[{"@type":"ListItem","position":1,"name":"Portada","item":"https:\/\/twind.io\/pt\/"},{"@type":"ListItem","position":2,"name":"Webinar Tend\u00eancias que transformar\u00e3o a SST em 2026"}]},{"@type":"WebSite","@id":"https:\/\/twind.io\/pt\/#website","url":"https:\/\/twind.io\/pt\/","name":"Software Gest\u00e3o Documental de Fornecedores","description":"Software Gest\u00e3o Documental de Fornecedores e preven\u00e7\u00e3o da seguran\u00e7a e da sa\u00fade no trabalho","potentialAction":[{"@type":"SearchAction","target":{"@type":"EntryPoint","urlTemplate":"https:\/\/twind.io\/pt\/?s={search_term_string}"},"query-input":{"@type":"PropertyValueSpecification","valueRequired":true,"valueName":"search_term_string"}}],"inLanguage":"pt-PT"}]}},"_links":{"self":[{"href":"https:\/\/twind.io\/pt\/wp-json\/wp\/v2\/pages\/2629","targetHints":{"allow":["GET"]}}],"collection":[{"href":"https:\/\/twind.io\/pt\/wp-json\/wp\/v2\/pages"}],"about":[{"href":"https:\/\/twind.io\/pt\/wp-json\/wp\/v2\/types\/page"}],"author":[{"embeddable":true,"href":"https:\/\/twind.io\/pt\/wp-json\/wp\/v2\/users\/3"}],"replies":[{"embeddable":true,"href":"https:\/\/twind.io\/pt\/wp-json\/wp\/v2\/comments?post=2629"}],"version-history":[{"count":14,"href":"https:\/\/twind.io\/pt\/wp-json\/wp\/v2\/pages\/2629\/revisions"}],"predecessor-version":[{"id":2691,"href":"https:\/\/twind.io\/pt\/wp-json\/wp\/v2\/pages\/2629\/revisions\/2691"}],"wp:attachment":[{"href":"https:\/\/twind.io\/pt\/wp-json\/wp\/v2\/media?parent=2629"}],"curies":[{"name":"wp","href":"https:\/\/api.w.org\/{rel}","templated":true}]}}