{"id":2676,"date":"2026-02-12T08:12:43","date_gmt":"2026-02-12T08:12:43","guid":{"rendered":"https:\/\/twind.io\/pt\/?page_id=2676"},"modified":"2026-02-12T08:15:50","modified_gmt":"2026-02-12T08:15:50","slug":"contato-fornecedores","status":"publish","type":"page","link":"https:\/\/twind.io\/pt\/contato-fornecedores\/","title":{"rendered":"Contato Fornecedores"},"content":{"rendered":"<h1 style=\"text-align: center;\">Descobre <span style=\"--tcb-applied-color: var$(--tcb-skin-color-0)  !important; color: var(--tcb-skin-color-0);\">Twind<\/span><\/h1>\n<h2 style=\"text-align: center;\">Nossa equipe de especialistas ajudar\u00e1 voc\u00ea a entender como o Plano Core pode se adaptar \u00e0 sua organiza\u00e7\u00e3o. <\/h2>\n<h2 style=\"text-align: center;\"><\/h2>\n<h2 style=\"text-align: center;\">Voc\u00ea s\u00f3 precisa preencher o formul\u00e1rio e entraremos em contato com voc\u00ea.<\/h2>\n\n\t\t\t\t\t\t<script>\n\t\t\t\t\t\t\twindow.hsFormsOnReady = window.hsFormsOnReady || [];\n\t\t\t\t\t\t\twindow.hsFormsOnReady.push(()=>{\n\t\t\t\t\t\t\t\thbspt.forms.create({\n\t\t\t\t\t\t\t\t\tportalId: 146424663,\n\t\t\t\t\t\t\t\t\tformId: \"d642a821-2a36-40be-bf8b-7431d00e2d66\",\n\t\t\t\t\t\t\t\t\ttarget: \"#hbspt-form-1775883976000-3535885734\",\n\t\t\t\t\t\t\t\t\tregion: \"eu1\",\n\t\t\t\t\t\t\t\t\t\n\t\t\t\t\t\t\t})});\n\t\t\t\t\t\t<\/script>\n\t\t\t\t\t\t<div class=\"hbspt-form\" id=\"hbspt-form-1775883976000-3535885734\"><\/div>\n","protected":false},"excerpt":{"rendered":"<p>Descobre Twind Nossa equipe de especialistas ajudar\u00e1 voc\u00ea a entender como o Plano Core pode se adaptar \u00e0 sua organiza\u00e7\u00e3o. Voc\u00ea s\u00f3 precisa preencher o formul\u00e1rio e entraremos em contato com voc\u00ea.<\/p>\n","protected":false},"author":1,"featured_media":0,"parent":0,"menu_order":0,"comment_status":"closed","ping_status":"closed","template":"","meta":{"content-type":"","footnotes":""},"class_list":["post-2676","page","type-page","status-publish","hentry","post-wrapper","thrv_wrapper"],"yoast_head":"<!-- This site is optimized with the Yoast SEO plugin v27.2 - https:\/\/yoast.com\/product\/yoast-seo-wordpress\/ -->\n<title>Contato Fornecedores - Twind<\/title>\n<meta name=\"description\" content=\"Entre em contato conosco para obter mais informa\u00e7\u00f5es sobre o Twind, o Software de Gest\u00e3o Documental de Fornecedores\" \/>\n<meta name=\"robots\" content=\"noindex, nofollow\" \/>\n<meta property=\"og:locale\" content=\"pt_PT\" \/>\n<meta property=\"og:type\" content=\"article\" \/>\n<meta property=\"og:title\" content=\"Contato Fornecedores - Twind\" \/>\n<meta property=\"og:description\" content=\"Entre em contato conosco para obter mais informa\u00e7\u00f5es sobre o Twind, o Software de Gest\u00e3o Documental de Fornecedores\" \/>\n<meta property=\"og:url\" content=\"https:\/\/twind.io\/pt\/contato-fornecedores\/\" \/>\n<meta property=\"og:site_name\" content=\"Software Gest\u00e3o Documental de Fornecedores\" \/>\n<meta property=\"article:modified_time\" content=\"2026-02-12T08:15:50+00:00\" \/>\n<meta name=\"twitter:card\" content=\"summary_large_image\" \/>\n<meta name=\"twitter:label1\" content=\"Tempo estimado de leitura\" \/>\n\t<meta name=\"twitter:data1\" content=\"2 minutos\" \/>\n<script type=\"application\/ld+json\" class=\"yoast-schema-graph\">{\"@context\":\"https:\/\/schema.org\",\"@graph\":[{\"@type\":\"WebPage\",\"@id\":\"https:\/\/twind.io\/pt\/contato-fornecedores\/\",\"url\":\"https:\/\/twind.io\/pt\/contato-fornecedores\/\",\"name\":\"Contato Fornecedores - Twind\",\"isPartOf\":{\"@id\":\"https:\/\/twind.io\/pt\/#website\"},\"datePublished\":\"2026-02-12T08:12:43+00:00\",\"dateModified\":\"2026-02-12T08:15:50+00:00\",\"description\":\"Entre em contato conosco para obter mais informa\u00e7\u00f5es sobre o Twind, o Software de Gest\u00e3o Documental de Fornecedores\",\"breadcrumb\":{\"@id\":\"https:\/\/twind.io\/pt\/contato-fornecedores\/#breadcrumb\"},\"inLanguage\":\"pt-PT\",\"potentialAction\":[{\"@type\":\"ReadAction\",\"target\":[\"https:\/\/twind.io\/pt\/contato-fornecedores\/\"]}]},{\"@type\":\"BreadcrumbList\",\"@id\":\"https:\/\/twind.io\/pt\/contato-fornecedores\/#breadcrumb\",\"itemListElement\":[{\"@type\":\"ListItem\",\"position\":1,\"name\":\"Portada\",\"item\":\"https:\/\/twind.io\/pt\/\"},{\"@type\":\"ListItem\",\"position\":2,\"name\":\"Contato Fornecedores\"}]},{\"@type\":\"WebSite\",\"@id\":\"https:\/\/twind.io\/pt\/#website\",\"url\":\"https:\/\/twind.io\/pt\/\",\"name\":\"Software Gest\u00e3o Documental de Fornecedores\",\"description\":\"Software Gest\u00e3o Documental de Fornecedores e preven\u00e7\u00e3o da seguran\u00e7a e da sa\u00fade no trabalho\",\"potentialAction\":[{\"@type\":\"SearchAction\",\"target\":{\"@type\":\"EntryPoint\",\"urlTemplate\":\"https:\/\/twind.io\/pt\/?s={search_term_string}\"},\"query-input\":{\"@type\":\"PropertyValueSpecification\",\"valueRequired\":true,\"valueName\":\"search_term_string\"}}],\"inLanguage\":\"pt-PT\"}]}<\/script>\n<!-- \/ Yoast SEO plugin. -->","yoast_head_json":{"title":"Contato Fornecedores - Twind","description":"Entre em contato conosco para obter mais informa\u00e7\u00f5es sobre o Twind, o Software de Gest\u00e3o Documental de Fornecedores","robots":{"index":"noindex","follow":"nofollow"},"og_locale":"pt_PT","og_type":"article","og_title":"Contato Fornecedores - Twind","og_description":"Entre em contato conosco para obter mais informa\u00e7\u00f5es sobre o Twind, o Software de Gest\u00e3o Documental de Fornecedores","og_url":"https:\/\/twind.io\/pt\/contato-fornecedores\/","og_site_name":"Software Gest\u00e3o Documental de Fornecedores","article_modified_time":"2026-02-12T08:15:50+00:00","twitter_card":"summary_large_image","twitter_misc":{"Tempo estimado de leitura":"2 minutos"},"schema":{"@context":"https:\/\/schema.org","@graph":[{"@type":"WebPage","@id":"https:\/\/twind.io\/pt\/contato-fornecedores\/","url":"https:\/\/twind.io\/pt\/contato-fornecedores\/","name":"Contato Fornecedores - Twind","isPartOf":{"@id":"https:\/\/twind.io\/pt\/#website"},"datePublished":"2026-02-12T08:12:43+00:00","dateModified":"2026-02-12T08:15:50+00:00","description":"Entre em contato conosco para obter mais informa\u00e7\u00f5es sobre o Twind, o Software de Gest\u00e3o Documental de Fornecedores","breadcrumb":{"@id":"https:\/\/twind.io\/pt\/contato-fornecedores\/#breadcrumb"},"inLanguage":"pt-PT","potentialAction":[{"@type":"ReadAction","target":["https:\/\/twind.io\/pt\/contato-fornecedores\/"]}]},{"@type":"BreadcrumbList","@id":"https:\/\/twind.io\/pt\/contato-fornecedores\/#breadcrumb","itemListElement":[{"@type":"ListItem","position":1,"name":"Portada","item":"https:\/\/twind.io\/pt\/"},{"@type":"ListItem","position":2,"name":"Contato Fornecedores"}]},{"@type":"WebSite","@id":"https:\/\/twind.io\/pt\/#website","url":"https:\/\/twind.io\/pt\/","name":"Software Gest\u00e3o Documental de Fornecedores","description":"Software Gest\u00e3o Documental de Fornecedores e preven\u00e7\u00e3o da seguran\u00e7a e da sa\u00fade no trabalho","potentialAction":[{"@type":"SearchAction","target":{"@type":"EntryPoint","urlTemplate":"https:\/\/twind.io\/pt\/?s={search_term_string}"},"query-input":{"@type":"PropertyValueSpecification","valueRequired":true,"valueName":"search_term_string"}}],"inLanguage":"pt-PT"}]}},"_links":{"self":[{"href":"https:\/\/twind.io\/pt\/wp-json\/wp\/v2\/pages\/2676","targetHints":{"allow":["GET"]}}],"collection":[{"href":"https:\/\/twind.io\/pt\/wp-json\/wp\/v2\/pages"}],"about":[{"href":"https:\/\/twind.io\/pt\/wp-json\/wp\/v2\/types\/page"}],"author":[{"embeddable":true,"href":"https:\/\/twind.io\/pt\/wp-json\/wp\/v2\/users\/1"}],"replies":[{"embeddable":true,"href":"https:\/\/twind.io\/pt\/wp-json\/wp\/v2\/comments?post=2676"}],"version-history":[{"count":3,"href":"https:\/\/twind.io\/pt\/wp-json\/wp\/v2\/pages\/2676\/revisions"}],"predecessor-version":[{"id":2681,"href":"https:\/\/twind.io\/pt\/wp-json\/wp\/v2\/pages\/2676\/revisions\/2681"}],"wp:attachment":[{"href":"https:\/\/twind.io\/pt\/wp-json\/wp\/v2\/media?parent=2676"}],"curies":[{"name":"wp","href":"https:\/\/api.w.org\/{rel}","templated":true}]}}