{"id":2697,"date":"2026-02-16T10:47:44","date_gmt":"2026-02-16T10:47:44","guid":{"rendered":"https:\/\/twind.io\/pt\/?page_id=2697"},"modified":"2026-02-19T06:43:12","modified_gmt":"2026-02-19T06:43:12","slug":"checklist-downloadavel-auditoria-iso-45001","status":"publish","type":"page","link":"https:\/\/twind.io\/pt\/checklist-downloadavel-auditoria-iso-45001\/","title":{"rendered":"Checklist Gratuita ISO 45001 | Auditoria de Certifica\u00e7\u00e3o SST"},"content":{"rendered":"<p><a data-id-d=\"0\" data-remove-href=\"1\" data-img-style=\"\"><img decoding=\"async\" src=\"https:\/\/twind.io\/pt\/wp-content\/uploads\/2023\/04\/logo.png\" height=\"75\" width=\"220\" alt=\"\" style=\"\" loading=\"lazy\"><\/img><\/a><\/p>\n<p style=\"text-align: center;\">Checklist Gratuita<\/p>\n<h1 style=\"text-align: center;\">Auditoria de <span style=\"--tcb-applied-color: var$(--tcb-color-4) !important; color: var(--tcb-color-4) !important;\">Certifica\u00e7\u00e3o ISO 45001<\/span><\/h1>\n<h1 style=\"text-align: center;\"><span style=\"font-weight: normal;\">Identifique facilmente os pontos cr\u00edticos do seu sistema de gest\u00e3o de seguran\u00e7a e sa\u00fade no trabalho<\/span><\/h1>\n<p><span style=\"\"><img decoding=\"async\" alt=\"\" data-id=\"2716\" width=\"549\" data-init-width=\"865\" height=\"679\" data-init-height=\"1070\" title=\"Checklist Auditoria ISO45001\" src=\"https:\/\/twind.io\/pt\/wp-content\/uploads\/2026\/02\/TW_PT_ChecklistISO45001_Mockup2.png\" data-width=\"549\" data-height=\"679\" style=\"aspect-ratio: auto 865 \/ 1070;\" mt-d=\"0\" ml-d=\"0\" center-v-d=\"false\" loading=\"lazy\"><\/span><\/p>\n<h2 style=\"\"><strong><span style=\"\">Descubra se est\u00e1 a cumprir os requisitos-chave da norma ISO 45001<\/span><\/strong><\/h2>\n<p>Implementar um sistema de gest\u00e3o de seguran\u00e7a e sa\u00fade no trabalho de acordo com a ISO 45001 \u00e9 muito mais do que uma obriga\u00e7\u00e3o: \u00e9 uma aposta estrat\u00e9gica para um ambiente de trabalho mais seguro, saud\u00e1vel e eficiente.<\/p>\n<p><strong>Tem a certeza de estar a cumprir todos os requisitos?<\/strong> Com esta checklist gratuita, poder\u00e1 realizar uma revis\u00e3o completa, pr\u00e1tica e r\u00e1pida do seu sistema de gest\u00e3o.<\/p>\n<p><strong>Descarregue-a e comprove se est\u00e1 alinhado<\/strong> com os pontos mais importantes da norma.<\/p>\n\n\t\t\t\t\t\t<script>\n\t\t\t\t\t\t\twindow.hsFormsOnReady = window.hsFormsOnReady || [];\n\t\t\t\t\t\t\twindow.hsFormsOnReady.push(()=>{\n\t\t\t\t\t\t\t\thbspt.forms.create({\n\t\t\t\t\t\t\t\t\tportalId: 146424663,\n\t\t\t\t\t\t\t\t\tformId: \"675f6eb5-721e-4f86-9360-dd5801ce9ca4\",\n\t\t\t\t\t\t\t\t\ttarget: \"#hbspt-form-1775936264000-1089987603\",\n\t\t\t\t\t\t\t\t\tregion: \"eu1\",\n\t\t\t\t\t\t\t\t\t\n\t\t\t\t\t\t\t})});\n\t\t\t\t\t\t<\/script>\n\t\t\t\t\t\t<div class=\"hbspt-form\" id=\"hbspt-form-1775936264000-1089987603\"><\/div>\n<h2 style=\"\"><strong>Audite facilmente todas as \u00e1reas-chave da norma<\/strong><\/h2>\n<p style=\"\"><span style=\"font-size: 15px !important;\">Esta checklist abrange todos os cap\u00edtulos importantes da ISO 45001, desde o contexto da organiza\u00e7\u00e3o at\u00e9 \u00e0 melhoria cont\u00ednua. Entre eles:<\/span><\/p>\n<ul>\n<li><strong><span style=\"font-size: 15px !important;\">Participa\u00e7\u00e3o dos trabalhadores e lideran\u00e7a preventiva<\/span><\/strong><\/li>\n<li><strong><span style=\"font-size: 15px !important;\">Identifica\u00e7\u00e3o de perigos e avalia\u00e7\u00e3o de riscos<\/span><\/strong><\/li>\n<li><strong><span style=\"font-size: 15px !important;\">Objetivos e planeamento de a\u00e7\u00f5es preventivas<\/span><\/strong><\/li>\n<li><strong><span style=\"font-size: 15px !important;\">Controlo operacional e gest\u00e3o da mudan\u00e7aPrepara\u00e7\u00e3o e resposta ante emerg\u00eancias<\/span><\/strong><\/li>\n<li><strong><span style=\"font-size: 15px !important;\">Tudo o que necessita rever, num s\u00f3 documento.<\/span><\/strong><\/li>\n<\/ul>\n<p tve-u-196ce0bc247\"\"=\"\" style=\"\"><span style=\"font-size: 15px !important;\"><strong>Tudo o que necessita rever, num s\u00f3 documento.<\/strong><\/span><\/p>\n<p><span><img decoding=\"async\" alt=\"respons\u00e1vei de SST com Checklist ISO 45001\" data-id=\"2717\" width=\"755\" data-init-width=\"1183\" height=\"569\" data-init-height=\"892\" title=\"Checklist ISO 45001\" src=\"https:\/\/twind.io\/pt\/wp-content\/uploads\/2026\/02\/TW_PT_ChecklistISO45001_Mockup1.png\" data-width=\"755\" data-height=\"569\" style=\"aspect-ratio: auto 1183 \/ 892;\" loading=\"lazy\"><\/span><\/p>\n<h3 data-block-id=\"block-f2d77e39-d974-43f8-bf1d-585d078661de\" style=\"text-align: center;\"><strong><span style=\"--tcb-applied-color: var$(--tcb-color-4) !important; color: var(--tcb-color-4) !important;\">Porqu\u00ea descarregar esta checklist?<\/span><\/strong><\/h3>\n<p><span data-contrast=\"auto\" lang=\"ES-ES\" style=\"--tcb-applied-color: rgb(26, 48, 55) !important; color: rgb(26, 48, 55) !important; font-size: 14px !important;\"><img decoding=\"async\" role=\"img\" alt=\"\u2714\ufe0f\" src=\"https:\/\/s.w.org\/images\/core\/emoji\/17.0.2\/svg\/2714.svg\" loading=\"lazy\"> Evita acidentes e n\u00e3o conformidades<img decoding=\"async\" role=\"img\" alt=\"\u2714\ufe0f\" src=\"https:\/\/s.w.org\/images\/core\/emoji\/17.0.2\/svg\/2714.svg\" loading=\"lazy\"> Destaca as oportunidades de melhoria<img decoding=\"async\" role=\"img\" alt=\"\u2714\ufe0f\" src=\"https:\/\/s.w.org\/images\/core\/emoji\/17.0.2\/svg\/2714.svg\" loading=\"lazy\"> Evita esquecer-se de abordar algum tema, fazer alguma pergunta ou rever um processo<img decoding=\"async\" role=\"img\" alt=\"\u2714\ufe0f\" src=\"https:\/\/s.w.org\/images\/core\/emoji\/17.0.2\/svg\/2714.svg\" loading=\"lazy\"> Melhora a sua comunica\u00e7\u00e3o preventiva<img decoding=\"async\" role=\"img\" alt=\"\u2714\ufe0f\" src=\"https:\/\/s.w.org\/images\/core\/emoji\/17.0.2\/svg\/2714.svg\" loading=\"lazy\"> Compila e regista as evid\u00eancias adequadas<\/span><\/p>\n<p style=\"\">Uma gest\u00e3o preventiva s\u00f3lida d\u00e1-lhe tranquilidade, confian\u00e7a e controlo.<\/p>\n<p style=\"text-align: center;\"><strong><span style=\"font-size: 28px !important;\">Trabalha com empresas contratistas?<\/span><\/strong><\/p>\n<p style=\"text-align: center;\">Aplicar a norma ISO 45001 ajuda a proteger a sa\u00fade das pessoas trabalhadoras.Se a sua empresa trabalha com contratistas, a norma tamb\u00e9m contempla requisitos espec\u00edficos de coordena\u00e7\u00e3o, avalia\u00e7\u00e3o de riscos partilhados e controlo de documenta\u00e7\u00e3o.<\/p>\n<p style=\"text-align: center;\">FAQ&#8217;s<\/p>\n","protected":false},"excerpt":{"rendered":"<p>Checklist Gratuita Auditoria de Certifica\u00e7\u00e3o ISO 45001 Identifique facilmente os pontos cr\u00edticos do seu sistema de gest\u00e3o de seguran\u00e7a e sa\u00fade no trabalho Descubra se est\u00e1 a cumprir os requisitos-chave da norma ISO 45001 Implementar um sistema de gest\u00e3o de seguran\u00e7a e sa\u00fade no trabalho de acordo com a ISO 45001 \u00e9 muito mais do [&hellip;]<\/p>\n","protected":false},"author":3,"featured_media":0,"parent":0,"menu_order":0,"comment_status":"closed","ping_status":"closed","template":"","meta":{"content-type":"","footnotes":""},"class_list":["post-2697","page","type-page","status-publish","hentry","post-wrapper","thrv_wrapper"],"yoast_head":"<!-- This site is optimized with the Yoast SEO plugin v27.2 - https:\/\/yoast.com\/product\/yoast-seo-wordpress\/ -->\n<title>Checklist Gratuita ISO 45001 | Auditoria de Certifica\u00e7\u00e3o SST<\/title>\n<meta name=\"description\" content=\"Descarregue gr\u00e1tis a checklist completa para auditar o seu sistema de gest\u00e3o ISO 45001. Verifique todos os requisitos da norma de seguran\u00e7a e sa\u00fade no trabalho.\" \/>\n<meta name=\"robots\" content=\"index, follow, max-snippet:-1, max-image-preview:large, max-video-preview:-1\" \/>\n<link rel=\"canonical\" href=\"https:\/\/twind.io\/pt\/checklist-downloadavel-auditoria-iso-45001\/\" \/>\n<meta property=\"og:locale\" content=\"pt_PT\" \/>\n<meta property=\"og:type\" content=\"article\" \/>\n<meta property=\"og:title\" content=\"Checklist Gratuita ISO 45001 | Auditoria de Certifica\u00e7\u00e3o SST\" \/>\n<meta property=\"og:description\" content=\"Descarregue gr\u00e1tis a checklist completa para auditar o seu sistema de gest\u00e3o ISO 45001. Verifique todos os requisitos da norma de seguran\u00e7a e sa\u00fade no trabalho.\" \/>\n<meta property=\"og:url\" content=\"https:\/\/twind.io\/pt\/checklist-downloadavel-auditoria-iso-45001\/\" \/>\n<meta property=\"og:site_name\" content=\"Software Gest\u00e3o Documental de Fornecedores\" \/>\n<meta property=\"article:modified_time\" content=\"2026-02-19T06:43:12+00:00\" \/>\n<meta property=\"og:image\" content=\"https:\/\/twind.io\/pt\/wp-content\/uploads\/2023\/04\/logo.png\" \/>\n<meta name=\"twitter:card\" content=\"summary_large_image\" \/>\n<meta name=\"twitter:label1\" content=\"Tempo estimado de leitura\" \/>\n\t<meta name=\"twitter:data1\" content=\"1 minuto\" \/>\n<script type=\"application\/ld+json\" class=\"yoast-schema-graph\">{\"@context\":\"https:\/\/schema.org\",\"@graph\":[{\"@type\":\"WebPage\",\"@id\":\"https:\/\/twind.io\/pt\/checklist-downloadavel-auditoria-iso-45001\/\",\"url\":\"https:\/\/twind.io\/pt\/checklist-downloadavel-auditoria-iso-45001\/\",\"name\":\"Checklist Gratuita ISO 45001 | Auditoria de Certifica\u00e7\u00e3o SST\",\"isPartOf\":{\"@id\":\"https:\/\/twind.io\/pt\/#website\"},\"primaryImageOfPage\":{\"@id\":\"https:\/\/twind.io\/pt\/checklist-downloadavel-auditoria-iso-45001\/#primaryimage\"},\"image\":{\"@id\":\"https:\/\/twind.io\/pt\/checklist-downloadavel-auditoria-iso-45001\/#primaryimage\"},\"thumbnailUrl\":\"https:\/\/twind.io\/pt\/wp-content\/uploads\/2023\/04\/logo.png\",\"datePublished\":\"2026-02-16T10:47:44+00:00\",\"dateModified\":\"2026-02-19T06:43:12+00:00\",\"description\":\"Descarregue gr\u00e1tis a checklist completa para auditar o seu sistema de gest\u00e3o ISO 45001. Verifique todos os requisitos da norma de seguran\u00e7a e sa\u00fade no trabalho.\",\"breadcrumb\":{\"@id\":\"https:\/\/twind.io\/pt\/checklist-downloadavel-auditoria-iso-45001\/#breadcrumb\"},\"inLanguage\":\"pt-PT\",\"potentialAction\":[{\"@type\":\"ReadAction\",\"target\":[\"https:\/\/twind.io\/pt\/checklist-downloadavel-auditoria-iso-45001\/\"]}]},{\"@type\":\"ImageObject\",\"inLanguage\":\"pt-PT\",\"@id\":\"https:\/\/twind.io\/pt\/checklist-downloadavel-auditoria-iso-45001\/#primaryimage\",\"url\":\"https:\/\/twind.io\/pt\/wp-content\/uploads\/2023\/04\/logo.png\",\"contentUrl\":\"https:\/\/twind.io\/pt\/wp-content\/uploads\/2023\/04\/logo.png\",\"width\":220,\"height\":75},{\"@type\":\"BreadcrumbList\",\"@id\":\"https:\/\/twind.io\/pt\/checklist-downloadavel-auditoria-iso-45001\/#breadcrumb\",\"itemListElement\":[{\"@type\":\"ListItem\",\"position\":1,\"name\":\"Portada\",\"item\":\"https:\/\/twind.io\/pt\/\"},{\"@type\":\"ListItem\",\"position\":2,\"name\":\"Checklist Gratuita ISO 45001 | Auditoria de Certifica\u00e7\u00e3o SST\"}]},{\"@type\":\"WebSite\",\"@id\":\"https:\/\/twind.io\/pt\/#website\",\"url\":\"https:\/\/twind.io\/pt\/\",\"name\":\"Software Gest\u00e3o Documental de Fornecedores\",\"description\":\"Software Gest\u00e3o Documental de Fornecedores e preven\u00e7\u00e3o da seguran\u00e7a e da sa\u00fade no trabalho\",\"potentialAction\":[{\"@type\":\"SearchAction\",\"target\":{\"@type\":\"EntryPoint\",\"urlTemplate\":\"https:\/\/twind.io\/pt\/?s={search_term_string}\"},\"query-input\":{\"@type\":\"PropertyValueSpecification\",\"valueRequired\":true,\"valueName\":\"search_term_string\"}}],\"inLanguage\":\"pt-PT\"}]}<\/script>\n<!-- \/ Yoast SEO plugin. -->","yoast_head_json":{"title":"Checklist Gratuita ISO 45001 | Auditoria de Certifica\u00e7\u00e3o SST","description":"Descarregue gr\u00e1tis a checklist completa para auditar o seu sistema de gest\u00e3o ISO 45001. Verifique todos os requisitos da norma de seguran\u00e7a e sa\u00fade no trabalho.","robots":{"index":"index","follow":"follow","max-snippet":"max-snippet:-1","max-image-preview":"max-image-preview:large","max-video-preview":"max-video-preview:-1"},"canonical":"https:\/\/twind.io\/pt\/checklist-downloadavel-auditoria-iso-45001\/","og_locale":"pt_PT","og_type":"article","og_title":"Checklist Gratuita ISO 45001 | Auditoria de Certifica\u00e7\u00e3o SST","og_description":"Descarregue gr\u00e1tis a checklist completa para auditar o seu sistema de gest\u00e3o ISO 45001. Verifique todos os requisitos da norma de seguran\u00e7a e sa\u00fade no trabalho.","og_url":"https:\/\/twind.io\/pt\/checklist-downloadavel-auditoria-iso-45001\/","og_site_name":"Software Gest\u00e3o Documental de Fornecedores","article_modified_time":"2026-02-19T06:43:12+00:00","og_image":[{"url":"https:\/\/twind.io\/pt\/wp-content\/uploads\/2023\/04\/logo.png","type":"","width":"","height":""}],"twitter_card":"summary_large_image","twitter_misc":{"Tempo estimado de leitura":"1 minuto"},"schema":{"@context":"https:\/\/schema.org","@graph":[{"@type":"WebPage","@id":"https:\/\/twind.io\/pt\/checklist-downloadavel-auditoria-iso-45001\/","url":"https:\/\/twind.io\/pt\/checklist-downloadavel-auditoria-iso-45001\/","name":"Checklist Gratuita ISO 45001 | Auditoria de Certifica\u00e7\u00e3o SST","isPartOf":{"@id":"https:\/\/twind.io\/pt\/#website"},"primaryImageOfPage":{"@id":"https:\/\/twind.io\/pt\/checklist-downloadavel-auditoria-iso-45001\/#primaryimage"},"image":{"@id":"https:\/\/twind.io\/pt\/checklist-downloadavel-auditoria-iso-45001\/#primaryimage"},"thumbnailUrl":"https:\/\/twind.io\/pt\/wp-content\/uploads\/2023\/04\/logo.png","datePublished":"2026-02-16T10:47:44+00:00","dateModified":"2026-02-19T06:43:12+00:00","description":"Descarregue gr\u00e1tis a checklist completa para auditar o seu sistema de gest\u00e3o ISO 45001. Verifique todos os requisitos da norma de seguran\u00e7a e sa\u00fade no trabalho.","breadcrumb":{"@id":"https:\/\/twind.io\/pt\/checklist-downloadavel-auditoria-iso-45001\/#breadcrumb"},"inLanguage":"pt-PT","potentialAction":[{"@type":"ReadAction","target":["https:\/\/twind.io\/pt\/checklist-downloadavel-auditoria-iso-45001\/"]}]},{"@type":"ImageObject","inLanguage":"pt-PT","@id":"https:\/\/twind.io\/pt\/checklist-downloadavel-auditoria-iso-45001\/#primaryimage","url":"https:\/\/twind.io\/pt\/wp-content\/uploads\/2023\/04\/logo.png","contentUrl":"https:\/\/twind.io\/pt\/wp-content\/uploads\/2023\/04\/logo.png","width":220,"height":75},{"@type":"BreadcrumbList","@id":"https:\/\/twind.io\/pt\/checklist-downloadavel-auditoria-iso-45001\/#breadcrumb","itemListElement":[{"@type":"ListItem","position":1,"name":"Portada","item":"https:\/\/twind.io\/pt\/"},{"@type":"ListItem","position":2,"name":"Checklist Gratuita ISO 45001 | Auditoria de Certifica\u00e7\u00e3o SST"}]},{"@type":"WebSite","@id":"https:\/\/twind.io\/pt\/#website","url":"https:\/\/twind.io\/pt\/","name":"Software Gest\u00e3o Documental de Fornecedores","description":"Software Gest\u00e3o Documental de Fornecedores e preven\u00e7\u00e3o da seguran\u00e7a e da sa\u00fade no trabalho","potentialAction":[{"@type":"SearchAction","target":{"@type":"EntryPoint","urlTemplate":"https:\/\/twind.io\/pt\/?s={search_term_string}"},"query-input":{"@type":"PropertyValueSpecification","valueRequired":true,"valueName":"search_term_string"}}],"inLanguage":"pt-PT"}]}},"_links":{"self":[{"href":"https:\/\/twind.io\/pt\/wp-json\/wp\/v2\/pages\/2697","targetHints":{"allow":["GET"]}}],"collection":[{"href":"https:\/\/twind.io\/pt\/wp-json\/wp\/v2\/pages"}],"about":[{"href":"https:\/\/twind.io\/pt\/wp-json\/wp\/v2\/types\/page"}],"author":[{"embeddable":true,"href":"https:\/\/twind.io\/pt\/wp-json\/wp\/v2\/users\/3"}],"replies":[{"embeddable":true,"href":"https:\/\/twind.io\/pt\/wp-json\/wp\/v2\/comments?post=2697"}],"version-history":[{"count":30,"href":"https:\/\/twind.io\/pt\/wp-json\/wp\/v2\/pages\/2697\/revisions"}],"predecessor-version":[{"id":2750,"href":"https:\/\/twind.io\/pt\/wp-json\/wp\/v2\/pages\/2697\/revisions\/2750"}],"wp:attachment":[{"href":"https:\/\/twind.io\/pt\/wp-json\/wp\/v2\/media?parent=2697"}],"curies":[{"name":"wp","href":"https:\/\/api.w.org\/{rel}","templated":true}]}}