{"id":2785,"date":"2026-03-26T14:24:06","date_gmt":"2026-03-26T14:24:06","guid":{"rendered":"https:\/\/twind.io\/pt\/?page_id=2785"},"modified":"2026-03-30T10:15:40","modified_gmt":"2026-03-30T10:15:40","slug":"webinar-acidentes-de-trabalho-portugal-responsabilidades","status":"publish","type":"page","link":"https:\/\/twind.io\/pt\/webinar-acidentes-de-trabalho-portugal-responsabilidades\/","title":{"rendered":"Webinar Antes, durante e depois de um acidente de trabalho: responsabilidades legais em cada fase"},"content":{"rendered":"<p><span style=\"\"><img decoding=\"async\" alt=\"Twind\" data-id=\"309\" width=\"186\" data-init-width=\"750\" height=\"48\" data-init-height=\"92\" title=\"Twind\" src=\"https:\/\/twind.io\/pt\/wp-content\/uploads\/2026\/03\/Logo-Twind.svg\" data-width=\"186\" data-height=\"48\" style=\"aspect-ratio: auto 750 \/ 92;\" mt-d=\"0\" ml-d=\"0\" center-v-d=\"false\" mt-m=\"0\" ml-m=\"0\" loading=\"lazy\"><\/span><\/p>\n<p style=\"\">Webin\u00e1rio exclusivo<\/p>\n<p style=\"\"><span style=\"\"><span data-teams=\"true\">Com demonstra\u00e7\u00e3o em directo <\/span><\/span><\/p>\n<p style=\"text-align: left;\"><span><span data-contrast=\"auto\" lang=\"ES-ES\"><span style=\"--tcb-applied-color: var$(--tcb-color-4) !important; color: var(--tcb-color-4) !important;\">Antes, durante e depois de um Acidente de Trabalho:<\/span>&nbsp;<\/span><\/span><span><span data-contrast=\"auto\" lang=\"ES-ES\">Responsabilidades legais em cada fase<\/span><\/span><\/p>\n<p><span style=\"\"><a href=\"https:\/\/twind.io\/pt\/wp-content\/uploads\/2026\/03\/calendar-2.svg\" target=\"_blank\" rel=\"nofollow\"><img decoding=\"async\" alt=\"\" data-id=\"38084\" title=\"calendar (1)\" src=\"https:\/\/twind.io\/pt\/wp-content\/uploads\/2026\/03\/calendar-1.svg\" data-link-wrap=\"true\" data-width=\"33\" data-height=\"33\" style=\"aspect-ratio: auto 33 \/ 33;\" mt-d=\"0\" ml-d=\"0\" height=\"33\" width=\"33\" data-init-width=\"33\" data-init-height=\"33\" loading=\"lazy\"><\/a><\/span><\/p>\n<p style=\"\"><span style=\"font-weight: normal;\">22 de abril 2026<\/span><\/p>\n<p style=\"\"><span style=\"font-weight: normal;\">15:00h PT<\/span><\/p>\n<p lang=\"ES-ES\"><strong>Prepare-se para o que acontece antes, durante e depois de um acidente de trabalho.<\/strong><\/p>\n<p lang=\"ES-ES\"><\/p>\n<p lang=\"ES-ES\"><span data-contrast=\"auto\" lang=\"EN-US\">O impacto de um acidente de trabalho em Portugal vai muito al\u00e9m do momento em que acontece. A Lei n.\u00ba 98\/2009 e a Lei n.\u00ba 102\/2009 estabelecem um quadro legal exigente: as empresas n\u00e3o s\u00f3 devem prevenir riscos, como t\u00eam de responder com rigor, evid\u00eancia documental e capacidade de investiga\u00e7\u00e3o estruturada.<\/span><\/p>\n<p lang=\"ES-ES\"><\/p>\n<p lang=\"ES-ES\"><span data-contrast=\"auto\" lang=\"EN-US\">Num contexto cada vez mais fiscalizado pela ACT, a realidade \u00e9 clara: <strong>um acidente mal gerido pode traduzir-se em coimas, processos legais, responsabilidade civil do empregador e danos reputacionais significativos.<\/strong><\/span><\/p>\n<p lang=\"ES-ES\"><\/p>\n<p lang=\"ES-ES\"><span data-contrast=\"auto\" lang=\"EN-US\">Este webinar oferece uma vis\u00e3o clara, pr\u00e1tica e aplicada sobre o enquadramento legal dos acidentes de trabalho em Portugal, a responsabilidade do empregador em caso de acidente de trabalho e as consequ\u00eancias reais para as organiza\u00e7\u00f5es.<br \/><\/span><\/p>\n<p lang=\"ES-ES\"><\/p>\n<p lang=\"ES-ES\"><span data-contrast=\"auto\" lang=\"EN-US\">N\u00e3o \u00e9 teoria jur\u00eddica:<\/span><strong><span data-contrast=\"auto\" lang=\"EN-US\"> \u00e9 o que acontece na pr\u00e1tica \u2014 e o que precisa de garantir para estar em conformidade.<\/span><\/strong><\/p>\n<p lang=\"ES-ES\" style=\"\"><strong><span data-contrast=\"auto\" lang=\"EN-US\" style=\"\"><br \/>O que vai aprender?<\/span><\/strong><\/p>\n<p lang=\"ES-ES\"><\/p>\n<ul>\n<li lang=\"ES-ES\"><span style=\"color: rgb(26, 48, 55) !important;\"><span style=\"--tcb-applied-color: rgb(26, 48, 55) !important;\"><span style=\"font-weight: 400;\"><span style=\"font-family: Poppins;\"><span data-contrast=\"auto\" lang=\"EN-US\">O que \u00e9 \u2014 e o que n\u00e3o \u00e9 \u2014 considerado acidente de trabalho \u00e0 luz da legisla\u00e7\u00e3o portuguesa (Lei n.\u00ba 98\/2009).<\/span><\/span><\/span><\/span><\/span><\/li>\n<li lang=\"ES-ES\"><span style=\"color: rgb(26, 48, 55) !important;\"><span style=\"--tcb-applied-color: rgb(26, 48, 55) !important;\"><span style=\"font-weight: 400;\"><span style=\"font-family: Poppins;\"><span data-contrast=\"auto\" lang=\"EN-US\">Quais s\u00e3o as responsabilidades legais do empregador, do trabalhador e de terceiros \u2014 incluindo em contextos de subcontrata\u00e7\u00e3o.<\/span><\/span><\/span><\/span><\/span><\/li>\n<li lang=\"ES-ES\"><span style=\"color: rgb(26, 48, 55) !important;\"><span style=\"--tcb-applied-color: rgb(26, 48, 55) !important;\"><span style=\"font-weight: 400;\"><span style=\"font-family: Poppins;\"><span data-contrast=\"auto\" lang=\"EN-US\">O que acontece ap\u00f3s um acidente: obriga\u00e7\u00f5es legais, comunica\u00e7\u00e3o \u00e0 ACT, registos e atua\u00e7\u00e3o.<\/span><\/span><\/span><\/span><\/span><\/li>\n<li lang=\"ES-ES\"><span style=\"color: rgb(26, 48, 55) !important;\"><span style=\"--tcb-applied-color: rgb(26, 48, 55) !important;\"><span style=\"font-weight: 400;\"><span style=\"font-family: Poppins;\"><span data-contrast=\"auto\" lang=\"EN-US\">As consequ\u00eancias reais para a empresa: coimas ACT, responsabilidade civil e impacto operacional.<\/span><\/span><\/span><\/span><\/span><\/li>\n<li lang=\"ES-ES\"><span style=\"color: rgb(26, 48, 55) !important;\"><span style=\"--tcb-applied-color: rgb(26, 48, 55) !important;\"><span style=\"font-weight: 400;\"><span style=\"font-family: Poppins;\"><span data-contrast=\"auto\" lang=\"EN-US\">Como investigar corretamente um acidente de trabalho e identificar causas raiz \u2014 evitando repetir erros.<\/span><\/span><\/span><\/span><\/span><\/li>\n<li lang=\"ES-ES\"><span style=\"color: rgb(26, 48, 55) !important;\"><span style=\"--tcb-applied-color: rgb(26, 48, 55) !important;\"><span style=\"font-weight: 400;\"><span style=\"font-family: Poppins;\"><span data-contrast=\"auto\" lang=\"EN-US\">Boas pr\u00e1ticas para reduzir riscos e garantir conformidade legal.<\/span><\/span><\/span><\/span><\/span><\/li>\n<\/ul>\n<p lang=\"ES-ES\"><span style=\"color: rgb(26, 48, 55) !important;\"><span style=\"--tcb-applied-color: rgb(26, 48, 55) !important;\"><span style=\"font-weight: 400;\"><span style=\"font-family: Poppins;\"><span data-contrast=\"auto\" lang=\"EN-US\">No final, <\/span><\/span><\/span><span><span style=\"font-family: Poppins;\"><span data-contrast=\"auto\" lang=\"EN-US\"><strong>ver\u00e1 tamb\u00e9m uma demonstra\u00e7\u00e3o ao vivo do Twind<\/strong><\/span><\/span><\/span><span style=\"font-weight: 400;\"><span style=\"font-family: Poppins;\"><span data-contrast=\"auto\" lang=\"EN-US\"> \u2014 como as empresas est\u00e3o a usar a plataforma para gerir a documenta\u00e7\u00e3o SST de subcontratados e estar preparadas antes de qualquer inspe\u00e7\u00e3o ou acidente.<\/span><\/span><\/span><\/span><\/span><\/p>\n<p style=\"\"><a href=\"#tve-jump-19c472e0423\" style=\"outline: none;\" spellcheck=\"false\" jump-animation=\"smooth\">Inscreva-se gratuitamente: participe em direto ou aceda \u00e0 grava\u00e7\u00e3o quando quiser.<\/a>&nbsp;<\/p>\n<p style=\"text-align: center;\"><span data-ccp-props=\"{&quot;201341983&quot;:0,&quot;335559739&quot;:160,&quot;335559740&quot;:259}\" style=\"\"><strong><strong>Oradores:<\/strong><\/strong><\/span><\/p>\n<p><span style=\"\"><img decoding=\"async\" alt=\"\" data-id=\"2821\" width=\"128\" data-init-width=\"310\" height=\"128\" data-init-height=\"310\" title=\"Sofia (1)\" src=\"https:\/\/twind.io\/pt\/wp-content\/uploads\/2026\/03\/Sofia-1.png\" data-width=\"128\" data-height=\"128\" style=\"aspect-ratio: auto 310 \/ 310;\" mt-d=\"0\" ml-d=\"0\" center-v-d=\"false\" mt-t=\"-7.391000000000005\" ml-t=\"0\" center-h-d=\"false\" mt-m=\"-1.1089999999999947\" ml-m=\"0\" loading=\"lazy\"><\/span><\/p>\n<p style=\"text-align: left;\"><span data-ccp-props=\"{&quot;201341983&quot;:0,&quot;335559739&quot;:160,&quot;335559740&quot;:259}\" style=\"\"><strong><span style=\"--tcb-applied-color: var$(--tcb-skin-color-0) !important; color: var(--tcb-skin-color-0) !important;\">Sofia Silva<\/span><\/strong><\/span><\/p>\n<p style=\"text-align: left;\"><span data-ccp-props=\"{&quot;201341983&quot;:0,&quot;335559739&quot;:160,&quot;335559740&quot;:259}\" style=\"\">Consultora EHS<\/span><\/p>\n<p style=\"text-align: left;\"><span data-ccp-props=\"{&quot;201341983&quot;:0,&quot;335559739&quot;:160,&quot;335559740&quot;:259}\" style=\"\"><strong><span style=\"\">CTAIMA&nbsp;<\/span><\/strong><br \/><\/span><\/p>\n<p><span style=\"\"><img decoding=\"async\" alt=\"\" data-id=\"2822\" width=\"128\" data-init-width=\"310\" height=\"128\" data-init-height=\"310\" title=\"Martin\" src=\"https:\/\/twind.io\/pt\/wp-content\/uploads\/2026\/03\/Martin.png\" data-width=\"128\" data-height=\"128\" style=\"aspect-ratio: auto 310 \/ 310;\" mt-d=\"0\" ml-d=\"0\" center-v-d=\"false\" mt-t=\"-7.391000000000005\" ml-t=\"0\" center-h-d=\"false\" mt-m=\"-1.1089999999999947\" ml-m=\"0\" loading=\"lazy\"><\/span><\/p>\n<p style=\"text-align: left;\"><span data-ccp-props=\"{&quot;201341983&quot;:0,&quot;335559739&quot;:160,&quot;335559740&quot;:259}\"><strong><span style=\"--tcb-applied-color: var$(--tcb-skin-color-0) !important; color: var(--tcb-skin-color-0) !important;\">Martin Guimaraes<\/span><\/strong><\/span><\/p>\n<p style=\"text-align: left;\"><span data-ccp-props=\"{&quot;201341983&quot;:0,&quot;335559739&quot;:160,&quot;335559740&quot;:259}\">Account Executive<\/span><\/p>\n<p style=\"text-align: left;\"><span data-ccp-props=\"{&quot;201341983&quot;:0,&quot;335559739&quot;:160,&quot;335559740&quot;:259}\"><strong><span>CTAIMA<\/span><\/strong><br \/><\/span><\/p>\n<p style=\"text-align: center;\"><span style=\"font-weight: normal;\"><span><span>Em direto ou grava\u00e7\u00e3o dispon\u00edvel depois.<\/span><\/span><\/span><\/p>\n\n\t\t\t\t\t\t<script>\n\t\t\t\t\t\t\twindow.hsFormsOnReady = window.hsFormsOnReady || [];\n\t\t\t\t\t\t\twindow.hsFormsOnReady.push(()=>{\n\t\t\t\t\t\t\t\thbspt.forms.create({\n\t\t\t\t\t\t\t\t\tportalId: 146424663,\n\t\t\t\t\t\t\t\t\tformId: \"52b9a812-0ba4-418b-906d-57f121cc3038\",\n\t\t\t\t\t\t\t\t\ttarget: \"#hbspt-form-1775936596000-7335129883\",\n\t\t\t\t\t\t\t\t\tregion: \"eu1\",\n\t\t\t\t\t\t\t\t\t\n\t\t\t\t\t\t\t})});\n\t\t\t\t\t\t<\/script>\n\t\t\t\t\t\t<div class=\"hbspt-form\" id=\"hbspt-form-1775936596000-7335129883\"><\/div>\n<h3 style=\"text-align: center;\"><\/h3>\n","protected":false},"excerpt":{"rendered":"<p>Webin\u00e1rio exclusivo Com demonstra\u00e7\u00e3o em directo Antes, durante e depois de um Acidente de Trabalho:&nbsp;Responsabilidades legais em cada fase 22 de abril 2026 15:00h PT Prepare-se para o que acontece antes, durante e depois de um acidente de trabalho. O impacto de um acidente de trabalho em Portugal vai muito al\u00e9m do momento em que [&hellip;]<\/p>\n","protected":false},"author":3,"featured_media":0,"parent":0,"menu_order":0,"comment_status":"closed","ping_status":"closed","template":"","meta":{"content-type":"","footnotes":""},"class_list":["post-2785","page","type-page","status-publish","hentry","post-wrapper","thrv_wrapper"],"yoast_head":"<!-- This site is optimized with the Yoast SEO plugin v27.2 - https:\/\/yoast.com\/product\/yoast-seo-wordpress\/ -->\n<title>Acidentes de Trabalho em Portugal: Responsabilidades legais em cada fase<\/title>\n<meta name=\"description\" content=\"Webinar pr\u00e1tico: obriga\u00e7\u00f5es legais, responsabilidade do empregador e investiga\u00e7\u00e3o de acidentes de trabalho em Portugal. Saiba o que fazer em cada fase. Inscreva-se.\" \/>\n<meta name=\"robots\" content=\"index, follow, max-snippet:-1, max-image-preview:large, max-video-preview:-1\" \/>\n<link rel=\"canonical\" href=\"https:\/\/twind.io\/pt\/webinar-acidentes-de-trabalho-portugal-responsabilidades\/\" \/>\n<meta property=\"og:locale\" content=\"pt_PT\" \/>\n<meta property=\"og:type\" content=\"article\" \/>\n<meta property=\"og:title\" content=\"Acidentes de Trabalho em Portugal: Responsabilidades legais em cada fase\" \/>\n<meta property=\"og:description\" content=\"Webinar pr\u00e1tico: obriga\u00e7\u00f5es legais, responsabilidade do empregador e investiga\u00e7\u00e3o de acidentes de trabalho em Portugal. Saiba o que fazer em cada fase. Inscreva-se.\" \/>\n<meta property=\"og:url\" content=\"https:\/\/twind.io\/pt\/webinar-acidentes-de-trabalho-portugal-responsabilidades\/\" \/>\n<meta property=\"og:site_name\" content=\"Software Gest\u00e3o Documental de Fornecedores\" \/>\n<meta property=\"article:modified_time\" content=\"2026-03-30T10:15:40+00:00\" \/>\n<meta property=\"og:image\" content=\"https:\/\/twind.io\/pt\/wp-content\/uploads\/2026\/03\/Logo-Twind.svg\" \/>\n<meta name=\"twitter:card\" content=\"summary_large_image\" \/>\n<meta name=\"twitter:label1\" content=\"Tempo estimado de leitura\" \/>\n\t<meta name=\"twitter:data1\" content=\"4 minutos\" \/>\n<script type=\"application\/ld+json\" class=\"yoast-schema-graph\">{\"@context\":\"https:\/\/schema.org\",\"@graph\":[{\"@type\":\"WebPage\",\"@id\":\"https:\/\/twind.io\/pt\/webinar-acidentes-de-trabalho-portugal-responsabilidades\/\",\"url\":\"https:\/\/twind.io\/pt\/webinar-acidentes-de-trabalho-portugal-responsabilidades\/\",\"name\":\"Acidentes de Trabalho em Portugal: Responsabilidades legais em cada fase\",\"isPartOf\":{\"@id\":\"https:\/\/twind.io\/pt\/#website\"},\"primaryImageOfPage\":{\"@id\":\"https:\/\/twind.io\/pt\/webinar-acidentes-de-trabalho-portugal-responsabilidades\/#primaryimage\"},\"image\":{\"@id\":\"https:\/\/twind.io\/pt\/webinar-acidentes-de-trabalho-portugal-responsabilidades\/#primaryimage\"},\"thumbnailUrl\":\"https:\/\/twind.io\/pt\/wp-content\/uploads\/2026\/03\/Logo-Twind.svg\",\"datePublished\":\"2026-03-26T14:24:06+00:00\",\"dateModified\":\"2026-03-30T10:15:40+00:00\",\"description\":\"Webinar pr\u00e1tico: obriga\u00e7\u00f5es legais, responsabilidade do empregador e investiga\u00e7\u00e3o de acidentes de trabalho em Portugal. Saiba o que fazer em cada fase. Inscreva-se.\",\"breadcrumb\":{\"@id\":\"https:\/\/twind.io\/pt\/webinar-acidentes-de-trabalho-portugal-responsabilidades\/#breadcrumb\"},\"inLanguage\":\"pt-PT\",\"potentialAction\":[{\"@type\":\"ReadAction\",\"target\":[\"https:\/\/twind.io\/pt\/webinar-acidentes-de-trabalho-portugal-responsabilidades\/\"]}]},{\"@type\":\"ImageObject\",\"inLanguage\":\"pt-PT\",\"@id\":\"https:\/\/twind.io\/pt\/webinar-acidentes-de-trabalho-portugal-responsabilidades\/#primaryimage\",\"url\":\"https:\/\/twind.io\/pt\/wp-content\/uploads\/2026\/03\/Logo-Twind.svg\",\"contentUrl\":\"https:\/\/twind.io\/pt\/wp-content\/uploads\/2026\/03\/Logo-Twind.svg\"},{\"@type\":\"BreadcrumbList\",\"@id\":\"https:\/\/twind.io\/pt\/webinar-acidentes-de-trabalho-portugal-responsabilidades\/#breadcrumb\",\"itemListElement\":[{\"@type\":\"ListItem\",\"position\":1,\"name\":\"Portada\",\"item\":\"https:\/\/twind.io\/pt\/\"},{\"@type\":\"ListItem\",\"position\":2,\"name\":\"Webinar Antes, durante e depois de um acidente de trabalho: responsabilidades legais em cada fase\"}]},{\"@type\":\"WebSite\",\"@id\":\"https:\/\/twind.io\/pt\/#website\",\"url\":\"https:\/\/twind.io\/pt\/\",\"name\":\"Software Gest\u00e3o Documental de Fornecedores\",\"description\":\"Software Gest\u00e3o Documental de Fornecedores e preven\u00e7\u00e3o da seguran\u00e7a e da sa\u00fade no trabalho\",\"potentialAction\":[{\"@type\":\"SearchAction\",\"target\":{\"@type\":\"EntryPoint\",\"urlTemplate\":\"https:\/\/twind.io\/pt\/?s={search_term_string}\"},\"query-input\":{\"@type\":\"PropertyValueSpecification\",\"valueRequired\":true,\"valueName\":\"search_term_string\"}}],\"inLanguage\":\"pt-PT\"}]}<\/script>\n<!-- \/ Yoast SEO plugin. -->","yoast_head_json":{"title":"Acidentes de Trabalho em Portugal: Responsabilidades legais em cada fase","description":"Webinar pr\u00e1tico: obriga\u00e7\u00f5es legais, responsabilidade do empregador e investiga\u00e7\u00e3o de acidentes de trabalho em Portugal. Saiba o que fazer em cada fase. Inscreva-se.","robots":{"index":"index","follow":"follow","max-snippet":"max-snippet:-1","max-image-preview":"max-image-preview:large","max-video-preview":"max-video-preview:-1"},"canonical":"https:\/\/twind.io\/pt\/webinar-acidentes-de-trabalho-portugal-responsabilidades\/","og_locale":"pt_PT","og_type":"article","og_title":"Acidentes de Trabalho em Portugal: Responsabilidades legais em cada fase","og_description":"Webinar pr\u00e1tico: obriga\u00e7\u00f5es legais, responsabilidade do empregador e investiga\u00e7\u00e3o de acidentes de trabalho em Portugal. Saiba o que fazer em cada fase. Inscreva-se.","og_url":"https:\/\/twind.io\/pt\/webinar-acidentes-de-trabalho-portugal-responsabilidades\/","og_site_name":"Software Gest\u00e3o Documental de Fornecedores","article_modified_time":"2026-03-30T10:15:40+00:00","og_image":[{"url":"https:\/\/twind.io\/pt\/wp-content\/uploads\/2026\/03\/Logo-Twind.svg","type":"","width":"","height":""}],"twitter_card":"summary_large_image","twitter_misc":{"Tempo estimado de leitura":"4 minutos"},"schema":{"@context":"https:\/\/schema.org","@graph":[{"@type":"WebPage","@id":"https:\/\/twind.io\/pt\/webinar-acidentes-de-trabalho-portugal-responsabilidades\/","url":"https:\/\/twind.io\/pt\/webinar-acidentes-de-trabalho-portugal-responsabilidades\/","name":"Acidentes de Trabalho em Portugal: Responsabilidades legais em cada fase","isPartOf":{"@id":"https:\/\/twind.io\/pt\/#website"},"primaryImageOfPage":{"@id":"https:\/\/twind.io\/pt\/webinar-acidentes-de-trabalho-portugal-responsabilidades\/#primaryimage"},"image":{"@id":"https:\/\/twind.io\/pt\/webinar-acidentes-de-trabalho-portugal-responsabilidades\/#primaryimage"},"thumbnailUrl":"https:\/\/twind.io\/pt\/wp-content\/uploads\/2026\/03\/Logo-Twind.svg","datePublished":"2026-03-26T14:24:06+00:00","dateModified":"2026-03-30T10:15:40+00:00","description":"Webinar pr\u00e1tico: obriga\u00e7\u00f5es legais, responsabilidade do empregador e investiga\u00e7\u00e3o de acidentes de trabalho em Portugal. Saiba o que fazer em cada fase. Inscreva-se.","breadcrumb":{"@id":"https:\/\/twind.io\/pt\/webinar-acidentes-de-trabalho-portugal-responsabilidades\/#breadcrumb"},"inLanguage":"pt-PT","potentialAction":[{"@type":"ReadAction","target":["https:\/\/twind.io\/pt\/webinar-acidentes-de-trabalho-portugal-responsabilidades\/"]}]},{"@type":"ImageObject","inLanguage":"pt-PT","@id":"https:\/\/twind.io\/pt\/webinar-acidentes-de-trabalho-portugal-responsabilidades\/#primaryimage","url":"https:\/\/twind.io\/pt\/wp-content\/uploads\/2026\/03\/Logo-Twind.svg","contentUrl":"https:\/\/twind.io\/pt\/wp-content\/uploads\/2026\/03\/Logo-Twind.svg"},{"@type":"BreadcrumbList","@id":"https:\/\/twind.io\/pt\/webinar-acidentes-de-trabalho-portugal-responsabilidades\/#breadcrumb","itemListElement":[{"@type":"ListItem","position":1,"name":"Portada","item":"https:\/\/twind.io\/pt\/"},{"@type":"ListItem","position":2,"name":"Webinar Antes, durante e depois de um acidente de trabalho: responsabilidades legais em cada fase"}]},{"@type":"WebSite","@id":"https:\/\/twind.io\/pt\/#website","url":"https:\/\/twind.io\/pt\/","name":"Software Gest\u00e3o Documental de Fornecedores","description":"Software Gest\u00e3o Documental de Fornecedores e preven\u00e7\u00e3o da seguran\u00e7a e da sa\u00fade no trabalho","potentialAction":[{"@type":"SearchAction","target":{"@type":"EntryPoint","urlTemplate":"https:\/\/twind.io\/pt\/?s={search_term_string}"},"query-input":{"@type":"PropertyValueSpecification","valueRequired":true,"valueName":"search_term_string"}}],"inLanguage":"pt-PT"}]}},"_links":{"self":[{"href":"https:\/\/twind.io\/pt\/wp-json\/wp\/v2\/pages\/2785","targetHints":{"allow":["GET"]}}],"collection":[{"href":"https:\/\/twind.io\/pt\/wp-json\/wp\/v2\/pages"}],"about":[{"href":"https:\/\/twind.io\/pt\/wp-json\/wp\/v2\/types\/page"}],"author":[{"embeddable":true,"href":"https:\/\/twind.io\/pt\/wp-json\/wp\/v2\/users\/3"}],"replies":[{"embeddable":true,"href":"https:\/\/twind.io\/pt\/wp-json\/wp\/v2\/comments?post=2785"}],"version-history":[{"count":10,"href":"https:\/\/twind.io\/pt\/wp-json\/wp\/v2\/pages\/2785\/revisions"}],"predecessor-version":[{"id":2862,"href":"https:\/\/twind.io\/pt\/wp-json\/wp\/v2\/pages\/2785\/revisions\/2862"}],"wp:attachment":[{"href":"https:\/\/twind.io\/pt\/wp-json\/wp\/v2\/media?parent=2785"}],"curies":[{"name":"wp","href":"https:\/\/api.w.org\/{rel}","templated":true}]}}