{"id":365,"date":"2023-04-12T14:13:02","date_gmt":"2023-04-12T14:13:02","guid":{"rendered":"https:\/\/twind.io\/?page_id=365"},"modified":"2025-12-01T12:48:48","modified_gmt":"2025-12-01T12:48:48","slug":"contato","status":"publish","type":"page","link":"https:\/\/twind.io\/pt\/contato\/","title":{"rendered":"Contato"},"content":{"rendered":"<h1 style=\"text-align: center;\">Descobre <span style=\"--tcb-applied-color: var$(--tcb-skin-color-0)  !important; color: var(--tcb-skin-color-0);\">Twind<\/span><\/h1>\n<h2 style=\"text-align: center;\">Agenda uma demonstra\u00e7\u00e3o 1:1 com algu\u00e9m da nossa equipe de vendas e compreende como o Twind pode ajudar a expandir o teu neg\u00f3cio.<\/h2>\n\n\t\t\t\t\t\t<script>\n\t\t\t\t\t\t\twindow.hsFormsOnReady = window.hsFormsOnReady || [];\n\t\t\t\t\t\t\twindow.hsFormsOnReady.push(()=>{\n\t\t\t\t\t\t\t\thbspt.forms.create({\n\t\t\t\t\t\t\t\t\tportalId: 146424663,\n\t\t\t\t\t\t\t\t\tformId: \"995a1c52-18eb-42ee-a59a-01cd43b59917\",\n\t\t\t\t\t\t\t\t\ttarget: \"#hbspt-form-1776762384000-3775679397\",\n\t\t\t\t\t\t\t\t\tregion: \"eu1\",\n\t\t\t\t\t\t\t\t\t\n\t\t\t\t\t\t\t})});\n\t\t\t\t\t\t<\/script>\n\t\t\t\t\t\t<div class=\"hbspt-form\" id=\"hbspt-form-1776762384000-3775679397\"><\/div>\n","protected":false},"excerpt":{"rendered":"<p>Descobre Twind Agenda uma demonstra\u00e7\u00e3o 1:1 com algu\u00e9m da nossa equipe de vendas e compreende como o Twind pode ajudar a expandir o teu neg\u00f3cio.<\/p>\n","protected":false},"author":1,"featured_media":284,"parent":0,"menu_order":0,"comment_status":"closed","ping_status":"closed","template":"","meta":{"content-type":"","footnotes":""},"class_list":["post-365","page","type-page","status-publish","has-post-thumbnail","hentry","post-wrapper","thrv_wrapper"],"yoast_head":"<!-- This site is optimized with the Yoast SEO plugin v27.2 - https:\/\/yoast.com\/product\/yoast-seo-wordpress\/ -->\n<title>Contato - Twind - Software Gest\u00e3o Documental de Fornecedores<\/title>\n<meta name=\"description\" content=\"Entre em contato conosco para obter mais informa\u00e7\u00f5es sobre o Twind, o Software de Gest\u00e3o Documental de Fornecedores\" \/>\n<meta name=\"robots\" content=\"index, follow, max-snippet:-1, max-image-preview:large, max-video-preview:-1\" \/>\n<link rel=\"canonical\" href=\"https:\/\/twind.io\/pt\/contato\/\" \/>\n<meta property=\"og:locale\" content=\"pt_PT\" \/>\n<meta property=\"og:type\" content=\"article\" \/>\n<meta property=\"og:title\" content=\"Contato - Twind - Software Gest\u00e3o Documental de Fornecedores\" \/>\n<meta property=\"og:description\" content=\"Entre em contato conosco para obter mais informa\u00e7\u00f5es sobre o Twind, o Software de Gest\u00e3o Documental de Fornecedores\" \/>\n<meta property=\"og:url\" content=\"https:\/\/twind.io\/pt\/contato\/\" \/>\n<meta property=\"og:site_name\" content=\"Software Gest\u00e3o Documental de Fornecedores\" \/>\n<meta property=\"article:modified_time\" content=\"2025-12-01T12:48:48+00:00\" \/>\n<meta name=\"twitter:card\" content=\"summary_large_image\" \/>\n<meta name=\"twitter:label1\" content=\"Tempo estimado de leitura\" \/>\n\t<meta name=\"twitter:data1\" content=\"1 minuto\" \/>\n<script type=\"application\/ld+json\" class=\"yoast-schema-graph\">{\"@context\":\"https:\/\/schema.org\",\"@graph\":[{\"@type\":\"WebPage\",\"@id\":\"https:\/\/twind.io\/pt\/contato\/\",\"url\":\"https:\/\/twind.io\/pt\/contato\/\",\"name\":\"Contato - Twind - Software Gest\u00e3o Documental de Fornecedores\",\"isPartOf\":{\"@id\":\"https:\/\/twind.io\/pt\/#website\"},\"primaryImageOfPage\":{\"@id\":\"https:\/\/twind.io\/pt\/contato\/#primaryimage\"},\"image\":{\"@id\":\"https:\/\/twind.io\/pt\/contato\/#primaryimage\"},\"thumbnailUrl\":\"https:\/\/twind.io\/pt\/wp-content\/uploads\/2023\/04\/6-global.svg\",\"datePublished\":\"2023-04-12T14:13:02+00:00\",\"dateModified\":\"2025-12-01T12:48:48+00:00\",\"description\":\"Entre em contato conosco para obter mais informa\u00e7\u00f5es sobre o Twind, o Software de Gest\u00e3o Documental de Fornecedores\",\"breadcrumb\":{\"@id\":\"https:\/\/twind.io\/pt\/contato\/#breadcrumb\"},\"inLanguage\":\"pt-PT\",\"potentialAction\":[{\"@type\":\"ReadAction\",\"target\":[\"https:\/\/twind.io\/pt\/contato\/\"]}]},{\"@type\":\"ImageObject\",\"inLanguage\":\"pt-PT\",\"@id\":\"https:\/\/twind.io\/pt\/contato\/#primaryimage\",\"url\":\"https:\/\/twind.io\/pt\/wp-content\/uploads\/2023\/04\/6-global.svg\",\"contentUrl\":\"https:\/\/twind.io\/pt\/wp-content\/uploads\/2023\/04\/6-global.svg\",\"caption\":\"Contacto\"},{\"@type\":\"BreadcrumbList\",\"@id\":\"https:\/\/twind.io\/pt\/contato\/#breadcrumb\",\"itemListElement\":[{\"@type\":\"ListItem\",\"position\":1,\"name\":\"Portada\",\"item\":\"https:\/\/twind.io\/pt\/\"},{\"@type\":\"ListItem\",\"position\":2,\"name\":\"Contato\"}]},{\"@type\":\"WebSite\",\"@id\":\"https:\/\/twind.io\/pt\/#website\",\"url\":\"https:\/\/twind.io\/pt\/\",\"name\":\"Software Gest\u00e3o Documental de Fornecedores\",\"description\":\"Software Gest\u00e3o Documental de Fornecedores e preven\u00e7\u00e3o da seguran\u00e7a e da sa\u00fade no trabalho\",\"potentialAction\":[{\"@type\":\"SearchAction\",\"target\":{\"@type\":\"EntryPoint\",\"urlTemplate\":\"https:\/\/twind.io\/pt\/?s={search_term_string}\"},\"query-input\":{\"@type\":\"PropertyValueSpecification\",\"valueRequired\":true,\"valueName\":\"search_term_string\"}}],\"inLanguage\":\"pt-PT\"}]}<\/script>\n<!-- \/ Yoast SEO plugin. -->","yoast_head_json":{"title":"Contato - Twind - Software Gest\u00e3o Documental de Fornecedores","description":"Entre em contato conosco para obter mais informa\u00e7\u00f5es sobre o Twind, o Software de Gest\u00e3o Documental de Fornecedores","robots":{"index":"index","follow":"follow","max-snippet":"max-snippet:-1","max-image-preview":"max-image-preview:large","max-video-preview":"max-video-preview:-1"},"canonical":"https:\/\/twind.io\/pt\/contato\/","og_locale":"pt_PT","og_type":"article","og_title":"Contato - Twind - Software Gest\u00e3o Documental de Fornecedores","og_description":"Entre em contato conosco para obter mais informa\u00e7\u00f5es sobre o Twind, o Software de Gest\u00e3o Documental de Fornecedores","og_url":"https:\/\/twind.io\/pt\/contato\/","og_site_name":"Software Gest\u00e3o Documental de Fornecedores","article_modified_time":"2025-12-01T12:48:48+00:00","twitter_card":"summary_large_image","twitter_misc":{"Tempo estimado de leitura":"1 minuto"},"schema":{"@context":"https:\/\/schema.org","@graph":[{"@type":"WebPage","@id":"https:\/\/twind.io\/pt\/contato\/","url":"https:\/\/twind.io\/pt\/contato\/","name":"Contato - Twind - Software Gest\u00e3o Documental de Fornecedores","isPartOf":{"@id":"https:\/\/twind.io\/pt\/#website"},"primaryImageOfPage":{"@id":"https:\/\/twind.io\/pt\/contato\/#primaryimage"},"image":{"@id":"https:\/\/twind.io\/pt\/contato\/#primaryimage"},"thumbnailUrl":"https:\/\/twind.io\/pt\/wp-content\/uploads\/2023\/04\/6-global.svg","datePublished":"2023-04-12T14:13:02+00:00","dateModified":"2025-12-01T12:48:48+00:00","description":"Entre em contato conosco para obter mais informa\u00e7\u00f5es sobre o Twind, o Software de Gest\u00e3o Documental de Fornecedores","breadcrumb":{"@id":"https:\/\/twind.io\/pt\/contato\/#breadcrumb"},"inLanguage":"pt-PT","potentialAction":[{"@type":"ReadAction","target":["https:\/\/twind.io\/pt\/contato\/"]}]},{"@type":"ImageObject","inLanguage":"pt-PT","@id":"https:\/\/twind.io\/pt\/contato\/#primaryimage","url":"https:\/\/twind.io\/pt\/wp-content\/uploads\/2023\/04\/6-global.svg","contentUrl":"https:\/\/twind.io\/pt\/wp-content\/uploads\/2023\/04\/6-global.svg","caption":"Contacto"},{"@type":"BreadcrumbList","@id":"https:\/\/twind.io\/pt\/contato\/#breadcrumb","itemListElement":[{"@type":"ListItem","position":1,"name":"Portada","item":"https:\/\/twind.io\/pt\/"},{"@type":"ListItem","position":2,"name":"Contato"}]},{"@type":"WebSite","@id":"https:\/\/twind.io\/pt\/#website","url":"https:\/\/twind.io\/pt\/","name":"Software Gest\u00e3o Documental de Fornecedores","description":"Software Gest\u00e3o Documental de Fornecedores e preven\u00e7\u00e3o da seguran\u00e7a e da sa\u00fade no trabalho","potentialAction":[{"@type":"SearchAction","target":{"@type":"EntryPoint","urlTemplate":"https:\/\/twind.io\/pt\/?s={search_term_string}"},"query-input":{"@type":"PropertyValueSpecification","valueRequired":true,"valueName":"search_term_string"}}],"inLanguage":"pt-PT"}]}},"_links":{"self":[{"href":"https:\/\/twind.io\/pt\/wp-json\/wp\/v2\/pages\/365","targetHints":{"allow":["GET"]}}],"collection":[{"href":"https:\/\/twind.io\/pt\/wp-json\/wp\/v2\/pages"}],"about":[{"href":"https:\/\/twind.io\/pt\/wp-json\/wp\/v2\/types\/page"}],"author":[{"embeddable":true,"href":"https:\/\/twind.io\/pt\/wp-json\/wp\/v2\/users\/1"}],"replies":[{"embeddable":true,"href":"https:\/\/twind.io\/pt\/wp-json\/wp\/v2\/comments?post=365"}],"version-history":[{"count":96,"href":"https:\/\/twind.io\/pt\/wp-json\/wp\/v2\/pages\/365\/revisions"}],"predecessor-version":[{"id":2619,"href":"https:\/\/twind.io\/pt\/wp-json\/wp\/v2\/pages\/365\/revisions\/2619"}],"wp:featuredmedia":[{"embeddable":true,"href":"https:\/\/twind.io\/pt\/wp-json\/wp\/v2\/media\/284"}],"wp:attachment":[{"href":"https:\/\/twind.io\/pt\/wp-json\/wp\/v2\/media?parent=365"}],"curies":[{"name":"wp","href":"https:\/\/api.w.org\/{rel}","templated":true}]}}